{"id":373,"date":"2021-08-17T13:43:28","date_gmt":"2021-08-17T13:43:28","guid":{"rendered":"https:\/\/patrimoineduquebec.com\/vent\/?page_id=373"},"modified":"2021-08-17T16:41:18","modified_gmt":"2021-08-17T16:41:18","slug":"moulin-poulin-ile-dorleans","status":"publish","type":"page","link":"https:\/\/patrimoineduquebec.com\/vent\/moulin-poulin-ile-dorleans\/","title":{"rendered":"Moulin Poulin (\u00cele d&rsquo;Orl\u00e9ans)"},"content":{"rendered":"\n<figure class=\"wp-block-image size-large\"><img loading=\"lazy\" decoding=\"async\" width=\"1024\" height=\"768\" src=\"https:\/\/patrimoineduquebec.com\/vent\/wp-content\/uploads\/2021\/08\/mm-261-1024x768.jpeg\" alt=\"\" class=\"wp-image-377\" srcset=\"https:\/\/patrimoineduquebec.com\/vent\/wp-content\/uploads\/2021\/08\/mm-261-1024x768.jpeg 1024w, https:\/\/patrimoineduquebec.com\/vent\/wp-content\/uploads\/2021\/08\/mm-261-300x225.jpeg 300w, https:\/\/patrimoineduquebec.com\/vent\/wp-content\/uploads\/2021\/08\/mm-261-768x576.jpeg 768w, https:\/\/patrimoineduquebec.com\/vent\/wp-content\/uploads\/2021\/08\/mm-261-1536x1152.jpeg 1536w, https:\/\/patrimoineduquebec.com\/vent\/wp-content\/uploads\/2021\/08\/mm-261-2048x1536.jpeg 2048w, https:\/\/patrimoineduquebec.com\/vent\/wp-content\/uploads\/2021\/08\/mm-261-624x468.jpeg 624w\" sizes=\"auto, (max-width: 1024px) 100vw, 1024px\" \/><figcaption><strong>Monique Bellemare (2009)<\/strong><\/figcaption><\/figure>\n\n\n\n<p class=\"has-medium-font-size\"><strong>Municipalit\u00e9 :<\/strong>&nbsp;Sainte-Famille de l\u2019\u00cele d\u2019Orl\u00e9ans<\/p>\n\n\n\n<p class=\"has-medium-font-size\"><strong>Localisation :<\/strong>&nbsp;3717 chemin Royal<\/p>\n\n\n\n<p class=\"has-medium-font-size\"><strong>Date de construction :<\/strong>&nbsp;Entre 1841 et 1847<\/p>\n\n\n\n<p class=\"has-medium-font-size\"><strong>Classement comme bien culturel :<\/strong>&nbsp;Non<\/p>\n\n\n\n<p class=\"has-medium-font-size\"><strong>Ailes en place :<\/strong>&nbsp;Non<\/p>\n\n\n\n<p class=\"has-medium-font-size\"><strong>M\u00e9canismes en place :<\/strong>&nbsp;Non<\/p>\n\n\n\n<p class=\"has-medium-font-size\"><strong>Ouvert au public&nbsp;:<\/strong>&nbsp;Non<\/p>\n\n\n\n<p class=\"has-medium-font-size\"><strong>Notes :&nbsp;<\/strong><\/p>\n\n\n\n<p class=\"has-medium-font-size\">Propri\u00e9t\u00e9 priv\u00e9e. Demander l\u2019autorisation pour la visite.<\/p>\n\n\n\n<p class=\"has-medium-font-size\">Tr\u00e8s difficile d\u2019acc\u00e8s sur un chemin montagneux presque disparu.&nbsp;<\/p>\n\n\n\n<p class=\"has-medium-font-size\">Calculer 20 minutes de marche aller seulement et 30 minutes pour le retour.<\/p>\n\n\n\n<p class=\"has-medium-font-size\">N\u00e9cessite une intervention urgente.<\/p>\n\n\n\n<p class=\"has-medium-font-size\">Le meunier Alfred Poulin fut broy\u00e9 \u00e0 mort dans son moulin le 28 septembre 1934.<\/p>\n\n\n\n<p class=\"has-medium-font-size\">En 1972, des d\u00e9marches de classement furent entreprises sans succ\u00e8s.<\/p>\n\n\n\n<p class=\"has-medium-font-size\"><strong>Occupants ou propri\u00e9taires marquants :<\/strong><\/p>\n\n\n\n<p class=\"has-medium-font-size\">1835 : Louis Poulin<\/p>\n\n\n\n<p class=\"has-medium-font-size\">1841 : Alexandre Poulin<\/p>\n\n\n\n<p class=\"has-medium-font-size\">1889 : Alfred Poulin<\/p>\n\n\n\n<p class=\"has-medium-font-size\">De nos jours : possiblement Pascal Poulin<\/p>\n\n\n\n<figure class=\"wp-block-gallery columns-3 is-cropped wp-block-gallery-1 is-layout-flex wp-block-gallery-is-layout-flex\"><ul class=\"blocks-gallery-grid\"><li class=\"blocks-gallery-item\"><figure><a href=\"https:\/\/patrimoineduquebec.com\/vent\/wp-content\/uploads\/2021\/08\/mm-264-1024x768.jpeg\"><img loading=\"lazy\" decoding=\"async\" width=\"1024\" height=\"768\" src=\"https:\/\/patrimoineduquebec.com\/vent\/wp-content\/uploads\/2021\/08\/mm-264-1024x768.jpeg\" alt=\"\" data-id=\"379\" data-link=\"https:\/\/patrimoineduquebec.com\/vent\/moulin-poulin-ile-dorleans\/mm-264\/\" class=\"wp-image-379\" srcset=\"https:\/\/patrimoineduquebec.com\/vent\/wp-content\/uploads\/2021\/08\/mm-264-1024x768.jpeg 1024w, https:\/\/patrimoineduquebec.com\/vent\/wp-content\/uploads\/2021\/08\/mm-264-300x225.jpeg 300w, https:\/\/patrimoineduquebec.com\/vent\/wp-content\/uploads\/2021\/08\/mm-264-768x576.jpeg 768w, https:\/\/patrimoineduquebec.com\/vent\/wp-content\/uploads\/2021\/08\/mm-264-1536x1152.jpeg 1536w, https:\/\/patrimoineduquebec.com\/vent\/wp-content\/uploads\/2021\/08\/mm-264-2048x1536.jpeg 2048w, https:\/\/patrimoineduquebec.com\/vent\/wp-content\/uploads\/2021\/08\/mm-264-624x468.jpeg 624w\" sizes=\"auto, (max-width: 1024px) 100vw, 1024px\" \/><\/a><figcaption class=\"blocks-gallery-item__caption\">M. Bellemare (2009)<\/figcaption><\/figure><\/li><li class=\"blocks-gallery-item\"><figure><a href=\"https:\/\/patrimoineduquebec.com\/vent\/wp-content\/uploads\/2021\/08\/mm-269-1024x768.jpeg\"><img loading=\"lazy\" decoding=\"async\" width=\"1024\" height=\"768\" src=\"https:\/\/patrimoineduquebec.com\/vent\/wp-content\/uploads\/2021\/08\/mm-269-1024x768.jpeg\" alt=\"\" data-id=\"380\" data-link=\"https:\/\/patrimoineduquebec.com\/vent\/moulin-poulin-ile-dorleans\/mm-269\/\" class=\"wp-image-380\" srcset=\"https:\/\/patrimoineduquebec.com\/vent\/wp-content\/uploads\/2021\/08\/mm-269-1024x768.jpeg 1024w, https:\/\/patrimoineduquebec.com\/vent\/wp-content\/uploads\/2021\/08\/mm-269-300x225.jpeg 300w, https:\/\/patrimoineduquebec.com\/vent\/wp-content\/uploads\/2021\/08\/mm-269-768x576.jpeg 768w, https:\/\/patrimoineduquebec.com\/vent\/wp-content\/uploads\/2021\/08\/mm-269-1536x1152.jpeg 1536w, https:\/\/patrimoineduquebec.com\/vent\/wp-content\/uploads\/2021\/08\/mm-269-2048x1536.jpeg 2048w, https:\/\/patrimoineduquebec.com\/vent\/wp-content\/uploads\/2021\/08\/mm-269-624x468.jpeg 624w\" sizes=\"auto, (max-width: 1024px) 100vw, 1024px\" \/><\/a><figcaption class=\"blocks-gallery-item__caption\">M. Bellemare (2009)<\/figcaption><\/figure><\/li><li class=\"blocks-gallery-item\"><figure><a href=\"https:\/\/patrimoineduquebec.com\/vent\/wp-content\/uploads\/2021\/08\/mm-266-1024x768.jpeg\"><img loading=\"lazy\" decoding=\"async\" width=\"1024\" height=\"768\" src=\"https:\/\/patrimoineduquebec.com\/vent\/wp-content\/uploads\/2021\/08\/mm-266-1024x768.jpeg\" alt=\"\" data-id=\"382\" data-link=\"https:\/\/patrimoineduquebec.com\/vent\/moulin-poulin-ile-dorleans\/mm-266\/\" class=\"wp-image-382\" srcset=\"https:\/\/patrimoineduquebec.com\/vent\/wp-content\/uploads\/2021\/08\/mm-266-1024x768.jpeg 1024w, https:\/\/patrimoineduquebec.com\/vent\/wp-content\/uploads\/2021\/08\/mm-266-300x225.jpeg 300w, https:\/\/patrimoineduquebec.com\/vent\/wp-content\/uploads\/2021\/08\/mm-266-768x576.jpeg 768w, https:\/\/patrimoineduquebec.com\/vent\/wp-content\/uploads\/2021\/08\/mm-266-1536x1152.jpeg 1536w, https:\/\/patrimoineduquebec.com\/vent\/wp-content\/uploads\/2021\/08\/mm-266-2048x1536.jpeg 2048w, https:\/\/patrimoineduquebec.com\/vent\/wp-content\/uploads\/2021\/08\/mm-266-624x468.jpeg 624w\" sizes=\"auto, (max-width: 1024px) 100vw, 1024px\" \/><\/a><figcaption class=\"blocks-gallery-item__caption\">M. Bellemare (2009)<\/figcaption><\/figure><\/li><li class=\"blocks-gallery-item\"><figure><a href=\"https:\/\/patrimoineduquebec.com\/vent\/wp-content\/uploads\/2021\/08\/mm-271-1024x768.jpeg\"><img loading=\"lazy\" decoding=\"async\" width=\"1024\" height=\"768\" src=\"https:\/\/patrimoineduquebec.com\/vent\/wp-content\/uploads\/2021\/08\/mm-271-1024x768.jpeg\" alt=\"\" data-id=\"383\" data-link=\"https:\/\/patrimoineduquebec.com\/vent\/moulin-poulin-ile-dorleans\/mm-271\/\" class=\"wp-image-383\" srcset=\"https:\/\/patrimoineduquebec.com\/vent\/wp-content\/uploads\/2021\/08\/mm-271-1024x768.jpeg 1024w, https:\/\/patrimoineduquebec.com\/vent\/wp-content\/uploads\/2021\/08\/mm-271-300x225.jpeg 300w, https:\/\/patrimoineduquebec.com\/vent\/wp-content\/uploads\/2021\/08\/mm-271-768x576.jpeg 768w, https:\/\/patrimoineduquebec.com\/vent\/wp-content\/uploads\/2021\/08\/mm-271-1536x1152.jpeg 1536w, https:\/\/patrimoineduquebec.com\/vent\/wp-content\/uploads\/2021\/08\/mm-271-2048x1536.jpeg 2048w, https:\/\/patrimoineduquebec.com\/vent\/wp-content\/uploads\/2021\/08\/mm-271-624x468.jpeg 624w\" sizes=\"auto, (max-width: 1024px) 100vw, 1024px\" \/><\/a><figcaption class=\"blocks-gallery-item__caption\">M. Bellemare (2009)<\/figcaption><\/figure><\/li><li class=\"blocks-gallery-item\"><figure><a href=\"https:\/\/patrimoineduquebec.com\/vent\/wp-content\/uploads\/2021\/08\/mm-272-1024x768.jpeg\"><img loading=\"lazy\" decoding=\"async\" width=\"1024\" height=\"768\" src=\"https:\/\/patrimoineduquebec.com\/vent\/wp-content\/uploads\/2021\/08\/mm-272-1024x768.jpeg\" alt=\"\" data-id=\"384\" data-link=\"https:\/\/patrimoineduquebec.com\/vent\/moulin-poulin-ile-dorleans\/mm-272\/\" class=\"wp-image-384\" srcset=\"https:\/\/patrimoineduquebec.com\/vent\/wp-content\/uploads\/2021\/08\/mm-272-1024x768.jpeg 1024w, https:\/\/patrimoineduquebec.com\/vent\/wp-content\/uploads\/2021\/08\/mm-272-300x225.jpeg 300w, https:\/\/patrimoineduquebec.com\/vent\/wp-content\/uploads\/2021\/08\/mm-272-768x576.jpeg 768w, https:\/\/patrimoineduquebec.com\/vent\/wp-content\/uploads\/2021\/08\/mm-272-1536x1152.jpeg 1536w, https:\/\/patrimoineduquebec.com\/vent\/wp-content\/uploads\/2021\/08\/mm-272-2048x1536.jpeg 2048w, https:\/\/patrimoineduquebec.com\/vent\/wp-content\/uploads\/2021\/08\/mm-272-624x468.jpeg 624w\" sizes=\"auto, (max-width: 1024px) 100vw, 1024px\" \/><\/a><figcaption class=\"blocks-gallery-item__caption\">M. Bellemare (2009)<\/figcaption><\/figure><\/li><li class=\"blocks-gallery-item\"><figure><a href=\"https:\/\/patrimoineduquebec.com\/vent\/wp-content\/uploads\/2021\/08\/03Q_P600S6D5P0673-737x1024.jpeg\"><img loading=\"lazy\" decoding=\"async\" width=\"737\" height=\"1024\" src=\"https:\/\/patrimoineduquebec.com\/vent\/wp-content\/uploads\/2021\/08\/03Q_P600S6D5P0673-737x1024.jpeg\" alt=\"\" data-id=\"385\" data-link=\"https:\/\/patrimoineduquebec.com\/vent\/moulin-poulin-ile-dorleans\/03q_p600s6d5p0673\/\" class=\"wp-image-385\" srcset=\"https:\/\/patrimoineduquebec.com\/vent\/wp-content\/uploads\/2021\/08\/03Q_P600S6D5P0673-737x1024.jpeg 737w, https:\/\/patrimoineduquebec.com\/vent\/wp-content\/uploads\/2021\/08\/03Q_P600S6D5P0673-216x300.jpeg 216w, https:\/\/patrimoineduquebec.com\/vent\/wp-content\/uploads\/2021\/08\/03Q_P600S6D5P0673-768x1067.jpeg 768w, https:\/\/patrimoineduquebec.com\/vent\/wp-content\/uploads\/2021\/08\/03Q_P600S6D5P0673-624x867.jpeg 624w, https:\/\/patrimoineduquebec.com\/vent\/wp-content\/uploads\/2021\/08\/03Q_P600S6D5P0673.jpeg 1080w\" sizes=\"auto, (max-width: 737px) 100vw, 737px\" \/><\/a><figcaption class=\"blocks-gallery-item__caption\">BAnQ (1925)<br>P600,S6,D5,P673<\/figcaption><\/figure><\/li><li class=\"blocks-gallery-item\"><figure><a href=\"https:\/\/patrimoineduquebec.com\/vent\/wp-content\/uploads\/2021\/08\/mm-273-scaled.jpeg\"><img loading=\"lazy\" decoding=\"async\" width=\"1024\" height=\"768\" src=\"https:\/\/patrimoineduquebec.com\/vent\/wp-content\/uploads\/2021\/08\/mm-273-1024x768.jpeg\" alt=\"\" data-id=\"386\" data-full-url=\"https:\/\/patrimoineduquebec.com\/vent\/wp-content\/uploads\/2021\/08\/mm-273-scaled.jpeg\" data-link=\"https:\/\/patrimoineduquebec.com\/vent\/moulin-poulin-ile-dorleans\/mm-273\/\" class=\"wp-image-386\" srcset=\"https:\/\/patrimoineduquebec.com\/vent\/wp-content\/uploads\/2021\/08\/mm-273-1024x768.jpeg 1024w, https:\/\/patrimoineduquebec.com\/vent\/wp-content\/uploads\/2021\/08\/mm-273-300x225.jpeg 300w, https:\/\/patrimoineduquebec.com\/vent\/wp-content\/uploads\/2021\/08\/mm-273-768x576.jpeg 768w, https:\/\/patrimoineduquebec.com\/vent\/wp-content\/uploads\/2021\/08\/mm-273-1536x1152.jpeg 1536w, https:\/\/patrimoineduquebec.com\/vent\/wp-content\/uploads\/2021\/08\/mm-273-2048x1536.jpeg 2048w, https:\/\/patrimoineduquebec.com\/vent\/wp-content\/uploads\/2021\/08\/mm-273-624x468.jpeg 624w\" sizes=\"auto, (max-width: 1024px) 100vw, 1024px\" \/><\/a><figcaption class=\"blocks-gallery-item__caption\">M. Bellemare (2009)<\/figcaption><\/figure><\/li><\/ul><\/figure>\n","protected":false},"excerpt":{"rendered":"<p>Municipalit\u00e9 :&nbsp;Sainte-Famille de l\u2019\u00cele d\u2019Orl\u00e9ans Localisation :&nbsp;3717 chemin Royal Date de construction :&nbsp;Entre 1841 et 1847 Classement comme bien culturel :&nbsp;Non Ailes en place :&nbsp;Non M\u00e9canismes en place :&nbsp;Non Ouvert au public&nbsp;:&nbsp;Non Notes :&nbsp; Propri\u00e9t\u00e9 priv\u00e9e. Demander l\u2019autorisation pour la visite. Tr\u00e8s difficile d\u2019acc\u00e8s sur un chemin montagneux presque disparu.&nbsp; Calculer 20 minutes de marche [&hellip;]<\/p>\n","protected":false},"author":1,"featured_media":0,"parent":0,"menu_order":0,"comment_status":"closed","ping_status":"closed","template":"","meta":{"footnotes":""},"class_list":["post-373","page","type-page","status-publish","hentry"],"_links":{"self":[{"href":"https:\/\/patrimoineduquebec.com\/vent\/wp-json\/wp\/v2\/pages\/373","targetHints":{"allow":["GET"]}}],"collection":[{"href":"https:\/\/patrimoineduquebec.com\/vent\/wp-json\/wp\/v2\/pages"}],"about":[{"href":"https:\/\/patrimoineduquebec.com\/vent\/wp-json\/wp\/v2\/types\/page"}],"author":[{"embeddable":true,"href":"https:\/\/patrimoineduquebec.com\/vent\/wp-json\/wp\/v2\/users\/1"}],"replies":[{"embeddable":true,"href":"https:\/\/patrimoineduquebec.com\/vent\/wp-json\/wp\/v2\/comments?post=373"}],"version-history":[{"count":3,"href":"https:\/\/patrimoineduquebec.com\/vent\/wp-json\/wp\/v2\/pages\/373\/revisions"}],"predecessor-version":[{"id":387,"href":"https:\/\/patrimoineduquebec.com\/vent\/wp-json\/wp\/v2\/pages\/373\/revisions\/387"}],"wp:attachment":[{"href":"https:\/\/patrimoineduquebec.com\/vent\/wp-json\/wp\/v2\/media?parent=373"}],"curies":[{"name":"wp","href":"https:\/\/api.w.org\/{rel}","templated":true}]}}