{"id":256,"date":"2021-08-14T18:38:13","date_gmt":"2021-08-14T18:38:13","guid":{"rendered":"https:\/\/patrimoineduquebec.com\/vent\/?page_id=256"},"modified":"2021-09-13T15:43:53","modified_gmt":"2021-09-13T15:43:53","slug":"moulin-dansereau-vercheres","status":"publish","type":"page","link":"https:\/\/patrimoineduquebec.com\/vent\/moulin-dansereau-vercheres\/","title":{"rendered":"Moulin Dansereau (Verch\u00e8res)"},"content":{"rendered":"\n<figure class=\"wp-block-image size-large\"><img loading=\"lazy\" decoding=\"async\" width=\"1024\" height=\"768\" src=\"https:\/\/patrimoineduquebec.com\/vent\/wp-content\/uploads\/2021\/08\/IMG_2246-1024x768.jpeg\" alt=\"\" class=\"wp-image-257\" srcset=\"https:\/\/patrimoineduquebec.com\/vent\/wp-content\/uploads\/2021\/08\/IMG_2246-1024x768.jpeg 1024w, https:\/\/patrimoineduquebec.com\/vent\/wp-content\/uploads\/2021\/08\/IMG_2246-300x225.jpeg 300w, https:\/\/patrimoineduquebec.com\/vent\/wp-content\/uploads\/2021\/08\/IMG_2246-768x576.jpeg 768w, https:\/\/patrimoineduquebec.com\/vent\/wp-content\/uploads\/2021\/08\/IMG_2246-1536x1152.jpeg 1536w, https:\/\/patrimoineduquebec.com\/vent\/wp-content\/uploads\/2021\/08\/IMG_2246-2048x1536.jpeg 2048w, https:\/\/patrimoineduquebec.com\/vent\/wp-content\/uploads\/2021\/08\/IMG_2246-624x468.jpeg 624w\" sizes=\"auto, (max-width: 1024px) 100vw, 1024px\" \/><figcaption><strong>Monique Bellemare (2021)<\/strong><\/figcaption><\/figure>\n\n\n\n<p class=\"has-medium-font-size\"><strong>Municipalit\u00e9 :<\/strong>&nbsp;Verch\u00e8res<\/p>\n\n\n\n<p class=\"has-medium-font-size\"><strong>Localisation :<\/strong>&nbsp;Situ\u00e9 sur un terrain priv\u00e9, au 1025 boulevard Marie-Victorin&nbsp;<\/p>\n\n\n\n<p class=\"has-medium-font-size\"><strong>Date de construction :<\/strong>&nbsp;Vers 1822<\/p>\n\n\n\n<p class=\"has-medium-font-size\"><strong>Classement comme bien culturel :<\/strong>&nbsp;1975<\/p>\n\n\n\n<p class=\"has-medium-font-size\"><strong>Ailes en place :<\/strong>&nbsp;Oui<\/p>\n\n\n\n<p class=\"has-medium-font-size\"><strong>M\u00e9canismes en place :<\/strong>&nbsp;Oui<\/p>\n\n\n\n<p class=\"has-medium-font-size\"><strong>Ouvert au public&nbsp;:<\/strong>&nbsp;Non<\/p>\n\n\n\n<p class=\"has-medium-font-size\"><strong>Notes :&nbsp;<\/strong><\/p>\n\n\n\n<p class=\"has-medium-font-size\">Moulin priv\u00e9.<\/p>\n\n\n\n<p class=\"has-medium-font-size\">Construit par Joseph Dansereau au d\u00e9but du XIXe si\u00e8cle.<\/p>\n\n\n\n<p class=\"has-medium-font-size\">Ren\u00e9 Choquette en fut le propri\u00e9taire de 1949 \u00e0 1992, c\u2019est pourquoi il est parfois aussi appel\u00e9 le moulin Choquette.<\/p>\n\n\n\n<p class=\"has-medium-font-size\">Restaur\u00e9 \u00e0 la fin des ann\u00e9es 90.<\/p>\n\n\n\n<p class=\"has-medium-font-size\">Fondements de 4 pieds dans la terre.&nbsp;<\/p>\n\n\n\n<p class=\"has-medium-font-size\">La circonf\u00e9rence de la tour est de 56 pieds et sa hauteur est de 26 pieds.&nbsp;<\/p>\n\n\n\n<p class=\"has-medium-font-size\">L\u2019\u00e9paisseur des murs est de 4 pieds \u00e0 la base, 32 pouces au 2e \u00e9tage et 22 pouces au 3e \u00e9tage.<\/p>\n\n\n\n<p class=\"has-medium-font-size\"><strong>Lien int\u00e9ressant :<\/strong> <a rel=\"noreferrer noopener\" href=\"https:\/\/www.patrimoine-culturel.gouv.qc.ca\/rpcq\/detail.do?methode=consulter&amp;id=92679&amp;type=bien\" target=\"_blank\"><span style=\"color:#6550ff\" class=\"has-inline-color\">R\u00e9pertoire du patrimoine culturel du Qu\u00e9bec<\/span><\/a><\/p>\n\n\n\n<figure class=\"wp-block-gallery columns-3 is-cropped wp-block-gallery-1 is-layout-flex wp-block-gallery-is-layout-flex\"><ul class=\"blocks-gallery-grid\"><li class=\"blocks-gallery-item\"><figure><a href=\"https:\/\/patrimoineduquebec.com\/vent\/wp-content\/uploads\/2021\/08\/2-8-1024x700.jpg\"><img loading=\"lazy\" decoding=\"async\" width=\"1024\" height=\"700\" src=\"https:\/\/patrimoineduquebec.com\/vent\/wp-content\/uploads\/2021\/08\/2-8-1024x700.jpg\" alt=\"\" data-id=\"683\" data-link=\"https:\/\/patrimoineduquebec.com\/vent\/moulin-dansereau-vercheres\/2-8\/\" class=\"wp-image-683\" srcset=\"https:\/\/patrimoineduquebec.com\/vent\/wp-content\/uploads\/2021\/08\/2-8-1024x700.jpg 1024w, https:\/\/patrimoineduquebec.com\/vent\/wp-content\/uploads\/2021\/08\/2-8-300x205.jpg 300w, https:\/\/patrimoineduquebec.com\/vent\/wp-content\/uploads\/2021\/08\/2-8-768x525.jpg 768w, https:\/\/patrimoineduquebec.com\/vent\/wp-content\/uploads\/2021\/08\/2-8-624x426.jpg 624w, https:\/\/patrimoineduquebec.com\/vent\/wp-content\/uploads\/2021\/08\/2-8.jpg 1045w\" sizes=\"auto, (max-width: 1024px) 100vw, 1024px\" \/><\/a><figcaption class=\"blocks-gallery-item__caption\">G. Arbour (1987)<\/figcaption><\/figure><\/li><li class=\"blocks-gallery-item\"><figure><a href=\"https:\/\/patrimoineduquebec.com\/vent\/wp-content\/uploads\/2021\/08\/1987-7.jpg\"><img loading=\"lazy\" decoding=\"async\" width=\"633\" height=\"970\" src=\"https:\/\/patrimoineduquebec.com\/vent\/wp-content\/uploads\/2021\/08\/1987-7.jpg\" alt=\"\" data-id=\"684\" data-link=\"https:\/\/patrimoineduquebec.com\/vent\/moulin-dansereau-vercheres\/1987-7\/\" class=\"wp-image-684\" srcset=\"https:\/\/patrimoineduquebec.com\/vent\/wp-content\/uploads\/2021\/08\/1987-7.jpg 633w, https:\/\/patrimoineduquebec.com\/vent\/wp-content\/uploads\/2021\/08\/1987-7-196x300.jpg 196w, https:\/\/patrimoineduquebec.com\/vent\/wp-content\/uploads\/2021\/08\/1987-7-624x956.jpg 624w\" sizes=\"auto, (max-width: 633px) 100vw, 633px\" \/><\/a><figcaption class=\"blocks-gallery-item__caption\">G. Arbour (1987)<\/figcaption><\/figure><\/li><li class=\"blocks-gallery-item\"><figure><a href=\"https:\/\/patrimoineduquebec.com\/vent\/wp-content\/uploads\/2021\/08\/moulin-041-1024x768.jpeg\"><img loading=\"lazy\" decoding=\"async\" width=\"1024\" height=\"768\" src=\"https:\/\/patrimoineduquebec.com\/vent\/wp-content\/uploads\/2021\/08\/moulin-041-1024x768.jpeg\" alt=\"\" data-id=\"322\" data-link=\"https:\/\/patrimoineduquebec.com\/vent\/moulin-dansereau-vercheres\/moulin-041\/\" class=\"wp-image-322\" srcset=\"https:\/\/patrimoineduquebec.com\/vent\/wp-content\/uploads\/2021\/08\/moulin-041-1024x768.jpeg 1024w, https:\/\/patrimoineduquebec.com\/vent\/wp-content\/uploads\/2021\/08\/moulin-041-300x225.jpeg 300w, https:\/\/patrimoineduquebec.com\/vent\/wp-content\/uploads\/2021\/08\/moulin-041-768x576.jpeg 768w, https:\/\/patrimoineduquebec.com\/vent\/wp-content\/uploads\/2021\/08\/moulin-041-1536x1152.jpeg 1536w, https:\/\/patrimoineduquebec.com\/vent\/wp-content\/uploads\/2021\/08\/moulin-041-2048x1536.jpeg 2048w, https:\/\/patrimoineduquebec.com\/vent\/wp-content\/uploads\/2021\/08\/moulin-041-624x468.jpeg 624w\" sizes=\"auto, (max-width: 1024px) 100vw, 1024px\" \/><\/a><figcaption class=\"blocks-gallery-item__caption\">M. Bellemare (2009)<\/figcaption><\/figure><\/li><li class=\"blocks-gallery-item\"><figure><a href=\"https:\/\/patrimoineduquebec.com\/vent\/wp-content\/uploads\/2021\/08\/moulin-054-768x1024.jpeg\"><img loading=\"lazy\" decoding=\"async\" width=\"768\" height=\"1024\" src=\"https:\/\/patrimoineduquebec.com\/vent\/wp-content\/uploads\/2021\/08\/moulin-054-768x1024.jpeg\" alt=\"\" data-id=\"686\" data-link=\"https:\/\/patrimoineduquebec.com\/vent\/moulin-dansereau-vercheres\/moulin-054\/\" class=\"wp-image-686\" srcset=\"https:\/\/patrimoineduquebec.com\/vent\/wp-content\/uploads\/2021\/08\/moulin-054-768x1024.jpeg 768w, https:\/\/patrimoineduquebec.com\/vent\/wp-content\/uploads\/2021\/08\/moulin-054-225x300.jpeg 225w, https:\/\/patrimoineduquebec.com\/vent\/wp-content\/uploads\/2021\/08\/moulin-054-1152x1536.jpeg 1152w, https:\/\/patrimoineduquebec.com\/vent\/wp-content\/uploads\/2021\/08\/moulin-054-1536x2048.jpeg 1536w, https:\/\/patrimoineduquebec.com\/vent\/wp-content\/uploads\/2021\/08\/moulin-054-624x832.jpeg 624w, https:\/\/patrimoineduquebec.com\/vent\/wp-content\/uploads\/2021\/08\/moulin-054-scaled.jpeg 1920w\" sizes=\"auto, (max-width: 768px) 100vw, 768px\" \/><\/a><figcaption class=\"blocks-gallery-item__caption\">M. Bellemare (2009)<\/figcaption><\/figure><\/li><li class=\"blocks-gallery-item\"><figure><a href=\"https:\/\/patrimoineduquebec.com\/vent\/wp-content\/uploads\/2021\/08\/moulin-037-1024x768.jpeg\"><img loading=\"lazy\" decoding=\"async\" width=\"1024\" height=\"768\" src=\"https:\/\/patrimoineduquebec.com\/vent\/wp-content\/uploads\/2021\/08\/moulin-037-1024x768.jpeg\" alt=\"\" data-id=\"323\" data-link=\"https:\/\/patrimoineduquebec.com\/vent\/moulin-dansereau-vercheres\/moulin-037\/\" class=\"wp-image-323\" srcset=\"https:\/\/patrimoineduquebec.com\/vent\/wp-content\/uploads\/2021\/08\/moulin-037-1024x768.jpeg 1024w, https:\/\/patrimoineduquebec.com\/vent\/wp-content\/uploads\/2021\/08\/moulin-037-300x225.jpeg 300w, https:\/\/patrimoineduquebec.com\/vent\/wp-content\/uploads\/2021\/08\/moulin-037-768x576.jpeg 768w, https:\/\/patrimoineduquebec.com\/vent\/wp-content\/uploads\/2021\/08\/moulin-037-1536x1152.jpeg 1536w, https:\/\/patrimoineduquebec.com\/vent\/wp-content\/uploads\/2021\/08\/moulin-037-2048x1536.jpeg 2048w, https:\/\/patrimoineduquebec.com\/vent\/wp-content\/uploads\/2021\/08\/moulin-037-624x468.jpeg 624w\" sizes=\"auto, (max-width: 1024px) 100vw, 1024px\" \/><\/a><figcaption class=\"blocks-gallery-item__caption\">M. Bellemare (2009)<\/figcaption><\/figure><\/li><li class=\"blocks-gallery-item\"><figure><a href=\"https:\/\/patrimoineduquebec.com\/vent\/wp-content\/uploads\/2021\/08\/moulin-055-768x1024.jpeg\"><img loading=\"lazy\" decoding=\"async\" width=\"768\" height=\"1024\" src=\"https:\/\/patrimoineduquebec.com\/vent\/wp-content\/uploads\/2021\/08\/moulin-055-768x1024.jpeg\" alt=\"\" data-id=\"338\" data-link=\"https:\/\/patrimoineduquebec.com\/vent\/moulin-dansereau-vercheres\/moulin-055\/\" class=\"wp-image-338\" srcset=\"https:\/\/patrimoineduquebec.com\/vent\/wp-content\/uploads\/2021\/08\/moulin-055-768x1024.jpeg 768w, https:\/\/patrimoineduquebec.com\/vent\/wp-content\/uploads\/2021\/08\/moulin-055-225x300.jpeg 225w, https:\/\/patrimoineduquebec.com\/vent\/wp-content\/uploads\/2021\/08\/moulin-055-1152x1536.jpeg 1152w, https:\/\/patrimoineduquebec.com\/vent\/wp-content\/uploads\/2021\/08\/moulin-055-1536x2048.jpeg 1536w, https:\/\/patrimoineduquebec.com\/vent\/wp-content\/uploads\/2021\/08\/moulin-055-624x832.jpeg 624w, https:\/\/patrimoineduquebec.com\/vent\/wp-content\/uploads\/2021\/08\/moulin-055-scaled.jpeg 1920w\" sizes=\"auto, (max-width: 768px) 100vw, 768px\" \/><\/a><figcaption class=\"blocks-gallery-item__caption\">M. Bellemare (2009)<\/figcaption><\/figure><\/li><li class=\"blocks-gallery-item\"><figure><a href=\"https:\/\/patrimoineduquebec.com\/vent\/wp-content\/uploads\/2021\/08\/IMG_2248-1024x768.jpeg\"><img loading=\"lazy\" decoding=\"async\" width=\"1024\" height=\"768\" src=\"https:\/\/patrimoineduquebec.com\/vent\/wp-content\/uploads\/2021\/08\/IMG_2248-1024x768.jpeg\" alt=\"\" data-id=\"258\" data-link=\"https:\/\/patrimoineduquebec.com\/vent\/?attachment_id=258\" class=\"wp-image-258\" srcset=\"https:\/\/patrimoineduquebec.com\/vent\/wp-content\/uploads\/2021\/08\/IMG_2248-1024x768.jpeg 1024w, https:\/\/patrimoineduquebec.com\/vent\/wp-content\/uploads\/2021\/08\/IMG_2248-300x225.jpeg 300w, https:\/\/patrimoineduquebec.com\/vent\/wp-content\/uploads\/2021\/08\/IMG_2248-768x576.jpeg 768w, https:\/\/patrimoineduquebec.com\/vent\/wp-content\/uploads\/2021\/08\/IMG_2248-1536x1152.jpeg 1536w, https:\/\/patrimoineduquebec.com\/vent\/wp-content\/uploads\/2021\/08\/IMG_2248-2048x1536.jpeg 2048w, https:\/\/patrimoineduquebec.com\/vent\/wp-content\/uploads\/2021\/08\/IMG_2248-624x468.jpeg 624w\" sizes=\"auto, (max-width: 1024px) 100vw, 1024px\" \/><\/a><figcaption class=\"blocks-gallery-item__caption\">M. Bellemare (2021)<\/figcaption><\/figure><\/li><li class=\"blocks-gallery-item\"><figure><a href=\"https:\/\/patrimoineduquebec.com\/vent\/wp-content\/uploads\/2021\/08\/IMG_2251-1024x768.jpeg\"><img loading=\"lazy\" decoding=\"async\" width=\"1024\" height=\"768\" src=\"https:\/\/patrimoineduquebec.com\/vent\/wp-content\/uploads\/2021\/08\/IMG_2251-1024x768.jpeg\" alt=\"\" data-id=\"259\" data-link=\"https:\/\/patrimoineduquebec.com\/vent\/?attachment_id=259\" class=\"wp-image-259\" srcset=\"https:\/\/patrimoineduquebec.com\/vent\/wp-content\/uploads\/2021\/08\/IMG_2251-1024x768.jpeg 1024w, https:\/\/patrimoineduquebec.com\/vent\/wp-content\/uploads\/2021\/08\/IMG_2251-300x225.jpeg 300w, https:\/\/patrimoineduquebec.com\/vent\/wp-content\/uploads\/2021\/08\/IMG_2251-768x576.jpeg 768w, https:\/\/patrimoineduquebec.com\/vent\/wp-content\/uploads\/2021\/08\/IMG_2251-1536x1152.jpeg 1536w, https:\/\/patrimoineduquebec.com\/vent\/wp-content\/uploads\/2021\/08\/IMG_2251-2048x1536.jpeg 2048w, https:\/\/patrimoineduquebec.com\/vent\/wp-content\/uploads\/2021\/08\/IMG_2251-624x468.jpeg 624w\" sizes=\"auto, (max-width: 1024px) 100vw, 1024px\" \/><\/a><figcaption class=\"blocks-gallery-item__caption\">M. Bellemare (2021)<\/figcaption><\/figure><\/li><li class=\"blocks-gallery-item\"><figure><a href=\"https:\/\/patrimoineduquebec.com\/vent\/wp-content\/uploads\/2021\/08\/IMG_2247-1024x768.jpeg\"><img loading=\"lazy\" decoding=\"async\" width=\"1024\" height=\"768\" src=\"https:\/\/patrimoineduquebec.com\/vent\/wp-content\/uploads\/2021\/08\/IMG_2247-1024x768.jpeg\" alt=\"\" data-id=\"260\" data-link=\"https:\/\/patrimoineduquebec.com\/vent\/?attachment_id=260\" class=\"wp-image-260\" srcset=\"https:\/\/patrimoineduquebec.com\/vent\/wp-content\/uploads\/2021\/08\/IMG_2247-1024x768.jpeg 1024w, https:\/\/patrimoineduquebec.com\/vent\/wp-content\/uploads\/2021\/08\/IMG_2247-300x225.jpeg 300w, https:\/\/patrimoineduquebec.com\/vent\/wp-content\/uploads\/2021\/08\/IMG_2247-768x576.jpeg 768w, https:\/\/patrimoineduquebec.com\/vent\/wp-content\/uploads\/2021\/08\/IMG_2247-1536x1152.jpeg 1536w, https:\/\/patrimoineduquebec.com\/vent\/wp-content\/uploads\/2021\/08\/IMG_2247-2048x1536.jpeg 2048w, https:\/\/patrimoineduquebec.com\/vent\/wp-content\/uploads\/2021\/08\/IMG_2247-624x468.jpeg 624w\" sizes=\"auto, (max-width: 1024px) 100vw, 1024px\" \/><\/a><figcaption class=\"blocks-gallery-item__caption\">M. Bellemare (2021)<\/figcaption><\/figure><\/li><li class=\"blocks-gallery-item\"><figure><a href=\"https:\/\/patrimoineduquebec.com\/vent\/wp-content\/uploads\/2021\/08\/IMG_2253-1024x768.jpeg\"><img loading=\"lazy\" decoding=\"async\" width=\"1024\" height=\"768\" src=\"https:\/\/patrimoineduquebec.com\/vent\/wp-content\/uploads\/2021\/08\/IMG_2253-1024x768.jpeg\" alt=\"\" data-id=\"261\" data-link=\"https:\/\/patrimoineduquebec.com\/vent\/?attachment_id=261\" class=\"wp-image-261\" srcset=\"https:\/\/patrimoineduquebec.com\/vent\/wp-content\/uploads\/2021\/08\/IMG_2253-1024x768.jpeg 1024w, https:\/\/patrimoineduquebec.com\/vent\/wp-content\/uploads\/2021\/08\/IMG_2253-300x225.jpeg 300w, https:\/\/patrimoineduquebec.com\/vent\/wp-content\/uploads\/2021\/08\/IMG_2253-768x576.jpeg 768w, https:\/\/patrimoineduquebec.com\/vent\/wp-content\/uploads\/2021\/08\/IMG_2253-1536x1152.jpeg 1536w, https:\/\/patrimoineduquebec.com\/vent\/wp-content\/uploads\/2021\/08\/IMG_2253-2048x1536.jpeg 2048w, https:\/\/patrimoineduquebec.com\/vent\/wp-content\/uploads\/2021\/08\/IMG_2253-624x468.jpeg 624w\" sizes=\"auto, (max-width: 1024px) 100vw, 1024px\" \/><\/a><figcaption class=\"blocks-gallery-item__caption\">M. Bellemare (2021)<\/figcaption><\/figure><\/li><li class=\"blocks-gallery-item\"><figure><a href=\"https:\/\/patrimoineduquebec.com\/vent\/wp-content\/uploads\/2021\/09\/03Q_P600S6D5P1179-880x1024.jpg\"><img loading=\"lazy\" decoding=\"async\" width=\"880\" height=\"1024\" src=\"https:\/\/patrimoineduquebec.com\/vent\/wp-content\/uploads\/2021\/09\/03Q_P600S6D5P1179-880x1024.jpg\" alt=\"\" data-id=\"717\" data-link=\"https:\/\/patrimoineduquebec.com\/vent\/moulin-dansereau-vercheres\/03q_p600s6d5p1179\/\" class=\"wp-image-717\" srcset=\"https:\/\/patrimoineduquebec.com\/vent\/wp-content\/uploads\/2021\/09\/03Q_P600S6D5P1179-880x1024.jpg 880w, https:\/\/patrimoineduquebec.com\/vent\/wp-content\/uploads\/2021\/09\/03Q_P600S6D5P1179-258x300.jpg 258w, https:\/\/patrimoineduquebec.com\/vent\/wp-content\/uploads\/2021\/09\/03Q_P600S6D5P1179-768x894.jpg 768w, https:\/\/patrimoineduquebec.com\/vent\/wp-content\/uploads\/2021\/09\/03Q_P600S6D5P1179-624x726.jpg 624w, https:\/\/patrimoineduquebec.com\/vent\/wp-content\/uploads\/2021\/09\/03Q_P600S6D5P1179.jpg 1289w\" sizes=\"auto, (max-width: 880px) 100vw, 880px\" \/><\/a><figcaption class=\"blocks-gallery-item__caption\">BAnQ (1920)<br>03Q,P600,S6,D5,P1179<\/figcaption><\/figure><\/li><li class=\"blocks-gallery-item\"><figure><a href=\"https:\/\/patrimoineduquebec.com\/vent\/wp-content\/uploads\/2021\/09\/03Q_P600S6D5P1141.jpg\"><img loading=\"lazy\" decoding=\"async\" width=\"711\" height=\"1024\" src=\"https:\/\/patrimoineduquebec.com\/vent\/wp-content\/uploads\/2021\/09\/03Q_P600S6D5P1141-711x1024.jpg\" alt=\"\" data-id=\"718\" data-full-url=\"https:\/\/patrimoineduquebec.com\/vent\/wp-content\/uploads\/2021\/09\/03Q_P600S6D5P1141.jpg\" data-link=\"https:\/\/patrimoineduquebec.com\/vent\/moulin-dansereau-vercheres\/03q_p600s6d5p1141\/\" class=\"wp-image-718\" srcset=\"https:\/\/patrimoineduquebec.com\/vent\/wp-content\/uploads\/2021\/09\/03Q_P600S6D5P1141-711x1024.jpg 711w, https:\/\/patrimoineduquebec.com\/vent\/wp-content\/uploads\/2021\/09\/03Q_P600S6D5P1141-208x300.jpg 208w, https:\/\/patrimoineduquebec.com\/vent\/wp-content\/uploads\/2021\/09\/03Q_P600S6D5P1141-768x1107.jpg 768w, https:\/\/patrimoineduquebec.com\/vent\/wp-content\/uploads\/2021\/09\/03Q_P600S6D5P1141-624x899.jpg 624w, https:\/\/patrimoineduquebec.com\/vent\/wp-content\/uploads\/2021\/09\/03Q_P600S6D5P1141.jpg 1041w\" sizes=\"auto, (max-width: 711px) 100vw, 711px\" \/><\/a><figcaption class=\"blocks-gallery-item__caption\">BAnQ (1925)<br>03Q,P600,S6,D5,P1141<\/figcaption><\/figure><\/li><li class=\"blocks-gallery-item\"><figure><a href=\"https:\/\/patrimoineduquebec.com\/vent\/wp-content\/uploads\/2021\/08\/IMG_2249-1024x768.jpeg\"><img loading=\"lazy\" decoding=\"async\" width=\"1024\" height=\"768\" src=\"https:\/\/patrimoineduquebec.com\/vent\/wp-content\/uploads\/2021\/08\/IMG_2249-1024x768.jpeg\" alt=\"\" data-id=\"262\" data-link=\"https:\/\/patrimoineduquebec.com\/vent\/?attachment_id=262\" class=\"wp-image-262\" srcset=\"https:\/\/patrimoineduquebec.com\/vent\/wp-content\/uploads\/2021\/08\/IMG_2249-1024x768.jpeg 1024w, https:\/\/patrimoineduquebec.com\/vent\/wp-content\/uploads\/2021\/08\/IMG_2249-300x225.jpeg 300w, https:\/\/patrimoineduquebec.com\/vent\/wp-content\/uploads\/2021\/08\/IMG_2249-768x576.jpeg 768w, https:\/\/patrimoineduquebec.com\/vent\/wp-content\/uploads\/2021\/08\/IMG_2249-1536x1152.jpeg 1536w, https:\/\/patrimoineduquebec.com\/vent\/wp-content\/uploads\/2021\/08\/IMG_2249-2048x1536.jpeg 2048w, https:\/\/patrimoineduquebec.com\/vent\/wp-content\/uploads\/2021\/08\/IMG_2249-624x468.jpeg 624w\" sizes=\"auto, (max-width: 1024px) 100vw, 1024px\" \/><\/a><figcaption class=\"blocks-gallery-item__caption\">M. Bellemare (2021)<\/figcaption><\/figure><\/li><\/ul><\/figure>\n","protected":false},"excerpt":{"rendered":"<p>Municipalit\u00e9 :&nbsp;Verch\u00e8res Localisation :&nbsp;Situ\u00e9 sur un terrain priv\u00e9, au 1025 boulevard Marie-Victorin&nbsp; Date de construction :&nbsp;Vers 1822 Classement comme bien culturel :&nbsp;1975 Ailes en place :&nbsp;Oui M\u00e9canismes en place :&nbsp;Oui Ouvert au public&nbsp;:&nbsp;Non Notes :&nbsp; Moulin priv\u00e9. Construit par Joseph Dansereau au d\u00e9but du XIXe si\u00e8cle. Ren\u00e9 Choquette en fut le propri\u00e9taire de 1949 \u00e0 [&hellip;]<\/p>\n","protected":false},"author":1,"featured_media":0,"parent":0,"menu_order":0,"comment_status":"closed","ping_status":"closed","template":"","meta":{"footnotes":""},"class_list":["post-256","page","type-page","status-publish","hentry"],"_links":{"self":[{"href":"https:\/\/patrimoineduquebec.com\/vent\/wp-json\/wp\/v2\/pages\/256","targetHints":{"allow":["GET"]}}],"collection":[{"href":"https:\/\/patrimoineduquebec.com\/vent\/wp-json\/wp\/v2\/pages"}],"about":[{"href":"https:\/\/patrimoineduquebec.com\/vent\/wp-json\/wp\/v2\/types\/page"}],"author":[{"embeddable":true,"href":"https:\/\/patrimoineduquebec.com\/vent\/wp-json\/wp\/v2\/users\/1"}],"replies":[{"embeddable":true,"href":"https:\/\/patrimoineduquebec.com\/vent\/wp-json\/wp\/v2\/comments?post=256"}],"version-history":[{"count":10,"href":"https:\/\/patrimoineduquebec.com\/vent\/wp-json\/wp\/v2\/pages\/256\/revisions"}],"predecessor-version":[{"id":720,"href":"https:\/\/patrimoineduquebec.com\/vent\/wp-json\/wp\/v2\/pages\/256\/revisions\/720"}],"wp:attachment":[{"href":"https:\/\/patrimoineduquebec.com\/vent\/wp-json\/wp\/v2\/media?parent=256"}],"curies":[{"name":"wp","href":"https:\/\/api.w.org\/{rel}","templated":true}]}}