{"id":199,"date":"2021-08-12T18:36:54","date_gmt":"2021-08-12T18:36:54","guid":{"rendered":"https:\/\/patrimoineduquebec.com\/vent\/?page_id=199"},"modified":"2021-08-28T11:44:40","modified_gmt":"2021-08-28T11:44:40","slug":"moulin-vincelotte","status":"publish","type":"page","link":"https:\/\/patrimoineduquebec.com\/vent\/moulin-vincelotte\/","title":{"rendered":"Moulin Vincelotte (Cap-Saint-Ignace)"},"content":{"rendered":"\n<figure class=\"wp-block-image size-large\"><img loading=\"lazy\" decoding=\"async\" width=\"1024\" height=\"768\" src=\"https:\/\/patrimoineduquebec.com\/vent\/wp-content\/uploads\/2021\/08\/1-2-1024x768.jpeg\" alt=\"\" class=\"wp-image-200\" srcset=\"https:\/\/patrimoineduquebec.com\/vent\/wp-content\/uploads\/2021\/08\/1-2-1024x768.jpeg 1024w, https:\/\/patrimoineduquebec.com\/vent\/wp-content\/uploads\/2021\/08\/1-2-300x225.jpeg 300w, https:\/\/patrimoineduquebec.com\/vent\/wp-content\/uploads\/2021\/08\/1-2-768x576.jpeg 768w, https:\/\/patrimoineduquebec.com\/vent\/wp-content\/uploads\/2021\/08\/1-2-1536x1152.jpeg 1536w, https:\/\/patrimoineduquebec.com\/vent\/wp-content\/uploads\/2021\/08\/1-2-2048x1536.jpeg 2048w, https:\/\/patrimoineduquebec.com\/vent\/wp-content\/uploads\/2021\/08\/1-2-624x468.jpeg 624w\" sizes=\"auto, (max-width: 1024px) 100vw, 1024px\" \/><figcaption><strong>G\u00e9rald Arbour (2021)<\/strong><\/figcaption><\/figure>\n\n\n\n<p class=\"has-medium-font-size\"><strong>Municipalit\u00e9 :<\/strong>&nbsp;Cap-Saint-Ignace (L\u2019Anse-\u00e0-Gilles)<\/p>\n\n\n\n<p class=\"has-medium-font-size\"><strong>Localisation :<\/strong>&nbsp;641 rue des Pionniers Est<\/p>\n\n\n\n<p class=\"has-medium-font-size\"><strong>Date de construction :<\/strong>&nbsp;1690<\/p>\n\n\n\n<p class=\"has-medium-font-size\"><strong>Classement comme bien culturel :<\/strong>&nbsp;1965<\/p>\n\n\n\n<p class=\"has-medium-font-size\"><strong>Ailes en place :<\/strong>&nbsp;Non<\/p>\n\n\n\n<p class=\"has-medium-font-size\"><strong>M\u00e9canismes en place :<\/strong>&nbsp;Non<\/p>\n\n\n\n<p class=\"has-medium-font-size\"><strong>Ouvert au public&nbsp;:<\/strong>&nbsp;Non<\/p>\n\n\n\n<p class=\"has-medium-font-size\"><strong>Notes :&nbsp;<\/strong><\/p>\n\n\n\n<p class=\"has-medium-font-size\">Moulin priv\u00e9 situ\u00e9 sur le terrain de Denyse et Yves Michaud.<\/p>\n\n\n\n<p class=\"has-medium-font-size\">Demander la permission pour aller prendre des photos sur le terrain.<\/p>\n\n\n\n<p class=\"has-medium-font-size\">Le propri\u00e9taire initial est le seigneur Charles-Joseph Amiot de Vincelotte.<\/p>\n\n\n\n<p class=\"has-medium-font-size\">Restaur\u00e9 par des citoyens vers 1920. Le toit fut refait \u00e0 ce moment.<\/p>\n\n\n\n<p class=\"has-medium-font-size\">Ce moulin poss\u00e8de 2 portes et une fen\u00eatre au deuxi\u00e8me \u00e9tage.<\/p>\n\n\n\n<p class=\"has-medium-font-size\">Haut de 7,4 m\u00e8tres, le moulin a un diam\u00e8tre de 6,5 m\u00e8tres \u00e0 la base.<\/p>\n\n\n\n<p class=\"has-medium-font-size\"><strong>Lien int\u00e9ressant : <\/strong><a rel=\"noreferrer noopener\" href=\"https:\/\/www.patrimoine-culturel.gouv.qc.ca\/rpcq\/detail.do?methode=consulter&amp;id=92592&amp;type=bien\" target=\"_blank\"><span style=\"color:#6550ff\" class=\"has-inline-color\">R\u00e9pertoire du patrimoine culturel du Qu\u00e9bec<\/span><\/a><\/p>\n\n\n\n<figure class=\"wp-block-gallery columns-3 is-cropped wp-block-gallery-1 is-layout-flex wp-block-gallery-is-layout-flex\"><ul class=\"blocks-gallery-grid\"><li class=\"blocks-gallery-item\"><figure><a href=\"https:\/\/patrimoineduquebec.com\/vent\/wp-content\/uploads\/2021\/08\/1988-678x1024.jpg\"><img loading=\"lazy\" decoding=\"async\" width=\"678\" height=\"1024\" src=\"https:\/\/patrimoineduquebec.com\/vent\/wp-content\/uploads\/2021\/08\/1988-678x1024.jpg\" alt=\"\" data-id=\"618\" data-link=\"https:\/\/patrimoineduquebec.com\/vent\/moulin-vincelotte\/attachment\/1988\/\" class=\"wp-image-618\" srcset=\"https:\/\/patrimoineduquebec.com\/vent\/wp-content\/uploads\/2021\/08\/1988-678x1024.jpg 678w, https:\/\/patrimoineduquebec.com\/vent\/wp-content\/uploads\/2021\/08\/1988-199x300.jpg 199w, https:\/\/patrimoineduquebec.com\/vent\/wp-content\/uploads\/2021\/08\/1988-624x942.jpg 624w, https:\/\/patrimoineduquebec.com\/vent\/wp-content\/uploads\/2021\/08\/1988.jpg 696w\" sizes=\"auto, (max-width: 678px) 100vw, 678px\" \/><\/a><figcaption class=\"blocks-gallery-item__caption\">G. Arbour (1988)<\/figcaption><\/figure><\/li><li class=\"blocks-gallery-item\"><figure><a href=\"https:\/\/patrimoineduquebec.com\/vent\/wp-content\/uploads\/2021\/08\/2-663x1024.jpg\"><img loading=\"lazy\" decoding=\"async\" width=\"663\" height=\"1024\" src=\"https:\/\/patrimoineduquebec.com\/vent\/wp-content\/uploads\/2021\/08\/2-663x1024.jpg\" alt=\"\" data-id=\"619\" data-link=\"https:\/\/patrimoineduquebec.com\/vent\/moulin-vincelotte\/2-4\/\" class=\"wp-image-619\" srcset=\"https:\/\/patrimoineduquebec.com\/vent\/wp-content\/uploads\/2021\/08\/2-663x1024.jpg 663w, https:\/\/patrimoineduquebec.com\/vent\/wp-content\/uploads\/2021\/08\/2-194x300.jpg 194w, https:\/\/patrimoineduquebec.com\/vent\/wp-content\/uploads\/2021\/08\/2-624x963.jpg 624w, https:\/\/patrimoineduquebec.com\/vent\/wp-content\/uploads\/2021\/08\/2.jpg 666w\" sizes=\"auto, (max-width: 663px) 100vw, 663px\" \/><\/a><figcaption class=\"blocks-gallery-item__caption\">G. Arbour (1988)<\/figcaption><\/figure><\/li><li class=\"blocks-gallery-item\"><figure><a href=\"https:\/\/patrimoineduquebec.com\/vent\/wp-content\/uploads\/2021\/08\/4.jpg\"><img loading=\"lazy\" decoding=\"async\" width=\"663\" height=\"1023\" src=\"https:\/\/patrimoineduquebec.com\/vent\/wp-content\/uploads\/2021\/08\/4.jpg\" alt=\"\" data-id=\"620\" data-full-url=\"https:\/\/patrimoineduquebec.com\/vent\/wp-content\/uploads\/2021\/08\/4.jpg\" data-link=\"https:\/\/patrimoineduquebec.com\/vent\/moulin-vincelotte\/4-2\/\" class=\"wp-image-620\" srcset=\"https:\/\/patrimoineduquebec.com\/vent\/wp-content\/uploads\/2021\/08\/4.jpg 663w, https:\/\/patrimoineduquebec.com\/vent\/wp-content\/uploads\/2021\/08\/4-194x300.jpg 194w, https:\/\/patrimoineduquebec.com\/vent\/wp-content\/uploads\/2021\/08\/4-624x963.jpg 624w\" sizes=\"auto, (max-width: 663px) 100vw, 663px\" \/><\/a><figcaption class=\"blocks-gallery-item__caption\">G. Arbour (1988)<\/figcaption><\/figure><\/li><li class=\"blocks-gallery-item\"><figure><a href=\"https:\/\/patrimoineduquebec.com\/vent\/wp-content\/uploads\/2021\/08\/mm-157-1-1024x768.jpeg\"><img loading=\"lazy\" decoding=\"async\" width=\"1024\" height=\"768\" src=\"https:\/\/patrimoineduquebec.com\/vent\/wp-content\/uploads\/2021\/08\/mm-157-1-1024x768.jpeg\" alt=\"\" data-id=\"205\" data-link=\"https:\/\/patrimoineduquebec.com\/vent\/?attachment_id=205\" class=\"wp-image-205\" srcset=\"https:\/\/patrimoineduquebec.com\/vent\/wp-content\/uploads\/2021\/08\/mm-157-1-1024x768.jpeg 1024w, https:\/\/patrimoineduquebec.com\/vent\/wp-content\/uploads\/2021\/08\/mm-157-1-300x225.jpeg 300w, https:\/\/patrimoineduquebec.com\/vent\/wp-content\/uploads\/2021\/08\/mm-157-1-768x576.jpeg 768w, https:\/\/patrimoineduquebec.com\/vent\/wp-content\/uploads\/2021\/08\/mm-157-1-1536x1152.jpeg 1536w, https:\/\/patrimoineduquebec.com\/vent\/wp-content\/uploads\/2021\/08\/mm-157-1-2048x1536.jpeg 2048w, https:\/\/patrimoineduquebec.com\/vent\/wp-content\/uploads\/2021\/08\/mm-157-1-624x468.jpeg 624w\" sizes=\"auto, (max-width: 1024px) 100vw, 1024px\" \/><\/a><figcaption class=\"blocks-gallery-item__caption\">M. Bellemare (2009)<\/figcaption><\/figure><\/li><li class=\"blocks-gallery-item\"><figure><a href=\"https:\/\/patrimoineduquebec.com\/vent\/wp-content\/uploads\/2021\/08\/mm-148-1024x768.jpeg\"><img loading=\"lazy\" decoding=\"async\" width=\"1024\" height=\"768\" src=\"https:\/\/patrimoineduquebec.com\/vent\/wp-content\/uploads\/2021\/08\/mm-148-1024x768.jpeg\" alt=\"\" data-id=\"551\" data-link=\"https:\/\/patrimoineduquebec.com\/vent\/moulin-vincelotte\/mm-148\/\" class=\"wp-image-551\" srcset=\"https:\/\/patrimoineduquebec.com\/vent\/wp-content\/uploads\/2021\/08\/mm-148-1024x768.jpeg 1024w, https:\/\/patrimoineduquebec.com\/vent\/wp-content\/uploads\/2021\/08\/mm-148-300x225.jpeg 300w, https:\/\/patrimoineduquebec.com\/vent\/wp-content\/uploads\/2021\/08\/mm-148-768x576.jpeg 768w, https:\/\/patrimoineduquebec.com\/vent\/wp-content\/uploads\/2021\/08\/mm-148-1536x1152.jpeg 1536w, https:\/\/patrimoineduquebec.com\/vent\/wp-content\/uploads\/2021\/08\/mm-148-2048x1536.jpeg 2048w, https:\/\/patrimoineduquebec.com\/vent\/wp-content\/uploads\/2021\/08\/mm-148-624x468.jpeg 624w\" sizes=\"auto, (max-width: 1024px) 100vw, 1024px\" \/><\/a><figcaption class=\"blocks-gallery-item__caption\">M. Bellemare (2009)<\/figcaption><\/figure><\/li><li class=\"blocks-gallery-item\"><figure><a href=\"https:\/\/patrimoineduquebec.com\/vent\/wp-content\/uploads\/2021\/08\/Cap-St-Ignace-1-1024x768.jpeg\"><img loading=\"lazy\" decoding=\"async\" width=\"1024\" height=\"768\" src=\"https:\/\/patrimoineduquebec.com\/vent\/wp-content\/uploads\/2021\/08\/Cap-St-Ignace-1-1024x768.jpeg\" alt=\"\" data-id=\"553\" data-link=\"https:\/\/patrimoineduquebec.com\/vent\/moulin-vincelotte\/cap-st-ignace-1\/\" class=\"wp-image-553\" srcset=\"https:\/\/patrimoineduquebec.com\/vent\/wp-content\/uploads\/2021\/08\/Cap-St-Ignace-1-1024x768.jpeg 1024w, https:\/\/patrimoineduquebec.com\/vent\/wp-content\/uploads\/2021\/08\/Cap-St-Ignace-1-300x225.jpeg 300w, https:\/\/patrimoineduquebec.com\/vent\/wp-content\/uploads\/2021\/08\/Cap-St-Ignace-1-768x576.jpeg 768w, https:\/\/patrimoineduquebec.com\/vent\/wp-content\/uploads\/2021\/08\/Cap-St-Ignace-1-1536x1153.jpeg 1536w, https:\/\/patrimoineduquebec.com\/vent\/wp-content\/uploads\/2021\/08\/Cap-St-Ignace-1-2048x1537.jpeg 2048w, https:\/\/patrimoineduquebec.com\/vent\/wp-content\/uploads\/2021\/08\/Cap-St-Ignace-1-624x468.jpeg 624w\" sizes=\"auto, (max-width: 1024px) 100vw, 1024px\" \/><\/a><figcaption class=\"blocks-gallery-item__caption\">M. Bellemare (2009)<\/figcaption><\/figure><\/li><li class=\"blocks-gallery-item\"><figure><a href=\"https:\/\/patrimoineduquebec.com\/vent\/wp-content\/uploads\/2021\/08\/k-1024x768.jpeg\"><img loading=\"lazy\" decoding=\"async\" width=\"1024\" height=\"768\" src=\"https:\/\/patrimoineduquebec.com\/vent\/wp-content\/uploads\/2021\/08\/k-1024x768.jpeg\" alt=\"\" data-id=\"203\" data-link=\"https:\/\/patrimoineduquebec.com\/vent\/?attachment_id=203\" class=\"wp-image-203\" srcset=\"https:\/\/patrimoineduquebec.com\/vent\/wp-content\/uploads\/2021\/08\/k-1024x768.jpeg 1024w, https:\/\/patrimoineduquebec.com\/vent\/wp-content\/uploads\/2021\/08\/k-300x225.jpeg 300w, https:\/\/patrimoineduquebec.com\/vent\/wp-content\/uploads\/2021\/08\/k-768x576.jpeg 768w, https:\/\/patrimoineduquebec.com\/vent\/wp-content\/uploads\/2021\/08\/k-1536x1152.jpeg 1536w, https:\/\/patrimoineduquebec.com\/vent\/wp-content\/uploads\/2021\/08\/k-2048x1536.jpeg 2048w, https:\/\/patrimoineduquebec.com\/vent\/wp-content\/uploads\/2021\/08\/k-624x468.jpeg 624w\" sizes=\"auto, (max-width: 1024px) 100vw, 1024px\" \/><\/a><figcaption class=\"blocks-gallery-item__caption\">G. Arbour (2021)<\/figcaption><\/figure><\/li><li class=\"blocks-gallery-item\"><figure><a href=\"https:\/\/patrimoineduquebec.com\/vent\/wp-content\/uploads\/2021\/08\/a-768x1024.jpeg\"><img loading=\"lazy\" decoding=\"async\" width=\"768\" height=\"1024\" src=\"https:\/\/patrimoineduquebec.com\/vent\/wp-content\/uploads\/2021\/08\/a-768x1024.jpeg\" alt=\"\" data-id=\"204\" data-link=\"https:\/\/patrimoineduquebec.com\/vent\/?attachment_id=204\" class=\"wp-image-204\" srcset=\"https:\/\/patrimoineduquebec.com\/vent\/wp-content\/uploads\/2021\/08\/a-768x1024.jpeg 768w, https:\/\/patrimoineduquebec.com\/vent\/wp-content\/uploads\/2021\/08\/a-225x300.jpeg 225w, https:\/\/patrimoineduquebec.com\/vent\/wp-content\/uploads\/2021\/08\/a-1152x1536.jpeg 1152w, https:\/\/patrimoineduquebec.com\/vent\/wp-content\/uploads\/2021\/08\/a-1536x2048.jpeg 1536w, https:\/\/patrimoineduquebec.com\/vent\/wp-content\/uploads\/2021\/08\/a-624x832.jpeg 624w, https:\/\/patrimoineduquebec.com\/vent\/wp-content\/uploads\/2021\/08\/a-scaled.jpeg 1920w\" sizes=\"auto, (max-width: 768px) 100vw, 768px\" \/><\/a><figcaption class=\"blocks-gallery-item__caption\">G. Arbour (2021)<\/figcaption><\/figure><\/li><li class=\"blocks-gallery-item\"><figure><a href=\"https:\/\/patrimoineduquebec.com\/vent\/wp-content\/uploads\/2021\/08\/03Q_P600S6D5P0104-819x1024.jpg\"><img loading=\"lazy\" decoding=\"async\" width=\"819\" height=\"1024\" src=\"https:\/\/patrimoineduquebec.com\/vent\/wp-content\/uploads\/2021\/08\/03Q_P600S6D5P0104-819x1024.jpg\" alt=\"\" data-id=\"554\" data-link=\"https:\/\/patrimoineduquebec.com\/vent\/moulin-vincelotte\/03q_p600s6d5p0104\/\" class=\"wp-image-554\" srcset=\"https:\/\/patrimoineduquebec.com\/vent\/wp-content\/uploads\/2021\/08\/03Q_P600S6D5P0104-819x1024.jpg 819w, https:\/\/patrimoineduquebec.com\/vent\/wp-content\/uploads\/2021\/08\/03Q_P600S6D5P0104-240x300.jpg 240w, https:\/\/patrimoineduquebec.com\/vent\/wp-content\/uploads\/2021\/08\/03Q_P600S6D5P0104-768x960.jpg 768w, https:\/\/patrimoineduquebec.com\/vent\/wp-content\/uploads\/2021\/08\/03Q_P600S6D5P0104-624x780.jpg 624w, https:\/\/patrimoineduquebec.com\/vent\/wp-content\/uploads\/2021\/08\/03Q_P600S6D5P0104.jpg 1200w\" sizes=\"auto, (max-width: 819px) 100vw, 819px\" \/><\/a><figcaption class=\"blocks-gallery-item__caption\">BAnQ (1920)<br>P600,S6,D5,P104<\/figcaption><\/figure><\/li><li class=\"blocks-gallery-item\"><figure><a href=\"https:\/\/patrimoineduquebec.com\/vent\/wp-content\/uploads\/2021\/08\/Cap-St-Ignace-1024x768.jpeg\"><img loading=\"lazy\" decoding=\"async\" width=\"1024\" height=\"768\" src=\"https:\/\/patrimoineduquebec.com\/vent\/wp-content\/uploads\/2021\/08\/Cap-St-Ignace-1024x768.jpeg\" alt=\"\" data-id=\"202\" data-link=\"https:\/\/patrimoineduquebec.com\/vent\/?attachment_id=202\" class=\"wp-image-202\" srcset=\"https:\/\/patrimoineduquebec.com\/vent\/wp-content\/uploads\/2021\/08\/Cap-St-Ignace-1024x768.jpeg 1024w, https:\/\/patrimoineduquebec.com\/vent\/wp-content\/uploads\/2021\/08\/Cap-St-Ignace-300x225.jpeg 300w, https:\/\/patrimoineduquebec.com\/vent\/wp-content\/uploads\/2021\/08\/Cap-St-Ignace-768x576.jpeg 768w, https:\/\/patrimoineduquebec.com\/vent\/wp-content\/uploads\/2021\/08\/Cap-St-Ignace-1536x1153.jpeg 1536w, https:\/\/patrimoineduquebec.com\/vent\/wp-content\/uploads\/2021\/08\/Cap-St-Ignace-2048x1537.jpeg 2048w, https:\/\/patrimoineduquebec.com\/vent\/wp-content\/uploads\/2021\/08\/Cap-St-Ignace-624x468.jpeg 624w\" sizes=\"auto, (max-width: 1024px) 100vw, 1024px\" \/><\/a><figcaption class=\"blocks-gallery-item__caption\">G. Arbour (2021)<\/figcaption><\/figure><\/li><\/ul><\/figure>\n","protected":false},"excerpt":{"rendered":"<p>Municipalit\u00e9 :&nbsp;Cap-Saint-Ignace (L\u2019Anse-\u00e0-Gilles) Localisation :&nbsp;641 rue des Pionniers Est Date de construction :&nbsp;1690 Classement comme bien culturel :&nbsp;1965 Ailes en place :&nbsp;Non M\u00e9canismes en place :&nbsp;Non Ouvert au public&nbsp;:&nbsp;Non Notes :&nbsp; Moulin priv\u00e9 situ\u00e9 sur le terrain de Denyse et Yves Michaud. Demander la permission pour aller prendre des photos sur le terrain. Le propri\u00e9taire [&hellip;]<\/p>\n","protected":false},"author":1,"featured_media":0,"parent":0,"menu_order":0,"comment_status":"closed","ping_status":"closed","template":"","meta":{"footnotes":""},"class_list":["post-199","page","type-page","status-publish","hentry"],"_links":{"self":[{"href":"https:\/\/patrimoineduquebec.com\/vent\/wp-json\/wp\/v2\/pages\/199","targetHints":{"allow":["GET"]}}],"collection":[{"href":"https:\/\/patrimoineduquebec.com\/vent\/wp-json\/wp\/v2\/pages"}],"about":[{"href":"https:\/\/patrimoineduquebec.com\/vent\/wp-json\/wp\/v2\/types\/page"}],"author":[{"embeddable":true,"href":"https:\/\/patrimoineduquebec.com\/vent\/wp-json\/wp\/v2\/users\/1"}],"replies":[{"embeddable":true,"href":"https:\/\/patrimoineduquebec.com\/vent\/wp-json\/wp\/v2\/comments?post=199"}],"version-history":[{"count":8,"href":"https:\/\/patrimoineduquebec.com\/vent\/wp-json\/wp\/v2\/pages\/199\/revisions"}],"predecessor-version":[{"id":622,"href":"https:\/\/patrimoineduquebec.com\/vent\/wp-json\/wp\/v2\/pages\/199\/revisions\/622"}],"wp:attachment":[{"href":"https:\/\/patrimoineduquebec.com\/vent\/wp-json\/wp\/v2\/media?parent=199"}],"curies":[{"name":"wp","href":"https:\/\/api.w.org\/{rel}","templated":true}]}}