{"id":179,"date":"2021-08-12T16:55:33","date_gmt":"2021-08-12T16:55:33","guid":{"rendered":"https:\/\/patrimoineduquebec.com\/vent\/?page_id=179"},"modified":"2021-08-28T12:04:41","modified_gmt":"2021-08-28T12:04:41","slug":"moulin-de-pointe-aux-trembles","status":"publish","type":"page","link":"https:\/\/patrimoineduquebec.com\/vent\/moulin-de-pointe-aux-trembles\/","title":{"rendered":"Moulin de Pointe-aux-Trembles (Montr\u00e9al)"},"content":{"rendered":"\n<figure class=\"wp-block-image size-large\"><img loading=\"lazy\" decoding=\"async\" width=\"1024\" height=\"768\" src=\"https:\/\/patrimoineduquebec.com\/vent\/wp-content\/uploads\/2021\/08\/IMG_2183-1024x768.jpeg\" alt=\"\" class=\"wp-image-180\" srcset=\"https:\/\/patrimoineduquebec.com\/vent\/wp-content\/uploads\/2021\/08\/IMG_2183-1024x768.jpeg 1024w, https:\/\/patrimoineduquebec.com\/vent\/wp-content\/uploads\/2021\/08\/IMG_2183-300x225.jpeg 300w, https:\/\/patrimoineduquebec.com\/vent\/wp-content\/uploads\/2021\/08\/IMG_2183-768x576.jpeg 768w, https:\/\/patrimoineduquebec.com\/vent\/wp-content\/uploads\/2021\/08\/IMG_2183-1536x1152.jpeg 1536w, https:\/\/patrimoineduquebec.com\/vent\/wp-content\/uploads\/2021\/08\/IMG_2183-2048x1536.jpeg 2048w, https:\/\/patrimoineduquebec.com\/vent\/wp-content\/uploads\/2021\/08\/IMG_2183-624x468.jpeg 624w\" sizes=\"auto, (max-width: 1024px) 100vw, 1024px\" \/><figcaption><strong>Monique Bellemare (2021)<\/strong><\/figcaption><\/figure>\n\n\n\n<p class=\"has-medium-font-size\"><strong>Municipalit\u00e9 :<\/strong>&nbsp;Montr\u00e9al (Pointe-aux-Trembles)<\/p>\n\n\n\n<p class=\"has-medium-font-size\"><strong>Localisation :<\/strong>&nbsp;11630 rue Notre-Dame Est<\/p>\n\n\n\n<p class=\"has-medium-font-size\"><strong>Date de construction :<\/strong>&nbsp;1717<\/p>\n\n\n\n<p class=\"has-medium-font-size\"><strong>Classement comme bien culturel :<\/strong>&nbsp;1983<\/p>\n\n\n\n<p class=\"has-medium-font-size\"><strong>Ailes en place :<\/strong>&nbsp;Oui<\/p>\n\n\n\n<p class=\"has-medium-font-size\"><strong>M\u00e9canismes en place :<\/strong>&nbsp;Non<\/p>\n\n\n\n<p class=\"has-medium-font-size\"><strong>Ouvert au public&nbsp;:<\/strong>&nbsp;En saison estivale (depuis juillet 2009)<\/p>\n\n\n\n<p class=\"has-medium-font-size\"><strong>Notes :&nbsp;<\/strong><\/p>\n\n\n\n<p class=\"has-medium-font-size\">Le plus haut des moulins encore en place.<\/p>\n\n\n\n<p class=\"has-medium-font-size\">Le constructeur du moulin est Jean-Baptiste Deguire et les premiers propri\u00e9taires sont les Sulpiciens.<\/p>\n\n\n\n<p class=\"has-medium-font-size\">En 1823, le moulin est rehauss\u00e9 pour contenir deux moulanges.<\/p>\n\n\n\n<p class=\"has-medium-font-size\">En 1866, le moulin cesse ses op\u00e9rations.<\/p>\n\n\n\n<p class=\"has-medium-font-size\">Dans les ann\u00e9es 70, un salon fun\u00e9raire est construit devant le moulin et il sera d\u00e9moli en 2005.<\/p>\n\n\n\n<p class=\"has-medium-font-size\">En 2007-2008 : restauration du moulin, am\u00e9nagement du parc, construction d&rsquo;un belv\u00e9d\u00e8re, confection d&rsquo;un parcours mus\u00e9ologique et d&rsquo;outils d&rsquo;animation, le tout repr\u00e9sentant un investissement de 2 382 489 $<\/p>\n\n\n\n<p class=\"has-medium-font-size\">Haut de 13 m\u00e8tres, le moulin a 3 \u00e9tages en plus du rez-de-chauss\u00e9e .<\/p>\n\n\n\n<p class=\"has-medium-font-size\">Le diam\u00e8tre du moulin est de 18 pieds \u00e0 la base et de 16 pieds dans sa partie sup\u00e9rieure.&nbsp;<\/p>\n\n\n\n<p class=\"has-medium-font-size\"><strong>Autres occupants ou propri\u00e9taires marquants :&nbsp;<\/strong><\/p>\n\n\n\n<p class=\"has-medium-font-size\">1719-1837 : Sulpiciens&nbsp;<\/p>\n\n\n\n<p class=\"has-medium-font-size\">1837 : Anne Smith Mignault&nbsp;<\/p>\n\n\n\n<p class=\"has-medium-font-size\">1906 : Vente par la famille Mignault&nbsp;<\/p>\n\n\n\n<p class=\"has-medium-font-size\">2001 : Ville de Montr\u00e9al&nbsp;<\/p>\n\n\n\n<p class=\"has-medium-font-size\"><strong>Meuniers :&nbsp;<\/strong><\/p>\n\n\n\n<p class=\"has-medium-font-size\">Jean-Baptiste Gibaux, Andr\u00e9 Poutret, Fran\u00e7ois Harel, Jean Lagorce,&nbsp; Pierre Lajeunesse, Louis Roussin, Joseph Lacroix, Joseph Sicard, Joachim Dillon, Gilles Archambault, Pierre R\u00e9gnier, Louis Fontaine, Joseph S\u00e9n\u00e9cal, Joseph Miron, Amable Pr\u00e9vost, Abraham Malo, Fran\u00e7ois Bri\u00e8re, J\u00e9r\u00e9mie M\u00e9nard.<\/p>\n\n\n\n<p class=\"has-medium-font-size\"><strong>Lien int\u00e9ressant : <\/strong><a rel=\"noreferrer noopener\" href=\"https:\/\/www.patrimoine-culturel.gouv.qc.ca\/rpcq\/detail.do?methode=consulter&amp;id=92443&amp;type=bien\" target=\"_blank\"><span style=\"color:#6550ff\" class=\"has-inline-color\">R\u00e9pertoire du patrimoine culturel du Qu\u00e9bec<\/span><\/a><\/p>\n\n\n\n<figure class=\"wp-block-gallery columns-3 is-cropped wp-block-gallery-1 is-layout-flex wp-block-gallery-is-layout-flex\"><ul class=\"blocks-gallery-grid\"><li class=\"blocks-gallery-item\"><figure><a href=\"https:\/\/patrimoineduquebec.com\/vent\/wp-content\/uploads\/2021\/08\/1987-3.jpg\"><img loading=\"lazy\" decoding=\"async\" width=\"688\" height=\"845\" src=\"https:\/\/patrimoineduquebec.com\/vent\/wp-content\/uploads\/2021\/08\/1987-3.jpg\" alt=\"\" data-id=\"646\" data-full-url=\"https:\/\/patrimoineduquebec.com\/vent\/wp-content\/uploads\/2021\/08\/1987-3.jpg\" data-link=\"https:\/\/patrimoineduquebec.com\/vent\/moulin-de-pointe-aux-trembles\/1987-3\/\" class=\"wp-image-646\" srcset=\"https:\/\/patrimoineduquebec.com\/vent\/wp-content\/uploads\/2021\/08\/1987-3.jpg 688w, https:\/\/patrimoineduquebec.com\/vent\/wp-content\/uploads\/2021\/08\/1987-3-244x300.jpg 244w, https:\/\/patrimoineduquebec.com\/vent\/wp-content\/uploads\/2021\/08\/1987-3-624x766.jpg 624w\" sizes=\"auto, (max-width: 688px) 100vw, 688px\" \/><\/a><figcaption class=\"blocks-gallery-item__caption\">G. Arbour (1987)<\/figcaption><\/figure><\/li><li class=\"blocks-gallery-item\"><figure><a href=\"https:\/\/patrimoineduquebec.com\/vent\/wp-content\/uploads\/2021\/08\/Pointe-aux-Trembles-7-1024x759.jpeg\"><img loading=\"lazy\" decoding=\"async\" width=\"1024\" height=\"759\" src=\"https:\/\/patrimoineduquebec.com\/vent\/wp-content\/uploads\/2021\/08\/Pointe-aux-Trembles-7-1024x759.jpeg\" alt=\"\" data-id=\"181\" data-link=\"https:\/\/patrimoineduquebec.com\/vent\/?attachment_id=181\" class=\"wp-image-181\" srcset=\"https:\/\/patrimoineduquebec.com\/vent\/wp-content\/uploads\/2021\/08\/Pointe-aux-Trembles-7-1024x759.jpeg 1024w, https:\/\/patrimoineduquebec.com\/vent\/wp-content\/uploads\/2021\/08\/Pointe-aux-Trembles-7-300x222.jpeg 300w, https:\/\/patrimoineduquebec.com\/vent\/wp-content\/uploads\/2021\/08\/Pointe-aux-Trembles-7-768x569.jpeg 768w, https:\/\/patrimoineduquebec.com\/vent\/wp-content\/uploads\/2021\/08\/Pointe-aux-Trembles-7-1536x1138.jpeg 1536w, https:\/\/patrimoineduquebec.com\/vent\/wp-content\/uploads\/2021\/08\/Pointe-aux-Trembles-7-2048x1517.jpeg 2048w, https:\/\/patrimoineduquebec.com\/vent\/wp-content\/uploads\/2021\/08\/Pointe-aux-Trembles-7-624x462.jpeg 624w\" sizes=\"auto, (max-width: 1024px) 100vw, 1024px\" \/><\/a><figcaption class=\"blocks-gallery-item__caption\">M. Bellemare (2009)<\/figcaption><\/figure><\/li><li class=\"blocks-gallery-item\"><figure><a href=\"https:\/\/patrimoineduquebec.com\/vent\/wp-content\/uploads\/2021\/08\/DSCN3386-1024x768.jpeg\"><img loading=\"lazy\" decoding=\"async\" width=\"1024\" height=\"768\" src=\"https:\/\/patrimoineduquebec.com\/vent\/wp-content\/uploads\/2021\/08\/DSCN3386-1024x768.jpeg\" alt=\"\" data-id=\"499\" data-link=\"https:\/\/patrimoineduquebec.com\/vent\/moulin-de-pointe-aux-trembles\/dscn3386\/\" class=\"wp-image-499\" srcset=\"https:\/\/patrimoineduquebec.com\/vent\/wp-content\/uploads\/2021\/08\/DSCN3386-1024x768.jpeg 1024w, https:\/\/patrimoineduquebec.com\/vent\/wp-content\/uploads\/2021\/08\/DSCN3386-300x225.jpeg 300w, https:\/\/patrimoineduquebec.com\/vent\/wp-content\/uploads\/2021\/08\/DSCN3386-768x576.jpeg 768w, https:\/\/patrimoineduquebec.com\/vent\/wp-content\/uploads\/2021\/08\/DSCN3386-1536x1152.jpeg 1536w, https:\/\/patrimoineduquebec.com\/vent\/wp-content\/uploads\/2021\/08\/DSCN3386-2048x1536.jpeg 2048w, https:\/\/patrimoineduquebec.com\/vent\/wp-content\/uploads\/2021\/08\/DSCN3386-624x468.jpeg 624w\" sizes=\"auto, (max-width: 1024px) 100vw, 1024px\" \/><\/a><figcaption class=\"blocks-gallery-item__caption\">M. Bellemare (2011)<\/figcaption><\/figure><\/li><li class=\"blocks-gallery-item\"><figure><a href=\"https:\/\/patrimoineduquebec.com\/vent\/wp-content\/uploads\/2021\/08\/IMG_2182-1024x768.jpeg\"><img loading=\"lazy\" decoding=\"async\" width=\"1024\" height=\"768\" src=\"https:\/\/patrimoineduquebec.com\/vent\/wp-content\/uploads\/2021\/08\/IMG_2182-1024x768.jpeg\" alt=\"\" data-id=\"183\" data-link=\"https:\/\/patrimoineduquebec.com\/vent\/?attachment_id=183\" class=\"wp-image-183\" srcset=\"https:\/\/patrimoineduquebec.com\/vent\/wp-content\/uploads\/2021\/08\/IMG_2182-1024x768.jpeg 1024w, https:\/\/patrimoineduquebec.com\/vent\/wp-content\/uploads\/2021\/08\/IMG_2182-300x225.jpeg 300w, https:\/\/patrimoineduquebec.com\/vent\/wp-content\/uploads\/2021\/08\/IMG_2182-768x576.jpeg 768w, https:\/\/patrimoineduquebec.com\/vent\/wp-content\/uploads\/2021\/08\/IMG_2182-1536x1152.jpeg 1536w, https:\/\/patrimoineduquebec.com\/vent\/wp-content\/uploads\/2021\/08\/IMG_2182-2048x1536.jpeg 2048w, https:\/\/patrimoineduquebec.com\/vent\/wp-content\/uploads\/2021\/08\/IMG_2182-624x468.jpeg 624w\" sizes=\"auto, (max-width: 1024px) 100vw, 1024px\" \/><\/a><figcaption class=\"blocks-gallery-item__caption\">M. Bellemare (2021)<\/figcaption><\/figure><\/li><li class=\"blocks-gallery-item\"><figure><a href=\"https:\/\/patrimoineduquebec.com\/vent\/wp-content\/uploads\/2021\/08\/moulin-130-1024x768.jpeg\"><img loading=\"lazy\" decoding=\"async\" width=\"1024\" height=\"768\" src=\"https:\/\/patrimoineduquebec.com\/vent\/wp-content\/uploads\/2021\/08\/moulin-130-1024x768.jpeg\" alt=\"\" data-id=\"495\" data-link=\"https:\/\/patrimoineduquebec.com\/vent\/moulin-de-pointe-aux-trembles\/moulin-130\/\" class=\"wp-image-495\" srcset=\"https:\/\/patrimoineduquebec.com\/vent\/wp-content\/uploads\/2021\/08\/moulin-130-1024x768.jpeg 1024w, https:\/\/patrimoineduquebec.com\/vent\/wp-content\/uploads\/2021\/08\/moulin-130-300x225.jpeg 300w, https:\/\/patrimoineduquebec.com\/vent\/wp-content\/uploads\/2021\/08\/moulin-130-768x576.jpeg 768w, https:\/\/patrimoineduquebec.com\/vent\/wp-content\/uploads\/2021\/08\/moulin-130-1536x1152.jpeg 1536w, https:\/\/patrimoineduquebec.com\/vent\/wp-content\/uploads\/2021\/08\/moulin-130-2048x1536.jpeg 2048w, https:\/\/patrimoineduquebec.com\/vent\/wp-content\/uploads\/2021\/08\/moulin-130-624x468.jpeg 624w\" sizes=\"auto, (max-width: 1024px) 100vw, 1024px\" \/><\/a><figcaption class=\"blocks-gallery-item__caption\">M. Bellemare (2021)<\/figcaption><\/figure><\/li><li class=\"blocks-gallery-item\"><figure><a href=\"https:\/\/patrimoineduquebec.com\/vent\/wp-content\/uploads\/2021\/08\/IMG_2178-1024x768.jpeg\"><img loading=\"lazy\" decoding=\"async\" width=\"1024\" height=\"768\" src=\"https:\/\/patrimoineduquebec.com\/vent\/wp-content\/uploads\/2021\/08\/IMG_2178-1024x768.jpeg\" alt=\"\" data-id=\"184\" data-link=\"https:\/\/patrimoineduquebec.com\/vent\/?attachment_id=184\" class=\"wp-image-184\" srcset=\"https:\/\/patrimoineduquebec.com\/vent\/wp-content\/uploads\/2021\/08\/IMG_2178-1024x768.jpeg 1024w, https:\/\/patrimoineduquebec.com\/vent\/wp-content\/uploads\/2021\/08\/IMG_2178-300x225.jpeg 300w, https:\/\/patrimoineduquebec.com\/vent\/wp-content\/uploads\/2021\/08\/IMG_2178-768x576.jpeg 768w, https:\/\/patrimoineduquebec.com\/vent\/wp-content\/uploads\/2021\/08\/IMG_2178-1536x1152.jpeg 1536w, https:\/\/patrimoineduquebec.com\/vent\/wp-content\/uploads\/2021\/08\/IMG_2178-2048x1536.jpeg 2048w, https:\/\/patrimoineduquebec.com\/vent\/wp-content\/uploads\/2021\/08\/IMG_2178-624x468.jpeg 624w\" sizes=\"auto, (max-width: 1024px) 100vw, 1024px\" \/><\/a><figcaption class=\"blocks-gallery-item__caption\">M. Bellemare (2021)<\/figcaption><\/figure><\/li><li class=\"blocks-gallery-item\"><figure><a href=\"https:\/\/patrimoineduquebec.com\/vent\/wp-content\/uploads\/2021\/08\/IMG_2169-1024x768.jpeg\"><img loading=\"lazy\" decoding=\"async\" width=\"1024\" height=\"768\" src=\"https:\/\/patrimoineduquebec.com\/vent\/wp-content\/uploads\/2021\/08\/IMG_2169-1024x768.jpeg\" alt=\"\" data-id=\"500\" data-link=\"https:\/\/patrimoineduquebec.com\/vent\/moulin-de-pointe-aux-trembles\/img_2169\/\" class=\"wp-image-500\" srcset=\"https:\/\/patrimoineduquebec.com\/vent\/wp-content\/uploads\/2021\/08\/IMG_2169-1024x768.jpeg 1024w, https:\/\/patrimoineduquebec.com\/vent\/wp-content\/uploads\/2021\/08\/IMG_2169-300x225.jpeg 300w, https:\/\/patrimoineduquebec.com\/vent\/wp-content\/uploads\/2021\/08\/IMG_2169-768x576.jpeg 768w, https:\/\/patrimoineduquebec.com\/vent\/wp-content\/uploads\/2021\/08\/IMG_2169-1536x1152.jpeg 1536w, https:\/\/patrimoineduquebec.com\/vent\/wp-content\/uploads\/2021\/08\/IMG_2169-2048x1536.jpeg 2048w, https:\/\/patrimoineduquebec.com\/vent\/wp-content\/uploads\/2021\/08\/IMG_2169-624x468.jpeg 624w\" sizes=\"auto, (max-width: 1024px) 100vw, 1024px\" \/><\/a><figcaption class=\"blocks-gallery-item__caption\">M. Bellemare (2021)<\/figcaption><\/figure><\/li><li class=\"blocks-gallery-item\"><figure><a href=\"https:\/\/patrimoineduquebec.com\/vent\/wp-content\/uploads\/2021\/08\/03Q_P600S6D5P0631-2-849x1024.jpg\"><img loading=\"lazy\" decoding=\"async\" width=\"849\" height=\"1024\" src=\"https:\/\/patrimoineduquebec.com\/vent\/wp-content\/uploads\/2021\/08\/03Q_P600S6D5P0631-2-849x1024.jpg\" alt=\"\" data-id=\"497\" data-link=\"https:\/\/patrimoineduquebec.com\/vent\/moulin-de-pointe-aux-trembles\/03q_p600s6d5p0631-2\/\" class=\"wp-image-497\" srcset=\"https:\/\/patrimoineduquebec.com\/vent\/wp-content\/uploads\/2021\/08\/03Q_P600S6D5P0631-2-849x1024.jpg 849w, https:\/\/patrimoineduquebec.com\/vent\/wp-content\/uploads\/2021\/08\/03Q_P600S6D5P0631-2-249x300.jpg 249w, https:\/\/patrimoineduquebec.com\/vent\/wp-content\/uploads\/2021\/08\/03Q_P600S6D5P0631-2-768x926.jpg 768w, https:\/\/patrimoineduquebec.com\/vent\/wp-content\/uploads\/2021\/08\/03Q_P600S6D5P0631-2-624x752.jpg 624w, https:\/\/patrimoineduquebec.com\/vent\/wp-content\/uploads\/2021\/08\/03Q_P600S6D5P0631-2.jpg 1244w\" sizes=\"auto, (max-width: 849px) 100vw, 849px\" \/><\/a><figcaption class=\"blocks-gallery-item__caption\">BAnQ (1920)<br>BAnQ P600,S6,D5,P631<\/figcaption><\/figure><\/li><li class=\"blocks-gallery-item\"><figure><a href=\"https:\/\/patrimoineduquebec.com\/vent\/wp-content\/uploads\/2021\/08\/03Q_P600S6D5P0975-685x1024.jpg\"><img loading=\"lazy\" decoding=\"async\" width=\"685\" height=\"1024\" src=\"https:\/\/patrimoineduquebec.com\/vent\/wp-content\/uploads\/2021\/08\/03Q_P600S6D5P0975-685x1024.jpg\" alt=\"\" data-id=\"498\" data-link=\"https:\/\/patrimoineduquebec.com\/vent\/moulin-de-pointe-aux-trembles\/03q_p600s6d5p0975\/\" class=\"wp-image-498\" srcset=\"https:\/\/patrimoineduquebec.com\/vent\/wp-content\/uploads\/2021\/08\/03Q_P600S6D5P0975-685x1024.jpg 685w, https:\/\/patrimoineduquebec.com\/vent\/wp-content\/uploads\/2021\/08\/03Q_P600S6D5P0975-201x300.jpg 201w, https:\/\/patrimoineduquebec.com\/vent\/wp-content\/uploads\/2021\/08\/03Q_P600S6D5P0975-768x1147.jpg 768w, https:\/\/patrimoineduquebec.com\/vent\/wp-content\/uploads\/2021\/08\/03Q_P600S6D5P0975-624x932.jpg 624w, https:\/\/patrimoineduquebec.com\/vent\/wp-content\/uploads\/2021\/08\/03Q_P600S6D5P0975.jpg 1004w\" sizes=\"auto, (max-width: 685px) 100vw, 685px\" \/><\/a><figcaption class=\"blocks-gallery-item__caption\">BAnQ (1930)<br>P600,S6,D5,P975<\/figcaption><\/figure><\/li><li class=\"blocks-gallery-item\"><figure><a href=\"https:\/\/patrimoineduquebec.com\/vent\/wp-content\/uploads\/2021\/08\/IMG_2164-1024x751.jpeg\"><img loading=\"lazy\" decoding=\"async\" width=\"1024\" height=\"751\" src=\"https:\/\/patrimoineduquebec.com\/vent\/wp-content\/uploads\/2021\/08\/IMG_2164-1024x751.jpeg\" alt=\"\" data-id=\"501\" data-link=\"https:\/\/patrimoineduquebec.com\/vent\/moulin-de-pointe-aux-trembles\/img_2164\/\" class=\"wp-image-501\" srcset=\"https:\/\/patrimoineduquebec.com\/vent\/wp-content\/uploads\/2021\/08\/IMG_2164-1024x751.jpeg 1024w, https:\/\/patrimoineduquebec.com\/vent\/wp-content\/uploads\/2021\/08\/IMG_2164-300x220.jpeg 300w, https:\/\/patrimoineduquebec.com\/vent\/wp-content\/uploads\/2021\/08\/IMG_2164-768x564.jpeg 768w, https:\/\/patrimoineduquebec.com\/vent\/wp-content\/uploads\/2021\/08\/IMG_2164-1536x1127.jpeg 1536w, https:\/\/patrimoineduquebec.com\/vent\/wp-content\/uploads\/2021\/08\/IMG_2164-2048x1503.jpeg 2048w, https:\/\/patrimoineduquebec.com\/vent\/wp-content\/uploads\/2021\/08\/IMG_2164-624x458.jpeg 624w\" sizes=\"auto, (max-width: 1024px) 100vw, 1024px\" \/><\/a><figcaption class=\"blocks-gallery-item__caption\">M. Bellemare (2021)<\/figcaption><\/figure><\/li><\/ul><\/figure>\n","protected":false},"excerpt":{"rendered":"<p>Municipalit\u00e9 :&nbsp;Montr\u00e9al (Pointe-aux-Trembles) Localisation :&nbsp;11630 rue Notre-Dame Est Date de construction :&nbsp;1717 Classement comme bien culturel :&nbsp;1983 Ailes en place :&nbsp;Oui M\u00e9canismes en place :&nbsp;Non Ouvert au public&nbsp;:&nbsp;En saison estivale (depuis juillet 2009) Notes :&nbsp; Le plus haut des moulins encore en place. Le constructeur du moulin est Jean-Baptiste Deguire et les premiers propri\u00e9taires sont [&hellip;]<\/p>\n","protected":false},"author":1,"featured_media":0,"parent":0,"menu_order":0,"comment_status":"closed","ping_status":"closed","template":"","meta":{"footnotes":""},"class_list":["post-179","page","type-page","status-publish","hentry"],"_links":{"self":[{"href":"https:\/\/patrimoineduquebec.com\/vent\/wp-json\/wp\/v2\/pages\/179","targetHints":{"allow":["GET"]}}],"collection":[{"href":"https:\/\/patrimoineduquebec.com\/vent\/wp-json\/wp\/v2\/pages"}],"about":[{"href":"https:\/\/patrimoineduquebec.com\/vent\/wp-json\/wp\/v2\/types\/page"}],"author":[{"embeddable":true,"href":"https:\/\/patrimoineduquebec.com\/vent\/wp-json\/wp\/v2\/users\/1"}],"replies":[{"embeddable":true,"href":"https:\/\/patrimoineduquebec.com\/vent\/wp-json\/wp\/v2\/comments?post=179"}],"version-history":[{"count":8,"href":"https:\/\/patrimoineduquebec.com\/vent\/wp-json\/wp\/v2\/pages\/179\/revisions"}],"predecessor-version":[{"id":648,"href":"https:\/\/patrimoineduquebec.com\/vent\/wp-json\/wp\/v2\/pages\/179\/revisions\/648"}],"wp:attachment":[{"href":"https:\/\/patrimoineduquebec.com\/vent\/wp-json\/wp\/v2\/media?parent=179"}],"curies":[{"name":"wp","href":"https:\/\/api.w.org\/{rel}","templated":true}]}}