{"id":171,"date":"2021-08-12T16:41:18","date_gmt":"2021-08-12T16:41:18","guid":{"rendered":"https:\/\/patrimoineduquebec.com\/vent\/?page_id=171"},"modified":"2021-08-28T12:20:17","modified_gmt":"2021-08-28T12:20:17","slug":"moulin-desgagnes","status":"publish","type":"page","link":"https:\/\/patrimoineduquebec.com\/vent\/moulin-desgagnes\/","title":{"rendered":"Moulin Desgagn\u00e9s (L&rsquo;Isle-aux-Coudres)"},"content":{"rendered":"\n<figure class=\"wp-block-image size-large\"><img loading=\"lazy\" decoding=\"async\" width=\"1024\" height=\"768\" src=\"https:\/\/patrimoineduquebec.com\/vent\/wp-content\/uploads\/2021\/08\/2021-1024x768.jpeg\" alt=\"\" class=\"wp-image-172\" srcset=\"https:\/\/patrimoineduquebec.com\/vent\/wp-content\/uploads\/2021\/08\/2021-1024x768.jpeg 1024w, https:\/\/patrimoineduquebec.com\/vent\/wp-content\/uploads\/2021\/08\/2021-300x225.jpeg 300w, https:\/\/patrimoineduquebec.com\/vent\/wp-content\/uploads\/2021\/08\/2021-768x576.jpeg 768w, https:\/\/patrimoineduquebec.com\/vent\/wp-content\/uploads\/2021\/08\/2021-1536x1152.jpeg 1536w, https:\/\/patrimoineduquebec.com\/vent\/wp-content\/uploads\/2021\/08\/2021-2048x1536.jpeg 2048w, https:\/\/patrimoineduquebec.com\/vent\/wp-content\/uploads\/2021\/08\/2021-624x468.jpeg 624w\" sizes=\"auto, (max-width: 1024px) 100vw, 1024px\" \/><figcaption><strong>G\u00e9rald Arbour (2021)<\/strong><\/figcaption><\/figure>\n\n\n\n<p class=\"has-medium-font-size\"><strong>Municipalit\u00e9 :<\/strong>&nbsp;Saint-Louis<\/p>\n\n\n\n<p class=\"has-medium-font-size\"><strong>Localisation :<\/strong>&nbsp;Situ\u00e9 au 247&nbsp;chemin du moulin \u00e0 l\u2019\u00cesle-aux-Coudres<\/p>\n\n\n\n<p class=\"has-medium-font-size\"><strong>Date de construction :<\/strong>&nbsp;1830<\/p>\n\n\n\n<p class=\"has-medium-font-size\"><strong>Classement comme bien culturel :<\/strong>&nbsp;1962<\/p>\n\n\n\n<p class=\"has-medium-font-size\"><strong>Ailes en place :<\/strong>&nbsp;Oui<\/p>\n\n\n\n<p class=\"has-medium-font-size\"><strong>M\u00e9canismes en place :<\/strong>&nbsp;Oui<\/p>\n\n\n\n<p class=\"has-medium-font-size\"><strong>Ouvert au public&nbsp;:<\/strong>&nbsp;Oui<\/p>\n\n\n\n<p class=\"has-medium-font-size\"><strong>Notes :&nbsp;<\/strong><\/p>\n\n\n\n<p class=\"has-medium-font-size\">Construit avec les pi\u00e8ces d\u2019un ancien moulin datant de 1763.<\/p>\n\n\n\n<p class=\"has-medium-font-size\">La tour poss\u00e8de une hauteur de 6,8 m\u00e8tres et le mur a une \u00e9paisseur de 1,5 m\u00e8tres \u00e0 la base.&nbsp;<\/p>\n\n\n\n<p class=\"has-medium-font-size\">Ce moulin a 2 portes et une seule fen\u00eatre.<\/p>\n\n\n\n<p class=\"has-medium-font-size\">Restaur\u00e9 en 1944, 1961 et 1993.<\/p>\n\n\n\n<p class=\"has-medium-font-size\">Ouvert au public depuis 1993.<\/p>\n\n\n\n<p class=\"has-medium-font-size\">Le seul endroit au Canada o\u00f9 on retrouve un moulin \u00e0 vent et un moulin \u00e0 eau sur le m\u00eame site.<\/p>\n\n\n\n<p class=\"has-medium-font-size\"><strong>Autres occupants ou propri\u00e9taires marquants :&nbsp;<\/strong><\/p>\n\n\n\n<p class=\"has-medium-font-size\">En 1850 : vendu \u00e0 Augustin Dufour&nbsp;<\/p>\n\n\n\n<p class=\"has-medium-font-size\">En 1887 : vendu \u00e0 \u00c9lie Bouchard&nbsp;<\/p>\n\n\n\n<p class=\"has-medium-font-size\">A d\u00e9j\u00e0 appartenu aux familles Desmeules et Desgagn\u00e9s dans les ann\u00e9es 30.<\/p>\n\n\n\n<p class=\"has-medium-font-size\"><strong>Lien int\u00e9ressant :<\/strong> <a rel=\"noreferrer noopener\" href=\"https:\/\/www.patrimoine-culturel.gouv.qc.ca\/rpcq\/detail.do?methode=consulter&amp;id=92732&amp;type=bien\" target=\"_blank\"><span style=\"color:#6550ff\" class=\"has-inline-color\">R\u00e9pertoire du patrimoine culturel du Qu\u00e9bec<\/span><\/a><\/p>\n\n\n\n<figure class=\"wp-block-gallery columns-3 is-cropped wp-block-gallery-1 is-layout-flex wp-block-gallery-is-layout-flex\"><ul class=\"blocks-gallery-grid\"><li class=\"blocks-gallery-item\"><figure><a href=\"https:\/\/patrimoineduquebec.com\/vent\/wp-content\/uploads\/2021\/08\/1974.png\"><img loading=\"lazy\" decoding=\"async\" width=\"422\" height=\"629\" src=\"https:\/\/patrimoineduquebec.com\/vent\/wp-content\/uploads\/2021\/08\/1974.png\" alt=\"\" data-id=\"679\" data-link=\"https:\/\/patrimoineduquebec.com\/vent\/moulin-desgagnes\/attachment\/1974\/\" class=\"wp-image-679\" srcset=\"https:\/\/patrimoineduquebec.com\/vent\/wp-content\/uploads\/2021\/08\/1974.png 422w, https:\/\/patrimoineduquebec.com\/vent\/wp-content\/uploads\/2021\/08\/1974-201x300.png 201w\" sizes=\"auto, (max-width: 422px) 100vw, 422px\" \/><\/a><figcaption class=\"blocks-gallery-item__caption\">G. Arbour (1974)<\/figcaption><\/figure><\/li><li class=\"blocks-gallery-item\"><figure><a href=\"https:\/\/patrimoineduquebec.com\/vent\/wp-content\/uploads\/2021\/08\/Capture-decran-le-2021-08-27-a-13.10.00.png\"><img loading=\"lazy\" decoding=\"async\" width=\"393\" height=\"629\" src=\"https:\/\/patrimoineduquebec.com\/vent\/wp-content\/uploads\/2021\/08\/Capture-decran-le-2021-08-27-a-13.10.00.png\" alt=\"\" data-id=\"680\" data-full-url=\"https:\/\/patrimoineduquebec.com\/vent\/wp-content\/uploads\/2021\/08\/Capture-decran-le-2021-08-27-a-13.10.00.png\" data-link=\"https:\/\/patrimoineduquebec.com\/vent\/moulin-desgagnes\/capture-decran-le-2021-08-27-a-13-10-00\/\" class=\"wp-image-680\" srcset=\"https:\/\/patrimoineduquebec.com\/vent\/wp-content\/uploads\/2021\/08\/Capture-decran-le-2021-08-27-a-13.10.00.png 393w, https:\/\/patrimoineduquebec.com\/vent\/wp-content\/uploads\/2021\/08\/Capture-decran-le-2021-08-27-a-13.10.00-187x300.png 187w\" sizes=\"auto, (max-width: 393px) 100vw, 393px\" \/><\/a><figcaption class=\"blocks-gallery-item__caption\">G. Arbour (1974)<\/figcaption><\/figure><\/li><li class=\"blocks-gallery-item\"><figure><a href=\"https:\/\/patrimoineduquebec.com\/vent\/wp-content\/uploads\/2021\/08\/mm-330c-1024x768.jpeg\"><img loading=\"lazy\" decoding=\"async\" width=\"1024\" height=\"768\" src=\"https:\/\/patrimoineduquebec.com\/vent\/wp-content\/uploads\/2021\/08\/mm-330c-1024x768.jpeg\" alt=\"\" data-id=\"173\" data-link=\"https:\/\/patrimoineduquebec.com\/vent\/?attachment_id=173\" class=\"wp-image-173\" srcset=\"https:\/\/patrimoineduquebec.com\/vent\/wp-content\/uploads\/2021\/08\/mm-330c-1024x768.jpeg 1024w, https:\/\/patrimoineduquebec.com\/vent\/wp-content\/uploads\/2021\/08\/mm-330c-300x225.jpeg 300w, https:\/\/patrimoineduquebec.com\/vent\/wp-content\/uploads\/2021\/08\/mm-330c-768x576.jpeg 768w, https:\/\/patrimoineduquebec.com\/vent\/wp-content\/uploads\/2021\/08\/mm-330c-1536x1152.jpeg 1536w, https:\/\/patrimoineduquebec.com\/vent\/wp-content\/uploads\/2021\/08\/mm-330c-2048x1536.jpeg 2048w, https:\/\/patrimoineduquebec.com\/vent\/wp-content\/uploads\/2021\/08\/mm-330c-624x468.jpeg 624w\" sizes=\"auto, (max-width: 1024px) 100vw, 1024px\" \/><\/a><figcaption class=\"blocks-gallery-item__caption\">M. Bellemare (2009)<\/figcaption><\/figure><\/li><li class=\"blocks-gallery-item\"><figure><a href=\"https:\/\/patrimoineduquebec.com\/vent\/wp-content\/uploads\/2021\/08\/mm-334c-1024x768.jpeg\"><img loading=\"lazy\" decoding=\"async\" width=\"1024\" height=\"768\" src=\"https:\/\/patrimoineduquebec.com\/vent\/wp-content\/uploads\/2021\/08\/mm-334c-1024x768.jpeg\" alt=\"\" data-id=\"333\" data-link=\"https:\/\/patrimoineduquebec.com\/vent\/moulin-desgagnes\/mm-334c\/\" class=\"wp-image-333\" srcset=\"https:\/\/patrimoineduquebec.com\/vent\/wp-content\/uploads\/2021\/08\/mm-334c-1024x768.jpeg 1024w, https:\/\/patrimoineduquebec.com\/vent\/wp-content\/uploads\/2021\/08\/mm-334c-300x225.jpeg 300w, https:\/\/patrimoineduquebec.com\/vent\/wp-content\/uploads\/2021\/08\/mm-334c-768x576.jpeg 768w, https:\/\/patrimoineduquebec.com\/vent\/wp-content\/uploads\/2021\/08\/mm-334c-1536x1152.jpeg 1536w, https:\/\/patrimoineduquebec.com\/vent\/wp-content\/uploads\/2021\/08\/mm-334c-2048x1536.jpeg 2048w, https:\/\/patrimoineduquebec.com\/vent\/wp-content\/uploads\/2021\/08\/mm-334c-624x468.jpeg 624w\" sizes=\"auto, (max-width: 1024px) 100vw, 1024px\" \/><\/a><figcaption class=\"blocks-gallery-item__caption\">M. Bellemare (2009)<\/figcaption><\/figure><\/li><li class=\"blocks-gallery-item\"><figure><a href=\"https:\/\/patrimoineduquebec.com\/vent\/wp-content\/uploads\/2021\/08\/DSCN0241-1024x768.jpeg\"><img loading=\"lazy\" decoding=\"async\" width=\"1024\" height=\"768\" src=\"https:\/\/patrimoineduquebec.com\/vent\/wp-content\/uploads\/2021\/08\/DSCN0241-1024x768.jpeg\" alt=\"\" data-id=\"174\" data-link=\"https:\/\/patrimoineduquebec.com\/vent\/?attachment_id=174\" class=\"wp-image-174\" srcset=\"https:\/\/patrimoineduquebec.com\/vent\/wp-content\/uploads\/2021\/08\/DSCN0241-1024x768.jpeg 1024w, https:\/\/patrimoineduquebec.com\/vent\/wp-content\/uploads\/2021\/08\/DSCN0241-300x225.jpeg 300w, https:\/\/patrimoineduquebec.com\/vent\/wp-content\/uploads\/2021\/08\/DSCN0241-768x576.jpeg 768w, https:\/\/patrimoineduquebec.com\/vent\/wp-content\/uploads\/2021\/08\/DSCN0241-1536x1152.jpeg 1536w, https:\/\/patrimoineduquebec.com\/vent\/wp-content\/uploads\/2021\/08\/DSCN0241-2048x1536.jpeg 2048w, https:\/\/patrimoineduquebec.com\/vent\/wp-content\/uploads\/2021\/08\/DSCN0241-624x468.jpeg 624w\" sizes=\"auto, (max-width: 1024px) 100vw, 1024px\" \/><\/a><figcaption class=\"blocks-gallery-item__caption\">J. Harvey (2013)<\/figcaption><\/figure><\/li><li class=\"blocks-gallery-item\"><figure><a href=\"https:\/\/patrimoineduquebec.com\/vent\/wp-content\/uploads\/2021\/08\/DSCN0245-768x1024.jpeg\"><img loading=\"lazy\" decoding=\"async\" width=\"768\" height=\"1024\" src=\"https:\/\/patrimoineduquebec.com\/vent\/wp-content\/uploads\/2021\/08\/DSCN0245-768x1024.jpeg\" alt=\"\" data-id=\"535\" data-link=\"https:\/\/patrimoineduquebec.com\/vent\/moulin-desgagnes\/dscn0245\/\" class=\"wp-image-535\" srcset=\"https:\/\/patrimoineduquebec.com\/vent\/wp-content\/uploads\/2021\/08\/DSCN0245-768x1024.jpeg 768w, https:\/\/patrimoineduquebec.com\/vent\/wp-content\/uploads\/2021\/08\/DSCN0245-225x300.jpeg 225w, https:\/\/patrimoineduquebec.com\/vent\/wp-content\/uploads\/2021\/08\/DSCN0245-1152x1536.jpeg 1152w, https:\/\/patrimoineduquebec.com\/vent\/wp-content\/uploads\/2021\/08\/DSCN0245-1536x2048.jpeg 1536w, https:\/\/patrimoineduquebec.com\/vent\/wp-content\/uploads\/2021\/08\/DSCN0245-624x832.jpeg 624w, https:\/\/patrimoineduquebec.com\/vent\/wp-content\/uploads\/2021\/08\/DSCN0245-scaled.jpeg 1920w\" sizes=\"auto, (max-width: 768px) 100vw, 768px\" \/><\/a><figcaption class=\"blocks-gallery-item__caption\">J. Harvey (2013)<\/figcaption><\/figure><\/li><li class=\"blocks-gallery-item\"><figure><a href=\"https:\/\/patrimoineduquebec.com\/vent\/wp-content\/uploads\/2021\/08\/111-768x1024.jpeg\"><img loading=\"lazy\" decoding=\"async\" width=\"768\" height=\"1024\" src=\"https:\/\/patrimoineduquebec.com\/vent\/wp-content\/uploads\/2021\/08\/111-768x1024.jpeg\" alt=\"\" data-id=\"330\" data-link=\"https:\/\/patrimoineduquebec.com\/vent\/moulin-desgagnes\/attachment\/111\/\" class=\"wp-image-330\" srcset=\"https:\/\/patrimoineduquebec.com\/vent\/wp-content\/uploads\/2021\/08\/111-768x1024.jpeg 768w, https:\/\/patrimoineduquebec.com\/vent\/wp-content\/uploads\/2021\/08\/111-225x300.jpeg 225w, https:\/\/patrimoineduquebec.com\/vent\/wp-content\/uploads\/2021\/08\/111-1152x1536.jpeg 1152w, https:\/\/patrimoineduquebec.com\/vent\/wp-content\/uploads\/2021\/08\/111-1536x2048.jpeg 1536w, https:\/\/patrimoineduquebec.com\/vent\/wp-content\/uploads\/2021\/08\/111-624x832.jpeg 624w, https:\/\/patrimoineduquebec.com\/vent\/wp-content\/uploads\/2021\/08\/111-scaled.jpeg 1920w\" sizes=\"auto, (max-width: 768px) 100vw, 768px\" \/><\/a><figcaption class=\"blocks-gallery-item__caption\">G. Arbour (2021)<\/figcaption><\/figure><\/li><li class=\"blocks-gallery-item\"><figure><a href=\"https:\/\/patrimoineduquebec.com\/vent\/wp-content\/uploads\/2021\/08\/222-768x1024.jpeg\"><img loading=\"lazy\" decoding=\"async\" width=\"768\" height=\"1024\" src=\"https:\/\/patrimoineduquebec.com\/vent\/wp-content\/uploads\/2021\/08\/222-768x1024.jpeg\" alt=\"\" data-id=\"335\" data-link=\"https:\/\/patrimoineduquebec.com\/vent\/moulin-desgagnes\/attachment\/222\/\" class=\"wp-image-335\" srcset=\"https:\/\/patrimoineduquebec.com\/vent\/wp-content\/uploads\/2021\/08\/222-768x1024.jpeg 768w, https:\/\/patrimoineduquebec.com\/vent\/wp-content\/uploads\/2021\/08\/222-225x300.jpeg 225w, https:\/\/patrimoineduquebec.com\/vent\/wp-content\/uploads\/2021\/08\/222-1152x1536.jpeg 1152w, https:\/\/patrimoineduquebec.com\/vent\/wp-content\/uploads\/2021\/08\/222-1536x2048.jpeg 1536w, https:\/\/patrimoineduquebec.com\/vent\/wp-content\/uploads\/2021\/08\/222-624x832.jpeg 624w, https:\/\/patrimoineduquebec.com\/vent\/wp-content\/uploads\/2021\/08\/222-scaled.jpeg 1920w\" sizes=\"auto, (max-width: 768px) 100vw, 768px\" \/><\/a><figcaption class=\"blocks-gallery-item__caption\">G. Arbour (2021)<\/figcaption><\/figure><\/li><li class=\"blocks-gallery-item\"><figure><a href=\"https:\/\/patrimoineduquebec.com\/vent\/wp-content\/uploads\/2021\/08\/03Q_P728S1D1P04_13-1009x1024.jpg\"><img loading=\"lazy\" decoding=\"async\" width=\"1009\" height=\"1024\" src=\"https:\/\/patrimoineduquebec.com\/vent\/wp-content\/uploads\/2021\/08\/03Q_P728S1D1P04_13-1009x1024.jpg\" alt=\"\" data-id=\"331\" data-link=\"https:\/\/patrimoineduquebec.com\/vent\/moulin-desgagnes\/03q_p728s1d1p04_13\/\" class=\"wp-image-331\" srcset=\"https:\/\/patrimoineduquebec.com\/vent\/wp-content\/uploads\/2021\/08\/03Q_P728S1D1P04_13-1009x1024.jpg 1009w, https:\/\/patrimoineduquebec.com\/vent\/wp-content\/uploads\/2021\/08\/03Q_P728S1D1P04_13-296x300.jpg 296w, https:\/\/patrimoineduquebec.com\/vent\/wp-content\/uploads\/2021\/08\/03Q_P728S1D1P04_13-768x779.jpg 768w, https:\/\/patrimoineduquebec.com\/vent\/wp-content\/uploads\/2021\/08\/03Q_P728S1D1P04_13-624x633.jpg 624w, https:\/\/patrimoineduquebec.com\/vent\/wp-content\/uploads\/2021\/08\/03Q_P728S1D1P04_13.jpg 1478w\" sizes=\"auto, (max-width: 1009px) 100vw, 1009px\" \/><\/a><figcaption class=\"blocks-gallery-item__caption\">BAnQ (1950)<br>03Q,P728,S1,D1,P4-13<\/figcaption><\/figure><\/li><li class=\"blocks-gallery-item\"><figure><a href=\"https:\/\/patrimoineduquebec.com\/vent\/wp-content\/uploads\/2021\/08\/2021-1-1024x768.jpeg\"><img loading=\"lazy\" decoding=\"async\" width=\"1024\" height=\"768\" src=\"https:\/\/patrimoineduquebec.com\/vent\/wp-content\/uploads\/2021\/08\/2021-1-1024x768.jpeg\" alt=\"\" data-id=\"176\" data-link=\"https:\/\/patrimoineduquebec.com\/vent\/?attachment_id=176\" class=\"wp-image-176\" srcset=\"https:\/\/patrimoineduquebec.com\/vent\/wp-content\/uploads\/2021\/08\/2021-1-1024x768.jpeg 1024w, https:\/\/patrimoineduquebec.com\/vent\/wp-content\/uploads\/2021\/08\/2021-1-300x225.jpeg 300w, https:\/\/patrimoineduquebec.com\/vent\/wp-content\/uploads\/2021\/08\/2021-1-768x576.jpeg 768w, https:\/\/patrimoineduquebec.com\/vent\/wp-content\/uploads\/2021\/08\/2021-1-1536x1152.jpeg 1536w, https:\/\/patrimoineduquebec.com\/vent\/wp-content\/uploads\/2021\/08\/2021-1-2048x1536.jpeg 2048w, https:\/\/patrimoineduquebec.com\/vent\/wp-content\/uploads\/2021\/08\/2021-1-624x468.jpeg 624w\" sizes=\"auto, (max-width: 1024px) 100vw, 1024px\" \/><\/a><figcaption class=\"blocks-gallery-item__caption\">G. Arbour (2021)<\/figcaption><\/figure><\/li><\/ul><\/figure>\n","protected":false},"excerpt":{"rendered":"<p>Municipalit\u00e9 :&nbsp;Saint-Louis Localisation :&nbsp;Situ\u00e9 au 247&nbsp;chemin du moulin \u00e0 l\u2019\u00cesle-aux-Coudres Date de construction :&nbsp;1830 Classement comme bien culturel :&nbsp;1962 Ailes en place :&nbsp;Oui M\u00e9canismes en place :&nbsp;Oui Ouvert au public&nbsp;:&nbsp;Oui Notes :&nbsp; Construit avec les pi\u00e8ces d\u2019un ancien moulin datant de 1763. La tour poss\u00e8de une hauteur de 6,8 m\u00e8tres et le mur a une [&hellip;]<\/p>\n","protected":false},"author":1,"featured_media":0,"parent":0,"menu_order":0,"comment_status":"closed","ping_status":"closed","template":"","meta":{"footnotes":""},"class_list":["post-171","page","type-page","status-publish","hentry"],"_links":{"self":[{"href":"https:\/\/patrimoineduquebec.com\/vent\/wp-json\/wp\/v2\/pages\/171","targetHints":{"allow":["GET"]}}],"collection":[{"href":"https:\/\/patrimoineduquebec.com\/vent\/wp-json\/wp\/v2\/pages"}],"about":[{"href":"https:\/\/patrimoineduquebec.com\/vent\/wp-json\/wp\/v2\/types\/page"}],"author":[{"embeddable":true,"href":"https:\/\/patrimoineduquebec.com\/vent\/wp-json\/wp\/v2\/users\/1"}],"replies":[{"embeddable":true,"href":"https:\/\/patrimoineduquebec.com\/vent\/wp-json\/wp\/v2\/comments?post=171"}],"version-history":[{"count":9,"href":"https:\/\/patrimoineduquebec.com\/vent\/wp-json\/wp\/v2\/pages\/171\/revisions"}],"predecessor-version":[{"id":682,"href":"https:\/\/patrimoineduquebec.com\/vent\/wp-json\/wp\/v2\/pages\/171\/revisions\/682"}],"wp:attachment":[{"href":"https:\/\/patrimoineduquebec.com\/vent\/wp-json\/wp\/v2\/media?parent=171"}],"curies":[{"name":"wp","href":"https:\/\/api.w.org\/{rel}","templated":true}]}}