{"id":12,"date":"2021-06-13T17:13:52","date_gmt":"2021-06-13T17:13:52","guid":{"rendered":"https:\/\/patrimoineduquebec.com\/vent\/?page_id=12"},"modified":"2025-01-11T18:36:07","modified_gmt":"2025-01-11T18:36:07","slug":"a-propos-de-moi","status":"publish","type":"page","link":"https:\/\/patrimoineduquebec.com\/vent\/a-propos-de-moi\/","title":{"rendered":"\u00c0 propos de moi"},"content":{"rendered":"\n<p class=\"has-medium-font-size\">Mon nom est Monique Bellemare. Retrait\u00e9e depuis 24 ans, j\u2019occupe une partie de mes loisirs \u00e0 faire de la photographie et des recherches sur certains \u00e9l\u00e9ments du patrimoine qu\u00e9b\u00e9cois. Je g\u00e8re \u00e9galement quelques sites web notamment sur les croix de chemin, les \u00e9glises, les vieilles gares et les moulins \u00e0 vent.<\/p>\n\n\n\n<p class=\"has-medium-font-size\">\u00c0 l\u2019\u00e9t\u00e9 2009, j\u2019ai eu le plaisir de faire la tourn\u00e9e des moulins \u00e0 vent du Qu\u00e9bec en compagnie de mon conjoint. En 2021, j&rsquo;aimerais refaire le m\u00eame circuit afin de mettre le site \u00e0 jour. Les photos du site sont les miennes et aussi celles de mon ami G\u00e9rald Arbour, passionn\u00e9 du patrimoine qu\u00e9b\u00e9cois. <\/p>\n\n\n\n<p class=\"has-medium-font-size\">Comme plusieurs moulins \u00e0 vent sont plac\u00e9s sur des terrains priv\u00e9s, on doit demander l&rsquo;autorisation avant de s&rsquo;y aventurer. Lors de la premi\u00e8re tourn\u00e9e, j&rsquo;ai toujours re\u00e7u un bel accueil des propri\u00e9taires.<\/p>\n\n\n\n<p class=\"has-medium-font-size\">Plusieurs fois par ann\u00e9e, je pr\u00e9sente mes photos dans diverses expositions de collectionneurs. Les gens sont toujours heureux de voir un \u00e9l\u00e9ment du patrimoine qui les a marqu\u00e9s dans le pass\u00e9 et d\u2019\u00e9changer avec moi sur le sujet.&nbsp;<\/p>\n\n\n\n<p class=\"has-medium-font-size\">N\u2019h\u00e9sitez pas \u00e0 me communiquer de l\u2019information qui pourrait m\u2019int\u00e9resser ou \u00e0 me poser toute question \u00e0 laquelle je r\u00e9pondrai au meilleur de ma connaissance.<\/p>\n\n\n\n<p class=\"has-blue-color has-text-color\"><a href=\"mailto:monbel43@me.com?subject=Moulins%20%C3%A0%20vent\"><span style=\"color:#6550ff\" class=\"has-inline-color\">Monique Bellemare<\/span><\/a>&nbsp;&nbsp;&nbsp;&nbsp;<\/p>\n\n\n\n<p>Longueuil<\/p>\n\n\n\n<figure class=\"wp-block-image size-large\"><img loading=\"lazy\" decoding=\"async\" width=\"1024\" height=\"768\" src=\"https:\/\/patrimoineduquebec.com\/vent\/wp-content\/uploads\/2025\/01\/IMG_0247-1024x768.png\" alt=\"\" class=\"wp-image-786\" srcset=\"https:\/\/patrimoineduquebec.com\/vent\/wp-content\/uploads\/2025\/01\/IMG_0247-1024x768.png 1024w, https:\/\/patrimoineduquebec.com\/vent\/wp-content\/uploads\/2025\/01\/IMG_0247-300x225.png 300w, https:\/\/patrimoineduquebec.com\/vent\/wp-content\/uploads\/2025\/01\/IMG_0247-768x576.png 768w, https:\/\/patrimoineduquebec.com\/vent\/wp-content\/uploads\/2025\/01\/IMG_0247-624x468.png 624w, https:\/\/patrimoineduquebec.com\/vent\/wp-content\/uploads\/2025\/01\/IMG_0247.png 1280w\" sizes=\"auto, (max-width: 1024px) 100vw, 1024px\" \/><\/figure>\n\n\n\n<figure class=\"wp-block-gallery has-nested-images columns-2 is-cropped wp-block-gallery-1 is-layout-flex wp-block-gallery-is-layout-flex\">\n<figure class=\"wp-block-image size-large\"><img loading=\"lazy\" decoding=\"async\" width=\"773\" height=\"1024\" data-id=\"113\" src=\"https:\/\/patrimoineduquebec.com\/vent\/wp-content\/uploads\/2021\/08\/Ste-Genevieve-de-Batiscan-1-773x1024.jpeg\" alt=\"\" class=\"wp-image-113\" srcset=\"https:\/\/patrimoineduquebec.com\/vent\/wp-content\/uploads\/2021\/08\/Ste-Genevieve-de-Batiscan-1-773x1024.jpeg 773w, https:\/\/patrimoineduquebec.com\/vent\/wp-content\/uploads\/2021\/08\/Ste-Genevieve-de-Batiscan-1-226x300.jpeg 226w, https:\/\/patrimoineduquebec.com\/vent\/wp-content\/uploads\/2021\/08\/Ste-Genevieve-de-Batiscan-1-768x1017.jpeg 768w, https:\/\/patrimoineduquebec.com\/vent\/wp-content\/uploads\/2021\/08\/Ste-Genevieve-de-Batiscan-1-1160x1536.jpeg 1160w, https:\/\/patrimoineduquebec.com\/vent\/wp-content\/uploads\/2021\/08\/Ste-Genevieve-de-Batiscan-1-1546x2048.jpeg 1546w, https:\/\/patrimoineduquebec.com\/vent\/wp-content\/uploads\/2021\/08\/Ste-Genevieve-de-Batiscan-1-624x827.jpeg 624w, https:\/\/patrimoineduquebec.com\/vent\/wp-content\/uploads\/2021\/08\/Ste-Genevieve-de-Batiscan-1-scaled.jpeg 1933w\" sizes=\"auto, (max-width: 773px) 100vw, 773px\" \/><figcaption class=\"wp-element-caption\">Sainte-Genevi\u00e8ve-de-Batiscan<\/figcaption><\/figure>\n\n\n\n<figure class=\"wp-block-image size-large\"><img loading=\"lazy\" decoding=\"async\" width=\"1024\" height=\"768\" data-id=\"114\" src=\"https:\/\/patrimoineduquebec.com\/vent\/wp-content\/uploads\/2021\/08\/Drouin-25-1024x768.jpeg\" alt=\"\" class=\"wp-image-114\" srcset=\"https:\/\/patrimoineduquebec.com\/vent\/wp-content\/uploads\/2021\/08\/Drouin-25-1024x768.jpeg 1024w, https:\/\/patrimoineduquebec.com\/vent\/wp-content\/uploads\/2021\/08\/Drouin-25-300x225.jpeg 300w, https:\/\/patrimoineduquebec.com\/vent\/wp-content\/uploads\/2021\/08\/Drouin-25-768x576.jpeg 768w, https:\/\/patrimoineduquebec.com\/vent\/wp-content\/uploads\/2021\/08\/Drouin-25-1536x1152.jpeg 1536w, https:\/\/patrimoineduquebec.com\/vent\/wp-content\/uploads\/2021\/08\/Drouin-25-2048x1536.jpeg 2048w, https:\/\/patrimoineduquebec.com\/vent\/wp-content\/uploads\/2021\/08\/Drouin-25-624x468.jpeg 624w\" sizes=\"auto, (max-width: 1024px) 100vw, 1024px\" \/><figcaption class=\"wp-element-caption\">Pont Drouin, Compton<\/figcaption><\/figure>\n\n\n\n<figure class=\"wp-block-image size-large\"><img loading=\"lazy\" decoding=\"async\" width=\"1024\" height=\"683\" data-id=\"115\" src=\"https:\/\/patrimoineduquebec.com\/vent\/wp-content\/uploads\/2021\/08\/IMG_1251-1024x683.jpeg\" alt=\"\" class=\"wp-image-115\" srcset=\"https:\/\/patrimoineduquebec.com\/vent\/wp-content\/uploads\/2021\/08\/IMG_1251-1024x683.jpeg 1024w, https:\/\/patrimoineduquebec.com\/vent\/wp-content\/uploads\/2021\/08\/IMG_1251-300x200.jpeg 300w, https:\/\/patrimoineduquebec.com\/vent\/wp-content\/uploads\/2021\/08\/IMG_1251-768x512.jpeg 768w, https:\/\/patrimoineduquebec.com\/vent\/wp-content\/uploads\/2021\/08\/IMG_1251-1536x1024.jpeg 1536w, https:\/\/patrimoineduquebec.com\/vent\/wp-content\/uploads\/2021\/08\/IMG_1251-2048x1365.jpeg 2048w, https:\/\/patrimoineduquebec.com\/vent\/wp-content\/uploads\/2021\/08\/IMG_1251-624x416.jpeg 624w\" sizes=\"auto, (max-width: 1024px) 100vw, 1024px\" \/><figcaption class=\"wp-element-caption\">Gare de Warwick<\/figcaption><\/figure>\n\n\n\n<figure class=\"wp-block-image size-large\"><img loading=\"lazy\" decoding=\"async\" width=\"1024\" height=\"683\" data-id=\"116\" src=\"https:\/\/patrimoineduquebec.com\/vent\/wp-content\/uploads\/2021\/08\/IMG_9609-1024x683.jpeg\" alt=\"\" class=\"wp-image-116\" srcset=\"https:\/\/patrimoineduquebec.com\/vent\/wp-content\/uploads\/2021\/08\/IMG_9609-1024x683.jpeg 1024w, https:\/\/patrimoineduquebec.com\/vent\/wp-content\/uploads\/2021\/08\/IMG_9609-300x200.jpeg 300w, https:\/\/patrimoineduquebec.com\/vent\/wp-content\/uploads\/2021\/08\/IMG_9609-768x512.jpeg 768w, https:\/\/patrimoineduquebec.com\/vent\/wp-content\/uploads\/2021\/08\/IMG_9609-1536x1024.jpeg 1536w, https:\/\/patrimoineduquebec.com\/vent\/wp-content\/uploads\/2021\/08\/IMG_9609-2048x1365.jpeg 2048w, https:\/\/patrimoineduquebec.com\/vent\/wp-content\/uploads\/2021\/08\/IMG_9609-624x416.jpeg 624w\" sizes=\"auto, (max-width: 1024px) 100vw, 1024px\" \/><figcaption class=\"wp-element-caption\">Croix \u00e0 Saint-Alexandre<\/figcaption><\/figure>\n<\/figure>\n","protected":false},"excerpt":{"rendered":"<p>Mon nom est Monique Bellemare. Retrait\u00e9e depuis 24 ans, j\u2019occupe une partie de mes loisirs \u00e0 faire de la photographie et des recherches sur certains \u00e9l\u00e9ments du patrimoine qu\u00e9b\u00e9cois. Je g\u00e8re \u00e9galement quelques sites web notamment sur les croix de chemin, les \u00e9glises, les vieilles gares et les moulins \u00e0 vent. \u00c0 l\u2019\u00e9t\u00e9 2009, j\u2019ai [&hellip;]<\/p>\n","protected":false},"author":1,"featured_media":0,"parent":0,"menu_order":0,"comment_status":"closed","ping_status":"closed","template":"","meta":{"footnotes":""},"class_list":["post-12","page","type-page","status-publish","hentry"],"_links":{"self":[{"href":"https:\/\/patrimoineduquebec.com\/vent\/wp-json\/wp\/v2\/pages\/12","targetHints":{"allow":["GET"]}}],"collection":[{"href":"https:\/\/patrimoineduquebec.com\/vent\/wp-json\/wp\/v2\/pages"}],"about":[{"href":"https:\/\/patrimoineduquebec.com\/vent\/wp-json\/wp\/v2\/types\/page"}],"author":[{"embeddable":true,"href":"https:\/\/patrimoineduquebec.com\/vent\/wp-json\/wp\/v2\/users\/1"}],"replies":[{"embeddable":true,"href":"https:\/\/patrimoineduquebec.com\/vent\/wp-json\/wp\/v2\/comments?post=12"}],"version-history":[{"count":9,"href":"https:\/\/patrimoineduquebec.com\/vent\/wp-json\/wp\/v2\/pages\/12\/revisions"}],"predecessor-version":[{"id":787,"href":"https:\/\/patrimoineduquebec.com\/vent\/wp-json\/wp\/v2\/pages\/12\/revisions\/787"}],"wp:attachment":[{"href":"https:\/\/patrimoineduquebec.com\/vent\/wp-json\/wp\/v2\/media?parent=12"}],"curies":[{"name":"wp","href":"https:\/\/api.w.org\/{rel}","templated":true}]}}