{"id":2,"date":"2020-07-29T16:40:24","date_gmt":"2020-07-29T16:40:24","guid":{"rendered":"https:\/\/patrimoineduquebec.com\/sites\/?page_id=2"},"modified":"2020-08-06T16:11:02","modified_gmt":"2020-08-06T16:11:02","slug":"sample-page","status":"publish","type":"page","link":"https:\/\/patrimoineduquebec.com\/sites\/","title":{"rendered":""},"content":{"rendered":"\n<figure class=\"wp-block-gallery columns-3 is-cropped wp-block-gallery-1 is-layout-flex wp-block-gallery-is-layout-flex\"><ul class=\"blocks-gallery-grid\"><li class=\"blocks-gallery-item\"><figure><img loading=\"lazy\" decoding=\"async\" width=\"1024\" height=\"768\" src=\"https:\/\/patrimoineduquebec.com\/sites\/wp-content\/uploads\/2020\/08\/IMG_0813-1024x768.jpeg\" alt=\"\" data-id=\"118\" data-link=\"https:\/\/patrimoineduquebec.com\/sites\/sample-page\/img_0813\/\" class=\"wp-image-118\" srcset=\"https:\/\/patrimoineduquebec.com\/sites\/wp-content\/uploads\/2020\/08\/IMG_0813-1024x768.jpeg 1024w, https:\/\/patrimoineduquebec.com\/sites\/wp-content\/uploads\/2020\/08\/IMG_0813-300x225.jpeg 300w, https:\/\/patrimoineduquebec.com\/sites\/wp-content\/uploads\/2020\/08\/IMG_0813-768x576.jpeg 768w, https:\/\/patrimoineduquebec.com\/sites\/wp-content\/uploads\/2020\/08\/IMG_0813-1536x1152.jpeg 1536w, https:\/\/patrimoineduquebec.com\/sites\/wp-content\/uploads\/2020\/08\/IMG_0813-2048x1536.jpeg 2048w\" sizes=\"auto, (max-width: 1024px) 100vw, 1024px\" \/><\/figure><\/li><li class=\"blocks-gallery-item\"><figure><img loading=\"lazy\" decoding=\"async\" width=\"1024\" height=\"768\" src=\"https:\/\/patrimoineduquebec.com\/sites\/wp-content\/uploads\/2020\/08\/St-Jean-Port-Joli-1-1024x768.jpeg\" alt=\"\" data-id=\"121\" data-link=\"https:\/\/patrimoineduquebec.com\/sites\/sample-page\/olympus-digital-camera-6\/\" class=\"wp-image-121\" srcset=\"https:\/\/patrimoineduquebec.com\/sites\/wp-content\/uploads\/2020\/08\/St-Jean-Port-Joli-1-1024x768.jpeg 1024w, https:\/\/patrimoineduquebec.com\/sites\/wp-content\/uploads\/2020\/08\/St-Jean-Port-Joli-1-300x225.jpeg 300w, https:\/\/patrimoineduquebec.com\/sites\/wp-content\/uploads\/2020\/08\/St-Jean-Port-Joli-1-768x576.jpeg 768w, https:\/\/patrimoineduquebec.com\/sites\/wp-content\/uploads\/2020\/08\/St-Jean-Port-Joli-1-1536x1152.jpeg 1536w, https:\/\/patrimoineduquebec.com\/sites\/wp-content\/uploads\/2020\/08\/St-Jean-Port-Joli-1-2048x1536.jpeg 2048w\" sizes=\"auto, (max-width: 1024px) 100vw, 1024px\" \/><\/figure><\/li><li class=\"blocks-gallery-item\"><figure><img loading=\"lazy\" decoding=\"async\" width=\"1024\" height=\"683\" src=\"https:\/\/patrimoineduquebec.com\/sites\/wp-content\/uploads\/2020\/08\/IMG_0352-1024x683.jpeg\" alt=\"\" data-id=\"117\" data-link=\"https:\/\/patrimoineduquebec.com\/sites\/sample-page\/img_0352\/\" class=\"wp-image-117\" srcset=\"https:\/\/patrimoineduquebec.com\/sites\/wp-content\/uploads\/2020\/08\/IMG_0352-1024x683.jpeg 1024w, https:\/\/patrimoineduquebec.com\/sites\/wp-content\/uploads\/2020\/08\/IMG_0352-300x200.jpeg 300w, https:\/\/patrimoineduquebec.com\/sites\/wp-content\/uploads\/2020\/08\/IMG_0352-768x512.jpeg 768w, https:\/\/patrimoineduquebec.com\/sites\/wp-content\/uploads\/2020\/08\/IMG_0352-1536x1024.jpeg 1536w, https:\/\/patrimoineduquebec.com\/sites\/wp-content\/uploads\/2020\/08\/IMG_0352-2048x1365.jpeg 2048w\" sizes=\"auto, (max-width: 1024px) 100vw, 1024px\" \/><\/figure><\/li><\/ul><\/figure>\n\n\n\n<p class=\"has-text-color has-normal-font-size has-very-dark-gray-color\">C\u2019est avec l\u2019aide et le support de nombreux collaborateurs, amis et famille que l\u2019\u00e9laboration de ces sites a \u00e9t\u00e9 rendue possible.&nbsp;<\/p>\n\n\n\n<p class=\"has-text-color has-normal-font-size has-very-dark-gray-color\">Monique Bellemare<\/p>\n\n\n\n<figure class=\"wp-block-gallery columns-3 is-cropped wp-block-gallery-2 is-layout-flex wp-block-gallery-is-layout-flex\"><ul class=\"blocks-gallery-grid\"><li class=\"blocks-gallery-item\"><figure><img loading=\"lazy\" decoding=\"async\" width=\"1024\" height=\"777\" src=\"https:\/\/patrimoineduquebec.com\/sites\/wp-content\/uploads\/2020\/08\/Pointe-aux-Trembles-1024x777.jpeg\" alt=\"\" data-id=\"120\" data-full-url=\"https:\/\/patrimoineduquebec.com\/sites\/wp-content\/uploads\/2020\/08\/Pointe-aux-Trembles-scaled.jpeg\" data-link=\"https:\/\/patrimoineduquebec.com\/sites\/sample-page\/pointe-aux-trembles\/\" class=\"wp-image-120\" srcset=\"https:\/\/patrimoineduquebec.com\/sites\/wp-content\/uploads\/2020\/08\/Pointe-aux-Trembles-1024x777.jpeg 1024w, https:\/\/patrimoineduquebec.com\/sites\/wp-content\/uploads\/2020\/08\/Pointe-aux-Trembles-300x228.jpeg 300w, https:\/\/patrimoineduquebec.com\/sites\/wp-content\/uploads\/2020\/08\/Pointe-aux-Trembles-768x582.jpeg 768w, https:\/\/patrimoineduquebec.com\/sites\/wp-content\/uploads\/2020\/08\/Pointe-aux-Trembles-1536x1165.jpeg 1536w, https:\/\/patrimoineduquebec.com\/sites\/wp-content\/uploads\/2020\/08\/Pointe-aux-Trembles-2048x1553.jpeg 2048w\" sizes=\"auto, (max-width: 1024px) 100vw, 1024px\" \/><\/figure><\/li><li class=\"blocks-gallery-item\"><figure><img loading=\"lazy\" decoding=\"async\" width=\"1024\" height=\"768\" src=\"https:\/\/patrimoineduquebec.com\/sites\/wp-content\/uploads\/2020\/08\/P8010045-1024x768.jpg\" alt=\"\" data-id=\"119\" data-full-url=\"https:\/\/patrimoineduquebec.com\/sites\/wp-content\/uploads\/2020\/08\/P8010045-scaled.jpg\" data-link=\"https:\/\/patrimoineduquebec.com\/sites\/sample-page\/olympus-digital-camera-5\/\" class=\"wp-image-119\" srcset=\"https:\/\/patrimoineduquebec.com\/sites\/wp-content\/uploads\/2020\/08\/P8010045-1024x768.jpg 1024w, https:\/\/patrimoineduquebec.com\/sites\/wp-content\/uploads\/2020\/08\/P8010045-300x225.jpg 300w, https:\/\/patrimoineduquebec.com\/sites\/wp-content\/uploads\/2020\/08\/P8010045-768x576.jpg 768w, https:\/\/patrimoineduquebec.com\/sites\/wp-content\/uploads\/2020\/08\/P8010045-1536x1152.jpg 1536w, https:\/\/patrimoineduquebec.com\/sites\/wp-content\/uploads\/2020\/08\/P8010045-2048x1536.jpg 2048w\" sizes=\"auto, (max-width: 1024px) 100vw, 1024px\" \/><\/figure><\/li><li class=\"blocks-gallery-item\"><figure><img loading=\"lazy\" decoding=\"async\" width=\"1024\" height=\"768\" src=\"https:\/\/patrimoineduquebec.com\/sites\/wp-content\/uploads\/2020\/08\/IMG_1198-1024x768.jpg\" alt=\"\" data-id=\"126\" data-full-url=\"https:\/\/patrimoineduquebec.com\/sites\/wp-content\/uploads\/2020\/08\/IMG_1198-scaled.jpg\" data-link=\"https:\/\/patrimoineduquebec.com\/sites\/sample-page\/img_1198\/\" class=\"wp-image-126\" srcset=\"https:\/\/patrimoineduquebec.com\/sites\/wp-content\/uploads\/2020\/08\/IMG_1198-1024x768.jpg 1024w, https:\/\/patrimoineduquebec.com\/sites\/wp-content\/uploads\/2020\/08\/IMG_1198-300x225.jpg 300w, https:\/\/patrimoineduquebec.com\/sites\/wp-content\/uploads\/2020\/08\/IMG_1198-768x576.jpg 768w, https:\/\/patrimoineduquebec.com\/sites\/wp-content\/uploads\/2020\/08\/IMG_1198-1536x1152.jpg 1536w, https:\/\/patrimoineduquebec.com\/sites\/wp-content\/uploads\/2020\/08\/IMG_1198-2048x1536.jpg 2048w\" sizes=\"auto, (max-width: 1024px) 100vw, 1024px\" \/><\/figure><\/li><\/ul><\/figure>\n","protected":false},"excerpt":{"rendered":"<p>C\u2019est avec l\u2019aide et le support de nombreux collaborateurs, amis et famille que l\u2019\u00e9laboration de ces sites a \u00e9t\u00e9 rendue possible.&nbsp; Monique Bellemare<\/p>\n","protected":false},"author":1,"featured_media":0,"parent":0,"menu_order":0,"comment_status":"closed","ping_status":"open","template":"","meta":{"footnotes":""},"class_list":["post-2","page","type-page","status-publish","hentry"],"_links":{"self":[{"href":"https:\/\/patrimoineduquebec.com\/sites\/wp-json\/wp\/v2\/pages\/2","targetHints":{"allow":["GET"]}}],"collection":[{"href":"https:\/\/patrimoineduquebec.com\/sites\/wp-json\/wp\/v2\/pages"}],"about":[{"href":"https:\/\/patrimoineduquebec.com\/sites\/wp-json\/wp\/v2\/types\/page"}],"author":[{"embeddable":true,"href":"https:\/\/patrimoineduquebec.com\/sites\/wp-json\/wp\/v2\/users\/1"}],"replies":[{"embeddable":true,"href":"https:\/\/patrimoineduquebec.com\/sites\/wp-json\/wp\/v2\/comments?post=2"}],"version-history":[{"count":34,"href":"https:\/\/patrimoineduquebec.com\/sites\/wp-json\/wp\/v2\/pages\/2\/revisions"}],"predecessor-version":[{"id":136,"href":"https:\/\/patrimoineduquebec.com\/sites\/wp-json\/wp\/v2\/pages\/2\/revisions\/136"}],"wp:attachment":[{"href":"https:\/\/patrimoineduquebec.com\/sites\/wp-json\/wp\/v2\/media?parent=2"}],"curies":[{"name":"wp","href":"https:\/\/api.w.org\/{rel}","templated":true}]}}