{"id":9,"date":"2019-04-22T18:09:24","date_gmt":"2019-04-22T18:09:24","guid":{"rendered":"https:\/\/patrimoineduquebec.com\/eglisesduquebec\/?page_id=9"},"modified":"2026-02-09T21:45:33","modified_gmt":"2026-02-09T21:45:33","slug":"repertoire","status":"publish","type":"page","link":"https:\/\/patrimoineduquebec.com\/eglisesduquebec\/repertoire\/","title":{"rendered":"R\u00e9pertoire"},"content":{"rendered":"\n<p class=\"has-text-align-center has-large-font-size\">Liste des dioc\u00e8ses<\/p>\n\n\n\n<p style=\"font-size:30px\"><a href=\"https:\/\/patrimoineduquebec.com\/eglisesduquebec\/amos\/\">Dioc\u00e8se d&rsquo;Amos<\/a><br><\/p>\n\n\n\n<p style=\"font-size:30px\"><a href=\"https:\/\/patrimoineduquebec.com\/eglisesduquebec\/baie-comeau\/\">Dioc\u00e8se de Baie-Comeau<\/a><br><\/p>\n\n\n\n<p style=\"font-size:30px\"><a href=\"https:\/\/patrimoineduquebec.com\/eglisesduquebec\/chicoutimi\/\">Dioc\u00e8se de Chicoutimi<\/a><br><\/p>\n\n\n\n<p style=\"font-size:30px\"><a href=\"https:\/\/patrimoineduquebec.com\/eglisesduquebec\/gaspe\/\">Dioc\u00e8se de Gasp\u00e9<\/a><br><\/p>\n\n\n\n<p style=\"font-size:30px\"><a href=\"https:\/\/patrimoineduquebec.com\/eglisesduquebec\/gatineau\/\">Dioc\u00e8se de Gatineau<\/a><br><\/p>\n\n\n\n<p style=\"font-size:30px\"><a href=\"https:\/\/patrimoineduquebec.com\/eglisesduquebec\/joliette\/\">Dioc\u00e8se de Joliette<\/a><br><\/p>\n\n\n\n<p style=\"font-size:30px\">Dioc\u00e8se de Mont-Laurier (Voir Saint-J\u00e9r\u00f4me)<\/p>\n\n\n\n<p><\/p>\n\n\n\n<p style=\"font-size:30px\"><a href=\"https:\/\/patrimoineduquebec.com\/eglisesduquebec\/montreal\/\">Dioc\u00e8se de Montr\u00e9al<\/a><br><\/p>\n\n\n\n<p style=\"font-size:30px\"><a href=\"https:\/\/patrimoineduquebec.com\/eglisesduquebec\/nicolet\/\">Dioc\u00e8se de Nicolet<\/a><br><\/p>\n\n\n\n<p style=\"font-size:30px\"><a href=\"https:\/\/patrimoineduquebec.com\/eglisesduquebec\/pembroke\/\">Dioc\u00e8se de Pembroke<\/a><br><\/p>\n\n\n\n<p style=\"font-size:30px\"><a href=\"https:\/\/patrimoineduquebec.com\/eglisesduquebec\/quebec\/\">Dioc\u00e8se de Qu\u00e9bec<\/a><br><\/p>\n\n\n\n<p style=\"font-size:30px\"><a href=\"https:\/\/patrimoineduquebec.com\/eglisesduquebec\/rimouski\/\">Dioc\u00e8se de Rimouski<\/a><br><\/p>\n\n\n\n<p style=\"font-size:30px\"><a href=\"https:\/\/patrimoineduquebec.com\/eglisesduquebec\/rouyn-noranda\/\">Dioc\u00e8se de Rouyn-Noranda<\/a><br><\/p>\n\n\n\n<p style=\"font-size:30px\"><a href=\"https:\/\/patrimoineduquebec.com\/eglisesduquebec\/sherbrooke\/\">Dioc\u00e8se de Sherbrooke<\/a><br><\/p>\n\n\n\n<p style=\"font-size:30px\"><a href=\"https:\/\/patrimoineduquebec.com\/eglisesduquebec\/saint-hyacinthe\/\">Dioc\u00e8se de Saint-Hyacinthe<\/a><br><\/p>\n\n\n\n<p style=\"font-size:30px\"><a href=\"https:\/\/patrimoineduquebec.com\/eglisesduquebec\/saint-jean-longueuil\/\">Dioc\u00e8se de Saint-Jean-Longueuil<\/a><br><\/p>\n\n\n\n<p style=\"font-size:30px\"><a href=\"https:\/\/patrimoineduquebec.com\/eglisesduquebec\/saint-jerome\/\" data-type=\"page\" data-id=\"2286\">Dioc\u00e8se de Saint-J\u00e9r\u00f4me-Mont-Laurier (Saint-J\u00e9r\u00f4me)<\/a><\/p>\n\n\n\n<p><\/p>\n\n\n\n<p style=\"font-size:30px\"><a href=\"https:\/\/patrimoineduquebec.com\/eglisesduquebec\/mont-laurier\/\">Dioc\u00e8se de Saint-J\u00e9r\u00f4me-Mont-Laurier (Mont-Laurier)<\/a><br><\/p>\n\n\n\n<p style=\"font-size:30px\"><a href=\"https:\/\/patrimoineduquebec.com\/eglisesduquebec\/sainte-anne-de-la-pocatiere\/\">Dioc\u00e8se de Sainte-Anne-de-la-Pocati\u00e8re<\/a><br><\/p>\n\n\n\n<p style=\"font-size:30px\"><a href=\"https:\/\/patrimoineduquebec.com\/eglisesduquebec\/trois-rivieres\/\">Dioc\u00e8se de Trois-Rivi\u00e8res<\/a><br><\/p>\n\n\n\n<p style=\"font-size:30px\"><a href=\"https:\/\/patrimoineduquebec.com\/eglisesduquebec\/valleyfield\/\">Dioc\u00e8se de Valleyfield<\/a><\/p>\n\n\n\n<p><\/p>\n\n\n\n<p class=\"has-vivid-cyan-blue-color has-text-color\">Pour me rejoindre : <a href=\"mailto:monbel43@me.com\">monbel43@me.com<\/a><\/p>\n","protected":false},"excerpt":{"rendered":"<p>Liste des dioc\u00e8ses Dioc\u00e8se d&rsquo;Amos Dioc\u00e8se de Baie-Comeau Dioc\u00e8se de Chicoutimi Dioc\u00e8se de Gasp\u00e9 Dioc\u00e8se de Gatineau Dioc\u00e8se de Joliette&hellip;<\/p>\n","protected":false},"author":1,"featured_media":0,"parent":0,"menu_order":0,"comment_status":"closed","ping_status":"closed","template":"","meta":{"footnotes":""},"class_list":["post-9","page","type-page","status-publish","hentry"],"_links":{"self":[{"href":"https:\/\/patrimoineduquebec.com\/eglisesduquebec\/wp-json\/wp\/v2\/pages\/9","targetHints":{"allow":["GET"]}}],"collection":[{"href":"https:\/\/patrimoineduquebec.com\/eglisesduquebec\/wp-json\/wp\/v2\/pages"}],"about":[{"href":"https:\/\/patrimoineduquebec.com\/eglisesduquebec\/wp-json\/wp\/v2\/types\/page"}],"author":[{"embeddable":true,"href":"https:\/\/patrimoineduquebec.com\/eglisesduquebec\/wp-json\/wp\/v2\/users\/1"}],"replies":[{"embeddable":true,"href":"https:\/\/patrimoineduquebec.com\/eglisesduquebec\/wp-json\/wp\/v2\/comments?post=9"}],"version-history":[{"count":40,"href":"https:\/\/patrimoineduquebec.com\/eglisesduquebec\/wp-json\/wp\/v2\/pages\/9\/revisions"}],"predecessor-version":[{"id":4897,"href":"https:\/\/patrimoineduquebec.com\/eglisesduquebec\/wp-json\/wp\/v2\/pages\/9\/revisions\/4897"}],"wp:attachment":[{"href":"https:\/\/patrimoineduquebec.com\/eglisesduquebec\/wp-json\/wp\/v2\/media?parent=9"}],"curies":[{"name":"wp","href":"https:\/\/api.w.org\/{rel}","templated":true}]}}