{"id":10,"date":"2019-04-22T18:09:24","date_gmt":"2019-04-22T18:09:24","guid":{"rendered":"https:\/\/patrimoineduquebec.com\/eglisesduquebec\/?page_id=10"},"modified":"2025-01-11T18:28:47","modified_gmt":"2025-01-11T18:28:47","slug":"a-propos-de-moi","status":"publish","type":"page","link":"https:\/\/patrimoineduquebec.com\/eglisesduquebec\/a-propos-de-moi\/","title":{"rendered":"\u00c0 propos de moi"},"content":{"rendered":"\n<figure class=\"wp-block-gallery columns-2 is-cropped wp-block-gallery-1 is-layout-flex wp-block-gallery-is-layout-flex\"><ul class=\"blocks-gallery-grid\"><li class=\"blocks-gallery-item\"><figure><img loading=\"lazy\" decoding=\"async\" width=\"1024\" height=\"768\" src=\"https:\/\/patrimoineduquebec.com\/eglisesduquebec\/wp-content\/uploads\/2025\/01\/IMG_0247-1024x768.png\" alt=\"\" data-id=\"4698\" data-full-url=\"https:\/\/patrimoineduquebec.com\/eglisesduquebec\/wp-content\/uploads\/2025\/01\/IMG_0247.png\" data-link=\"https:\/\/patrimoineduquebec.com\/eglisesduquebec\/a-propos-de-moi\/img_0247-2\/\" class=\"wp-image-4698\" srcset=\"https:\/\/patrimoineduquebec.com\/eglisesduquebec\/wp-content\/uploads\/2025\/01\/IMG_0247-1024x768.png 1024w, https:\/\/patrimoineduquebec.com\/eglisesduquebec\/wp-content\/uploads\/2025\/01\/IMG_0247-300x225.png 300w, https:\/\/patrimoineduquebec.com\/eglisesduquebec\/wp-content\/uploads\/2025\/01\/IMG_0247-768x576.png 768w, https:\/\/patrimoineduquebec.com\/eglisesduquebec\/wp-content\/uploads\/2025\/01\/IMG_0247-120x90.png 120w, https:\/\/patrimoineduquebec.com\/eglisesduquebec\/wp-content\/uploads\/2025\/01\/IMG_0247.png 1280w\" sizes=\"auto, (max-width: 1024px) 100vw, 1024px\" \/><\/figure><\/li><li class=\"blocks-gallery-item\"><figure><img loading=\"lazy\" decoding=\"async\" width=\"1024\" height=\"768\" src=\"https:\/\/patrimoineduquebec.com\/eglisesduquebec\/wp-content\/uploads\/2019\/04\/stoke-G\u00e9rald-Arbour-N4-1024x768.jpeg\" alt=\"\" data-id=\"88\" data-link=\"https:\/\/patrimoineduquebec.com\/eglisesduquebec\/a-propos-de-moi\/stoke\/\" class=\"wp-image-88\" srcset=\"https:\/\/patrimoineduquebec.com\/eglisesduquebec\/wp-content\/uploads\/2019\/04\/stoke-G\u00e9rald-Arbour-N4-1024x768.jpeg 1024w, https:\/\/patrimoineduquebec.com\/eglisesduquebec\/wp-content\/uploads\/2019\/04\/stoke-G\u00e9rald-Arbour-N4-300x225.jpeg 300w, https:\/\/patrimoineduquebec.com\/eglisesduquebec\/wp-content\/uploads\/2019\/04\/stoke-G\u00e9rald-Arbour-N4-768x576.jpeg 768w\" sizes=\"auto, (max-width: 1024px) 100vw, 1024px\" \/><\/figure><\/li><\/ul><\/figure>\n\n\n\n<p>Mon nom est Monique Bellemare. Retrait\u00e9e depuis 1997, j\u2019occupe une partie de mes loisirs \u00e0 faire de la photographie et des recherches sur certains \u00e9l\u00e9ments du patrimoine qu\u00e9b\u00e9cois. Je ne suis sp\u00e9cialiste sur aucun sujet en particulier mais je reste une grande amateure de tout \u00e9l\u00e9ment patrimonial.<br><\/p>\n\n\n\n<p>J\u2019ai photographi\u00e9 tous les ponts couverts encore en place au Qu\u00e9bec. Pr\u00e8s de 2 000 photos d\u2019\u00e9glises de toutes les r\u00e9gions remplissent mes albums-photos. J&rsquo;ai aussi cr\u00e9\u00e9 des site web sur les moulins \u00e0 vent du Qu\u00e9bec, les vieilles gares et les croix de chemin. Je peux dire que j\u2019ai parcouru la belle province dans \u00e0 peu pr\u00e8s toute son \u00e9tendue. <br><\/p>\n\n\n\n<p>Plusieurs fois par ann\u00e9e, je pr\u00e9sente mes photos dans diverses expositions de collectionneurs. Les gens sont toujours heureux de voir un \u00e9l\u00e9ment du patrimoine qui les a marqu\u00e9s dans le pass\u00e9 et d\u2019\u00e9changer avec moi sur le sujet. Les photos d\u2019\u00e9glises sont parmi celles qui int\u00e9ressent davantage les gens. Ils aiment retrouver l\u2019\u00e9glise o\u00f9 ils ont \u00e9t\u00e9 baptis\u00e9s, se sont mari\u00e9s.<br><\/p>\n\n\n\n<p>N\u2019h\u00e9sitez pas \u00e0 me communiquer de l\u2019information qui pourrait m\u2019int\u00e9resser ou \u00e0 me poser toute question \u00e0 laquelle je r\u00e9pondrai au meilleur de ma connaissance.<\/p>\n\n\n\n<p class=\"has-vivid-cyan-blue-color has-text-color\">Pour me rejoindre : <a href=\"mailto:monbel43@me.com\" target=\"_blank\" rel=\"noreferrer noopener\">monbel43@me.com<\/a><\/p>\n\n\n\n<figure class=\"wp-block-gallery columns-6 is-cropped wp-block-gallery-2 is-layout-flex wp-block-gallery-is-layout-flex\"><ul class=\"blocks-gallery-grid\"><li class=\"blocks-gallery-item\"><figure><img loading=\"lazy\" decoding=\"async\" width=\"768\" height=\"1024\" src=\"https:\/\/patrimoineduquebec.com\/eglisesduquebec\/wp-content\/uploads\/2019\/04\/St-Eug\u00e8ne-de-Grantham-768x1024.jpg\" alt=\"\" data-id=\"91\" data-link=\"https:\/\/patrimoineduquebec.com\/eglisesduquebec\/a-propos-de-moi\/st-eugene-de-grantham\/\" class=\"wp-image-91\" srcset=\"https:\/\/patrimoineduquebec.com\/eglisesduquebec\/wp-content\/uploads\/2019\/04\/St-Eug\u00e8ne-de-Grantham-768x1024.jpg 768w, https:\/\/patrimoineduquebec.com\/eglisesduquebec\/wp-content\/uploads\/2019\/04\/St-Eug\u00e8ne-de-Grantham-225x300.jpg 225w\" sizes=\"auto, (max-width: 768px) 100vw, 768px\" \/><\/figure><\/li><li class=\"blocks-gallery-item\"><figure><img loading=\"lazy\" decoding=\"async\" width=\"768\" height=\"1024\" src=\"https:\/\/patrimoineduquebec.com\/eglisesduquebec\/wp-content\/uploads\/2019\/04\/DSCN9210-768x1024.jpg\" alt=\"\" data-id=\"92\" data-link=\"https:\/\/patrimoineduquebec.com\/eglisesduquebec\/a-propos-de-moi\/dscn9210\/\" class=\"wp-image-92\" srcset=\"https:\/\/patrimoineduquebec.com\/eglisesduquebec\/wp-content\/uploads\/2019\/04\/DSCN9210-768x1024.jpg 768w, https:\/\/patrimoineduquebec.com\/eglisesduquebec\/wp-content\/uploads\/2019\/04\/DSCN9210-225x300.jpg 225w\" sizes=\"auto, (max-width: 768px) 100vw, 768px\" \/><\/figure><\/li><li class=\"blocks-gallery-item\"><figure><img loading=\"lazy\" decoding=\"async\" width=\"768\" height=\"1024\" src=\"https:\/\/patrimoineduquebec.com\/eglisesduquebec\/wp-content\/uploads\/2019\/04\/Lavaltrie-768x1024.jpg\" alt=\"\" data-id=\"93\" data-link=\"https:\/\/patrimoineduquebec.com\/eglisesduquebec\/a-propos-de-moi\/lavaltrie\/\" class=\"wp-image-93\" srcset=\"https:\/\/patrimoineduquebec.com\/eglisesduquebec\/wp-content\/uploads\/2019\/04\/Lavaltrie-768x1024.jpg 768w, https:\/\/patrimoineduquebec.com\/eglisesduquebec\/wp-content\/uploads\/2019\/04\/Lavaltrie-225x300.jpg 225w\" sizes=\"auto, (max-width: 768px) 100vw, 768px\" \/><\/figure><\/li><li class=\"blocks-gallery-item\"><figure><img loading=\"lazy\" decoding=\"async\" width=\"768\" height=\"1024\" src=\"https:\/\/patrimoineduquebec.com\/eglisesduquebec\/wp-content\/uploads\/2019\/04\/2-768x1024.jpeg\" alt=\"\" data-id=\"94\" data-link=\"https:\/\/patrimoineduquebec.com\/eglisesduquebec\/a-propos-de-moi\/attachment\/2\/\" class=\"wp-image-94\" srcset=\"https:\/\/patrimoineduquebec.com\/eglisesduquebec\/wp-content\/uploads\/2019\/04\/2-768x1024.jpeg 768w, https:\/\/patrimoineduquebec.com\/eglisesduquebec\/wp-content\/uploads\/2019\/04\/2-225x300.jpeg 225w\" sizes=\"auto, (max-width: 768px) 100vw, 768px\" \/><\/figure><\/li><\/ul><\/figure>\n","protected":false},"excerpt":{"rendered":"<p>Mon nom est Monique Bellemare. Retrait\u00e9e depuis 1997, j\u2019occupe une partie de mes loisirs \u00e0 faire de la photographie et&hellip;<\/p>\n","protected":false},"author":1,"featured_media":0,"parent":0,"menu_order":0,"comment_status":"closed","ping_status":"closed","template":"","meta":{"footnotes":""},"class_list":["post-10","page","type-page","status-publish","hentry"],"_links":{"self":[{"href":"https:\/\/patrimoineduquebec.com\/eglisesduquebec\/wp-json\/wp\/v2\/pages\/10","targetHints":{"allow":["GET"]}}],"collection":[{"href":"https:\/\/patrimoineduquebec.com\/eglisesduquebec\/wp-json\/wp\/v2\/pages"}],"about":[{"href":"https:\/\/patrimoineduquebec.com\/eglisesduquebec\/wp-json\/wp\/v2\/types\/page"}],"author":[{"embeddable":true,"href":"https:\/\/patrimoineduquebec.com\/eglisesduquebec\/wp-json\/wp\/v2\/users\/1"}],"replies":[{"embeddable":true,"href":"https:\/\/patrimoineduquebec.com\/eglisesduquebec\/wp-json\/wp\/v2\/comments?post=10"}],"version-history":[{"count":11,"href":"https:\/\/patrimoineduquebec.com\/eglisesduquebec\/wp-json\/wp\/v2\/pages\/10\/revisions"}],"predecessor-version":[{"id":4699,"href":"https:\/\/patrimoineduquebec.com\/eglisesduquebec\/wp-json\/wp\/v2\/pages\/10\/revisions\/4699"}],"wp:attachment":[{"href":"https:\/\/patrimoineduquebec.com\/eglisesduquebec\/wp-json\/wp\/v2\/media?parent=10"}],"curies":[{"name":"wp","href":"https:\/\/api.w.org\/{rel}","templated":true}]}}