{"id":51,"date":"2019-04-07T19:18:07","date_gmt":"2019-04-07T19:18:07","guid":{"rendered":"https:\/\/patrimoineduquebec.com\/bouteillesdelait\/?page_id=51"},"modified":"2024-11-29T18:00:32","modified_gmt":"2024-11-29T18:00:32","slug":"autres-items","status":"publish","type":"page","link":"https:\/\/patrimoineduquebec.com\/bouteillesdelait\/autres-items\/","title":{"rendered":"Autres items"},"content":{"rendered":"\n<p class=\"has-vivid-cyan-blue-color has-text-color has-large-font-size\"><a href=\"https:\/\/patrimoineduquebec.com\/bouteillesdelait\/bons-de-lait-en-papier\/\" data-type=\"page\" data-id=\"4412\">Bons de lait en papier (unit\u00e9)<\/a><\/p>\n\n\n\n<p class=\"has-vivid-cyan-blue-color has-text-color has-large-font-size\"><a href=\"https:\/\/patrimoineduquebec.com\/bouteillesdelait\/calendriers\/\">Calendriers<\/a><\/p>\n\n\n\n<p><\/p>\n\n\n\n<p class=\"has-vivid-cyan-blue-color has-text-color has-large-font-size\"><a href=\"https:\/\/patrimoineduquebec.com\/bouteillesdelait\/cartes-de-lait\/\">Cartes de lait<\/a><\/p>\n\n\n\n<p><\/p>\n\n\n\n<p class=\"has-vivid-cyan-blue-color has-text-color has-large-font-size\"><a href=\"https:\/\/patrimoineduquebec.com\/bouteillesdelait\/cartes-de-bons-de-lait\/\">Cartes de bons de lait<\/a><\/p>\n\n\n\n<p class=\"has-vivid-cyan-blue-color has-text-color has-large-font-size\"><a href=\"https:\/\/patrimoineduquebec.com\/bouteillesdelait\/cartons-de-lait\/\" data-type=\"page\" data-id=\"3404\">Cartons de lait<\/a><\/p>\n\n\n\n<p class=\"has-vivid-cyan-blue-color has-text-color has-large-font-size\"><a href=\"https:\/\/patrimoineduquebec.com\/bouteillesdelait\/cendriers\/\" data-type=\"page\" data-id=\"2243\">Cendriers<\/a><\/p>\n\n\n\n<p class=\"has-vivid-cyan-blue-color has-text-color has-large-font-size\"><a href=\"https:\/\/patrimoineduquebec.com\/bouteillesdelait\/contenants-de-creme-glacee\/\" data-type=\"page\" data-id=\"3345\">Contenants de cr\u00e8me glac\u00e9e<\/a><\/p>\n\n\n\n<p><\/p>\n\n\n\n<p class=\"has-vivid-cyan-blue-color has-text-color has-large-font-size\"><a href=\"https:\/\/patrimoineduquebec.com\/bouteillesdelait\/ecussons\/\">\u00c9cussons<\/a><\/p>\n\n\n\n<p><\/p>\n\n\n\n<p class=\"has-vivid-cyan-blue-color has-text-color has-large-font-size\"><a href=\"https:\/\/patrimoineduquebec.com\/bouteillesdelait\/enveloppes-de-beurre\/\">Enveloppes de beurre<\/a><\/p>\n\n\n\n<p><\/p>\n\n\n\n<p class=\"has-vivid-cyan-blue-color has-text-color has-large-font-size\"><a href=\"https:\/\/patrimoineduquebec.com\/bouteillesdelait\/etiquettes-de-bidons\/\" data-type=\"page\" data-id=\"3450\">\u00c9tiquettes de bidons<\/a><\/p>\n\n\n\n<p class=\"has-vivid-cyan-blue-color has-text-color has-large-font-size\"><a href=\"https:\/\/patrimoineduquebec.com\/bouteillesdelait\/factures\/\">Factures<\/a><\/p>\n\n\n\n<figure class=\"wp-block-gallery columns-6 wp-block-gallery-1 is-layout-flex wp-block-gallery-is-layout-flex\"><ul class=\"blocks-gallery-grid\"><li class=\"blocks-gallery-item\"><figure><img loading=\"lazy\" decoding=\"async\" width=\"531\" height=\"694\" src=\"https:\/\/patrimoineduquebec.com\/bouteillesdelait\/wp-content\/uploads\/2019\/04\/Num\u00e9riser-copie-6-1.jpeg\" alt=\"\" data-id=\"2593\" data-link=\"https:\/\/patrimoineduquebec.com\/bouteillesdelait\/cartes-de-bons-de-lait\/numeriser-copie-6-3\/\" class=\"wp-image-2593\" srcset=\"https:\/\/patrimoineduquebec.com\/bouteillesdelait\/wp-content\/uploads\/2019\/04\/Num\u00e9riser-copie-6-1.jpeg 531w, https:\/\/patrimoineduquebec.com\/bouteillesdelait\/wp-content\/uploads\/2019\/04\/Num\u00e9riser-copie-6-1-230x300.jpeg 230w\" sizes=\"auto, (max-width: 531px) 100vw, 531px\" \/><\/figure><\/li><li class=\"blocks-gallery-item\"><figure><img loading=\"lazy\" decoding=\"async\" width=\"758\" height=\"1024\" src=\"https:\/\/patrimoineduquebec.com\/bouteillesdelait\/wp-content\/uploads\/2019\/04\/12-1-758x1024.jpg\" alt=\"\" data-id=\"2432\" data-link=\"https:\/\/patrimoineduquebec.com\/bouteillesdelait\/calendriers\/12-2\/\" class=\"wp-image-2432\" srcset=\"https:\/\/patrimoineduquebec.com\/bouteillesdelait\/wp-content\/uploads\/2019\/04\/12-1-758x1024.jpg 758w, https:\/\/patrimoineduquebec.com\/bouteillesdelait\/wp-content\/uploads\/2019\/04\/12-1-222x300.jpg 222w, https:\/\/patrimoineduquebec.com\/bouteillesdelait\/wp-content\/uploads\/2019\/04\/12-1-768x1038.jpg 768w, https:\/\/patrimoineduquebec.com\/bouteillesdelait\/wp-content\/uploads\/2019\/04\/12-1.jpg 1969w\" sizes=\"auto, (max-width: 758px) 100vw, 758px\" \/><\/figure><\/li><li class=\"blocks-gallery-item\"><figure><img loading=\"lazy\" decoding=\"async\" width=\"496\" height=\"716\" src=\"https:\/\/patrimoineduquebec.com\/bouteillesdelait\/wp-content\/uploads\/2019\/04\/051.jpg\" alt=\"\" data-id=\"2329\" data-link=\"https:\/\/patrimoineduquebec.com\/bouteillesdelait\/enveloppes-de-beurre\/051-2\/\" class=\"wp-image-2329\" srcset=\"https:\/\/patrimoineduquebec.com\/bouteillesdelait\/wp-content\/uploads\/2019\/04\/051.jpg 496w, https:\/\/patrimoineduquebec.com\/bouteillesdelait\/wp-content\/uploads\/2019\/04\/051-208x300.jpg 208w\" sizes=\"auto, (max-width: 496px) 100vw, 496px\" \/><\/figure><\/li><li class=\"blocks-gallery-item\"><figure><img loading=\"lazy\" decoding=\"async\" width=\"1024\" height=\"643\" src=\"https:\/\/patrimoineduquebec.com\/bouteillesdelait\/wp-content\/uploads\/2019\/04\/Num\u00e9riser-5-13-1024x643.jpeg\" alt=\"\" data-id=\"2503\" data-link=\"https:\/\/patrimoineduquebec.com\/bouteillesdelait\/cartes-de-lait\/numeriser-5-14\/\" class=\"wp-image-2503\" srcset=\"https:\/\/patrimoineduquebec.com\/bouteillesdelait\/wp-content\/uploads\/2019\/04\/Num\u00e9riser-5-13-1024x643.jpeg 1024w, https:\/\/patrimoineduquebec.com\/bouteillesdelait\/wp-content\/uploads\/2019\/04\/Num\u00e9riser-5-13-300x188.jpeg 300w, https:\/\/patrimoineduquebec.com\/bouteillesdelait\/wp-content\/uploads\/2019\/04\/Num\u00e9riser-5-13-768x482.jpeg 768w, https:\/\/patrimoineduquebec.com\/bouteillesdelait\/wp-content\/uploads\/2019\/04\/Num\u00e9riser-5-13-542x340.jpeg 542w, https:\/\/patrimoineduquebec.com\/bouteillesdelait\/wp-content\/uploads\/2019\/04\/Num\u00e9riser-5-13.jpeg 1544w\" sizes=\"auto, (max-width: 1024px) 100vw, 1024px\" \/><\/figure><\/li><li class=\"blocks-gallery-item\"><figure><img loading=\"lazy\" decoding=\"async\" width=\"1024\" height=\"591\" src=\"https:\/\/patrimoineduquebec.com\/bouteillesdelait\/wp-content\/uploads\/2019\/04\/File0238-1-1024x591.jpg\" alt=\"\" data-id=\"2448\" data-link=\"https:\/\/patrimoineduquebec.com\/bouteillesdelait\/ecussons\/file0238-2\/\" class=\"wp-image-2448\" srcset=\"https:\/\/patrimoineduquebec.com\/bouteillesdelait\/wp-content\/uploads\/2019\/04\/File0238-1-1024x591.jpg 1024w, https:\/\/patrimoineduquebec.com\/bouteillesdelait\/wp-content\/uploads\/2019\/04\/File0238-1-300x173.jpg 300w, https:\/\/patrimoineduquebec.com\/bouteillesdelait\/wp-content\/uploads\/2019\/04\/File0238-1-768x443.jpg 768w, https:\/\/patrimoineduquebec.com\/bouteillesdelait\/wp-content\/uploads\/2019\/04\/File0238-1.jpg 1321w\" sizes=\"auto, (max-width: 1024px) 100vw, 1024px\" \/><\/figure><\/li><li class=\"blocks-gallery-item\"><figure><img loading=\"lazy\" decoding=\"async\" width=\"1024\" height=\"767\" src=\"https:\/\/patrimoineduquebec.com\/bouteillesdelait\/wp-content\/uploads\/2019\/04\/01-2-1024x767.jpg\" alt=\"\" data-id=\"2247\" data-link=\"https:\/\/patrimoineduquebec.com\/bouteillesdelait\/cendriers\/01-3\/\" class=\"wp-image-2247\" srcset=\"https:\/\/patrimoineduquebec.com\/bouteillesdelait\/wp-content\/uploads\/2019\/04\/01-2-1024x767.jpg 1024w, https:\/\/patrimoineduquebec.com\/bouteillesdelait\/wp-content\/uploads\/2019\/04\/01-2-300x225.jpg 300w, https:\/\/patrimoineduquebec.com\/bouteillesdelait\/wp-content\/uploads\/2019\/04\/01-2-768x575.jpg 768w\" sizes=\"auto, (max-width: 1024px) 100vw, 1024px\" \/><\/figure><\/li><\/ul><\/figure>\n\n\n\n<p><\/p>\n\n\n\n<div style=\"height:100px\" aria-hidden=\"true\" class=\"wp-block-spacer\"><\/div>\n","protected":false},"excerpt":{"rendered":"<p>Bons de lait en papier (unit\u00e9) Calendriers Cartes de lait Cartes de bons de lait Cartons de lait Cendriers Contenants de cr\u00e8me glac\u00e9e&#8230;<\/p>\n","protected":false},"author":1,"featured_media":0,"parent":0,"menu_order":0,"comment_status":"closed","ping_status":"closed","template":"","meta":{"footnotes":""},"class_list":["post-51","page","type-page","status-publish","hentry"],"_links":{"self":[{"href":"https:\/\/patrimoineduquebec.com\/bouteillesdelait\/wp-json\/wp\/v2\/pages\/51","targetHints":{"allow":["GET"]}}],"collection":[{"href":"https:\/\/patrimoineduquebec.com\/bouteillesdelait\/wp-json\/wp\/v2\/pages"}],"about":[{"href":"https:\/\/patrimoineduquebec.com\/bouteillesdelait\/wp-json\/wp\/v2\/types\/page"}],"author":[{"embeddable":true,"href":"https:\/\/patrimoineduquebec.com\/bouteillesdelait\/wp-json\/wp\/v2\/users\/1"}],"replies":[{"embeddable":true,"href":"https:\/\/patrimoineduquebec.com\/bouteillesdelait\/wp-json\/wp\/v2\/comments?post=51"}],"version-history":[{"count":40,"href":"https:\/\/patrimoineduquebec.com\/bouteillesdelait\/wp-json\/wp\/v2\/pages\/51\/revisions"}],"predecessor-version":[{"id":4568,"href":"https:\/\/patrimoineduquebec.com\/bouteillesdelait\/wp-json\/wp\/v2\/pages\/51\/revisions\/4568"}],"wp:attachment":[{"href":"https:\/\/patrimoineduquebec.com\/bouteillesdelait\/wp-json\/wp\/v2\/media?parent=51"}],"curies":[{"name":"wp","href":"https:\/\/api.w.org\/{rel}","templated":true}]}}