{"id":5,"date":"2019-04-07T18:17:49","date_gmt":"2019-04-07T18:17:49","guid":{"rendered":"https:\/\/patrimoineduquebec.com\/bouteillesdelait\/?page_id=5"},"modified":"2025-11-20T15:43:00","modified_gmt":"2025-11-20T15:43:00","slug":"les-bouteilles-de-lait-du-quebec","status":"publish","type":"page","link":"https:\/\/patrimoineduquebec.com\/bouteillesdelait\/","title":{"rendered":"\u00c0 propos de moi"},"content":{"rendered":"<p style=\"text-align: justify;\">Mon nom est Paul Conner. Je suis natif de Montr\u00e9al mais r\u00e9sident de Longueuil depuis 1964. Lorsque j\u2019expose ma collection de bouteilles, on me demande souvent si je suis un ancien laitier. Ce n\u2019est pas le cas puisque je faisais du transport g\u00e9n\u00e9ral.<\/p>\n\n\n<div style=\"height:24px\" aria-hidden=\"true\" class=\"wp-block-spacer\"><\/div>\n\n\n\n<div class=\"wp-block-media-text alignwide is-stacked-on-mobile\" style=\"grid-template-columns:31% auto\"><figure class=\"wp-block-media-text__media\"><img loading=\"lazy\" decoding=\"async\" width=\"768\" height=\"1024\" src=\"https:\/\/patrimoineduquebec.com\/bouteillesdelait\/wp-content\/uploads\/2019\/05\/IMG_1749-1-768x1024.jpeg\" alt=\"\" class=\"wp-image-2835 size-full\" srcset=\"https:\/\/patrimoineduquebec.com\/bouteillesdelait\/wp-content\/uploads\/2019\/05\/IMG_1749-1-768x1024.jpeg 768w, https:\/\/patrimoineduquebec.com\/bouteillesdelait\/wp-content\/uploads\/2019\/05\/IMG_1749-1-225x300.jpeg 225w\" sizes=\"auto, (max-width: 768px) 100vw, 768px\" \/><\/figure><div class=\"wp-block-media-text__content\">\n<p style=\"font-size:15px\">Ma collection a d\u00e9but\u00e9 il y a plus de 50 ans. Je ramassais quelques bouteilles dans des march\u00e9s aux puces simplement par plaisir. Finalement, la quantit\u00e9 a atteint l\u2019appellation de \u00abcollection\u00bb apr\u00e8s quelques ann\u00e9es. Au d\u00e9but, elles \u00e9taient faciles \u00e0 trouver et peu co\u00fbteuses. Viser la quantit\u00e9 est relativement facile mais l\u2019objectif de tout collectionneur est d\u2019aller chercher une pi\u00e8ce rare qu\u2019il est pratiquement seul \u00e0 poss\u00e9der. Le nombre de collectionneurs a augment\u00e9 et les offres sont de plus en plus rares. Il est donc difficile d\u2019\u00e9largir sa collection. Pour garder l\u2019int\u00e9r\u00eat, je me suis tourn\u00e9 vers la collection d\u2019items ayant rapport aux laiteries comme les bouchons et jetons de lait, calendriers offerts par des laiteries ou tout autre article promotionnel.<\/p>\n<\/div><\/div>\n\n\n\n<div style=\"height:30px\" aria-hidden=\"true\" class=\"wp-block-spacer\"><\/div>\n\n\n<p style=\"text-align: justify;\">Mon statut de retrait\u00e9 me permet de pr\u00e9senter ma collection dans diff\u00e9rentes&nbsp;expositions de collectionneurs. Il est toujours agr\u00e9able de parler d\u2019un sujet qui nous passionne et d\u2019\u00e9changer avec les visiteurs.&nbsp;<\/p>\n\n\n<div style=\"height:20px\" aria-hidden=\"true\" class=\"wp-block-spacer\"><\/div>\n\n\n<p style=\"text-align: justify;\">Le but de ce site est de pr\u00e9senter toutes les bouteilles de ma collection ainsi que d\u2019autres items li\u00e9s \u00e0 l\u2019industrie laiti\u00e8re du si\u00e8cle dernier. En utilisant le menu du haut, vous pourrez acc\u00e9der aux photos des bouteilles, des bouchons et des autres articles. Bonne visite sur le site et n\u2019h\u00e9sitez pas \u00e0&nbsp;<span style=\"color: #0000ff;\"><a style=\"color: #0000ff;\" href=\"mailto:paulconner1939@icloud.com?subject=Site%20des%20bouteilles%20de%20lait\">me contacter<\/a><\/span>.<\/p>\n<\/p>\n\n\n<figure class=\"wp-block-gallery has-nested-images columns-4 wp-block-gallery-1 is-layout-flex wp-block-gallery-is-layout-flex\">\n<figure class=\"wp-block-image size-large\"><img loading=\"lazy\" decoding=\"async\" width=\"343\" height=\"343\" data-id=\"627\" src=\"https:\/\/patrimoineduquebec.com\/bouteillesdelait\/wp-content\/uploads\/2019\/04\/269.jpeg\" alt=\"\" class=\"wp-image-627\" srcset=\"https:\/\/patrimoineduquebec.com\/bouteillesdelait\/wp-content\/uploads\/2019\/04\/269.jpeg 343w, https:\/\/patrimoineduquebec.com\/bouteillesdelait\/wp-content\/uploads\/2019\/04\/269-150x150.jpeg 150w, https:\/\/patrimoineduquebec.com\/bouteillesdelait\/wp-content\/uploads\/2019\/04\/269-300x300.jpeg 300w\" sizes=\"auto, (max-width: 343px) 100vw, 343px\" \/><\/figure>\n\n\n\n<figure class=\"wp-block-image size-large\"><img loading=\"lazy\" decoding=\"async\" width=\"691\" height=\"690\" data-id=\"628\" src=\"https:\/\/patrimoineduquebec.com\/bouteillesdelait\/wp-content\/uploads\/2019\/04\/BouchonCreme.jpg\" alt=\"\" class=\"wp-image-628\" srcset=\"https:\/\/patrimoineduquebec.com\/bouteillesdelait\/wp-content\/uploads\/2019\/04\/BouchonCreme.jpg 691w, https:\/\/patrimoineduquebec.com\/bouteillesdelait\/wp-content\/uploads\/2019\/04\/BouchonCreme-150x150.jpg 150w, https:\/\/patrimoineduquebec.com\/bouteillesdelait\/wp-content\/uploads\/2019\/04\/BouchonCreme-300x300.jpg 300w, https:\/\/patrimoineduquebec.com\/bouteillesdelait\/wp-content\/uploads\/2019\/04\/BouchonCreme-600x600.jpg 600w\" sizes=\"auto, (max-width: 691px) 100vw, 691px\" \/><\/figure>\n\n\n\n<figure class=\"wp-block-image size-large\"><img loading=\"lazy\" decoding=\"async\" width=\"703\" height=\"695\" data-id=\"632\" src=\"https:\/\/patrimoineduquebec.com\/bouteillesdelait\/wp-content\/uploads\/2019\/04\/BouchonBedford.jpg\" alt=\"\" class=\"wp-image-632\" srcset=\"https:\/\/patrimoineduquebec.com\/bouteillesdelait\/wp-content\/uploads\/2019\/04\/BouchonBedford.jpg 703w, https:\/\/patrimoineduquebec.com\/bouteillesdelait\/wp-content\/uploads\/2019\/04\/BouchonBedford-300x297.jpg 300w\" sizes=\"auto, (max-width: 703px) 100vw, 703px\" \/><\/figure>\n\n\n\n<figure class=\"wp-block-image size-large\"><img loading=\"lazy\" decoding=\"async\" width=\"343\" height=\"343\" data-id=\"633\" src=\"https:\/\/patrimoineduquebec.com\/bouteillesdelait\/wp-content\/uploads\/2019\/04\/269-2.jpeg\" alt=\"\" class=\"wp-image-633\" srcset=\"https:\/\/patrimoineduquebec.com\/bouteillesdelait\/wp-content\/uploads\/2019\/04\/269-2.jpeg 343w, https:\/\/patrimoineduquebec.com\/bouteillesdelait\/wp-content\/uploads\/2019\/04\/269-2-150x150.jpeg 150w, https:\/\/patrimoineduquebec.com\/bouteillesdelait\/wp-content\/uploads\/2019\/04\/269-2-300x300.jpeg 300w\" sizes=\"auto, (max-width: 343px) 100vw, 343px\" \/><\/figure>\n<\/figure>\n","protected":false},"excerpt":{"rendered":"<p>Mon nom est Paul Conner. Je suis natif de Montr\u00e9al mais r\u00e9sident de Longueuil depuis 1964. Lorsque j\u2019expose ma collection de bouteilles, on&#8230;<\/p>\n","protected":false},"author":1,"featured_media":0,"parent":0,"menu_order":0,"comment_status":"closed","ping_status":"closed","template":"","meta":{"footnotes":""},"class_list":["post-5","page","type-page","status-publish","hentry"],"_links":{"self":[{"href":"https:\/\/patrimoineduquebec.com\/bouteillesdelait\/wp-json\/wp\/v2\/pages\/5","targetHints":{"allow":["GET"]}}],"collection":[{"href":"https:\/\/patrimoineduquebec.com\/bouteillesdelait\/wp-json\/wp\/v2\/pages"}],"about":[{"href":"https:\/\/patrimoineduquebec.com\/bouteillesdelait\/wp-json\/wp\/v2\/types\/page"}],"author":[{"embeddable":true,"href":"https:\/\/patrimoineduquebec.com\/bouteillesdelait\/wp-json\/wp\/v2\/users\/1"}],"replies":[{"embeddable":true,"href":"https:\/\/patrimoineduquebec.com\/bouteillesdelait\/wp-json\/wp\/v2\/comments?post=5"}],"version-history":[{"count":58,"href":"https:\/\/patrimoineduquebec.com\/bouteillesdelait\/wp-json\/wp\/v2\/pages\/5\/revisions"}],"predecessor-version":[{"id":4772,"href":"https:\/\/patrimoineduquebec.com\/bouteillesdelait\/wp-json\/wp\/v2\/pages\/5\/revisions\/4772"}],"wp:attachment":[{"href":"https:\/\/patrimoineduquebec.com\/bouteillesdelait\/wp-json\/wp\/v2\/media?parent=5"}],"curies":[{"name":"wp","href":"https:\/\/api.w.org\/{rel}","templated":true}]}}