{"id":43,"date":"2019-04-07T19:14:25","date_gmt":"2019-04-07T19:14:25","guid":{"rendered":"https:\/\/patrimoineduquebec.com\/bouteillesdelait\/?page_id=43"},"modified":"2022-10-30T13:08:45","modified_gmt":"2022-10-30T13:08:45","slug":"bouteilles-de-lait","status":"publish","type":"page","link":"https:\/\/patrimoineduquebec.com\/bouteillesdelait\/bouteilles-de-lait\/","title":{"rendered":"Bouteilles de lait"},"content":{"rendered":"\n<p class=\"has-text-color has-large-font-size\" style=\"color:#301fe8\"><a href=\"https:\/\/patrimoineduquebec.com\/bouteillesdelait\/demiards\/\">Demiards ronds<\/a><br><\/p>\n\n\n\n<div style=\"height:20px\" aria-hidden=\"true\" class=\"wp-block-spacer\"><\/div>\n\n\n\n<p class=\"has-text-color has-large-font-size\" style=\"color:#063ee5\"><a href=\"https:\/\/patrimoineduquebec.com\/bouteillesdelait\/chopines\/\">Chopines rondes<\/a><br><\/p>\n\n\n\n<div style=\"height:20px\" aria-hidden=\"true\" class=\"wp-block-spacer\"><\/div>\n\n\n\n<p class=\"has-text-color has-large-font-size\" style=\"color:#063ee5\"><a href=\"https:\/\/patrimoineduquebec.com\/bouteillesdelait\/pintes\/\">Pintes rondes<\/a><br><\/p>\n\n\n\n<div style=\"height:20px\" aria-hidden=\"true\" class=\"wp-block-spacer\"><\/div>\n\n\n\n<p class=\"has-text-color has-large-font-size\" style=\"color:#063ee5\"><a href=\"https:\/\/patrimoineduquebec.com\/bouteillesdelait\/demiards-carres\/\">Demiards carr\u00e9s&nbsp;<\/a><br><\/p>\n\n\n\n<div style=\"height:20px\" aria-hidden=\"true\" class=\"wp-block-spacer\"><\/div>\n\n\n\n<p class=\"has-text-color has-large-font-size\" style=\"color:#063ee5\"><a href=\"https:\/\/patrimoineduquebec.com\/bouteillesdelait\/chopines-carrees\/\">Chopines carr\u00e9es<\/a><br><\/p>\n\n\n\n<div style=\"height:20px\" aria-hidden=\"true\" class=\"wp-block-spacer\"><\/div>\n\n\n\n<p class=\"has-text-color has-large-font-size\" style=\"color:#063ee5\"><a href=\"https:\/\/patrimoineduquebec.com\/bouteillesdelait\/pintes-carrees\/\">Pintes carr\u00e9es<\/a><br><\/p>\n\n\n\n<div style=\"height:20px\" aria-hidden=\"true\" class=\"wp-block-spacer\"><\/div>\n\n\n\n<p class=\"has-text-color\" style=\"color:#063ee5;font-size:35px\"><a href=\"https:\/\/patrimoineduquebec.com\/bouteillesdelait\/bouteilles-embossees-de-longueuil\/\">Bouteilles emboss\u00e9es de Longueuil<\/a><\/p>\n\n\n\n<div style=\"height:20px\" aria-hidden=\"true\" class=\"wp-block-spacer\"><\/div>\n\n\n\n<p class=\"has-text-color has-large-font-size\" style=\"color:#063ee5\"><a href=\"https:\/\/patrimoineduquebec.com\/bouteillesdelait\/bouteilles-en-verre\/\" data-type=\"page\" data-id=\"3848\">Bouteilles en verre r\u00e9centes<\/a><\/p>\n\n\n\n<div style=\"height:50px\" aria-hidden=\"true\" class=\"wp-block-spacer\"><\/div>\n\n\n\n<figure class=\"wp-block-gallery columns-6 is-cropped wp-block-gallery-1 is-layout-flex wp-block-gallery-is-layout-flex\"><ul class=\"blocks-gallery-grid\"><li class=\"blocks-gallery-item\"><figure><img loading=\"lazy\" decoding=\"async\" width=\"683\" height=\"1024\" src=\"https:\/\/patrimoineduquebec.com\/bouteillesdelait\/wp-content\/uploads\/2019\/04\/St-Georges-3-1-683x1024.jpg\" alt=\"\" data-id=\"2706\" data-link=\"https:\/\/patrimoineduquebec.com\/bouteillesdelait\/bouteilles-de-lait\/st-georges-3-2\/\" class=\"wp-image-2706\" srcset=\"https:\/\/patrimoineduquebec.com\/bouteillesdelait\/wp-content\/uploads\/2019\/04\/St-Georges-3-1-683x1024.jpg 683w, https:\/\/patrimoineduquebec.com\/bouteillesdelait\/wp-content\/uploads\/2019\/04\/St-Georges-3-1-200x300.jpg 200w, https:\/\/patrimoineduquebec.com\/bouteillesdelait\/wp-content\/uploads\/2019\/04\/St-Georges-3-1-768x1152.jpg 768w, https:\/\/patrimoineduquebec.com\/bouteillesdelait\/wp-content\/uploads\/2019\/04\/St-Georges-3-1.jpg 1200w\" sizes=\"auto, (max-width: 683px) 100vw, 683px\" \/><\/figure><\/li><li class=\"blocks-gallery-item\"><figure><img loading=\"lazy\" decoding=\"async\" width=\"683\" height=\"1024\" src=\"https:\/\/patrimoineduquebec.com\/bouteillesdelait\/wp-content\/uploads\/2019\/04\/Cowansville-3-1-683x1024.jpg\" alt=\"\" data-id=\"2707\" data-link=\"https:\/\/patrimoineduquebec.com\/bouteillesdelait\/bouteilles-de-lait\/cowansville-3-2\/\" class=\"wp-image-2707\" srcset=\"https:\/\/patrimoineduquebec.com\/bouteillesdelait\/wp-content\/uploads\/2019\/04\/Cowansville-3-1-683x1024.jpg 683w, https:\/\/patrimoineduquebec.com\/bouteillesdelait\/wp-content\/uploads\/2019\/04\/Cowansville-3-1-200x300.jpg 200w, https:\/\/patrimoineduquebec.com\/bouteillesdelait\/wp-content\/uploads\/2019\/04\/Cowansville-3-1-768x1152.jpg 768w, https:\/\/patrimoineduquebec.com\/bouteillesdelait\/wp-content\/uploads\/2019\/04\/Cowansville-3-1.jpg 1200w\" sizes=\"auto, (max-width: 683px) 100vw, 683px\" \/><\/figure><\/li><li class=\"blocks-gallery-item\"><figure><img loading=\"lazy\" decoding=\"async\" width=\"683\" height=\"1024\" src=\"https:\/\/patrimoineduquebec.com\/bouteillesdelait\/wp-content\/uploads\/2019\/04\/Thurso-1-1-683x1024.jpg\" alt=\"\" data-id=\"2710\" data-link=\"https:\/\/patrimoineduquebec.com\/bouteillesdelait\/bouteilles-de-lait\/thurso-1-2\/\" class=\"wp-image-2710\" srcset=\"https:\/\/patrimoineduquebec.com\/bouteillesdelait\/wp-content\/uploads\/2019\/04\/Thurso-1-1-683x1024.jpg 683w, https:\/\/patrimoineduquebec.com\/bouteillesdelait\/wp-content\/uploads\/2019\/04\/Thurso-1-1-200x300.jpg 200w, https:\/\/patrimoineduquebec.com\/bouteillesdelait\/wp-content\/uploads\/2019\/04\/Thurso-1-1-768x1152.jpg 768w, https:\/\/patrimoineduquebec.com\/bouteillesdelait\/wp-content\/uploads\/2019\/04\/Thurso-1-1.jpg 1200w\" sizes=\"auto, (max-width: 683px) 100vw, 683px\" \/><\/figure><\/li><li class=\"blocks-gallery-item\"><figure><img loading=\"lazy\" decoding=\"async\" width=\"683\" height=\"1024\" src=\"https:\/\/patrimoineduquebec.com\/bouteillesdelait\/wp-content\/uploads\/2019\/04\/St-Georges-1-683x1024.jpeg\" alt=\"\" data-id=\"2715\" data-link=\"https:\/\/patrimoineduquebec.com\/bouteillesdelait\/bouteilles-de-lait\/st-georges-2\/\" class=\"wp-image-2715\" srcset=\"https:\/\/patrimoineduquebec.com\/bouteillesdelait\/wp-content\/uploads\/2019\/04\/St-Georges-1-683x1024.jpeg 683w, https:\/\/patrimoineduquebec.com\/bouteillesdelait\/wp-content\/uploads\/2019\/04\/St-Georges-1-200x300.jpeg 200w, https:\/\/patrimoineduquebec.com\/bouteillesdelait\/wp-content\/uploads\/2019\/04\/St-Georges-1-768x1152.jpeg 768w\" sizes=\"auto, (max-width: 683px) 100vw, 683px\" \/><\/figure><\/li><li class=\"blocks-gallery-item\"><figure><img loading=\"lazy\" decoding=\"async\" width=\"683\" height=\"1024\" src=\"https:\/\/patrimoineduquebec.com\/bouteillesdelait\/wp-content\/uploads\/2019\/04\/Mont-St-Hilaire-3-683x1024.jpg\" alt=\"\" data-id=\"2712\" data-link=\"https:\/\/patrimoineduquebec.com\/bouteillesdelait\/bouteilles-de-lait\/mont-st-hilaire-4\/\" class=\"wp-image-2712\" srcset=\"https:\/\/patrimoineduquebec.com\/bouteillesdelait\/wp-content\/uploads\/2019\/04\/Mont-St-Hilaire-3-683x1024.jpg 683w, https:\/\/patrimoineduquebec.com\/bouteillesdelait\/wp-content\/uploads\/2019\/04\/Mont-St-Hilaire-3-200x300.jpg 200w, https:\/\/patrimoineduquebec.com\/bouteillesdelait\/wp-content\/uploads\/2019\/04\/Mont-St-Hilaire-3-768x1152.jpg 768w, https:\/\/patrimoineduquebec.com\/bouteillesdelait\/wp-content\/uploads\/2019\/04\/Mont-St-Hilaire-3.jpg 1200w\" sizes=\"auto, (max-width: 683px) 100vw, 683px\" \/><\/figure><\/li><li class=\"blocks-gallery-item\"><figure><img loading=\"lazy\" decoding=\"async\" width=\"683\" height=\"1024\" src=\"https:\/\/patrimoineduquebec.com\/bouteillesdelait\/wp-content\/uploads\/2019\/04\/drummondville-683x1024.jpg\" alt=\"\" data-id=\"2711\" data-link=\"https:\/\/patrimoineduquebec.com\/bouteillesdelait\/bouteilles-de-lait\/drummondville-9\/\" class=\"wp-image-2711\" srcset=\"https:\/\/patrimoineduquebec.com\/bouteillesdelait\/wp-content\/uploads\/2019\/04\/drummondville-683x1024.jpg 683w, https:\/\/patrimoineduquebec.com\/bouteillesdelait\/wp-content\/uploads\/2019\/04\/drummondville-200x300.jpg 200w, https:\/\/patrimoineduquebec.com\/bouteillesdelait\/wp-content\/uploads\/2019\/04\/drummondville-768x1152.jpg 768w, https:\/\/patrimoineduquebec.com\/bouteillesdelait\/wp-content\/uploads\/2019\/04\/drummondville.jpg 1280w\" sizes=\"auto, (max-width: 683px) 100vw, 683px\" \/><\/figure><\/li><\/ul><\/figure>\n\n\n\n<div style=\"height:20px\" aria-hidden=\"true\" class=\"wp-block-spacer\"><\/div>\n","protected":false},"excerpt":{"rendered":"<p>Demiards ronds Chopines rondes Pintes rondes Demiards carr\u00e9s&nbsp; Chopines carr\u00e9es Pintes carr\u00e9es Bouteilles emboss\u00e9es de Longueuil Bouteilles en verre r\u00e9centes<\/p>\n","protected":false},"author":1,"featured_media":0,"parent":0,"menu_order":0,"comment_status":"closed","ping_status":"closed","template":"","meta":{"footnotes":""},"class_list":["post-43","page","type-page","status-publish","hentry"],"_links":{"self":[{"href":"https:\/\/patrimoineduquebec.com\/bouteillesdelait\/wp-json\/wp\/v2\/pages\/43","targetHints":{"allow":["GET"]}}],"collection":[{"href":"https:\/\/patrimoineduquebec.com\/bouteillesdelait\/wp-json\/wp\/v2\/pages"}],"about":[{"href":"https:\/\/patrimoineduquebec.com\/bouteillesdelait\/wp-json\/wp\/v2\/types\/page"}],"author":[{"embeddable":true,"href":"https:\/\/patrimoineduquebec.com\/bouteillesdelait\/wp-json\/wp\/v2\/users\/1"}],"replies":[{"embeddable":true,"href":"https:\/\/patrimoineduquebec.com\/bouteillesdelait\/wp-json\/wp\/v2\/comments?post=43"}],"version-history":[{"count":31,"href":"https:\/\/patrimoineduquebec.com\/bouteillesdelait\/wp-json\/wp\/v2\/pages\/43\/revisions"}],"predecessor-version":[{"id":3933,"href":"https:\/\/patrimoineduquebec.com\/bouteillesdelait\/wp-json\/wp\/v2\/pages\/43\/revisions\/3933"}],"wp:attachment":[{"href":"https:\/\/patrimoineduquebec.com\/bouteillesdelait\/wp-json\/wp\/v2\/media?parent=43"}],"curies":[{"name":"wp","href":"https:\/\/api.w.org\/{rel}","templated":true}]}}