{"id":98,"date":"2019-09-24T12:12:27","date_gmt":"2019-09-24T12:12:27","guid":{"rendered":"https:\/\/patrimoineduquebec.com\/GaresduQuebec\/?page_id=98"},"modified":"2019-09-27T12:54:28","modified_gmt":"2019-09-27T12:54:28","slug":"noranda","status":"publish","type":"page","link":"https:\/\/patrimoineduquebec.com\/GaresduQuebec\/noranda\/","title":{"rendered":"Noranda"},"content":{"rendered":"\n<div class=\"wp-block-image\"><figure class=\"aligncenter\"><a href=\"https:\/\/patrimoineduquebec.com\/GaresduQuebec\/wp-content\/uploads\/2019\/09\/PB140177.jpeg\"><img loading=\"lazy\" decoding=\"async\" width=\"1024\" height=\"768\" src=\"https:\/\/patrimoineduquebec.com\/GaresduQuebec\/wp-content\/uploads\/2019\/09\/PB140177-1024x768.jpeg\" alt=\"\" class=\"wp-image-104\" srcset=\"https:\/\/patrimoineduquebec.com\/GaresduQuebec\/wp-content\/uploads\/2019\/09\/PB140177-1024x768.jpeg 1024w, https:\/\/patrimoineduquebec.com\/GaresduQuebec\/wp-content\/uploads\/2019\/09\/PB140177-300x225.jpeg 300w, https:\/\/patrimoineduquebec.com\/GaresduQuebec\/wp-content\/uploads\/2019\/09\/PB140177-768x576.jpeg 768w\" sizes=\"auto, (max-width: 1024px) 100vw, 1024px\" \/><\/a><\/figure><\/div>\n\n\n\n<p><strong>Historique de la gare de Noranda<\/strong><br><\/p>\n\n\n\n<p>En 1925, la compagnie Noranda prend la d\u00e9cision d\u2019\u00e9riger sur le site de sa propri\u00e9t\u00e9 Horne une mine, une fonderie de cuivre et une ville. Se pose tr\u00e8s t\u00f4t le probl\u00e8me de l\u2019am\u00e9nagement de routes et surtout de voies ferr\u00e9es. La construction du chemin de fer vers le camp minier de Rouyn conduira \u00e0 une lutte politique entre le Qu\u00e9bec et l\u2019Ontario. Le TNOR (<em>Temiscaming and Northern Ontario Railway<\/em>) se trouvant \u00e0 moins de 50 km de la fronti\u00e8re interprovinciale, le gouvernement ontarien entreprendra de prolonger son r\u00e9seau ferroviaire vers Rouyn avec l\u2019intention de prolonger sa ligne jusqu\u2019au site du d\u00e9veloppement minier qui deviendra Val-d\u2019Or. Qu\u00e9bec s\u2019oppose farouchement \u00e0 ce projet. Il conteste en Cour supr\u00eame du Canada, puis au Conseil priv\u00e9 de Londres le droit du TNOR d\u2019op\u00e9rer sur son territoire. Le Qu\u00e9bec&nbsp; perd sa cause et le TNOR renonce \u00e0 \u00e9tendre sa ligne au-del\u00e0 de Rouyn.<br><\/p>\n\n\n\n<p>La gare du TNOR de Noranda fut inaugur\u00e9e en octobre 1927. La m\u00eame ann\u00e9e, la compagnie construisit une seconde gare \u00e0 moins de 2 km au sud, sur le territoire de la ville de Rouyn. La voie ferr\u00e9e entre les 2 gares fut compl\u00e9t\u00e9e en 1928. Le premier agent de la gare de Noranda fut R.S. Marshall, provenant de l\u2019Ontario. Il r\u00e9sidait tout pr\u00e8s de la gare dans une maison construite par le TNOR et qui \u00e9tait toujours en place en 1976.<br><\/p>\n\n\n\n<p>De 1927 jusqu\u2019\u00e0 1979, la gare servait au transport de passagers et \u00e0 l\u2019express, c\u2019est-\u00e0-dire de colis. Un entrep\u00f4t \u00e0 marchandises occupait la partie est de la gare. Si le rez-de-chauss\u00e9e r\u00e9gulait le trafic de marchandises et de voyageurs, l\u2019\u00e9tage sous les combles de la gare servit de centrale t\u00e9l\u00e9phonique pour les appels interurbains jusqu\u2019aux ann\u00e9es 1950.&nbsp;<br><\/p>\n\n\n\n<p>Le 26 avril 1979, le CN d\u00e9cidait d\u2019interrompre d\u00e9finitivement le service de trains pour voyageurs Qu\u00e9bec-Cochrane et Senneterre-Noranda. Le 27 septembre de la m\u00eame ann\u00e9e, le TNOR d\u00e9cidait lui aussi de mettre fin au service entre Swastika et Noranda puis le 12 octobre, il abandonnait sa subdivision Rouyn. Le b\u00e2timent de la gare changea ainsi de vocation. Il servit principalement de lieu d\u2019entreposage et de bureau administratif pour la compagnie Ontario Northland Railway, et ce jusqu\u2019en 1997 au moment de la fermeture des bureaux. La compagnie c\u00e9da alors la gare \u00e0 la ville de Rouyn-Noranda, qui la loua au Centre Bernard-Hamel (une banque alimentaire), puis au projet Jeunesse St-Michel, un groupe qui fournit \u00e0 des jeunes de 12-17 ans de Rouyn-Noranda l\u2019opportunit\u00e9 d\u2019acqu\u00e9rir une exp\u00e9rience de travail par des activit\u00e9s de b\u00e9n\u00e9volat. Le bail est consenti gratuitement jusqu\u2019en f\u00e9vrier 2013. La ville peut reprendre l\u2019\u00e9difice avec un pr\u00e9avis de 6 mois.<br><\/p>\n\n\n\n<p>Trois gares ont exist\u00e9 \u00e0 Rouyn-Noranda et celle de Noranda est la seule restante. Celle du TNOR de Rouyn fut d\u00e9truite en 1979 et celle du CN en 1989.<\/p>\n\n\n\n<p><strong>\u00c9volution de la gare et travaux<\/strong><br><\/p>\n\n\n\n<p>Les pi\u00e8ces du rez-de-chauss\u00e9e au moment o\u00f9 le train de passagers \u00e9tait en exploitation, probablement jusqu\u2019en 1979, sont les suivantes :<br><\/p>\n\n\n\n<ol class=\"wp-block-list\"><li>\u2022&nbsp;Billetterie, aussi salle de t\u00e9l\u00e9graphe et de contr\u00f4le de quai<br><\/li><li>\u2022&nbsp;Salle d\u2019attente des femmes (\u00e0 l\u2019ouest)<br><\/li><li>\u2022&nbsp;Salle d\u2019attente des hommes (au centre)<br><\/li><li>\u2022&nbsp;Toilette des femmes et des hommes<br><\/li><li>\u2022&nbsp;Salle des bagages<br><\/li><li>\u2022&nbsp;Entrep\u00f4t de l\u2019express (messagerie) \u00e0 l\u2019est<br><\/li><li>\u2022&nbsp;Bureau de l\u2019express<br><\/li><\/ol>\n\n\n\n<p>Le sous-sol pour sa part, servait \u00e0 stocker le charbon et loger la fournaise au charbon qui \u00e9tait reli\u00e9e \u00e0 des calorif\u00e8res \u00e0 eau chaude. Quatre ouvertures dans le mur de fondation servaient de chutes \u00e0 charbon.<br><\/p>\n\n\n\n<p>La gare a connu diverses transformations de ses pi\u00e8ces et appartements de 1930 \u00e0 1990.<\/p>\n\n\n\n<p><strong>Architecture<\/strong><br><\/p>\n\n\n\n<p>La gare de Noranda poss\u00e8de une architecture de type R\u00e9gency\/Arts et M\u00e9tiers, ce qui peut para\u00eetre contradictoire avec son environnement industriel. En effet, on utilisait ces styles pour des lieux de vill\u00e9giature. Cependant, les gares du patrimoine industriel nord-am\u00e9ricain correspondent bien \u00e0 ce style architectural, peut-\u00eatre en raison de la duret\u00e9 paysag\u00e8re des lieux industriels. On peut d\u00e9crire les styles R\u00e9gency\/Arts et M\u00e9tiers comme ceci :<br><\/p>\n\n\n\n<ol class=\"wp-block-list\"><li>\u2022&nbsp;Un long rectangle implant\u00e9 de mani\u00e8re barlongue (le c\u00f4t\u00e9 le plus long donnant sur la rue) face aux voies ferr\u00e9es<br><\/li><li>\u2022&nbsp;Une toiture imposante en pavillon \u00e0 4 versants \u00e0 pente moyenne, perc\u00e9e de lucarnes \u00e0 pignon lui conf\u00e9rant le style R\u00e9gency<br><\/li><li>\u2022&nbsp;Une toiture \u00e0 la corniche d\u00e9bordante, soutenue par de massives consoles et appuy\u00e9e sur des corbeaux<br><\/li><li>\u2022&nbsp;Des ouvertures souvent jumel\u00e9es, des fen\u00eatres \u00e0 guillotine \u00e0 carreaux associ\u00e9es au style N\u00e9otudor, mais repris dans le style Arts et M\u00e9tiers.<\/li><li><\/li><\/ol>\n\n\n\n<p><strong>R\u00e9sum\u00e9 des \u00e9l\u00e9ments patrimoniaux \u00e0 pr\u00e9server et \u00e0 mettre en valeur :<\/strong><br><\/p>\n\n\n\n<p><strong>Ext\u00e9rieur&nbsp;:<\/strong><br><\/p>\n\n\n\n<p>Corps de b\u00e2timent rectangulaire cr\u00e9ant une ligne horizontale<br><\/p>\n\n\n\n<p>Fondations surhauss\u00e9es<br><\/p>\n\n\n\n<p>Ouvertures jumel\u00e9es parfois et fen\u00eatres \u00e0 guillotine<br><\/p>\n\n\n\n<p>Triplet de baie pi\u00e8ce du guichetier face au quai<br><\/p>\n\n\n\n<p>Portes rythm\u00e9es \u00e0 intervalles r\u00e9guliers et presque en vis-\u00e0-vis avec les portes c\u00f4t\u00e9 rue et les portes c\u00f4t\u00e9 quai<br><\/p>\n\n\n\n<p>Corniche d\u00e9bordante<br><\/p>\n\n\n\n<p>Consoles sous corbeaux<br><\/p>\n\n\n\n<p>Toiture imposante \u00e0 pavillon, perc\u00e9e de lucarnes \u00e0 pignons<br><\/p>\n\n\n\n<p>Am\u00e9nagement ext\u00e9rieur :<br><\/p>\n\n\n\n<ol class=\"wp-block-list\"><li>\u2022&nbsp;Porche \u00e0 pignon sur sur la face lat\u00e9rale est<br><\/li><li>\u2022&nbsp;Pi\u00e8ce de guichetier en saillie<br><\/li><li>\u2022&nbsp;Cage d\u2019escalier conduisant aux combles et \u00e0 la cave<br><\/li><\/ol>\n\n\n\n<p><strong>Rez-de-chauss\u00e9e&nbsp;:<\/strong><br><\/p>\n\n\n\n<p>Encadrement \u00e0 embrasure profonde<br><\/p>\n\n\n\n<p>Larges moulures de bois vernis<br><\/p>\n\n\n\n<p>Porte \u00e0 vantail (panneau mobile qui pivote) coup\u00e9 donnant sur la salle du guichetier<br><\/p>\n\n\n\n<p>Ouverture du guichet avec fen\u00eatre \u00e0 coulisse givr\u00e9e<br><\/p>\n\n\n\n<p>Lambris de bois appliqu\u00e9s au mur et sous l\u2019escalier :<br><\/p>\n\n\n\n<ol class=\"wp-block-list\"><li>\u2022&nbsp;Meuble int\u00e9gr\u00e9 du guichetier avec tiroirs en bois \u00e0 prises tirettes en laiton<br><\/li><li>\u2022&nbsp;Moulures des bois \u00e0 mi-hauteur, appliqu\u00e9es au mur et \u00e0 la rencontre des murs\/plafonds<br><\/li><\/ol>\n\n\n\n<p>Luminaires suspendus<br><\/p>\n\n\n\n<p>Am\u00e9nagements :<br><\/p>\n\n\n\n<ol class=\"wp-block-list\"><li>\u2022&nbsp;Disposition des pi\u00e8ces selon une organisation spatiale typique des gares : guichet au centre et de chaque c\u00f4t\u00e9&nbsp;<br><\/li><li>\u2022&nbsp;Des salles d\u2019attente des hommes et des femmes<br><\/li><li>\u2022&nbsp;Bloc de toilettes face au guichet<br><\/li><\/ol>\n\n\n\n<p><strong>\u00c9tage (combles<\/strong><strong>)&nbsp;<\/strong>:<br><\/p>\n\n\n\n<p>Porte \u00e0 caisson<\/p>\n\n\n\n<p><strong>Source<\/strong>&nbsp;: Ce r\u00e9sum\u00e9 a \u00e9t\u00e9 rendu possible gr\u00e2ce \u00e0 la collaboration de Jonathan Barrette, historien, qui m\u2019a fait parvenir un document de travail&nbsp;<em>\u00ab\u00c9tude relative \u00e0 la citation de monument historique de l\u2019ancienne gare de l\u2019ONR de Noranda\u00bb<\/em><strong>.<\/strong><\/p>\n\n\n\n<p>Photos : Sylvain St-Jean<br><\/p>\n\n\n\n<ul class=\"wp-block-gallery columns-3 is-cropped wp-block-gallery-1 is-layout-flex wp-block-gallery-is-layout-flex\"><li class=\"blocks-gallery-item\"><figure><a href=\"https:\/\/patrimoineduquebec.com\/GaresduQuebec\/wp-content\/uploads\/2019\/09\/PB144462-1024x767.jpeg\"><img loading=\"lazy\" decoding=\"async\" width=\"1024\" height=\"767\" src=\"https:\/\/patrimoineduquebec.com\/GaresduQuebec\/wp-content\/uploads\/2019\/09\/PB144462-1024x767.jpeg\" alt=\"\" data-id=\"106\" data-link=\"https:\/\/patrimoineduquebec.com\/GaresduQuebec\/noranda\/olympus-digital-camera-9\/\" class=\"wp-image-106\" srcset=\"https:\/\/patrimoineduquebec.com\/GaresduQuebec\/wp-content\/uploads\/2019\/09\/PB144462-1024x767.jpeg 1024w, https:\/\/patrimoineduquebec.com\/GaresduQuebec\/wp-content\/uploads\/2019\/09\/PB144462-300x225.jpeg 300w, https:\/\/patrimoineduquebec.com\/GaresduQuebec\/wp-content\/uploads\/2019\/09\/PB144462-768x576.jpeg 768w\" sizes=\"auto, (max-width: 1024px) 100vw, 1024px\" \/><\/a><\/figure><\/li><li class=\"blocks-gallery-item\"><figure><a href=\"https:\/\/patrimoineduquebec.com\/GaresduQuebec\/wp-content\/uploads\/2019\/09\/PB140181-1024x768.jpeg\"><img loading=\"lazy\" decoding=\"async\" width=\"1024\" height=\"768\" src=\"https:\/\/patrimoineduquebec.com\/GaresduQuebec\/wp-content\/uploads\/2019\/09\/PB140181-1024x768.jpeg\" alt=\"\" data-id=\"108\" data-link=\"https:\/\/patrimoineduquebec.com\/GaresduQuebec\/noranda\/olympus-digital-camera-10\/\" class=\"wp-image-108\" srcset=\"https:\/\/patrimoineduquebec.com\/GaresduQuebec\/wp-content\/uploads\/2019\/09\/PB140181-1024x768.jpeg 1024w, https:\/\/patrimoineduquebec.com\/GaresduQuebec\/wp-content\/uploads\/2019\/09\/PB140181-300x225.jpeg 300w, https:\/\/patrimoineduquebec.com\/GaresduQuebec\/wp-content\/uploads\/2019\/09\/PB140181-768x576.jpeg 768w\" sizes=\"auto, (max-width: 1024px) 100vw, 1024px\" \/><\/a><\/figure><\/li><li class=\"blocks-gallery-item\"><figure><a href=\"https:\/\/patrimoineduquebec.com\/GaresduQuebec\/wp-content\/uploads\/2019\/09\/PB144471-1024x768.jpeg\"><img loading=\"lazy\" decoding=\"async\" width=\"1024\" height=\"768\" src=\"https:\/\/patrimoineduquebec.com\/GaresduQuebec\/wp-content\/uploads\/2019\/09\/PB144471-1024x768.jpeg\" alt=\"\" data-id=\"109\" data-link=\"https:\/\/patrimoineduquebec.com\/GaresduQuebec\/noranda\/olympus-digital-camera-11\/\" class=\"wp-image-109\" srcset=\"https:\/\/patrimoineduquebec.com\/GaresduQuebec\/wp-content\/uploads\/2019\/09\/PB144471-1024x768.jpeg 1024w, https:\/\/patrimoineduquebec.com\/GaresduQuebec\/wp-content\/uploads\/2019\/09\/PB144471-300x225.jpeg 300w, https:\/\/patrimoineduquebec.com\/GaresduQuebec\/wp-content\/uploads\/2019\/09\/PB144471-768x576.jpeg 768w\" sizes=\"auto, (max-width: 1024px) 100vw, 1024px\" \/><\/a><\/figure><\/li><li class=\"blocks-gallery-item\"><figure><a href=\"https:\/\/patrimoineduquebec.com\/GaresduQuebec\/wp-content\/uploads\/2019\/09\/PB140187-1024x768.jpeg\"><img loading=\"lazy\" decoding=\"async\" width=\"1024\" height=\"768\" src=\"https:\/\/patrimoineduquebec.com\/GaresduQuebec\/wp-content\/uploads\/2019\/09\/PB140187-1024x768.jpeg\" alt=\"\" data-id=\"110\" data-link=\"https:\/\/patrimoineduquebec.com\/GaresduQuebec\/noranda\/olympus-digital-camera-12\/\" class=\"wp-image-110\" srcset=\"https:\/\/patrimoineduquebec.com\/GaresduQuebec\/wp-content\/uploads\/2019\/09\/PB140187-1024x768.jpeg 1024w, https:\/\/patrimoineduquebec.com\/GaresduQuebec\/wp-content\/uploads\/2019\/09\/PB140187-300x225.jpeg 300w, https:\/\/patrimoineduquebec.com\/GaresduQuebec\/wp-content\/uploads\/2019\/09\/PB140187-768x576.jpeg 768w\" sizes=\"auto, (max-width: 1024px) 100vw, 1024px\" \/><\/a><\/figure><\/li><li class=\"blocks-gallery-item\"><figure><a href=\"https:\/\/patrimoineduquebec.com\/GaresduQuebec\/wp-content\/uploads\/2019\/09\/PB144466-1024x768.jpeg\"><img loading=\"lazy\" decoding=\"async\" width=\"1024\" height=\"768\" src=\"https:\/\/patrimoineduquebec.com\/GaresduQuebec\/wp-content\/uploads\/2019\/09\/PB144466-1024x768.jpeg\" alt=\"\" data-id=\"111\" data-link=\"https:\/\/patrimoineduquebec.com\/GaresduQuebec\/noranda\/olympus-digital-camera-13\/\" class=\"wp-image-111\" srcset=\"https:\/\/patrimoineduquebec.com\/GaresduQuebec\/wp-content\/uploads\/2019\/09\/PB144466-1024x768.jpeg 1024w, https:\/\/patrimoineduquebec.com\/GaresduQuebec\/wp-content\/uploads\/2019\/09\/PB144466-300x225.jpeg 300w, https:\/\/patrimoineduquebec.com\/GaresduQuebec\/wp-content\/uploads\/2019\/09\/PB144466-768x576.jpeg 768w\" sizes=\"auto, (max-width: 1024px) 100vw, 1024px\" \/><\/a><\/figure><\/li><li class=\"blocks-gallery-item\"><figure><a href=\"https:\/\/patrimoineduquebec.com\/GaresduQuebec\/wp-content\/uploads\/2019\/09\/PB140177-1024x768.jpeg\"><img loading=\"lazy\" decoding=\"async\" width=\"1024\" height=\"768\" src=\"https:\/\/patrimoineduquebec.com\/GaresduQuebec\/wp-content\/uploads\/2019\/09\/PB140177-1024x768.jpeg\" alt=\"\" data-id=\"104\" data-link=\"https:\/\/patrimoineduquebec.com\/GaresduQuebec\/noranda\/olympus-digital-camera-8\/\" class=\"wp-image-104\" srcset=\"https:\/\/patrimoineduquebec.com\/GaresduQuebec\/wp-content\/uploads\/2019\/09\/PB140177-1024x768.jpeg 1024w, https:\/\/patrimoineduquebec.com\/GaresduQuebec\/wp-content\/uploads\/2019\/09\/PB140177-300x225.jpeg 300w, https:\/\/patrimoineduquebec.com\/GaresduQuebec\/wp-content\/uploads\/2019\/09\/PB140177-768x576.jpeg 768w\" sizes=\"auto, (max-width: 1024px) 100vw, 1024px\" \/><\/a><\/figure><\/li><li class=\"blocks-gallery-item\"><figure><a href=\"https:\/\/patrimoineduquebec.com\/GaresduQuebec\/wp-content\/uploads\/2019\/09\/banq-gare-rouyn-1024x620.jpeg\"><img loading=\"lazy\" decoding=\"async\" width=\"1024\" height=\"620\" src=\"https:\/\/patrimoineduquebec.com\/GaresduQuebec\/wp-content\/uploads\/2019\/09\/banq-gare-rouyn-1024x620.jpeg\" alt=\"\" data-id=\"521\" data-link=\"https:\/\/patrimoineduquebec.com\/GaresduQuebec\/noranda\/banq-gare-rouyn\/\" class=\"wp-image-521\" srcset=\"https:\/\/patrimoineduquebec.com\/GaresduQuebec\/wp-content\/uploads\/2019\/09\/banq-gare-rouyn-1024x620.jpeg 1024w, https:\/\/patrimoineduquebec.com\/GaresduQuebec\/wp-content\/uploads\/2019\/09\/banq-gare-rouyn-300x182.jpeg 300w, https:\/\/patrimoineduquebec.com\/GaresduQuebec\/wp-content\/uploads\/2019\/09\/banq-gare-rouyn-768x465.jpeg 768w, https:\/\/patrimoineduquebec.com\/GaresduQuebec\/wp-content\/uploads\/2019\/09\/banq-gare-rouyn.jpeg 1179w\" sizes=\"auto, (max-width: 1024px) 100vw, 1024px\" \/><\/a><figcaption>BAnQ (08Y,E20,S2,SS1,P1450)<\/figcaption><\/figure><\/li><\/ul>\n","protected":false},"excerpt":{"rendered":"<p>Historique de la gare de Noranda En 1925, la compagnie Noranda prend la d\u00e9cision d\u2019\u00e9riger sur le site de sa propri\u00e9t\u00e9 Horne une mine, une fonderie de cuivre et une ville. Se pose tr\u00e8s t\u00f4t le probl\u00e8me de l\u2019am\u00e9nagement de routes et surtout de voies ferr\u00e9es. La construction du chemin de fer vers le camp [&hellip;]<\/p>\n","protected":false},"author":1,"featured_media":0,"parent":0,"menu_order":0,"comment_status":"closed","ping_status":"closed","template":"","meta":{"footnotes":""},"class_list":["post-98","page","type-page","status-publish","hentry"],"_links":{"self":[{"href":"https:\/\/patrimoineduquebec.com\/GaresduQuebec\/wp-json\/wp\/v2\/pages\/98","targetHints":{"allow":["GET"]}}],"collection":[{"href":"https:\/\/patrimoineduquebec.com\/GaresduQuebec\/wp-json\/wp\/v2\/pages"}],"about":[{"href":"https:\/\/patrimoineduquebec.com\/GaresduQuebec\/wp-json\/wp\/v2\/types\/page"}],"author":[{"embeddable":true,"href":"https:\/\/patrimoineduquebec.com\/GaresduQuebec\/wp-json\/wp\/v2\/users\/1"}],"replies":[{"embeddable":true,"href":"https:\/\/patrimoineduquebec.com\/GaresduQuebec\/wp-json\/wp\/v2\/comments?post=98"}],"version-history":[{"count":10,"href":"https:\/\/patrimoineduquebec.com\/GaresduQuebec\/wp-json\/wp\/v2\/pages\/98\/revisions"}],"predecessor-version":[{"id":522,"href":"https:\/\/patrimoineduquebec.com\/GaresduQuebec\/wp-json\/wp\/v2\/pages\/98\/revisions\/522"}],"wp:attachment":[{"href":"https:\/\/patrimoineduquebec.com\/GaresduQuebec\/wp-json\/wp\/v2\/media?parent=98"}],"curies":[{"name":"wp","href":"https:\/\/api.w.org\/{rel}","templated":true}]}}