{"id":915,"date":"2019-09-30T15:42:58","date_gmt":"2019-09-30T15:42:58","guid":{"rendered":"https:\/\/patrimoineduquebec.com\/GaresduQuebec\/?page_id=915"},"modified":"2019-10-12T14:24:56","modified_gmt":"2019-10-12T14:24:56","slug":"hudson","status":"publish","type":"page","link":"https:\/\/patrimoineduquebec.com\/GaresduQuebec\/hudson\/","title":{"rendered":"Hudson"},"content":{"rendered":"\n<div class=\"wp-block-image\"><figure class=\"aligncenter\"><a href=\"https:\/\/patrimoineduquebec.com\/GaresduQuebec\/wp-content\/uploads\/2019\/09\/IMG_0956.jpeg\"><img loading=\"lazy\" decoding=\"async\" width=\"1024\" height=\"768\" src=\"https:\/\/patrimoineduquebec.com\/GaresduQuebec\/wp-content\/uploads\/2019\/09\/IMG_0956-1024x768.jpeg\" alt=\"\" class=\"wp-image-916\" srcset=\"https:\/\/patrimoineduquebec.com\/GaresduQuebec\/wp-content\/uploads\/2019\/09\/IMG_0956-1024x768.jpeg 1024w, https:\/\/patrimoineduquebec.com\/GaresduQuebec\/wp-content\/uploads\/2019\/09\/IMG_0956-300x225.jpeg 300w, https:\/\/patrimoineduquebec.com\/GaresduQuebec\/wp-content\/uploads\/2019\/09\/IMG_0956-768x576.jpeg 768w\" sizes=\"auto, (max-width: 1024px) 100vw, 1024px\" \/><\/a><\/figure><\/div>\n\n\n\n<p>La gare est situ\u00e9e au 30 rue Wharf \u00e0 Hudson.&nbsp;<br><\/p>\n\n\n\n<p>Il y a peu d\u2019informations sur cette gare.<br><\/p>\n\n\n\n<p class=\"has-text-color has-very-dark-gray-color\">La&nbsp;gare Hudson&nbsp;est une gare du&nbsp;<a href=\"https:\/\/fr.wikipedia.org\/wiki\/R%C3%A9seau_de_transport_m%C3%A9tropolitain\">R\u00e9seau de transport m\u00e9tropolitain<\/a>&nbsp;situ\u00e9e dans la ville du&nbsp;<a href=\"https:\/\/fr.wikipedia.org\/wiki\/Hudson_(Qu%C3%A9bec)\">m\u00eame nom<\/a>. Elle dessert les trains de banlieue de la&nbsp;<a href=\"https:\/\/fr.wikipedia.org\/wiki\/Ligne_Vaudreuil%E2%80%93Hudson\">ligne Vaudreuil\u2013Hudson<\/a>.<br><\/p>\n\n\n\n<p class=\"has-text-color has-very-dark-gray-color\">En raison de la fermeture de la\u00a0<a href=\"https:\/\/fr.wikipedia.org\/wiki\/Gare_de_Rigaud\">gare de Rigaud<\/a>\u00a0survenue le 30 juin 2010, la gare Hudson est la gare terminale de la ligne. Toutefois, un seul voyage est offert en p\u00e9riode de pointe du matin et un autre en p\u00e9riode de pointe de l&rsquo;apr\u00e8s-midi. La tr\u00e8s grande majorit\u00e9 des voyages de la ligne de train de banlieue se terminent ou partent \u00e0 la\u00a0<a href=\"https:\/\/fr.wikipedia.org\/wiki\/Gare_Vaudreuil\">gare de Vaudreuil<\/a>.<br><\/p>\n\n\n\n<p class=\"has-text-color has-very-dark-gray-color\">La gare de Hudson a maintenent une vocation particuli\u00e8re. Elle est devenue le th\u00e9\u00e2tre du village de Hudson.<\/p>\n\n\n\n<p class=\"has-text-color has-vivid-cyan-blue-color\">\u00ab<a rel=\"noreferrer noopener\" aria-label=\"Le th\u00e9\u00e2tre du village de Hudson (s\u2019ouvre dans un nouvel onglet)\" href=\"https:\/\/www.villagetheatre.ca\" target=\"_blank\">Le th\u00e9\u00e2tre du village de Hudson<\/a>\u00bb.<\/p>\n\n\n\n<p>Photos : Sylvain St-Jean<\/p>\n\n\n\n<ul class=\"wp-block-gallery columns-3 is-cropped wp-block-gallery-1 is-layout-flex wp-block-gallery-is-layout-flex\"><li class=\"blocks-gallery-item\"><figure><a href=\"https:\/\/patrimoineduquebec.com\/GaresduQuebec\/wp-content\/uploads\/2019\/09\/IMG_0957-1024x768.jpeg\"><img loading=\"lazy\" decoding=\"async\" width=\"1024\" height=\"768\" src=\"https:\/\/patrimoineduquebec.com\/GaresduQuebec\/wp-content\/uploads\/2019\/09\/IMG_0957-1024x768.jpeg\" alt=\"\" data-id=\"917\" data-link=\"https:\/\/patrimoineduquebec.com\/GaresduQuebec\/hudson\/img_0957\/\" class=\"wp-image-917\" srcset=\"https:\/\/patrimoineduquebec.com\/GaresduQuebec\/wp-content\/uploads\/2019\/09\/IMG_0957-1024x768.jpeg 1024w, https:\/\/patrimoineduquebec.com\/GaresduQuebec\/wp-content\/uploads\/2019\/09\/IMG_0957-300x225.jpeg 300w, https:\/\/patrimoineduquebec.com\/GaresduQuebec\/wp-content\/uploads\/2019\/09\/IMG_0957-768x576.jpeg 768w\" sizes=\"auto, (max-width: 1024px) 100vw, 1024px\" \/><\/a><\/figure><\/li><li class=\"blocks-gallery-item\"><figure><a href=\"https:\/\/patrimoineduquebec.com\/GaresduQuebec\/wp-content\/uploads\/2019\/09\/IMG_0966-1024x768.jpeg\"><img loading=\"lazy\" decoding=\"async\" width=\"1024\" height=\"768\" src=\"https:\/\/patrimoineduquebec.com\/GaresduQuebec\/wp-content\/uploads\/2019\/09\/IMG_0966-1024x768.jpeg\" alt=\"\" data-id=\"918\" data-link=\"https:\/\/patrimoineduquebec.com\/GaresduQuebec\/hudson\/img_0966\/\" class=\"wp-image-918\" srcset=\"https:\/\/patrimoineduquebec.com\/GaresduQuebec\/wp-content\/uploads\/2019\/09\/IMG_0966-1024x768.jpeg 1024w, https:\/\/patrimoineduquebec.com\/GaresduQuebec\/wp-content\/uploads\/2019\/09\/IMG_0966-300x225.jpeg 300w, https:\/\/patrimoineduquebec.com\/GaresduQuebec\/wp-content\/uploads\/2019\/09\/IMG_0966-768x576.jpeg 768w\" sizes=\"auto, (max-width: 1024px) 100vw, 1024px\" \/><\/a><\/figure><\/li><li class=\"blocks-gallery-item\"><figure><a href=\"https:\/\/patrimoineduquebec.com\/GaresduQuebec\/wp-content\/uploads\/2019\/09\/IMG_0964-1024x768.jpeg\"><img loading=\"lazy\" decoding=\"async\" width=\"1024\" height=\"768\" src=\"https:\/\/patrimoineduquebec.com\/GaresduQuebec\/wp-content\/uploads\/2019\/09\/IMG_0964-1024x768.jpeg\" alt=\"\" data-id=\"919\" data-link=\"https:\/\/patrimoineduquebec.com\/GaresduQuebec\/hudson\/img_0964\/\" class=\"wp-image-919\" srcset=\"https:\/\/patrimoineduquebec.com\/GaresduQuebec\/wp-content\/uploads\/2019\/09\/IMG_0964-1024x768.jpeg 1024w, https:\/\/patrimoineduquebec.com\/GaresduQuebec\/wp-content\/uploads\/2019\/09\/IMG_0964-300x225.jpeg 300w, https:\/\/patrimoineduquebec.com\/GaresduQuebec\/wp-content\/uploads\/2019\/09\/IMG_0964-768x576.jpeg 768w\" sizes=\"auto, (max-width: 1024px) 100vw, 1024px\" \/><\/a><\/figure><\/li><li class=\"blocks-gallery-item\"><figure><a href=\"https:\/\/patrimoineduquebec.com\/GaresduQuebec\/wp-content\/uploads\/2019\/10\/AA-autre-gare-de-hudson.jpg\"><img loading=\"lazy\" decoding=\"async\" width=\"888\" height=\"396\" src=\"https:\/\/patrimoineduquebec.com\/GaresduQuebec\/wp-content\/uploads\/2019\/10\/AA-autre-gare-de-hudson.jpg\" alt=\"\" data-id=\"1483\" data-link=\"https:\/\/patrimoineduquebec.com\/GaresduQuebec\/hudson\/aa-autre-gare-de-hudson\/\" class=\"wp-image-1483\" srcset=\"https:\/\/patrimoineduquebec.com\/GaresduQuebec\/wp-content\/uploads\/2019\/10\/AA-autre-gare-de-hudson.jpg 888w, https:\/\/patrimoineduquebec.com\/GaresduQuebec\/wp-content\/uploads\/2019\/10\/AA-autre-gare-de-hudson-300x134.jpg 300w, https:\/\/patrimoineduquebec.com\/GaresduQuebec\/wp-content\/uploads\/2019\/10\/AA-autre-gare-de-hudson-768x342.jpg 768w\" sizes=\"auto, (max-width: 888px) 100vw, 888px\" \/><\/a><\/figure><\/li><\/ul>\n","protected":false},"excerpt":{"rendered":"<p>La gare est situ\u00e9e au 30 rue Wharf \u00e0 Hudson.&nbsp; Il y a peu d\u2019informations sur cette gare. La&nbsp;gare Hudson&nbsp;est une gare du&nbsp;R\u00e9seau de transport m\u00e9tropolitain&nbsp;situ\u00e9e dans la ville du&nbsp;m\u00eame nom. Elle dessert les trains de banlieue de la&nbsp;ligne Vaudreuil\u2013Hudson. En raison de la fermeture de la\u00a0gare de Rigaud\u00a0survenue le 30 juin 2010, la gare [&hellip;]<\/p>\n","protected":false},"author":1,"featured_media":0,"parent":0,"menu_order":0,"comment_status":"closed","ping_status":"closed","template":"","meta":{"footnotes":""},"class_list":["post-915","page","type-page","status-publish","hentry"],"_links":{"self":[{"href":"https:\/\/patrimoineduquebec.com\/GaresduQuebec\/wp-json\/wp\/v2\/pages\/915","targetHints":{"allow":["GET"]}}],"collection":[{"href":"https:\/\/patrimoineduquebec.com\/GaresduQuebec\/wp-json\/wp\/v2\/pages"}],"about":[{"href":"https:\/\/patrimoineduquebec.com\/GaresduQuebec\/wp-json\/wp\/v2\/types\/page"}],"author":[{"embeddable":true,"href":"https:\/\/patrimoineduquebec.com\/GaresduQuebec\/wp-json\/wp\/v2\/users\/1"}],"replies":[{"embeddable":true,"href":"https:\/\/patrimoineduquebec.com\/GaresduQuebec\/wp-json\/wp\/v2\/comments?post=915"}],"version-history":[{"count":5,"href":"https:\/\/patrimoineduquebec.com\/GaresduQuebec\/wp-json\/wp\/v2\/pages\/915\/revisions"}],"predecessor-version":[{"id":1662,"href":"https:\/\/patrimoineduquebec.com\/GaresduQuebec\/wp-json\/wp\/v2\/pages\/915\/revisions\/1662"}],"wp:attachment":[{"href":"https:\/\/patrimoineduquebec.com\/GaresduQuebec\/wp-json\/wp\/v2\/media?parent=915"}],"curies":[{"name":"wp","href":"https:\/\/api.w.org\/{rel}","templated":true}]}}