{"id":905,"date":"2019-09-30T15:15:22","date_gmt":"2019-09-30T15:15:22","guid":{"rendered":"https:\/\/patrimoineduquebec.com\/GaresduQuebec\/?page_id=905"},"modified":"2019-09-30T22:59:05","modified_gmt":"2019-09-30T22:59:05","slug":"farnham","status":"publish","type":"page","link":"https:\/\/patrimoineduquebec.com\/GaresduQuebec\/farnham\/","title":{"rendered":"Farnham"},"content":{"rendered":"\n<div class=\"wp-block-image\"><figure class=\"aligncenter\"><a href=\"https:\/\/patrimoineduquebec.com\/GaresduQuebec\/wp-content\/uploads\/2019\/09\/DSCN7892.jpeg\"><img loading=\"lazy\" decoding=\"async\" width=\"1024\" height=\"768\" src=\"https:\/\/patrimoineduquebec.com\/GaresduQuebec\/wp-content\/uploads\/2019\/09\/DSCN7892-1024x768.jpeg\" alt=\"\" class=\"wp-image-906\" srcset=\"https:\/\/patrimoineduquebec.com\/GaresduQuebec\/wp-content\/uploads\/2019\/09\/DSCN7892-1024x768.jpeg 1024w, https:\/\/patrimoineduquebec.com\/GaresduQuebec\/wp-content\/uploads\/2019\/09\/DSCN7892-300x225.jpeg 300w, https:\/\/patrimoineduquebec.com\/GaresduQuebec\/wp-content\/uploads\/2019\/09\/DSCN7892-768x576.jpeg 768w\" sizes=\"auto, (max-width: 1024px) 100vw, 1024px\" \/><\/a><\/figure><\/div>\n\n\n\n<h4 class=\"wp-block-heading\">D<strong>ESCRIPTION DU LIEU PATRIMONIAL<\/strong><\/h4>\n\n\n\n<p>La gare ferroviaire du Canadien Pacifique (CP) de Farnham au Qu\u00e9bec est un b\u00e2timent de deux \u00e9tages avec un toit terrasse construit en 1950 selon les principes de construction du style international. Elle est situ\u00e9e au 191 de la rue Victoria, au coeur de la ville, juste \u00e0 l\u2019est de la jonction de deux lignes de chemin de fer importantes.<\/p>\n\n\n\n<h4 class=\"wp-block-heading\"><strong>VALEUR PATRIMONIALE<\/strong><\/h4>\n\n\n\n<p>La gare ferroviaire du CP de Farnham a \u00e9t\u00e9 d\u00e9sign\u00e9e gare ferroviaire patrimoniale en raison de son importance historique, architecturale et environnementale.&nbsp;<\/p>\n\n\n\n<p>Cette gare a \u00e9t\u00e9 construite en 1950 pour remplacer l\u2019ancienne gare d\u00e9truite par les flammes en 1949, et aussi parce que Farnham occupe un lieu strat\u00e9gique essentiel sur le r\u00e9seau ferroviaire du CP. Elle est situ\u00e9e \u00e0 l&rsquo;intersection de deux lignes de chemin de fer, allant d&rsquo;est en ouest d&rsquo;un bout \u00e0 l&rsquo;autre du Canada et de nord au sud du Canada jusqu&rsquo;au \u00c9tats-Unis. La construction de cette gare en 1950 co\u00efncidait avec l&rsquo;apog\u00e9e de l\u2019expansion apr\u00e8s-guerre du CP au cours duquel la compagnie a instaur\u00e9 la technique du diesel et un nouveau cadre organisationnel. Farnham est devenu le centre administratif du r\u00e9seau ferroviaire de l\u2019est du pays, avec un effectif de plus de 500 employ\u00e9s.&nbsp;<\/p>\n\n\n\n<p>La conception de la nouvelle gare t\u00e9moignait du d\u00e9sir du CP d\u2019augmenter sa visibilit\u00e9 et de v\u00e9hiculer une image ax\u00e9e sur l&rsquo;avenir. La composition asym\u00e9trique du b\u00e2timent illustrait le nouveau programme du CP dans un ensemble impressionnant de nouveaux mat\u00e9riaux de construction. Par cons\u00e9quent la nouvelle gare \u00e9tait de tradition urbaine moderne, une image d\u00e9signant Farnham comme une communaut\u00e9 progressiste.&nbsp;<\/p>\n\n\n\n<p>La valeur patrimoniale de la gare du CP de Farnham se retrouve dans les principes du style international dont t\u00e9moignent ses formes architecturales et ses \u00e9l\u00e9ments de composition qui manifestent clairement son r\u00f4le \u00e0 l\u2019int\u00e9rieur de volumes simples d\u00e9pourvus de r\u00e9f\u00e9rence classique. Son plan est reli\u00e9 directement \u00e0 l\u2019emplacement du b\u00e2timent, satisfaisant ainsi aux exigences des rapports que la gare entretient avec la ville, le parc de chemin de fer et les voies ferr\u00e9es des deux lignes principales qu\u2019elle dessert.&nbsp;<\/p>\n\n\n\n<p><strong>Source :&nbsp;<\/strong><br>\u00c9nonc\u00e9 de la valeur patrimoniale, gare ferroviaire du CP, Farnham (Qu\u00e9bec), mars 1995. Rapport d\u2019\u00e9valuation patrimoniale RSR-238, 1993.<\/p>\n\n\n\n<h4 class=\"wp-block-heading\"><strong>\u00c9L\u00c9MENTS CARACT\u00c9RISTIQUES<\/strong><\/h4>\n\n\n\n<p>Parmi les \u00e9l\u00e9ments caract\u00e9ristiques de la gare ferroviaire du CP de Farnham, notons :<\/p>\n\n\n\n<p>&#8211; son plan constitu\u00e9 de deux formes rectangulaires en retrait, reli\u00e9es par une petite structure carr\u00e9e contenant l\u2019ascenseur du b\u00e2timent avec un carr\u00e9 de plus petite dimension et une chemin\u00e9e ext\u00e9rieure \u00e0 l&rsquo;une des extr\u00e9mit\u00e9s;&nbsp;<br>&#8211; son volume asym\u00e9trique constitu\u00e9 de deux structures cubiques de deux \u00e9tages au toit plat dont la hauteur et le relief sont diff\u00e9rents, s\u00e9par\u00e9es par une tour de deux \u00e9tages, ainsi qu&rsquo;une grande chemin\u00e9e et un \u00ab bureau du r\u00e9p\u00e9teur \u00bb de forme cubique d&rsquo;un seul \u00e9tage au toit plat \u00e0 l&rsquo;une des extr\u00e9mit\u00e9s<br>&#8211; ses volumes g\u00e9om\u00e9triques imposants<br>&#8211; ses lignes sobres et pures<br>&#8211; l\u2019orientation horizontale du corps du b\u00e2timent, accentu\u00e9e par la ligne continue de la marquise au milieu<br>&#8211; l\u2019utilisation des formes de fen\u00eatres dans la conception du b\u00e2timent pour souligner l&rsquo;am\u00e9nagement des diff\u00e9rentes fonctions \u00e0 l&rsquo;int\u00e9rieur de la gare : les grandes fen\u00eatres du rez-de-chauss\u00e9e dispos\u00e9es en rang\u00e9e procurant une l\u00e9g\u00e8re transparence \u00e0 la salle d&rsquo;attente et la lourde d\u00e9finition correspondante de l\u2019aire de consigne des bagages, o\u00f9 les fen\u00eatres sont consid\u00e9r\u00e9es comme des \u00e9l\u00e9ments massifs et individuels<br>&#8211; sa r\u00e9flexion des principes du style international qui se retrouve dans le d\u00e9ploiement minimal et harmonieux des d\u00e9tails : la ligne continue de la marquise au milieu de la structure, les fen\u00eatres rectangulaires de forme r\u00e9guli\u00e8re dispos\u00e9es sur les deux diff\u00e9rentes sections du b\u00e2timent, sous forme de cadres massifs individuels ou dispos\u00e9es en longue rang\u00e9e horizontale encastr\u00e9e<br>&#8211; l\u2019usage de mat\u00e9riaux ext\u00e9rieurs aux textures souples et unies : la brique lisse sur les murs de blocs de b\u00e9ton, les grandes surfaces de fen\u00eatres en verre uni, la ligne de la marquise recouverte de b\u00e9ton lisse, les moulures des fen\u00eatres (sur la section de la consigne des bagages) et l\u2019embrasure des fen\u00eatres (sur la section de la salle d\u2019attente), le toit en feutre goudronn\u00e9 avec protection et le m\u00e9tal chrom\u00e9 du lettrage du panneau de localisation<br>&#8211; tous les mat\u00e9riaux d\u2019origine \u00e0 l\u2019int\u00e9rieur de la gare, plus particuli\u00e8rement les vestiges de mat\u00e9riaux \u00ab modernes \u00bb des ann\u00e9es 1950, tels que le granito, les blocs de verre, les carreaux d\u2019insonorisation et les appareils d&rsquo;\u00e9clairage<br>&#8211; les vestiges de l\u2019ameublement d\u2019origine du b\u00e2timent, notamment les chaises et l&rsquo;ameublement en chrome \u00e9voquant des formes, des textiles et des couleurs populaires<br>&#8211; l&rsquo;indication de l\u2019usage hi\u00e9rarchique des mat\u00e9riaux qui \u00e9voque le r\u00f4le publique ou utilitaire de certains espaces d\u00e9termin\u00e9s<br>&#8211; le plan fonctionnel horizontal de l\u2019\u00e9tablissement domin\u00e9 par un ascenseur central<br>&#8211; la transparence de sa disposition fonctionnelle et logique constitu\u00e9e d\u2019aires publiques au rez-de-chauss\u00e9e, d\u2019espaces techniques et administratifs \u00e0 l&rsquo;\u00e9tage et de locaux de service au sous-sol<br>&#8211; la transparence de ses volumes spatiaux d\u2019origine \u00e0 l&rsquo;int\u00e9rieur<br>&#8211; la maximisation de lumi\u00e8re naturelle \u00e0 l\u2019int\u00e9rieur du b\u00e2timent, plus particuli\u00e8rement gr\u00e2ce \u00e0 l\u2019emplacement et \u00e0 la disposition d\u2019origine des fen\u00eatres<br>&#8211; la continuit\u00e9 des plans de circulation de longue date<br>&#8211; l\u2019int\u00e9grit\u00e9 globale des formes, du plan, des mat\u00e9riaux et des d\u00e9tails du b\u00e2timent.<\/p>\n\n\n\n<p class=\"has-text-color has-vivid-cyan-blue-color\">Source :<a href=\"https:\/\/www.historicplaces.ca\/fr\/rep-reg\/place-lieu.aspx?id=7101\" target=\"_blank\" rel=\"noreferrer noopener\" aria-label=\" Lieux patrimoniaux du Canada (s\u2019ouvre dans un nouvel onglet)\"> Lieux patrimoniaux du Canada<\/a><\/p>\n\n\n\n<p>Photos : Monique Bellemare<\/p>\n\n\n\n<ul class=\"wp-block-gallery columns-3 is-cropped wp-block-gallery-1 is-layout-flex wp-block-gallery-is-layout-flex\"><li class=\"blocks-gallery-item\"><figure><a href=\"https:\/\/patrimoineduquebec.com\/GaresduQuebec\/wp-content\/uploads\/2019\/09\/DSCN7894-1024x768.jpeg\"><img loading=\"lazy\" decoding=\"async\" width=\"1024\" height=\"768\" src=\"https:\/\/patrimoineduquebec.com\/GaresduQuebec\/wp-content\/uploads\/2019\/09\/DSCN7894-1024x768.jpeg\" alt=\"\" data-id=\"907\" data-link=\"https:\/\/patrimoineduquebec.com\/GaresduQuebec\/farnham\/dscn7894\/\" class=\"wp-image-907\" srcset=\"https:\/\/patrimoineduquebec.com\/GaresduQuebec\/wp-content\/uploads\/2019\/09\/DSCN7894-1024x768.jpeg 1024w, https:\/\/patrimoineduquebec.com\/GaresduQuebec\/wp-content\/uploads\/2019\/09\/DSCN7894-300x225.jpeg 300w, https:\/\/patrimoineduquebec.com\/GaresduQuebec\/wp-content\/uploads\/2019\/09\/DSCN7894-768x576.jpeg 768w\" sizes=\"auto, (max-width: 1024px) 100vw, 1024px\" \/><\/a><\/figure><\/li><li class=\"blocks-gallery-item\"><figure><a href=\"https:\/\/patrimoineduquebec.com\/GaresduQuebec\/wp-content\/uploads\/2019\/09\/DSCN7895-1024x768.jpeg\"><img loading=\"lazy\" decoding=\"async\" width=\"1024\" height=\"768\" src=\"https:\/\/patrimoineduquebec.com\/GaresduQuebec\/wp-content\/uploads\/2019\/09\/DSCN7895-1024x768.jpeg\" alt=\"\" data-id=\"908\" data-link=\"https:\/\/patrimoineduquebec.com\/GaresduQuebec\/farnham\/dscn7895\/\" class=\"wp-image-908\" srcset=\"https:\/\/patrimoineduquebec.com\/GaresduQuebec\/wp-content\/uploads\/2019\/09\/DSCN7895-1024x768.jpeg 1024w, https:\/\/patrimoineduquebec.com\/GaresduQuebec\/wp-content\/uploads\/2019\/09\/DSCN7895-300x225.jpeg 300w, https:\/\/patrimoineduquebec.com\/GaresduQuebec\/wp-content\/uploads\/2019\/09\/DSCN7895-768x576.jpeg 768w\" sizes=\"auto, (max-width: 1024px) 100vw, 1024px\" \/><\/a><\/figure><\/li><li class=\"blocks-gallery-item\"><figure><a href=\"https:\/\/patrimoineduquebec.com\/GaresduQuebec\/wp-content\/uploads\/2019\/09\/DSCN7897-1024x768.jpeg\"><img loading=\"lazy\" decoding=\"async\" width=\"1024\" height=\"768\" src=\"https:\/\/patrimoineduquebec.com\/GaresduQuebec\/wp-content\/uploads\/2019\/09\/DSCN7897-1024x768.jpeg\" alt=\"\" data-id=\"909\" data-link=\"https:\/\/patrimoineduquebec.com\/GaresduQuebec\/farnham\/dscn7897\/\" class=\"wp-image-909\" srcset=\"https:\/\/patrimoineduquebec.com\/GaresduQuebec\/wp-content\/uploads\/2019\/09\/DSCN7897-1024x768.jpeg 1024w, https:\/\/patrimoineduquebec.com\/GaresduQuebec\/wp-content\/uploads\/2019\/09\/DSCN7897-300x225.jpeg 300w, https:\/\/patrimoineduquebec.com\/GaresduQuebec\/wp-content\/uploads\/2019\/09\/DSCN7897-768x576.jpeg 768w\" sizes=\"auto, (max-width: 1024px) 100vw, 1024px\" \/><\/a><\/figure><\/li><li class=\"blocks-gallery-item\"><figure><a href=\"https:\/\/patrimoineduquebec.com\/GaresduQuebec\/wp-content\/uploads\/2019\/09\/Capture-d\u2019\u00e9cran-le-2019-09-30-\u00e0-11.29.40-1024x633.png\"><img loading=\"lazy\" decoding=\"async\" width=\"1024\" height=\"633\" src=\"https:\/\/patrimoineduquebec.com\/GaresduQuebec\/wp-content\/uploads\/2019\/09\/Capture-d\u2019\u00e9cran-le-2019-09-30-\u00e0-11.29.40-1024x633.png\" alt=\"\" data-id=\"913\" data-link=\"https:\/\/patrimoineduquebec.com\/GaresduQuebec\/farnham\/capture-decran-le-2019-09-30-a-11-29-40\/\" class=\"wp-image-913\" srcset=\"https:\/\/patrimoineduquebec.com\/GaresduQuebec\/wp-content\/uploads\/2019\/09\/Capture-d\u2019\u00e9cran-le-2019-09-30-\u00e0-11.29.40-1024x633.png 1024w, https:\/\/patrimoineduquebec.com\/GaresduQuebec\/wp-content\/uploads\/2019\/09\/Capture-d\u2019\u00e9cran-le-2019-09-30-\u00e0-11.29.40-300x185.png 300w, https:\/\/patrimoineduquebec.com\/GaresduQuebec\/wp-content\/uploads\/2019\/09\/Capture-d\u2019\u00e9cran-le-2019-09-30-\u00e0-11.29.40-768x475.png 768w, https:\/\/patrimoineduquebec.com\/GaresduQuebec\/wp-content\/uploads\/2019\/09\/Capture-d\u2019\u00e9cran-le-2019-09-30-\u00e0-11.29.40.png 1105w\" sizes=\"auto, (max-width: 1024px) 100vw, 1024px\" \/><\/a><figcaption>BAnQ (CP 532 CON)<\/figcaption><\/figure><\/li><\/ul>\n","protected":false},"excerpt":{"rendered":"<p>DESCRIPTION DU LIEU PATRIMONIAL La gare ferroviaire du Canadien Pacifique (CP) de Farnham au Qu\u00e9bec est un b\u00e2timent de deux \u00e9tages avec un toit terrasse construit en 1950 selon les principes de construction du style international. Elle est situ\u00e9e au 191 de la rue Victoria, au coeur de la ville, juste \u00e0 l\u2019est de la [&hellip;]<\/p>\n","protected":false},"author":1,"featured_media":0,"parent":0,"menu_order":0,"comment_status":"closed","ping_status":"closed","template":"","meta":{"footnotes":""},"class_list":["post-905","page","type-page","status-publish","hentry"],"_links":{"self":[{"href":"https:\/\/patrimoineduquebec.com\/GaresduQuebec\/wp-json\/wp\/v2\/pages\/905","targetHints":{"allow":["GET"]}}],"collection":[{"href":"https:\/\/patrimoineduquebec.com\/GaresduQuebec\/wp-json\/wp\/v2\/pages"}],"about":[{"href":"https:\/\/patrimoineduquebec.com\/GaresduQuebec\/wp-json\/wp\/v2\/types\/page"}],"author":[{"embeddable":true,"href":"https:\/\/patrimoineduquebec.com\/GaresduQuebec\/wp-json\/wp\/v2\/users\/1"}],"replies":[{"embeddable":true,"href":"https:\/\/patrimoineduquebec.com\/GaresduQuebec\/wp-json\/wp\/v2\/comments?post=905"}],"version-history":[{"count":3,"href":"https:\/\/patrimoineduquebec.com\/GaresduQuebec\/wp-json\/wp\/v2\/pages\/905\/revisions"}],"predecessor-version":[{"id":946,"href":"https:\/\/patrimoineduquebec.com\/GaresduQuebec\/wp-json\/wp\/v2\/pages\/905\/revisions\/946"}],"wp:attachment":[{"href":"https:\/\/patrimoineduquebec.com\/GaresduQuebec\/wp-json\/wp\/v2\/media?parent=905"}],"curies":[{"name":"wp","href":"https:\/\/api.w.org\/{rel}","templated":true}]}}