{"id":893,"date":"2019-09-30T15:00:35","date_gmt":"2019-09-30T15:00:35","guid":{"rendered":"https:\/\/patrimoineduquebec.com\/GaresduQuebec\/?page_id=893"},"modified":"2023-08-08T17:31:13","modified_gmt":"2023-08-08T17:31:13","slug":"acton-vale","status":"publish","type":"page","link":"https:\/\/patrimoineduquebec.com\/GaresduQuebec\/acton-vale\/","title":{"rendered":"Acton Vale"},"content":{"rendered":"\n<div class=\"wp-block-image\"><figure class=\"aligncenter\"><a href=\"https:\/\/patrimoineduquebec.com\/GaresduQuebec\/wp-content\/uploads\/2019\/09\/Acton-Vale-1-1.jpeg\"><img loading=\"lazy\" decoding=\"async\" width=\"1024\" height=\"768\" src=\"https:\/\/patrimoineduquebec.com\/GaresduQuebec\/wp-content\/uploads\/2019\/09\/Acton-Vale-1-1-1024x768.jpeg\" alt=\"\" class=\"wp-image-894\" srcset=\"https:\/\/patrimoineduquebec.com\/GaresduQuebec\/wp-content\/uploads\/2019\/09\/Acton-Vale-1-1-1024x768.jpeg 1024w, https:\/\/patrimoineduquebec.com\/GaresduQuebec\/wp-content\/uploads\/2019\/09\/Acton-Vale-1-1-300x225.jpeg 300w, https:\/\/patrimoineduquebec.com\/GaresduQuebec\/wp-content\/uploads\/2019\/09\/Acton-Vale-1-1-768x576.jpeg 768w\" sizes=\"auto, (max-width: 1024px) 100vw, 1024px\" \/><\/a><\/figure><\/div>\n\n\n\n<p><strong>Histoire<\/strong><br><\/p>\n\n\n\n<p>Construite par la compagnie du Grand Tronc en 1903-1904, la magnifique gare d\u2019Acton Vale a \u00e9t\u00e9 \u00e9rig\u00e9e selon le plan type r\u00e9serv\u00e9 \u00e0 toutes les gares construites par le GT le long de sa ligne Montr\u00e9al-Portland entre 1895 et 1905. Premier chemin de fer international et le premier \u00e0 traverser les Cantons-de-l\u2019Est, le Grand Tronc avait acquis cette ligne du St-Lawrence &amp; Atlantic Railway en 1853. En 1919, apr\u00e8s avoir trop \u00e9parpill\u00e9 ses activit\u00e9s, GT fit faillite. Quatre ans plus tard, elle fut absorb\u00e9e par le Canadien National. Lorsque le flot de voyageurs chuta dans la seconde moiti\u00e9 du 20e si\u00e8cle, la gare d\u2019Acton Vale fut ferm\u00e9e tout comme plusieurs gares dans les Cantons. Abandonn\u00e9e pendant plusieurs ann\u00e9es, une nouvelle vie fut insuffl\u00e9e \u00e0 l\u2019\u00e9difice&nbsp;en 1979 lorsque la Soci\u00e9t\u00e9 de la gare fut fond\u00e9e. D\u00e9sign\u00e9e site historique f\u00e9d\u00e9ral et provincial (entre 1976 et 1980), la gare fut achet\u00e9e par la ville en 1983. Depuis restaur\u00e9e, elle a repris sa splendeur originale et a \u00e9t\u00e9 convertie en bureau de tourisme et centre d\u2019expositions.<br><\/p>\n\n\n\n<p><strong>Architecture<\/strong><br><\/p>\n\n\n\n<p>B\u00e2tisse \u00e0 un \u00e9tage construite en d\u00e9clin. De style n\u00e9o-Queen-Ann; selon la Commission des sites et monuments historiques du Canada, la gare comporte une tourelle \u00e0 pignon aigu et \u00e0 larmier ainsi qu\u2019une lucarne formant g\u00e2ble. L\u2019ensemble produit un effet pittoresque.<\/p>\n\n\n\n<p class=\"has-vivid-cyan-blue-color has-text-color\">Source : <a rel=\"noreferrer noopener\" aria-label=\"Patrimoine des Cantons Cyber Magazine (s\u2019ouvre dans un nouvel onglet)\" href=\"http:\/\/townshipsheritage.com\/files\/townshipsheritagewebmagazine\/attraction-images\/circuit-gares.pdf\" target=\"_blank\">Patrimoine des Cantons Cyber Magazine<\/a><\/p>\n\n\n\n<p>Photos : Monique Bellemare<\/p>\n\n\n\n<figure class=\"wp-block-gallery columns-3 is-cropped wp-block-gallery-1 is-layout-flex wp-block-gallery-is-layout-flex\"><ul class=\"blocks-gallery-grid\"><li class=\"blocks-gallery-item\"><figure><a href=\"https:\/\/patrimoineduquebec.com\/GaresduQuebec\/wp-content\/uploads\/2019\/09\/DSCN4243-1024x768.jpeg\"><img loading=\"lazy\" decoding=\"async\" width=\"1024\" height=\"768\" src=\"https:\/\/patrimoineduquebec.com\/GaresduQuebec\/wp-content\/uploads\/2019\/09\/DSCN4243-1024x768.jpeg\" alt=\"\" data-id=\"895\" data-link=\"https:\/\/patrimoineduquebec.com\/GaresduQuebec\/acton-vale\/dscn4243\/\" class=\"wp-image-895\" srcset=\"https:\/\/patrimoineduquebec.com\/GaresduQuebec\/wp-content\/uploads\/2019\/09\/DSCN4243-1024x768.jpeg 1024w, https:\/\/patrimoineduquebec.com\/GaresduQuebec\/wp-content\/uploads\/2019\/09\/DSCN4243-300x225.jpeg 300w, https:\/\/patrimoineduquebec.com\/GaresduQuebec\/wp-content\/uploads\/2019\/09\/DSCN4243-768x576.jpeg 768w\" sizes=\"auto, (max-width: 1024px) 100vw, 1024px\" \/><\/a><\/figure><\/li><li class=\"blocks-gallery-item\"><figure><a href=\"https:\/\/patrimoineduquebec.com\/GaresduQuebec\/wp-content\/uploads\/2019\/09\/DSCN4230-1024x768.jpeg\"><img loading=\"lazy\" decoding=\"async\" width=\"1024\" height=\"768\" src=\"https:\/\/patrimoineduquebec.com\/GaresduQuebec\/wp-content\/uploads\/2019\/09\/DSCN4230-1024x768.jpeg\" alt=\"\" data-id=\"896\" data-link=\"https:\/\/patrimoineduquebec.com\/GaresduQuebec\/acton-vale\/dscn4230\/\" class=\"wp-image-896\" srcset=\"https:\/\/patrimoineduquebec.com\/GaresduQuebec\/wp-content\/uploads\/2019\/09\/DSCN4230-1024x768.jpeg 1024w, https:\/\/patrimoineduquebec.com\/GaresduQuebec\/wp-content\/uploads\/2019\/09\/DSCN4230-300x225.jpeg 300w, https:\/\/patrimoineduquebec.com\/GaresduQuebec\/wp-content\/uploads\/2019\/09\/DSCN4230-768x576.jpeg 768w\" sizes=\"auto, (max-width: 1024px) 100vw, 1024px\" \/><\/a><\/figure><\/li><li class=\"blocks-gallery-item\"><figure><a href=\"https:\/\/patrimoineduquebec.com\/GaresduQuebec\/wp-content\/uploads\/2019\/09\/DSCN4240-1024x768.jpeg\"><img loading=\"lazy\" decoding=\"async\" width=\"1024\" height=\"768\" src=\"https:\/\/patrimoineduquebec.com\/GaresduQuebec\/wp-content\/uploads\/2019\/09\/DSCN4240-1024x768.jpeg\" alt=\"\" data-id=\"897\" data-link=\"https:\/\/patrimoineduquebec.com\/GaresduQuebec\/acton-vale\/dscn4240\/\" class=\"wp-image-897\" srcset=\"https:\/\/patrimoineduquebec.com\/GaresduQuebec\/wp-content\/uploads\/2019\/09\/DSCN4240-1024x768.jpeg 1024w, https:\/\/patrimoineduquebec.com\/GaresduQuebec\/wp-content\/uploads\/2019\/09\/DSCN4240-300x225.jpeg 300w, https:\/\/patrimoineduquebec.com\/GaresduQuebec\/wp-content\/uploads\/2019\/09\/DSCN4240-768x576.jpeg 768w\" sizes=\"auto, (max-width: 1024px) 100vw, 1024px\" \/><\/a><\/figure><\/li><li class=\"blocks-gallery-item\"><figure><a href=\"https:\/\/patrimoineduquebec.com\/GaresduQuebec\/wp-content\/uploads\/2019\/09\/DSCN4251-1024x768.jpeg\"><img loading=\"lazy\" decoding=\"async\" width=\"1024\" height=\"768\" src=\"https:\/\/patrimoineduquebec.com\/GaresduQuebec\/wp-content\/uploads\/2019\/09\/DSCN4251-1024x768.jpeg\" alt=\"\" data-id=\"898\" data-link=\"https:\/\/patrimoineduquebec.com\/GaresduQuebec\/acton-vale\/dscn4251\/\" class=\"wp-image-898\" srcset=\"https:\/\/patrimoineduquebec.com\/GaresduQuebec\/wp-content\/uploads\/2019\/09\/DSCN4251-1024x768.jpeg 1024w, https:\/\/patrimoineduquebec.com\/GaresduQuebec\/wp-content\/uploads\/2019\/09\/DSCN4251-300x225.jpeg 300w, https:\/\/patrimoineduquebec.com\/GaresduQuebec\/wp-content\/uploads\/2019\/09\/DSCN4251-768x576.jpeg 768w\" sizes=\"auto, (max-width: 1024px) 100vw, 1024px\" \/><\/a><\/figure><\/li><li class=\"blocks-gallery-item\"><figure><a href=\"https:\/\/patrimoineduquebec.com\/GaresduQuebec\/wp-content\/uploads\/2019\/09\/DSCN4241-1024x768.jpeg\"><img loading=\"lazy\" decoding=\"async\" width=\"1024\" height=\"768\" src=\"https:\/\/patrimoineduquebec.com\/GaresduQuebec\/wp-content\/uploads\/2019\/09\/DSCN4241-1024x768.jpeg\" alt=\"\" data-id=\"899\" data-link=\"https:\/\/patrimoineduquebec.com\/GaresduQuebec\/acton-vale\/dscn4241\/\" class=\"wp-image-899\" srcset=\"https:\/\/patrimoineduquebec.com\/GaresduQuebec\/wp-content\/uploads\/2019\/09\/DSCN4241-1024x768.jpeg 1024w, https:\/\/patrimoineduquebec.com\/GaresduQuebec\/wp-content\/uploads\/2019\/09\/DSCN4241-300x225.jpeg 300w, https:\/\/patrimoineduquebec.com\/GaresduQuebec\/wp-content\/uploads\/2019\/09\/DSCN4241-768x576.jpeg 768w\" sizes=\"auto, (max-width: 1024px) 100vw, 1024px\" \/><\/a><\/figure><\/li><li class=\"blocks-gallery-item\"><figure><a href=\"https:\/\/patrimoineduquebec.com\/GaresduQuebec\/wp-content\/uploads\/2019\/09\/DSCN4250-1024x768.jpeg\"><img loading=\"lazy\" decoding=\"async\" width=\"1024\" height=\"768\" src=\"https:\/\/patrimoineduquebec.com\/GaresduQuebec\/wp-content\/uploads\/2019\/09\/DSCN4250-1024x768.jpeg\" alt=\"\" data-id=\"900\" data-link=\"https:\/\/patrimoineduquebec.com\/GaresduQuebec\/acton-vale\/dscn4250\/\" class=\"wp-image-900\" srcset=\"https:\/\/patrimoineduquebec.com\/GaresduQuebec\/wp-content\/uploads\/2019\/09\/DSCN4250-1024x768.jpeg 1024w, https:\/\/patrimoineduquebec.com\/GaresduQuebec\/wp-content\/uploads\/2019\/09\/DSCN4250-300x225.jpeg 300w, https:\/\/patrimoineduquebec.com\/GaresduQuebec\/wp-content\/uploads\/2019\/09\/DSCN4250-768x576.jpeg 768w\" sizes=\"auto, (max-width: 1024px) 100vw, 1024px\" \/><\/a><\/figure><\/li><li class=\"blocks-gallery-item\"><figure><a href=\"https:\/\/patrimoineduquebec.com\/GaresduQuebec\/wp-content\/uploads\/2019\/09\/Capture-d\u2019\u00e9cran-le-2019-09-30-\u00e0-10.47.48-1024x673.png\"><img loading=\"lazy\" decoding=\"async\" width=\"1024\" height=\"673\" src=\"https:\/\/patrimoineduquebec.com\/GaresduQuebec\/wp-content\/uploads\/2019\/09\/Capture-d\u2019\u00e9cran-le-2019-09-30-\u00e0-10.47.48-1024x673.png\" alt=\"\" data-id=\"901\" data-link=\"https:\/\/patrimoineduquebec.com\/GaresduQuebec\/acton-vale\/capture-decran-le-2019-09-30-a-10-47-48\/\" class=\"wp-image-901\" srcset=\"https:\/\/patrimoineduquebec.com\/GaresduQuebec\/wp-content\/uploads\/2019\/09\/Capture-d\u2019\u00e9cran-le-2019-09-30-\u00e0-10.47.48-1024x673.png 1024w, https:\/\/patrimoineduquebec.com\/GaresduQuebec\/wp-content\/uploads\/2019\/09\/Capture-d\u2019\u00e9cran-le-2019-09-30-\u00e0-10.47.48-300x197.png 300w, https:\/\/patrimoineduquebec.com\/GaresduQuebec\/wp-content\/uploads\/2019\/09\/Capture-d\u2019\u00e9cran-le-2019-09-30-\u00e0-10.47.48-768x505.png 768w, https:\/\/patrimoineduquebec.com\/GaresduQuebec\/wp-content\/uploads\/2019\/09\/Capture-d\u2019\u00e9cran-le-2019-09-30-\u00e0-10.47.48.png 1059w\" sizes=\"auto, (max-width: 1024px) 100vw, 1024px\" \/><\/a><figcaption class=\"blocks-gallery-item__caption\">BAnQ (CP 7969 CON)<\/figcaption><\/figure><\/li><\/ul><\/figure>\n","protected":false},"excerpt":{"rendered":"<p>Histoire Construite par la compagnie du Grand Tronc en 1903-1904, la magnifique gare d\u2019Acton Vale a \u00e9t\u00e9 \u00e9rig\u00e9e selon le plan type r\u00e9serv\u00e9 \u00e0 toutes les gares construites par le GT le long de sa ligne Montr\u00e9al-Portland entre 1895 et 1905. Premier chemin de fer international et le premier \u00e0 traverser les Cantons-de-l\u2019Est, le Grand [&hellip;]<\/p>\n","protected":false},"author":1,"featured_media":0,"parent":0,"menu_order":0,"comment_status":"closed","ping_status":"closed","template":"","meta":{"footnotes":""},"class_list":["post-893","page","type-page","status-publish","hentry"],"_links":{"self":[{"href":"https:\/\/patrimoineduquebec.com\/GaresduQuebec\/wp-json\/wp\/v2\/pages\/893","targetHints":{"allow":["GET"]}}],"collection":[{"href":"https:\/\/patrimoineduquebec.com\/GaresduQuebec\/wp-json\/wp\/v2\/pages"}],"about":[{"href":"https:\/\/patrimoineduquebec.com\/GaresduQuebec\/wp-json\/wp\/v2\/types\/page"}],"author":[{"embeddable":true,"href":"https:\/\/patrimoineduquebec.com\/GaresduQuebec\/wp-json\/wp\/v2\/users\/1"}],"replies":[{"embeddable":true,"href":"https:\/\/patrimoineduquebec.com\/GaresduQuebec\/wp-json\/wp\/v2\/comments?post=893"}],"version-history":[{"count":5,"href":"https:\/\/patrimoineduquebec.com\/GaresduQuebec\/wp-json\/wp\/v2\/pages\/893\/revisions"}],"predecessor-version":[{"id":2122,"href":"https:\/\/patrimoineduquebec.com\/GaresduQuebec\/wp-json\/wp\/v2\/pages\/893\/revisions\/2122"}],"wp:attachment":[{"href":"https:\/\/patrimoineduquebec.com\/GaresduQuebec\/wp-json\/wp\/v2\/media?parent=893"}],"curies":[{"name":"wp","href":"https:\/\/api.w.org\/{rel}","templated":true}]}}