{"id":854,"date":"2019-09-29T17:27:29","date_gmt":"2019-09-29T17:27:29","guid":{"rendered":"https:\/\/patrimoineduquebec.com\/GaresduQuebec\/?page_id=854"},"modified":"2019-10-18T17:21:51","modified_gmt":"2019-10-18T17:21:51","slug":"shawinigan","status":"publish","type":"page","link":"https:\/\/patrimoineduquebec.com\/GaresduQuebec\/shawinigan\/","title":{"rendered":"Shawinigan"},"content":{"rendered":"\n<p style=\"text-align:center\" class=\"has-medium-font-size\"><strong>Gare du Canadien Pacifique (CP)<\/strong><\/p>\n\n\n\n<div class=\"wp-block-image\"><figure class=\"aligncenter\"><a href=\"https:\/\/patrimoineduquebec.com\/GaresduQuebec\/wp-content\/uploads\/2019\/09\/DSCN9096.jpeg\"><img loading=\"lazy\" decoding=\"async\" width=\"1024\" height=\"768\" src=\"https:\/\/patrimoineduquebec.com\/GaresduQuebec\/wp-content\/uploads\/2019\/09\/DSCN9096-1024x768.jpeg\" alt=\"\" class=\"wp-image-857\" srcset=\"https:\/\/patrimoineduquebec.com\/GaresduQuebec\/wp-content\/uploads\/2019\/09\/DSCN9096-1024x768.jpeg 1024w, https:\/\/patrimoineduquebec.com\/GaresduQuebec\/wp-content\/uploads\/2019\/09\/DSCN9096-300x225.jpeg 300w, https:\/\/patrimoineduquebec.com\/GaresduQuebec\/wp-content\/uploads\/2019\/09\/DSCN9096-768x576.jpeg 768w\" sizes=\"auto, (max-width: 1024px) 100vw, 1024px\" \/><\/a><\/figure><\/div>\n\n\n\n<p><strong>Histoire et architecture:<\/strong><br><\/p>\n\n\n\n<p>En 1927, un nouvel \u00e9difice remplace la petite gare du CP, petit b\u00e2timent de bois \u00e9rig\u00e9 en 1906 et qui ne r\u00e9pondait plus aux besoins des usagers et surtout jug\u00e9e indigne de l\u2019image de ville industrielle prosp\u00e8re que cherchait \u00e0 projeter Shawinigan.<br><\/p>\n\n\n\n<p>En prenant mod\u00e8le sur certaines gares am\u00e9ricaines, les architectes de la gare du CP de Shawinigan demeurent fid\u00e8les \u00e0 ce style qui est devenu au fil des ann\u00e9es son image de marque. La gare de Shawinigan se lit d\u2019abord comme un b\u00e2timent oblong, dont le plan s\u2019\u00e9tire le long de la voie ferr\u00e9e. Une 2e lecture souligne cette toiture d\u00e9bordante qui particularise l\u2019\u00e9difice. Les qualit\u00e9s structurales de la brique des murs porteurs est \u00e0 souligner. Les coyaux qui supportent le d\u00e9bordement du toit sont bien exprim\u00e9s et support\u00e9s par des consoles ou jambes de force.<br><\/p>\n\n\n\n<p>La gare du CP s\u2019\u00e9rige sur sur une cave de b\u00e9ton, sur la paroi de laquelle les architectes appliquent une pierre naturelle. La gare s\u2019est agrandie du c\u00f4t\u00e9 de la salle des messageries et des bagages par une extension dont la date de construction n\u2019a pu \u00eatre retrac\u00e9e. L\u2019adjonction s\u2019harmonise parfaitement avec l\u2019\u00e9difice original, dont elle reprend le style. Elle a probablement \u00e9t\u00e9 \u00e9lev\u00e9e peu apr\u00e8s la construction initiale, autour de 1940.<br><\/p>\n\n\n\n<p>La gare de Shawinigan correspond au type \u00abgare locale pour passagers\u00bb. Il s\u2019agit d\u2019une gare de 1\u00e8re classe, con\u00e7ue en fonction d\u2019une ville de moyenne dimension et sans logement pour le chef de gare. De bonne qualit\u00e9, la structure du b\u00e2timent fait appel au b\u00e9ton arm\u00e9, pour les murs de fondation et la dalle du plancher, et \u00e0 la brique dont l\u2019appareil en boutisse \u00e0 tous les 6 rangs rappelle la fonction structurelle, tant \u00e0 l\u2019int\u00e9rieur qu\u2019\u00e0 l\u2019ext\u00e9rieur. Les murs porteurs sont particuli\u00e8rement \u00e9pais compar\u00e9s \u00e0 ceux de l\u2019agrandissement o\u00f9 la ma\u00e7onnerie de briques n\u2019est qu\u2019un remplissage.<br><\/p>\n\n\n\n<p>Outre cet agrandissement, la gare du CP de Shawinigan conserve \u00e0 peu de chose pr\u00e8s son image initiale. Hormis l\u2019ardoise de la toiture qui a fait place \u00e0 l\u2019actuel bardeau d\u2019asphalte, tous les mat\u00e9riaux d\u2019origine demeurent. Les fen\u00eatres n\u2019ont jamais \u00e9t\u00e9 remplac\u00e9es.<br><\/p>\n\n\n\n<p>La d\u00e9saffection relativement ancienne de la gare explique sans doute l\u2019\u00e9tat n\u00e9glig\u00e9 de ses environs imm\u00e9diats. En 1992, le conseil de ville de la municipalit\u00e9 votait une r\u00e9solution visant \u00e0 contrer le projet de d\u00e9molition de la gare du CP. Ce vote inscrit donc ce b\u00e2timent parmi les monuments du patrimoine local tant pour son histoire que pour son architecture.<br><\/p>\n\n\n\n<p>La gare du CP de Shawinigan a acquis une certaine notori\u00e9t\u00e9 alors qu\u2019y ont \u00e9t\u00e9 tourn\u00e9s des \u00e9pisodes de la c\u00e9l\u00e8bre t\u00e9l\u00e9s\u00e9rie \u00abLes filles de Caleb\u00bb.&nbsp;<br><\/p>\n\n\n\n<p>La gare \u00e0 l\u2019abandon est situ\u00e9e rue de la Station.<br><\/p>\n\n\n\n<p><strong>Source:&nbsp;<\/strong>Commission des lieux et monuments historiques du Canada<br><\/p>\n\n\n\n<p>&nbsp;&nbsp;&nbsp;&nbsp;&nbsp;&nbsp;&nbsp;&nbsp;&nbsp;&nbsp;&nbsp;&nbsp;&nbsp;&nbsp; Rapport sur les gares ferroviaires<br><\/p>\n\n\n\n<p>&nbsp;&nbsp;&nbsp;&nbsp;&nbsp;&nbsp;&nbsp;&nbsp;&nbsp;&nbsp;&nbsp;&nbsp;&nbsp;&nbsp; Gare du CP, Shawinigan<\/p>\n\n\n\n<p>Photos : Monique Bellemare<\/p>\n\n\n\n<ul class=\"wp-block-gallery columns-3 is-cropped wp-block-gallery-1 is-layout-flex wp-block-gallery-is-layout-flex\"><li class=\"blocks-gallery-item\"><figure><a href=\"https:\/\/patrimoineduquebec.com\/GaresduQuebec\/wp-content\/uploads\/2019\/09\/DSCN9095-1024x768.jpeg\"><img loading=\"lazy\" decoding=\"async\" width=\"1024\" height=\"768\" src=\"https:\/\/patrimoineduquebec.com\/GaresduQuebec\/wp-content\/uploads\/2019\/09\/DSCN9095-1024x768.jpeg\" alt=\"\" data-id=\"858\" data-link=\"https:\/\/patrimoineduquebec.com\/GaresduQuebec\/shawinigan\/gare-du-cp-2\/\" class=\"wp-image-858\" srcset=\"https:\/\/patrimoineduquebec.com\/GaresduQuebec\/wp-content\/uploads\/2019\/09\/DSCN9095-1024x768.jpeg 1024w, https:\/\/patrimoineduquebec.com\/GaresduQuebec\/wp-content\/uploads\/2019\/09\/DSCN9095-300x225.jpeg 300w, https:\/\/patrimoineduquebec.com\/GaresduQuebec\/wp-content\/uploads\/2019\/09\/DSCN9095-768x576.jpeg 768w\" sizes=\"auto, (max-width: 1024px) 100vw, 1024px\" \/><\/a><\/figure><\/li><li class=\"blocks-gallery-item\"><figure><a href=\"https:\/\/patrimoineduquebec.com\/GaresduQuebec\/wp-content\/uploads\/2019\/09\/DSCN9104-1024x768.jpeg\"><img loading=\"lazy\" decoding=\"async\" width=\"1024\" height=\"768\" src=\"https:\/\/patrimoineduquebec.com\/GaresduQuebec\/wp-content\/uploads\/2019\/09\/DSCN9104-1024x768.jpeg\" alt=\"\" data-id=\"859\" data-link=\"https:\/\/patrimoineduquebec.com\/GaresduQuebec\/shawinigan\/gare-du-cp-3\/\" class=\"wp-image-859\" srcset=\"https:\/\/patrimoineduquebec.com\/GaresduQuebec\/wp-content\/uploads\/2019\/09\/DSCN9104-1024x768.jpeg 1024w, https:\/\/patrimoineduquebec.com\/GaresduQuebec\/wp-content\/uploads\/2019\/09\/DSCN9104-300x225.jpeg 300w, https:\/\/patrimoineduquebec.com\/GaresduQuebec\/wp-content\/uploads\/2019\/09\/DSCN9104-768x576.jpeg 768w\" sizes=\"auto, (max-width: 1024px) 100vw, 1024px\" \/><\/a><\/figure><\/li><li class=\"blocks-gallery-item\"><figure><a href=\"https:\/\/patrimoineduquebec.com\/GaresduQuebec\/wp-content\/uploads\/2019\/09\/DSCN9101-1024x768.jpeg\"><img loading=\"lazy\" decoding=\"async\" width=\"1024\" height=\"768\" src=\"https:\/\/patrimoineduquebec.com\/GaresduQuebec\/wp-content\/uploads\/2019\/09\/DSCN9101-1024x768.jpeg\" alt=\"\" data-id=\"861\" data-link=\"https:\/\/patrimoineduquebec.com\/GaresduQuebec\/shawinigan\/gare-du-cp-4\/\" class=\"wp-image-861\" srcset=\"https:\/\/patrimoineduquebec.com\/GaresduQuebec\/wp-content\/uploads\/2019\/09\/DSCN9101-1024x768.jpeg 1024w, https:\/\/patrimoineduquebec.com\/GaresduQuebec\/wp-content\/uploads\/2019\/09\/DSCN9101-300x225.jpeg 300w, https:\/\/patrimoineduquebec.com\/GaresduQuebec\/wp-content\/uploads\/2019\/09\/DSCN9101-768x576.jpeg 768w\" sizes=\"auto, (max-width: 1024px) 100vw, 1024px\" \/><\/a><\/figure><\/li><li class=\"blocks-gallery-item\"><figure><a href=\"https:\/\/patrimoineduquebec.com\/GaresduQuebec\/wp-content\/uploads\/2019\/10\/B-gare-de-shawinigan-facebook-1024x680.jpeg\"><img loading=\"lazy\" decoding=\"async\" width=\"1024\" height=\"680\" src=\"https:\/\/patrimoineduquebec.com\/GaresduQuebec\/wp-content\/uploads\/2019\/10\/B-gare-de-shawinigan-facebook-1024x680.jpeg\" alt=\"\" data-id=\"1848\" data-link=\"https:\/\/patrimoineduquebec.com\/GaresduQuebec\/shawinigan\/b-gare-de-shawinigan-facebook\/\" class=\"wp-image-1848\" srcset=\"https:\/\/patrimoineduquebec.com\/GaresduQuebec\/wp-content\/uploads\/2019\/10\/B-gare-de-shawinigan-facebook-1024x680.jpeg 1024w, https:\/\/patrimoineduquebec.com\/GaresduQuebec\/wp-content\/uploads\/2019\/10\/B-gare-de-shawinigan-facebook-300x199.jpeg 300w, https:\/\/patrimoineduquebec.com\/GaresduQuebec\/wp-content\/uploads\/2019\/10\/B-gare-de-shawinigan-facebook-768x510.jpeg 768w, https:\/\/patrimoineduquebec.com\/GaresduQuebec\/wp-content\/uploads\/2019\/10\/B-gare-de-shawinigan-facebook.jpeg 1288w\" sizes=\"auto, (max-width: 1024px) 100vw, 1024px\" \/><\/a><figcaption>Photo Facebook<\/figcaption><\/figure><\/li><\/ul>\n","protected":false},"excerpt":{"rendered":"<p>Gare du Canadien Pacifique (CP) Histoire et architecture: En 1927, un nouvel \u00e9difice remplace la petite gare du CP, petit b\u00e2timent de bois \u00e9rig\u00e9 en 1906 et qui ne r\u00e9pondait plus aux besoins des usagers et surtout jug\u00e9e indigne de l\u2019image de ville industrielle prosp\u00e8re que cherchait \u00e0 projeter Shawinigan. En prenant mod\u00e8le sur certaines [&hellip;]<\/p>\n","protected":false},"author":1,"featured_media":0,"parent":0,"menu_order":0,"comment_status":"closed","ping_status":"closed","template":"","meta":{"footnotes":""},"class_list":["post-854","page","type-page","status-publish","hentry"],"_links":{"self":[{"href":"https:\/\/patrimoineduquebec.com\/GaresduQuebec\/wp-json\/wp\/v2\/pages\/854","targetHints":{"allow":["GET"]}}],"collection":[{"href":"https:\/\/patrimoineduquebec.com\/GaresduQuebec\/wp-json\/wp\/v2\/pages"}],"about":[{"href":"https:\/\/patrimoineduquebec.com\/GaresduQuebec\/wp-json\/wp\/v2\/types\/page"}],"author":[{"embeddable":true,"href":"https:\/\/patrimoineduquebec.com\/GaresduQuebec\/wp-json\/wp\/v2\/users\/1"}],"replies":[{"embeddable":true,"href":"https:\/\/patrimoineduquebec.com\/GaresduQuebec\/wp-json\/wp\/v2\/comments?post=854"}],"version-history":[{"count":6,"href":"https:\/\/patrimoineduquebec.com\/GaresduQuebec\/wp-json\/wp\/v2\/pages\/854\/revisions"}],"predecessor-version":[{"id":1849,"href":"https:\/\/patrimoineduquebec.com\/GaresduQuebec\/wp-json\/wp\/v2\/pages\/854\/revisions\/1849"}],"wp:attachment":[{"href":"https:\/\/patrimoineduquebec.com\/GaresduQuebec\/wp-json\/wp\/v2\/media?parent=854"}],"curies":[{"name":"wp","href":"https:\/\/api.w.org\/{rel}","templated":true}]}}