{"id":780,"date":"2019-09-29T15:12:35","date_gmt":"2019-09-29T15:12:35","guid":{"rendered":"https:\/\/patrimoineduquebec.com\/GaresduQuebec\/?page_id=780"},"modified":"2019-10-18T17:14:27","modified_gmt":"2019-10-18T17:14:27","slug":"sainte-agathe","status":"publish","type":"page","link":"https:\/\/patrimoineduquebec.com\/GaresduQuebec\/sainte-agathe\/","title":{"rendered":"Sainte-Agathe"},"content":{"rendered":"\n<div class=\"wp-block-image\"><figure class=\"aligncenter\"><a href=\"https:\/\/patrimoineduquebec.com\/GaresduQuebec\/wp-content\/uploads\/2019\/09\/PB154587.jpeg\"><img loading=\"lazy\" decoding=\"async\" width=\"1024\" height=\"768\" src=\"https:\/\/patrimoineduquebec.com\/GaresduQuebec\/wp-content\/uploads\/2019\/09\/PB154587-1024x768.jpeg\" alt=\"\" class=\"wp-image-781\" srcset=\"https:\/\/patrimoineduquebec.com\/GaresduQuebec\/wp-content\/uploads\/2019\/09\/PB154587-1024x768.jpeg 1024w, https:\/\/patrimoineduquebec.com\/GaresduQuebec\/wp-content\/uploads\/2019\/09\/PB154587-300x225.jpeg 300w, https:\/\/patrimoineduquebec.com\/GaresduQuebec\/wp-content\/uploads\/2019\/09\/PB154587-768x576.jpeg 768w\" sizes=\"auto, (max-width: 1024px) 100vw, 1024px\" \/><\/a><\/figure><\/div>\n\n\n\n<p>Le train arrive \u00e0 Sainte-Agathe-des-Monts en 1892. La gare actuelle est \u00e9rig\u00e9e en 1902, sur la rue Demontigny, d&rsquo;apr\u00e8s le plan standard dit de \u00ab gare normale No 1 sans habitation \u00bb du Canadien Pacifique. La gare est d\u00e9plac\u00e9e \u00e0 son emplacement actuel puis agrandie en 1913.<\/p>\n\n\n\n<p><a rel=\"noreferrer noopener\" href=\"http:\/\/www.patrimoine-culturel.gouv.qc.ca\/rpcq\/detail.do?methode=consulter&amp;id=93125&amp;type=bien#.Vk4fMnYveUl%20\" target=\"_blank\"><strong>Plus d&rsquo;information<\/strong><\/a><\/p>\n\n\n\n<p>L&rsquo;am\u00e9lioration des liens routiers, notamment la construction de l&rsquo;autoroute du Nord dans les ann\u00e9es 1960, entra\u00eene une diminution des activit\u00e9s ferroviaires sur la ligne Montr\u00e9al-Mont-Laurier. Interrompu en 1960, le service reprend en 1978, mais l&rsquo;exploitation du chemin de fer est d\u00e9finitivement abandonn\u00e9e en 1981 pour les passagers et en 1989 pour le transport de marchandises. Les rails sont d\u00e9mantel\u00e9s 1991. En 1994, elle est d\u00e9sign\u00e9e gare ferroviaire patrimoniale par le gouvernement du Canada.<br><br>Le gouvernement du Qu\u00e9bec ach\u00e8te l&rsquo;ancienne emprise ferroviaire entre Saint-J\u00e9r\u00f4me et Mont-Laurier la m\u00eame ann\u00e9e afin de cr\u00e9er le corridor r\u00e9cr\u00e9otouristique du \u00ab&nbsp;P&rsquo;tit Train du Nord&nbsp;\u00bb, officiellement inaugur\u00e9 en 1996. L&rsquo;ancienne gare est restaur\u00e9e \u00e0 cette occasion, et elle devient un lieu d&rsquo;accueil des visiteurs et des utilisateurs de la piste cyclable. Un bureau d&rsquo;accueil touristique ainsi que les locaux de la chambre de commerce de la municipalit\u00e9 y sont am\u00e9nag\u00e9s. Un petit mus\u00e9e d&rsquo;histoire locale est inaugur\u00e9 sur les lieux en 2005. Le 14 octobre 2008, la gare a \u00e9t\u00e9 gravement endommag\u00e9e par un incendie. Elle a \u00e9t\u00e9 reproduite par la suite. Elle retrouve les visiteurs le 28 juin 2010.<\/p>\n\n\n\n<p class=\"has-text-color has-vivid-cyan-blue-color\">Sou<a rel=\"noreferrer noopener\" aria-label=\"rce : Laurentides.com (s\u2019ouvre dans un nouvel onglet)\" href=\"https:\/\/www.laurentides.com\/fr\/belleshistoires-route\/41\" target=\"_blank\">rce : Laurentides.com<\/a><\/p>\n\n\n\n<p>Photos : Sylvain St-Jean<\/p>\n\n\n\n<ul class=\"wp-block-gallery columns-3 is-cropped wp-block-gallery-1 is-layout-flex wp-block-gallery-is-layout-flex\"><li class=\"blocks-gallery-item\"><figure><a href=\"https:\/\/patrimoineduquebec.com\/GaresduQuebec\/wp-content\/uploads\/2019\/09\/PB154574-1024x768.jpeg\"><img loading=\"lazy\" decoding=\"async\" width=\"1024\" height=\"768\" src=\"https:\/\/patrimoineduquebec.com\/GaresduQuebec\/wp-content\/uploads\/2019\/09\/PB154574-1024x768.jpeg\" alt=\"\" data-id=\"784\" data-link=\"https:\/\/patrimoineduquebec.com\/GaresduQuebec\/sainte-agathe\/olympus-digital-camera-86\/\" class=\"wp-image-784\" srcset=\"https:\/\/patrimoineduquebec.com\/GaresduQuebec\/wp-content\/uploads\/2019\/09\/PB154574-1024x768.jpeg 1024w, https:\/\/patrimoineduquebec.com\/GaresduQuebec\/wp-content\/uploads\/2019\/09\/PB154574-300x225.jpeg 300w, https:\/\/patrimoineduquebec.com\/GaresduQuebec\/wp-content\/uploads\/2019\/09\/PB154574-768x576.jpeg 768w\" sizes=\"auto, (max-width: 1024px) 100vw, 1024px\" \/><\/a><\/figure><\/li><li class=\"blocks-gallery-item\"><figure><a href=\"https:\/\/patrimoineduquebec.com\/GaresduQuebec\/wp-content\/uploads\/2019\/09\/PB154579-1024x768.jpeg\"><img loading=\"lazy\" decoding=\"async\" width=\"1024\" height=\"768\" src=\"https:\/\/patrimoineduquebec.com\/GaresduQuebec\/wp-content\/uploads\/2019\/09\/PB154579-1024x768.jpeg\" alt=\"\" data-id=\"785\" data-link=\"https:\/\/patrimoineduquebec.com\/GaresduQuebec\/sainte-agathe\/olympus-digital-camera-87\/\" class=\"wp-image-785\" srcset=\"https:\/\/patrimoineduquebec.com\/GaresduQuebec\/wp-content\/uploads\/2019\/09\/PB154579-1024x768.jpeg 1024w, https:\/\/patrimoineduquebec.com\/GaresduQuebec\/wp-content\/uploads\/2019\/09\/PB154579-300x225.jpeg 300w, https:\/\/patrimoineduquebec.com\/GaresduQuebec\/wp-content\/uploads\/2019\/09\/PB154579-768x576.jpeg 768w\" sizes=\"auto, (max-width: 1024px) 100vw, 1024px\" \/><\/a><\/figure><\/li><li class=\"blocks-gallery-item\"><figure><a href=\"https:\/\/patrimoineduquebec.com\/GaresduQuebec\/wp-content\/uploads\/2019\/09\/PB154581-1024x768.jpg\"><img loading=\"lazy\" decoding=\"async\" width=\"1024\" height=\"768\" src=\"https:\/\/patrimoineduquebec.com\/GaresduQuebec\/wp-content\/uploads\/2019\/09\/PB154581-1024x768.jpg\" alt=\"\" data-id=\"787\" data-link=\"https:\/\/patrimoineduquebec.com\/GaresduQuebec\/sainte-agathe\/olympus-digital-camera-88\/\" class=\"wp-image-787\" srcset=\"https:\/\/patrimoineduquebec.com\/GaresduQuebec\/wp-content\/uploads\/2019\/09\/PB154581-1024x768.jpg 1024w, https:\/\/patrimoineduquebec.com\/GaresduQuebec\/wp-content\/uploads\/2019\/09\/PB154581-300x225.jpg 300w, https:\/\/patrimoineduquebec.com\/GaresduQuebec\/wp-content\/uploads\/2019\/09\/PB154581-768x576.jpg 768w\" sizes=\"auto, (max-width: 1024px) 100vw, 1024px\" \/><\/a><\/figure><\/li><li class=\"blocks-gallery-item\"><figure><a href=\"https:\/\/patrimoineduquebec.com\/GaresduQuebec\/wp-content\/uploads\/2019\/09\/PB150311-1024x768.jpeg\"><img loading=\"lazy\" decoding=\"async\" width=\"1024\" height=\"768\" src=\"https:\/\/patrimoineduquebec.com\/GaresduQuebec\/wp-content\/uploads\/2019\/09\/PB150311-1024x768.jpeg\" alt=\"\" data-id=\"788\" data-link=\"https:\/\/patrimoineduquebec.com\/GaresduQuebec\/sainte-agathe\/olympus-digital-camera-89\/\" class=\"wp-image-788\" srcset=\"https:\/\/patrimoineduquebec.com\/GaresduQuebec\/wp-content\/uploads\/2019\/09\/PB150311-1024x768.jpeg 1024w, https:\/\/patrimoineduquebec.com\/GaresduQuebec\/wp-content\/uploads\/2019\/09\/PB150311-300x225.jpeg 300w, https:\/\/patrimoineduquebec.com\/GaresduQuebec\/wp-content\/uploads\/2019\/09\/PB150311-768x576.jpeg 768w\" sizes=\"auto, (max-width: 1024px) 100vw, 1024px\" \/><\/a><\/figure><\/li><li class=\"blocks-gallery-item\"><figure><a href=\"https:\/\/patrimoineduquebec.com\/GaresduQuebec\/wp-content\/uploads\/2019\/09\/PB154571-1024x768.jpeg\"><img loading=\"lazy\" decoding=\"async\" width=\"1024\" height=\"768\" src=\"https:\/\/patrimoineduquebec.com\/GaresduQuebec\/wp-content\/uploads\/2019\/09\/PB154571-1024x768.jpeg\" alt=\"\" data-id=\"789\" data-link=\"https:\/\/patrimoineduquebec.com\/GaresduQuebec\/sainte-agathe\/olympus-digital-camera-90\/\" class=\"wp-image-789\" srcset=\"https:\/\/patrimoineduquebec.com\/GaresduQuebec\/wp-content\/uploads\/2019\/09\/PB154571-1024x768.jpeg 1024w, https:\/\/patrimoineduquebec.com\/GaresduQuebec\/wp-content\/uploads\/2019\/09\/PB154571-300x225.jpeg 300w, https:\/\/patrimoineduquebec.com\/GaresduQuebec\/wp-content\/uploads\/2019\/09\/PB154571-768x576.jpeg 768w\" sizes=\"auto, (max-width: 1024px) 100vw, 1024px\" \/><\/a><\/figure><\/li><li class=\"blocks-gallery-item\"><figure><a href=\"https:\/\/patrimoineduquebec.com\/GaresduQuebec\/wp-content\/uploads\/2019\/10\/B-gare-de-sainte-agathe-2.jpeg\"><img loading=\"lazy\" decoding=\"async\" width=\"988\" height=\"633\" src=\"https:\/\/patrimoineduquebec.com\/GaresduQuebec\/wp-content\/uploads\/2019\/10\/B-gare-de-sainte-agathe-2.jpeg\" alt=\"\" data-id=\"1651\" data-link=\"https:\/\/patrimoineduquebec.com\/GaresduQuebec\/sainte-agathe\/b-gare-de-sainte-agathe-2\/\" class=\"wp-image-1651\" srcset=\"https:\/\/patrimoineduquebec.com\/GaresduQuebec\/wp-content\/uploads\/2019\/10\/B-gare-de-sainte-agathe-2.jpeg 988w, https:\/\/patrimoineduquebec.com\/GaresduQuebec\/wp-content\/uploads\/2019\/10\/B-gare-de-sainte-agathe-2-300x192.jpeg 300w, https:\/\/patrimoineduquebec.com\/GaresduQuebec\/wp-content\/uploads\/2019\/10\/B-gare-de-sainte-agathe-2-768x492.jpeg 768w\" sizes=\"auto, (max-width: 988px) 100vw, 988px\" \/><\/a><figcaption>Vers 1920 (collection M.G. Valli\u00e8res)<\/figcaption><\/figure><\/li><li class=\"blocks-gallery-item\"><figure><a href=\"https:\/\/patrimoineduquebec.com\/GaresduQuebec\/wp-content\/uploads\/2019\/10\/B-gare-de-sainte-agathe.jpeg\"><img loading=\"lazy\" decoding=\"async\" width=\"994\" height=\"632\" src=\"https:\/\/patrimoineduquebec.com\/GaresduQuebec\/wp-content\/uploads\/2019\/10\/B-gare-de-sainte-agathe.jpeg\" alt=\"\" data-id=\"1652\" data-link=\"https:\/\/patrimoineduquebec.com\/GaresduQuebec\/sainte-agathe\/b-gare-de-sainte-agathe\/\" class=\"wp-image-1652\" srcset=\"https:\/\/patrimoineduquebec.com\/GaresduQuebec\/wp-content\/uploads\/2019\/10\/B-gare-de-sainte-agathe.jpeg 994w, https:\/\/patrimoineduquebec.com\/GaresduQuebec\/wp-content\/uploads\/2019\/10\/B-gare-de-sainte-agathe-300x191.jpeg 300w, https:\/\/patrimoineduquebec.com\/GaresduQuebec\/wp-content\/uploads\/2019\/10\/B-gare-de-sainte-agathe-768x488.jpeg 768w\" sizes=\"auto, (max-width: 994px) 100vw, 994px\" \/><\/a><figcaption>Vers 1905 (collection M.G. Valli\u00e8res)<\/figcaption><\/figure><\/li><\/ul>\n","protected":false},"excerpt":{"rendered":"<p>Le train arrive \u00e0 Sainte-Agathe-des-Monts en 1892. La gare actuelle est \u00e9rig\u00e9e en 1902, sur la rue Demontigny, d&rsquo;apr\u00e8s le plan standard dit de \u00ab gare normale No 1 sans habitation \u00bb du Canadien Pacifique. La gare est d\u00e9plac\u00e9e \u00e0 son emplacement actuel puis agrandie en 1913. Plus d&rsquo;information L&rsquo;am\u00e9lioration des liens routiers, notamment la [&hellip;]<\/p>\n","protected":false},"author":1,"featured_media":0,"parent":0,"menu_order":0,"comment_status":"closed","ping_status":"closed","template":"","meta":{"footnotes":""},"class_list":["post-780","page","type-page","status-publish","hentry"],"_links":{"self":[{"href":"https:\/\/patrimoineduquebec.com\/GaresduQuebec\/wp-json\/wp\/v2\/pages\/780","targetHints":{"allow":["GET"]}}],"collection":[{"href":"https:\/\/patrimoineduquebec.com\/GaresduQuebec\/wp-json\/wp\/v2\/pages"}],"about":[{"href":"https:\/\/patrimoineduquebec.com\/GaresduQuebec\/wp-json\/wp\/v2\/types\/page"}],"author":[{"embeddable":true,"href":"https:\/\/patrimoineduquebec.com\/GaresduQuebec\/wp-json\/wp\/v2\/users\/1"}],"replies":[{"embeddable":true,"href":"https:\/\/patrimoineduquebec.com\/GaresduQuebec\/wp-json\/wp\/v2\/comments?post=780"}],"version-history":[{"count":6,"href":"https:\/\/patrimoineduquebec.com\/GaresduQuebec\/wp-json\/wp\/v2\/pages\/780\/revisions"}],"predecessor-version":[{"id":1847,"href":"https:\/\/patrimoineduquebec.com\/GaresduQuebec\/wp-json\/wp\/v2\/pages\/780\/revisions\/1847"}],"wp:attachment":[{"href":"https:\/\/patrimoineduquebec.com\/GaresduQuebec\/wp-json\/wp\/v2\/media?parent=780"}],"curies":[{"name":"wp","href":"https:\/\/api.w.org\/{rel}","templated":true}]}}