{"id":767,"date":"2019-09-29T14:54:53","date_gmt":"2019-09-29T14:54:53","guid":{"rendered":"https:\/\/patrimoineduquebec.com\/GaresduQuebec\/?page_id=767"},"modified":"2019-10-17T13:31:16","modified_gmt":"2019-10-17T13:31:16","slug":"saint-jovite","status":"publish","type":"page","link":"https:\/\/patrimoineduquebec.com\/GaresduQuebec\/saint-jovite\/","title":{"rendered":"Saint-Jovite"},"content":{"rendered":"\n<div class=\"wp-block-image\"><figure class=\"aligncenter\"><a href=\"https:\/\/patrimoineduquebec.com\/GaresduQuebec\/wp-content\/uploads\/2019\/09\/P7287927.jpeg\"><img loading=\"lazy\" decoding=\"async\" width=\"1024\" height=\"767\" src=\"https:\/\/patrimoineduquebec.com\/GaresduQuebec\/wp-content\/uploads\/2019\/09\/P7287927-1024x767.jpeg\" alt=\"\" class=\"wp-image-768\" srcset=\"https:\/\/patrimoineduquebec.com\/GaresduQuebec\/wp-content\/uploads\/2019\/09\/P7287927-1024x767.jpeg 1024w, https:\/\/patrimoineduquebec.com\/GaresduQuebec\/wp-content\/uploads\/2019\/09\/P7287927-300x225.jpeg 300w, https:\/\/patrimoineduquebec.com\/GaresduQuebec\/wp-content\/uploads\/2019\/09\/P7287927-768x575.jpeg 768w\" sizes=\"auto, (max-width: 1024px) 100vw, 1024px\" \/><\/a><\/figure><\/div>\n\n\n\n<p><strong>Architecture<\/strong><br><\/p>\n\n\n\n<p>Toutes les gares de la r\u00e9gion des Laurentides ont des traits communs. Bien qu\u2019elles aient \u00e9t\u00e9 construites selon diff\u00e9rents styles, elles adoptent des couleurs semblables, soit le jaune, bourgogne et le vert.<br><\/p>\n\n\n\n<p>La gare de Saint-Jovite comprend un rev\u00eatement de d\u00e9clin de bois jaune, les ouvertures sont entour\u00e9es par un cadre de bois bourgogne et les meneaux \u00e0 l\u2019int\u00e9rieur des fen\u00eatres sont verts. Cette gare a \u00e9t\u00e9 inspir\u00e9e par le style n\u00e9ogothique, que l\u2019on peut voir par sa forme rectangulaire, qui \u00e0 l\u2019origine longeait les rails de chemin de fer, d\u2019un \u00e9tage et demi avec un toit \u00e0 deux versants et qui est perc\u00e9 au-dessus de l\u2019oriel. On retrouve aussi le style chalet suisse gr\u00e2ce \u00e0 ces nombreuses ornementations telles que des grands d\u00e9bords de toit, orn\u00e9s de croix de saint Andr\u00e9 aux angles et des \u00e9pis de fa\u00eetage au pignon. La toiture est sur diff\u00e9rents niveaux et elle contient des d\u00e9bords de toit agr\u00e9ment\u00e9s par des consoles.<br><\/p>\n\n\n\n<p>\u00c0 l\u2019int\u00e9rieur, on a aussi conserv\u00e9 l\u2019aspect d\u2019origine, c\u2019est-\u00e0-dire que dans l\u2019ancienne partie (qui servait d\u2019entreposage) on aper\u00e7oit le mur compos\u00e9 de carr\u00e9s de bois, un plancher de planche de bois ab\u00eem\u00e9 avec les ann\u00e9es et les vieilles poutres et solives qui composent la structure du toit. Bien que la nouvelle vocation du b\u00e2timent \u0153uvre dans la restauration, ils ont conserv\u00e9 des anciennes pancartes de villages, des indications et de vieux objets reli\u00e9s aux r\u00e9seaux ferroviaires qui, maintenant, ornent les murs.<br><\/p>\n\n\n\n<p>Dans l\u2019autre partie, les murs sont compos\u00e9s de lattes de bois verticales d\u2019environ 3 pouces. Pour conserver l\u2019aspect rustique de l\u2019ancienne gare, ils ont gard\u00e9 l\u2019escalier de bois et transform\u00e9 l\u2019ancien guichet o\u00f9 l\u2019on achetait les billets de train, pour en faire une assignation des places, l\u2019ancien escalier a \u00e9t\u00e9 conserv\u00e9 tel quel et le foyer de brique rouge a \u00e9t\u00e9 transform\u00e9 en four pour le pain et la p\u00e2te \u00e0 pizza.<br><\/p>\n\n\n\n<p>Bien que la vocation et la localisation du b\u00e2timent aient chang\u00e9 depuis quelques ann\u00e9es, les propri\u00e9taires ont voulu recr\u00e9er l\u2019ambiance ferroviaire d\u2019autrefois, soit en ajoutant une section de rail au m\u00eame endroit o\u00f9 le train passait \u00e0 l\u2019origine, ainsi qu\u2019une barri\u00e8re et des panneaux de rep\u00e9rage.<br><\/p>\n\n\n\n<p><strong>Historique<\/strong><br><\/p>\n\n\n\n<p>En 1872, l\u2019hiver dur qu\u2019ont connu les Montr\u00e9alais a d\u00e9montr\u00e9 que le prolongement de la ligne de chemin de fer \u00e9tait n\u00e9cessaire pour importer le bois de chauffage provenant de la r\u00e9gion des Laurentides. Ayant d\u00e9j\u00e0 un r\u00e9seau qui s\u2019\u00e9tendait de Saint-J\u00e9r\u00f4me \u00e0 Sainte-Agathe, les autorit\u00e9s ont entrepris un prolongement de 200 kilom\u00e8tres qui relie Saint-J\u00e9r\u00f4me et Mont-Laurier. Ces travaux seront termin\u00e9s en 1881. Ensuite, une s\u00e9rie de gares se construisent le long de la voie ferr\u00e9e qui m\u00e8ne dans les Hautes-Laurentides.<br><\/p>\n\n\n\n<p>Le chemin de fer, \u00e9tabli par le cur\u00e9 Labelle, a in\u00e9vitablement contribu\u00e9 au d\u00e9veloppement de Saint-Jovite. C\u2019est en 1883 que la gare voit le jour. Au tout d\u00e9but, le chemin de fer servait \u00e0 l&rsquo;acheminement des ravitaillements et pour l\u2019industrie du bois, donc une grande partie de la gare servait d\u2019endroit d\u2019entreposage.<br><\/p>\n\n\n\n<p>En 1927, la gare accueille les usagers du train, puisqu\u2019\u00e0 cette \u00e9poque, le train \u00e9tait devenu le principal moyen de transport pour parvenir \u00e0 cette r\u00e9gion. La construction de la route 11 (actuellement la 117) et le d\u00e9veloppement de l\u2019automobile entra\u00eene la fermeture du r\u00e9seau ferroviaire, soit le 15 novembre 1981.<br><\/p>\n\n\n\n<p>Au d\u00e9but des ann\u00e9es 1990, on transforme le r\u00e9seau en parc lin\u00e9aire, (Le P&rsquo;tit Train du Nord), tout en conservant les gares, pour en changer leur vocation.<br><\/p>\n\n\n\n<p>En 1987, Mr. George Kelegher prend possession de l\u2019ancienne gare de Saint-Jovite. Il en profite pour la r\u00e9implanter sur la rue principale, soit \u00e0 moins de deux kilom\u00e8tres de son emplacement d\u2019origine, pour la restaurer afin qu\u2019elle retrouve son cachet d\u2019antan et d\u2019y instaurer un restaurant italien&nbsp;: L\u2019Antipasto.<br><\/p>\n\n\n\n<p class=\"has-text-color has-vivid-cyan-blue-color\">Source : <a href=\"https:\/\/fr.wikipedia.org\/wiki\/Gare_Saint-Jovite\" target=\"_blank\" rel=\"noreferrer noopener\" aria-label=\"Wikip\u00e9dia (s\u2019ouvre dans un nouvel onglet)\">Wikip\u00e9dia<\/a><\/p>\n\n\n\n<p>Photos : Pascal Conner<\/p>\n\n\n\n<ul class=\"wp-block-gallery columns-3 is-cropped wp-block-gallery-1 is-layout-flex wp-block-gallery-is-layout-flex\"><li class=\"blocks-gallery-item\"><figure><a href=\"https:\/\/patrimoineduquebec.com\/GaresduQuebec\/wp-content\/uploads\/2019\/09\/P7280072-1024x768.jpeg\"><img loading=\"lazy\" decoding=\"async\" width=\"1024\" height=\"768\" src=\"https:\/\/patrimoineduquebec.com\/GaresduQuebec\/wp-content\/uploads\/2019\/09\/P7280072-1024x768.jpeg\" alt=\"\" data-id=\"771\" data-link=\"https:\/\/patrimoineduquebec.com\/GaresduQuebec\/saint-jovite\/olympus-digital-camera-79\/\" class=\"wp-image-771\" srcset=\"https:\/\/patrimoineduquebec.com\/GaresduQuebec\/wp-content\/uploads\/2019\/09\/P7280072-1024x768.jpeg 1024w, https:\/\/patrimoineduquebec.com\/GaresduQuebec\/wp-content\/uploads\/2019\/09\/P7280072-300x225.jpeg 300w, https:\/\/patrimoineduquebec.com\/GaresduQuebec\/wp-content\/uploads\/2019\/09\/P7280072-768x576.jpeg 768w\" sizes=\"auto, (max-width: 1024px) 100vw, 1024px\" \/><\/a><\/figure><\/li><li class=\"blocks-gallery-item\"><figure><a href=\"https:\/\/patrimoineduquebec.com\/GaresduQuebec\/wp-content\/uploads\/2019\/09\/P7287936-1024x768.jpeg\"><img loading=\"lazy\" decoding=\"async\" width=\"1024\" height=\"768\" src=\"https:\/\/patrimoineduquebec.com\/GaresduQuebec\/wp-content\/uploads\/2019\/09\/P7287936-1024x768.jpeg\" alt=\"\" data-id=\"774\" data-link=\"https:\/\/patrimoineduquebec.com\/GaresduQuebec\/saint-jovite\/olympus-digital-camera-81\/\" class=\"wp-image-774\" srcset=\"https:\/\/patrimoineduquebec.com\/GaresduQuebec\/wp-content\/uploads\/2019\/09\/P7287936-1024x768.jpeg 1024w, https:\/\/patrimoineduquebec.com\/GaresduQuebec\/wp-content\/uploads\/2019\/09\/P7287936-300x225.jpeg 300w, https:\/\/patrimoineduquebec.com\/GaresduQuebec\/wp-content\/uploads\/2019\/09\/P7287936-768x576.jpeg 768w\" sizes=\"auto, (max-width: 1024px) 100vw, 1024px\" \/><\/a><\/figure><\/li><li class=\"blocks-gallery-item\"><figure><a href=\"https:\/\/patrimoineduquebec.com\/GaresduQuebec\/wp-content\/uploads\/2019\/09\/P7287937-1024x768.jpeg\"><img loading=\"lazy\" decoding=\"async\" width=\"1024\" height=\"768\" src=\"https:\/\/patrimoineduquebec.com\/GaresduQuebec\/wp-content\/uploads\/2019\/09\/P7287937-1024x768.jpeg\" alt=\"\" data-id=\"775\" data-link=\"https:\/\/patrimoineduquebec.com\/GaresduQuebec\/saint-jovite\/olympus-digital-camera-82\/\" class=\"wp-image-775\" srcset=\"https:\/\/patrimoineduquebec.com\/GaresduQuebec\/wp-content\/uploads\/2019\/09\/P7287937-1024x768.jpeg 1024w, https:\/\/patrimoineduquebec.com\/GaresduQuebec\/wp-content\/uploads\/2019\/09\/P7287937-300x225.jpeg 300w, https:\/\/patrimoineduquebec.com\/GaresduQuebec\/wp-content\/uploads\/2019\/09\/P7287937-768x576.jpeg 768w\" sizes=\"auto, (max-width: 1024px) 100vw, 1024px\" \/><\/a><\/figure><\/li><li class=\"blocks-gallery-item\"><figure><a href=\"https:\/\/patrimoineduquebec.com\/GaresduQuebec\/wp-content\/uploads\/2019\/09\/P7287926-1024x768.jpeg\"><img loading=\"lazy\" decoding=\"async\" width=\"1024\" height=\"768\" src=\"https:\/\/patrimoineduquebec.com\/GaresduQuebec\/wp-content\/uploads\/2019\/09\/P7287926-1024x768.jpeg\" alt=\"\" data-id=\"776\" data-link=\"https:\/\/patrimoineduquebec.com\/GaresduQuebec\/saint-jovite\/olympus-digital-camera-83\/\" class=\"wp-image-776\" srcset=\"https:\/\/patrimoineduquebec.com\/GaresduQuebec\/wp-content\/uploads\/2019\/09\/P7287926-1024x768.jpeg 1024w, https:\/\/patrimoineduquebec.com\/GaresduQuebec\/wp-content\/uploads\/2019\/09\/P7287926-300x225.jpeg 300w, https:\/\/patrimoineduquebec.com\/GaresduQuebec\/wp-content\/uploads\/2019\/09\/P7287926-768x576.jpeg 768w\" sizes=\"auto, (max-width: 1024px) 100vw, 1024px\" \/><\/a><\/figure><\/li><li class=\"blocks-gallery-item\"><figure><a href=\"https:\/\/patrimoineduquebec.com\/GaresduQuebec\/wp-content\/uploads\/2019\/09\/P7280073-1024x768.jpeg\"><img loading=\"lazy\" decoding=\"async\" width=\"1024\" height=\"768\" src=\"https:\/\/patrimoineduquebec.com\/GaresduQuebec\/wp-content\/uploads\/2019\/09\/P7280073-1024x768.jpeg\" alt=\"\" data-id=\"772\" data-link=\"https:\/\/patrimoineduquebec.com\/GaresduQuebec\/saint-jovite\/olympus-digital-camera-80\/\" class=\"wp-image-772\" srcset=\"https:\/\/patrimoineduquebec.com\/GaresduQuebec\/wp-content\/uploads\/2019\/09\/P7280073-1024x768.jpeg 1024w, https:\/\/patrimoineduquebec.com\/GaresduQuebec\/wp-content\/uploads\/2019\/09\/P7280073-300x225.jpeg 300w, https:\/\/patrimoineduquebec.com\/GaresduQuebec\/wp-content\/uploads\/2019\/09\/P7280073-768x576.jpeg 768w\" sizes=\"auto, (max-width: 1024px) 100vw, 1024px\" \/><\/a><\/figure><\/li><li class=\"blocks-gallery-item\"><figure><a href=\"https:\/\/patrimoineduquebec.com\/GaresduQuebec\/wp-content\/uploads\/2019\/09\/P7287930-1024x768.jpeg\"><img loading=\"lazy\" decoding=\"async\" width=\"1024\" height=\"768\" src=\"https:\/\/patrimoineduquebec.com\/GaresduQuebec\/wp-content\/uploads\/2019\/09\/P7287930-1024x768.jpeg\" alt=\"\" data-id=\"777\" data-link=\"https:\/\/patrimoineduquebec.com\/GaresduQuebec\/saint-jovite\/olympus-digital-camera-84\/\" class=\"wp-image-777\" srcset=\"https:\/\/patrimoineduquebec.com\/GaresduQuebec\/wp-content\/uploads\/2019\/09\/P7287930-1024x768.jpeg 1024w, https:\/\/patrimoineduquebec.com\/GaresduQuebec\/wp-content\/uploads\/2019\/09\/P7287930-300x225.jpeg 300w, https:\/\/patrimoineduquebec.com\/GaresduQuebec\/wp-content\/uploads\/2019\/09\/P7287930-768x576.jpeg 768w\" sizes=\"auto, (max-width: 1024px) 100vw, 1024px\" \/><\/a><\/figure><\/li><li class=\"blocks-gallery-item\"><figure><a href=\"https:\/\/patrimoineduquebec.com\/GaresduQuebec\/wp-content\/uploads\/2019\/10\/Capture-d\u2019\u00e9cran-le-2019-10-09-\u00e0-10.34.19.png\"><img loading=\"lazy\" decoding=\"async\" width=\"501\" height=\"316\" src=\"https:\/\/patrimoineduquebec.com\/GaresduQuebec\/wp-content\/uploads\/2019\/10\/Capture-d\u2019\u00e9cran-le-2019-10-09-\u00e0-10.34.19.png\" alt=\"\" data-id=\"1606\" data-link=\"https:\/\/patrimoineduquebec.com\/GaresduQuebec\/saint-jovite\/capture-decran-le-2019-10-09-a-10-34-19\/\" class=\"wp-image-1606\" srcset=\"https:\/\/patrimoineduquebec.com\/GaresduQuebec\/wp-content\/uploads\/2019\/10\/Capture-d\u2019\u00e9cran-le-2019-10-09-\u00e0-10.34.19.png 501w, https:\/\/patrimoineduquebec.com\/GaresduQuebec\/wp-content\/uploads\/2019\/10\/Capture-d\u2019\u00e9cran-le-2019-10-09-\u00e0-10.34.19-300x189.png 300w\" sizes=\"auto, (max-width: 501px) 100vw, 501px\" \/><\/a><\/figure><\/li><li class=\"blocks-gallery-item\"><figure><a href=\"https:\/\/patrimoineduquebec.com\/GaresduQuebec\/wp-content\/uploads\/2019\/10\/Capture-d\u2019\u00e9cran-le-2019-10-09-\u00e0-10.35.44.png\"><img loading=\"lazy\" decoding=\"async\" width=\"535\" height=\"402\" src=\"https:\/\/patrimoineduquebec.com\/GaresduQuebec\/wp-content\/uploads\/2019\/10\/Capture-d\u2019\u00e9cran-le-2019-10-09-\u00e0-10.35.44.png\" alt=\"\" data-id=\"1607\" data-link=\"https:\/\/patrimoineduquebec.com\/GaresduQuebec\/saint-jovite\/capture-decran-le-2019-10-09-a-10-35-44\/\" class=\"wp-image-1607\" srcset=\"https:\/\/patrimoineduquebec.com\/GaresduQuebec\/wp-content\/uploads\/2019\/10\/Capture-d\u2019\u00e9cran-le-2019-10-09-\u00e0-10.35.44.png 535w, https:\/\/patrimoineduquebec.com\/GaresduQuebec\/wp-content\/uploads\/2019\/10\/Capture-d\u2019\u00e9cran-le-2019-10-09-\u00e0-10.35.44-300x225.png 300w\" sizes=\"auto, (max-width: 535px) 100vw, 535px\" \/><\/a><\/figure><\/li><li class=\"blocks-gallery-item\"><figure><a href=\"https:\/\/patrimoineduquebec.com\/GaresduQuebec\/wp-content\/uploads\/2019\/10\/A-gare-de-saint-jovite-canada-rail-5.jpeg\"><img loading=\"lazy\" decoding=\"async\" width=\"494\" height=\"263\" src=\"https:\/\/patrimoineduquebec.com\/GaresduQuebec\/wp-content\/uploads\/2019\/10\/A-gare-de-saint-jovite-canada-rail-5.jpeg\" alt=\"\" data-id=\"1778\" data-link=\"https:\/\/patrimoineduquebec.com\/GaresduQuebec\/saint-jovite\/a-gare-de-saint-jovite-canada-rail-5\/\" class=\"wp-image-1778\" srcset=\"https:\/\/patrimoineduquebec.com\/GaresduQuebec\/wp-content\/uploads\/2019\/10\/A-gare-de-saint-jovite-canada-rail-5.jpeg 494w, https:\/\/patrimoineduquebec.com\/GaresduQuebec\/wp-content\/uploads\/2019\/10\/A-gare-de-saint-jovite-canada-rail-5-300x160.jpeg 300w\" sizes=\"auto, (max-width: 494px) 100vw, 494px\" \/><\/a><figcaption>CPR (Photo : Edgar Egan 1977)<\/figcaption><\/figure><\/li><\/ul>\n","protected":false},"excerpt":{"rendered":"<p>Architecture Toutes les gares de la r\u00e9gion des Laurentides ont des traits communs. Bien qu\u2019elles aient \u00e9t\u00e9 construites selon diff\u00e9rents styles, elles adoptent des couleurs semblables, soit le jaune, bourgogne et le vert. La gare de Saint-Jovite comprend un rev\u00eatement de d\u00e9clin de bois jaune, les ouvertures sont entour\u00e9es par un cadre de bois bourgogne [&hellip;]<\/p>\n","protected":false},"author":1,"featured_media":0,"parent":0,"menu_order":0,"comment_status":"closed","ping_status":"closed","template":"","meta":{"footnotes":""},"class_list":["post-767","page","type-page","status-publish","hentry"],"_links":{"self":[{"href":"https:\/\/patrimoineduquebec.com\/GaresduQuebec\/wp-json\/wp\/v2\/pages\/767","targetHints":{"allow":["GET"]}}],"collection":[{"href":"https:\/\/patrimoineduquebec.com\/GaresduQuebec\/wp-json\/wp\/v2\/pages"}],"about":[{"href":"https:\/\/patrimoineduquebec.com\/GaresduQuebec\/wp-json\/wp\/v2\/types\/page"}],"author":[{"embeddable":true,"href":"https:\/\/patrimoineduquebec.com\/GaresduQuebec\/wp-json\/wp\/v2\/users\/1"}],"replies":[{"embeddable":true,"href":"https:\/\/patrimoineduquebec.com\/GaresduQuebec\/wp-json\/wp\/v2\/comments?post=767"}],"version-history":[{"count":9,"href":"https:\/\/patrimoineduquebec.com\/GaresduQuebec\/wp-json\/wp\/v2\/pages\/767\/revisions"}],"predecessor-version":[{"id":1779,"href":"https:\/\/patrimoineduquebec.com\/GaresduQuebec\/wp-json\/wp\/v2\/pages\/767\/revisions\/1779"}],"wp:attachment":[{"href":"https:\/\/patrimoineduquebec.com\/GaresduQuebec\/wp-json\/wp\/v2\/media?parent=767"}],"curies":[{"name":"wp","href":"https:\/\/api.w.org\/{rel}","templated":true}]}}