{"id":726,"date":"2019-09-28T18:34:34","date_gmt":"2019-09-28T18:34:34","guid":{"rendered":"https:\/\/patrimoineduquebec.com\/GaresduQuebec\/?page_id=726"},"modified":"2019-10-21T20:06:21","modified_gmt":"2019-10-21T20:06:21","slug":"nominingue","status":"publish","type":"page","link":"https:\/\/patrimoineduquebec.com\/GaresduQuebec\/nominingue\/","title":{"rendered":"Nominingue"},"content":{"rendered":"\n<figure class=\"wp-block-image\"><a href=\"https:\/\/patrimoineduquebec.com\/GaresduQuebec\/wp-content\/uploads\/2019\/09\/nominingue-3.jpg\"><img loading=\"lazy\" decoding=\"async\" width=\"1024\" height=\"768\" src=\"https:\/\/patrimoineduquebec.com\/GaresduQuebec\/wp-content\/uploads\/2019\/09\/nominingue-3-1024x768.jpg\" alt=\"\" class=\"wp-image-727\" srcset=\"https:\/\/patrimoineduquebec.com\/GaresduQuebec\/wp-content\/uploads\/2019\/09\/nominingue-3-1024x768.jpg 1024w, https:\/\/patrimoineduquebec.com\/GaresduQuebec\/wp-content\/uploads\/2019\/09\/nominingue-3-300x225.jpg 300w, https:\/\/patrimoineduquebec.com\/GaresduQuebec\/wp-content\/uploads\/2019\/09\/nominingue-3-768x576.jpg 768w\" sizes=\"auto, (max-width: 1024px) 100vw, 1024px\" \/><\/a><\/figure>\n\n\n\n<h4 class=\"wp-block-heading\"><strong>Informations historiques<\/strong><\/h4>\n\n\n\n<p>Cette gare a \u00e9t\u00e9 construite en 1904 par le Canadien Pacifique. En 1904, le tron\u00e7on L&rsquo;Annonciation-Nominingue est inaugur\u00e9. Pendant trois ans, Nominingue est le terminus de la ligne du nord du Canadien Pacifique. L&rsquo;architecture de la gare de Nominingue est de style cottage orn\u00e9, soit un b\u00e2ti rectangulaire avec oriel comprenant un bureau pour le chef de gare, une salle d&rsquo;attente et une salle pour les marchandises. Le services est interrompu en 1981, la gare est d\u00e9m\u00e9nag\u00e9e au parc Herv\u00e9-Desjardins et sert de chalet d&rsquo;accueil. Avec l&rsquo;arriv\u00e9e du Parc lin\u00e9aire, elle est d\u00e9m\u00e9nag\u00e9e sur son site actuel en 1998. La gare a connu une restauration majeure par des b\u00e9n\u00e9voles.<\/p>\n\n\n\n<p class=\"has-text-color has-vivid-cyan-blue-color\">Source :<a rel=\"noreferrer noopener\" aria-label=\" R\u00e9pertoire du patrimoine culturel du Qu\u00e9bec (s\u2019ouvre dans un nouvel onglet)\" href=\"http:\/\/www.patrimoine-culturel.gouv.qc.ca\/detail.do?methode=consulter&amp;id=206360&amp;type=bien#.XY-mhy17RQM\" target=\"_blank\"> R\u00e9pertoire du patrimoine culturel du Qu\u00e9bec<\/a><\/p>\n\n\n\n<p>Photos : G\u00e9rald Arbour<\/p>\n\n\n\n<ul class=\"wp-block-gallery columns-3 is-cropped wp-block-gallery-1 is-layout-flex wp-block-gallery-is-layout-flex\"><li class=\"blocks-gallery-item\"><figure><a href=\"https:\/\/patrimoineduquebec.com\/GaresduQuebec\/wp-content\/uploads\/2019\/09\/nominingue-1-1024x768.jpeg\"><img loading=\"lazy\" decoding=\"async\" width=\"1024\" height=\"768\" src=\"https:\/\/patrimoineduquebec.com\/GaresduQuebec\/wp-content\/uploads\/2019\/09\/nominingue-1-1024x768.jpeg\" alt=\"\" data-id=\"728\" data-link=\"https:\/\/patrimoineduquebec.com\/GaresduQuebec\/nominingue\/nominingue-1\/\" class=\"wp-image-728\" srcset=\"https:\/\/patrimoineduquebec.com\/GaresduQuebec\/wp-content\/uploads\/2019\/09\/nominingue-1-1024x768.jpeg 1024w, https:\/\/patrimoineduquebec.com\/GaresduQuebec\/wp-content\/uploads\/2019\/09\/nominingue-1-300x225.jpeg 300w, https:\/\/patrimoineduquebec.com\/GaresduQuebec\/wp-content\/uploads\/2019\/09\/nominingue-1-768x576.jpeg 768w\" sizes=\"auto, (max-width: 1024px) 100vw, 1024px\" \/><\/a><\/figure><\/li><li class=\"blocks-gallery-item\"><figure><a href=\"https:\/\/patrimoineduquebec.com\/GaresduQuebec\/wp-content\/uploads\/2019\/09\/nominingue-2-1024x768.jpg\"><img loading=\"lazy\" decoding=\"async\" width=\"1024\" height=\"768\" src=\"https:\/\/patrimoineduquebec.com\/GaresduQuebec\/wp-content\/uploads\/2019\/09\/nominingue-2-1024x768.jpg\" alt=\"\" data-id=\"729\" data-link=\"https:\/\/patrimoineduquebec.com\/GaresduQuebec\/nominingue\/nominingue-2\/\" class=\"wp-image-729\" srcset=\"https:\/\/patrimoineduquebec.com\/GaresduQuebec\/wp-content\/uploads\/2019\/09\/nominingue-2-1024x768.jpg 1024w, https:\/\/patrimoineduquebec.com\/GaresduQuebec\/wp-content\/uploads\/2019\/09\/nominingue-2-300x225.jpg 300w, https:\/\/patrimoineduquebec.com\/GaresduQuebec\/wp-content\/uploads\/2019\/09\/nominingue-2-768x576.jpg 768w\" sizes=\"auto, (max-width: 1024px) 100vw, 1024px\" \/><\/a><\/figure><\/li><li class=\"blocks-gallery-item\"><figure><a href=\"https:\/\/patrimoineduquebec.com\/GaresduQuebec\/wp-content\/uploads\/2019\/10\/autre-gare-de-nominingue-il-\u00e9tait-une-fois-nominingue-youtube-Daniel-Brosseau-2-1024x540.jpeg\"><img loading=\"lazy\" decoding=\"async\" width=\"1024\" height=\"540\" src=\"https:\/\/patrimoineduquebec.com\/GaresduQuebec\/wp-content\/uploads\/2019\/10\/autre-gare-de-nominingue-il-\u00e9tait-une-fois-nominingue-youtube-Daniel-Brosseau-2-1024x540.jpeg\" alt=\"\" data-id=\"1366\" data-link=\"https:\/\/patrimoineduquebec.com\/GaresduQuebec\/nominingue\/autre-gare-de-nominingue-il-etait-une-fois-nominingue-youtube-daniel-brosseau-2-2\/\" class=\"wp-image-1366\" srcset=\"https:\/\/patrimoineduquebec.com\/GaresduQuebec\/wp-content\/uploads\/2019\/10\/autre-gare-de-nominingue-il-\u00e9tait-une-fois-nominingue-youtube-Daniel-Brosseau-2-1024x540.jpeg 1024w, https:\/\/patrimoineduquebec.com\/GaresduQuebec\/wp-content\/uploads\/2019\/10\/autre-gare-de-nominingue-il-\u00e9tait-une-fois-nominingue-youtube-Daniel-Brosseau-2-300x158.jpeg 300w, https:\/\/patrimoineduquebec.com\/GaresduQuebec\/wp-content\/uploads\/2019\/10\/autre-gare-de-nominingue-il-\u00e9tait-une-fois-nominingue-youtube-Daniel-Brosseau-2-768x405.jpeg 768w, https:\/\/patrimoineduquebec.com\/GaresduQuebec\/wp-content\/uploads\/2019\/10\/autre-gare-de-nominingue-il-\u00e9tait-une-fois-nominingue-youtube-Daniel-Brosseau-2.jpeg 1279w\" sizes=\"auto, (max-width: 1024px) 100vw, 1024px\" \/><\/a><figcaption>Station C.P.R (Il \u00e9tait une fois Nominingue, YouTube)<\/figcaption><\/figure><\/li><li class=\"blocks-gallery-item\"><figure><a href=\"https:\/\/patrimoineduquebec.com\/GaresduQuebec\/wp-content\/uploads\/2019\/10\/A-gare-de-nominingue-1024x664.jpeg\"><img loading=\"lazy\" decoding=\"async\" width=\"1024\" height=\"664\" src=\"https:\/\/patrimoineduquebec.com\/GaresduQuebec\/wp-content\/uploads\/2019\/10\/A-gare-de-nominingue-1024x664.jpeg\" alt=\"\" data-id=\"1888\" data-link=\"https:\/\/patrimoineduquebec.com\/GaresduQuebec\/nominingue\/a-gare-de-nominingue\/\" class=\"wp-image-1888\" srcset=\"https:\/\/patrimoineduquebec.com\/GaresduQuebec\/wp-content\/uploads\/2019\/10\/A-gare-de-nominingue-1024x664.jpeg 1024w, https:\/\/patrimoineduquebec.com\/GaresduQuebec\/wp-content\/uploads\/2019\/10\/A-gare-de-nominingue-300x194.jpeg 300w, https:\/\/patrimoineduquebec.com\/GaresduQuebec\/wp-content\/uploads\/2019\/10\/A-gare-de-nominingue-768x498.jpeg 768w, https:\/\/patrimoineduquebec.com\/GaresduQuebec\/wp-content\/uploads\/2019\/10\/A-gare-de-nominingue.jpeg 1304w\" sizes=\"auto, (max-width: 1024px) 100vw, 1024px\" \/><\/a><figcaption>Photo Facebook (C-R. Duchesne)<\/figcaption><\/figure><\/li><\/ul>\n\n\n\n<p><\/p>\n","protected":false},"excerpt":{"rendered":"<p>Informations historiques Cette gare a \u00e9t\u00e9 construite en 1904 par le Canadien Pacifique. En 1904, le tron\u00e7on L&rsquo;Annonciation-Nominingue est inaugur\u00e9. Pendant trois ans, Nominingue est le terminus de la ligne du nord du Canadien Pacifique. L&rsquo;architecture de la gare de Nominingue est de style cottage orn\u00e9, soit un b\u00e2ti rectangulaire avec oriel comprenant un bureau [&hellip;]<\/p>\n","protected":false},"author":1,"featured_media":0,"parent":0,"menu_order":0,"comment_status":"closed","ping_status":"closed","template":"","meta":{"footnotes":""},"class_list":["post-726","page","type-page","status-publish","hentry"],"_links":{"self":[{"href":"https:\/\/patrimoineduquebec.com\/GaresduQuebec\/wp-json\/wp\/v2\/pages\/726","targetHints":{"allow":["GET"]}}],"collection":[{"href":"https:\/\/patrimoineduquebec.com\/GaresduQuebec\/wp-json\/wp\/v2\/pages"}],"about":[{"href":"https:\/\/patrimoineduquebec.com\/GaresduQuebec\/wp-json\/wp\/v2\/types\/page"}],"author":[{"embeddable":true,"href":"https:\/\/patrimoineduquebec.com\/GaresduQuebec\/wp-json\/wp\/v2\/users\/1"}],"replies":[{"embeddable":true,"href":"https:\/\/patrimoineduquebec.com\/GaresduQuebec\/wp-json\/wp\/v2\/comments?post=726"}],"version-history":[{"count":4,"href":"https:\/\/patrimoineduquebec.com\/GaresduQuebec\/wp-json\/wp\/v2\/pages\/726\/revisions"}],"predecessor-version":[{"id":1889,"href":"https:\/\/patrimoineduquebec.com\/GaresduQuebec\/wp-json\/wp\/v2\/pages\/726\/revisions\/1889"}],"wp:attachment":[{"href":"https:\/\/patrimoineduquebec.com\/GaresduQuebec\/wp-json\/wp\/v2\/media?parent=726"}],"curies":[{"name":"wp","href":"https:\/\/api.w.org\/{rel}","templated":true}]}}