{"id":712,"date":"2019-09-28T18:11:43","date_gmt":"2019-09-28T18:11:43","guid":{"rendered":"https:\/\/patrimoineduquebec.com\/GaresduQuebec\/?page_id=712"},"modified":"2019-10-14T21:34:09","modified_gmt":"2019-10-14T21:34:09","slug":"saint-faustin-lac-carre","status":"publish","type":"page","link":"https:\/\/patrimoineduquebec.com\/GaresduQuebec\/saint-faustin-lac-carre\/","title":{"rendered":"Saint-Faustin-Lac-Carr\u00e9"},"content":{"rendered":"\n<figure class=\"wp-block-image\"><a href=\"https:\/\/patrimoineduquebec.com\/GaresduQuebec\/wp-content\/uploads\/2019\/09\/PB120068.jpeg\"><img loading=\"lazy\" decoding=\"async\" width=\"1024\" height=\"768\" src=\"https:\/\/patrimoineduquebec.com\/GaresduQuebec\/wp-content\/uploads\/2019\/09\/PB120068-1024x768.jpeg\" alt=\"\" class=\"wp-image-713\" srcset=\"https:\/\/patrimoineduquebec.com\/GaresduQuebec\/wp-content\/uploads\/2019\/09\/PB120068-1024x768.jpeg 1024w, https:\/\/patrimoineduquebec.com\/GaresduQuebec\/wp-content\/uploads\/2019\/09\/PB120068-300x225.jpeg 300w, https:\/\/patrimoineduquebec.com\/GaresduQuebec\/wp-content\/uploads\/2019\/09\/PB120068-768x576.jpeg 768w\" sizes=\"auto, (max-width: 1024px) 100vw, 1024px\" \/><\/a><\/figure>\n\n\n\n<h4 class=\"wp-block-heading\"><strong>Description<\/strong><\/h4>\n\n\n\n<p>La gare ferroviaire de Saint-Faustin-Station est une infrastructure d&rsquo;accueil construite en 1893 et agrandie en 1911. L&rsquo;\u00e9difice en bois se compose de trois volumes dispos\u00e9s en enfilade. Le corps de b\u00e2timent principal, de plan rectangulaire \u00e0 un \u00e9tage et demi coiff\u00e9 d&rsquo;un toit \u00e0 deux versants droits, occupe le centre de l&rsquo;ensemble. L&rsquo;annexe de plan rectangulaire, \u00e0 un \u00e9tage, est pourvue d&rsquo;un toit \u00e0 deux versants droits. L&rsquo;abri se compose d&rsquo;un toit \u00e0 deux versants droits support\u00e9 par de simples poteaux. La fa\u00e7ade du corps de b\u00e2timent principal compte une baie en saillie et une lucarne-pignon sur chaque versant du toit. La gare est situ\u00e9e dans l&rsquo;ancien noyau villageois de Saint-Faustin-Station, \u00e0 proximit\u00e9 du lac Carr\u00e9, dans la municipalit\u00e9 de Saint-Faustin-Lac-Carr\u00e9.<br><br>Ce bien est cit\u00e9 immeuble patrimonial. La protection s&rsquo;applique \u00e0 l&rsquo;enveloppe ext\u00e9rieure du b\u00e2timent.<\/p>\n\n\n\n<h4 class=\"wp-block-heading\"><strong>Valeur patrimoniale<\/strong><\/h4>\n\n\n\n<p>La gare ferroviaire de Saint-Faustin-Station pr\u00e9sente un int\u00e9r\u00eat patrimonial pour sa valeur architecturale. Elle est repr\u00e9sentative d&rsquo;un mod\u00e8le construit \u00e0 la fin du XIXe si\u00e8cle. Les petites gares sont destin\u00e9es \u00e0 desservir des localit\u00e9s modestes de la rive nord du fleuve Saint-Laurent. Ce mod\u00e8le de gare en bois dite mixte regroupe habituellement sous un m\u00eame toit la salle d&rsquo;attente et la salle des bagages; c&rsquo;est l&rsquo;un des plus anciens. Quelques exemples subsistent, notamment le long de l&rsquo;ancien r\u00e9seau ferroviaire de la compagnie Quebec, Montreal, Ottawa and Occidental (QMO and O). Cette compagnie semble avoir diffus\u00e9 le mod\u00e8le. Il comporte habituellement en fa\u00e7ade une lucarne-pignon ainsi qu&rsquo;une fen\u00eatre en saillie signalant la pr\u00e9sence du bureau du chef de gare. La fen\u00eatre en saillie qui appara\u00eet notamment avec ce type de gare caract\u00e9rise d&rsquo;ailleurs l&rsquo;architecture ferroviaire nord-am\u00e9ricaine au tournant du XXe si\u00e8cle. La gare ferroviaire de Saint-Faustin-Station est repr\u00e9sentative de ce mod\u00e8le par son corps de b\u00e2timent rectangulaire plut\u00f4t \u00e9troit et allong\u00e9 d&rsquo;un \u00e9tage et demi, son toit \u00e0 deux versants droits \u00e0 forte pente perc\u00e9 de lucarnes-pignons et son parement en planche. Parmi les gares ferroviaires de ce genre construites le long du tron\u00e7on allant de Saint-J\u00e9r\u00f4me \u00e0 Mont-Laurier, seules subsistent celles de Saint-Faustin et de Pr\u00e9vost.<br><br>La gare ferroviaire de Saint-Faustin-Station pr\u00e9sente aussi un int\u00e9r\u00eat patrimonial pour sa valeur historique. La gare t\u00e9moigne du r\u00f4le du chemin de fer dans le d\u00e9veloppement local et r\u00e9gional et des d\u00e9buts de Saint-Faustin-Lac-Carr\u00e9. Le cur\u00e9 Fran\u00e7ois-Xavier-Antoine Labelle (1833-1891) soutient les projets de colonisation et de d\u00e9veloppement du nord. Il travaille \u00e0 promouvoir, notamment, l&rsquo;\u00e9tablissement du chemin de fer entre Montr\u00e9al et Mont-Laurier. La construction de cette ligne est l&rsquo;initiative de la compagnie ferroviaire Montreal Northern Colonization fond\u00e9e en 1869. La Quebec, Montreal, Ottawa and Occidental (QMO and O) prend la rel\u00e8ve et s&rsquo;occupe des travaux de construction de la voie qui atteint Saint-J\u00e9r\u00f4me en 1876. D\u00e9velopp\u00e9 par la suite par la Montreal and Western (M and W), puis finalement exploit\u00e9 par le Canadien Pacifique, le chemin de fer rejoint Saint-Faustin en 1892. L&rsquo;arriv\u00e9e du train marque ainsi le d\u00e9but d&rsquo;une v\u00e9ritable croissance de la localit\u00e9 demeur\u00e9e jusqu&rsquo;alors un \u00e9tablissement de colonisation isol\u00e9 et peu peupl\u00e9. Le chemin de fer assure de cette mani\u00e8re un lien fiable avec les communaut\u00e9s avoisinantes et surtout avec Montr\u00e9al. Il permet \u00e0 l&rsquo;industrie du bois de prendre un v\u00e9ritable essor dans l&rsquo;ensemble de la r\u00e9gion o\u00f9 apparaissent notamment plusieurs scieries. La gare construite en 1893 et agrandie en 1911 dessert une population en croissance et favorise aussi le tourisme. Les lacs et les rivi\u00e8res sont propices \u00e0 la pratique de la p\u00eache sportive. Ils attirent les vill\u00e9giateurs dans le secteur du lac Carr\u00e9. Quelques petits h\u00f4tels ainsi que plusieurs r\u00e9sidences secondaires y font leur apparition au d\u00e9but du XXe si\u00e8cle. Distincte de celle de Saint-Faustin, la municipalit\u00e9 de Saint-Faustin-Station plus tard connue sous le nom de Lac-Carr\u00e9 est fond\u00e9e en 1922. Elle correspond alors \u00e0 la petite agglom\u00e9ration qui se d\u00e9veloppe \u00e0 proximit\u00e9 de la gare en marge du noyau villageois initial. La gare est l&rsquo;un des rares b\u00e2timents publics du tournant du XXe si\u00e8cle \u00e0 subsister dans le paysage b\u00e2ti de Saint-Faustin-Lac-Carr\u00e9.<br><br>Source : Municipalit\u00e9 de Saint-Faustin-Lac-Carr\u00e9, 2008.<\/p>\n\n\n\n<h4 class=\"wp-block-heading\"><strong>\u00c9l\u00e9ments caract\u00e9ristiques<\/strong><\/h4>\n\n\n\n<p>Les \u00e9l\u00e9ments caract\u00e9ristiques de la gare ferroviaire de Saint-Faustin-Station li\u00e9s \u00e0 ses valeurs architecturale et historique comprennent, notamment :<br>&#8211; son volume, dont le plan rectangulaire du corps de b\u00e2timent principal, son \u00e9l\u00e9vation d&rsquo;un \u00e9tage et demi, son toit \u00e0 deux versants droits se prolongeant au-del\u00e0 des murs, la fen\u00eatre en saillie \u00e0 pans coup\u00e9s;&nbsp;<br>&#8211; l&rsquo;annexe, dont son implantation dans le prolongement du corps de b\u00e2timent principal, son plan rectangulaire, son toit \u00e0 deux versants droits;<br>&#8211; l&rsquo;appentis, dont son implantation derri\u00e8re le corps de b\u00e2timent principal, son plan rectangulaire, son \u00e9l\u00e9vation d&rsquo;un \u00e9tage et son toit \u00e0 versant unique;<br>&#8211; l&rsquo;abri, dont son implantation dans le prolongement du corps de b\u00e2timent principal, son toit \u00e0 deux versants droits;<br>&#8211; les mat\u00e9riaux, dont le parement de planche moulur\u00e9e, le bois des \u00e9l\u00e9ments architecturaux (ouvertures, ornements);<br>&#8211; les ouvertures, dont les lucarnes-pignons du corps de b\u00e2timent principal, les fen\u00eatres \u00e0 guillotine, la porte \u00e0 imposte de la fa\u00e7ade, les portes \u00e0 double vantail de l&rsquo;annexe;<br>&#8211; l&rsquo;ornementation, dont les chambranles en bois, les planches corni\u00e8res, les consoles;<br>&#8211; son implantation sur un terrain d\u00e9gag\u00e9, \u00e0 proximit\u00e9 du lac Carr\u00e9, au creux d&rsquo;un petit vallon enserr\u00e9 entre des talus et de petits escarpements rocheux;<br>&#8211; sa localisation au coeur du secteur Lac-Carr\u00e9 de la municipalit\u00e9 de Saint-Faustin-Lac-Carr\u00e9.<\/p>\n\n\n\n<h4 class=\"wp-block-heading\"><strong>Informations historiques<\/strong><\/h4>\n\n\n\n<p>Le d\u00e9veloppement du lien ferroviaire entre Montr\u00e9al et Mont-Laurier commence par la fondation de la compagnie Montreal Northern Colonization Railway en 1869. Le projet est soutenu par Fran\u00e7ois-Xavier-Antoine Labelle (1833-1891), cur\u00e9 de Saint-J\u00e9r\u00f4me. Son objectif est d&rsquo;endiguer, par la colonisation et le d\u00e9veloppement des Pays-d&rsquo;en-Haut, l&rsquo;\u00e9migration des Canadiens fran\u00e7ais vers le nord-est des \u00c9tats-Unis. Apr\u00e8s des probl\u00e8mes financiers, c&rsquo;est la Quebec Montreal, Ottawa and Occidental (QMO and O) qui construit la ligne. Le premier tron\u00e7on reliant Montr\u00e9al et Saint-J\u00e9r\u00f4me est inaugur\u00e9 en 1876. Il est ensuite d\u00e9velopp\u00e9 par la Montreal and Western (M and W), notamment avec l&rsquo;appui de l&rsquo;homme d&rsquo;affaires am\u00e9ricain Horace Jansen Beemer (mort en 1912). Celui-ci agit alors comme entrepreneur. Le chemin de fer est exploit\u00e9 par le Canadien Pacifique d\u00e8s la fin du XIXe si\u00e8cle.<br><br>Les habitants de Saint-Faustin et de Lac-Carr\u00e9 sont \u00e9tablis depuis peu dans le secteur connu sous le nom de la Repousse dans le canton de Wolfe. En 1887, ils sont sollicit\u00e9s financi\u00e8rement afin d&rsquo;acc\u00e9l\u00e9rer l&rsquo;arriv\u00e9e du chemin de fer et d&rsquo;assurer ainsi le d\u00e9veloppement de la localit\u00e9. En novembre 1892, le train rejoint finalement cet endroit isol\u00e9 o\u00f9 l&rsquo;agriculture peut \u00e0 peine faire vivre la population. La gare ferroviaire de Saint-Faustin-Station est construite un an plus tard \u00e0 proximit\u00e9 du lac Carr\u00e9. Elle est situ\u00e9e sur l&rsquo;ancienne terre d&rsquo;Anthime Tessier, un des premiers habitants de l&rsquo;endroit. Le b\u00e2timent, de plan rectangulaire, est construit en bois et est coiff\u00e9 d&rsquo;un toit \u00e0 deux versants droits. Il reprend un mod\u00e8le simple fr\u00e9quemment utilis\u00e9 \u00e0 la fin du XIXe si\u00e8cle. En effet, c&rsquo;est ce type de gare qui se rencontre dans les petites localit\u00e9s jalonnant les voies ferr\u00e9es qui s&rsquo;ouvrent au nord du fleuve Saint-Laurent. La gare est agrandie en 1911 par l&rsquo;ajout d&rsquo;une annexe. Elle conna\u00eet peu de modifications majeures apr\u00e8s l&rsquo;agrandissement. Un abri est toutefois ajout\u00e9, et deux petites lucarnes et quelques ornements menuis\u00e9s sont supprim\u00e9s.<br><br>Comme ailleurs dans les Laurentides, l&rsquo;arriv\u00e9e du chemin de fer \u00e0 Saint-Faustin-Station favorise l&rsquo;industrie du bois et le tourisme. Il engendre aussi une croissance d\u00e9mographique. En marge du noyau de peuplement initial, le secteur de la gare prend le nom de La Station et devient une petite agglom\u00e9ration distincte. La municipalit\u00e9 de Saint-Faustin-Station, qui devient plus tard celle de Lac-Carr\u00e9, est fond\u00e9e en 1922. Les nombreux lacs et rivi\u00e8res du secteur attirent les vill\u00e9giateurs qui viennent, entre autres, pratiquer la p\u00eache sportive. Plusieurs r\u00e9sidences secondaires sont construites pr\u00e8s du lac Carr\u00e9 et sur les collines avoisinant la gare.&nbsp;<br><br>L&rsquo;am\u00e9lioration des liens routiers, notamment la construction de l&rsquo;autoroute du Nord dans les ann\u00e9es 1960, entra\u00eene une diminution des activit\u00e9s ferroviaires sur la ligne allant de Montr\u00e9al \u00e0 Mont-Laurier. Le service, interrompu en 1960, reprend en 1978; toutefois, il est d\u00e9finitivement abandonn\u00e9 en 1981.&nbsp;<br><br>La gare ferroviaire de Saint-Faustin-Station est cit\u00e9e en 1986. L&rsquo;\u00e9difice est inoccup\u00e9 durant plusieurs ann\u00e9es. En 1994, le gouvernement du Qu\u00e9bec ach\u00e8te l&rsquo;ancienne emprise ferroviaire entre Saint-J\u00e9r\u00f4me et Mont-Laurier. Il cr\u00e9e le corridor r\u00e9cr\u00e9otouristique du P&rsquo;tit Train du Nord, officiellement inaugur\u00e9 en 1996. La gare ferroviaire de Saint-Faustin-Station devient la propri\u00e9t\u00e9 de la municipalit\u00e9 de Saint-Faustin-Lac-Carr\u00e9 en 2001. L&rsquo;\u00e9difice est restaur\u00e9 en 2003, et un abri est reconstruit. En 2008, les locaux de la maison des jeunes et des espaces communautaires locatifs occupent l&rsquo;\u00e9difice. L&rsquo;\u00e9t\u00e9, l&rsquo;ancienne gare abrite aussi une aire de services ouverte aux utilisateurs du parc lin\u00e9aire.<\/p>\n\n\n\n<p class=\"has-text-color has-vivid-cyan-blue-color\">Source :<a rel=\"noreferrer noopener\" aria-label=\" R\u00e9pertoire du patrimoine culturel du Qu\u00e9bec (s\u2019ouvre dans un nouvel onglet)\" href=\"http:\/\/www.patrimoine-culturel.gouv.qc.ca\/rpcq\/detail.do?methode=consulter&amp;id=92996&amp;type=bien#.XY-gbC17RQM\" target=\"_blank\"> R\u00e9pertoire du patrimoine culturel du Qu\u00e9bec<\/a><\/p>\n\n\n\n<p>Photos : Sylvain St-Jean<\/p>\n\n\n\n<ul class=\"wp-block-gallery columns-3 is-cropped wp-block-gallery-1 is-layout-flex wp-block-gallery-is-layout-flex\"><li class=\"blocks-gallery-item\"><figure><a href=\"https:\/\/patrimoineduquebec.com\/GaresduQuebec\/wp-content\/uploads\/2019\/09\/PB124382-1024x768.jpeg\"><img loading=\"lazy\" decoding=\"async\" width=\"1024\" height=\"768\" src=\"https:\/\/patrimoineduquebec.com\/GaresduQuebec\/wp-content\/uploads\/2019\/09\/PB124382-1024x768.jpeg\" alt=\"\" data-id=\"714\" data-link=\"https:\/\/patrimoineduquebec.com\/GaresduQuebec\/saint-faustin-lac-carre\/olympus-digital-camera-71\/\" class=\"wp-image-714\" srcset=\"https:\/\/patrimoineduquebec.com\/GaresduQuebec\/wp-content\/uploads\/2019\/09\/PB124382-1024x768.jpeg 1024w, https:\/\/patrimoineduquebec.com\/GaresduQuebec\/wp-content\/uploads\/2019\/09\/PB124382-300x225.jpeg 300w, https:\/\/patrimoineduquebec.com\/GaresduQuebec\/wp-content\/uploads\/2019\/09\/PB124382-768x576.jpeg 768w\" sizes=\"auto, (max-width: 1024px) 100vw, 1024px\" \/><\/a><\/figure><\/li><li class=\"blocks-gallery-item\"><figure><a href=\"https:\/\/patrimoineduquebec.com\/GaresduQuebec\/wp-content\/uploads\/2019\/09\/PB120069-1024x768.jpeg\"><img loading=\"lazy\" decoding=\"async\" width=\"1024\" height=\"768\" src=\"https:\/\/patrimoineduquebec.com\/GaresduQuebec\/wp-content\/uploads\/2019\/09\/PB120069-1024x768.jpeg\" alt=\"\" data-id=\"715\" data-link=\"https:\/\/patrimoineduquebec.com\/GaresduQuebec\/saint-faustin-lac-carre\/olympus-digital-camera-72\/\" class=\"wp-image-715\" srcset=\"https:\/\/patrimoineduquebec.com\/GaresduQuebec\/wp-content\/uploads\/2019\/09\/PB120069-1024x768.jpeg 1024w, https:\/\/patrimoineduquebec.com\/GaresduQuebec\/wp-content\/uploads\/2019\/09\/PB120069-300x225.jpeg 300w, https:\/\/patrimoineduquebec.com\/GaresduQuebec\/wp-content\/uploads\/2019\/09\/PB120069-768x576.jpeg 768w\" sizes=\"auto, (max-width: 1024px) 100vw, 1024px\" \/><\/a><\/figure><\/li><li class=\"blocks-gallery-item\"><figure><a href=\"https:\/\/patrimoineduquebec.com\/GaresduQuebec\/wp-content\/uploads\/2019\/09\/PB120072-1024x768.jpg\"><img loading=\"lazy\" decoding=\"async\" width=\"1024\" height=\"768\" src=\"https:\/\/patrimoineduquebec.com\/GaresduQuebec\/wp-content\/uploads\/2019\/09\/PB120072-1024x768.jpg\" alt=\"\" data-id=\"716\" data-link=\"https:\/\/patrimoineduquebec.com\/GaresduQuebec\/saint-faustin-lac-carre\/olympus-digital-camera-73\/\" class=\"wp-image-716\" srcset=\"https:\/\/patrimoineduquebec.com\/GaresduQuebec\/wp-content\/uploads\/2019\/09\/PB120072-1024x768.jpg 1024w, https:\/\/patrimoineduquebec.com\/GaresduQuebec\/wp-content\/uploads\/2019\/09\/PB120072-300x225.jpg 300w, https:\/\/patrimoineduquebec.com\/GaresduQuebec\/wp-content\/uploads\/2019\/09\/PB120072-768x576.jpg 768w\" sizes=\"auto, (max-width: 1024px) 100vw, 1024px\" \/><\/a><\/figure><\/li><li class=\"blocks-gallery-item\"><figure><a href=\"https:\/\/patrimoineduquebec.com\/GaresduQuebec\/wp-content\/uploads\/2019\/09\/autre-gare-de-saint-faustin.jpeg\"><img loading=\"lazy\" decoding=\"async\" width=\"992\" height=\"600\" src=\"https:\/\/patrimoineduquebec.com\/GaresduQuebec\/wp-content\/uploads\/2019\/09\/autre-gare-de-saint-faustin.jpeg\" alt=\"\" data-id=\"746\" data-link=\"https:\/\/patrimoineduquebec.com\/GaresduQuebec\/saint-faustin-lac-carre\/autre-gare-de-saint-faustin\/\" class=\"wp-image-746\" srcset=\"https:\/\/patrimoineduquebec.com\/GaresduQuebec\/wp-content\/uploads\/2019\/09\/autre-gare-de-saint-faustin.jpeg 992w, https:\/\/patrimoineduquebec.com\/GaresduQuebec\/wp-content\/uploads\/2019\/09\/autre-gare-de-saint-faustin-300x181.jpeg 300w, https:\/\/patrimoineduquebec.com\/GaresduQuebec\/wp-content\/uploads\/2019\/09\/autre-gare-de-saint-faustin-768x465.jpeg 768w\" sizes=\"auto, (max-width: 992px) 100vw, 992px\" \/><\/a><figcaption>Gare du C.P vers 1945 (collection M.G. Valli\u00e8res)<\/figcaption><\/figure><\/li><\/ul>\n","protected":false},"excerpt":{"rendered":"<p>Description La gare ferroviaire de Saint-Faustin-Station est une infrastructure d&rsquo;accueil construite en 1893 et agrandie en 1911. L&rsquo;\u00e9difice en bois se compose de trois volumes dispos\u00e9s en enfilade. Le corps de b\u00e2timent principal, de plan rectangulaire \u00e0 un \u00e9tage et demi coiff\u00e9 d&rsquo;un toit \u00e0 deux versants droits, occupe le centre de l&rsquo;ensemble. L&rsquo;annexe de [&hellip;]<\/p>\n","protected":false},"author":1,"featured_media":0,"parent":0,"menu_order":0,"comment_status":"closed","ping_status":"closed","template":"","meta":{"footnotes":""},"class_list":["post-712","page","type-page","status-publish","hentry"],"_links":{"self":[{"href":"https:\/\/patrimoineduquebec.com\/GaresduQuebec\/wp-json\/wp\/v2\/pages\/712","targetHints":{"allow":["GET"]}}],"collection":[{"href":"https:\/\/patrimoineduquebec.com\/GaresduQuebec\/wp-json\/wp\/v2\/pages"}],"about":[{"href":"https:\/\/patrimoineduquebec.com\/GaresduQuebec\/wp-json\/wp\/v2\/types\/page"}],"author":[{"embeddable":true,"href":"https:\/\/patrimoineduquebec.com\/GaresduQuebec\/wp-json\/wp\/v2\/users\/1"}],"replies":[{"embeddable":true,"href":"https:\/\/patrimoineduquebec.com\/GaresduQuebec\/wp-json\/wp\/v2\/comments?post=712"}],"version-history":[{"count":4,"href":"https:\/\/patrimoineduquebec.com\/GaresduQuebec\/wp-json\/wp\/v2\/pages\/712\/revisions"}],"predecessor-version":[{"id":1759,"href":"https:\/\/patrimoineduquebec.com\/GaresduQuebec\/wp-json\/wp\/v2\/pages\/712\/revisions\/1759"}],"wp:attachment":[{"href":"https:\/\/patrimoineduquebec.com\/GaresduQuebec\/wp-json\/wp\/v2\/media?parent=712"}],"curies":[{"name":"wp","href":"https:\/\/api.w.org\/{rel}","templated":true}]}}