{"id":623,"date":"2019-09-27T17:30:00","date_gmt":"2019-09-27T17:30:00","guid":{"rendered":"https:\/\/patrimoineduquebec.com\/GaresduQuebec\/?page_id=623"},"modified":"2019-10-14T14:26:49","modified_gmt":"2019-10-14T14:26:49","slug":"lachute","status":"publish","type":"page","link":"https:\/\/patrimoineduquebec.com\/GaresduQuebec\/lachute\/","title":{"rendered":"Lachute"},"content":{"rendered":"\n<div class=\"wp-block-image\"><figure class=\"aligncenter\"><a href=\"https:\/\/patrimoineduquebec.com\/GaresduQuebec\/wp-content\/uploads\/2019\/10\/gare-lachute-G\u00e9rald-Arbour-N1.jpg\"><img loading=\"lazy\" decoding=\"async\" width=\"1024\" height=\"768\" src=\"https:\/\/patrimoineduquebec.com\/GaresduQuebec\/wp-content\/uploads\/2019\/10\/gare-lachute-G\u00e9rald-Arbour-N1-1024x768.jpg\" alt=\"\" class=\"wp-image-1399\" srcset=\"https:\/\/patrimoineduquebec.com\/GaresduQuebec\/wp-content\/uploads\/2019\/10\/gare-lachute-G\u00e9rald-Arbour-N1-1024x768.jpg 1024w, https:\/\/patrimoineduquebec.com\/GaresduQuebec\/wp-content\/uploads\/2019\/10\/gare-lachute-G\u00e9rald-Arbour-N1-300x225.jpg 300w, https:\/\/patrimoineduquebec.com\/GaresduQuebec\/wp-content\/uploads\/2019\/10\/gare-lachute-G\u00e9rald-Arbour-N1-768x576.jpg 768w\" sizes=\"auto, (max-width: 1024px) 100vw, 1024px\" \/><\/a><figcaption>G\u00e9rald Arbour<\/figcaption><\/figure><\/div>\n\n\n\n<h4 class=\"wp-block-heading\"><strong>Description<\/strong><\/h4>\n\n\n\n<p>La gare de Lachute est une gare ferroviaire \u00e9rig\u00e9e en 1929 et agrandie en 1940. L&rsquo;\u00e9difice en brique rouge, de plan rectangulaire \u00e0 un \u00e9tage, est coiff\u00e9 d&rsquo;un toit \u00e0 croupes. Les avant-toits support\u00e9s par des consoles se prolongent au-del\u00e0 des murs. Les fa\u00e7ades nord et sud comprennent un avant-corps excentr\u00e9 \u00e0 deux \u00e9tages couronn\u00e9 d&rsquo;un toit \u00e0 deux versants droits. Une aile de plan rectangulaire \u00e0 un \u00e9tage et surmont\u00e9e d&rsquo;un toit \u00e0 croupes se d\u00e9ploie \u00e0 l&rsquo;ouest. La gare est situ\u00e9e en bordure de la voie publique, au coeur du quartier commercial de la ville de Lachute.<br><br>Ce bien est cit\u00e9 immeuble patrimonial. La protection s&rsquo;applique \u00e0 l&rsquo;enveloppe ext\u00e9rieure du b\u00e2timent.<\/p>\n\n\n\n<h4 class=\"wp-block-heading\"><strong>Valeur patrimoniale<\/strong><\/h4>\n\n\n\n<p>La gare de Lachute pr\u00e9sente un int\u00e9r\u00eat patrimonial pour sa valeur architecturale. L&rsquo;\u00e9difice est \u00e9rig\u00e9 d&rsquo;apr\u00e8s les plans \u00e9labor\u00e9s en 1927 pour la gare de Shawinigan par le bureau de l&rsquo;ing\u00e9nieur en chef de la compagnie Canadien Pacifique (CP), \u00e0 Montr\u00e9al. La gare de Lachute est construite en 1929 et agrandie en 1940. Elle comporte un plan rectangulaire, \u00e0 un \u00e9tage, surmont\u00e9 d&rsquo;un toit \u00e0 croupes d\u00e9bordant, comme la plupart des gares construites \u00e0 cette \u00e9poque. L&rsquo;\u00e9difice est compos\u00e9 de deux avant-corps \u00e0 deux \u00e9tages surmont\u00e9s d&rsquo;un toit \u00e0 deux versants droits, dispos\u00e9s sur des fa\u00e7ades oppos\u00e9es. Ce mod\u00e8le de gare se distingue par ailleurs de la majorit\u00e9 des gares construites au tournant du si\u00e8cle. Les dimensions imposantes et la qualit\u00e9 des mat\u00e9riaux employ\u00e9s, comme la pierre brute du soubassement, le parement en brique rouge et la pierre de taille utilis\u00e9e \u00e0 des fins d\u00e9coratives singularisent l&rsquo;\u00e9difice. Le volume imposant et les mat\u00e9riaux conf\u00e8rent \u00e0 ce mod\u00e8le un caract\u00e8re prestigieux. Le Canadien National adapte de plus ces plans pour la construction de deux gares, \u00e0 Shawinigan et \u00e0 Jonqui\u00e8re. Par ailleurs, l&rsquo;habillage d&rsquo;une structure de b\u00e9ton arm\u00e9 avec des mat\u00e9riaux traditionnels ainsi que l&rsquo;utilisation d&rsquo;\u00e9l\u00e9ments architecturaux et ornementaux t\u00e9moignent de la persistance du mouvement \u00e9clectique dans la premi\u00e8re moiti\u00e9 du XXe si\u00e8cle.&nbsp;<br><br>La gare de Lachute pr\u00e9sente \u00e9galement un int\u00e9r\u00eat patrimonial pour sa valeur historique. L&rsquo;\u00e9difice d\u00e9montre l&rsquo;importance du chemin de fer dans le d\u00e9veloppement \u00e9conomique et d\u00e9mographique de la municipalit\u00e9. En 1870, le projet de relier Qu\u00e9bec et Ottawa par le chemin de fer est lanc\u00e9. En 1876, la voie ferr\u00e9e atteint Lachute. D\u00e8s 1880, deux industries sont attir\u00e9es par les possibilit\u00e9s offertes par le chemin de fer et la pr\u00e9sence d&rsquo;un cours d&rsquo;eau. La manufacture de lainage Ayers et Hamelin et la papeti\u00e8re J. C. Wilson s&rsquo;implantent alors dans la localit\u00e9. Au cours des ann\u00e9es suivantes, Lachute devient un v\u00e9ritable centre r\u00e9gional. En effet, Lachute offre de nombreux services gr\u00e2ce \u00e0 l&rsquo;\u00e9tablissement de plusieurs manufactures dans la municipalit\u00e9 et \u00e0 l&rsquo;ouverture de nombreux commerces. L&rsquo;essor \u00e9conomique de Lachute entra\u00eene \u00e9galement une tr\u00e8s forte croissance d\u00e9mographique. La population triple dans le dernier quart du XIXe si\u00e8cle. La vocation industrielle de la ville se confirme dans les ann\u00e9es 1920 et 1930. Le transport ferroviaire s&rsquo;av\u00e8re important dans l&rsquo;\u00e9conomie locale. Le CP fait donc construire une nouvelle gare en 1929, qui remplace la premi\u00e8re \u00e9rig\u00e9e en 1887. L&rsquo;aile ouest est ajout\u00e9e en 1940. Le b\u00e2timent de dimensions imposantes est situ\u00e9 en plein coeur du quartier commercial de la ville. La gare et le chemin de fer ont jou\u00e9 un r\u00f4le crucial dans le d\u00e9veloppement et la prosp\u00e9rit\u00e9 \u00e9conomique de Lachute.<br><br>Source : Ville de Lachute, 2007.<\/p>\n\n\n\n<h4 class=\"wp-block-heading\"><strong>\u00c9l\u00e9ments caract\u00e9ristiques<\/strong><\/h4>\n\n\n\n<p>Les \u00e9l\u00e9ments caract\u00e9ristiques de la gare de Lachute li\u00e9s \u00e0 ses valeurs architecturale et historique comprennent, notamment :<br>&#8211; son volume, dont le corps principal et l&rsquo;aile ouest de plan rectangulaire, l&rsquo;\u00e9l\u00e9vation de un \u00e9tage et le toit \u00e0 croupes aux avant-toits d\u00e9bordants<br>&#8211; les avant-corps excentr\u00e9s, dont l&rsquo;\u00e9l\u00e9vation de deux \u00e9tages et le toit \u00e0 deux versants droits<br>&#8211; les mat\u00e9riaux, dont le soubassement en granit rose, le parement en brique rouge, la pierre de taille des \u00e9l\u00e9ments architecturaux et ornementaux, ainsi que les \u00e9l\u00e9ments menuis\u00e9s<br>&#8211; les ouvertures, dont les grandes baies \u00e0 arc surbaiss\u00e9, les fen\u00eatres rectangulaires jumel\u00e9es ou regroup\u00e9es par trois, les portes \u00e0 double vantail surmont\u00e9es d&rsquo;une imposte, les ouvertures carr\u00e9es, les petites ouvertures \u00e9troites rappelant des meurtri\u00e8res ainsi que les chambranles<br>&#8211; l&rsquo;ornementation, dont les cha\u00eenes d&rsquo;angle, les consoles doubles, le bandeau soulignant le haut des fondations, la corniche ainsi que le linteau en pierre portant l&rsquo;inscription \u00ab Lachute \u00bb<br>&#8211; les chevrons apparents<br>&#8211; sa situation en bordure de la voie publique au coeur du quartier commercial de la municipalit\u00e9.<\/p>\n\n\n\n<h4 class=\"wp-block-heading\"><strong>Informations historiques<\/strong><\/h4>\n\n\n\n<p>La gare de Lachute est issue du d\u00e9veloppement du r\u00e9seau ferroviaire. En 1875, le gouvernement du Qu\u00e9bec, par la compagnie de chemin de fer Qu\u00e9bec, Montr\u00e9al, Ottawa et Occidental (QMO and O), amorce les travaux de construction d&rsquo;une voie ferr\u00e9e. Celle-ci doit relier Qu\u00e9bec et Ottawa. En 1876, les rails sont pos\u00e9s \u00e0 Lachute, un petit village habit\u00e9 surtout par des agriculteurs. Cependant, le passage du chemin de fer entra\u00eene l&rsquo;industrialisation rapide de la municipalit\u00e9. D\u00e8s 1880, deux entreprises s&rsquo;implantent dans la localit\u00e9. Elles sont attir\u00e9es par la pr\u00e9sence d&rsquo;un cours d&rsquo;eau et les possibilit\u00e9s offertes par le chemin de fer. Il s&rsquo;agit de la manufacture de lainage Ayers et Hamelin ainsi que de la papeti\u00e8re J. C. Wilson. Au cours des cinq ann\u00e9es suivantes, plusieurs autres industries et commerces sont ouverts. La municipalit\u00e9 devient un v\u00e9ritable centre r\u00e9gional et offre de nombreux services. L&rsquo;essor \u00e9conomique de Lachute entra\u00eene une tr\u00e8s forte croissance d\u00e9mographique. La population triple dans le dernier quart du XIXe si\u00e8cle. Le transport ferroviaire constitue un facteur important pour l&rsquo;\u00e9conomie locale. La compagnie Canadien Pacifique (CP) fait l&rsquo;acquisition de la section ouest du chemin de fer QMO and O en 1882. Elle construit une nouvelle gare pour remplacer la pr\u00e9c\u00e9dente \u00e9lev\u00e9e en 1887.<br><br>La gare de Lachute, \u00e9rig\u00e9e en 1929, est construite d&rsquo;apr\u00e8s les plans \u00e9labor\u00e9s en 1927 par le bureau de l&rsquo;ing\u00e9nieur en chef de la compagnie CP, \u00e0 Montr\u00e9al, pour la gare de Shawinigan. En 1940, elle est agrandie selon les plans originaux. Ce mod\u00e8le se caract\u00e9rise, entre autres, par un plan rectangulaire \u00e0 un \u00e9tage surmont\u00e9 d&rsquo;un toit \u00e0 croupes aux avant-toits d\u00e9bordants ainsi que par deux avant-corps \u00e0 deux \u00e9tages surmont\u00e9s d&rsquo;un toit \u00e0 deux versants droits et dispos\u00e9s sur des fa\u00e7ades oppos\u00e9es. Le volume imposant et les mat\u00e9riaux utilis\u00e9s conf\u00e8rent \u00e0 ce mod\u00e8le une allure prestigieuse. La compagnie ferroviaire Canadien National adapte ce mod\u00e8le pour la construction de deux gares, \u00e0 Shawinigan et \u00e0 Jonqui\u00e8re.&nbsp;<br><br>La gare est ferm\u00e9e au transport ferroviaire en 1981. En 1992, elle est d\u00e9sign\u00e9e gare ferroviaire patrimoniale par le gouvernement du Canada. En 1998, l&rsquo;\u00e9difice est acquis par la ville de Lachute afin d&rsquo;assurer sa protection.&nbsp;<br><br>La gare de Lachute est cit\u00e9e en 2007. La municipalit\u00e9 r\u00e9gionale de comt\u00e9 d&rsquo;Argenteuil en devient propri\u00e9taire en avril 2007. Elle y effectuera des travaux de restauration et de r\u00e9novation. Le Centre local de d\u00e9veloppement et le Bureau d&rsquo;accueil touristique d&rsquo;Argenteuil y seront ensuite relocalis\u00e9s, permettant \u00e0 la population de d\u00e9couvrir la valeur patrimoniale de la gare.<\/p>\n\n\n\n<p class=\"has-text-color has-vivid-cyan-blue-color\">S<a rel=\"noreferrer noopener\" aria-label=\"ource : R\u00e9pertoire du patrimoine culturel du Qu\u00e9bec (s\u2019ouvre dans un nouvel onglet)\" href=\"http:\/\/www.patrimoine-culturel.gouv.qc.ca\/rpcq\/detail.do?methode=consulter&amp;id=105362&amp;type=bien#.XY5Fyy17RQM\" target=\"_blank\">ource : R\u00e9pertoire du patrimoine culturel du Qu\u00e9bec<\/a><\/p>\n\n\n\n<p>Photos : Monique Bellemare<\/p>\n\n\n\n<ul class=\"wp-block-gallery columns-3 is-cropped wp-block-gallery-1 is-layout-flex wp-block-gallery-is-layout-flex\"><li class=\"blocks-gallery-item\"><figure><a href=\"https:\/\/patrimoineduquebec.com\/GaresduQuebec\/wp-content\/uploads\/2019\/09\/P9300182-1024x768.jpeg\"><img loading=\"lazy\" decoding=\"async\" width=\"1024\" height=\"768\" src=\"https:\/\/patrimoineduquebec.com\/GaresduQuebec\/wp-content\/uploads\/2019\/09\/P9300182-1024x768.jpeg\" alt=\"\" data-id=\"625\" data-link=\"https:\/\/patrimoineduquebec.com\/GaresduQuebec\/lachute\/olympus-digital-camera-56\/\" class=\"wp-image-625\" srcset=\"https:\/\/patrimoineduquebec.com\/GaresduQuebec\/wp-content\/uploads\/2019\/09\/P9300182-1024x768.jpeg 1024w, https:\/\/patrimoineduquebec.com\/GaresduQuebec\/wp-content\/uploads\/2019\/09\/P9300182-300x225.jpeg 300w, https:\/\/patrimoineduquebec.com\/GaresduQuebec\/wp-content\/uploads\/2019\/09\/P9300182-768x576.jpeg 768w\" sizes=\"auto, (max-width: 1024px) 100vw, 1024px\" \/><\/a><\/figure><\/li><li class=\"blocks-gallery-item\"><figure><a href=\"https:\/\/patrimoineduquebec.com\/GaresduQuebec\/wp-content\/uploads\/2019\/09\/P9300184-1024x768.jpeg\"><img loading=\"lazy\" decoding=\"async\" width=\"1024\" height=\"768\" src=\"https:\/\/patrimoineduquebec.com\/GaresduQuebec\/wp-content\/uploads\/2019\/09\/P9300184-1024x768.jpeg\" alt=\"\" data-id=\"626\" data-link=\"https:\/\/patrimoineduquebec.com\/GaresduQuebec\/lachute\/olympus-digital-camera-57\/\" class=\"wp-image-626\" srcset=\"https:\/\/patrimoineduquebec.com\/GaresduQuebec\/wp-content\/uploads\/2019\/09\/P9300184-1024x768.jpeg 1024w, https:\/\/patrimoineduquebec.com\/GaresduQuebec\/wp-content\/uploads\/2019\/09\/P9300184-300x225.jpeg 300w, https:\/\/patrimoineduquebec.com\/GaresduQuebec\/wp-content\/uploads\/2019\/09\/P9300184-768x576.jpeg 768w\" sizes=\"auto, (max-width: 1024px) 100vw, 1024px\" \/><\/a><\/figure><\/li><li class=\"blocks-gallery-item\"><figure><a href=\"https:\/\/patrimoineduquebec.com\/GaresduQuebec\/wp-content\/uploads\/2019\/09\/P9300189-1024x768.jpg\"><img loading=\"lazy\" decoding=\"async\" width=\"1024\" height=\"768\" src=\"https:\/\/patrimoineduquebec.com\/GaresduQuebec\/wp-content\/uploads\/2019\/09\/P9300189-1024x768.jpg\" alt=\"\" data-id=\"627\" data-link=\"https:\/\/patrimoineduquebec.com\/GaresduQuebec\/lachute\/olympus-digital-camera-58\/\" class=\"wp-image-627\" srcset=\"https:\/\/patrimoineduquebec.com\/GaresduQuebec\/wp-content\/uploads\/2019\/09\/P9300189-1024x768.jpg 1024w, https:\/\/patrimoineduquebec.com\/GaresduQuebec\/wp-content\/uploads\/2019\/09\/P9300189-300x225.jpg 300w, https:\/\/patrimoineduquebec.com\/GaresduQuebec\/wp-content\/uploads\/2019\/09\/P9300189-768x576.jpg 768w\" sizes=\"auto, (max-width: 1024px) 100vw, 1024px\" \/><\/a><\/figure><\/li><li class=\"blocks-gallery-item\"><figure><a href=\"https:\/\/patrimoineduquebec.com\/GaresduQuebec\/wp-content\/uploads\/2019\/09\/P9300192-1024x768.jpeg\"><img loading=\"lazy\" decoding=\"async\" width=\"1024\" height=\"768\" src=\"https:\/\/patrimoineduquebec.com\/GaresduQuebec\/wp-content\/uploads\/2019\/09\/P9300192-1024x768.jpeg\" alt=\"\" data-id=\"628\" data-link=\"https:\/\/patrimoineduquebec.com\/GaresduQuebec\/lachute\/olympus-digital-camera-59\/\" class=\"wp-image-628\" srcset=\"https:\/\/patrimoineduquebec.com\/GaresduQuebec\/wp-content\/uploads\/2019\/09\/P9300192-1024x768.jpeg 1024w, https:\/\/patrimoineduquebec.com\/GaresduQuebec\/wp-content\/uploads\/2019\/09\/P9300192-300x225.jpeg 300w, https:\/\/patrimoineduquebec.com\/GaresduQuebec\/wp-content\/uploads\/2019\/09\/P9300192-768x576.jpeg 768w\" sizes=\"auto, (max-width: 1024px) 100vw, 1024px\" \/><\/a><\/figure><\/li><li class=\"blocks-gallery-item\"><figure><a href=\"https:\/\/patrimoineduquebec.com\/GaresduQuebec\/wp-content\/uploads\/2019\/09\/P9300170-1024x768.jpeg\"><img loading=\"lazy\" decoding=\"async\" width=\"1024\" height=\"768\" src=\"https:\/\/patrimoineduquebec.com\/GaresduQuebec\/wp-content\/uploads\/2019\/09\/P9300170-1024x768.jpeg\" alt=\"\" data-id=\"629\" data-link=\"https:\/\/patrimoineduquebec.com\/GaresduQuebec\/lachute\/olympus-digital-camera-60\/\" class=\"wp-image-629\" srcset=\"https:\/\/patrimoineduquebec.com\/GaresduQuebec\/wp-content\/uploads\/2019\/09\/P9300170-1024x768.jpeg 1024w, https:\/\/patrimoineduquebec.com\/GaresduQuebec\/wp-content\/uploads\/2019\/09\/P9300170-300x225.jpeg 300w, https:\/\/patrimoineduquebec.com\/GaresduQuebec\/wp-content\/uploads\/2019\/09\/P9300170-768x576.jpeg 768w\" sizes=\"auto, (max-width: 1024px) 100vw, 1024px\" \/><\/a><\/figure><\/li><li class=\"blocks-gallery-item\"><figure><a href=\"https:\/\/patrimoineduquebec.com\/GaresduQuebec\/wp-content\/uploads\/2019\/09\/P9300176-1024x767.jpeg\"><img loading=\"lazy\" decoding=\"async\" width=\"1024\" height=\"767\" src=\"https:\/\/patrimoineduquebec.com\/GaresduQuebec\/wp-content\/uploads\/2019\/09\/P9300176-1024x767.jpeg\" alt=\"\" data-id=\"630\" data-link=\"https:\/\/patrimoineduquebec.com\/GaresduQuebec\/lachute\/olympus-digital-camera-61\/\" class=\"wp-image-630\" srcset=\"https:\/\/patrimoineduquebec.com\/GaresduQuebec\/wp-content\/uploads\/2019\/09\/P9300176-1024x767.jpeg 1024w, https:\/\/patrimoineduquebec.com\/GaresduQuebec\/wp-content\/uploads\/2019\/09\/P9300176-300x225.jpeg 300w, https:\/\/patrimoineduquebec.com\/GaresduQuebec\/wp-content\/uploads\/2019\/09\/P9300176-768x575.jpeg 768w\" sizes=\"auto, (max-width: 1024px) 100vw, 1024px\" \/><\/a><\/figure><\/li><li class=\"blocks-gallery-item\"><figure><a href=\"https:\/\/patrimoineduquebec.com\/GaresduQuebec\/wp-content\/uploads\/2019\/09\/autre-gare-de-lachute-2.jpeg\"><img loading=\"lazy\" decoding=\"async\" width=\"824\" height=\"524\" src=\"https:\/\/patrimoineduquebec.com\/GaresduQuebec\/wp-content\/uploads\/2019\/09\/autre-gare-de-lachute-2.jpeg\" alt=\"\" data-id=\"744\" data-link=\"https:\/\/patrimoineduquebec.com\/GaresduQuebec\/lachute\/autre-gare-de-lachute-2\/\" class=\"wp-image-744\" srcset=\"https:\/\/patrimoineduquebec.com\/GaresduQuebec\/wp-content\/uploads\/2019\/09\/autre-gare-de-lachute-2.jpeg 824w, https:\/\/patrimoineduquebec.com\/GaresduQuebec\/wp-content\/uploads\/2019\/09\/autre-gare-de-lachute-2-300x191.jpeg 300w, https:\/\/patrimoineduquebec.com\/GaresduQuebec\/wp-content\/uploads\/2019\/09\/autre-gare-de-lachute-2-768x488.jpeg 768w\" sizes=\"auto, (max-width: 824px) 100vw, 824px\" \/><\/a><figcaption>C.P.R. Station Lachute Vers 1939 (collection MGV)<\/figcaption><\/figure><\/li><\/ul>\n","protected":false},"excerpt":{"rendered":"<p>Description La gare de Lachute est une gare ferroviaire \u00e9rig\u00e9e en 1929 et agrandie en 1940. L&rsquo;\u00e9difice en brique rouge, de plan rectangulaire \u00e0 un \u00e9tage, est coiff\u00e9 d&rsquo;un toit \u00e0 croupes. Les avant-toits support\u00e9s par des consoles se prolongent au-del\u00e0 des murs. Les fa\u00e7ades nord et sud comprennent un avant-corps excentr\u00e9 \u00e0 deux \u00e9tages [&hellip;]<\/p>\n","protected":false},"author":1,"featured_media":0,"parent":0,"menu_order":0,"comment_status":"closed","ping_status":"closed","template":"","meta":{"footnotes":""},"class_list":["post-623","page","type-page","status-publish","hentry"],"_links":{"self":[{"href":"https:\/\/patrimoineduquebec.com\/GaresduQuebec\/wp-json\/wp\/v2\/pages\/623","targetHints":{"allow":["GET"]}}],"collection":[{"href":"https:\/\/patrimoineduquebec.com\/GaresduQuebec\/wp-json\/wp\/v2\/pages"}],"about":[{"href":"https:\/\/patrimoineduquebec.com\/GaresduQuebec\/wp-json\/wp\/v2\/types\/page"}],"author":[{"embeddable":true,"href":"https:\/\/patrimoineduquebec.com\/GaresduQuebec\/wp-json\/wp\/v2\/users\/1"}],"replies":[{"embeddable":true,"href":"https:\/\/patrimoineduquebec.com\/GaresduQuebec\/wp-json\/wp\/v2\/comments?post=623"}],"version-history":[{"count":7,"href":"https:\/\/patrimoineduquebec.com\/GaresduQuebec\/wp-json\/wp\/v2\/pages\/623\/revisions"}],"predecessor-version":[{"id":1748,"href":"https:\/\/patrimoineduquebec.com\/GaresduQuebec\/wp-json\/wp\/v2\/pages\/623\/revisions\/1748"}],"wp:attachment":[{"href":"https:\/\/patrimoineduquebec.com\/GaresduQuebec\/wp-json\/wp\/v2\/media?parent=623"}],"curies":[{"name":"wp","href":"https:\/\/api.w.org\/{rel}","templated":true}]}}