{"id":615,"date":"2019-09-27T17:09:04","date_gmt":"2019-09-27T17:09:04","guid":{"rendered":"https:\/\/patrimoineduquebec.com\/GaresduQuebec\/?page_id=615"},"modified":"2019-10-05T14:34:47","modified_gmt":"2019-10-05T14:34:47","slug":"lannonciation","status":"publish","type":"page","link":"https:\/\/patrimoineduquebec.com\/GaresduQuebec\/lannonciation\/","title":{"rendered":"L&rsquo;Annonciation"},"content":{"rendered":"\n<div class=\"wp-block-image\"><figure class=\"aligncenter\"><a href=\"https:\/\/patrimoineduquebec.com\/GaresduQuebec\/wp-content\/uploads\/2019\/09\/P7050942.jpeg\"><img loading=\"lazy\" decoding=\"async\" width=\"1024\" height=\"768\" src=\"https:\/\/patrimoineduquebec.com\/GaresduQuebec\/wp-content\/uploads\/2019\/09\/P7050942-1024x768.jpeg\" alt=\"\" class=\"wp-image-616\" srcset=\"https:\/\/patrimoineduquebec.com\/GaresduQuebec\/wp-content\/uploads\/2019\/09\/P7050942-1024x768.jpeg 1024w, https:\/\/patrimoineduquebec.com\/GaresduQuebec\/wp-content\/uploads\/2019\/09\/P7050942-300x225.jpeg 300w, https:\/\/patrimoineduquebec.com\/GaresduQuebec\/wp-content\/uploads\/2019\/09\/P7050942-768x576.jpeg 768w\" sizes=\"auto, (max-width: 1024px) 100vw, 1024px\" \/><\/a><\/figure><\/div>\n\n\n\n<p><strong>Histoire<\/strong><br><\/p>\n\n\n\n<p>Au d\u00e9but de 1884, le chemin de fer a atteint Labelle. Il faudra attendre une autre d\u00e9cennie pour voir se prolonger la ligne jusqu\u2019\u00e0 l\u2019Annonciation. Une m\u00e9sentente entre la compagnie de chemin de fer de la Colonisation du Nord&nbsp; et du Conseil municipal au sujet du trac\u00e9 de la ligne ferroviaire retarde les travaux. Finalement, l\u2019Annonciation c\u00e9l\u00e8bre l\u2019arriv\u00e9e du train en 1904.<br><\/p>\n\n\n\n<p>Le choix de l\u2019emplacement de la gare alimente \u00e9galement des querelles entre citoyens. Trois groupes se font une chaude lutte, chacun y trouvant son int\u00e9r\u00eat. Finalement, le site retenu sera celui de M. Boileau situ\u00e9 \u00e0 c\u00f4t\u00e9 de son moulin \u00e0 scie.&nbsp;<br><\/p>\n\n\n\n<p>La gare est construite en 1903. Plusieurs d\u00e9pendances s\u2019ajouteront au cours des ann\u00e9es, soit la maison du r\u00e9gisseur en 1905, le parc \u00e0 mat\u00e9riaux et les remises \u00e0 outils en 1911 et les d\u00e9p\u00f4ts de marchandises et de charbon en 1924.&nbsp;<br><\/p>\n\n\n\n<p>Dans les ann\u00e9es 1940, le transport par camion et autobus surclasse le transport ferroviaire. En 1949, la pr\u00e9sence d\u2019un agent de la gare n\u2019est plus n\u00e9cessaire. \u00c0 partir de 1970, la compagnie Canadien Pacifique (CP) r\u00e9duit le service \u00e0 sa plus simple expression. En 1982, le CP annonce la fin du service.<br><\/p>\n\n\n\n<p><strong>Seconde vocation<\/strong><br><\/p>\n\n\n\n<p>La gare de l\u2019Annonciation est un bel exemple de volont\u00e9 et de d\u00e9termination d\u2019une collectivit\u00e9 d\u00e9sirant sauver du pic des d\u00e9molisseurs un \u00e9l\u00e9ment important du patrimoine. Gr\u00e2ce \u00e0 l\u2019implication de plusieurs individus et organismes, la gare de l\u2019Annonciation ouvre ses portes \u00e0 une nouvelle vocation en 1988. On y retrouve d\u00e9sormais un centre d\u2019exposition et un kiosque d\u2019information touristique.<\/p>\n\n\n\n<p class=\"has-text-color has-vivid-cyan-blue-color\">Sourc<a rel=\"noreferrer noopener\" aria-label=\"e : Laurentides.com (s\u2019ouvre dans un nouvel onglet)\" href=\"https:\/\/www.laurentides.com\/fr\/belleshistoires-route\/60\" target=\"_blank\">e : Laurentides.com<\/a><\/p>\n\n\n\n<p>Photos : Sylvain St-Jean<\/p>\n\n\n\n<ul class=\"wp-block-gallery columns-3 is-cropped wp-block-gallery-1 is-layout-flex wp-block-gallery-is-layout-flex\"><li class=\"blocks-gallery-item\"><figure><a href=\"https:\/\/patrimoineduquebec.com\/GaresduQuebec\/wp-content\/uploads\/2019\/09\/P7050941-1024x768.jpeg\"><img loading=\"lazy\" decoding=\"async\" width=\"1024\" height=\"768\" src=\"https:\/\/patrimoineduquebec.com\/GaresduQuebec\/wp-content\/uploads\/2019\/09\/P7050941-1024x768.jpeg\" alt=\"\" data-id=\"617\" data-link=\"https:\/\/patrimoineduquebec.com\/GaresduQuebec\/lannonciation\/olympus-digital-camera-52\/\" class=\"wp-image-617\" srcset=\"https:\/\/patrimoineduquebec.com\/GaresduQuebec\/wp-content\/uploads\/2019\/09\/P7050941-1024x768.jpeg 1024w, https:\/\/patrimoineduquebec.com\/GaresduQuebec\/wp-content\/uploads\/2019\/09\/P7050941-300x225.jpeg 300w, https:\/\/patrimoineduquebec.com\/GaresduQuebec\/wp-content\/uploads\/2019\/09\/P7050941-768x576.jpeg 768w\" sizes=\"auto, (max-width: 1024px) 100vw, 1024px\" \/><\/a><\/figure><\/li><li class=\"blocks-gallery-item\"><figure><a href=\"https:\/\/patrimoineduquebec.com\/GaresduQuebec\/wp-content\/uploads\/2019\/09\/P7050946-1024x768.jpeg\"><img loading=\"lazy\" decoding=\"async\" width=\"1024\" height=\"768\" src=\"https:\/\/patrimoineduquebec.com\/GaresduQuebec\/wp-content\/uploads\/2019\/09\/P7050946-1024x768.jpeg\" alt=\"\" data-id=\"618\" data-link=\"https:\/\/patrimoineduquebec.com\/GaresduQuebec\/lannonciation\/olympus-digital-camera-53\/\" class=\"wp-image-618\" srcset=\"https:\/\/patrimoineduquebec.com\/GaresduQuebec\/wp-content\/uploads\/2019\/09\/P7050946-1024x768.jpeg 1024w, https:\/\/patrimoineduquebec.com\/GaresduQuebec\/wp-content\/uploads\/2019\/09\/P7050946-300x225.jpeg 300w, https:\/\/patrimoineduquebec.com\/GaresduQuebec\/wp-content\/uploads\/2019\/09\/P7050946-768x576.jpeg 768w\" sizes=\"auto, (max-width: 1024px) 100vw, 1024px\" \/><\/a><\/figure><\/li><li class=\"blocks-gallery-item\"><figure><a href=\"https:\/\/patrimoineduquebec.com\/GaresduQuebec\/wp-content\/uploads\/2019\/09\/P7050950-1024x768.jpg\"><img loading=\"lazy\" decoding=\"async\" width=\"1024\" height=\"768\" src=\"https:\/\/patrimoineduquebec.com\/GaresduQuebec\/wp-content\/uploads\/2019\/09\/P7050950-1024x768.jpg\" alt=\"\" data-id=\"619\" data-link=\"https:\/\/patrimoineduquebec.com\/GaresduQuebec\/lannonciation\/olympus-digital-camera-54\/\" class=\"wp-image-619\" srcset=\"https:\/\/patrimoineduquebec.com\/GaresduQuebec\/wp-content\/uploads\/2019\/09\/P7050950-1024x768.jpg 1024w, https:\/\/patrimoineduquebec.com\/GaresduQuebec\/wp-content\/uploads\/2019\/09\/P7050950-300x225.jpg 300w, https:\/\/patrimoineduquebec.com\/GaresduQuebec\/wp-content\/uploads\/2019\/09\/P7050950-768x576.jpg 768w\" sizes=\"auto, (max-width: 1024px) 100vw, 1024px\" \/><\/a><\/figure><\/li><li class=\"blocks-gallery-item\"><figure><a href=\"https:\/\/patrimoineduquebec.com\/GaresduQuebec\/wp-content\/uploads\/2019\/09\/q-1024x623.jpeg\"><img loading=\"lazy\" decoding=\"async\" width=\"1024\" height=\"623\" src=\"https:\/\/patrimoineduquebec.com\/GaresduQuebec\/wp-content\/uploads\/2019\/09\/q-1024x623.jpeg\" alt=\"\" data-id=\"752\" data-link=\"https:\/\/patrimoineduquebec.com\/GaresduQuebec\/lannonciation\/q\/\" class=\"wp-image-752\" srcset=\"https:\/\/patrimoineduquebec.com\/GaresduQuebec\/wp-content\/uploads\/2019\/09\/q-1024x623.jpeg 1024w, https:\/\/patrimoineduquebec.com\/GaresduQuebec\/wp-content\/uploads\/2019\/09\/q-300x182.jpeg 300w, https:\/\/patrimoineduquebec.com\/GaresduQuebec\/wp-content\/uploads\/2019\/09\/q-768x467.jpeg 768w, https:\/\/patrimoineduquebec.com\/GaresduQuebec\/wp-content\/uploads\/2019\/09\/q.jpeg 1220w\" sizes=\"auto, (max-width: 1024px) 100vw, 1024px\" \/><\/a><figcaption>BAnQ 1939 (06M,P48,S1,P3401)<\/figcaption><\/figure><\/li><li class=\"blocks-gallery-item\"><figure><a href=\"https:\/\/patrimoineduquebec.com\/GaresduQuebec\/wp-content\/uploads\/2019\/10\/Capture-d\u2019\u00e9cran-le-2019-10-05-\u00e0-10.33.30.png\"><img loading=\"lazy\" decoding=\"async\" width=\"1003\" height=\"649\" src=\"https:\/\/patrimoineduquebec.com\/GaresduQuebec\/wp-content\/uploads\/2019\/10\/Capture-d\u2019\u00e9cran-le-2019-10-05-\u00e0-10.33.30.png\" alt=\"\" data-id=\"1362\" data-link=\"https:\/\/patrimoineduquebec.com\/GaresduQuebec\/lannonciation\/capture-decran-le-2019-10-05-a-10-33-30\/\" class=\"wp-image-1362\" srcset=\"https:\/\/patrimoineduquebec.com\/GaresduQuebec\/wp-content\/uploads\/2019\/10\/Capture-d\u2019\u00e9cran-le-2019-10-05-\u00e0-10.33.30.png 1003w, https:\/\/patrimoineduquebec.com\/GaresduQuebec\/wp-content\/uploads\/2019\/10\/Capture-d\u2019\u00e9cran-le-2019-10-05-\u00e0-10.33.30-300x194.png 300w, https:\/\/patrimoineduquebec.com\/GaresduQuebec\/wp-content\/uploads\/2019\/10\/Capture-d\u2019\u00e9cran-le-2019-10-05-\u00e0-10.33.30-768x497.png 768w\" sizes=\"auto, (max-width: 1003px) 100vw, 1003px\" \/><\/a><figcaption>Le cur\u00e9 Antoine Labelle, sa vie et son oeuvre (Daniel Brosseau)<\/figcaption><\/figure><\/li><\/ul>\n","protected":false},"excerpt":{"rendered":"<p>Histoire Au d\u00e9but de 1884, le chemin de fer a atteint Labelle. Il faudra attendre une autre d\u00e9cennie pour voir se prolonger la ligne jusqu\u2019\u00e0 l\u2019Annonciation. Une m\u00e9sentente entre la compagnie de chemin de fer de la Colonisation du Nord&nbsp; et du Conseil municipal au sujet du trac\u00e9 de la ligne ferroviaire retarde les travaux. [&hellip;]<\/p>\n","protected":false},"author":1,"featured_media":0,"parent":0,"menu_order":0,"comment_status":"closed","ping_status":"closed","template":"","meta":{"footnotes":""},"class_list":["post-615","page","type-page","status-publish","hentry"],"_links":{"self":[{"href":"https:\/\/patrimoineduquebec.com\/GaresduQuebec\/wp-json\/wp\/v2\/pages\/615","targetHints":{"allow":["GET"]}}],"collection":[{"href":"https:\/\/patrimoineduquebec.com\/GaresduQuebec\/wp-json\/wp\/v2\/pages"}],"about":[{"href":"https:\/\/patrimoineduquebec.com\/GaresduQuebec\/wp-json\/wp\/v2\/types\/page"}],"author":[{"embeddable":true,"href":"https:\/\/patrimoineduquebec.com\/GaresduQuebec\/wp-json\/wp\/v2\/users\/1"}],"replies":[{"embeddable":true,"href":"https:\/\/patrimoineduquebec.com\/GaresduQuebec\/wp-json\/wp\/v2\/comments?post=615"}],"version-history":[{"count":3,"href":"https:\/\/patrimoineduquebec.com\/GaresduQuebec\/wp-json\/wp\/v2\/pages\/615\/revisions"}],"predecessor-version":[{"id":1363,"href":"https:\/\/patrimoineduquebec.com\/GaresduQuebec\/wp-json\/wp\/v2\/pages\/615\/revisions\/1363"}],"wp:attachment":[{"href":"https:\/\/patrimoineduquebec.com\/GaresduQuebec\/wp-json\/wp\/v2\/media?parent=615"}],"curies":[{"name":"wp","href":"https:\/\/api.w.org\/{rel}","templated":true}]}}