{"id":595,"date":"2019-09-27T16:22:02","date_gmt":"2019-09-27T16:22:02","guid":{"rendered":"https:\/\/patrimoineduquebec.com\/GaresduQuebec\/?page_id=595"},"modified":"2019-10-08T15:04:06","modified_gmt":"2019-10-08T15:04:06","slug":"joliette","status":"publish","type":"page","link":"https:\/\/patrimoineduquebec.com\/GaresduQuebec\/joliette\/","title":{"rendered":"Joliette"},"content":{"rendered":"\n<div class=\"wp-block-image\"><figure class=\"aligncenter\"><a href=\"https:\/\/patrimoineduquebec.com\/GaresduQuebec\/wp-content\/uploads\/2019\/09\/DSCN9283.jpg\"><img loading=\"lazy\" decoding=\"async\" width=\"1024\" height=\"768\" src=\"https:\/\/patrimoineduquebec.com\/GaresduQuebec\/wp-content\/uploads\/2019\/09\/DSCN9283-1024x768.jpg\" alt=\"\" class=\"wp-image-596\" srcset=\"https:\/\/patrimoineduquebec.com\/GaresduQuebec\/wp-content\/uploads\/2019\/09\/DSCN9283-1024x768.jpg 1024w, https:\/\/patrimoineduquebec.com\/GaresduQuebec\/wp-content\/uploads\/2019\/09\/DSCN9283-300x225.jpg 300w, https:\/\/patrimoineduquebec.com\/GaresduQuebec\/wp-content\/uploads\/2019\/09\/DSCN9283-768x576.jpg 768w\" sizes=\"auto, (max-width: 1024px) 100vw, 1024px\" \/><\/a><\/figure><\/div>\n\n\n\n<p><strong>Histoire<\/strong><br><\/p>\n\n\n\n<p>Gare du Canadien National (CN), encore en service.<br><\/p>\n\n\n\n<p>Elle est situ\u00e9e au 380 rue Champlain. La gare du Canadien National de Joliette est une gare en brique \u00e0 deux \u00e9tages, construite en 1901. Elle est situ\u00e9e dans une zone commerciale et industrielle de la ville de Joliette. En 1957, la gare a \u00e9t\u00e9 d\u00e9plac\u00e9e \u00e0 100 m\u00e8tres \u00e0 l&rsquo;ouest de son emplacement d&rsquo;origine pour permettre la construction d&rsquo;un viaduc routier. La reconnaissance officielle se limite au b\u00e2timent de la gare \u00e0 proprement dit.<br><\/p>\n\n\n\n<p><strong>Valeur patrimoniale<\/strong><br><\/p>\n\n\n\n<p>La gare du Canadien National (CN) de Joliette est repr\u00e9sentative du d\u00e9veloppement de la ville de Joliette. Elle a \u00e9t\u00e9 construite par le Chemin de fer le Grand Nord du Canada (CGN) en 1901, deux ans apr\u00e8s que la ville ait accord\u00e9 \u00e0 cette compagnie un bonus pour soutenir la construction de la ligne Ottawa-Montr\u00e9al-Qu\u00e9bec. Apr\u00e8s l&rsquo;acquisition de la ligne par la Compagnie canadienne du chemin de fer du Nord qu\u00e9b\u00e9cois, Joliette est devenue une localit\u00e9 de limite divisionnaire, ce qui a eu un impact important sur son histoire \u00e9conomique, industrielle et sociale.<br><\/p>\n\n\n\n<p>Le style Tudor simplifi\u00e9 de la gare de Joliette cadre avec l&rsquo;esth\u00e9tique pittoresque adopt\u00e9e par le CGN pour ses gares. Sa conception et sa construction de brique d&rsquo;excellente qualit\u00e9 traduisent la volont\u00e9 du CGN de projeter une image de durabilit\u00e9 et de stabilit\u00e9. La gare a \u00e9t\u00e9 \u00e9largie dans sa partie est en 1927, formant ainsi une composition sym\u00e9trique.<br><\/p>\n\n\n\n<p><strong>\u00c9l\u00e9ments caract\u00e9ristiques<\/strong><br><\/p>\n\n\n\n<p>Parmi les \u00e9l\u00e9ments caract\u00e9ristiques de la gare du Canadien National de Joliette, notons :<br>&#8211; sa forme et son corps de b\u00e2timent compos\u00e9 d&rsquo;un bloc rectangulaire de deux \u00e9tages avec le poste de l&rsquo;op\u00e9rateur en saillie, recouvert d&rsquo;un toit en croupe orn\u00e9 de lucarnes<br>&#8211; son toit, dont la partie principale est en croupe, ses grandes lucarnes \u00e0 pignon \u00e0 pan coup\u00e9 de chaque c\u00f4t\u00e9 de la fa\u00e7ade c\u00f4t\u00e9 voies, et une s\u00e9rie de lucarnes \u00e0 pignon simple au niveau de l&rsquo;avant-toit le long des fa\u00e7ades c\u00f4t\u00e9 voies et c\u00f4t\u00e9 ville<br>&#8211; les caract\u00e9ristiques typiques des gares ferroviaires du d\u00e9but du XXe si\u00e8cle, \u00e0 savoir le toit en croupe, le plan rectangulaire, l&rsquo;auvent en plate-forme soutenu par des consoles de bois, et le poste de l&rsquo;op\u00e9rateur formant saillie<br>&#8211; son auvent continu en plate-forme, qui s&rsquo;\u00e9tend sur trois c\u00f4t\u00e9s de l&rsquo;\u00e9difice \u00e0 partir du niveau des seuils de fen\u00eatre du deuxi\u00e8me \u00e9tage, et qui est soutenu par de grandes consoles en bois<br>&#8211; son style Tudor simplifi\u00e9 caract\u00e9ris\u00e9 par son toit \u00e0 pignon perc\u00e9 de lucarnes, et par les bouts du pignon en colombage et les accents de pierre<br>&#8211; son \u00e9chelle mod\u00e9r\u00e9e et sa conception de type maison, qu&rsquo;attestent sa masse, sa ligne de toiture et ses ornements<br>&#8211; son parement de brique rouge<br>&#8211; ses accents de pierre, form\u00e9s d&rsquo;un mur de fondation peu profond en pierre, d&rsquo;appuis et de linteaux de pierre aux ouvertures, et de trois bandes horizontales continues de pierre au niveau du milieu des fen\u00eatres et des linteaux au rez-de-chauss\u00e9e, et au niveau du milieu des fen\u00eatres au deuxi\u00e8me \u00e9tage<br>&#8211; le plan int\u00e9rieur pr\u00e9serv\u00e9 du rez-de-chauss\u00e9e, compos\u00e9 du bureau du chef de gare au centre de la zone r\u00e9serv\u00e9e aux passagers, d&rsquo;une consigne et d&rsquo;un hangar \u00e0 marchandises<br>&#8211; la finition int\u00e9rieure d&rsquo;origine pr\u00e9serv\u00e9e, y compris au rez-de-chauss\u00e9e la finition en panneaux embouvet\u00e9s des murs inf\u00e9rieurs et la finition de pl\u00e2tre des murs sup\u00e9rieurs; et au deuxi\u00e8me \u00e9tage et la finition de planches verticales des murs; les moulures de bois, les boiseries des fen\u00eatres et des portes, et les bancs en bois.<\/p>\n\n\n\n<p class=\"has-text-color has-vivid-cyan-blue-color\">Source : <a rel=\"noreferrer noopener\" aria-label=\"Lieux patrimoniaux du Canada (s\u2019ouvre dans un nouvel onglet)\" href=\"https:\/\/www.historicplaces.ca\/fr\/rep-reg\/place-lieu.aspx?id=4626\" target=\"_blank\">Lieux patrimoniaux du Canada<\/a><\/p>\n\n\n\n<p>Photos : Monique Bellemare<\/p>\n\n\n\n<ul class=\"wp-block-gallery columns-3 is-cropped wp-block-gallery-1 is-layout-flex wp-block-gallery-is-layout-flex\"><li class=\"blocks-gallery-item\"><figure><a href=\"https:\/\/patrimoineduquebec.com\/GaresduQuebec\/wp-content\/uploads\/2019\/09\/DSCN9278-1024x768.jpg\"><img loading=\"lazy\" decoding=\"async\" width=\"1024\" height=\"768\" src=\"https:\/\/patrimoineduquebec.com\/GaresduQuebec\/wp-content\/uploads\/2019\/09\/DSCN9278-1024x768.jpg\" alt=\"\" data-id=\"597\" data-link=\"https:\/\/patrimoineduquebec.com\/GaresduQuebec\/joliette\/dscn9278\/\" class=\"wp-image-597\" srcset=\"https:\/\/patrimoineduquebec.com\/GaresduQuebec\/wp-content\/uploads\/2019\/09\/DSCN9278-1024x768.jpg 1024w, https:\/\/patrimoineduquebec.com\/GaresduQuebec\/wp-content\/uploads\/2019\/09\/DSCN9278-300x225.jpg 300w, https:\/\/patrimoineduquebec.com\/GaresduQuebec\/wp-content\/uploads\/2019\/09\/DSCN9278-768x576.jpg 768w\" sizes=\"auto, (max-width: 1024px) 100vw, 1024px\" \/><\/a><\/figure><\/li><li class=\"blocks-gallery-item\"><figure><a href=\"https:\/\/patrimoineduquebec.com\/GaresduQuebec\/wp-content\/uploads\/2019\/09\/DSCN9276-1024x768.jpg\"><img loading=\"lazy\" decoding=\"async\" width=\"1024\" height=\"768\" src=\"https:\/\/patrimoineduquebec.com\/GaresduQuebec\/wp-content\/uploads\/2019\/09\/DSCN9276-1024x768.jpg\" alt=\"\" data-id=\"598\" data-link=\"https:\/\/patrimoineduquebec.com\/GaresduQuebec\/joliette\/dscn9276\/\" class=\"wp-image-598\" srcset=\"https:\/\/patrimoineduquebec.com\/GaresduQuebec\/wp-content\/uploads\/2019\/09\/DSCN9276-1024x768.jpg 1024w, https:\/\/patrimoineduquebec.com\/GaresduQuebec\/wp-content\/uploads\/2019\/09\/DSCN9276-300x225.jpg 300w, https:\/\/patrimoineduquebec.com\/GaresduQuebec\/wp-content\/uploads\/2019\/09\/DSCN9276-768x576.jpg 768w\" sizes=\"auto, (max-width: 1024px) 100vw, 1024px\" \/><\/a><\/figure><\/li><li class=\"blocks-gallery-item\"><figure><a href=\"https:\/\/patrimoineduquebec.com\/GaresduQuebec\/wp-content\/uploads\/2019\/09\/DSCN9279-1024x768.jpeg\"><img loading=\"lazy\" decoding=\"async\" width=\"1024\" height=\"768\" src=\"https:\/\/patrimoineduquebec.com\/GaresduQuebec\/wp-content\/uploads\/2019\/09\/DSCN9279-1024x768.jpeg\" alt=\"\" data-id=\"599\" data-link=\"https:\/\/patrimoineduquebec.com\/GaresduQuebec\/joliette\/dscn9279\/\" class=\"wp-image-599\" srcset=\"https:\/\/patrimoineduquebec.com\/GaresduQuebec\/wp-content\/uploads\/2019\/09\/DSCN9279-1024x768.jpeg 1024w, https:\/\/patrimoineduquebec.com\/GaresduQuebec\/wp-content\/uploads\/2019\/09\/DSCN9279-300x225.jpeg 300w, https:\/\/patrimoineduquebec.com\/GaresduQuebec\/wp-content\/uploads\/2019\/09\/DSCN9279-768x576.jpeg 768w\" sizes=\"auto, (max-width: 1024px) 100vw, 1024px\" \/><\/a><\/figure><\/li><li class=\"blocks-gallery-item\"><figure><a href=\"https:\/\/patrimoineduquebec.com\/GaresduQuebec\/wp-content\/uploads\/2019\/09\/autre-gare-joliette-2.jpg\"><img loading=\"lazy\" decoding=\"async\" width=\"778\" height=\"470\" src=\"https:\/\/patrimoineduquebec.com\/GaresduQuebec\/wp-content\/uploads\/2019\/09\/autre-gare-joliette-2.jpg\" alt=\"\" data-id=\"696\" data-link=\"https:\/\/patrimoineduquebec.com\/GaresduQuebec\/joliette\/autre-gare-joliette-2\/\" class=\"wp-image-696\" srcset=\"https:\/\/patrimoineduquebec.com\/GaresduQuebec\/wp-content\/uploads\/2019\/09\/autre-gare-joliette-2.jpg 778w, https:\/\/patrimoineduquebec.com\/GaresduQuebec\/wp-content\/uploads\/2019\/09\/autre-gare-joliette-2-300x181.jpg 300w, https:\/\/patrimoineduquebec.com\/GaresduQuebec\/wp-content\/uploads\/2019\/09\/autre-gare-joliette-2-768x464.jpg 768w\" sizes=\"auto, (max-width: 778px) 100vw, 778px\" \/><\/a><figcaption>Collection Mus\u00e9e McCord<\/figcaption><\/figure><\/li><li class=\"blocks-gallery-item\"><figure><a href=\"https:\/\/patrimoineduquebec.com\/GaresduQuebec\/wp-content\/uploads\/2019\/09\/banq-gare-de-joliette-1024x568.jpeg\"><img loading=\"lazy\" decoding=\"async\" width=\"1024\" height=\"568\" src=\"https:\/\/patrimoineduquebec.com\/GaresduQuebec\/wp-content\/uploads\/2019\/09\/banq-gare-de-joliette-1024x568.jpeg\" alt=\"\" data-id=\"699\" data-link=\"https:\/\/patrimoineduquebec.com\/GaresduQuebec\/joliette\/banq-gare-de-joliette-2\/\" class=\"wp-image-699\" srcset=\"https:\/\/patrimoineduquebec.com\/GaresduQuebec\/wp-content\/uploads\/2019\/09\/banq-gare-de-joliette-1024x568.jpeg 1024w, https:\/\/patrimoineduquebec.com\/GaresduQuebec\/wp-content\/uploads\/2019\/09\/banq-gare-de-joliette-300x166.jpeg 300w, https:\/\/patrimoineduquebec.com\/GaresduQuebec\/wp-content\/uploads\/2019\/09\/banq-gare-de-joliette-768x426.jpeg 768w, https:\/\/patrimoineduquebec.com\/GaresduQuebec\/wp-content\/uploads\/2019\/09\/banq-gare-de-joliette.jpeg 1250w\" sizes=\"auto, (max-width: 1024px) 100vw, 1024px\" \/><\/a><figcaption> BAnQ (CP 022277 CON)<\/figcaption><\/figure><\/li><\/ul>\n","protected":false},"excerpt":{"rendered":"<p>Histoire Gare du Canadien National (CN), encore en service. Elle est situ\u00e9e au 380 rue Champlain. La gare du Canadien National de Joliette est une gare en brique \u00e0 deux \u00e9tages, construite en 1901. Elle est situ\u00e9e dans une zone commerciale et industrielle de la ville de Joliette. En 1957, la gare a \u00e9t\u00e9 d\u00e9plac\u00e9e [&hellip;]<\/p>\n","protected":false},"author":1,"featured_media":0,"parent":0,"menu_order":0,"comment_status":"closed","ping_status":"closed","template":"","meta":{"footnotes":""},"class_list":["post-595","page","type-page","status-publish","hentry"],"_links":{"self":[{"href":"https:\/\/patrimoineduquebec.com\/GaresduQuebec\/wp-json\/wp\/v2\/pages\/595","targetHints":{"allow":["GET"]}}],"collection":[{"href":"https:\/\/patrimoineduquebec.com\/GaresduQuebec\/wp-json\/wp\/v2\/pages"}],"about":[{"href":"https:\/\/patrimoineduquebec.com\/GaresduQuebec\/wp-json\/wp\/v2\/types\/page"}],"author":[{"embeddable":true,"href":"https:\/\/patrimoineduquebec.com\/GaresduQuebec\/wp-json\/wp\/v2\/users\/1"}],"replies":[{"embeddable":true,"href":"https:\/\/patrimoineduquebec.com\/GaresduQuebec\/wp-json\/wp\/v2\/comments?post=595"}],"version-history":[{"count":6,"href":"https:\/\/patrimoineduquebec.com\/GaresduQuebec\/wp-json\/wp\/v2\/pages\/595\/revisions"}],"predecessor-version":[{"id":1534,"href":"https:\/\/patrimoineduquebec.com\/GaresduQuebec\/wp-json\/wp\/v2\/pages\/595\/revisions\/1534"}],"wp:attachment":[{"href":"https:\/\/patrimoineduquebec.com\/GaresduQuebec\/wp-json\/wp\/v2\/media?parent=595"}],"curies":[{"name":"wp","href":"https:\/\/api.w.org\/{rel}","templated":true}]}}