{"id":576,"date":"2019-09-27T14:40:04","date_gmt":"2019-09-27T14:40:04","guid":{"rendered":"https:\/\/patrimoineduquebec.com\/GaresduQuebec\/?page_id=576"},"modified":"2019-10-14T14:10:40","modified_gmt":"2019-10-14T14:10:40","slug":"port-daniel","status":"publish","type":"page","link":"https:\/\/patrimoineduquebec.com\/GaresduQuebec\/port-daniel\/","title":{"rendered":"Port-Daniel-Gascons"},"content":{"rendered":"\n<div class=\"wp-block-image\"><figure class=\"aligncenter\"><a href=\"https:\/\/patrimoineduquebec.com\/GaresduQuebec\/wp-content\/uploads\/2019\/09\/port-daniel-G\u00e9rald-Arbour-N1.jpeg\"><img loading=\"lazy\" decoding=\"async\" width=\"1024\" height=\"768\" src=\"https:\/\/patrimoineduquebec.com\/GaresduQuebec\/wp-content\/uploads\/2019\/09\/port-daniel-G\u00e9rald-Arbour-N1-1024x768.jpeg\" alt=\"\" class=\"wp-image-577\" srcset=\"https:\/\/patrimoineduquebec.com\/GaresduQuebec\/wp-content\/uploads\/2019\/09\/port-daniel-G\u00e9rald-Arbour-N1-1024x768.jpeg 1024w, https:\/\/patrimoineduquebec.com\/GaresduQuebec\/wp-content\/uploads\/2019\/09\/port-daniel-G\u00e9rald-Arbour-N1-300x225.jpeg 300w, https:\/\/patrimoineduquebec.com\/GaresduQuebec\/wp-content\/uploads\/2019\/09\/port-daniel-G\u00e9rald-Arbour-N1-768x576.jpeg 768w\" sizes=\"auto, (max-width: 1024px) 100vw, 1024px\" \/><\/a><\/figure><\/div>\n\n\n\n<p>E<strong>mplacement<\/strong><br><\/p>\n\n\n\n<p>La gare de Port-Daniel est situ\u00e9e au 490 route 132.<br><\/p>\n\n\n\n<p><strong>Description<\/strong><br><\/p>\n\n\n\n<p>La gare du Canadien National\/VIA Rail de Port-Daniel est une gare de plain-pied en bois, construite en 1908. Elle domine le rivage de la p\u00e9ninsule de Gasp\u00e9, surplombant la baie de Port-Daniel. La gare est situ\u00e9e au coeur de la ville de Port-Daniel, et elle est long\u00e9e du c\u00f4t\u00e9 de la ville par la route principale menant \u00e0 Gasp\u00e9. La reconnaissance officielle se limite au b\u00e2timent de la gare \u00e0 proprement dit.<br><\/p>\n\n\n\n<p><strong>Valeur patrimoniale<\/strong><br><\/p>\n\n\n\n<p>La gare du Canadien National\/VIA Rail de Port-Daniel illustre l&rsquo;importance de la Atlantic, Quebec and Western Railway (AQWR) qui a rompu l&rsquo;isolation des communaut\u00e9s situ\u00e9es sur les c\u00f4tes de la p\u00e9ninsule de Gasp\u00e9. L&rsquo;arriv\u00e9e du chemin de fer et la construction de la gare ont provoqu\u00e9 des am\u00e9liorations imm\u00e9diates pour l&rsquo;\u00e9conomie et la vie quotidienne de la communaut\u00e9.<br><\/p>\n\n\n\n<p>La gare de Port-Daniel est un des trois exemples pr\u00e9serv\u00e9s des nombreuses gares construites par la AQWR le long de la p\u00e9ninsule de Gasp\u00e9. Sa conception et ses ornements sont typiques de l&rsquo;architecture des gares canadiennes au d\u00e9but du XXe si\u00e8cle. Ses dimensions relativement imposantes attestent de son r\u00f4le temporaire de terminus ferroviaire de la ligne de Gasp\u00e9, jusqu&rsquo;\u00e0 la construction du tunnel de Port-Daniel qui a permis l&rsquo;ach\u00e8vement de la ligne.<br><\/p>\n\n\n\n<p>La gare a conserv\u00e9 des liens avec les ouvrages adjacents, y compris les voies ferr\u00e9es, un quai de fer utilis\u00e9 par les employ\u00e9s du chemin de fer, des \u00e9difices qui servaient de logement aux employ\u00e9s, l&rsquo;h\u00f4tel local o\u00f9 s\u00e9journaient les cheminots et les passagers, un pont-rail en fer, et le tunnel de Port-Daniel. La ville se sert maintenant de la gare comme h\u00f4tel de Ville.<br><\/p>\n\n\n\n<p>Source : \u00c9nonc\u00e9 de valeur patrimoniale, Gare du Canadien National, Municipalit\u00e9 de Port-Daniel, Qu\u00e9bec, septembre 1995: Christiane Lefebvre, architecte, Rapport 247 de gare ferroviaire, Gare du Canadien National\/VIA Rail Municipalit\u00e9 de Port-Daniel, Qu\u00e9bec.<br><\/p>\n\n\n\n<p><strong>\u00c9l\u00e9ments caract\u00e9ristiques<\/strong><br><\/p>\n\n\n\n<p>Parmi les \u00e9l\u00e9ments caract\u00e9ristiques de la Gare du Canadien National\/VIA Rail de Port-Daniel, notons :<br>&#8211; sa forme et sa masse, compos\u00e9es d&rsquo;un bloc rectangulaire de plain-pied avec des fen\u00eatres en saillie arrondie sur trois c\u00f4t\u00e9s, recouvert d&rsquo;un large toit en coupe \u00e0 pente moyenne avec un large avant-toit en surplomb<br>&#8211; ses caract\u00e9ristiques typiques des gares du d\u00e9but du XXe si\u00e8cle, y compris son toit en croupe, son plan rectangulaire, son large avant-toit en surplomb formant un auvent en plate-forme tout autour de l&rsquo;\u00e9difice, ses consoles de bois soutenant l&rsquo;auvent et la fen\u00eatre en saillie arrondie du poste de l&rsquo;op\u00e9rateur, c\u00f4t\u00e9 voie<br>&#8211; la disposition irr\u00e9guli\u00e8re des fen\u00eatres et des portes, correspondant aux fonctions int\u00e9rieures de la gare<br>&#8211; sa fenestration, caract\u00e9ris\u00e9e par de grandes fen\u00eatres \u00e0 guillotine \u00e0 vitre multiples, et une fen\u00eatre en saillie arrondie sur chacune des trois faces, donnant sur le bureau du chef de gare, la salle d&rsquo;attente (ancienne entr\u00e9e) et les toilettes<br>&#8211; les fen\u00eatres de bois \u00e0 guillotine d&rsquo;origine pr\u00e9serv\u00e9es aux vitres multiples (neuf panneaux de large par neuf de haut, et six panneaux de large par six de haut)<br>&#8211; son ossature en bois<br>&#8211; sa d\u00e9coration ext\u00e9rieure en bois, et notamment les planches horizontales et les boiseries \u00e0 la base des murs, autour des fen\u00eatres et des portes et dans les angles<br>&#8211; les vestiges du plan int\u00e9rieur d&rsquo;origine, y compris la salle d&rsquo;attente, le bureau du chef de gare (et sa fen\u00eatre en saillie arrondie c\u00f4t\u00e9 voie)<br>&#8211; le plancher sur\u00e9lev\u00e9 de l&rsquo;ancienne salle d&rsquo;entreposage, facilitant le chargement des marchandises<br>&#8211; la finition et les ornements int\u00e9rieurs d&rsquo;origine pr\u00e9serv\u00e9s, y compris les planchers et plafonds de bois, et les bancs de bois entourant la salle d&rsquo;attente.<\/p>\n\n\n\n<p class=\"has-text-color has-vivid-cyan-blue-color\">Source :<a href=\"https:\/\/www.historicplaces.ca\/fr\/rep-reg\/place-lieu.aspx?id=4616&amp;pid=24805&amp;h=Gare,Port,Daniel\"> Lieux pat<\/a><a rel=\"noreferrer noopener\" aria-label=\"rimoniaux du Canada (s\u2019ouvre dans un nouvel onglet)\" href=\"https:\/\/www.historicplaces.ca\/fr\/rep-reg\/place-lieu.aspx?id=4616&amp;pid=24805&amp;h=Gare,Port,Daniel\" target=\"_blank\">rimoniaux du Canada<\/a><\/p>\n\n\n\n<p>Photos : G\u00e9rald Arbour<\/p>\n\n\n\n<ul class=\"wp-block-gallery columns-3 is-cropped wp-block-gallery-1 is-layout-flex wp-block-gallery-is-layout-flex\"><li class=\"blocks-gallery-item\"><figure><a href=\"https:\/\/patrimoineduquebec.com\/GaresduQuebec\/wp-content\/uploads\/2019\/09\/gare-port-daniel-gascons-port-daniel-G\u00e9rald-Arbour-N3-1024x768.jpeg\"><img loading=\"lazy\" decoding=\"async\" width=\"1024\" height=\"768\" src=\"https:\/\/patrimoineduquebec.com\/GaresduQuebec\/wp-content\/uploads\/2019\/09\/gare-port-daniel-gascons-port-daniel-G\u00e9rald-Arbour-N3-1024x768.jpeg\" alt=\"\" data-id=\"578\" data-link=\"https:\/\/patrimoineduquebec.com\/GaresduQuebec\/port-daniel\/gare-port-daniel-gascons-port-daniel-gerald-arbour-n3\/\" class=\"wp-image-578\" srcset=\"https:\/\/patrimoineduquebec.com\/GaresduQuebec\/wp-content\/uploads\/2019\/09\/gare-port-daniel-gascons-port-daniel-G\u00e9rald-Arbour-N3-1024x768.jpeg 1024w, https:\/\/patrimoineduquebec.com\/GaresduQuebec\/wp-content\/uploads\/2019\/09\/gare-port-daniel-gascons-port-daniel-G\u00e9rald-Arbour-N3-300x225.jpeg 300w, https:\/\/patrimoineduquebec.com\/GaresduQuebec\/wp-content\/uploads\/2019\/09\/gare-port-daniel-gascons-port-daniel-G\u00e9rald-Arbour-N3-768x576.jpeg 768w\" sizes=\"auto, (max-width: 1024px) 100vw, 1024px\" \/><\/a><\/figure><\/li><li class=\"blocks-gallery-item\"><figure><a href=\"https:\/\/patrimoineduquebec.com\/GaresduQuebec\/wp-content\/uploads\/2019\/09\/port-daniel-G\u00e9rald-Arbour-N2-1024x768.jpeg\"><img loading=\"lazy\" decoding=\"async\" width=\"1024\" height=\"768\" src=\"https:\/\/patrimoineduquebec.com\/GaresduQuebec\/wp-content\/uploads\/2019\/09\/port-daniel-G\u00e9rald-Arbour-N2-1024x768.jpeg\" alt=\"\" data-id=\"579\" data-link=\"https:\/\/patrimoineduquebec.com\/GaresduQuebec\/port-daniel\/port-daniel-gerald-arbour-n2\/\" class=\"wp-image-579\" srcset=\"https:\/\/patrimoineduquebec.com\/GaresduQuebec\/wp-content\/uploads\/2019\/09\/port-daniel-G\u00e9rald-Arbour-N2-1024x768.jpeg 1024w, https:\/\/patrimoineduquebec.com\/GaresduQuebec\/wp-content\/uploads\/2019\/09\/port-daniel-G\u00e9rald-Arbour-N2-300x225.jpeg 300w, https:\/\/patrimoineduquebec.com\/GaresduQuebec\/wp-content\/uploads\/2019\/09\/port-daniel-G\u00e9rald-Arbour-N2-768x576.jpeg 768w\" sizes=\"auto, (max-width: 1024px) 100vw, 1024px\" \/><\/a><\/figure><\/li><li class=\"blocks-gallery-item\"><figure><a href=\"https:\/\/patrimoineduquebec.com\/GaresduQuebec\/wp-content\/uploads\/2019\/09\/port-daniel-G\u00e9rald-Arbour-N1-1024x768.jpeg\"><img loading=\"lazy\" decoding=\"async\" width=\"1024\" height=\"768\" src=\"https:\/\/patrimoineduquebec.com\/GaresduQuebec\/wp-content\/uploads\/2019\/09\/port-daniel-G\u00e9rald-Arbour-N1-1024x768.jpeg\" alt=\"\" data-id=\"577\" data-link=\"https:\/\/patrimoineduquebec.com\/GaresduQuebec\/port-daniel\/port-daniel-gerald-arbour-n1\/\" class=\"wp-image-577\" srcset=\"https:\/\/patrimoineduquebec.com\/GaresduQuebec\/wp-content\/uploads\/2019\/09\/port-daniel-G\u00e9rald-Arbour-N1-1024x768.jpeg 1024w, https:\/\/patrimoineduquebec.com\/GaresduQuebec\/wp-content\/uploads\/2019\/09\/port-daniel-G\u00e9rald-Arbour-N1-300x225.jpeg 300w, https:\/\/patrimoineduquebec.com\/GaresduQuebec\/wp-content\/uploads\/2019\/09\/port-daniel-G\u00e9rald-Arbour-N1-768x576.jpeg 768w\" sizes=\"auto, (max-width: 1024px) 100vw, 1024px\" \/><\/a><\/figure><\/li><li class=\"blocks-gallery-item\"><figure><a href=\"https:\/\/patrimoineduquebec.com\/GaresduQuebec\/wp-content\/uploads\/2019\/10\/D-port-daniel-1024x687.jpeg\"><img loading=\"lazy\" decoding=\"async\" width=\"1024\" height=\"687\" src=\"https:\/\/patrimoineduquebec.com\/GaresduQuebec\/wp-content\/uploads\/2019\/10\/D-port-daniel-1024x687.jpeg\" alt=\"\" data-id=\"1739\" data-link=\"https:\/\/patrimoineduquebec.com\/GaresduQuebec\/port-daniel\/d-port-daniel\/\" class=\"wp-image-1739\" srcset=\"https:\/\/patrimoineduquebec.com\/GaresduQuebec\/wp-content\/uploads\/2019\/10\/D-port-daniel-1024x687.jpeg 1024w, https:\/\/patrimoineduquebec.com\/GaresduQuebec\/wp-content\/uploads\/2019\/10\/D-port-daniel-300x201.jpeg 300w, https:\/\/patrimoineduquebec.com\/GaresduQuebec\/wp-content\/uploads\/2019\/10\/D-port-daniel-768x515.jpeg 768w, https:\/\/patrimoineduquebec.com\/GaresduQuebec\/wp-content\/uploads\/2019\/10\/D-port-daniel.jpeg 1155w\" sizes=\"auto, (max-width: 1024px) 100vw, 1024px\" \/><\/a><figcaption>BAnQ (03Q,E6,S7,SS1,P23167)<\/figcaption><\/figure><\/li><\/ul>\n","protected":false},"excerpt":{"rendered":"<p>Emplacement La gare de Port-Daniel est situ\u00e9e au 490 route 132. Description La gare du Canadien National\/VIA Rail de Port-Daniel est une gare de plain-pied en bois, construite en 1908. Elle domine le rivage de la p\u00e9ninsule de Gasp\u00e9, surplombant la baie de Port-Daniel. La gare est situ\u00e9e au coeur de la ville de Port-Daniel, [&hellip;]<\/p>\n","protected":false},"author":1,"featured_media":0,"parent":0,"menu_order":0,"comment_status":"closed","ping_status":"closed","template":"","meta":{"footnotes":""},"class_list":["post-576","page","type-page","status-publish","hentry"],"_links":{"self":[{"href":"https:\/\/patrimoineduquebec.com\/GaresduQuebec\/wp-json\/wp\/v2\/pages\/576","targetHints":{"allow":["GET"]}}],"collection":[{"href":"https:\/\/patrimoineduquebec.com\/GaresduQuebec\/wp-json\/wp\/v2\/pages"}],"about":[{"href":"https:\/\/patrimoineduquebec.com\/GaresduQuebec\/wp-json\/wp\/v2\/types\/page"}],"author":[{"embeddable":true,"href":"https:\/\/patrimoineduquebec.com\/GaresduQuebec\/wp-json\/wp\/v2\/users\/1"}],"replies":[{"embeddable":true,"href":"https:\/\/patrimoineduquebec.com\/GaresduQuebec\/wp-json\/wp\/v2\/comments?post=576"}],"version-history":[{"count":6,"href":"https:\/\/patrimoineduquebec.com\/GaresduQuebec\/wp-json\/wp\/v2\/pages\/576\/revisions"}],"predecessor-version":[{"id":1741,"href":"https:\/\/patrimoineduquebec.com\/GaresduQuebec\/wp-json\/wp\/v2\/pages\/576\/revisions\/1741"}],"wp:attachment":[{"href":"https:\/\/patrimoineduquebec.com\/GaresduQuebec\/wp-json\/wp\/v2\/media?parent=576"}],"curies":[{"name":"wp","href":"https:\/\/api.w.org\/{rel}","templated":true}]}}