{"id":566,"date":"2019-09-27T14:26:57","date_gmt":"2019-09-27T14:26:57","guid":{"rendered":"https:\/\/patrimoineduquebec.com\/GaresduQuebec\/?page_id=566"},"modified":"2019-10-26T11:55:30","modified_gmt":"2019-10-26T11:55:30","slug":"new-richmond","status":"publish","type":"page","link":"https:\/\/patrimoineduquebec.com\/GaresduQuebec\/new-richmond\/","title":{"rendered":"New Richmond"},"content":{"rendered":"\n<div class=\"wp-block-image\"><figure class=\"aligncenter\"><a href=\"https:\/\/patrimoineduquebec.com\/GaresduQuebec\/?attachment_id=567\"><img loading=\"lazy\" decoding=\"async\" width=\"1024\" height=\"768\" src=\"https:\/\/patrimoineduquebec.com\/GaresduQuebec\/wp-content\/uploads\/2019\/09\/new-richmond-G\u00e9rald-Arbour-N2-2-1024x768.jpeg\" alt=\"\" class=\"wp-image-567\" srcset=\"https:\/\/patrimoineduquebec.com\/GaresduQuebec\/wp-content\/uploads\/2019\/09\/new-richmond-G\u00e9rald-Arbour-N2-2-1024x768.jpeg 1024w, https:\/\/patrimoineduquebec.com\/GaresduQuebec\/wp-content\/uploads\/2019\/09\/new-richmond-G\u00e9rald-Arbour-N2-2-300x225.jpeg 300w, https:\/\/patrimoineduquebec.com\/GaresduQuebec\/wp-content\/uploads\/2019\/09\/new-richmond-G\u00e9rald-Arbour-N2-2-768x576.jpeg 768w\" sizes=\"auto, (max-width: 1024px) 100vw, 1024px\" \/><\/a><\/figure><\/div>\n\n\n\n<p class=\"has-text-color has-very-dark-gray-color\">La\u00a0\u00a0gare<strong> <\/strong>de New Richmond \u00e9tait desservie par\u00a0<a href=\"https:\/\/fr.wikipedia.org\/wiki\/Via_Rail_Canada\">Via Rail Canada<\/a>. La gare est ferm\u00e9e et n&rsquo;offre plus de service. La gare actuelle est une gare d\u00e9m\u00e9nag\u00e9e. Elle vient de Pasp\u00e9biac.<\/p>\n\n\n\n<p>Les photos d&rsquo;archives de la galerie montrent la gare d&rsquo;origine qui fut incendi\u00e9e.<\/p>\n\n\n\n<p>Photos : G\u00e9rald Arbour<\/p>\n\n\n\n<ul class=\"wp-block-gallery columns-3 is-cropped wp-block-gallery-1 is-layout-flex wp-block-gallery-is-layout-flex\"><li class=\"blocks-gallery-item\"><figure><a href=\"https:\/\/patrimoineduquebec.com\/GaresduQuebec\/wp-content\/uploads\/2019\/09\/new-richmond-G\u00e9rald-Arbour-N1-1024x768.jpeg\"><img loading=\"lazy\" decoding=\"async\" width=\"1024\" height=\"768\" src=\"https:\/\/patrimoineduquebec.com\/GaresduQuebec\/wp-content\/uploads\/2019\/09\/new-richmond-G\u00e9rald-Arbour-N1-1024x768.jpeg\" alt=\"\" data-id=\"568\" data-link=\"https:\/\/patrimoineduquebec.com\/GaresduQuebec\/new-richmond\/new-richmond-gerald-arbour-n1\/\" class=\"wp-image-568\" srcset=\"https:\/\/patrimoineduquebec.com\/GaresduQuebec\/wp-content\/uploads\/2019\/09\/new-richmond-G\u00e9rald-Arbour-N1-1024x768.jpeg 1024w, https:\/\/patrimoineduquebec.com\/GaresduQuebec\/wp-content\/uploads\/2019\/09\/new-richmond-G\u00e9rald-Arbour-N1-300x225.jpeg 300w, https:\/\/patrimoineduquebec.com\/GaresduQuebec\/wp-content\/uploads\/2019\/09\/new-richmond-G\u00e9rald-Arbour-N1-768x576.jpeg 768w\" sizes=\"auto, (max-width: 1024px) 100vw, 1024px\" \/><\/a><\/figure><\/li><li class=\"blocks-gallery-item\"><figure><a href=\"https:\/\/patrimoineduquebec.com\/GaresduQuebec\/wp-content\/uploads\/2019\/09\/new-richmond-G\u00e9rald-Arbour-N3-1024x768.jpeg\"><img loading=\"lazy\" decoding=\"async\" width=\"1024\" height=\"768\" src=\"https:\/\/patrimoineduquebec.com\/GaresduQuebec\/wp-content\/uploads\/2019\/09\/new-richmond-G\u00e9rald-Arbour-N3-1024x768.jpeg\" alt=\"\" data-id=\"569\" data-link=\"https:\/\/patrimoineduquebec.com\/GaresduQuebec\/new-richmond\/new-richmond-gerald-arbour-n3\/\" class=\"wp-image-569\" srcset=\"https:\/\/patrimoineduquebec.com\/GaresduQuebec\/wp-content\/uploads\/2019\/09\/new-richmond-G\u00e9rald-Arbour-N3-1024x768.jpeg 1024w, https:\/\/patrimoineduquebec.com\/GaresduQuebec\/wp-content\/uploads\/2019\/09\/new-richmond-G\u00e9rald-Arbour-N3-300x225.jpeg 300w, https:\/\/patrimoineduquebec.com\/GaresduQuebec\/wp-content\/uploads\/2019\/09\/new-richmond-G\u00e9rald-Arbour-N3-768x576.jpeg 768w\" sizes=\"auto, (max-width: 1024px) 100vw, 1024px\" \/><\/a><\/figure><\/li><li class=\"blocks-gallery-item\"><figure><a href=\"https:\/\/patrimoineduquebec.com\/GaresduQuebec\/wp-content\/uploads\/2019\/09\/new-richmond-G\u00e9rald-Arbour-N4-1024x768.jpeg\"><img loading=\"lazy\" decoding=\"async\" width=\"1024\" height=\"768\" src=\"https:\/\/patrimoineduquebec.com\/GaresduQuebec\/wp-content\/uploads\/2019\/09\/new-richmond-G\u00e9rald-Arbour-N4-1024x768.jpeg\" alt=\"\" data-id=\"570\" data-link=\"https:\/\/patrimoineduquebec.com\/GaresduQuebec\/new-richmond\/new-richmond-gerald-arbour-n4\/\" class=\"wp-image-570\" srcset=\"https:\/\/patrimoineduquebec.com\/GaresduQuebec\/wp-content\/uploads\/2019\/09\/new-richmond-G\u00e9rald-Arbour-N4-1024x768.jpeg 1024w, https:\/\/patrimoineduquebec.com\/GaresduQuebec\/wp-content\/uploads\/2019\/09\/new-richmond-G\u00e9rald-Arbour-N4-300x225.jpeg 300w, https:\/\/patrimoineduquebec.com\/GaresduQuebec\/wp-content\/uploads\/2019\/09\/new-richmond-G\u00e9rald-Arbour-N4-768x576.jpeg 768w\" sizes=\"auto, (max-width: 1024px) 100vw, 1024px\" \/><\/a><\/figure><\/li><li class=\"blocks-gallery-item\"><figure><a href=\"https:\/\/patrimoineduquebec.com\/GaresduQuebec\/wp-content\/uploads\/2019\/09\/new-richmond-G\u00e9rald-Arbour-N5-1024x768.jpeg\"><img loading=\"lazy\" decoding=\"async\" width=\"1024\" height=\"768\" src=\"https:\/\/patrimoineduquebec.com\/GaresduQuebec\/wp-content\/uploads\/2019\/09\/new-richmond-G\u00e9rald-Arbour-N5-1024x768.jpeg\" alt=\"\" data-id=\"571\" data-link=\"https:\/\/patrimoineduquebec.com\/GaresduQuebec\/new-richmond\/new-richmond-gerald-arbour-n5\/\" class=\"wp-image-571\" srcset=\"https:\/\/patrimoineduquebec.com\/GaresduQuebec\/wp-content\/uploads\/2019\/09\/new-richmond-G\u00e9rald-Arbour-N5-1024x768.jpeg 1024w, https:\/\/patrimoineduquebec.com\/GaresduQuebec\/wp-content\/uploads\/2019\/09\/new-richmond-G\u00e9rald-Arbour-N5-300x225.jpeg 300w, https:\/\/patrimoineduquebec.com\/GaresduQuebec\/wp-content\/uploads\/2019\/09\/new-richmond-G\u00e9rald-Arbour-N5-768x576.jpeg 768w\" sizes=\"auto, (max-width: 1024px) 100vw, 1024px\" \/><\/a><\/figure><\/li><li class=\"blocks-gallery-item\"><figure><a href=\"https:\/\/patrimoineduquebec.com\/GaresduQuebec\/wp-content\/uploads\/2019\/09\/new-richmond-G\u00e9rald-Arbour-N6-1024x768.jpeg\"><img loading=\"lazy\" decoding=\"async\" width=\"1024\" height=\"768\" src=\"https:\/\/patrimoineduquebec.com\/GaresduQuebec\/wp-content\/uploads\/2019\/09\/new-richmond-G\u00e9rald-Arbour-N6-1024x768.jpeg\" alt=\"\" data-id=\"572\" data-link=\"https:\/\/patrimoineduquebec.com\/GaresduQuebec\/new-richmond\/new-richmond-gerald-arbour-n6\/\" class=\"wp-image-572\" srcset=\"https:\/\/patrimoineduquebec.com\/GaresduQuebec\/wp-content\/uploads\/2019\/09\/new-richmond-G\u00e9rald-Arbour-N6-1024x768.jpeg 1024w, https:\/\/patrimoineduquebec.com\/GaresduQuebec\/wp-content\/uploads\/2019\/09\/new-richmond-G\u00e9rald-Arbour-N6-300x225.jpeg 300w, https:\/\/patrimoineduquebec.com\/GaresduQuebec\/wp-content\/uploads\/2019\/09\/new-richmond-G\u00e9rald-Arbour-N6-768x576.jpeg 768w\" sizes=\"auto, (max-width: 1024px) 100vw, 1024px\" \/><\/a><\/figure><\/li><li class=\"blocks-gallery-item\"><figure><a href=\"https:\/\/patrimoineduquebec.com\/GaresduQuebec\/wp-content\/uploads\/2019\/09\/new-richmond-G\u00e9rald-Arbour-N2-2-1024x768.jpeg\"><img loading=\"lazy\" decoding=\"async\" width=\"1024\" height=\"768\" src=\"https:\/\/patrimoineduquebec.com\/GaresduQuebec\/wp-content\/uploads\/2019\/09\/new-richmond-G\u00e9rald-Arbour-N2-2-1024x768.jpeg\" alt=\"\" data-id=\"567\" data-link=\"https:\/\/patrimoineduquebec.com\/GaresduQuebec\/new-richmond\/new-richmond-gerald-arbour-n2-2\/\" class=\"wp-image-567\" srcset=\"https:\/\/patrimoineduquebec.com\/GaresduQuebec\/wp-content\/uploads\/2019\/09\/new-richmond-G\u00e9rald-Arbour-N2-2-1024x768.jpeg 1024w, https:\/\/patrimoineduquebec.com\/GaresduQuebec\/wp-content\/uploads\/2019\/09\/new-richmond-G\u00e9rald-Arbour-N2-2-300x225.jpeg 300w, https:\/\/patrimoineduquebec.com\/GaresduQuebec\/wp-content\/uploads\/2019\/09\/new-richmond-G\u00e9rald-Arbour-N2-2-768x576.jpeg 768w\" sizes=\"auto, (max-width: 1024px) 100vw, 1024px\" \/><\/a><\/figure><\/li><li class=\"blocks-gallery-item\"><figure><a href=\"https:\/\/patrimoineduquebec.com\/GaresduQuebec\/wp-content\/uploads\/2019\/10\/Gare-15-juin-1972-\u00e0-la-fermeture-Delphis-Fournier-1024x788.jpg\"><img loading=\"lazy\" decoding=\"async\" width=\"1024\" height=\"788\" src=\"https:\/\/patrimoineduquebec.com\/GaresduQuebec\/wp-content\/uploads\/2019\/10\/Gare-15-juin-1972-\u00e0-la-fermeture-Delphis-Fournier-1024x788.jpg\" alt=\"\" data-id=\"1391\" data-link=\"https:\/\/patrimoineduquebec.com\/GaresduQuebec\/new-richmond\/gare-15-juin-1972-a-la-fermeture-delphis-fournier\/\" class=\"wp-image-1391\" srcset=\"https:\/\/patrimoineduquebec.com\/GaresduQuebec\/wp-content\/uploads\/2019\/10\/Gare-15-juin-1972-\u00e0-la-fermeture-Delphis-Fournier-1024x788.jpg 1024w, https:\/\/patrimoineduquebec.com\/GaresduQuebec\/wp-content\/uploads\/2019\/10\/Gare-15-juin-1972-\u00e0-la-fermeture-Delphis-Fournier-300x231.jpg 300w, https:\/\/patrimoineduquebec.com\/GaresduQuebec\/wp-content\/uploads\/2019\/10\/Gare-15-juin-1972-\u00e0-la-fermeture-Delphis-Fournier-768x591.jpg 768w\" sizes=\"auto, (max-width: 1024px) 100vw, 1024px\" \/><\/a><figcaption>Collection : Ville de New Richmond<\/figcaption><\/figure><\/li><li class=\"blocks-gallery-item\"><figure><a href=\"https:\/\/patrimoineduquebec.com\/GaresduQuebec\/wp-content\/uploads\/2019\/10\/Gare-NR-Station-2-1024x593.jpg\"><img loading=\"lazy\" decoding=\"async\" width=\"1024\" height=\"593\" src=\"https:\/\/patrimoineduquebec.com\/GaresduQuebec\/wp-content\/uploads\/2019\/10\/Gare-NR-Station-2-1024x593.jpg\" alt=\"\" data-id=\"1392\" data-link=\"https:\/\/patrimoineduquebec.com\/GaresduQuebec\/new-richmond\/gare-nr-station-2\/\" class=\"wp-image-1392\" srcset=\"https:\/\/patrimoineduquebec.com\/GaresduQuebec\/wp-content\/uploads\/2019\/10\/Gare-NR-Station-2-1024x593.jpg 1024w, https:\/\/patrimoineduquebec.com\/GaresduQuebec\/wp-content\/uploads\/2019\/10\/Gare-NR-Station-2-300x174.jpg 300w, https:\/\/patrimoineduquebec.com\/GaresduQuebec\/wp-content\/uploads\/2019\/10\/Gare-NR-Station-2-768x445.jpg 768w, https:\/\/patrimoineduquebec.com\/GaresduQuebec\/wp-content\/uploads\/2019\/10\/Gare-NR-Station-2.jpg 1991w\" sizes=\"auto, (max-width: 1024px) 100vw, 1024px\" \/><\/a><figcaption>Collection : Ville de New Richmond<\/figcaption><\/figure><\/li><li class=\"blocks-gallery-item\"><figure><a href=\"https:\/\/patrimoineduquebec.com\/GaresduQuebec\/wp-content\/uploads\/2019\/10\/Gare-NR-Station-1-1024x568.jpg\"><img loading=\"lazy\" decoding=\"async\" width=\"1024\" height=\"568\" src=\"https:\/\/patrimoineduquebec.com\/GaresduQuebec\/wp-content\/uploads\/2019\/10\/Gare-NR-Station-1-1024x568.jpg\" alt=\"\" data-id=\"1393\" data-link=\"https:\/\/patrimoineduquebec.com\/GaresduQuebec\/new-richmond\/gare-nr-station-1\/\" class=\"wp-image-1393\" srcset=\"https:\/\/patrimoineduquebec.com\/GaresduQuebec\/wp-content\/uploads\/2019\/10\/Gare-NR-Station-1-1024x568.jpg 1024w, https:\/\/patrimoineduquebec.com\/GaresduQuebec\/wp-content\/uploads\/2019\/10\/Gare-NR-Station-1-300x166.jpg 300w, https:\/\/patrimoineduquebec.com\/GaresduQuebec\/wp-content\/uploads\/2019\/10\/Gare-NR-Station-1-768x426.jpg 768w\" sizes=\"auto, (max-width: 1024px) 100vw, 1024px\" \/><\/a><figcaption>Collection : Ville de New Richmond<\/figcaption><\/figure><\/li><\/ul>\n","protected":false},"excerpt":{"rendered":"<p>La\u00a0\u00a0gare de New Richmond \u00e9tait desservie par\u00a0Via Rail Canada. La gare est ferm\u00e9e et n&rsquo;offre plus de service. La gare actuelle est une gare d\u00e9m\u00e9nag\u00e9e. Elle vient de Pasp\u00e9biac. Les photos d&rsquo;archives de la galerie montrent la gare d&rsquo;origine qui fut incendi\u00e9e. Photos : G\u00e9rald Arbour<\/p>\n","protected":false},"author":1,"featured_media":0,"parent":0,"menu_order":0,"comment_status":"closed","ping_status":"closed","template":"","meta":{"footnotes":""},"class_list":["post-566","page","type-page","status-publish","hentry"],"_links":{"self":[{"href":"https:\/\/patrimoineduquebec.com\/GaresduQuebec\/wp-json\/wp\/v2\/pages\/566","targetHints":{"allow":["GET"]}}],"collection":[{"href":"https:\/\/patrimoineduquebec.com\/GaresduQuebec\/wp-json\/wp\/v2\/pages"}],"about":[{"href":"https:\/\/patrimoineduquebec.com\/GaresduQuebec\/wp-json\/wp\/v2\/types\/page"}],"author":[{"embeddable":true,"href":"https:\/\/patrimoineduquebec.com\/GaresduQuebec\/wp-json\/wp\/v2\/users\/1"}],"replies":[{"embeddable":true,"href":"https:\/\/patrimoineduquebec.com\/GaresduQuebec\/wp-json\/wp\/v2\/comments?post=566"}],"version-history":[{"count":5,"href":"https:\/\/patrimoineduquebec.com\/GaresduQuebec\/wp-json\/wp\/v2\/pages\/566\/revisions"}],"predecessor-version":[{"id":1899,"href":"https:\/\/patrimoineduquebec.com\/GaresduQuebec\/wp-json\/wp\/v2\/pages\/566\/revisions\/1899"}],"wp:attachment":[{"href":"https:\/\/patrimoineduquebec.com\/GaresduQuebec\/wp-json\/wp\/v2\/media?parent=566"}],"curies":[{"name":"wp","href":"https:\/\/api.w.org\/{rel}","templated":true}]}}