{"id":556,"date":"2019-09-27T13:55:41","date_gmt":"2019-09-27T13:55:41","guid":{"rendered":"https:\/\/patrimoineduquebec.com\/GaresduQuebec\/?page_id=556"},"modified":"2019-11-05T11:06:36","modified_gmt":"2019-11-05T11:06:36","slug":"new-carlisle","status":"publish","type":"page","link":"https:\/\/patrimoineduquebec.com\/GaresduQuebec\/new-carlisle\/","title":{"rendered":"New Carlisle"},"content":{"rendered":"\n<div class=\"wp-block-image\"><figure class=\"aligncenter\"><a href=\"https:\/\/patrimoineduquebec.com\/GaresduQuebec\/wp-content\/uploads\/2019\/09\/new-carlisle-G\u00e9rald-Arbour-N4.jpeg\"><img loading=\"lazy\" decoding=\"async\" width=\"1024\" height=\"768\" src=\"https:\/\/patrimoineduquebec.com\/GaresduQuebec\/wp-content\/uploads\/2019\/09\/new-carlisle-G\u00e9rald-Arbour-N4-1024x768.jpeg\" alt=\"\" class=\"wp-image-559\" srcset=\"https:\/\/patrimoineduquebec.com\/GaresduQuebec\/wp-content\/uploads\/2019\/09\/new-carlisle-G\u00e9rald-Arbour-N4-1024x768.jpeg 1024w, https:\/\/patrimoineduquebec.com\/GaresduQuebec\/wp-content\/uploads\/2019\/09\/new-carlisle-G\u00e9rald-Arbour-N4-300x225.jpeg 300w, https:\/\/patrimoineduquebec.com\/GaresduQuebec\/wp-content\/uploads\/2019\/09\/new-carlisle-G\u00e9rald-Arbour-N4-768x576.jpeg 768w\" sizes=\"auto, (max-width: 1024px) 100vw, 1024px\" \/><\/a><\/figure><\/div>\n\n\n\n<h4 class=\"wp-block-heading\"><strong>DESCRIPTION DU LIEU PATRIMONIAL<\/strong><\/h4>\n\n\n\n<p>La gare de VIA Rail\/Canadien National de New Carlisle est une gare en bois \u00e0 deux \u00e9tages, construite en 1947. Elle est situ\u00e9e pr\u00e8s du rivage, \u00e0 l&rsquo;extr\u00e9mit\u00e9 sud du village de New Carlisle, sur la c\u00f4te nord de la Baie des chaleurs. La reconnaissance officielle se limite au b\u00e2timent de la gare.<\/p>\n\n\n\n<h4 class=\"wp-block-heading\">V<strong>ALEUR PATRIMONIALE<\/strong><\/h4>\n\n\n\n<p>La gare de VIA Rail\/Canadien National (CN) de New Carlisle est repr\u00e9sentative d&rsquo;une p\u00e9riode o\u00f9 le CN rationalisait ses services dans la r\u00e9gion de Gasp\u00e9, suite \u00e0 l&rsquo;acquisition du r\u00e9seau ferroviaire existant. Construite en remplacement d&rsquo;une ancienne gare d\u00e9truite par un incendie, la nouvelle gare exprimait l&rsquo;importance persistante de New Carlisle \u00e0 titre de centre ferroviaire r\u00e9gional, malgr\u00e9 le d\u00e9clin du trafic.<\/p>\n\n\n\n<p>La masse imposante \u00e0 deux \u00e9tages de la gare de New Carlisle est inhabituelle pour une gare de la r\u00e9gion de Gasp\u00e9. Apparemment, il s&rsquo;agit du seul exemple conserv\u00e9 de la conception \u00e9labor\u00e9e par le CN dans les ann\u00e9es 1920 pour les gares du Qu\u00e9bec, dans laquelle l&rsquo;\u00e9tage sup\u00e9rieur abrite les bureaux administratifs d&rsquo;une gare de localit\u00e9 de limite divisionnaire, en plus du logement du chef de gare.<\/p>\n\n\n\n<p>La gare a conserv\u00e9 son environnement rural, ainsi que ses liens avec les voies et avec une maison cantonni\u00e8re.<\/p>\n\n\n\n<p>Sources : \u00c9nonc\u00e9 de valeur patrimoniale, Gare ferroviaire du Canadien National, New Carlisle, Qu\u00e9bec, ao\u00fbt 1994; Yves Laframboise et Louise C\u00f4t\u00e9, Ethnotech inc., Rapport 209 de gare ferroviaire, Gare du Canadien National, New-Carlisle, Qu\u00e9bec.<\/p>\n\n\n\n<h4 class=\"wp-block-heading\"><strong>\u00c9L\u00c9MENTS CARACT\u00c9RISTIQUES<\/strong><\/h4>\n\n\n\n<p>Parmi les \u00e9l\u00e9ments caract\u00e9ristiques de la gare de VIA Rail\/Canadien National de New Carlisle, notons :<br>&#8211; sa forme et sa masse, compos\u00e9es d&rsquo;un bloc central \u00e0 deux \u00e9tages, avec des baies en saillie d&rsquo;un \u00e9tage c\u00f4t\u00e9 voie et c\u00f4t\u00e9 rue, recouvert d&rsquo;un toit en croupe \u00e0 pente douce, et encadr\u00e9 par des ailes de plain-pied recouvertes de toits en croupe \u00e0 pente moyenne s&rsquo;\u00e9tendant le long des c\u00f4t\u00e9s de l&rsquo;\u00e9difice pour former un auvent en plate-forme;<br>&#8211; ses caract\u00e9ristiques typiques des gares du d\u00e9but du XXe si\u00e8cle, y compris ses toits en croupe, son plan rectangulaire, son large avant-toit en surplomb formant un auvent en plate-forme, ses consoles de bois soutenant l&rsquo;auvent et un poste d&rsquo;op\u00e9rateur en saillie;<br>&#8211; les petites consoles de bois de l&rsquo;auvent, et les sous-faces coffr\u00e9es de planches \u00e9troites;<br>&#8211; les fen\u00eatres et impostes de bois \u00e0 vitres multiples d&rsquo;origine pr\u00e9serv\u00e9es;<br>&#8211; les lambris, panneaux et autres boiseries int\u00e9rieurs d&rsquo;origine pr\u00e9serv\u00e9s.<\/p>\n\n\n\n<p class=\"has-text-color has-vivid-cyan-blue-color\">Sour<a href=\"https:\/\/www.historicplaces.ca\/fr\/rep-reg\/place-lieu.aspx?id=4619\" target=\"_blank\" rel=\"noreferrer noopener\" aria-label=\"ce : Lieux patrimoniaux du Canada (s\u2019ouvre dans un nouvel onglet)\">ce : Lieux patrimoniaux du Canada<\/a><\/p>\n\n\n\n<p>Photos : G\u00e9rald Arbour<\/p>\n\n\n\n<ul class=\"wp-block-gallery columns-3 is-cropped wp-block-gallery-1 is-layout-flex wp-block-gallery-is-layout-flex\"><li class=\"blocks-gallery-item\"><figure><a href=\"https:\/\/patrimoineduquebec.com\/GaresduQuebec\/wp-content\/uploads\/2019\/09\/new-carlisle-G\u00e9rald-Arbour-N5-1024x768.jpeg\"><img loading=\"lazy\" decoding=\"async\" width=\"1024\" height=\"768\" src=\"https:\/\/patrimoineduquebec.com\/GaresduQuebec\/wp-content\/uploads\/2019\/09\/new-carlisle-G\u00e9rald-Arbour-N5-1024x768.jpeg\" alt=\"\" data-id=\"561\" data-link=\"https:\/\/patrimoineduquebec.com\/GaresduQuebec\/new-carlisle\/new-carlisle-gerald-arbour-n5\/\" class=\"wp-image-561\" srcset=\"https:\/\/patrimoineduquebec.com\/GaresduQuebec\/wp-content\/uploads\/2019\/09\/new-carlisle-G\u00e9rald-Arbour-N5-1024x768.jpeg 1024w, https:\/\/patrimoineduquebec.com\/GaresduQuebec\/wp-content\/uploads\/2019\/09\/new-carlisle-G\u00e9rald-Arbour-N5-300x225.jpeg 300w, https:\/\/patrimoineduquebec.com\/GaresduQuebec\/wp-content\/uploads\/2019\/09\/new-carlisle-G\u00e9rald-Arbour-N5-768x576.jpeg 768w\" sizes=\"auto, (max-width: 1024px) 100vw, 1024px\" \/><\/a><\/figure><\/li><li class=\"blocks-gallery-item\"><figure><a href=\"https:\/\/patrimoineduquebec.com\/GaresduQuebec\/wp-content\/uploads\/2019\/09\/new-carlisle-G\u00e9rald-Arbour-N2-1024x768.jpeg\"><img loading=\"lazy\" decoding=\"async\" width=\"1024\" height=\"768\" src=\"https:\/\/patrimoineduquebec.com\/GaresduQuebec\/wp-content\/uploads\/2019\/09\/new-carlisle-G\u00e9rald-Arbour-N2-1024x768.jpeg\" alt=\"\" data-id=\"562\" data-link=\"https:\/\/patrimoineduquebec.com\/GaresduQuebec\/new-carlisle\/new-carlisle-gerald-arbour-n2\/\" class=\"wp-image-562\" srcset=\"https:\/\/patrimoineduquebec.com\/GaresduQuebec\/wp-content\/uploads\/2019\/09\/new-carlisle-G\u00e9rald-Arbour-N2-1024x768.jpeg 1024w, https:\/\/patrimoineduquebec.com\/GaresduQuebec\/wp-content\/uploads\/2019\/09\/new-carlisle-G\u00e9rald-Arbour-N2-300x225.jpeg 300w, https:\/\/patrimoineduquebec.com\/GaresduQuebec\/wp-content\/uploads\/2019\/09\/new-carlisle-G\u00e9rald-Arbour-N2-768x576.jpeg 768w\" sizes=\"auto, (max-width: 1024px) 100vw, 1024px\" \/><\/a><\/figure><\/li><li class=\"blocks-gallery-item\"><figure><a href=\"https:\/\/patrimoineduquebec.com\/GaresduQuebec\/wp-content\/uploads\/2019\/09\/new-carlisle-G\u00e9rald-Arbour-N1-1024x768.jpeg\"><img loading=\"lazy\" decoding=\"async\" width=\"1024\" height=\"768\" src=\"https:\/\/patrimoineduquebec.com\/GaresduQuebec\/wp-content\/uploads\/2019\/09\/new-carlisle-G\u00e9rald-Arbour-N1-1024x768.jpeg\" alt=\"\" data-id=\"563\" data-link=\"https:\/\/patrimoineduquebec.com\/GaresduQuebec\/new-carlisle\/new-carlisle-gerald-arbour-n1\/\" class=\"wp-image-563\" srcset=\"https:\/\/patrimoineduquebec.com\/GaresduQuebec\/wp-content\/uploads\/2019\/09\/new-carlisle-G\u00e9rald-Arbour-N1-1024x768.jpeg 1024w, https:\/\/patrimoineduquebec.com\/GaresduQuebec\/wp-content\/uploads\/2019\/09\/new-carlisle-G\u00e9rald-Arbour-N1-300x225.jpeg 300w, https:\/\/patrimoineduquebec.com\/GaresduQuebec\/wp-content\/uploads\/2019\/09\/new-carlisle-G\u00e9rald-Arbour-N1-768x576.jpeg 768w\" sizes=\"auto, (max-width: 1024px) 100vw, 1024px\" \/><\/a><\/figure><\/li><\/ul>\n","protected":false},"excerpt":{"rendered":"<p>DESCRIPTION DU LIEU PATRIMONIAL La gare de VIA Rail\/Canadien National de New Carlisle est une gare en bois \u00e0 deux \u00e9tages, construite en 1947. Elle est situ\u00e9e pr\u00e8s du rivage, \u00e0 l&rsquo;extr\u00e9mit\u00e9 sud du village de New Carlisle, sur la c\u00f4te nord de la Baie des chaleurs. La reconnaissance officielle se limite au b\u00e2timent de [&hellip;]<\/p>\n","protected":false},"author":1,"featured_media":0,"parent":0,"menu_order":0,"comment_status":"closed","ping_status":"closed","template":"","meta":{"footnotes":""},"class_list":["post-556","page","type-page","status-publish","hentry"],"_links":{"self":[{"href":"https:\/\/patrimoineduquebec.com\/GaresduQuebec\/wp-json\/wp\/v2\/pages\/556","targetHints":{"allow":["GET"]}}],"collection":[{"href":"https:\/\/patrimoineduquebec.com\/GaresduQuebec\/wp-json\/wp\/v2\/pages"}],"about":[{"href":"https:\/\/patrimoineduquebec.com\/GaresduQuebec\/wp-json\/wp\/v2\/types\/page"}],"author":[{"embeddable":true,"href":"https:\/\/patrimoineduquebec.com\/GaresduQuebec\/wp-json\/wp\/v2\/users\/1"}],"replies":[{"embeddable":true,"href":"https:\/\/patrimoineduquebec.com\/GaresduQuebec\/wp-json\/wp\/v2\/comments?post=556"}],"version-history":[{"count":5,"href":"https:\/\/patrimoineduquebec.com\/GaresduQuebec\/wp-json\/wp\/v2\/pages\/556\/revisions"}],"predecessor-version":[{"id":1901,"href":"https:\/\/patrimoineduquebec.com\/GaresduQuebec\/wp-json\/wp\/v2\/pages\/556\/revisions\/1901"}],"wp:attachment":[{"href":"https:\/\/patrimoineduquebec.com\/GaresduQuebec\/wp-json\/wp\/v2\/media?parent=556"}],"curies":[{"name":"wp","href":"https:\/\/api.w.org\/{rel}","templated":true}]}}