{"id":541,"date":"2019-09-27T13:31:42","date_gmt":"2019-09-27T13:31:42","guid":{"rendered":"https:\/\/patrimoineduquebec.com\/GaresduQuebec\/?page_id=541"},"modified":"2019-10-14T14:24:14","modified_gmt":"2019-10-14T14:24:14","slug":"matapedia","status":"publish","type":"page","link":"https:\/\/patrimoineduquebec.com\/GaresduQuebec\/matapedia\/","title":{"rendered":"Matap\u00e9dia"},"content":{"rendered":"\n<div class=\"wp-block-image\"><figure class=\"aligncenter\"><a href=\"https:\/\/patrimoineduquebec.com\/GaresduQuebec\/wp-content\/uploads\/2019\/09\/matap\u00e9dia-G\u00e9rald-Arbour-N9.jpeg\"><img loading=\"lazy\" decoding=\"async\" width=\"1024\" height=\"768\" src=\"https:\/\/patrimoineduquebec.com\/GaresduQuebec\/wp-content\/uploads\/2019\/09\/matap\u00e9dia-G\u00e9rald-Arbour-N9-1024x768.jpeg\" alt=\"\" class=\"wp-image-544\" srcset=\"https:\/\/patrimoineduquebec.com\/GaresduQuebec\/wp-content\/uploads\/2019\/09\/matap\u00e9dia-G\u00e9rald-Arbour-N9-1024x768.jpeg 1024w, https:\/\/patrimoineduquebec.com\/GaresduQuebec\/wp-content\/uploads\/2019\/09\/matap\u00e9dia-G\u00e9rald-Arbour-N9-300x225.jpeg 300w, https:\/\/patrimoineduquebec.com\/GaresduQuebec\/wp-content\/uploads\/2019\/09\/matap\u00e9dia-G\u00e9rald-Arbour-N9-768x576.jpeg 768w\" sizes=\"auto, (max-width: 1024px) 100vw, 1024px\" \/><\/a><\/figure><\/div>\n\n\n\n<p><strong>Description<\/strong><br><\/p>\n\n\n\n<p>La gare de VIA Rail\/Canadien National de Matap\u00e9dia est une gare en bois, de plain-pied, construite en 1903. Elle est situ\u00e9e dans un emplacement central, \u00e0 l&rsquo;extr\u00e9mit\u00e9 sud du village de Matap\u00e9dia, au confluent des rivi\u00e8res Matap\u00e9dia et Restigouche, dans la r\u00e9gion du Bas Saint-Laurent de la province de Qu\u00e9bec. La reconnaissance officielle se limite au b\u00e2timent de la gare. La gare est situ\u00e9e au 10 rue Macdonell.<br><\/p>\n\n\n\n<p><strong>Valeur patrimoniale<\/strong><br><\/p>\n\n\n\n<p>La gare de VIA Rail\/Canadien National de Matap\u00e9dia est repr\u00e9sentative de la p\u00e9riode de prosp\u00e9rit\u00e9 au tournant du si\u00e8cle et de l&rsquo;expansion du Chemin de fer Intercolonial (CFI). Situ\u00e9e au c\u0153ur du r\u00e9seau ferroviaire interprovincial et \u00e0 la porte de la r\u00e9gion de Gasp\u00e9, cette gare est un aspect majeur du d\u00e9veloppement local. En outre, elle est reli\u00e9e \u00e0 l&rsquo;arriv\u00e9e d&rsquo;un grand nombre de colons dans la r\u00e9gion, et de p\u00eacheurs amateurs visitant le fameux \u00abClub de saumon de Restigouche\u00bb.<br><br>La conception et les mat\u00e9riaux de la gare de VIA Rail\/Canadien National de Matap\u00e9dia sont caract\u00e9ristiques des gares standard du CFI dans les r\u00e9gions du Bas Saint-Laurent et de Gasp\u00e9. L&rsquo;annexe en longeur, ajout\u00e9e en 1950, n&rsquo;a pas compromis sa conception originale.<br><br>La gare conserve son emplacement pittoresque et ses liens visuels et fonctionnels avec les voies et le Club de saumon de Restigouche voisin.<br><\/p>\n\n\n\n<p><strong>\u00c9l\u00e9ments caract\u00e9ristiques<\/strong><br><\/p>\n\n\n\n<p>Parmi les \u00e9l\u00e9ments caract\u00e9ristiques de la gare de VIA Rail\/Canadien National de Matap\u00e9dia, notons : sa forme et sa masse, compos\u00e9es d&rsquo;un bloc rectangulaire de plain-pied avec un poste d&rsquo;op\u00e9rateur en saillie c\u00f4t\u00e9 voie, recouvert d&rsquo;un toit en croupe avec un large avant-toit en surplomb formant une plate-forme bordant toutes les faces de la gare; ses caract\u00e9ristiques typiques des gares du d\u00e9but du XXe si\u00e8cle, y compris un toit en croupe, un large avant-toit en surplomb, des consoles en bois soutenant l&rsquo;avant-toit, et un poste d&rsquo;op\u00e9rateur en saillie; la lucarne en croupe ornant le toit au-dessus du poste de l&rsquo;op\u00e9rateur; son parement de bois, compos\u00e9 de planches bouvet\u00e9es en haut et en bas des murs, de planches \u00e0 feuillures entre les fen\u00eatres, et de planches non travaill\u00e9es comme moulures de fen\u00eatres, dans les angles et entre les diverses d\u00e9corations murales; les consoles de bois soutenant l&rsquo;avant-toit, et les d\u00e9bords de chevron chantourn\u00e9s; les portes en bois aux impostes \u00e0 carreaux multiples; les grandes fen\u00eatres de bois \u00e0 guillotine \u00e0 neuf panneaux de haut sur neuf de large; les traces de l&rsquo;am\u00e9nagement spatial d&rsquo;origine, y compris la disposition des fen\u00eatres et des portes d&rsquo;acc\u00e8s; la finition int\u00e9rieure d&rsquo;origine pr\u00e9serv\u00e9e, notamment les planches bouvet\u00e9es sur les murs de la consigne.<\/p>\n\n\n\n<p class=\"has-text-color has-vivid-cyan-blue-color\"><strong>S<a href=\"https:\/\/www.pc.gc.ca\/apps\/dfhd\/page_hrs_fra.aspx?id=2200\">ource :&nbsp;<\/a><\/strong><a href=\"https:\/\/www.pc.gc.ca\/apps\/dfhd\/page_hrs_fra.aspx?id=2200\">Lieux patrimoniaux du Canada<\/a><\/p>\n\n\n\n<p>Photos : G\u00e9rald Arbour<\/p>\n\n\n\n<ul class=\"wp-block-gallery columns-3 is-cropped wp-block-gallery-1 is-layout-flex wp-block-gallery-is-layout-flex\"><li class=\"blocks-gallery-item\"><figure><a href=\"https:\/\/patrimoineduquebec.com\/GaresduQuebec\/wp-content\/uploads\/2019\/09\/matap\u00e9dia-G\u00e9rald-Arbour-N4-1024x768.jpeg\"><img loading=\"lazy\" decoding=\"async\" width=\"1024\" height=\"768\" src=\"https:\/\/patrimoineduquebec.com\/GaresduQuebec\/wp-content\/uploads\/2019\/09\/matap\u00e9dia-G\u00e9rald-Arbour-N4-1024x768.jpeg\" alt=\"\" data-id=\"545\" data-link=\"https:\/\/patrimoineduquebec.com\/GaresduQuebec\/matapedia\/matapedia-gerald-arbour-n4\/\" class=\"wp-image-545\" srcset=\"https:\/\/patrimoineduquebec.com\/GaresduQuebec\/wp-content\/uploads\/2019\/09\/matap\u00e9dia-G\u00e9rald-Arbour-N4-1024x768.jpeg 1024w, https:\/\/patrimoineduquebec.com\/GaresduQuebec\/wp-content\/uploads\/2019\/09\/matap\u00e9dia-G\u00e9rald-Arbour-N4-300x225.jpeg 300w, https:\/\/patrimoineduquebec.com\/GaresduQuebec\/wp-content\/uploads\/2019\/09\/matap\u00e9dia-G\u00e9rald-Arbour-N4-768x576.jpeg 768w\" sizes=\"auto, (max-width: 1024px) 100vw, 1024px\" \/><\/a><\/figure><\/li><li class=\"blocks-gallery-item\"><figure><a href=\"https:\/\/patrimoineduquebec.com\/GaresduQuebec\/wp-content\/uploads\/2019\/09\/matap\u00e9dia-G\u00e9rald-Arbour-N3JPG-1024x768.jpeg\"><img loading=\"lazy\" decoding=\"async\" width=\"1024\" height=\"768\" src=\"https:\/\/patrimoineduquebec.com\/GaresduQuebec\/wp-content\/uploads\/2019\/09\/matap\u00e9dia-G\u00e9rald-Arbour-N3JPG-1024x768.jpeg\" alt=\"\" data-id=\"546\" data-link=\"https:\/\/patrimoineduquebec.com\/GaresduQuebec\/matapedia\/matapedia-gerald-arbour-n3jpg\/\" class=\"wp-image-546\" srcset=\"https:\/\/patrimoineduquebec.com\/GaresduQuebec\/wp-content\/uploads\/2019\/09\/matap\u00e9dia-G\u00e9rald-Arbour-N3JPG-1024x768.jpeg 1024w, https:\/\/patrimoineduquebec.com\/GaresduQuebec\/wp-content\/uploads\/2019\/09\/matap\u00e9dia-G\u00e9rald-Arbour-N3JPG-300x225.jpeg 300w, https:\/\/patrimoineduquebec.com\/GaresduQuebec\/wp-content\/uploads\/2019\/09\/matap\u00e9dia-G\u00e9rald-Arbour-N3JPG-768x576.jpeg 768w\" sizes=\"auto, (max-width: 1024px) 100vw, 1024px\" \/><\/a><\/figure><\/li><li class=\"blocks-gallery-item\"><figure><a href=\"https:\/\/patrimoineduquebec.com\/GaresduQuebec\/wp-content\/uploads\/2019\/09\/matap\u00e9dia-G\u00e9rald-Arbour-N1-1024x768.jpeg\"><img loading=\"lazy\" decoding=\"async\" width=\"1024\" height=\"768\" src=\"https:\/\/patrimoineduquebec.com\/GaresduQuebec\/wp-content\/uploads\/2019\/09\/matap\u00e9dia-G\u00e9rald-Arbour-N1-1024x768.jpeg\" alt=\"\" data-id=\"547\" data-link=\"https:\/\/patrimoineduquebec.com\/GaresduQuebec\/matapedia\/matapedia-gerald-arbour-n1\/\" class=\"wp-image-547\" srcset=\"https:\/\/patrimoineduquebec.com\/GaresduQuebec\/wp-content\/uploads\/2019\/09\/matap\u00e9dia-G\u00e9rald-Arbour-N1-1024x768.jpeg 1024w, https:\/\/patrimoineduquebec.com\/GaresduQuebec\/wp-content\/uploads\/2019\/09\/matap\u00e9dia-G\u00e9rald-Arbour-N1-300x225.jpeg 300w, https:\/\/patrimoineduquebec.com\/GaresduQuebec\/wp-content\/uploads\/2019\/09\/matap\u00e9dia-G\u00e9rald-Arbour-N1-768x576.jpeg 768w\" sizes=\"auto, (max-width: 1024px) 100vw, 1024px\" \/><\/a><\/figure><\/li><li class=\"blocks-gallery-item\"><figure><a href=\"https:\/\/patrimoineduquebec.com\/GaresduQuebec\/wp-content\/uploads\/2019\/09\/banq-gare-matap\u00e9dia-2-1978-1024x659.jpeg\"><img loading=\"lazy\" decoding=\"async\" width=\"1024\" height=\"659\" src=\"https:\/\/patrimoineduquebec.com\/GaresduQuebec\/wp-content\/uploads\/2019\/09\/banq-gare-matap\u00e9dia-2-1978-1024x659.jpeg\" alt=\"\" data-id=\"548\" data-link=\"https:\/\/patrimoineduquebec.com\/GaresduQuebec\/matapedia\/banq-gare-matapedia-2-1978\/\" class=\"wp-image-548\" srcset=\"https:\/\/patrimoineduquebec.com\/GaresduQuebec\/wp-content\/uploads\/2019\/09\/banq-gare-matap\u00e9dia-2-1978-1024x659.jpeg 1024w, https:\/\/patrimoineduquebec.com\/GaresduQuebec\/wp-content\/uploads\/2019\/09\/banq-gare-matap\u00e9dia-2-1978-300x193.jpeg 300w, https:\/\/patrimoineduquebec.com\/GaresduQuebec\/wp-content\/uploads\/2019\/09\/banq-gare-matap\u00e9dia-2-1978-768x494.jpeg 768w, https:\/\/patrimoineduquebec.com\/GaresduQuebec\/wp-content\/uploads\/2019\/09\/banq-gare-matap\u00e9dia-2-1978.jpeg 1202w\" sizes=\"auto, (max-width: 1024px) 100vw, 1024px\" \/><\/a><figcaption>BAnQ (03Q,E10,S44,SS1,D78-847)<\/figcaption><\/figure><\/li><li class=\"blocks-gallery-item\"><figure><a href=\"https:\/\/patrimoineduquebec.com\/GaresduQuebec\/wp-content\/uploads\/2019\/09\/banq-gare-matap\u00e9dia-1978-1024x670.jpeg\"><img loading=\"lazy\" decoding=\"async\" width=\"1024\" height=\"670\" src=\"https:\/\/patrimoineduquebec.com\/GaresduQuebec\/wp-content\/uploads\/2019\/09\/banq-gare-matap\u00e9dia-1978-1024x670.jpeg\" alt=\"\" data-id=\"549\" data-link=\"https:\/\/patrimoineduquebec.com\/GaresduQuebec\/matapedia\/banq-gare-matapedia-1978\/\" class=\"wp-image-549\" srcset=\"https:\/\/patrimoineduquebec.com\/GaresduQuebec\/wp-content\/uploads\/2019\/09\/banq-gare-matap\u00e9dia-1978-1024x670.jpeg 1024w, https:\/\/patrimoineduquebec.com\/GaresduQuebec\/wp-content\/uploads\/2019\/09\/banq-gare-matap\u00e9dia-1978-300x196.jpeg 300w, https:\/\/patrimoineduquebec.com\/GaresduQuebec\/wp-content\/uploads\/2019\/09\/banq-gare-matap\u00e9dia-1978-768x503.jpeg 768w, https:\/\/patrimoineduquebec.com\/GaresduQuebec\/wp-content\/uploads\/2019\/09\/banq-gare-matap\u00e9dia-1978.jpeg 1201w\" sizes=\"auto, (max-width: 1024px) 100vw, 1024px\" \/><\/a><figcaption>BAnQ (03Q,E10,S44,SS1,D78-838)<\/figcaption><\/figure><\/li><\/ul>\n","protected":false},"excerpt":{"rendered":"<p>Description La gare de VIA Rail\/Canadien National de Matap\u00e9dia est une gare en bois, de plain-pied, construite en 1903. Elle est situ\u00e9e dans un emplacement central, \u00e0 l&rsquo;extr\u00e9mit\u00e9 sud du village de Matap\u00e9dia, au confluent des rivi\u00e8res Matap\u00e9dia et Restigouche, dans la r\u00e9gion du Bas Saint-Laurent de la province de Qu\u00e9bec. La reconnaissance officielle se [&hellip;]<\/p>\n","protected":false},"author":1,"featured_media":0,"parent":0,"menu_order":0,"comment_status":"closed","ping_status":"closed","template":"","meta":{"footnotes":""},"class_list":["post-541","page","type-page","status-publish","hentry"],"_links":{"self":[{"href":"https:\/\/patrimoineduquebec.com\/GaresduQuebec\/wp-json\/wp\/v2\/pages\/541","targetHints":{"allow":["GET"]}}],"collection":[{"href":"https:\/\/patrimoineduquebec.com\/GaresduQuebec\/wp-json\/wp\/v2\/pages"}],"about":[{"href":"https:\/\/patrimoineduquebec.com\/GaresduQuebec\/wp-json\/wp\/v2\/types\/page"}],"author":[{"embeddable":true,"href":"https:\/\/patrimoineduquebec.com\/GaresduQuebec\/wp-json\/wp\/v2\/users\/1"}],"replies":[{"embeddable":true,"href":"https:\/\/patrimoineduquebec.com\/GaresduQuebec\/wp-json\/wp\/v2\/comments?post=541"}],"version-history":[{"count":7,"href":"https:\/\/patrimoineduquebec.com\/GaresduQuebec\/wp-json\/wp\/v2\/pages\/541\/revisions"}],"predecessor-version":[{"id":1747,"href":"https:\/\/patrimoineduquebec.com\/GaresduQuebec\/wp-json\/wp\/v2\/pages\/541\/revisions\/1747"}],"wp:attachment":[{"href":"https:\/\/patrimoineduquebec.com\/GaresduQuebec\/wp-json\/wp\/v2\/media?parent=541"}],"curies":[{"name":"wp","href":"https:\/\/api.w.org\/{rel}","templated":true}]}}