{"id":533,"date":"2019-09-27T13:18:54","date_gmt":"2019-09-27T13:18:54","guid":{"rendered":"https:\/\/patrimoineduquebec.com\/GaresduQuebec\/?page_id=533"},"modified":"2024-03-08T11:57:20","modified_gmt":"2024-03-08T11:57:20","slug":"carleton","status":"publish","type":"page","link":"https:\/\/patrimoineduquebec.com\/GaresduQuebec\/carleton\/","title":{"rendered":"Carleton"},"content":{"rendered":"\n<div class=\"wp-block-image\"><figure class=\"aligncenter\"><a href=\"https:\/\/patrimoineduquebec.com\/GaresduQuebec\/wp-content\/uploads\/2019\/09\/carleton-G\u00e9rald-Arbour-N2.jpeg\"><img loading=\"lazy\" decoding=\"async\" width=\"1024\" height=\"768\" src=\"https:\/\/patrimoineduquebec.com\/GaresduQuebec\/wp-content\/uploads\/2019\/09\/carleton-G\u00e9rald-Arbour-N2-1024x768.jpeg\" alt=\"\" class=\"wp-image-534\" srcset=\"https:\/\/patrimoineduquebec.com\/GaresduQuebec\/wp-content\/uploads\/2019\/09\/carleton-G\u00e9rald-Arbour-N2-1024x768.jpeg 1024w, https:\/\/patrimoineduquebec.com\/GaresduQuebec\/wp-content\/uploads\/2019\/09\/carleton-G\u00e9rald-Arbour-N2-300x225.jpeg 300w, https:\/\/patrimoineduquebec.com\/GaresduQuebec\/wp-content\/uploads\/2019\/09\/carleton-G\u00e9rald-Arbour-N2-768x576.jpeg 768w\" sizes=\"auto, (max-width: 1024px) 100vw, 1024px\" \/><\/a><\/figure><\/div>\n\n\n\n<p>La gare de Carleton \u00e0 Carleton-sur-Mer \u00e9tait desservie par Via Rail Canada. La gare est ferm\u00e9e et n&rsquo;offre plus de service.<\/p>\n\n\n\n<p>Autres informations \u00e0 venir.<\/p>\n\n\n\n<p class=\"has-vivid-cyan-blue-color has-text-color\"><a href=\"https:\/\/fr.wikipedia.org\/wiki\/Gare_de_Carleton\">Source : Wikip\u00e9dia<\/a><\/p>\n\n\n\n<p>Photos : G\u00e9rald Arbour<\/p>\n\n\n\n<figure class=\"wp-block-gallery columns-3 is-cropped wp-block-gallery-1 is-layout-flex wp-block-gallery-is-layout-flex\"><ul class=\"blocks-gallery-grid\"><li class=\"blocks-gallery-item\"><figure><a href=\"https:\/\/patrimoineduquebec.com\/GaresduQuebec\/wp-content\/uploads\/2019\/09\/carleton-G\u00e9rald-Arbour-N3-1024x768.jpeg\"><img loading=\"lazy\" decoding=\"async\" width=\"1024\" height=\"768\" src=\"https:\/\/patrimoineduquebec.com\/GaresduQuebec\/wp-content\/uploads\/2019\/09\/carleton-G\u00e9rald-Arbour-N3-1024x768.jpeg\" alt=\"\" data-id=\"535\" data-link=\"https:\/\/patrimoineduquebec.com\/GaresduQuebec\/carleton\/carleton-gerald-arbour-n3\/\" class=\"wp-image-535\" srcset=\"https:\/\/patrimoineduquebec.com\/GaresduQuebec\/wp-content\/uploads\/2019\/09\/carleton-G\u00e9rald-Arbour-N3-1024x768.jpeg 1024w, https:\/\/patrimoineduquebec.com\/GaresduQuebec\/wp-content\/uploads\/2019\/09\/carleton-G\u00e9rald-Arbour-N3-300x225.jpeg 300w, https:\/\/patrimoineduquebec.com\/GaresduQuebec\/wp-content\/uploads\/2019\/09\/carleton-G\u00e9rald-Arbour-N3-768x576.jpeg 768w\" sizes=\"auto, (max-width: 1024px) 100vw, 1024px\" \/><\/a><\/figure><\/li><li class=\"blocks-gallery-item\"><figure><a href=\"https:\/\/patrimoineduquebec.com\/GaresduQuebec\/wp-content\/uploads\/2019\/09\/carleton-G\u00e9rald-Arbour-N1-1024x768.jpeg\"><img loading=\"lazy\" decoding=\"async\" width=\"1024\" height=\"768\" src=\"https:\/\/patrimoineduquebec.com\/GaresduQuebec\/wp-content\/uploads\/2019\/09\/carleton-G\u00e9rald-Arbour-N1-1024x768.jpeg\" alt=\"\" data-id=\"536\" data-link=\"https:\/\/patrimoineduquebec.com\/GaresduQuebec\/carleton\/carleton-gerald-arbour-n1\/\" class=\"wp-image-536\" srcset=\"https:\/\/patrimoineduquebec.com\/GaresduQuebec\/wp-content\/uploads\/2019\/09\/carleton-G\u00e9rald-Arbour-N1-1024x768.jpeg 1024w, https:\/\/patrimoineduquebec.com\/GaresduQuebec\/wp-content\/uploads\/2019\/09\/carleton-G\u00e9rald-Arbour-N1-300x225.jpeg 300w, https:\/\/patrimoineduquebec.com\/GaresduQuebec\/wp-content\/uploads\/2019\/09\/carleton-G\u00e9rald-Arbour-N1-768x576.jpeg 768w\" sizes=\"auto, (max-width: 1024px) 100vw, 1024px\" \/><\/a><\/figure><\/li><li class=\"blocks-gallery-item\"><figure><a href=\"https:\/\/patrimoineduquebec.com\/GaresduQuebec\/wp-content\/uploads\/2019\/09\/carleton-G\u00e9rald-Arbour-N2-1024x768.jpeg\"><img loading=\"lazy\" decoding=\"async\" width=\"1024\" height=\"768\" src=\"https:\/\/patrimoineduquebec.com\/GaresduQuebec\/wp-content\/uploads\/2019\/09\/carleton-G\u00e9rald-Arbour-N2-1024x768.jpeg\" alt=\"\" data-id=\"534\" data-link=\"https:\/\/patrimoineduquebec.com\/GaresduQuebec\/carleton\/carleton-gerald-arbour-n2\/\" class=\"wp-image-534\" srcset=\"https:\/\/patrimoineduquebec.com\/GaresduQuebec\/wp-content\/uploads\/2019\/09\/carleton-G\u00e9rald-Arbour-N2-1024x768.jpeg 1024w, https:\/\/patrimoineduquebec.com\/GaresduQuebec\/wp-content\/uploads\/2019\/09\/carleton-G\u00e9rald-Arbour-N2-300x225.jpeg 300w, https:\/\/patrimoineduquebec.com\/GaresduQuebec\/wp-content\/uploads\/2019\/09\/carleton-G\u00e9rald-Arbour-N2-768x576.jpeg 768w\" sizes=\"auto, (max-width: 1024px) 100vw, 1024px\" \/><\/a><\/figure><\/li><li class=\"blocks-gallery-item\"><figure><a href=\"https:\/\/patrimoineduquebec.com\/GaresduQuebec\/wp-content\/uploads\/2019\/10\/gare-carleton-1024x525.jpg\"><img loading=\"lazy\" decoding=\"async\" width=\"1024\" height=\"525\" src=\"https:\/\/patrimoineduquebec.com\/GaresduQuebec\/wp-content\/uploads\/2019\/10\/gare-carleton-1024x525.jpg\" alt=\"\" data-id=\"1397\" data-link=\"https:\/\/patrimoineduquebec.com\/GaresduQuebec\/carleton\/gare-carleton\/\" class=\"wp-image-1397\" srcset=\"https:\/\/patrimoineduquebec.com\/GaresduQuebec\/wp-content\/uploads\/2019\/10\/gare-carleton-1024x525.jpg 1024w, https:\/\/patrimoineduquebec.com\/GaresduQuebec\/wp-content\/uploads\/2019\/10\/gare-carleton-300x154.jpg 300w, https:\/\/patrimoineduquebec.com\/GaresduQuebec\/wp-content\/uploads\/2019\/10\/gare-carleton-768x394.jpg 768w, https:\/\/patrimoineduquebec.com\/GaresduQuebec\/wp-content\/uploads\/2019\/10\/gare-carleton.jpg 1153w\" sizes=\"auto, (max-width: 1024px) 100vw, 1024px\" \/><\/a><figcaption class=\"blocks-gallery-item__caption\">Mus\u00e9e de la Gasp\u00e9sie<\/figcaption><\/figure><\/li><\/ul><\/figure>\n","protected":false},"excerpt":{"rendered":"<p>La gare de Carleton \u00e0 Carleton-sur-Mer \u00e9tait desservie par Via Rail Canada. La gare est ferm\u00e9e et n&rsquo;offre plus de service. Autres informations \u00e0 venir. Source : Wikip\u00e9dia Photos : G\u00e9rald Arbour<\/p>\n","protected":false},"author":1,"featured_media":0,"parent":0,"menu_order":0,"comment_status":"closed","ping_status":"closed","template":"","meta":{"footnotes":""},"class_list":["post-533","page","type-page","status-publish","hentry"],"_links":{"self":[{"href":"https:\/\/patrimoineduquebec.com\/GaresduQuebec\/wp-json\/wp\/v2\/pages\/533","targetHints":{"allow":["GET"]}}],"collection":[{"href":"https:\/\/patrimoineduquebec.com\/GaresduQuebec\/wp-json\/wp\/v2\/pages"}],"about":[{"href":"https:\/\/patrimoineduquebec.com\/GaresduQuebec\/wp-json\/wp\/v2\/types\/page"}],"author":[{"embeddable":true,"href":"https:\/\/patrimoineduquebec.com\/GaresduQuebec\/wp-json\/wp\/v2\/users\/1"}],"replies":[{"embeddable":true,"href":"https:\/\/patrimoineduquebec.com\/GaresduQuebec\/wp-json\/wp\/v2\/comments?post=533"}],"version-history":[{"count":4,"href":"https:\/\/patrimoineduquebec.com\/GaresduQuebec\/wp-json\/wp\/v2\/pages\/533\/revisions"}],"predecessor-version":[{"id":2155,"href":"https:\/\/patrimoineduquebec.com\/GaresduQuebec\/wp-json\/wp\/v2\/pages\/533\/revisions\/2155"}],"wp:attachment":[{"href":"https:\/\/patrimoineduquebec.com\/GaresduQuebec\/wp-json\/wp\/v2\/media?parent=533"}],"curies":[{"name":"wp","href":"https:\/\/api.w.org\/{rel}","templated":true}]}}