{"id":524,"date":"2019-09-27T13:09:11","date_gmt":"2019-09-27T13:09:11","guid":{"rendered":"https:\/\/patrimoineduquebec.com\/GaresduQuebec\/?page_id=524"},"modified":"2024-03-08T11:56:57","modified_gmt":"2024-03-08T11:56:57","slug":"bonaventure","status":"publish","type":"page","link":"https:\/\/patrimoineduquebec.com\/GaresduQuebec\/bonaventure\/","title":{"rendered":"Bonaventure"},"content":{"rendered":"\n<div class=\"wp-block-image\"><figure class=\"aligncenter\"><a href=\"https:\/\/patrimoineduquebec.com\/GaresduQuebec\/wp-content\/uploads\/2019\/09\/bonaventure-G\u00e9rald-Arbour-N1.jpeg\"><img loading=\"lazy\" decoding=\"async\" width=\"1024\" height=\"768\" src=\"https:\/\/patrimoineduquebec.com\/GaresduQuebec\/wp-content\/uploads\/2019\/09\/bonaventure-G\u00e9rald-Arbour-N1-1024x768.jpeg\" alt=\"\" class=\"wp-image-525\" srcset=\"https:\/\/patrimoineduquebec.com\/GaresduQuebec\/wp-content\/uploads\/2019\/09\/bonaventure-G\u00e9rald-Arbour-N1-1024x768.jpeg 1024w, https:\/\/patrimoineduquebec.com\/GaresduQuebec\/wp-content\/uploads\/2019\/09\/bonaventure-G\u00e9rald-Arbour-N1-300x225.jpeg 300w, https:\/\/patrimoineduquebec.com\/GaresduQuebec\/wp-content\/uploads\/2019\/09\/bonaventure-G\u00e9rald-Arbour-N1-768x576.jpeg 768w\" sizes=\"auto, (max-width: 1024px) 100vw, 1024px\" \/><\/a><\/figure><\/div>\n\n\n\n<p>La gare de Bonaventure est une gare ferroviaire canadienne situ\u00e9e dans la ville de Bonaventure dans la province de Qu\u00e9bec.<\/p>\n\n\n\n<p>Elle \u00e9tait desservie par Via Rail Canada. La gare est ferm\u00e9e et n&rsquo;offre plus de service.<\/p>\n\n\n\n<p>Autres informations \u00e0 venir.<\/p>\n\n\n\n<p class=\"has-vivid-cyan-blue-color has-text-color\">Source : <a rel=\"noreferrer noopener\" aria-label=\"Wikip\u00e9dia (s\u2019ouvre dans un nouvel onglet)\" href=\"https:\/\/fr.wikipedia.org\/wiki\/Gare_de_Bonaventure\" target=\"_blank\">Wikip\u00e9dia<\/a><\/p>\n\n\n\n<p>Photos : G\u00e9rald Arbour<\/p>\n\n\n\n<figure class=\"wp-block-gallery columns-3 is-cropped wp-block-gallery-1 is-layout-flex wp-block-gallery-is-layout-flex\"><ul class=\"blocks-gallery-grid\"><li class=\"blocks-gallery-item\"><figure><a href=\"https:\/\/patrimoineduquebec.com\/GaresduQuebec\/wp-content\/uploads\/2019\/09\/bonaventure-G\u00e9rald-Arbour-N5-1024x768.jpeg\"><img loading=\"lazy\" decoding=\"async\" width=\"1024\" height=\"768\" src=\"https:\/\/patrimoineduquebec.com\/GaresduQuebec\/wp-content\/uploads\/2019\/09\/bonaventure-G\u00e9rald-Arbour-N5-1024x768.jpeg\" alt=\"\" data-id=\"526\" data-link=\"https:\/\/patrimoineduquebec.com\/GaresduQuebec\/bonaventure\/bonaventure-gerald-arbour-n5\/\" class=\"wp-image-526\" srcset=\"https:\/\/patrimoineduquebec.com\/GaresduQuebec\/wp-content\/uploads\/2019\/09\/bonaventure-G\u00e9rald-Arbour-N5-1024x768.jpeg 1024w, https:\/\/patrimoineduquebec.com\/GaresduQuebec\/wp-content\/uploads\/2019\/09\/bonaventure-G\u00e9rald-Arbour-N5-300x225.jpeg 300w, https:\/\/patrimoineduquebec.com\/GaresduQuebec\/wp-content\/uploads\/2019\/09\/bonaventure-G\u00e9rald-Arbour-N5-768x576.jpeg 768w\" sizes=\"auto, (max-width: 1024px) 100vw, 1024px\" \/><\/a><\/figure><\/li><li class=\"blocks-gallery-item\"><figure><a href=\"https:\/\/patrimoineduquebec.com\/GaresduQuebec\/wp-content\/uploads\/2019\/09\/bonaventure-G\u00e9rald-Arbour-N3-1024x768.jpeg\"><img loading=\"lazy\" decoding=\"async\" width=\"1024\" height=\"768\" src=\"https:\/\/patrimoineduquebec.com\/GaresduQuebec\/wp-content\/uploads\/2019\/09\/bonaventure-G\u00e9rald-Arbour-N3-1024x768.jpeg\" alt=\"\" data-id=\"527\" data-link=\"https:\/\/patrimoineduquebec.com\/GaresduQuebec\/bonaventure\/bonaventure-gerald-arbour-n3\/\" class=\"wp-image-527\" srcset=\"https:\/\/patrimoineduquebec.com\/GaresduQuebec\/wp-content\/uploads\/2019\/09\/bonaventure-G\u00e9rald-Arbour-N3-1024x768.jpeg 1024w, https:\/\/patrimoineduquebec.com\/GaresduQuebec\/wp-content\/uploads\/2019\/09\/bonaventure-G\u00e9rald-Arbour-N3-300x225.jpeg 300w, https:\/\/patrimoineduquebec.com\/GaresduQuebec\/wp-content\/uploads\/2019\/09\/bonaventure-G\u00e9rald-Arbour-N3-768x576.jpeg 768w\" sizes=\"auto, (max-width: 1024px) 100vw, 1024px\" \/><\/a><\/figure><\/li><li class=\"blocks-gallery-item\"><figure><a href=\"https:\/\/patrimoineduquebec.com\/GaresduQuebec\/wp-content\/uploads\/2019\/09\/bonaventure-G\u00e9rald-Arbour-N4-1024x768.jpeg\"><img loading=\"lazy\" decoding=\"async\" width=\"1024\" height=\"768\" src=\"https:\/\/patrimoineduquebec.com\/GaresduQuebec\/wp-content\/uploads\/2019\/09\/bonaventure-G\u00e9rald-Arbour-N4-1024x768.jpeg\" alt=\"\" data-id=\"528\" data-link=\"https:\/\/patrimoineduquebec.com\/GaresduQuebec\/bonaventure\/bonaventure-gerald-arbour-n4\/\" class=\"wp-image-528\" srcset=\"https:\/\/patrimoineduquebec.com\/GaresduQuebec\/wp-content\/uploads\/2019\/09\/bonaventure-G\u00e9rald-Arbour-N4-1024x768.jpeg 1024w, https:\/\/patrimoineduquebec.com\/GaresduQuebec\/wp-content\/uploads\/2019\/09\/bonaventure-G\u00e9rald-Arbour-N4-300x225.jpeg 300w, https:\/\/patrimoineduquebec.com\/GaresduQuebec\/wp-content\/uploads\/2019\/09\/bonaventure-G\u00e9rald-Arbour-N4-768x576.jpeg 768w\" sizes=\"auto, (max-width: 1024px) 100vw, 1024px\" \/><\/a><\/figure><\/li><li class=\"blocks-gallery-item\"><figure><a href=\"https:\/\/patrimoineduquebec.com\/GaresduQuebec\/wp-content\/uploads\/2019\/10\/A-gare-de-bonaventure-facebook.jpeg\"><img loading=\"lazy\" decoding=\"async\" width=\"694\" height=\"459\" src=\"https:\/\/patrimoineduquebec.com\/GaresduQuebec\/wp-content\/uploads\/2019\/10\/A-gare-de-bonaventure-facebook.jpeg\" alt=\"\" data-id=\"1763\" data-link=\"https:\/\/patrimoineduquebec.com\/GaresduQuebec\/bonaventure\/a-gare-de-bonaventure-facebook\/\" class=\"wp-image-1763\" srcset=\"https:\/\/patrimoineduquebec.com\/GaresduQuebec\/wp-content\/uploads\/2019\/10\/A-gare-de-bonaventure-facebook.jpeg 694w, https:\/\/patrimoineduquebec.com\/GaresduQuebec\/wp-content\/uploads\/2019\/10\/A-gare-de-bonaventure-facebook-300x198.jpeg 300w\" sizes=\"auto, (max-width: 694px) 100vw, 694px\" \/><\/a><\/figure><\/li><li class=\"blocks-gallery-item\"><figure><a href=\"https:\/\/patrimoineduquebec.com\/GaresduQuebec\/wp-content\/uploads\/2024\/03\/GareBonaventure2.jpg\"><img loading=\"lazy\" decoding=\"async\" width=\"998\" height=\"768\" src=\"https:\/\/patrimoineduquebec.com\/GaresduQuebec\/wp-content\/uploads\/2024\/03\/GareBonaventure2.jpg\" alt=\"\" data-id=\"2151\" data-full-url=\"https:\/\/patrimoineduquebec.com\/GaresduQuebec\/wp-content\/uploads\/2024\/03\/GareBonaventure2.jpg\" data-link=\"https:\/\/patrimoineduquebec.com\/GaresduQuebec\/bonaventure\/garebonaventure2\/\" class=\"wp-image-2151\" srcset=\"https:\/\/patrimoineduquebec.com\/GaresduQuebec\/wp-content\/uploads\/2024\/03\/GareBonaventure2.jpg 998w, https:\/\/patrimoineduquebec.com\/GaresduQuebec\/wp-content\/uploads\/2024\/03\/GareBonaventure2-300x231.jpg 300w, https:\/\/patrimoineduquebec.com\/GaresduQuebec\/wp-content\/uploads\/2024\/03\/GareBonaventure2-768x591.jpg 768w\" sizes=\"auto, (max-width: 998px) 100vw, 998px\" \/><\/a><figcaption class=\"blocks-gallery-item__caption\">Gilles Bourdages (1987)<\/figcaption><\/figure><\/li><\/ul><\/figure>\n\n\n\n<p class=\"has-very-dark-gray-color has-text-color\"><\/p>\n","protected":false},"excerpt":{"rendered":"<p>La gare de Bonaventure est une gare ferroviaire canadienne situ\u00e9e dans la ville de Bonaventure dans la province de Qu\u00e9bec. Elle \u00e9tait desservie par Via Rail Canada. La gare est ferm\u00e9e et n&rsquo;offre plus de service. Autres informations \u00e0 venir. Source : Wikip\u00e9dia Photos : G\u00e9rald Arbour<\/p>\n","protected":false},"author":1,"featured_media":0,"parent":0,"menu_order":0,"comment_status":"closed","ping_status":"closed","template":"","meta":{"footnotes":""},"class_list":["post-524","page","type-page","status-publish","hentry"],"_links":{"self":[{"href":"https:\/\/patrimoineduquebec.com\/GaresduQuebec\/wp-json\/wp\/v2\/pages\/524","targetHints":{"allow":["GET"]}}],"collection":[{"href":"https:\/\/patrimoineduquebec.com\/GaresduQuebec\/wp-json\/wp\/v2\/pages"}],"about":[{"href":"https:\/\/patrimoineduquebec.com\/GaresduQuebec\/wp-json\/wp\/v2\/types\/page"}],"author":[{"embeddable":true,"href":"https:\/\/patrimoineduquebec.com\/GaresduQuebec\/wp-json\/wp\/v2\/users\/1"}],"replies":[{"embeddable":true,"href":"https:\/\/patrimoineduquebec.com\/GaresduQuebec\/wp-json\/wp\/v2\/comments?post=524"}],"version-history":[{"count":7,"href":"https:\/\/patrimoineduquebec.com\/GaresduQuebec\/wp-json\/wp\/v2\/pages\/524\/revisions"}],"predecessor-version":[{"id":2154,"href":"https:\/\/patrimoineduquebec.com\/GaresduQuebec\/wp-json\/wp\/v2\/pages\/524\/revisions\/2154"}],"wp:attachment":[{"href":"https:\/\/patrimoineduquebec.com\/GaresduQuebec\/wp-json\/wp\/v2\/media?parent=524"}],"curies":[{"name":"wp","href":"https:\/\/api.w.org\/{rel}","templated":true}]}}