{"id":407,"date":"2019-09-26T14:26:29","date_gmt":"2019-09-26T14:26:29","guid":{"rendered":"https:\/\/patrimoineduquebec.com\/GaresduQuebec\/?page_id=407"},"modified":"2019-10-21T19:43:11","modified_gmt":"2019-10-21T19:43:11","slug":"tring-jonction","status":"publish","type":"page","link":"https:\/\/patrimoineduquebec.com\/GaresduQuebec\/tring-jonction\/","title":{"rendered":"Tring-Jonction"},"content":{"rendered":"\n<div class=\"wp-block-image\"><figure class=\"aligncenter\"><a href=\"https:\/\/patrimoineduquebec.com\/GaresduQuebec\/wp-content\/uploads\/2019\/09\/DSCN7617.jpeg\"><img loading=\"lazy\" decoding=\"async\" width=\"1024\" height=\"748\" src=\"https:\/\/patrimoineduquebec.com\/GaresduQuebec\/wp-content\/uploads\/2019\/09\/DSCN7617-1024x748.jpeg\" alt=\"\" class=\"wp-image-408\" srcset=\"https:\/\/patrimoineduquebec.com\/GaresduQuebec\/wp-content\/uploads\/2019\/09\/DSCN7617-1024x748.jpeg 1024w, https:\/\/patrimoineduquebec.com\/GaresduQuebec\/wp-content\/uploads\/2019\/09\/DSCN7617-300x219.jpeg 300w, https:\/\/patrimoineduquebec.com\/GaresduQuebec\/wp-content\/uploads\/2019\/09\/DSCN7617-768x561.jpeg 768w\" sizes=\"auto, (max-width: 1024px) 100vw, 1024px\" \/><\/a><\/figure><\/div>\n\n\n\n<p><strong>Architecture<\/strong><br><\/p>\n\n\n\n<p>La gare de Tring-Jonction, cit\u00e9e monument historique, est une gare ferroviaire construite en 1914. Ce b\u00e2timent en blocs de ciment imitant la pierre, de plan rectangulaire \u00e0 un \u00e9tage, est coiff\u00e9 d&rsquo;un imposant toit \u00e0 croupes se prolongeant au-del\u00e0 des murs. Ses larges avant-toits sont support\u00e9s par des consoles. Ses deux fa\u00e7ades principales sont dot\u00e9es d&rsquo;un avant-corps central \u00e0 deux niveaux coiff\u00e9 d&rsquo;un toit \u00e0 deux versants droits. Un abri constitu\u00e9 du prolongement du toit et support\u00e9 par deux piliers forme l&rsquo;une des extr\u00e9mit\u00e9s du b\u00e2timent. La gare est situ\u00e9e en bordure de la route, sur un vaste terrain d\u00e9gag\u00e9, au coeur de la municipalit\u00e9 de Tring-Jonction.<br><\/p>\n\n\n\n<p><strong>Histoire<\/strong><br><\/p>\n\n\n\n<p>La gare de Tring-Jonction est issue du d\u00e9veloppement du r\u00e9seau ferroviaire de la compagnie Quebec Central Railway (QCR). Celle-ci inaugure en 1881 la voie ferr\u00e9e reliant Sherbrooke et L\u00e9vis. Elle traverse le canton de Thetford, o\u00f9 l&rsquo;exploitation mini\u00e8re s&rsquo;est amorc\u00e9e depuis la d\u00e9couverte d&rsquo;amiante en 1876.<br><\/p>\n\n\n\n<p>\u00c0 cette \u00e9poque, deux gares sont construites par le QCR dans la municipalit\u00e9 de Saint-Fr\u00e9d\u00e9ric (de laquelle se d\u00e9tache plus tard la municipalit\u00e9 de Tring-Jonction). Entre 1892 et 1894, une nouvelle voie ferr\u00e9e est construite entre Tring-Jonction et Lac-M\u00e9gantic. C&rsquo;est la richesse de la r\u00e9gion en produits forestiers, et son exploitation facilit\u00e9e par le chemin de fer, qui influence ce trac\u00e9 au d\u00e9triment de celui propos\u00e9 dans la vall\u00e9e de la rivi\u00e8re Chaudi\u00e8re.&nbsp;<br><\/p>\n\n\n\n<p>Le nouvel embranchement de la voie ferr\u00e9e est am\u00e9nag\u00e9 entre les deux gares existantes, dont l&rsquo;une est transform\u00e9e en entrep\u00f4t. Une nouvelle gare, la premi\u00e8re station de Tring-Jonction, est alors construite \u00e0 l&#8217;emplacement du nouvel embranchement d\u00e8s 1894. Elle constitue le point de jonction entre Sherbrooke, Lac-M\u00e9gantic et L\u00e9vis. C&rsquo;est le 24 septembre 1895 que la ligne entre Tring-Jonction et Lac-M\u00e9gantic est officiellement ouverte.<br><\/p>\n\n\n\n<p>D\u00e8s 1913, le QCR loue sa ligne de chemin de fer \u00e0 la compagnie Canadien Pacifique (CP). L&rsquo;ann\u00e9e suivante, soit en 1914, la gare actuelle est \u00e9difi\u00e9e \u00e0 Tring-Jonction. Situ\u00e9e \u00e0 l&#8217;emplacement de la pr\u00e9c\u00e9dente, elle est construite d&rsquo;apr\u00e8s un plan \u00e9labor\u00e9 par le QCR qui comporte plusieurs similitudes avec les plans standards con\u00e7us \u00e0 la m\u00eame \u00e9poque par le CP. Elle se caract\u00e9rise, entre autres, par ses murs en blocs de ciment moul\u00e9s. Ceux-ci renferment de l&rsquo;amiante, une ressource locale utilis\u00e9e pour ses propri\u00e9t\u00e9s ignifuges. Les gares d&rsquo;East Angus (1914) et de Vall\u00e9e-Jonction (1917) reprennent un mod\u00e8le semblable \u00e0 celui de Tring-Jonction.<br><\/p>\n\n\n\n<p>La gare de Tring-Jonction est le lieu d&rsquo;une intense activit\u00e9 en raison du transit des ressources mini\u00e8res et foresti\u00e8res, des marchandises et des passagers. Plusieurs \u00e9difices secondaires sont construits \u00e0 proximit\u00e9 de la gare et forment un ensemble complet. Parmi eux se trouvent un entrep\u00f4t de marchandises, un hangar, deux r\u00e9servoirs d&rsquo;eau, une tour de charbon, une glaci\u00e8re, un enclos d&rsquo;animaux, un atelier pour le nettoyage des locomotives et une r\u00e9sidence-dortoir. Par ailleurs, une agglom\u00e9ration se d\u00e9veloppe rapidement \u00e0 proximit\u00e9 de la gare et le long des voies ferr\u00e9es. Plusieurs habitants du village sont employ\u00e9s par la compagnie ferroviaire, alors que les autres sont attir\u00e9s par le commerce. Jusque dans les premi\u00e8res d\u00e9cennies du XXe si\u00e8cle, Tring-Jonction est rattach\u00e9 au village de Saint-Fr\u00e9d\u00e9ric. Il est officiellement constitu\u00e9 en municipalit\u00e9 en 1918.<br><\/p>\n\n\n\n<p>La crise \u00e9conomique des ann\u00e9es 1930, conjugu\u00e9e \u00e0 la concurrence du transport routier, marque le ralentissement du transport des marchandises par chemin de fer. Les activit\u00e9s de la gare de Tring-Jonction s&rsquo;en trouvent consid\u00e9rablement affect\u00e9es et, dans ce contexte, plusieurs structures ferroviaires situ\u00e9es \u00e0 proximit\u00e9 disparaissent ou sont d\u00e9saffect\u00e9es.<br><\/p>\n\n\n\n<p>En 1967, le QCR abandonne ses trains de passagers entre Sherbrooke et Qu\u00e9bec. Il proc\u00e8de l&rsquo;ann\u00e9e suivante \u00e0 la fermeture de 22 de ses gares, dont celle de Tring-Jonction. Puis, en 1972, le CP abandonne sa voie ferr\u00e9e entre Tring-Jonction et Lac-M\u00e9gantic.<br><\/p>\n\n\n\n<p>Au cours des ann\u00e9es 1980, la Soci\u00e9t\u00e9 du patrimoine des Beaucerons et le Mus\u00e9e Marius-Barbeau font des pressions aupr\u00e8s de la municipalit\u00e9 afin qu&rsquo;elle entreprenne des d\u00e9marches de conservation de la gare. Un comit\u00e9 de sauvegarde de la gare est mis sur pied en 1989. \u00c0 la suite des d\u00e9marches de ce comit\u00e9, la gare de Tring-Jonction est d\u00e9sign\u00e9e gare ferroviaire patrimoniale par la Commission des lieux et monuments historiques du Canada en 1991.<br><\/p>\n\n\n\n<p>La gare de Tring-Jonction est cit\u00e9e monument historique en 2004.&nbsp;<br><\/p>\n\n\n\n<p>La municipalit\u00e9 de Tring-Jonction ainsi que le comit\u00e9 de revitalisation de la gare ont proc\u00e9d\u00e9 le 2 d\u00e9cembre 2011 \u00e0 l\u2019inauguration officielle de la gare ferroviaire enti\u00e8rement revamp\u00e9e. Une somme de 1,3 million $ a \u00e9t\u00e9 inject\u00e9e dans la restauration des lieux patrimoniaux et l\u2019am\u00e9nagement d\u2019une nouvelle biblioth\u00e8que municipale et de salles d\u2019expositions.&nbsp;<\/p>\n\n\n\n<p class=\"has-text-color has-vivid-cyan-blue-color\">Source :<a rel=\"noreferrer noopener\" href=\"https:\/\/www.enbeauce.com\/actualites\/politique\/24740\/une-grande-ouverture-de-la-gare-ferroviaire-de-tring-jonction\" target=\"_blank\"> En Beauce.com<\/a><br><\/p>\n\n\n\n<p class=\"has-text-color has-vivid-cyan-blue-color\">Source<a rel=\"noreferrer noopener\" aria-label=\" : R\u00e9pertoire du patrimoine culturel du Qu\u00e9bec (s\u2019ouvre dans un nouvel onglet)\" href=\"http:\/\/patrimoine-culturel.gouv.qc.ca\/rpcq\/detail.do?methode=consulter&amp;id=93481&amp;type=bien#.XYzJVS97RQM\" target=\"_blank\"> : R\u00e9pertoire du patrimoine culturel du Qu\u00e9bec<\/a><\/p>\n\n\n\n<p>Photos : Monique Bellemare<\/p>\n\n\n\n<ul class=\"wp-block-gallery columns-3 is-cropped wp-block-gallery-1 is-layout-flex wp-block-gallery-is-layout-flex\"><li class=\"blocks-gallery-item\"><figure><a href=\"https:\/\/patrimoineduquebec.com\/GaresduQuebec\/wp-content\/uploads\/2019\/09\/P8010183-1024x729.jpeg\"><img loading=\"lazy\" decoding=\"async\" width=\"1024\" height=\"729\" src=\"https:\/\/patrimoineduquebec.com\/GaresduQuebec\/wp-content\/uploads\/2019\/09\/P8010183-1024x729.jpeg\" alt=\"\" data-id=\"409\" data-link=\"https:\/\/patrimoineduquebec.com\/GaresduQuebec\/tring-jonction\/olympus-digital-camera-28\/\" class=\"wp-image-409\" srcset=\"https:\/\/patrimoineduquebec.com\/GaresduQuebec\/wp-content\/uploads\/2019\/09\/P8010183-1024x729.jpeg 1024w, https:\/\/patrimoineduquebec.com\/GaresduQuebec\/wp-content\/uploads\/2019\/09\/P8010183-300x214.jpeg 300w, https:\/\/patrimoineduquebec.com\/GaresduQuebec\/wp-content\/uploads\/2019\/09\/P8010183-768x547.jpeg 768w\" sizes=\"auto, (max-width: 1024px) 100vw, 1024px\" \/><\/a><\/figure><\/li><li class=\"blocks-gallery-item\"><figure><a href=\"https:\/\/patrimoineduquebec.com\/GaresduQuebec\/wp-content\/uploads\/2019\/09\/DSCN7621-1024x768.jpeg\"><img loading=\"lazy\" decoding=\"async\" width=\"1024\" height=\"768\" src=\"https:\/\/patrimoineduquebec.com\/GaresduQuebec\/wp-content\/uploads\/2019\/09\/DSCN7621-1024x768.jpeg\" alt=\"\" data-id=\"410\" data-link=\"https:\/\/patrimoineduquebec.com\/GaresduQuebec\/tring-jonction\/dscn7621\/\" class=\"wp-image-410\" srcset=\"https:\/\/patrimoineduquebec.com\/GaresduQuebec\/wp-content\/uploads\/2019\/09\/DSCN7621-1024x768.jpeg 1024w, https:\/\/patrimoineduquebec.com\/GaresduQuebec\/wp-content\/uploads\/2019\/09\/DSCN7621-300x225.jpeg 300w, https:\/\/patrimoineduquebec.com\/GaresduQuebec\/wp-content\/uploads\/2019\/09\/DSCN7621-768x576.jpeg 768w\" sizes=\"auto, (max-width: 1024px) 100vw, 1024px\" \/><\/a><\/figure><\/li><li class=\"blocks-gallery-item\"><figure><a href=\"https:\/\/patrimoineduquebec.com\/GaresduQuebec\/wp-content\/uploads\/2019\/09\/DSCN7630-1024x768.jpg\"><img loading=\"lazy\" decoding=\"async\" width=\"1024\" height=\"768\" src=\"https:\/\/patrimoineduquebec.com\/GaresduQuebec\/wp-content\/uploads\/2019\/09\/DSCN7630-1024x768.jpg\" alt=\"\" data-id=\"411\" data-link=\"https:\/\/patrimoineduquebec.com\/GaresduQuebec\/tring-jonction\/dscn7630\/\" class=\"wp-image-411\" srcset=\"https:\/\/patrimoineduquebec.com\/GaresduQuebec\/wp-content\/uploads\/2019\/09\/DSCN7630-1024x768.jpg 1024w, https:\/\/patrimoineduquebec.com\/GaresduQuebec\/wp-content\/uploads\/2019\/09\/DSCN7630-300x225.jpg 300w, https:\/\/patrimoineduquebec.com\/GaresduQuebec\/wp-content\/uploads\/2019\/09\/DSCN7630-768x576.jpg 768w\" sizes=\"auto, (max-width: 1024px) 100vw, 1024px\" \/><\/a><\/figure><\/li><li class=\"blocks-gallery-item\"><figure><a href=\"https:\/\/patrimoineduquebec.com\/GaresduQuebec\/wp-content\/uploads\/2019\/09\/DSCN7628-1024x768.jpeg\"><img loading=\"lazy\" decoding=\"async\" width=\"1024\" height=\"768\" src=\"https:\/\/patrimoineduquebec.com\/GaresduQuebec\/wp-content\/uploads\/2019\/09\/DSCN7628-1024x768.jpeg\" alt=\"\" data-id=\"412\" data-link=\"https:\/\/patrimoineduquebec.com\/GaresduQuebec\/tring-jonction\/dscn7628\/\" class=\"wp-image-412\" srcset=\"https:\/\/patrimoineduquebec.com\/GaresduQuebec\/wp-content\/uploads\/2019\/09\/DSCN7628-1024x768.jpeg 1024w, https:\/\/patrimoineduquebec.com\/GaresduQuebec\/wp-content\/uploads\/2019\/09\/DSCN7628-300x225.jpeg 300w, https:\/\/patrimoineduquebec.com\/GaresduQuebec\/wp-content\/uploads\/2019\/09\/DSCN7628-768x576.jpeg 768w\" sizes=\"auto, (max-width: 1024px) 100vw, 1024px\" \/><\/a><\/figure><\/li><li class=\"blocks-gallery-item\"><figure><a href=\"https:\/\/patrimoineduquebec.com\/GaresduQuebec\/wp-content\/uploads\/2019\/09\/P8012240-1024x768.jpeg\"><img loading=\"lazy\" decoding=\"async\" width=\"1024\" height=\"768\" src=\"https:\/\/patrimoineduquebec.com\/GaresduQuebec\/wp-content\/uploads\/2019\/09\/P8012240-1024x768.jpeg\" alt=\"\" data-id=\"413\" data-link=\"https:\/\/patrimoineduquebec.com\/GaresduQuebec\/tring-jonction\/olympus-digital-camera-29\/\" class=\"wp-image-413\" srcset=\"https:\/\/patrimoineduquebec.com\/GaresduQuebec\/wp-content\/uploads\/2019\/09\/P8012240-1024x768.jpeg 1024w, https:\/\/patrimoineduquebec.com\/GaresduQuebec\/wp-content\/uploads\/2019\/09\/P8012240-300x225.jpeg 300w, https:\/\/patrimoineduquebec.com\/GaresduQuebec\/wp-content\/uploads\/2019\/09\/P8012240-768x576.jpeg 768w\" sizes=\"auto, (max-width: 1024px) 100vw, 1024px\" \/><\/a><\/figure><\/li><li class=\"blocks-gallery-item\"><figure><a href=\"https:\/\/patrimoineduquebec.com\/GaresduQuebec\/wp-content\/uploads\/2019\/09\/P8012232-1024x768.jpeg\"><img loading=\"lazy\" decoding=\"async\" width=\"1024\" height=\"768\" src=\"https:\/\/patrimoineduquebec.com\/GaresduQuebec\/wp-content\/uploads\/2019\/09\/P8012232-1024x768.jpeg\" alt=\"\" data-id=\"414\" data-link=\"https:\/\/patrimoineduquebec.com\/GaresduQuebec\/tring-jonction\/olympus-digital-camera-30\/\" class=\"wp-image-414\" srcset=\"https:\/\/patrimoineduquebec.com\/GaresduQuebec\/wp-content\/uploads\/2019\/09\/P8012232-1024x768.jpeg 1024w, https:\/\/patrimoineduquebec.com\/GaresduQuebec\/wp-content\/uploads\/2019\/09\/P8012232-300x225.jpeg 300w, https:\/\/patrimoineduquebec.com\/GaresduQuebec\/wp-content\/uploads\/2019\/09\/P8012232-768x576.jpeg 768w\" sizes=\"auto, (max-width: 1024px) 100vw, 1024px\" \/><\/a><\/figure><\/li><li class=\"blocks-gallery-item\"><figure><a href=\"https:\/\/patrimoineduquebec.com\/GaresduQuebec\/wp-content\/uploads\/2019\/09\/P8010196-1024x768.jpeg\"><img loading=\"lazy\" decoding=\"async\" width=\"1024\" height=\"768\" src=\"https:\/\/patrimoineduquebec.com\/GaresduQuebec\/wp-content\/uploads\/2019\/09\/P8010196-1024x768.jpeg\" alt=\"\" data-id=\"415\" data-link=\"https:\/\/patrimoineduquebec.com\/GaresduQuebec\/tring-jonction\/olympus-digital-camera-31\/\" class=\"wp-image-415\" srcset=\"https:\/\/patrimoineduquebec.com\/GaresduQuebec\/wp-content\/uploads\/2019\/09\/P8010196-1024x768.jpeg 1024w, https:\/\/patrimoineduquebec.com\/GaresduQuebec\/wp-content\/uploads\/2019\/09\/P8010196-300x225.jpeg 300w, https:\/\/patrimoineduquebec.com\/GaresduQuebec\/wp-content\/uploads\/2019\/09\/P8010196-768x576.jpeg 768w\" sizes=\"auto, (max-width: 1024px) 100vw, 1024px\" \/><\/a><\/figure><\/li><li class=\"blocks-gallery-item\"><figure><a href=\"https:\/\/patrimoineduquebec.com\/GaresduQuebec\/wp-content\/uploads\/2019\/09\/P8012244-1024x768.jpeg\"><img loading=\"lazy\" decoding=\"async\" width=\"1024\" height=\"768\" src=\"https:\/\/patrimoineduquebec.com\/GaresduQuebec\/wp-content\/uploads\/2019\/09\/P8012244-1024x768.jpeg\" alt=\"\" data-id=\"417\" data-link=\"https:\/\/patrimoineduquebec.com\/GaresduQuebec\/tring-jonction\/olympus-digital-camera-32\/\" class=\"wp-image-417\" srcset=\"https:\/\/patrimoineduquebec.com\/GaresduQuebec\/wp-content\/uploads\/2019\/09\/P8012244-1024x768.jpeg 1024w, https:\/\/patrimoineduquebec.com\/GaresduQuebec\/wp-content\/uploads\/2019\/09\/P8012244-300x225.jpeg 300w, https:\/\/patrimoineduquebec.com\/GaresduQuebec\/wp-content\/uploads\/2019\/09\/P8012244-768x576.jpeg 768w\" sizes=\"auto, (max-width: 1024px) 100vw, 1024px\" \/><\/a><\/figure><\/li><li class=\"blocks-gallery-item\"><figure><a href=\"https:\/\/patrimoineduquebec.com\/GaresduQuebec\/wp-content\/uploads\/2019\/10\/B-gare-de-tring-jonction-facebook-2.jpeg\"><img loading=\"lazy\" decoding=\"async\" width=\"701\" height=\"885\" src=\"https:\/\/patrimoineduquebec.com\/GaresduQuebec\/wp-content\/uploads\/2019\/10\/B-gare-de-tring-jonction-facebook-2.jpeg\" alt=\"\" data-id=\"1844\" data-link=\"https:\/\/patrimoineduquebec.com\/GaresduQuebec\/tring-jonction\/b-gare-de-tring-jonction-facebook-2\/\" class=\"wp-image-1844\" srcset=\"https:\/\/patrimoineduquebec.com\/GaresduQuebec\/wp-content\/uploads\/2019\/10\/B-gare-de-tring-jonction-facebook-2.jpeg 701w, https:\/\/patrimoineduquebec.com\/GaresduQuebec\/wp-content\/uploads\/2019\/10\/B-gare-de-tring-jonction-facebook-2-238x300.jpeg 238w\" sizes=\"auto, (max-width: 701px) 100vw, 701px\" \/><\/a><figcaption>Photo Facebook<\/figcaption><\/figure><\/li><li class=\"blocks-gallery-item\"><figure><a href=\"https:\/\/patrimoineduquebec.com\/GaresduQuebec\/wp-content\/uploads\/2019\/10\/B-gare-de-tring-jonction-facebook-1024x503.jpeg\"><img loading=\"lazy\" decoding=\"async\" width=\"1024\" height=\"503\" src=\"https:\/\/patrimoineduquebec.com\/GaresduQuebec\/wp-content\/uploads\/2019\/10\/B-gare-de-tring-jonction-facebook-1024x503.jpeg\" alt=\"\" data-id=\"1843\" data-link=\"https:\/\/patrimoineduquebec.com\/GaresduQuebec\/tring-jonction\/b-gare-de-tring-jonction-facebook\/\" class=\"wp-image-1843\" srcset=\"https:\/\/patrimoineduquebec.com\/GaresduQuebec\/wp-content\/uploads\/2019\/10\/B-gare-de-tring-jonction-facebook-1024x503.jpeg 1024w, https:\/\/patrimoineduquebec.com\/GaresduQuebec\/wp-content\/uploads\/2019\/10\/B-gare-de-tring-jonction-facebook-300x147.jpeg 300w, https:\/\/patrimoineduquebec.com\/GaresduQuebec\/wp-content\/uploads\/2019\/10\/B-gare-de-tring-jonction-facebook-768x377.jpeg 768w, https:\/\/patrimoineduquebec.com\/GaresduQuebec\/wp-content\/uploads\/2019\/10\/B-gare-de-tring-jonction-facebook.jpeg 1462w\" sizes=\"auto, (max-width: 1024px) 100vw, 1024px\" \/><\/a><figcaption>Photo Facebook<\/figcaption><\/figure><\/li><li class=\"blocks-gallery-item\"><figure><a href=\"https:\/\/patrimoineduquebec.com\/GaresduQuebec\/wp-content\/uploads\/2019\/10\/A-gare-de-tring-jonction-facebook-1024x652.jpeg\"><img loading=\"lazy\" decoding=\"async\" width=\"1024\" height=\"652\" src=\"https:\/\/patrimoineduquebec.com\/GaresduQuebec\/wp-content\/uploads\/2019\/10\/A-gare-de-tring-jonction-facebook-1024x652.jpeg\" alt=\"\" data-id=\"1882\" data-link=\"https:\/\/patrimoineduquebec.com\/GaresduQuebec\/tring-jonction\/a-gare-de-tring-jonction-facebook\/\" class=\"wp-image-1882\" srcset=\"https:\/\/patrimoineduquebec.com\/GaresduQuebec\/wp-content\/uploads\/2019\/10\/A-gare-de-tring-jonction-facebook-1024x652.jpeg 1024w, https:\/\/patrimoineduquebec.com\/GaresduQuebec\/wp-content\/uploads\/2019\/10\/A-gare-de-tring-jonction-facebook-300x191.jpeg 300w, https:\/\/patrimoineduquebec.com\/GaresduQuebec\/wp-content\/uploads\/2019\/10\/A-gare-de-tring-jonction-facebook-768x489.jpeg 768w, https:\/\/patrimoineduquebec.com\/GaresduQuebec\/wp-content\/uploads\/2019\/10\/A-gare-de-tring-jonction-facebook.jpeg 1344w\" sizes=\"auto, (max-width: 1024px) 100vw, 1024px\" \/><\/a><figcaption>Photo Facebook<\/figcaption><\/figure><\/li><\/ul>\n\n\n\n<p><\/p>\n","protected":false},"excerpt":{"rendered":"<p>Architecture La gare de Tring-Jonction, cit\u00e9e monument historique, est une gare ferroviaire construite en 1914. Ce b\u00e2timent en blocs de ciment imitant la pierre, de plan rectangulaire \u00e0 un \u00e9tage, est coiff\u00e9 d&rsquo;un imposant toit \u00e0 croupes se prolongeant au-del\u00e0 des murs. Ses larges avant-toits sont support\u00e9s par des consoles. Ses deux fa\u00e7ades principales sont [&hellip;]<\/p>\n","protected":false},"author":1,"featured_media":0,"parent":0,"menu_order":0,"comment_status":"closed","ping_status":"closed","template":"","meta":{"footnotes":""},"class_list":["post-407","page","type-page","status-publish","hentry"],"_links":{"self":[{"href":"https:\/\/patrimoineduquebec.com\/GaresduQuebec\/wp-json\/wp\/v2\/pages\/407","targetHints":{"allow":["GET"]}}],"collection":[{"href":"https:\/\/patrimoineduquebec.com\/GaresduQuebec\/wp-json\/wp\/v2\/pages"}],"about":[{"href":"https:\/\/patrimoineduquebec.com\/GaresduQuebec\/wp-json\/wp\/v2\/types\/page"}],"author":[{"embeddable":true,"href":"https:\/\/patrimoineduquebec.com\/GaresduQuebec\/wp-json\/wp\/v2\/users\/1"}],"replies":[{"embeddable":true,"href":"https:\/\/patrimoineduquebec.com\/GaresduQuebec\/wp-json\/wp\/v2\/comments?post=407"}],"version-history":[{"count":8,"href":"https:\/\/patrimoineduquebec.com\/GaresduQuebec\/wp-json\/wp\/v2\/pages\/407\/revisions"}],"predecessor-version":[{"id":1883,"href":"https:\/\/patrimoineduquebec.com\/GaresduQuebec\/wp-json\/wp\/v2\/pages\/407\/revisions\/1883"}],"wp:attachment":[{"href":"https:\/\/patrimoineduquebec.com\/GaresduQuebec\/wp-json\/wp\/v2\/media?parent=407"}],"curies":[{"name":"wp","href":"https:\/\/api.w.org\/{rel}","templated":true}]}}