{"id":399,"date":"2019-09-26T14:07:44","date_gmt":"2019-09-26T14:07:44","guid":{"rendered":"https:\/\/patrimoineduquebec.com\/GaresduQuebec\/?page_id=399"},"modified":"2019-10-25T16:05:55","modified_gmt":"2019-10-25T16:05:55","slug":"saint-agapit","status":"publish","type":"page","link":"https:\/\/patrimoineduquebec.com\/GaresduQuebec\/saint-agapit\/","title":{"rendered":"Saint-Agapit"},"content":{"rendered":"\n<div class=\"wp-block-image\"><figure class=\"aligncenter\"><a href=\"https:\/\/patrimoineduquebec.com\/GaresduQuebec\/wp-content\/uploads\/2019\/09\/IMG_4909.jpeg\"><img loading=\"lazy\" decoding=\"async\" width=\"1024\" height=\"683\" src=\"https:\/\/patrimoineduquebec.com\/GaresduQuebec\/wp-content\/uploads\/2019\/09\/IMG_4909-1024x683.jpeg\" alt=\"\" class=\"wp-image-400\" srcset=\"https:\/\/patrimoineduquebec.com\/GaresduQuebec\/wp-content\/uploads\/2019\/09\/IMG_4909-1024x683.jpeg 1024w, https:\/\/patrimoineduquebec.com\/GaresduQuebec\/wp-content\/uploads\/2019\/09\/IMG_4909-300x200.jpeg 300w, https:\/\/patrimoineduquebec.com\/GaresduQuebec\/wp-content\/uploads\/2019\/09\/IMG_4909-768x512.jpeg 768w\" sizes=\"auto, (max-width: 1024px) 100vw, 1024px\" \/><\/a><\/figure><\/div>\n\n\n\n<p><strong>Histoire<\/strong><br><\/p>\n\n\n\n<p>L\u2019ancienne gare de la municipalit\u00e9 de&nbsp;Saint-Agapit&nbsp;a \u00e9t\u00e9 restaur\u00e9e gr\u00e2ce au soutien financier du gouvernement du Qu\u00e9bec et de la&nbsp;MRC de Lotbini\u00e8re. Apr\u00e8s la r\u00e9alisation de ce projet de r\u00e9fection, la gare sise le long du trajet du&nbsp;parc lin\u00e9aire de la MRC de Lotbini\u00e8re&nbsp;et du&nbsp;sentier Transcanadien&nbsp;est devenue une superbe halte et un site de services pour les promeneurs. Des produits artisanaux locaux et des textiles y sont pr\u00e9sent\u00e9s.<br><\/p>\n\n\n\n<p>Des dizaines d\u2019arbres ont \u00e9t\u00e9 plant\u00e9s autour de la gare de&nbsp;Saint-Agapit, en collaboration avec la p\u00e9pini\u00e8re Dominique-Savio de Marieville.<br><\/p>\n\n\n\n<p>La premi\u00e8re gare de&nbsp;Saint-Agapit&nbsp;a \u00e9t\u00e9 \u00e9rig\u00e9e en 1853, lors de la construction de la premi\u00e8re ligne du chemin de fer du&nbsp;Grand Tronc. \u00c0 l\u2019\u00e9poque, elle \u00e9tait connue sous le nom de \u00abgare de Black River\u00bb. La gare actuelle a \u00e9t\u00e9 \u00e9rig\u00e9e en 1920. Elle fut ferm\u00e9e en 1970, puis, en 2006, le b\u00e2timent fut am\u00e9nag\u00e9 comme point de services pour les touristes.<br><\/p>\n\n\n\n<p>Notons que la gare \u00e9tait vou\u00e9e \u00e0 la d\u00e9molition en 1991 et c\u2019est la t\u00e9nacit\u00e9 des r\u00e9sidents de&nbsp;Saint-Agapit&nbsp;qui a permis de faire revivre cet \u00e9difice en lui attribuant sa vocation actuelle.&nbsp;&nbsp;<\/p>\n\n\n\n<p class=\"has-text-color has-vivid-cyan-blue-color\"><br>Source : <a rel=\"noreferrer noopener\" aria-label=\"GrandQu\u00e9bec (s\u2019ouvre dans un nouvel onglet)\" href=\"http:\/\/grandquebec.com\/chaudiere-appalaches\/gare-de-st-agapit\/\" target=\"_blank\">GrandQu\u00e9bec<\/a><\/p>\n\n\n\n<p>Photos : Monique Bellemare<\/p>\n\n\n\n<ul class=\"wp-block-gallery columns-3 is-cropped wp-block-gallery-1 is-layout-flex wp-block-gallery-is-layout-flex\"><li class=\"blocks-gallery-item\"><figure><a href=\"https:\/\/patrimoineduquebec.com\/GaresduQuebec\/wp-content\/uploads\/2019\/09\/IMG_4910-1024x683.jpeg\"><img loading=\"lazy\" decoding=\"async\" width=\"1024\" height=\"683\" src=\"https:\/\/patrimoineduquebec.com\/GaresduQuebec\/wp-content\/uploads\/2019\/09\/IMG_4910-1024x683.jpeg\" alt=\"\" data-id=\"401\" data-link=\"https:\/\/patrimoineduquebec.com\/GaresduQuebec\/saint-agapit\/img_4910\/\" class=\"wp-image-401\" srcset=\"https:\/\/patrimoineduquebec.com\/GaresduQuebec\/wp-content\/uploads\/2019\/09\/IMG_4910-1024x683.jpeg 1024w, https:\/\/patrimoineduquebec.com\/GaresduQuebec\/wp-content\/uploads\/2019\/09\/IMG_4910-300x200.jpeg 300w, https:\/\/patrimoineduquebec.com\/GaresduQuebec\/wp-content\/uploads\/2019\/09\/IMG_4910-768x512.jpeg 768w\" sizes=\"auto, (max-width: 1024px) 100vw, 1024px\" \/><\/a><\/figure><\/li><li class=\"blocks-gallery-item\"><figure><a href=\"https:\/\/patrimoineduquebec.com\/GaresduQuebec\/wp-content\/uploads\/2019\/09\/IMG_4916-1024x683.jpeg\"><img loading=\"lazy\" decoding=\"async\" width=\"1024\" height=\"683\" src=\"https:\/\/patrimoineduquebec.com\/GaresduQuebec\/wp-content\/uploads\/2019\/09\/IMG_4916-1024x683.jpeg\" alt=\"\" data-id=\"402\" data-link=\"https:\/\/patrimoineduquebec.com\/GaresduQuebec\/saint-agapit\/img_4916\/\" class=\"wp-image-402\" srcset=\"https:\/\/patrimoineduquebec.com\/GaresduQuebec\/wp-content\/uploads\/2019\/09\/IMG_4916-1024x683.jpeg 1024w, https:\/\/patrimoineduquebec.com\/GaresduQuebec\/wp-content\/uploads\/2019\/09\/IMG_4916-300x200.jpeg 300w, https:\/\/patrimoineduquebec.com\/GaresduQuebec\/wp-content\/uploads\/2019\/09\/IMG_4916-768x512.jpeg 768w\" sizes=\"auto, (max-width: 1024px) 100vw, 1024px\" \/><\/a><\/figure><\/li><li class=\"blocks-gallery-item\"><figure><a href=\"https:\/\/patrimoineduquebec.com\/GaresduQuebec\/wp-content\/uploads\/2019\/09\/IMG_4913-1024x683.jpeg\"><img loading=\"lazy\" decoding=\"async\" width=\"1024\" height=\"683\" src=\"https:\/\/patrimoineduquebec.com\/GaresduQuebec\/wp-content\/uploads\/2019\/09\/IMG_4913-1024x683.jpeg\" alt=\"\" data-id=\"403\" data-link=\"https:\/\/patrimoineduquebec.com\/GaresduQuebec\/saint-agapit\/img_4913\/\" class=\"wp-image-403\" srcset=\"https:\/\/patrimoineduquebec.com\/GaresduQuebec\/wp-content\/uploads\/2019\/09\/IMG_4913-1024x683.jpeg 1024w, https:\/\/patrimoineduquebec.com\/GaresduQuebec\/wp-content\/uploads\/2019\/09\/IMG_4913-300x200.jpeg 300w, https:\/\/patrimoineduquebec.com\/GaresduQuebec\/wp-content\/uploads\/2019\/09\/IMG_4913-768x512.jpeg 768w\" sizes=\"auto, (max-width: 1024px) 100vw, 1024px\" \/><\/a><\/figure><\/li><li class=\"blocks-gallery-item\"><figure><a href=\"https:\/\/patrimoineduquebec.com\/GaresduQuebec\/wp-content\/uploads\/2019\/10\/D-gare-de-saint-agapit-municipalit\u00e9.jpeg\"><img loading=\"lazy\" decoding=\"async\" width=\"829\" height=\"166\" src=\"https:\/\/patrimoineduquebec.com\/GaresduQuebec\/wp-content\/uploads\/2019\/10\/D-gare-de-saint-agapit-municipalit\u00e9.jpeg\" alt=\"\" data-id=\"1728\" data-link=\"https:\/\/patrimoineduquebec.com\/GaresduQuebec\/saint-agapit\/d-gare-de-saint-agapit-municipalite\/\" class=\"wp-image-1728\" srcset=\"https:\/\/patrimoineduquebec.com\/GaresduQuebec\/wp-content\/uploads\/2019\/10\/D-gare-de-saint-agapit-municipalit\u00e9.jpeg 829w, https:\/\/patrimoineduquebec.com\/GaresduQuebec\/wp-content\/uploads\/2019\/10\/D-gare-de-saint-agapit-municipalit\u00e9-300x60.jpeg 300w, https:\/\/patrimoineduquebec.com\/GaresduQuebec\/wp-content\/uploads\/2019\/10\/D-gare-de-saint-agapit-municipalit\u00e9-768x154.jpeg 768w\" sizes=\"auto, (max-width: 829px) 100vw, 829px\" \/><\/a><figcaption>Municipalit\u00e9 de Saint-Agapit<\/figcaption><\/figure><\/li><\/ul>\n","protected":false},"excerpt":{"rendered":"<p>Histoire L\u2019ancienne gare de la municipalit\u00e9 de&nbsp;Saint-Agapit&nbsp;a \u00e9t\u00e9 restaur\u00e9e gr\u00e2ce au soutien financier du gouvernement du Qu\u00e9bec et de la&nbsp;MRC de Lotbini\u00e8re. Apr\u00e8s la r\u00e9alisation de ce projet de r\u00e9fection, la gare sise le long du trajet du&nbsp;parc lin\u00e9aire de la MRC de Lotbini\u00e8re&nbsp;et du&nbsp;sentier Transcanadien&nbsp;est devenue une superbe halte et un site de services [&hellip;]<\/p>\n","protected":false},"author":1,"featured_media":0,"parent":0,"menu_order":0,"comment_status":"closed","ping_status":"closed","template":"","meta":{"footnotes":""},"class_list":["post-399","page","type-page","status-publish","hentry"],"_links":{"self":[{"href":"https:\/\/patrimoineduquebec.com\/GaresduQuebec\/wp-json\/wp\/v2\/pages\/399","targetHints":{"allow":["GET"]}}],"collection":[{"href":"https:\/\/patrimoineduquebec.com\/GaresduQuebec\/wp-json\/wp\/v2\/pages"}],"about":[{"href":"https:\/\/patrimoineduquebec.com\/GaresduQuebec\/wp-json\/wp\/v2\/types\/page"}],"author":[{"embeddable":true,"href":"https:\/\/patrimoineduquebec.com\/GaresduQuebec\/wp-json\/wp\/v2\/users\/1"}],"replies":[{"embeddable":true,"href":"https:\/\/patrimoineduquebec.com\/GaresduQuebec\/wp-json\/wp\/v2\/comments?post=399"}],"version-history":[{"count":7,"href":"https:\/\/patrimoineduquebec.com\/GaresduQuebec\/wp-json\/wp\/v2\/pages\/399\/revisions"}],"predecessor-version":[{"id":1897,"href":"https:\/\/patrimoineduquebec.com\/GaresduQuebec\/wp-json\/wp\/v2\/pages\/399\/revisions\/1897"}],"wp:attachment":[{"href":"https:\/\/patrimoineduquebec.com\/GaresduQuebec\/wp-json\/wp\/v2\/media?parent=399"}],"curies":[{"name":"wp","href":"https:\/\/api.w.org\/{rel}","templated":true}]}}