{"id":378,"date":"2019-09-26T13:23:02","date_gmt":"2019-09-26T13:23:02","guid":{"rendered":"https:\/\/patrimoineduquebec.com\/GaresduQuebec\/?page_id=378"},"modified":"2019-09-28T17:47:20","modified_gmt":"2019-09-28T17:47:20","slug":"laurier-station","status":"publish","type":"page","link":"https:\/\/patrimoineduquebec.com\/GaresduQuebec\/laurier-station\/","title":{"rendered":"Laurier-Station"},"content":{"rendered":"\n<div class=\"wp-block-image\"><figure class=\"aligncenter\"><a href=\"https:\/\/patrimoineduquebec.com\/GaresduQuebec\/wp-content\/uploads\/2019\/09\/P8082688.jpeg\"><img loading=\"lazy\" decoding=\"async\" width=\"1024\" height=\"768\" src=\"https:\/\/patrimoineduquebec.com\/GaresduQuebec\/wp-content\/uploads\/2019\/09\/P8082688-1024x768.jpeg\" alt=\"\" class=\"wp-image-379\" srcset=\"https:\/\/patrimoineduquebec.com\/GaresduQuebec\/wp-content\/uploads\/2019\/09\/P8082688-1024x768.jpeg 1024w, https:\/\/patrimoineduquebec.com\/GaresduQuebec\/wp-content\/uploads\/2019\/09\/P8082688-300x225.jpeg 300w, https:\/\/patrimoineduquebec.com\/GaresduQuebec\/wp-content\/uploads\/2019\/09\/P8082688-768x576.jpeg 768w\" sizes=\"auto, (max-width: 1024px) 100vw, 1024px\" \/><\/a><\/figure><\/div>\n\n\n\n<p><strong>Histoire de la municipalit\u00e9<\/strong><br><\/p>\n\n\n\n<p>Faisant autrefois partie du territoire de Saint-Flavien Paroisse, c\u2019est en 1951 qu\u2019est constitu\u00e9e officiellement la municipalit\u00e9 de Laurier-Station. C\u2019est suite \u00e0 l\u2019implantation d\u2019une gare de chemin de fer \u00e0 la fin des ann\u00e9es 1880, cr\u00e9\u00e9e pour faciliter l\u2019exploitation du bois, qu\u2019on constate vraiment un d\u00e9veloppement rapide dans cette portion de la paroisse.<\/p>\n\n\n\n<p><strong>La gare de Laurier<\/strong><br><\/p>\n\n\n\n<p>Voici un extrait d\u2019un article paru dans&nbsp;<em>l\u2019Express&nbsp;<\/em>qui montre bien l\u2019importance de la gare de Laurier-Station.<br><\/p>\n\n\n\n<p>\u00abIl est certain que la construction du chemin de fer et de la gare a contribu\u00e9 \u00e0 la naissance de Laurier-Station.<\/p>\n\n\n\n<p>Le train \u00e9tait alors le moyen de transport le plus utilis\u00e9, autant pour les marchandises que pour les passagers qui venaient de toutes les paroisses avoisinantes. On allait \u00e0 Qu\u00e9bec, c\u2019est \u00e0 bord du Deschaillons qu\u2019on montait. Il partait de Laurier tous les matins \u00e0 7 heures pour \u00eatre de retour aux environs de 7 heures trente le soir. Si on voulait plut\u00f4t se rendre \u00e0 Montr\u00e9al, c\u2019est \u00e0 bord de l\u2019Express qu\u2019il fallait s\u2019embarquer. Celui-ci arr\u00eatait tous les jours \u00e0 Laurier-Station pour y prendre des marchandises ou des voyageurs. De l\u00e0, est n\u00e9e l\u2019expression \u00ab envoyer \u00e7a par express \u00bb.<br><\/p>\n\n\n\n<p>Pas besoin de vous dire qu\u2019il y avait toujours du monde \u00e0 la gare. Les postillons venaient y cueillir leur malle, les commer\u00e7ants s\u2019y rendaient pour envoyer ou recevoir leurs commandes alors que d\u2019autres y allaient simplement conduire un proche au train et le voir partir. Apr\u00e8s la r\u00e9ception, plusieurs accompagnaient les jeunes tourtereaux partant pour le traditionnel voyage de noces. \u00c0 l\u2019arriv\u00e9e des beaux jours, on se rendait \u00e0 la gare pour jaser en guettant l\u2019arriv\u00e9e des belles cousines qui venaient en promenade \u00e0 la campagne ou le retour des gars de chantier apr\u00e8s un long hiver. M\u00eame s\u2019il n\u2019y avait pas de bar dans les trains, on raconte que plusieurs manquaient souvent la derni\u00e8re marche \u00e0 leur descente.<br><\/p>\n\n\n\n<p>Si la gare pouvait parler, que de souvenirs elle pourrait nous raconter. Toute l\u2019histoire de Laurier est intimement li\u00e9e aux trains. Nous leur devons la naissance et la prosp\u00e9rit\u00e9 de notre village. Ils m\u00e9ritent bien qu\u2019on tol\u00e8re leur pr\u00e9sence malgr\u00e9 les inconv\u00e9nients qu\u2019ils entra\u00eenent sur leur passage\u00bb.<\/p>\n\n\n\n<p>G\u00e9rald Lagani\u00e8re<br><\/p>\n\n\n\n<p class=\"has-text-color has-vivid-cyan-blue-color\">Sou<a rel=\"noreferrer noopener\" aria-label=\"rce : Ville de Laurier-Station (s\u2019ouvre dans un nouvel onglet)\" href=\"https:\/\/www.ville.laurier-station.qc.ca\/histoire\" target=\"_blank\">rce : Ville de Laurier-Station<\/a><\/p>\n\n\n\n<p>Photos : Sylvain St-Jean<\/p>\n\n\n\n<ul class=\"wp-block-gallery columns-3 is-cropped wp-block-gallery-1 is-layout-flex wp-block-gallery-is-layout-flex\"><li class=\"blocks-gallery-item\"><figure><a href=\"https:\/\/patrimoineduquebec.com\/GaresduQuebec\/wp-content\/uploads\/2019\/09\/P8082687-1024x768.jpeg\"><img loading=\"lazy\" decoding=\"async\" width=\"1024\" height=\"768\" src=\"https:\/\/patrimoineduquebec.com\/GaresduQuebec\/wp-content\/uploads\/2019\/09\/P8082687-1024x768.jpeg\" alt=\"\" data-id=\"380\" data-link=\"https:\/\/patrimoineduquebec.com\/GaresduQuebec\/laurier-station\/laurier-station-2\/\" class=\"wp-image-380\" srcset=\"https:\/\/patrimoineduquebec.com\/GaresduQuebec\/wp-content\/uploads\/2019\/09\/P8082687-1024x768.jpeg 1024w, https:\/\/patrimoineduquebec.com\/GaresduQuebec\/wp-content\/uploads\/2019\/09\/P8082687-300x225.jpeg 300w, https:\/\/patrimoineduquebec.com\/GaresduQuebec\/wp-content\/uploads\/2019\/09\/P8082687-768x576.jpeg 768w\" sizes=\"auto, (max-width: 1024px) 100vw, 1024px\" \/><\/a><\/figure><\/li><li class=\"blocks-gallery-item\"><figure><a href=\"https:\/\/patrimoineduquebec.com\/GaresduQuebec\/wp-content\/uploads\/2019\/09\/P8082686-1024x768.jpeg\"><img loading=\"lazy\" decoding=\"async\" width=\"1024\" height=\"768\" src=\"https:\/\/patrimoineduquebec.com\/GaresduQuebec\/wp-content\/uploads\/2019\/09\/P8082686-1024x768.jpeg\" alt=\"\" data-id=\"381\" data-link=\"https:\/\/patrimoineduquebec.com\/GaresduQuebec\/laurier-station\/laurier-station-3\/\" class=\"wp-image-381\" srcset=\"https:\/\/patrimoineduquebec.com\/GaresduQuebec\/wp-content\/uploads\/2019\/09\/P8082686-1024x768.jpeg 1024w, https:\/\/patrimoineduquebec.com\/GaresduQuebec\/wp-content\/uploads\/2019\/09\/P8082686-300x225.jpeg 300w, https:\/\/patrimoineduquebec.com\/GaresduQuebec\/wp-content\/uploads\/2019\/09\/P8082686-768x576.jpeg 768w\" sizes=\"auto, (max-width: 1024px) 100vw, 1024px\" \/><\/a><\/figure><\/li><li class=\"blocks-gallery-item\"><figure><a href=\"https:\/\/patrimoineduquebec.com\/GaresduQuebec\/wp-content\/uploads\/2019\/09\/P8082689-1024x768.jpeg\"><img loading=\"lazy\" decoding=\"async\" width=\"1024\" height=\"768\" src=\"https:\/\/patrimoineduquebec.com\/GaresduQuebec\/wp-content\/uploads\/2019\/09\/P8082689-1024x768.jpeg\" alt=\"\" data-id=\"382\" data-link=\"https:\/\/patrimoineduquebec.com\/GaresduQuebec\/laurier-station\/laurier-station-4\/\" class=\"wp-image-382\" srcset=\"https:\/\/patrimoineduquebec.com\/GaresduQuebec\/wp-content\/uploads\/2019\/09\/P8082689-1024x768.jpeg 1024w, https:\/\/patrimoineduquebec.com\/GaresduQuebec\/wp-content\/uploads\/2019\/09\/P8082689-300x225.jpeg 300w, https:\/\/patrimoineduquebec.com\/GaresduQuebec\/wp-content\/uploads\/2019\/09\/P8082689-768x576.jpeg 768w\" sizes=\"auto, (max-width: 1024px) 100vw, 1024px\" \/><\/a><\/figure><\/li><li class=\"blocks-gallery-item\"><figure><a href=\"https:\/\/patrimoineduquebec.com\/GaresduQuebec\/wp-content\/uploads\/2019\/09\/968728_087b26e22c8c4f668193d710dcfdcc6d-1024x557.jpg\"><img loading=\"lazy\" decoding=\"async\" width=\"1024\" height=\"557\" src=\"https:\/\/patrimoineduquebec.com\/GaresduQuebec\/wp-content\/uploads\/2019\/09\/968728_087b26e22c8c4f668193d710dcfdcc6d-1024x557.jpg\" alt=\"\" data-id=\"384\" data-link=\"https:\/\/patrimoineduquebec.com\/GaresduQuebec\/laurier-station\/968728_087b26e22c8c4f668193d710dcfdcc6d\/\" class=\"wp-image-384\" srcset=\"https:\/\/patrimoineduquebec.com\/GaresduQuebec\/wp-content\/uploads\/2019\/09\/968728_087b26e22c8c4f668193d710dcfdcc6d-1024x557.jpg 1024w, https:\/\/patrimoineduquebec.com\/GaresduQuebec\/wp-content\/uploads\/2019\/09\/968728_087b26e22c8c4f668193d710dcfdcc6d-300x163.jpg 300w, https:\/\/patrimoineduquebec.com\/GaresduQuebec\/wp-content\/uploads\/2019\/09\/968728_087b26e22c8c4f668193d710dcfdcc6d-768x418.jpg 768w, https:\/\/patrimoineduquebec.com\/GaresduQuebec\/wp-content\/uploads\/2019\/09\/968728_087b26e22c8c4f668193d710dcfdcc6d.jpg 1293w\" sizes=\"auto, (max-width: 1024px) 100vw, 1024px\" \/><\/a><figcaption>La premi\u00e8re gare de Laurier-Station, de 1899 \u00e0 1918   (Source : Soci\u00e9t\u00e9 patrimoine et histoire des seigneuries de Lotbini\u00e8re)<\/figcaption><\/figure><\/li><\/ul>\n","protected":false},"excerpt":{"rendered":"<p>Histoire de la municipalit\u00e9 Faisant autrefois partie du territoire de Saint-Flavien Paroisse, c\u2019est en 1951 qu\u2019est constitu\u00e9e officiellement la municipalit\u00e9 de Laurier-Station. C\u2019est suite \u00e0 l\u2019implantation d\u2019une gare de chemin de fer \u00e0 la fin des ann\u00e9es 1880, cr\u00e9\u00e9e pour faciliter l\u2019exploitation du bois, qu\u2019on constate vraiment un d\u00e9veloppement rapide dans cette portion de la [&hellip;]<\/p>\n","protected":false},"author":1,"featured_media":0,"parent":0,"menu_order":0,"comment_status":"closed","ping_status":"closed","template":"","meta":{"footnotes":""},"class_list":["post-378","page","type-page","status-publish","hentry"],"_links":{"self":[{"href":"https:\/\/patrimoineduquebec.com\/GaresduQuebec\/wp-json\/wp\/v2\/pages\/378","targetHints":{"allow":["GET"]}}],"collection":[{"href":"https:\/\/patrimoineduquebec.com\/GaresduQuebec\/wp-json\/wp\/v2\/pages"}],"about":[{"href":"https:\/\/patrimoineduquebec.com\/GaresduQuebec\/wp-json\/wp\/v2\/types\/page"}],"author":[{"embeddable":true,"href":"https:\/\/patrimoineduquebec.com\/GaresduQuebec\/wp-json\/wp\/v2\/users\/1"}],"replies":[{"embeddable":true,"href":"https:\/\/patrimoineduquebec.com\/GaresduQuebec\/wp-json\/wp\/v2\/comments?post=378"}],"version-history":[{"count":5,"href":"https:\/\/patrimoineduquebec.com\/GaresduQuebec\/wp-json\/wp\/v2\/pages\/378\/revisions"}],"predecessor-version":[{"id":707,"href":"https:\/\/patrimoineduquebec.com\/GaresduQuebec\/wp-json\/wp\/v2\/pages\/378\/revisions\/707"}],"wp:attachment":[{"href":"https:\/\/patrimoineduquebec.com\/GaresduQuebec\/wp-json\/wp\/v2\/media?parent=378"}],"curies":[{"name":"wp","href":"https:\/\/api.w.org\/{rel}","templated":true}]}}