{"id":340,"date":"2019-09-25T22:58:25","date_gmt":"2019-09-25T22:58:25","guid":{"rendered":"https:\/\/patrimoineduquebec.com\/GaresduQuebec\/?page_id=340"},"modified":"2019-10-08T15:00:53","modified_gmt":"2019-10-08T15:00:53","slug":"charny","status":"publish","type":"page","link":"https:\/\/patrimoineduquebec.com\/GaresduQuebec\/charny\/","title":{"rendered":"Charny"},"content":{"rendered":"\n<div class=\"wp-block-image\"><figure class=\"aligncenter\"><a href=\"https:\/\/patrimoineduquebec.com\/GaresduQuebec\/wp-content\/uploads\/2019\/09\/IMG_5223.jpeg\"><img loading=\"lazy\" decoding=\"async\" width=\"1024\" height=\"683\" src=\"https:\/\/patrimoineduquebec.com\/GaresduQuebec\/wp-content\/uploads\/2019\/09\/IMG_5223-1024x683.jpeg\" alt=\"\" class=\"wp-image-343\" srcset=\"https:\/\/patrimoineduquebec.com\/GaresduQuebec\/wp-content\/uploads\/2019\/09\/IMG_5223-1024x683.jpeg 1024w, https:\/\/patrimoineduquebec.com\/GaresduQuebec\/wp-content\/uploads\/2019\/09\/IMG_5223-300x200.jpeg 300w, https:\/\/patrimoineduquebec.com\/GaresduQuebec\/wp-content\/uploads\/2019\/09\/IMG_5223-768x512.jpeg 768w\" sizes=\"auto, (max-width: 1024px) 100vw, 1024px\" \/><\/a><\/figure><\/div>\n\n\n\n<p><strong>Histoire<\/strong><br><\/p>\n\n\n\n<p>Gare situ\u00e9e au 2326 rue de la Gare \u00e0 Charny. Depuis 2002, Charny est devenu un quartier de la ville de L\u00e9vis.<br><\/p>\n\n\n\n<p>En 1880, la compagnie de chemin de fer Intercolonial \u00e9rige \u00e0 Charny un complexe ferroviaire qui abrite une gare de triage et sert de lieu de jonction pour quatre lignes de chemins de fer. Parmi les structures construites, on remarque une rotonde baptis\u00e9e Joffre en 1919, nom choisi par des v\u00e9t\u00e9rans canadiens ayant combattu sous les ordres du mar\u00e9chal fran\u00e7ais, Joseph Joffre, lors de la&nbsp;premi\u00e8re guerre mondiale.<br><\/p>\n\n\n\n<p>Gr\u00e2ce \u00e0 la pr\u00e9sence du centre ferroviare, la municipalit\u00e9 de Charny conna\u00eet un essor \u00e9conomique certain. Pendant les derni\u00e8res d\u00e9cennies du XIXe si\u00e8cle et au cours du XXe si\u00e8cle, la vie \u00e9conomique de Charny \u00e9tait li\u00e9e en grande partie au chemin de fer du&nbsp;Canadian National. En effet, la rotonde Joffre repr\u00e9sentait l\u2019un des plus grands chantiers de la compagnie. Autour du si\u00e8ge du CN, des commerces se sont ouverts et la localit\u00e9 est devenue une banlieue prosp\u00e8re. Vers les ann\u00e9es 1950, environ 70% de la population active de Charny travaillait dans le centre ferroviaire.<br><\/p>\n\n\n\n<p>La rotonde \u00e9tait utilis\u00e9e pour l\u2019entretien des locomotives \u00e0 vapeur et des diesels, et ce, jusqu\u2019aux ann\u00e9es 1980. Aujourd\u2019hui, on y entretient et r\u00e9pare diverses structures des voies ferr\u00e9es, et la rotonde Joffre est la seule \u00e0 \u00eatre encore en fonction au Canada.<br><\/p>\n\n\n\n<p class=\"has-text-color has-very-dark-gray-color\">La gare actuelle remplace la gare de la compagnie Intercoloniale du Canada, laquelle rempla\u00e7ait la vieille gare du Grand-Tronc.<\/p>\n\n\n\n<p class=\"has-text-color has-vivid-cyan-blue-color\"><a rel=\"noreferrer noopener\" aria-label=\"Source : GrandQu\u00e9bec (s\u2019ouvre dans un nouvel onglet)\" href=\"http:\/\/grandquebec.com\/chaudiere-appalaches\/charny\/\" target=\"_blank\">Source : GrandQu\u00e9bec<\/a><\/p>\n\n\n\n<p>Photos : Monique Bellemare<\/p>\n\n\n\n<ul class=\"wp-block-gallery columns-3 is-cropped wp-block-gallery-1 is-layout-flex wp-block-gallery-is-layout-flex\"><li class=\"blocks-gallery-item\"><figure><a href=\"https:\/\/patrimoineduquebec.com\/GaresduQuebec\/wp-content\/uploads\/2019\/09\/IMG_5224-1024x683.jpeg\"><img loading=\"lazy\" decoding=\"async\" width=\"1024\" height=\"683\" src=\"https:\/\/patrimoineduquebec.com\/GaresduQuebec\/wp-content\/uploads\/2019\/09\/IMG_5224-1024x683.jpeg\" alt=\"\" data-id=\"345\" data-link=\"https:\/\/patrimoineduquebec.com\/GaresduQuebec\/charny\/img_5224\/\" class=\"wp-image-345\" srcset=\"https:\/\/patrimoineduquebec.com\/GaresduQuebec\/wp-content\/uploads\/2019\/09\/IMG_5224-1024x683.jpeg 1024w, https:\/\/patrimoineduquebec.com\/GaresduQuebec\/wp-content\/uploads\/2019\/09\/IMG_5224-300x200.jpeg 300w, https:\/\/patrimoineduquebec.com\/GaresduQuebec\/wp-content\/uploads\/2019\/09\/IMG_5224-768x512.jpeg 768w\" sizes=\"auto, (max-width: 1024px) 100vw, 1024px\" \/><\/a><\/figure><\/li><li class=\"blocks-gallery-item\"><figure><a href=\"https:\/\/patrimoineduquebec.com\/GaresduQuebec\/wp-content\/uploads\/2019\/09\/IMG_5221-1-1024x683.jpeg\"><img loading=\"lazy\" decoding=\"async\" width=\"1024\" height=\"683\" src=\"https:\/\/patrimoineduquebec.com\/GaresduQuebec\/wp-content\/uploads\/2019\/09\/IMG_5221-1-1024x683.jpeg\" alt=\"\" data-id=\"346\" data-link=\"https:\/\/patrimoineduquebec.com\/GaresduQuebec\/charny\/img_5221-2\/\" class=\"wp-image-346\" srcset=\"https:\/\/patrimoineduquebec.com\/GaresduQuebec\/wp-content\/uploads\/2019\/09\/IMG_5221-1-1024x683.jpeg 1024w, https:\/\/patrimoineduquebec.com\/GaresduQuebec\/wp-content\/uploads\/2019\/09\/IMG_5221-1-300x200.jpeg 300w, https:\/\/patrimoineduquebec.com\/GaresduQuebec\/wp-content\/uploads\/2019\/09\/IMG_5221-1-768x512.jpeg 768w\" sizes=\"auto, (max-width: 1024px) 100vw, 1024px\" \/><\/a><\/figure><\/li><li class=\"blocks-gallery-item\"><figure><a href=\"https:\/\/patrimoineduquebec.com\/GaresduQuebec\/wp-content\/uploads\/2019\/09\/IMG_5219-1024x683.jpeg\"><img loading=\"lazy\" decoding=\"async\" width=\"1024\" height=\"683\" src=\"https:\/\/patrimoineduquebec.com\/GaresduQuebec\/wp-content\/uploads\/2019\/09\/IMG_5219-1024x683.jpeg\" alt=\"\" data-id=\"347\" data-link=\"https:\/\/patrimoineduquebec.com\/GaresduQuebec\/charny\/img_5219\/\" class=\"wp-image-347\" srcset=\"https:\/\/patrimoineduquebec.com\/GaresduQuebec\/wp-content\/uploads\/2019\/09\/IMG_5219-1024x683.jpeg 1024w, https:\/\/patrimoineduquebec.com\/GaresduQuebec\/wp-content\/uploads\/2019\/09\/IMG_5219-300x200.jpeg 300w, https:\/\/patrimoineduquebec.com\/GaresduQuebec\/wp-content\/uploads\/2019\/09\/IMG_5219-768x512.jpeg 768w\" sizes=\"auto, (max-width: 1024px) 100vw, 1024px\" \/><\/a><\/figure><\/li><li class=\"blocks-gallery-item\"><figure><a href=\"https:\/\/patrimoineduquebec.com\/GaresduQuebec\/wp-content\/uploads\/2019\/09\/autre-gare-charny-rotonde-joffre-2.jpeg\"><img loading=\"lazy\" decoding=\"async\" width=\"660\" height=\"511\" src=\"https:\/\/patrimoineduquebec.com\/GaresduQuebec\/wp-content\/uploads\/2019\/09\/autre-gare-charny-rotonde-joffre-2.jpeg\" alt=\"\" data-id=\"694\" data-link=\"https:\/\/patrimoineduquebec.com\/GaresduQuebec\/charny\/autre-gare-charny-rotonde-joffre-2-2\/\" class=\"wp-image-694\" srcset=\"https:\/\/patrimoineduquebec.com\/GaresduQuebec\/wp-content\/uploads\/2019\/09\/autre-gare-charny-rotonde-joffre-2.jpeg 660w, https:\/\/patrimoineduquebec.com\/GaresduQuebec\/wp-content\/uploads\/2019\/09\/autre-gare-charny-rotonde-joffre-2-300x232.jpeg 300w\" sizes=\"auto, (max-width: 660px) 100vw, 660px\" \/><\/a><figcaption>Rotonde Joffre (Groupe Traq)<\/figcaption><\/figure><\/li><\/ul>\n","protected":false},"excerpt":{"rendered":"<p>Histoire Gare situ\u00e9e au 2326 rue de la Gare \u00e0 Charny. Depuis 2002, Charny est devenu un quartier de la ville de L\u00e9vis. En 1880, la compagnie de chemin de fer Intercolonial \u00e9rige \u00e0 Charny un complexe ferroviaire qui abrite une gare de triage et sert de lieu de jonction pour quatre lignes de chemins [&hellip;]<\/p>\n","protected":false},"author":1,"featured_media":0,"parent":0,"menu_order":0,"comment_status":"closed","ping_status":"closed","template":"","meta":{"footnotes":""},"class_list":["post-340","page","type-page","status-publish","hentry"],"_links":{"self":[{"href":"https:\/\/patrimoineduquebec.com\/GaresduQuebec\/wp-json\/wp\/v2\/pages\/340","targetHints":{"allow":["GET"]}}],"collection":[{"href":"https:\/\/patrimoineduquebec.com\/GaresduQuebec\/wp-json\/wp\/v2\/pages"}],"about":[{"href":"https:\/\/patrimoineduquebec.com\/GaresduQuebec\/wp-json\/wp\/v2\/types\/page"}],"author":[{"embeddable":true,"href":"https:\/\/patrimoineduquebec.com\/GaresduQuebec\/wp-json\/wp\/v2\/users\/1"}],"replies":[{"embeddable":true,"href":"https:\/\/patrimoineduquebec.com\/GaresduQuebec\/wp-json\/wp\/v2\/comments?post=340"}],"version-history":[{"count":7,"href":"https:\/\/patrimoineduquebec.com\/GaresduQuebec\/wp-json\/wp\/v2\/pages\/340\/revisions"}],"predecessor-version":[{"id":1532,"href":"https:\/\/patrimoineduquebec.com\/GaresduQuebec\/wp-json\/wp\/v2\/pages\/340\/revisions\/1532"}],"wp:attachment":[{"href":"https:\/\/patrimoineduquebec.com\/GaresduQuebec\/wp-json\/wp\/v2\/media?parent=340"}],"curies":[{"name":"wp","href":"https:\/\/api.w.org\/{rel}","templated":true}]}}