{"id":327,"date":"2019-09-25T20:53:39","date_gmt":"2019-09-25T20:53:39","guid":{"rendered":"https:\/\/patrimoineduquebec.com\/GaresduQuebec\/?page_id=327"},"modified":"2019-10-21T19:39:30","modified_gmt":"2019-10-21T19:39:30","slug":"warwick","status":"publish","type":"page","link":"https:\/\/patrimoineduquebec.com\/GaresduQuebec\/warwick\/","title":{"rendered":"Warwick"},"content":{"rendered":"\n<div class=\"wp-block-image\"><figure class=\"aligncenter\"><a href=\"https:\/\/patrimoineduquebec.com\/GaresduQuebec\/wp-content\/uploads\/2019\/09\/IMG_5269.jpeg\"><img loading=\"lazy\" decoding=\"async\" width=\"1024\" height=\"683\" src=\"https:\/\/patrimoineduquebec.com\/GaresduQuebec\/wp-content\/uploads\/2019\/09\/IMG_5269-1024x683.jpeg\" alt=\"\" class=\"wp-image-334\" srcset=\"https:\/\/patrimoineduquebec.com\/GaresduQuebec\/wp-content\/uploads\/2019\/09\/IMG_5269-1024x683.jpeg 1024w, https:\/\/patrimoineduquebec.com\/GaresduQuebec\/wp-content\/uploads\/2019\/09\/IMG_5269-300x200.jpeg 300w, https:\/\/patrimoineduquebec.com\/GaresduQuebec\/wp-content\/uploads\/2019\/09\/IMG_5269-768x512.jpeg 768w\" sizes=\"auto, (max-width: 1024px) 100vw, 1024px\" \/><\/a><\/figure><\/div>\n\n\n\n<p><strong>Histoire :<br><\/strong><\/p>\n\n\n\n<p>D\u00e8s 1854, la voie ferr\u00e9e du Grand Tronc traverse le village de Warwick, Qu\u00e9bec, Canada.<br><\/p>\n\n\n\n<p>Une gare est aussit\u00f4t construite, mais le 14 juillet 1901, un incendie la d\u00e9truit, ainsi que 34 propri\u00e9t\u00e9s avoisinantes.<br><\/p>\n\n\n\n<p>Une nouvelle gare est inaugur\u00e9e en d\u00e9cembre 1901. Elle sera en op\u00e9ration jusqu\u2019en 1968.<br><\/p>\n\n\n\n<p>Abandonn\u00e9e pendant plus de 10 ans, elle est occup\u00e9e pendant 20 ans par La Maison des Jeunes (1981-2001).<br><\/p>\n\n\n\n<p>En octobre 1982, le Canadien National c\u00e8de la gare \u00e0 la ville de Warwick. Le train passe une derni\u00e8re fois \u00e0 Warwick le 13 octobre 1989. La voie ferr\u00e9e sera d\u00e9mantel\u00e9e en 1990 et sera remplac\u00e9e par le parc lin\u00e9aire (piste cyclable).<br><\/p>\n\n\n\n<p>En 2002, la gare devient la Maison de la culture.<br><\/p>\n\n\n\n<p><strong>Architecture :<\/strong><br><\/p>\n\n\n\n<p>Cette construction rappelle les habitations anglo-normandes par son toit dont l\u2019avant-couverture d\u00e9bordante est soutenue par des corbeaux en bois d\u00e9coratifs.<br><\/p>\n\n\n\n<p>Le b\u00e2timent repose sur une fondation compos\u00e9e de madriers et de soles. Il est constitu\u00e9 d\u2019une charpente claire avec recouvrement ext\u00e9rieur en d\u00e9clin de bois et en planche embouvet\u00e9e pos\u00e9e \u00e0 la verticale.<br><\/p>\n\n\n\n<p>Les ouvertures sont nombreuses: les portes \u00e0 panneaux et les fen\u00eatres \u00e0 guillotine sont toutes surmont\u00e9es d\u2019une imposte vitr\u00e9e \u00e0 plusieurs carreaux.<br><\/p>\n\n\n\n<p><strong>En r\u00e9sum\u00e9 :<\/strong><br><\/p>\n\n\n\n<ol class=\"wp-block-list\"><li>\u2022&nbsp;1854 : Construction de la1\u00e8re gare.&nbsp;<br><\/li><li>\u2022&nbsp;1901 : Un incendie d\u00e9truit la gare + construction de la 2e gare.<br><\/li><li>\u2022&nbsp;1968 : Les trains ne circulent plus sur la voie ferr\u00e9e \u00e0 Warwick.<br><\/li><li>\u2022&nbsp;1980 : La ville de Warwick n\u00e9gocie avec le C.N.R. pour l\u2019obtention de la gare.<br><\/li><li>\u2022&nbsp;1981 : La gare devient La Maison des Jeunes.&nbsp;<br><\/li><li>\u2022&nbsp;1982 : La Ville ach\u00e8te la b\u00e2tisse \u00e0 un prix symbolique.&nbsp;<br><\/li><li>\u2022&nbsp;2002 : La gare devient La Maison de la Culture.<br><\/li><\/ol>\n\n\n\n<p><strong>Source<\/strong>&nbsp;: La Soci\u00e9t\u00e9 d\u2019Histoire de Warwick, 2002<\/p>\n\n\n\n<p>Photos : Monique Bellemare<\/p>\n\n\n\n<ul class=\"wp-block-gallery columns-3 is-cropped wp-block-gallery-1 is-layout-flex wp-block-gallery-is-layout-flex\"><li class=\"blocks-gallery-item\"><figure><a href=\"https:\/\/patrimoineduquebec.com\/GaresduQuebec\/wp-content\/uploads\/2019\/09\/IMG_1255-1024x683.jpeg\"><img loading=\"lazy\" decoding=\"async\" width=\"1024\" height=\"683\" src=\"https:\/\/patrimoineduquebec.com\/GaresduQuebec\/wp-content\/uploads\/2019\/09\/IMG_1255-1024x683.jpeg\" alt=\"\" data-id=\"329\" data-link=\"https:\/\/patrimoineduquebec.com\/GaresduQuebec\/warwick\/img_1255\/\" class=\"wp-image-329\" srcset=\"https:\/\/patrimoineduquebec.com\/GaresduQuebec\/wp-content\/uploads\/2019\/09\/IMG_1255-1024x683.jpeg 1024w, https:\/\/patrimoineduquebec.com\/GaresduQuebec\/wp-content\/uploads\/2019\/09\/IMG_1255-300x200.jpeg 300w, https:\/\/patrimoineduquebec.com\/GaresduQuebec\/wp-content\/uploads\/2019\/09\/IMG_1255-768x512.jpeg 768w\" sizes=\"auto, (max-width: 1024px) 100vw, 1024px\" \/><\/a><\/figure><\/li><li class=\"blocks-gallery-item\"><figure><a href=\"https:\/\/patrimoineduquebec.com\/GaresduQuebec\/wp-content\/uploads\/2019\/09\/IMG_1259-1024x683.jpeg\"><img loading=\"lazy\" decoding=\"async\" width=\"1024\" height=\"683\" src=\"https:\/\/patrimoineduquebec.com\/GaresduQuebec\/wp-content\/uploads\/2019\/09\/IMG_1259-1024x683.jpeg\" alt=\"\" data-id=\"330\" data-link=\"https:\/\/patrimoineduquebec.com\/GaresduQuebec\/warwick\/img_1259\/\" class=\"wp-image-330\" srcset=\"https:\/\/patrimoineduquebec.com\/GaresduQuebec\/wp-content\/uploads\/2019\/09\/IMG_1259-1024x683.jpeg 1024w, https:\/\/patrimoineduquebec.com\/GaresduQuebec\/wp-content\/uploads\/2019\/09\/IMG_1259-300x200.jpeg 300w, https:\/\/patrimoineduquebec.com\/GaresduQuebec\/wp-content\/uploads\/2019\/09\/IMG_1259-768x512.jpeg 768w\" sizes=\"auto, (max-width: 1024px) 100vw, 1024px\" \/><\/a><\/figure><\/li><li class=\"blocks-gallery-item\"><figure><a href=\"https:\/\/patrimoineduquebec.com\/GaresduQuebec\/wp-content\/uploads\/2019\/09\/IMG_1251-1024x683.jpeg\"><img loading=\"lazy\" decoding=\"async\" width=\"1024\" height=\"683\" src=\"https:\/\/patrimoineduquebec.com\/GaresduQuebec\/wp-content\/uploads\/2019\/09\/IMG_1251-1024x683.jpeg\" alt=\"\" data-id=\"328\" data-link=\"https:\/\/patrimoineduquebec.com\/GaresduQuebec\/warwick\/img_1251\/\" class=\"wp-image-328\" srcset=\"https:\/\/patrimoineduquebec.com\/GaresduQuebec\/wp-content\/uploads\/2019\/09\/IMG_1251-1024x683.jpeg 1024w, https:\/\/patrimoineduquebec.com\/GaresduQuebec\/wp-content\/uploads\/2019\/09\/IMG_1251-300x200.jpeg 300w, https:\/\/patrimoineduquebec.com\/GaresduQuebec\/wp-content\/uploads\/2019\/09\/IMG_1251-768x512.jpeg 768w\" sizes=\"auto, (max-width: 1024px) 100vw, 1024px\" \/><\/a><\/figure><\/li><li class=\"blocks-gallery-item\"><figure><a href=\"https:\/\/patrimoineduquebec.com\/GaresduQuebec\/wp-content\/uploads\/2019\/09\/IMG_1262-1024x683.jpeg\"><img loading=\"lazy\" decoding=\"async\" width=\"1024\" height=\"683\" src=\"https:\/\/patrimoineduquebec.com\/GaresduQuebec\/wp-content\/uploads\/2019\/09\/IMG_1262-1024x683.jpeg\" alt=\"\" data-id=\"331\" data-link=\"https:\/\/patrimoineduquebec.com\/GaresduQuebec\/warwick\/img_1262\/\" class=\"wp-image-331\" srcset=\"https:\/\/patrimoineduquebec.com\/GaresduQuebec\/wp-content\/uploads\/2019\/09\/IMG_1262-1024x683.jpeg 1024w, https:\/\/patrimoineduquebec.com\/GaresduQuebec\/wp-content\/uploads\/2019\/09\/IMG_1262-300x200.jpeg 300w, https:\/\/patrimoineduquebec.com\/GaresduQuebec\/wp-content\/uploads\/2019\/09\/IMG_1262-768x512.jpeg 768w\" sizes=\"auto, (max-width: 1024px) 100vw, 1024px\" \/><\/a><\/figure><\/li><li class=\"blocks-gallery-item\"><figure><a href=\"https:\/\/patrimoineduquebec.com\/GaresduQuebec\/wp-content\/uploads\/2019\/09\/IMG_5270-1024x683.jpeg\"><img loading=\"lazy\" decoding=\"async\" width=\"1024\" height=\"683\" src=\"https:\/\/patrimoineduquebec.com\/GaresduQuebec\/wp-content\/uploads\/2019\/09\/IMG_5270-1024x683.jpeg\" alt=\"\" data-id=\"332\" data-link=\"https:\/\/patrimoineduquebec.com\/GaresduQuebec\/warwick\/img_5270\/\" class=\"wp-image-332\" srcset=\"https:\/\/patrimoineduquebec.com\/GaresduQuebec\/wp-content\/uploads\/2019\/09\/IMG_5270-1024x683.jpeg 1024w, https:\/\/patrimoineduquebec.com\/GaresduQuebec\/wp-content\/uploads\/2019\/09\/IMG_5270-300x200.jpeg 300w, https:\/\/patrimoineduquebec.com\/GaresduQuebec\/wp-content\/uploads\/2019\/09\/IMG_5270-768x512.jpeg 768w\" sizes=\"auto, (max-width: 1024px) 100vw, 1024px\" \/><\/a><\/figure><\/li><li class=\"blocks-gallery-item\"><figure><a href=\"https:\/\/patrimoineduquebec.com\/GaresduQuebec\/wp-content\/uploads\/2019\/09\/IMG_5268-1024x683.jpeg\"><img loading=\"lazy\" decoding=\"async\" width=\"1024\" height=\"683\" src=\"https:\/\/patrimoineduquebec.com\/GaresduQuebec\/wp-content\/uploads\/2019\/09\/IMG_5268-1024x683.jpeg\" alt=\"\" data-id=\"333\" data-link=\"https:\/\/patrimoineduquebec.com\/GaresduQuebec\/warwick\/img_5268\/\" class=\"wp-image-333\" srcset=\"https:\/\/patrimoineduquebec.com\/GaresduQuebec\/wp-content\/uploads\/2019\/09\/IMG_5268-1024x683.jpeg 1024w, https:\/\/patrimoineduquebec.com\/GaresduQuebec\/wp-content\/uploads\/2019\/09\/IMG_5268-300x200.jpeg 300w, https:\/\/patrimoineduquebec.com\/GaresduQuebec\/wp-content\/uploads\/2019\/09\/IMG_5268-768x512.jpeg 768w\" sizes=\"auto, (max-width: 1024px) 100vw, 1024px\" \/><\/a><\/figure><\/li><li class=\"blocks-gallery-item\"><figure><a href=\"https:\/\/patrimoineduquebec.com\/GaresduQuebec\/wp-content\/uploads\/2019\/09\/banq-gare-warwick-carte-postale-1024x621.jpeg\"><img loading=\"lazy\" decoding=\"async\" width=\"1024\" height=\"621\" src=\"https:\/\/patrimoineduquebec.com\/GaresduQuebec\/wp-content\/uploads\/2019\/09\/banq-gare-warwick-carte-postale-1024x621.jpeg\" alt=\"\" data-id=\"680\" data-link=\"https:\/\/patrimoineduquebec.com\/GaresduQuebec\/warwick\/banq-gare-warwick-carte-postale\/\" class=\"wp-image-680\" srcset=\"https:\/\/patrimoineduquebec.com\/GaresduQuebec\/wp-content\/uploads\/2019\/09\/banq-gare-warwick-carte-postale-1024x621.jpeg 1024w, https:\/\/patrimoineduquebec.com\/GaresduQuebec\/wp-content\/uploads\/2019\/09\/banq-gare-warwick-carte-postale-300x182.jpeg 300w, https:\/\/patrimoineduquebec.com\/GaresduQuebec\/wp-content\/uploads\/2019\/09\/banq-gare-warwick-carte-postale-768x466.jpeg 768w, https:\/\/patrimoineduquebec.com\/GaresduQuebec\/wp-content\/uploads\/2019\/09\/banq-gare-warwick-carte-postale.jpeg 1310w\" sizes=\"auto, (max-width: 1024px) 100vw, 1024px\" \/><\/a><figcaption>BAnQ (06M,P186,S9,P377)<\/figcaption><\/figure><\/li><li class=\"blocks-gallery-item\"><figure><a href=\"https:\/\/patrimoineduquebec.com\/GaresduQuebec\/wp-content\/uploads\/2019\/10\/A-gare-de-warwick-facebook-Marc-Carette-1024x615.jpeg\"><img loading=\"lazy\" decoding=\"async\" width=\"1024\" height=\"615\" src=\"https:\/\/patrimoineduquebec.com\/GaresduQuebec\/wp-content\/uploads\/2019\/10\/A-gare-de-warwick-facebook-Marc-Carette-1024x615.jpeg\" alt=\"\" data-id=\"1880\" data-link=\"https:\/\/patrimoineduquebec.com\/GaresduQuebec\/warwick\/a-gare-de-warwick-facebook-marc-carette\/\" class=\"wp-image-1880\" srcset=\"https:\/\/patrimoineduquebec.com\/GaresduQuebec\/wp-content\/uploads\/2019\/10\/A-gare-de-warwick-facebook-Marc-Carette-1024x615.jpeg 1024w, https:\/\/patrimoineduquebec.com\/GaresduQuebec\/wp-content\/uploads\/2019\/10\/A-gare-de-warwick-facebook-Marc-Carette-300x180.jpeg 300w, https:\/\/patrimoineduquebec.com\/GaresduQuebec\/wp-content\/uploads\/2019\/10\/A-gare-de-warwick-facebook-Marc-Carette-768x461.jpeg 768w, https:\/\/patrimoineduquebec.com\/GaresduQuebec\/wp-content\/uploads\/2019\/10\/A-gare-de-warwick-facebook-Marc-Carette.jpeg 1083w\" sizes=\"auto, (max-width: 1024px) 100vw, 1024px\" \/><\/a><figcaption>Photo Facebook (Marc Carette)<\/figcaption><\/figure><\/li><\/ul>\n","protected":false},"excerpt":{"rendered":"<p>Histoire : D\u00e8s 1854, la voie ferr\u00e9e du Grand Tronc traverse le village de Warwick, Qu\u00e9bec, Canada. Une gare est aussit\u00f4t construite, mais le 14 juillet 1901, un incendie la d\u00e9truit, ainsi que 34 propri\u00e9t\u00e9s avoisinantes. Une nouvelle gare est inaugur\u00e9e en d\u00e9cembre 1901. Elle sera en op\u00e9ration jusqu\u2019en 1968. Abandonn\u00e9e pendant plus de 10 [&hellip;]<\/p>\n","protected":false},"author":1,"featured_media":0,"parent":0,"menu_order":0,"comment_status":"closed","ping_status":"closed","template":"","meta":{"footnotes":""},"class_list":["post-327","page","type-page","status-publish","hentry"],"_links":{"self":[{"href":"https:\/\/patrimoineduquebec.com\/GaresduQuebec\/wp-json\/wp\/v2\/pages\/327","targetHints":{"allow":["GET"]}}],"collection":[{"href":"https:\/\/patrimoineduquebec.com\/GaresduQuebec\/wp-json\/wp\/v2\/pages"}],"about":[{"href":"https:\/\/patrimoineduquebec.com\/GaresduQuebec\/wp-json\/wp\/v2\/types\/page"}],"author":[{"embeddable":true,"href":"https:\/\/patrimoineduquebec.com\/GaresduQuebec\/wp-json\/wp\/v2\/users\/1"}],"replies":[{"embeddable":true,"href":"https:\/\/patrimoineduquebec.com\/GaresduQuebec\/wp-json\/wp\/v2\/comments?post=327"}],"version-history":[{"count":6,"href":"https:\/\/patrimoineduquebec.com\/GaresduQuebec\/wp-json\/wp\/v2\/pages\/327\/revisions"}],"predecessor-version":[{"id":1881,"href":"https:\/\/patrimoineduquebec.com\/GaresduQuebec\/wp-json\/wp\/v2\/pages\/327\/revisions\/1881"}],"wp:attachment":[{"href":"https:\/\/patrimoineduquebec.com\/GaresduQuebec\/wp-json\/wp\/v2\/media?parent=327"}],"curies":[{"name":"wp","href":"https:\/\/api.w.org\/{rel}","templated":true}]}}