{"id":275,"date":"2019-09-25T16:23:57","date_gmt":"2019-09-25T16:23:57","guid":{"rendered":"https:\/\/patrimoineduquebec.com\/GaresduQuebec\/?page_id=275"},"modified":"2019-10-10T12:39:40","modified_gmt":"2019-10-10T12:39:40","slug":"quebec","status":"publish","type":"page","link":"https:\/\/patrimoineduquebec.com\/GaresduQuebec\/quebec\/","title":{"rendered":"Qu\u00e9bec"},"content":{"rendered":"\n<p style=\"text-align:center\" class=\"has-medium-font-size\"><strong>Gare du Palais<\/strong><\/p>\n\n\n\n<div class=\"wp-block-image\"><figure class=\"aligncenter\"><a href=\"https:\/\/patrimoineduquebec.com\/GaresduQuebec\/wp-content\/uploads\/2019\/09\/DSCN4059a.jpeg\"><img loading=\"lazy\" decoding=\"async\" width=\"1024\" height=\"768\" src=\"https:\/\/patrimoineduquebec.com\/GaresduQuebec\/wp-content\/uploads\/2019\/09\/DSCN4059a-1024x768.jpeg\" alt=\"\" class=\"wp-image-276\" srcset=\"https:\/\/patrimoineduquebec.com\/GaresduQuebec\/wp-content\/uploads\/2019\/09\/DSCN4059a-1024x768.jpeg 1024w, https:\/\/patrimoineduquebec.com\/GaresduQuebec\/wp-content\/uploads\/2019\/09\/DSCN4059a-300x225.jpeg 300w, https:\/\/patrimoineduquebec.com\/GaresduQuebec\/wp-content\/uploads\/2019\/09\/DSCN4059a-768x576.jpeg 768w\" sizes=\"auto, (max-width: 1024px) 100vw, 1024px\" \/><\/a><\/figure><\/div>\n\n\n\n<p>G\u00e9r\u00e9e et exploit\u00e9e par\u00a0Via Rail Canada\u00a0et\u00a0Intercar, la gare ferroviaire et routi\u00e8re de la ville de Qu\u00e9bec, mieux connue comme la gare du Palais, est un b\u00e2timent patrimonial situ\u00e9 au c\u0153ur de la Basse-Ville de Qu\u00e9bec, entre l\u2019\u00e9difice de Services Canada et le Palais de justice, au bout du boulevard Charest (adresse civique : 320, Rue Abraham-Martin). Cette gare sert de terminus pour Via Rail Canada de la liaison Montr\u00e9al-Qu\u00e9bec ainsi que pour le transport interurbain par autocars pour cinq compagnies dont Orl\u00e9ans Express et Intercar.<\/p>\n\n\n\n<p>Construite en 1915, apr\u00e8s un demi-si\u00e8cle d\u2019attente des r\u00e9sidents de la ville, la gare du Palais accueille les passagers \u00e0 leur arriv\u00e9e dans la capitale de la province. C\u2019est le Canadien Pacifique qui fait \u00e9riger ce b\u00e2timent monumental de style \u00ab ch\u00e2teau \u00bb. \u00c0 l\u2019origine, la gare n\u2019abritait que les trains du Canadien Pacifique qui reliaient la vieille capitale et le lac Saint-Jean, mais progressivement, le nombre de trajets a augment\u00e9 (entre 1976 et 1985, la gare a \u00e9t\u00e9 ferm\u00e9e).<\/p>\n\n\n\n<p>L\u2019\u00e9difice est de style ch\u00e2teau, tout comme l\u2019un des b\u00e2timents de la gare Viger \u00e0 Montr\u00e9al et le Ch\u00e2teau Frontenac.<\/p>\n\n\n\n<p>Le 8 novembre 1985, Qu\u00e9bec a salu\u00e9 le retour des trains de voyageurs, absents de son centre-ville depuis 1976, et la r\u00e9ouverture de la gare du Palais. Ce projet a \u00e9t\u00e9 r\u00e9alis\u00e9 avec la collaboration de Via Rail Canada et la ville de Qu\u00e9bec, lesquels rendent hommage aux gouvernements du Canada et du Qu\u00e9bec pour leur appui et aux professionnels et aux ouvriers de la r\u00e9gion pour leur travail.<\/p>\n\n\n\n<p>La gare du Palais a \u00e9t\u00e9 class\u00e9e gare ferroviaire patrimoniale par la<em>&nbsp;Commission des lieux et monuments historiques du Canada&nbsp;<\/em>en 1992.<\/p>\n\n\n\n<p class=\"has-text-color has-vivid-cyan-blue-color\"><a href=\"http:\/\/grandquebec.com\/images-quebec-2\/gare-du-palais\/\" target=\"_blank\" rel=\"noreferrer noopener\" aria-label=\"Source : GrandQu\u00e9bec (s\u2019ouvre dans un nouvel onglet)\">Source : GrandQu\u00e9bec<\/a><\/p>\n\n\n\n<p>Photos : Solange Harvey<\/p>\n\n\n\n<ul class=\"wp-block-gallery columns-3 is-cropped wp-block-gallery-1 is-layout-flex wp-block-gallery-is-layout-flex\"><li class=\"blocks-gallery-item\"><figure><a href=\"https:\/\/patrimoineduquebec.com\/GaresduQuebec\/wp-content\/uploads\/2019\/09\/DSCN4054a-1024x768.jpeg\"><img loading=\"lazy\" decoding=\"async\" width=\"1024\" height=\"768\" src=\"https:\/\/patrimoineduquebec.com\/GaresduQuebec\/wp-content\/uploads\/2019\/09\/DSCN4054a-1024x768.jpeg\" alt=\"\" data-id=\"277\" data-link=\"https:\/\/patrimoineduquebec.com\/GaresduQuebec\/quebec\/gare-du-palais\/\" class=\"wp-image-277\" srcset=\"https:\/\/patrimoineduquebec.com\/GaresduQuebec\/wp-content\/uploads\/2019\/09\/DSCN4054a-1024x768.jpeg 1024w, https:\/\/patrimoineduquebec.com\/GaresduQuebec\/wp-content\/uploads\/2019\/09\/DSCN4054a-300x225.jpeg 300w, https:\/\/patrimoineduquebec.com\/GaresduQuebec\/wp-content\/uploads\/2019\/09\/DSCN4054a-768x576.jpeg 768w\" sizes=\"auto, (max-width: 1024px) 100vw, 1024px\" \/><\/a><\/figure><\/li><li class=\"blocks-gallery-item\"><figure><a href=\"https:\/\/patrimoineduquebec.com\/GaresduQuebec\/wp-content\/uploads\/2019\/09\/DSCN4055a-1024x768.jpeg\"><img loading=\"lazy\" decoding=\"async\" width=\"1024\" height=\"768\" src=\"https:\/\/patrimoineduquebec.com\/GaresduQuebec\/wp-content\/uploads\/2019\/09\/DSCN4055a-1024x768.jpeg\" alt=\"\" data-id=\"278\" data-link=\"https:\/\/patrimoineduquebec.com\/GaresduQuebec\/quebec\/dscn4055a\/\" class=\"wp-image-278\" srcset=\"https:\/\/patrimoineduquebec.com\/GaresduQuebec\/wp-content\/uploads\/2019\/09\/DSCN4055a-1024x768.jpeg 1024w, https:\/\/patrimoineduquebec.com\/GaresduQuebec\/wp-content\/uploads\/2019\/09\/DSCN4055a-300x225.jpeg 300w, https:\/\/patrimoineduquebec.com\/GaresduQuebec\/wp-content\/uploads\/2019\/09\/DSCN4055a-768x576.jpeg 768w\" sizes=\"auto, (max-width: 1024px) 100vw, 1024px\" \/><\/a><\/figure><\/li><li class=\"blocks-gallery-item\"><figure><a href=\"https:\/\/patrimoineduquebec.com\/GaresduQuebec\/wp-content\/uploads\/2019\/09\/DSCN4057a-1024x768.jpeg\"><img loading=\"lazy\" decoding=\"async\" width=\"1024\" height=\"768\" src=\"https:\/\/patrimoineduquebec.com\/GaresduQuebec\/wp-content\/uploads\/2019\/09\/DSCN4057a-1024x768.jpeg\" alt=\"\" data-id=\"279\" data-link=\"https:\/\/patrimoineduquebec.com\/GaresduQuebec\/quebec\/dscn4057a\/\" class=\"wp-image-279\" srcset=\"https:\/\/patrimoineduquebec.com\/GaresduQuebec\/wp-content\/uploads\/2019\/09\/DSCN4057a-1024x768.jpeg 1024w, https:\/\/patrimoineduquebec.com\/GaresduQuebec\/wp-content\/uploads\/2019\/09\/DSCN4057a-300x225.jpeg 300w, https:\/\/patrimoineduquebec.com\/GaresduQuebec\/wp-content\/uploads\/2019\/09\/DSCN4057a-768x576.jpeg 768w\" sizes=\"auto, (max-width: 1024px) 100vw, 1024px\" \/><\/a><\/figure><\/li><li class=\"blocks-gallery-item\"><figure><a href=\"https:\/\/patrimoineduquebec.com\/GaresduQuebec\/wp-content\/uploads\/2019\/09\/banq-arch.-qu\u00e9bec-gare-du-palais-1915.jpeg\"><img loading=\"lazy\" decoding=\"async\" width=\"716\" height=\"576\" src=\"https:\/\/patrimoineduquebec.com\/GaresduQuebec\/wp-content\/uploads\/2019\/09\/banq-arch.-qu\u00e9bec-gare-du-palais-1915.jpeg\" alt=\"\" data-id=\"660\" data-link=\"https:\/\/patrimoineduquebec.com\/GaresduQuebec\/quebec\/banq-arch-quebec-gare-du-palais-1915\/\" class=\"wp-image-660\" srcset=\"https:\/\/patrimoineduquebec.com\/GaresduQuebec\/wp-content\/uploads\/2019\/09\/banq-arch.-qu\u00e9bec-gare-du-palais-1915.jpeg 716w, https:\/\/patrimoineduquebec.com\/GaresduQuebec\/wp-content\/uploads\/2019\/09\/banq-arch.-qu\u00e9bec-gare-du-palais-1915-300x241.jpeg 300w\" sizes=\"auto, (max-width: 716px) 100vw, 716px\" \/><\/a><figcaption>Archives ville de Qu\u00e9bec (1915)<\/figcaption><\/figure><\/li><li class=\"blocks-gallery-item\"><figure><a href=\"https:\/\/patrimoineduquebec.com\/GaresduQuebec\/wp-content\/uploads\/2019\/09\/1930.png\"><img loading=\"lazy\" decoding=\"async\" width=\"619\" height=\"440\" src=\"https:\/\/patrimoineduquebec.com\/GaresduQuebec\/wp-content\/uploads\/2019\/09\/1930.png\" alt=\"\" data-id=\"656\" data-link=\"https:\/\/patrimoineduquebec.com\/GaresduQuebec\/quebec\/attachment\/1930\/\" class=\"wp-image-656\" srcset=\"https:\/\/patrimoineduquebec.com\/GaresduQuebec\/wp-content\/uploads\/2019\/09\/1930.png 619w, https:\/\/patrimoineduquebec.com\/GaresduQuebec\/wp-content\/uploads\/2019\/09\/1930-300x213.png 300w\" sizes=\"auto, (max-width: 619px) 100vw, 619px\" \/><\/a><figcaption>Archives ville de Qu\u00e9bec (1930)<\/figcaption><\/figure><\/li><li class=\"blocks-gallery-item\"><figure><a href=\"https:\/\/patrimoineduquebec.com\/GaresduQuebec\/wp-content\/uploads\/2019\/09\/1946-et-1970.png\"><img loading=\"lazy\" decoding=\"async\" width=\"573\" height=\"440\" src=\"https:\/\/patrimoineduquebec.com\/GaresduQuebec\/wp-content\/uploads\/2019\/09\/1946-et-1970.png\" alt=\"\" data-id=\"655\" data-link=\"https:\/\/patrimoineduquebec.com\/GaresduQuebec\/quebec\/1946-et-1970\/\" class=\"wp-image-655\" srcset=\"https:\/\/patrimoineduquebec.com\/GaresduQuebec\/wp-content\/uploads\/2019\/09\/1946-et-1970.png 573w, https:\/\/patrimoineduquebec.com\/GaresduQuebec\/wp-content\/uploads\/2019\/09\/1946-et-1970-300x230.png 300w\" sizes=\"auto, (max-width: 573px) 100vw, 573px\" \/><\/a><figcaption>Archives ville de Qu\u00e9bec (1946-1970)<\/figcaption><\/figure><\/li><\/ul>\n","protected":false},"excerpt":{"rendered":"<p>Gare du Palais G\u00e9r\u00e9e et exploit\u00e9e par\u00a0Via Rail Canada\u00a0et\u00a0Intercar, la gare ferroviaire et routi\u00e8re de la ville de Qu\u00e9bec, mieux connue comme la gare du Palais, est un b\u00e2timent patrimonial situ\u00e9 au c\u0153ur de la Basse-Ville de Qu\u00e9bec, entre l\u2019\u00e9difice de Services Canada et le Palais de justice, au bout du boulevard Charest (adresse civique [&hellip;]<\/p>\n","protected":false},"author":1,"featured_media":0,"parent":0,"menu_order":0,"comment_status":"closed","ping_status":"closed","template":"","meta":{"footnotes":""},"class_list":["post-275","page","type-page","status-publish","hentry"],"_links":{"self":[{"href":"https:\/\/patrimoineduquebec.com\/GaresduQuebec\/wp-json\/wp\/v2\/pages\/275","targetHints":{"allow":["GET"]}}],"collection":[{"href":"https:\/\/patrimoineduquebec.com\/GaresduQuebec\/wp-json\/wp\/v2\/pages"}],"about":[{"href":"https:\/\/patrimoineduquebec.com\/GaresduQuebec\/wp-json\/wp\/v2\/types\/page"}],"author":[{"embeddable":true,"href":"https:\/\/patrimoineduquebec.com\/GaresduQuebec\/wp-json\/wp\/v2\/users\/1"}],"replies":[{"embeddable":true,"href":"https:\/\/patrimoineduquebec.com\/GaresduQuebec\/wp-json\/wp\/v2\/comments?post=275"}],"version-history":[{"count":8,"href":"https:\/\/patrimoineduquebec.com\/GaresduQuebec\/wp-json\/wp\/v2\/pages\/275\/revisions"}],"predecessor-version":[{"id":1627,"href":"https:\/\/patrimoineduquebec.com\/GaresduQuebec\/wp-json\/wp\/v2\/pages\/275\/revisions\/1627"}],"wp:attachment":[{"href":"https:\/\/patrimoineduquebec.com\/GaresduQuebec\/wp-json\/wp\/v2\/media?parent=275"}],"curies":[{"name":"wp","href":"https:\/\/api.w.org\/{rel}","templated":true}]}}