{"id":262,"date":"2019-09-25T16:06:03","date_gmt":"2019-09-25T16:06:03","guid":{"rendered":"https:\/\/patrimoineduquebec.com\/GaresduQuebec\/?page_id=262"},"modified":"2019-10-17T21:43:52","modified_gmt":"2019-10-17T21:43:52","slug":"saint-pascal","status":"publish","type":"page","link":"https:\/\/patrimoineduquebec.com\/GaresduQuebec\/saint-pascal\/","title":{"rendered":"Saint-Pascal"},"content":{"rendered":"\n<div class=\"wp-block-image\"><figure class=\"aligncenter\"><a href=\"https:\/\/patrimoineduquebec.com\/GaresduQuebec\/wp-content\/uploads\/2019\/09\/P8080036.jpeg\"><img loading=\"lazy\" decoding=\"async\" width=\"1024\" height=\"768\" src=\"https:\/\/patrimoineduquebec.com\/GaresduQuebec\/wp-content\/uploads\/2019\/09\/P8080036-1024x768.jpeg\" alt=\"\" class=\"wp-image-265\" srcset=\"https:\/\/patrimoineduquebec.com\/GaresduQuebec\/wp-content\/uploads\/2019\/09\/P8080036-1024x768.jpeg 1024w, https:\/\/patrimoineduquebec.com\/GaresduQuebec\/wp-content\/uploads\/2019\/09\/P8080036-300x225.jpeg 300w, https:\/\/patrimoineduquebec.com\/GaresduQuebec\/wp-content\/uploads\/2019\/09\/P8080036-768x576.jpeg 768w\" sizes=\"auto, (max-width: 1024px) 100vw, 1024px\" \/><\/a><\/figure><\/div>\n\n\n\n<h4 class=\"wp-block-heading\"><strong>DESCRIPTION DU LIEU PATRIMONIAL<\/strong><\/h4>\n\n\n\n<p>La gare ferroviaire Canadien National \u00e0 Saint-Pascal est un b\u00e2timent en brique beige p\u00e2le, compact, d&rsquo;un \u00e9tage et demi couronn\u00e9 d&rsquo;un toit \u00e0 forte pente avec de larges d\u00e9bords \u00e9vas\u00e9s. Elle est situ\u00e9e au centre de Saint-Pascal au 536, avenue de la Gare et flanqu\u00e9e de b\u00e2timents ferroviaires en bordure des voies du Canadien National (CN).<\/p>\n\n\n\n<h4 class=\"wp-block-heading\"><strong>VALEUR PATRIMONIALE<\/strong><\/h4>\n\n\n\n<p>La gare ferroviaire de la Canadien National de Saint-Pascal a \u00e9t\u00e9 d\u00e9sign\u00e9e gare ferroviaire patrimoniale en raison de ses qualit\u00e9s environnementales, historiques et architecturales.&nbsp;<\/p>\n\n\n\n<p>Bien que cette gare date de 1913, elle ressemble de pr\u00e8s \u00e0 la gare du Grand Tronc construite en 1859. Saint-Pascal \u00e9tait sur la ligne principale du Grand Tronc, le premier grand projet ferroviaire au Canada, et son association des premiers jours avec le chemin de fer a assur\u00e9 la prosp\u00e9rit\u00e9 du village. Cette prosp\u00e9rit\u00e9 s&rsquo;est poursuivie lorsque le Grand Tronc a \u00e9t\u00e9 absorb\u00e9 dans le chemin de fer Intercolonial en 1879, puis le Canadien National en 1923. Au moment de la cr\u00e9ation de cette gare en 1913, Saint-Pascal \u00e9tait un centre \u00e9conomique florissant qui venait d&rsquo;\u00eatre d\u00e9sign\u00e9 chef-lieu du comt\u00e9 de Kamouraska.<\/p>\n\n\n\n<p>La forme  de cette gare \u00e9voque clairement celle du XIXe des gares du Grand Tronc d&rsquo;origine dans les petites villes du Qu\u00e9bec, jusqu&rsquo;\u00e0 la pr\u00e9sence d&rsquo;\u00e9normes d\u00e9bords de toit. Les techniques et les mat\u00e9riaux de construction de la gare, cependant, datent de la p\u00e9riode de 1913, sugg\u00e9rant que la gare a fait l&rsquo;objet de r\u00e9novations majeures ou qu&rsquo;elle a \u00e9t\u00e9 remplac\u00e9e \u00e0 cette date.&nbsp;<\/p>\n\n\n\n<p>La valeur patrimoniale de la gare du Grand Tronc de Saint-Pascal se retrouve dans sa forme, ses d\u00e9tails ext\u00e9rieurs et son statut de symbole visible du r\u00f4le important du chemin de fer dans l&rsquo;histoire locale.&nbsp;<\/p>\n\n\n\n<p>Source :&nbsp;<br>\u00b7 \u00c9nonc\u00e9 de la valeur patrimoniale, gare ferroviaire du Chemin de fer Canadien du Nord, Saint-Pascal (Qu\u00e9bec), f\u00e9vrier 1993. Rapport d\u2019\u00e9valuation patrimoniale RSR-102, 1992.<\/p>\n\n\n\n<h4 class=\"wp-block-heading\"><strong>\u00c9L\u00c9MENTS CARACT\u00c9RISTIQUES<\/strong><\/h4>\n\n\n\n<p>Parmi les \u00e9l\u00e9ments caract\u00e9ristiques de la Gare ferroviaire de la Canadien National de Saint-Pascal, notons :&nbsp;<\/p>\n\n\n\n<p>&#8211; son plan rectangulaire et le volume d&rsquo;un \u00e9tage et demi couronn\u00e9 d&rsquo;un toit \u00e0 forte pente avec d\u00e9bords \u00e9vas\u00e9s entrecoup\u00e9 d&rsquo;une seule lucarne centrale \u00e0 l&rsquo;avant et \u00e0 l&rsquo;arri\u00e8re<br>&#8211; ses proportions du milieu du XIXe si\u00e8cle et sa forme domestique compacte<br>&#8211; sa d\u00e9finition \u00e9quilibr\u00e9e<br>&#8211; la disposition r\u00e9guli\u00e8re de ses ouvertures<br>&#8211; la pr\u00e9sence d&rsquo;une baie de t\u00e9l\u00e9graphiste en saillie<br>&#8211; la pr\u00e9sence d&rsquo;autres d\u00e9tails vernaculaires du milieu du XIXe si\u00e8cle tels que les ornements de corniche, les lucarnes orn\u00e9es, les larges d\u00e9bords de toit, les consoles, les fondations en pierre taill\u00e9e et rustiqu\u00e9e<br>&#8211; la pr\u00e9sence de mat\u00e9riaux et la qualit\u00e9 d&rsquo;ex\u00e9cution caract\u00e9ristiques du d\u00e9but du XXe si\u00e8cle : murs de brique beige p\u00e2le exposant des techniques de ma\u00e7onnerie et des d\u00e9tails en bois usin\u00e9s du d\u00e9but du XXe si\u00e8cle<br>&#8211; vestiges de dext\u00e9rit\u00e9 manuelle et de techniques de construction du XXe si\u00e8cle<br>&#8211; la construction de murs pleins en brique du b\u00e2timent<br>&#8211; les formes, gros-ouvrages et \u00e9l\u00e9ments de finition d&rsquo;origine qui subsistent \u00e0 l&rsquo;int\u00e9rieur de la gare, en plus de ce qui a \u00e9t\u00e9 remis \u00e0 neuf ou reconstruit pour ressembler \u00e0 des formes et des \u00e9l\u00e9ments de finition plus anciens<br>&#8211; la transparence soutenue de la disposition fonctionnelle et spatiale d\u2019origine de la gare<br>&#8211; l\u2019int\u00e9grit\u00e9 globale des formes, du plan, des mat\u00e9riaux et des d\u00e9tails du b\u00e2timent.<\/p>\n\n\n\n<p class=\"has-text-color has-vivid-cyan-blue-color\"><a rel=\"noreferrer noopener\" aria-label=\"Source : Lieux patrimoniaux du Canada (s\u2019ouvre dans un nouvel onglet)\" href=\"https:\/\/www.historicplaces.ca\/fr\/rep-reg\/place-lieu.aspx?id=6729\" target=\"_blank\">Source : Lieux patrimoniaux du Canada<\/a><\/p>\n\n\n\n<p>Photos : Monique Bellemare<\/p>\n\n\n\n<ul class=\"wp-block-gallery columns-3 is-cropped wp-block-gallery-1 is-layout-flex wp-block-gallery-is-layout-flex\"><li class=\"blocks-gallery-item\"><figure><a href=\"https:\/\/patrimoineduquebec.com\/GaresduQuebec\/wp-content\/uploads\/2019\/09\/P8082716-1024x768.jpeg\"><img loading=\"lazy\" decoding=\"async\" width=\"1024\" height=\"768\" src=\"https:\/\/patrimoineduquebec.com\/GaresduQuebec\/wp-content\/uploads\/2019\/09\/P8082716-1024x768.jpeg\" alt=\"\" data-id=\"266\" data-link=\"https:\/\/patrimoineduquebec.com\/GaresduQuebec\/saint-pascal\/st-pascal-2\/\" class=\"wp-image-266\" srcset=\"https:\/\/patrimoineduquebec.com\/GaresduQuebec\/wp-content\/uploads\/2019\/09\/P8082716-1024x768.jpeg 1024w, https:\/\/patrimoineduquebec.com\/GaresduQuebec\/wp-content\/uploads\/2019\/09\/P8082716-300x225.jpeg 300w, https:\/\/patrimoineduquebec.com\/GaresduQuebec\/wp-content\/uploads\/2019\/09\/P8082716-768x576.jpeg 768w\" sizes=\"auto, (max-width: 1024px) 100vw, 1024px\" \/><\/a><\/figure><\/li><li class=\"blocks-gallery-item\"><figure><a href=\"https:\/\/patrimoineduquebec.com\/GaresduQuebec\/wp-content\/uploads\/2019\/09\/P8082714-1024x768.jpeg\"><img loading=\"lazy\" decoding=\"async\" width=\"1024\" height=\"768\" src=\"https:\/\/patrimoineduquebec.com\/GaresduQuebec\/wp-content\/uploads\/2019\/09\/P8082714-1024x768.jpeg\" alt=\"\" data-id=\"267\" data-link=\"https:\/\/patrimoineduquebec.com\/GaresduQuebec\/saint-pascal\/st-pascal-3\/\" class=\"wp-image-267\" srcset=\"https:\/\/patrimoineduquebec.com\/GaresduQuebec\/wp-content\/uploads\/2019\/09\/P8082714-1024x768.jpeg 1024w, https:\/\/patrimoineduquebec.com\/GaresduQuebec\/wp-content\/uploads\/2019\/09\/P8082714-300x225.jpeg 300w, https:\/\/patrimoineduquebec.com\/GaresduQuebec\/wp-content\/uploads\/2019\/09\/P8082714-768x576.jpeg 768w\" sizes=\"auto, (max-width: 1024px) 100vw, 1024px\" \/><\/a><\/figure><\/li><li class=\"blocks-gallery-item\"><figure><a href=\"https:\/\/patrimoineduquebec.com\/GaresduQuebec\/wp-content\/uploads\/2019\/09\/P8082710-1024x768.jpeg\"><img loading=\"lazy\" decoding=\"async\" width=\"1024\" height=\"768\" src=\"https:\/\/patrimoineduquebec.com\/GaresduQuebec\/wp-content\/uploads\/2019\/09\/P8082710-1024x768.jpeg\" alt=\"\" data-id=\"268\" data-link=\"https:\/\/patrimoineduquebec.com\/GaresduQuebec\/saint-pascal\/st-pascal-4\/\" class=\"wp-image-268\" srcset=\"https:\/\/patrimoineduquebec.com\/GaresduQuebec\/wp-content\/uploads\/2019\/09\/P8082710-1024x768.jpeg 1024w, https:\/\/patrimoineduquebec.com\/GaresduQuebec\/wp-content\/uploads\/2019\/09\/P8082710-300x225.jpeg 300w, https:\/\/patrimoineduquebec.com\/GaresduQuebec\/wp-content\/uploads\/2019\/09\/P8082710-768x576.jpeg 768w\" sizes=\"auto, (max-width: 1024px) 100vw, 1024px\" \/><\/a><\/figure><\/li><li class=\"blocks-gallery-item\"><figure><a href=\"https:\/\/patrimoineduquebec.com\/GaresduQuebec\/wp-content\/uploads\/2019\/09\/P8080043-1024x768.jpeg\"><img loading=\"lazy\" decoding=\"async\" width=\"1024\" height=\"768\" src=\"https:\/\/patrimoineduquebec.com\/GaresduQuebec\/wp-content\/uploads\/2019\/09\/P8080043-1024x768.jpeg\" alt=\"\" data-id=\"269\" data-link=\"https:\/\/patrimoineduquebec.com\/GaresduQuebec\/saint-pascal\/st-pascal-5\/\" class=\"wp-image-269\" srcset=\"https:\/\/patrimoineduquebec.com\/GaresduQuebec\/wp-content\/uploads\/2019\/09\/P8080043-1024x768.jpeg 1024w, https:\/\/patrimoineduquebec.com\/GaresduQuebec\/wp-content\/uploads\/2019\/09\/P8080043-300x225.jpeg 300w, https:\/\/patrimoineduquebec.com\/GaresduQuebec\/wp-content\/uploads\/2019\/09\/P8080043-768x576.jpeg 768w\" sizes=\"auto, (max-width: 1024px) 100vw, 1024px\" \/><\/a><\/figure><\/li><li class=\"blocks-gallery-item\"><figure><a href=\"https:\/\/patrimoineduquebec.com\/GaresduQuebec\/wp-content\/uploads\/2019\/09\/P8082709-1024x768.jpeg\"><img loading=\"lazy\" decoding=\"async\" width=\"1024\" height=\"768\" src=\"https:\/\/patrimoineduquebec.com\/GaresduQuebec\/wp-content\/uploads\/2019\/09\/P8082709-1024x768.jpeg\" alt=\"\" data-id=\"270\" data-link=\"https:\/\/patrimoineduquebec.com\/GaresduQuebec\/saint-pascal\/st-pascal-6\/\" class=\"wp-image-270\" srcset=\"https:\/\/patrimoineduquebec.com\/GaresduQuebec\/wp-content\/uploads\/2019\/09\/P8082709-1024x768.jpeg 1024w, https:\/\/patrimoineduquebec.com\/GaresduQuebec\/wp-content\/uploads\/2019\/09\/P8082709-300x225.jpeg 300w, https:\/\/patrimoineduquebec.com\/GaresduQuebec\/wp-content\/uploads\/2019\/09\/P8082709-768x576.jpeg 768w\" sizes=\"auto, (max-width: 1024px) 100vw, 1024px\" \/><\/a><\/figure><\/li><li class=\"blocks-gallery-item\"><figure><a href=\"https:\/\/patrimoineduquebec.com\/GaresduQuebec\/wp-content\/uploads\/2019\/09\/P8082717-1024x768.jpeg\"><img loading=\"lazy\" decoding=\"async\" width=\"1024\" height=\"768\" src=\"https:\/\/patrimoineduquebec.com\/GaresduQuebec\/wp-content\/uploads\/2019\/09\/P8082717-1024x768.jpeg\" alt=\"\" data-id=\"271\" data-link=\"https:\/\/patrimoineduquebec.com\/GaresduQuebec\/saint-pascal\/st-pascal-7\/\" class=\"wp-image-271\" srcset=\"https:\/\/patrimoineduquebec.com\/GaresduQuebec\/wp-content\/uploads\/2019\/09\/P8082717-1024x768.jpeg 1024w, https:\/\/patrimoineduquebec.com\/GaresduQuebec\/wp-content\/uploads\/2019\/09\/P8082717-300x225.jpeg 300w, https:\/\/patrimoineduquebec.com\/GaresduQuebec\/wp-content\/uploads\/2019\/09\/P8082717-768x576.jpeg 768w\" sizes=\"auto, (max-width: 1024px) 100vw, 1024px\" \/><\/a><\/figure><\/li><li class=\"blocks-gallery-item\"><figure><a href=\"https:\/\/patrimoineduquebec.com\/GaresduQuebec\/wp-content\/uploads\/2019\/10\/2.jpeg\"><img loading=\"lazy\" decoding=\"async\" width=\"761\" height=\"501\" src=\"https:\/\/patrimoineduquebec.com\/GaresduQuebec\/wp-content\/uploads\/2019\/10\/2.jpeg\" alt=\"\" data-id=\"1730\" data-link=\"https:\/\/patrimoineduquebec.com\/GaresduQuebec\/saint-pascal\/2-2\/\" class=\"wp-image-1730\" srcset=\"https:\/\/patrimoineduquebec.com\/GaresduQuebec\/wp-content\/uploads\/2019\/10\/2.jpeg 761w, https:\/\/patrimoineduquebec.com\/GaresduQuebec\/wp-content\/uploads\/2019\/10\/2-300x198.jpeg 300w\" sizes=\"auto, (max-width: 761px) 100vw, 761px\" \/><\/a><figcaption>Soci\u00e9t\u00e9 d&rsquo;histoire et de g\u00e9n\u00e9alogie de Saint-Pascal<\/figcaption><\/figure><\/li><li class=\"blocks-gallery-item\"><figure><a href=\"https:\/\/patrimoineduquebec.com\/GaresduQuebec\/wp-content\/uploads\/2019\/10\/A-gare-de-saint-pascal-facebook-1024x774.jpeg\"><img loading=\"lazy\" decoding=\"async\" width=\"1024\" height=\"774\" src=\"https:\/\/patrimoineduquebec.com\/GaresduQuebec\/wp-content\/uploads\/2019\/10\/A-gare-de-saint-pascal-facebook-1024x774.jpeg\" alt=\"\" data-id=\"1828\" data-link=\"https:\/\/patrimoineduquebec.com\/GaresduQuebec\/saint-pascal\/a-gare-de-saint-pascal-facebook\/\" class=\"wp-image-1828\" srcset=\"https:\/\/patrimoineduquebec.com\/GaresduQuebec\/wp-content\/uploads\/2019\/10\/A-gare-de-saint-pascal-facebook-1024x774.jpeg 1024w, https:\/\/patrimoineduquebec.com\/GaresduQuebec\/wp-content\/uploads\/2019\/10\/A-gare-de-saint-pascal-facebook-300x227.jpeg 300w, https:\/\/patrimoineduquebec.com\/GaresduQuebec\/wp-content\/uploads\/2019\/10\/A-gare-de-saint-pascal-facebook-768x581.jpeg 768w, https:\/\/patrimoineduquebec.com\/GaresduQuebec\/wp-content\/uploads\/2019\/10\/A-gare-de-saint-pascal-facebook.jpeg 1169w\" sizes=\"auto, (max-width: 1024px) 100vw, 1024px\" \/><\/a><figcaption>Photo Facebook<\/figcaption><\/figure><\/li><\/ul>\n","protected":false},"excerpt":{"rendered":"<p>DESCRIPTION DU LIEU PATRIMONIAL La gare ferroviaire Canadien National \u00e0 Saint-Pascal est un b\u00e2timent en brique beige p\u00e2le, compact, d&rsquo;un \u00e9tage et demi couronn\u00e9 d&rsquo;un toit \u00e0 forte pente avec de larges d\u00e9bords \u00e9vas\u00e9s. Elle est situ\u00e9e au centre de Saint-Pascal au 536, avenue de la Gare et flanqu\u00e9e de b\u00e2timents ferroviaires en bordure des [&hellip;]<\/p>\n","protected":false},"author":1,"featured_media":0,"parent":0,"menu_order":0,"comment_status":"closed","ping_status":"closed","template":"","meta":{"footnotes":""},"class_list":["post-262","page","type-page","status-publish","hentry"],"_links":{"self":[{"href":"https:\/\/patrimoineduquebec.com\/GaresduQuebec\/wp-json\/wp\/v2\/pages\/262","targetHints":{"allow":["GET"]}}],"collection":[{"href":"https:\/\/patrimoineduquebec.com\/GaresduQuebec\/wp-json\/wp\/v2\/pages"}],"about":[{"href":"https:\/\/patrimoineduquebec.com\/GaresduQuebec\/wp-json\/wp\/v2\/types\/page"}],"author":[{"embeddable":true,"href":"https:\/\/patrimoineduquebec.com\/GaresduQuebec\/wp-json\/wp\/v2\/users\/1"}],"replies":[{"embeddable":true,"href":"https:\/\/patrimoineduquebec.com\/GaresduQuebec\/wp-json\/wp\/v2\/comments?post=262"}],"version-history":[{"count":7,"href":"https:\/\/patrimoineduquebec.com\/GaresduQuebec\/wp-json\/wp\/v2\/pages\/262\/revisions"}],"predecessor-version":[{"id":1829,"href":"https:\/\/patrimoineduquebec.com\/GaresduQuebec\/wp-json\/wp\/v2\/pages\/262\/revisions\/1829"}],"wp:attachment":[{"href":"https:\/\/patrimoineduquebec.com\/GaresduQuebec\/wp-json\/wp\/v2\/media?parent=262"}],"curies":[{"name":"wp","href":"https:\/\/api.w.org\/{rel}","templated":true}]}}