{"id":26,"date":"2019-09-23T17:32:28","date_gmt":"2019-09-23T17:32:28","guid":{"rendered":"https:\/\/patrimoineduquebec.com\/GaresduQuebec\/?page_id=26"},"modified":"2025-12-16T17:45:30","modified_gmt":"2025-12-16T17:45:30","slug":"a-propos-de-moi","status":"publish","type":"page","link":"https:\/\/patrimoineduquebec.com\/GaresduQuebec\/a-propos-de-moi\/","title":{"rendered":"\u00c0 propos de moi"},"content":{"rendered":"<div class=\"wp-block-image\">\n<figure class=\"aligncenter size-large is-resized\"><img loading=\"lazy\" decoding=\"async\" width=\"1024\" height=\"768\" src=\"https:\/\/patrimoineduquebec.com\/GaresduQuebec\/wp-content\/uploads\/2025\/01\/IMG_0247-1024x768.png\" alt=\"\" class=\"wp-image-2162\" style=\"width:768px;height:576px\" srcset=\"https:\/\/patrimoineduquebec.com\/GaresduQuebec\/wp-content\/uploads\/2025\/01\/IMG_0247-1024x768.png 1024w, https:\/\/patrimoineduquebec.com\/GaresduQuebec\/wp-content\/uploads\/2025\/01\/IMG_0247-300x225.png 300w, https:\/\/patrimoineduquebec.com\/GaresduQuebec\/wp-content\/uploads\/2025\/01\/IMG_0247-768x576.png 768w, https:\/\/patrimoineduquebec.com\/GaresduQuebec\/wp-content\/uploads\/2025\/01\/IMG_0247.png 1280w\" sizes=\"auto, (max-width: 1024px) 100vw, 1024px\" \/><\/figure>\n<\/div>\n\n\n<p>Mon nom est Monique Bellemare. Retrait\u00e9e depuis 1997, j\u2019occupe une partie de mes loisirs \u00e0 faire de la photographie et des recherches sur certains \u00e9l\u00e9ments du patrimoine qu\u00e9b\u00e9cois. Je ne suis sp\u00e9cialiste sur aucun sujet en particulier mais je reste une grande \u00abamateure\u00bb de tout \u00e9l\u00e9ment patrimonial.<\/p>\n\n\n\n<p>J\u2019ai photographi\u00e9 tous les ponts couverts encore en place au Qu\u00e9bec. Pr\u00e8s de 2 000 photos d\u2019\u00e9glises de toutes les r\u00e9gions remplissent mes albums-photos. Les prochains mois seront consacr\u00e9s \u00e0 d\u2019autres \u00e9l\u00e9ments du patrimoine et s\u00fbrement que quelques sites web seront cr\u00e9\u00e9s pour partager mes nouvelles d\u00e9couvertes. Je peux dire que j\u2019ai parcouru la belle province dans \u00e0 peu pr\u00e8s toute son \u00e9tendue. Mes d\u00e9placements sont maintenant plus fructueux puisque je jumelle tous mes int\u00e9r\u00eats (ponts couverts, granges rondes, vieilles gares, croix de chemin, \u00e9glises).<\/p>\n\n\n\n<p>Plusieurs fois par ann\u00e9e, je pr\u00e9sente mes photos dans diverses expositions de collectionneurs. Les gens sont toujours heureux de voir un \u00e9l\u00e9ment du patrimoine qui les a marqu\u00e9s dans le pass\u00e9 et d\u2019\u00e9changer avec moi sur le sujet.<\/p>\n\n\n\n<p>N\u2019h\u00e9sitez pas \u00e0 me communiquer de l\u2019information qui pourrait m\u2019int\u00e9resser ou \u00e0 me poser toute question \u00e0 laquelle je r\u00e9pondrai au meilleur de ma connaissance.<\/p>\n\n\n\n<p class=\"has-vivid-cyan-blue-color has-text-color\"><a href=\"mailto:monbel43@mac.com\">Monique Bellemare<\/a><\/p>\n","protected":false},"excerpt":{"rendered":"<p>Mon nom est Monique Bellemare. Retrait\u00e9e depuis 1997, j\u2019occupe une partie de mes loisirs \u00e0 faire de la photographie et des recherches sur certains \u00e9l\u00e9ments du patrimoine qu\u00e9b\u00e9cois. Je ne suis sp\u00e9cialiste sur aucun sujet en particulier mais je reste une grande \u00abamateure\u00bb de tout \u00e9l\u00e9ment patrimonial. J\u2019ai photographi\u00e9 tous les ponts couverts encore en [&hellip;]<\/p>\n","protected":false},"author":1,"featured_media":0,"parent":0,"menu_order":0,"comment_status":"closed","ping_status":"closed","template":"","meta":{"footnotes":""},"class_list":["post-26","page","type-page","status-publish","hentry"],"_links":{"self":[{"href":"https:\/\/patrimoineduquebec.com\/GaresduQuebec\/wp-json\/wp\/v2\/pages\/26","targetHints":{"allow":["GET"]}}],"collection":[{"href":"https:\/\/patrimoineduquebec.com\/GaresduQuebec\/wp-json\/wp\/v2\/pages"}],"about":[{"href":"https:\/\/patrimoineduquebec.com\/GaresduQuebec\/wp-json\/wp\/v2\/types\/page"}],"author":[{"embeddable":true,"href":"https:\/\/patrimoineduquebec.com\/GaresduQuebec\/wp-json\/wp\/v2\/users\/1"}],"replies":[{"embeddable":true,"href":"https:\/\/patrimoineduquebec.com\/GaresduQuebec\/wp-json\/wp\/v2\/comments?post=26"}],"version-history":[{"count":12,"href":"https:\/\/patrimoineduquebec.com\/GaresduQuebec\/wp-json\/wp\/v2\/pages\/26\/revisions"}],"predecessor-version":[{"id":2181,"href":"https:\/\/patrimoineduquebec.com\/GaresduQuebec\/wp-json\/wp\/v2\/pages\/26\/revisions\/2181"}],"wp:attachment":[{"href":"https:\/\/patrimoineduquebec.com\/GaresduQuebec\/wp-json\/wp\/v2\/media?parent=26"}],"curies":[{"name":"wp","href":"https:\/\/api.w.org\/{rel}","templated":true}]}}