{"id":246,"date":"2019-09-25T14:45:09","date_gmt":"2019-09-25T14:45:09","guid":{"rendered":"https:\/\/patrimoineduquebec.com\/GaresduQuebec\/?page_id=246"},"modified":"2019-10-13T21:03:48","modified_gmt":"2019-10-13T21:03:48","slug":"saint-anaclet","status":"publish","type":"page","link":"https:\/\/patrimoineduquebec.com\/GaresduQuebec\/saint-anaclet\/","title":{"rendered":"Saint-Anaclet"},"content":{"rendered":"\n<p style=\"text-align:center\" class=\"has-medium-font-size\"><strong>D\u00e9m\u00e9nag\u00e9e \u00e0 Point-au-P\u00e8re<\/strong> <strong>(Rimouski)<\/strong><\/p>\n\n\n\n<div class=\"wp-block-image\"><figure class=\"aligncenter\"><a href=\"https:\/\/patrimoineduquebec.com\/GaresduQuebec\/wp-content\/uploads\/2019\/09\/IMG_2759.jpg\"><img loading=\"lazy\" decoding=\"async\" width=\"1024\" height=\"683\" src=\"https:\/\/patrimoineduquebec.com\/GaresduQuebec\/wp-content\/uploads\/2019\/09\/IMG_2759-1024x683.jpg\" alt=\"\" class=\"wp-image-250\" srcset=\"https:\/\/patrimoineduquebec.com\/GaresduQuebec\/wp-content\/uploads\/2019\/09\/IMG_2759-1024x683.jpg 1024w, https:\/\/patrimoineduquebec.com\/GaresduQuebec\/wp-content\/uploads\/2019\/09\/IMG_2759-300x200.jpg 300w, https:\/\/patrimoineduquebec.com\/GaresduQuebec\/wp-content\/uploads\/2019\/09\/IMG_2759-768x512.jpg 768w\" sizes=\"auto, (max-width: 1024px) 100vw, 1024px\" \/><\/a><\/figure><\/div>\n\n\n\n<h4 class=\"wp-block-heading\"><strong>Description<\/strong><\/h4>\n\n\n\n<p>L&rsquo;ancienne gare de Saint-Anaclet est une gare ferroviaire \u00e9rig\u00e9e en 1882. L&rsquo;\u00e9difice en bois, de plan rectangulaire \u00e0 un \u00e9tage et demi, est coiff\u00e9 d&rsquo;un imposant toit \u00e0 croupes se prolongeant au-del\u00e0 des murs. Ses larges avant-toits sont support\u00e9s par des consoles. La fa\u00e7ade principale est dot\u00e9e d&rsquo;un avant-corps surmont\u00e9 d&rsquo;un toit \u00e0 croupes. La gare, qui a \u00e9t\u00e9 d\u00e9plac\u00e9e, se situe aujourd&rsquo;hui dans le secteur de Pointe-au-P\u00e8re \u00e0 Rimouski.<br><br>Ce bien est cit\u00e9 immeuble patrimonial. La protection s&rsquo;applique \u00e0 l&rsquo;enveloppe ext\u00e9rieure du b\u00e2timent.<\/p>\n\n\n\n<h4 class=\"wp-block-heading\"><strong>Valeur patrimoniale<\/strong><\/h4>\n\n\n\n<p>L&rsquo;ancienne gare de Saint-Anaclet pr\u00e9sente un int\u00e9r\u00eat patrimonial pour sa valeur historique. La gare rend compte du projet de l&rsquo;Intercolonial d\u00e9but\u00e9 dans les ann\u00e9es 1840. Cette ligne de chemin de fer est construite afin de permettre l&rsquo;\u00e9tablissement de meilleurs liens politiques et commerciaux entre les colonies britanniques en Am\u00e9rique du Nord. Elle a pour objectif principal de relier les colonies maritimes \u00e0 la Province du Canada (l&rsquo;Ontario et le Qu\u00e9bec actuels) et fait partie des conditions d&rsquo;int\u00e9gration du Nouveau-Brunswick et de la Nouvelle-\u00c9cosse \u00e0 la Conf\u00e9d\u00e9ration canadienne. Ce circuit ferroviaire desservant Rimouski et la vall\u00e9e de la Matap\u00e9dia repr\u00e9sente un important d\u00e9bouch\u00e9 \u00e9conomique pour les produits locaux de la r\u00e9gion du Bas-Saint-Laurent. Le chemin de fer de l&rsquo;Intercolonial rejoint Rimouski en 1873 alors qu&rsquo;un tron\u00e7on relie Rivi\u00e8re-du-Loup et Mont-Joli l&rsquo;ann\u00e9e suivante. L&rsquo;ouverture officielle \u00e0 la circulation des trains \u00e0 partir de 1876 encourage le d\u00e9veloppement des villes et des villages le long du r\u00e9seau. L&rsquo;ancienne gare de Saint-Anaclet est \u00e9galement reli\u00e9e \u00e0 l&rsquo;histoire des p\u00e8lerinages au Sanctuaire Sainte-Anne-de-la-Pointe-au-P\u00e8re, dans la localit\u00e9 voisine. Ce lieu de culte est b\u00e9nit en 1874 par Mgr Jean Langevin (1821-1892), premier \u00e9v\u00eaque de Rimouski, qui y d\u00e9pose une relique de sainte Anne. Vers 1881, le cur\u00e9 Majorique Bolduc (1842-1926), qui deviendra \u00e9v\u00eaque par la suite, formule une demande aux deux gouvernements de l&rsquo;\u00e9poque pour qu&rsquo;une gare soit construite afin de faciliter l&rsquo;acc\u00e8s de la chapelle aux nombreux fid\u00e8les qui viennent de loin pour assister aux p\u00e8lerinages. La gare de Saint-Anaclet-de-Lessard est finalement construite en 1882. Elle encourage l&rsquo;\u00e9conomie, la cr\u00e9ation d&#8217;emplois ainsi que le d\u00e9veloppement d&rsquo;une agriculture sp\u00e9cialis\u00e9e.<br><br>L&rsquo;ancienne gare de Saint-Anaclet pr\u00e9sente en outre un int\u00e9r\u00eat patrimonial pour sa valeur architecturale. Cette gare est repr\u00e9sentative d&rsquo;un mod\u00e8le de gare construit dans les petites localit\u00e9s du Bas-Saint-Laurent, de la Gasp\u00e9sie et de la vall\u00e9e de la Matap\u00e9dia au tournant du XXe si\u00e8cle. La gare de Saint-Anaclet est caract\u00e9ristique de ce mod\u00e8le, notamment par son volume rectangulaire d&rsquo;un \u00e9tage coiff\u00e9 d&rsquo;un large toit \u00e0 croupes et par ses avant-toits d\u00e9bordants support\u00e9s par des consoles en bois. La fen\u00eatre en saillie est \u00e9galement une composante des gares \u00e9difi\u00e9es par la compagnie de l&rsquo;Intercolonial Railway. Il s&rsquo;agit d&rsquo;un \u00e9l\u00e9ment architectural r\u00e9pandu dans les gares d&rsquo;Am\u00e9rique du Nord apr\u00e8s 1880 qui permet \u00e0 l&rsquo;op\u00e9rateur de surveiller \u00e0 la fois la voie ferr\u00e9e et l&rsquo;environnement ambiant. C&rsquo;est d&rsquo;ailleurs dans cette structure qu&rsquo;est install\u00e9 le t\u00e9l\u00e9graphe. La gare de Saint-Anaclet est bien conserv\u00e9e et constitue un t\u00e9moignage des gares de ce type \u00e9rig\u00e9es le long de l&rsquo;Intercolonial \u00e0 la fin du XIXe si\u00e8cle.<br><br>Source : Ville de Rimouski, 2008.<\/p>\n\n\n\n<h4 class=\"wp-block-heading\"><strong>\u00c9l\u00e9ments caract\u00e9ristiques<\/strong><\/h4>\n\n\n\n<p>Les \u00e9l\u00e9ments caract\u00e9ristiques de l&rsquo;ancienne gare de Saint-Anaclet li\u00e9s \u00e0 ses valeurs historique et architecturale comprennent, notamment :<br>&#8211; son volume, dont le plan rectangulaire, l&rsquo;\u00e9l\u00e9vation d&rsquo;un \u00e9tage et demi et l&rsquo;imposant toit \u00e0 croupes aux avant-toits d\u00e9bordants;<br>&#8211; l&rsquo;avant-corps coiff\u00e9 d&rsquo;un toit \u00e0 croupes;<br>&#8211; les mat\u00e9riaux, dont le parement de planches \u00e0 clins ainsi que le bois des \u00e9l\u00e9ments architecturaux et ornementaux;<br>&#8211; les ouvertures, dont les fen\u00eatres rectangulaires \u00e0 petits carreaux, la lucarne en appentis ainsi que les chambranles;<br>&#8211; l&rsquo;ornementation, dont les larges consoles et les chevrons apparents.<\/p>\n\n\n\n<h4 class=\"wp-block-heading\"><strong>Informations historiques<\/strong><\/h4>\n\n\n\n<p>Le chemin de fer Intercolonial traverse un paysage essentiellement agricole, des limites nord du Nouveau-Brunswick jusqu&rsquo;au fleuve Saint-Laurent. Ce circuit repr\u00e9sente un important d\u00e9bouch\u00e9 \u00e9conomique pour les produits locaux de la r\u00e9gion du Bas-Saint-Laurent. Il rejoint Rimouski en 1873 alors qu&rsquo;un tron\u00e7on relie Rivi\u00e8re-du-Loup et Mont-Joli l&rsquo;ann\u00e9e suivante. L&rsquo;ouverture officielle \u00e0 la circulation des trains \u00e0 partir de 1876 encourage le d\u00e9veloppement des villes et des villages le long du r\u00e9seau.&nbsp;<br><br>La gare cesse ses activit\u00e9s en 1974. Elle est acquise par une entreprise de production de tourbe qui la d\u00e9m\u00e9nage sur ses terrains, dans le secteur de Pointe-au-P\u00e8re de la ville de Rimouski. Elle est alors utilis\u00e9e comme bureau.&nbsp;<br><br>L&rsquo;ancienne gare de Saint-Anaclet est cit\u00e9e en 2003.<\/p>\n\n\n\n<p class=\"has-text-color has-vivid-cyan-blue-color\">Source :<a rel=\"noreferrer noopener\" aria-label=\" R\u00e9pertoire du patrimoine culturel du Qu\u00e9bec (s\u2019ouvre dans un nouvel onglet)\" href=\"http:\/\/www.patrimoine-culturel.gouv.qc.ca\/rpcq\/detail.do?methode=consulter&amp;id=93384&amp;type=bien#.XYt7ly97RQM\" target=\"_blank\"> R\u00e9pertoire du patrimoine culturel du Qu\u00e9bec<\/a><\/p>\n\n\n\n<p>Photos : Monique Bellemare<\/p>\n\n\n\n<ul class=\"wp-block-gallery columns-3 is-cropped wp-block-gallery-1 is-layout-flex wp-block-gallery-is-layout-flex\"><li class=\"blocks-gallery-item\"><figure><a href=\"https:\/\/patrimoineduquebec.com\/GaresduQuebec\/wp-content\/uploads\/2019\/09\/IMG_2761-1024x686.jpg\"><img loading=\"lazy\" decoding=\"async\" width=\"1024\" height=\"686\" src=\"https:\/\/patrimoineduquebec.com\/GaresduQuebec\/wp-content\/uploads\/2019\/09\/IMG_2761-1024x686.jpg\" alt=\"\" data-id=\"251\" data-link=\"https:\/\/patrimoineduquebec.com\/GaresduQuebec\/saint-anaclet\/img_2761\/\" class=\"wp-image-251\" srcset=\"https:\/\/patrimoineduquebec.com\/GaresduQuebec\/wp-content\/uploads\/2019\/09\/IMG_2761-1024x686.jpg 1024w, https:\/\/patrimoineduquebec.com\/GaresduQuebec\/wp-content\/uploads\/2019\/09\/IMG_2761-300x201.jpg 300w, https:\/\/patrimoineduquebec.com\/GaresduQuebec\/wp-content\/uploads\/2019\/09\/IMG_2761-768x514.jpg 768w\" sizes=\"auto, (max-width: 1024px) 100vw, 1024px\" \/><\/a><\/figure><\/li><li class=\"blocks-gallery-item\"><figure><a href=\"https:\/\/patrimoineduquebec.com\/GaresduQuebec\/wp-content\/uploads\/2019\/09\/IMG_2763-1024x683.jpeg\"><img loading=\"lazy\" decoding=\"async\" width=\"1024\" height=\"683\" src=\"https:\/\/patrimoineduquebec.com\/GaresduQuebec\/wp-content\/uploads\/2019\/09\/IMG_2763-1024x683.jpeg\" alt=\"\" data-id=\"252\" data-link=\"https:\/\/patrimoineduquebec.com\/GaresduQuebec\/saint-anaclet\/img_2763\/\" class=\"wp-image-252\" srcset=\"https:\/\/patrimoineduquebec.com\/GaresduQuebec\/wp-content\/uploads\/2019\/09\/IMG_2763-1024x683.jpeg 1024w, https:\/\/patrimoineduquebec.com\/GaresduQuebec\/wp-content\/uploads\/2019\/09\/IMG_2763-300x200.jpeg 300w, https:\/\/patrimoineduquebec.com\/GaresduQuebec\/wp-content\/uploads\/2019\/09\/IMG_2763-768x512.jpeg 768w\" sizes=\"auto, (max-width: 1024px) 100vw, 1024px\" \/><\/a><\/figure><\/li><li class=\"blocks-gallery-item\"><figure><a href=\"https:\/\/patrimoineduquebec.com\/GaresduQuebec\/wp-content\/uploads\/2019\/09\/IMG_2756-1024x683.jpg\"><img loading=\"lazy\" decoding=\"async\" width=\"1024\" height=\"683\" src=\"https:\/\/patrimoineduquebec.com\/GaresduQuebec\/wp-content\/uploads\/2019\/09\/IMG_2756-1024x683.jpg\" alt=\"\" data-id=\"253\" data-link=\"https:\/\/patrimoineduquebec.com\/GaresduQuebec\/saint-anaclet\/img_2756\/\" class=\"wp-image-253\" srcset=\"https:\/\/patrimoineduquebec.com\/GaresduQuebec\/wp-content\/uploads\/2019\/09\/IMG_2756-1024x683.jpg 1024w, https:\/\/patrimoineduquebec.com\/GaresduQuebec\/wp-content\/uploads\/2019\/09\/IMG_2756-300x200.jpg 300w, https:\/\/patrimoineduquebec.com\/GaresduQuebec\/wp-content\/uploads\/2019\/09\/IMG_2756-768x512.jpg 768w\" sizes=\"auto, (max-width: 1024px) 100vw, 1024px\" \/><\/a><\/figure><\/li><\/ul>\n","protected":false},"excerpt":{"rendered":"<p>D\u00e9m\u00e9nag\u00e9e \u00e0 Point-au-P\u00e8re (Rimouski) Description L&rsquo;ancienne gare de Saint-Anaclet est une gare ferroviaire \u00e9rig\u00e9e en 1882. L&rsquo;\u00e9difice en bois, de plan rectangulaire \u00e0 un \u00e9tage et demi, est coiff\u00e9 d&rsquo;un imposant toit \u00e0 croupes se prolongeant au-del\u00e0 des murs. Ses larges avant-toits sont support\u00e9s par des consoles. La fa\u00e7ade principale est dot\u00e9e d&rsquo;un avant-corps surmont\u00e9 [&hellip;]<\/p>\n","protected":false},"author":1,"featured_media":0,"parent":0,"menu_order":0,"comment_status":"closed","ping_status":"closed","template":"","meta":{"footnotes":""},"class_list":["post-246","page","type-page","status-publish","hentry"],"_links":{"self":[{"href":"https:\/\/patrimoineduquebec.com\/GaresduQuebec\/wp-json\/wp\/v2\/pages\/246","targetHints":{"allow":["GET"]}}],"collection":[{"href":"https:\/\/patrimoineduquebec.com\/GaresduQuebec\/wp-json\/wp\/v2\/pages"}],"about":[{"href":"https:\/\/patrimoineduquebec.com\/GaresduQuebec\/wp-json\/wp\/v2\/types\/page"}],"author":[{"embeddable":true,"href":"https:\/\/patrimoineduquebec.com\/GaresduQuebec\/wp-json\/wp\/v2\/users\/1"}],"replies":[{"embeddable":true,"href":"https:\/\/patrimoineduquebec.com\/GaresduQuebec\/wp-json\/wp\/v2\/comments?post=246"}],"version-history":[{"count":7,"href":"https:\/\/patrimoineduquebec.com\/GaresduQuebec\/wp-json\/wp\/v2\/pages\/246\/revisions"}],"predecessor-version":[{"id":1477,"href":"https:\/\/patrimoineduquebec.com\/GaresduQuebec\/wp-json\/wp\/v2\/pages\/246\/revisions\/1477"}],"wp:attachment":[{"href":"https:\/\/patrimoineduquebec.com\/GaresduQuebec\/wp-json\/wp\/v2\/media?parent=246"}],"curies":[{"name":"wp","href":"https:\/\/api.w.org\/{rel}","templated":true}]}}