{"id":237,"date":"2019-09-25T14:29:05","date_gmt":"2019-09-25T14:29:05","guid":{"rendered":"https:\/\/patrimoineduquebec.com\/GaresduQuebec\/?page_id=237"},"modified":"2019-10-17T13:38:44","modified_gmt":"2019-10-17T13:38:44","slug":"sayabec","status":"publish","type":"page","link":"https:\/\/patrimoineduquebec.com\/GaresduQuebec\/sayabec\/","title":{"rendered":"Sayabec"},"content":{"rendered":"\n<div class=\"wp-block-image\"><figure class=\"aligncenter\"><a href=\"https:\/\/patrimoineduquebec.com\/GaresduQuebec\/wp-content\/uploads\/2019\/09\/P8100348.jpeg\"><img loading=\"lazy\" decoding=\"async\" width=\"1024\" height=\"768\" src=\"https:\/\/patrimoineduquebec.com\/GaresduQuebec\/wp-content\/uploads\/2019\/09\/P8100348-1024x768.jpeg\" alt=\"\" class=\"wp-image-238\" srcset=\"https:\/\/patrimoineduquebec.com\/GaresduQuebec\/wp-content\/uploads\/2019\/09\/P8100348-1024x768.jpeg 1024w, https:\/\/patrimoineduquebec.com\/GaresduQuebec\/wp-content\/uploads\/2019\/09\/P8100348-300x225.jpeg 300w, https:\/\/patrimoineduquebec.com\/GaresduQuebec\/wp-content\/uploads\/2019\/09\/P8100348-768x576.jpeg 768w\" sizes=\"auto, (max-width: 1024px) 100vw, 1024px\" \/><\/a><\/figure><\/div>\n\n\n\n<p><strong>Architecture<\/strong><br><\/p>\n\n\n\n<p>La gare de Sayabec, cit\u00e9e monument historique, est une gare ferroviaire construite en 1912. Le b\u00e2timent en bois, de plan rectangulaire \u00e0 un \u00e9tage, est coiff\u00e9 d&rsquo;un imposant toit \u00e0 croupes dont l&rsquo;avant-toit d\u00e9bordant est support\u00e9 par de grandes consoles. La fa\u00e7ade principale comprend une saillie surmont\u00e9e d&rsquo;une fausse lucarne \u00e0 croupe. La gare, qui a \u00e9t\u00e9 d\u00e9plac\u00e9e, est situ\u00e9e en bordure de la route 132, dans la municipalit\u00e9 de Sayabec.&nbsp;&nbsp;&nbsp;<br><\/p>\n\n\n\n<p><strong>Histoire<\/strong><br><\/p>\n\n\n\n<p>Le village de Sayabec se d\u00e9veloppe gr\u00e2ce \u00e0 la construction de la voie ferr\u00e9e par la compagnie Intercolonial Railway, constitu\u00e9e en 1867 par le gouvernement canadien. L&rsquo;entreprise projette de relier les Maritimes \u00e0 l&rsquo;Ontario. Cette ligne fait alors partie du secteur Saint-Laurent de la compagnie et s&rsquo;inscrit dans un contexte plus large. En effet, les autorit\u00e9s politiques d\u00e9sirent \u00e9tendre les voies de communication entre les provinces maritimes et le reste du Canada. Lors de la construction du chemin de fer, en 1875, une premi\u00e8re gare est vraisemblablement construite.<br><\/p>\n\n\n\n<p>\u00c0 partir de 1883, une petite agglom\u00e9ration se forme autour de la gare. Ensuite, une industrie de transformation du bois, fond\u00e9e par Martin Lebel, s&rsquo;implante \u00e0 proximit\u00e9. En 1884, la localit\u00e9 voit arriver une premi\u00e8re vague de colonisation. L&rsquo;industrie de Lebel est achet\u00e9e par la Shell-Mcpherson en 1895. Par la suite, en 1896, elle est acquise par la compagnie John Fenderson. Avant la fin du si\u00e8cle, Sayabec devient la porte d&rsquo;entr\u00e9e de la vall\u00e9e de la Matap\u00e9dia. En effet, la pr\u00e9sence du si\u00e8ge de l&rsquo;Agence des terres dans le village constitue un arr\u00eat obligatoire pour les nouveaux colons. Agrandie en 1908, la premi\u00e8re gare devient tout de m\u00eame trop petite; la compagnie Intercolonial Railway b\u00e2tit la gare actuelle en 1912. Elle reprend un de ses plans standard largement utilis\u00e9 le long de cette subdivision ferroviaire. Le b\u00e2timent est caract\u00e9ris\u00e9 par son plan rectangulaire \u00e0 un \u00e9tage coiff\u00e9 d&rsquo;un toit \u00e0 croupes et une saillie am\u00e9nag\u00e9e sur sa fa\u00e7ade principale surmont\u00e9e d&rsquo;une fausse lucarne. Ce d\u00e9croch\u00e9 dans le plan correspond \u00e0 la pr\u00e9sence du bureau du chef de gare qui occupe l&rsquo;espace central bord\u00e9 par une salle d&rsquo;attente de chaque c\u00f4t\u00e9. La gare est rev\u00eatue de planches pos\u00e9es verticalement dans sa partie basse et horizontalement sur les deux tiers restants des surfaces. L&rsquo;ornementation du b\u00e2timent comporte des composantes en bois telles que les consoles qui soutiennent l&rsquo;avant-toit et les chambranles des ouvertures.<br><\/p>\n\n\n\n<p>Au d\u00e9but des ann\u00e9es 1920, la compagnie John Fenderson devient la plus importante industrie de bois d&rsquo;oeuvre dans l&rsquo;est du Qu\u00e9bec. Le trafic ferroviaire \u00e0 Sayabec est alors intense. Jusqu&rsquo;\u00e0 la crise \u00e9conomique des ann\u00e9es 1930, la gare constitue un pivot essentiel dans les activit\u00e9s locales. Par ailleurs, le village prend de l&rsquo;expansion entre les deux lignes parall\u00e8les que forment le chemin de fer au sud et le chemin Matap\u00e9dia au nord. Au fil des ans, plusieurs installations reli\u00e9es aux activit\u00e9s de la gare et du commerce sont ajout\u00e9es \u00e0 proximit\u00e9, puis d\u00e9molies en 1968. Des r\u00e9novations sont r\u00e9alis\u00e9es sur la gare par Via Rail en 1986, et des espaces verts sont ensuite am\u00e9nag\u00e9s autour du b\u00e2timent. La gare de Sayabec est d\u00e9sign\u00e9e gare ferroviaire patrimoniale par la Commission des lieux et monuments historiques du Canada en 1993.&nbsp;<br><\/p>\n\n\n\n<p>En 1997, la gare, qui n&rsquo;est plus la propri\u00e9t\u00e9 de Via Rail, est menac\u00e9e de d\u00e9molition par la reconstruction de la route allant de Sayabec \u00e0 Saint-Cl\u00e9ophas. Elle ne peut \u00eatre d\u00e9m\u00e9nag\u00e9e \u00e0 proximit\u00e9 de son emplacement premier, car les terrains sont la propri\u00e9t\u00e9 de Via Rail. La gare est donc d\u00e9plac\u00e9e sur son site actuel (11, route 132 Ouest) afin d&rsquo;assurer sa conservation.&nbsp;<br><\/p>\n\n\n\n<p>La gare de Sayabec est cit\u00e9e monument historique en 2006.<br><\/p>\n\n\n\n<p class=\"has-text-color has-vivid-cyan-blue-color\"><a rel=\"noreferrer noopener\" aria-label=\"Source : R\u00e9pertoire du patrimoine culturel du Qu\u00e9bec (s\u2019ouvre dans un nouvel onglet)\" href=\"http:\/\/www.patrimoine-culturel.gouv.qc.ca\/rpcq\/detail.do?methode=consulter&amp;id=105380&amp;type=bien#.XYty4i97RQM\" target=\"_blank\">Source : R\u00e9pertoire du patrimoine culturel du Qu\u00e9bec<\/a><\/p>\n\n\n\n<p>Photos : Monique Bellemare<\/p>\n\n\n\n<ul class=\"wp-block-gallery columns-3 is-cropped wp-block-gallery-1 is-layout-flex wp-block-gallery-is-layout-flex\"><li class=\"blocks-gallery-item\"><figure><a href=\"https:\/\/patrimoineduquebec.com\/GaresduQuebec\/wp-content\/uploads\/2019\/09\/P8103071-1024x768.jpeg\"><img loading=\"lazy\" decoding=\"async\" width=\"1024\" height=\"768\" src=\"https:\/\/patrimoineduquebec.com\/GaresduQuebec\/wp-content\/uploads\/2019\/09\/P8103071-1024x768.jpeg\" alt=\"\" data-id=\"239\" data-link=\"https:\/\/patrimoineduquebec.com\/GaresduQuebec\/sayabec\/sayabec-2\/\" class=\"wp-image-239\" srcset=\"https:\/\/patrimoineduquebec.com\/GaresduQuebec\/wp-content\/uploads\/2019\/09\/P8103071-1024x768.jpeg 1024w, https:\/\/patrimoineduquebec.com\/GaresduQuebec\/wp-content\/uploads\/2019\/09\/P8103071-300x225.jpeg 300w, https:\/\/patrimoineduquebec.com\/GaresduQuebec\/wp-content\/uploads\/2019\/09\/P8103071-768x576.jpeg 768w\" sizes=\"auto, (max-width: 1024px) 100vw, 1024px\" \/><\/a><\/figure><\/li><li class=\"blocks-gallery-item\"><figure><a href=\"https:\/\/patrimoineduquebec.com\/GaresduQuebec\/wp-content\/uploads\/2019\/09\/P8103074-1024x768.jpeg\"><img loading=\"lazy\" decoding=\"async\" width=\"1024\" height=\"768\" src=\"https:\/\/patrimoineduquebec.com\/GaresduQuebec\/wp-content\/uploads\/2019\/09\/P8103074-1024x768.jpeg\" alt=\"\" data-id=\"240\" data-link=\"https:\/\/patrimoineduquebec.com\/GaresduQuebec\/sayabec\/sayabec-3\/\" class=\"wp-image-240\" srcset=\"https:\/\/patrimoineduquebec.com\/GaresduQuebec\/wp-content\/uploads\/2019\/09\/P8103074-1024x768.jpeg 1024w, https:\/\/patrimoineduquebec.com\/GaresduQuebec\/wp-content\/uploads\/2019\/09\/P8103074-300x225.jpeg 300w, https:\/\/patrimoineduquebec.com\/GaresduQuebec\/wp-content\/uploads\/2019\/09\/P8103074-768x576.jpeg 768w\" sizes=\"auto, (max-width: 1024px) 100vw, 1024px\" \/><\/a><\/figure><\/li><li class=\"blocks-gallery-item\"><figure><a href=\"https:\/\/patrimoineduquebec.com\/GaresduQuebec\/wp-content\/uploads\/2019\/09\/P8103079-1024x768.jpeg\"><img loading=\"lazy\" decoding=\"async\" width=\"1024\" height=\"768\" src=\"https:\/\/patrimoineduquebec.com\/GaresduQuebec\/wp-content\/uploads\/2019\/09\/P8103079-1024x768.jpeg\" alt=\"\" data-id=\"241\" data-link=\"https:\/\/patrimoineduquebec.com\/GaresduQuebec\/sayabec\/sayabec-4\/\" class=\"wp-image-241\" srcset=\"https:\/\/patrimoineduquebec.com\/GaresduQuebec\/wp-content\/uploads\/2019\/09\/P8103079-1024x768.jpeg 1024w, https:\/\/patrimoineduquebec.com\/GaresduQuebec\/wp-content\/uploads\/2019\/09\/P8103079-300x225.jpeg 300w, https:\/\/patrimoineduquebec.com\/GaresduQuebec\/wp-content\/uploads\/2019\/09\/P8103079-768x576.jpeg 768w\" sizes=\"auto, (max-width: 1024px) 100vw, 1024px\" \/><\/a><\/figure><\/li><li class=\"blocks-gallery-item\"><figure><a href=\"https:\/\/patrimoineduquebec.com\/GaresduQuebec\/wp-content\/uploads\/2019\/09\/P8103076-1024x768.jpeg\"><img loading=\"lazy\" decoding=\"async\" width=\"1024\" height=\"768\" src=\"https:\/\/patrimoineduquebec.com\/GaresduQuebec\/wp-content\/uploads\/2019\/09\/P8103076-1024x768.jpeg\" alt=\"\" data-id=\"374\" data-link=\"https:\/\/patrimoineduquebec.com\/GaresduQuebec\/sayabec\/sayabec-6\/\" class=\"wp-image-374\" srcset=\"https:\/\/patrimoineduquebec.com\/GaresduQuebec\/wp-content\/uploads\/2019\/09\/P8103076-1024x768.jpeg 1024w, https:\/\/patrimoineduquebec.com\/GaresduQuebec\/wp-content\/uploads\/2019\/09\/P8103076-300x225.jpeg 300w, https:\/\/patrimoineduquebec.com\/GaresduQuebec\/wp-content\/uploads\/2019\/09\/P8103076-768x576.jpeg 768w\" sizes=\"auto, (max-width: 1024px) 100vw, 1024px\" \/><\/a><\/figure><\/li><li class=\"blocks-gallery-item\"><figure><a href=\"https:\/\/patrimoineduquebec.com\/GaresduQuebec\/wp-content\/uploads\/2019\/09\/gare-sayabec-1-2-1024x768.jpeg\"><img loading=\"lazy\" decoding=\"async\" width=\"1024\" height=\"768\" src=\"https:\/\/patrimoineduquebec.com\/GaresduQuebec\/wp-content\/uploads\/2019\/09\/gare-sayabec-1-2-1024x768.jpeg\" alt=\"\" data-id=\"375\" data-link=\"https:\/\/patrimoineduquebec.com\/GaresduQuebec\/sayabec\/gare-sayabec-1-2\/\" class=\"wp-image-375\" srcset=\"https:\/\/patrimoineduquebec.com\/GaresduQuebec\/wp-content\/uploads\/2019\/09\/gare-sayabec-1-2-1024x768.jpeg 1024w, https:\/\/patrimoineduquebec.com\/GaresduQuebec\/wp-content\/uploads\/2019\/09\/gare-sayabec-1-2-300x225.jpeg 300w, https:\/\/patrimoineduquebec.com\/GaresduQuebec\/wp-content\/uploads\/2019\/09\/gare-sayabec-1-2-768x576.jpeg 768w\" sizes=\"auto, (max-width: 1024px) 100vw, 1024px\" \/><\/a><figcaption>G\u00e9rald Arbour<\/figcaption><\/figure><\/li><li class=\"blocks-gallery-item\"><figure><a href=\"https:\/\/patrimoineduquebec.com\/GaresduQuebec\/wp-content\/uploads\/2019\/10\/C-gare-de-sayabec-facebook-2.jpeg\"><img loading=\"lazy\" decoding=\"async\" width=\"490\" height=\"331\" src=\"https:\/\/patrimoineduquebec.com\/GaresduQuebec\/wp-content\/uploads\/2019\/10\/C-gare-de-sayabec-facebook-2.jpeg\" alt=\"\" data-id=\"1784\" data-link=\"https:\/\/patrimoineduquebec.com\/GaresduQuebec\/sayabec\/c-gare-de-sayabec-facebook-2\/\" class=\"wp-image-1784\" srcset=\"https:\/\/patrimoineduquebec.com\/GaresduQuebec\/wp-content\/uploads\/2019\/10\/C-gare-de-sayabec-facebook-2.jpeg 490w, https:\/\/patrimoineduquebec.com\/GaresduQuebec\/wp-content\/uploads\/2019\/10\/C-gare-de-sayabec-facebook-2-300x203.jpeg 300w\" sizes=\"auto, (max-width: 490px) 100vw, 490px\" \/><\/a><figcaption>Photo Facebook<\/figcaption><\/figure><\/li><\/ul>\n","protected":false},"excerpt":{"rendered":"<p>Architecture La gare de Sayabec, cit\u00e9e monument historique, est une gare ferroviaire construite en 1912. Le b\u00e2timent en bois, de plan rectangulaire \u00e0 un \u00e9tage, est coiff\u00e9 d&rsquo;un imposant toit \u00e0 croupes dont l&rsquo;avant-toit d\u00e9bordant est support\u00e9 par de grandes consoles. La fa\u00e7ade principale comprend une saillie surmont\u00e9e d&rsquo;une fausse lucarne \u00e0 croupe. La gare, [&hellip;]<\/p>\n","protected":false},"author":1,"featured_media":0,"parent":0,"menu_order":0,"comment_status":"closed","ping_status":"closed","template":"","meta":{"footnotes":""},"class_list":["post-237","page","type-page","status-publish","hentry"],"_links":{"self":[{"href":"https:\/\/patrimoineduquebec.com\/GaresduQuebec\/wp-json\/wp\/v2\/pages\/237","targetHints":{"allow":["GET"]}}],"collection":[{"href":"https:\/\/patrimoineduquebec.com\/GaresduQuebec\/wp-json\/wp\/v2\/pages"}],"about":[{"href":"https:\/\/patrimoineduquebec.com\/GaresduQuebec\/wp-json\/wp\/v2\/types\/page"}],"author":[{"embeddable":true,"href":"https:\/\/patrimoineduquebec.com\/GaresduQuebec\/wp-json\/wp\/v2\/users\/1"}],"replies":[{"embeddable":true,"href":"https:\/\/patrimoineduquebec.com\/GaresduQuebec\/wp-json\/wp\/v2\/comments?post=237"}],"version-history":[{"count":5,"href":"https:\/\/patrimoineduquebec.com\/GaresduQuebec\/wp-json\/wp\/v2\/pages\/237\/revisions"}],"predecessor-version":[{"id":1785,"href":"https:\/\/patrimoineduquebec.com\/GaresduQuebec\/wp-json\/wp\/v2\/pages\/237\/revisions\/1785"}],"wp:attachment":[{"href":"https:\/\/patrimoineduquebec.com\/GaresduQuebec\/wp-json\/wp\/v2\/media?parent=237"}],"curies":[{"name":"wp","href":"https:\/\/api.w.org\/{rel}","templated":true}]}}