{"id":209,"date":"2019-09-25T13:32:18","date_gmt":"2019-09-25T13:32:18","guid":{"rendered":"https:\/\/patrimoineduquebec.com\/GaresduQuebec\/?page_id=209"},"modified":"2023-08-08T13:34:40","modified_gmt":"2023-08-08T13:34:40","slug":"riviere-bleue","status":"publish","type":"page","link":"https:\/\/patrimoineduquebec.com\/GaresduQuebec\/riviere-bleue\/","title":{"rendered":"Rivi\u00e8re-Bleue"},"content":{"rendered":"\n<div class=\"wp-block-image\"><figure class=\"aligncenter\"><a href=\"https:\/\/patrimoineduquebec.com\/GaresduQuebec\/wp-content\/uploads\/2019\/09\/IMG_4477.jpeg\"><img loading=\"lazy\" decoding=\"async\" width=\"1024\" height=\"683\" src=\"https:\/\/patrimoineduquebec.com\/GaresduQuebec\/wp-content\/uploads\/2019\/09\/IMG_4477-1024x683.jpeg\" alt=\"\" class=\"wp-image-210\" srcset=\"https:\/\/patrimoineduquebec.com\/GaresduQuebec\/wp-content\/uploads\/2019\/09\/IMG_4477-1024x683.jpeg 1024w, https:\/\/patrimoineduquebec.com\/GaresduQuebec\/wp-content\/uploads\/2019\/09\/IMG_4477-300x200.jpeg 300w, https:\/\/patrimoineduquebec.com\/GaresduQuebec\/wp-content\/uploads\/2019\/09\/IMG_4477-768x512.jpeg 768w\" sizes=\"auto, (max-width: 1024px) 100vw, 1024px\" \/><\/a><\/figure><\/div>\n\n\n\n<p><strong>Architecture<\/strong><br><\/p>\n\n\n\n<p>La gare de Rivi\u00e8re-Bleue, cit\u00e9e monument historique, est une infrastructure d&rsquo;accueil \u00e9rig\u00e9e en 1913 et agrandie l&rsquo;ann\u00e9e suivante. L&rsquo;\u00e9difice en bois de plan en \u00ab L \u00bb, \u00e0 un \u00e9tage et demi, est coiff\u00e9 d&rsquo;un toit \u00e0 croupes et \u00e0 pignon perc\u00e9 de grandes lucarnes. Les murs sont prot\u00e9g\u00e9s par de larges avant-toits support\u00e9s par de grandes consoles. L&rsquo;une des fa\u00e7ades est dot\u00e9e d&rsquo;une galerie. La gare est situ\u00e9e l\u00e9g\u00e8rement en retrait de la rue, sur une faible \u00e9l\u00e9vation de terrain, dans le noyau villageois de la municipalit\u00e9 de Rivi\u00e8re-Bleue. Elle est situ\u00e9e au 85 rue St-Joseph Nord.<br><\/p>\n\n\n\n<p><strong>Valeur patrimoniale<\/strong><br><\/p>\n\n\n\n<p>La valeur patrimoniale de la gare de Rivi\u00e8re-Bleue repose sur son int\u00e9r\u00eat architectural. L&rsquo;\u00e9difice s&rsquo;inspire d&rsquo;un mod\u00e8le de petites gares ferroviaires utilis\u00e9 par la compagnie de chemin de fer National Transcontinental dans l&rsquo;est du pays, durant la d\u00e9cennie 1910. Ce mod\u00e8le se caract\u00e9rise par son architecture pittoresque. Il pr\u00e9sente un plan rectangulaire, ou encore en \u00ab L \u00bb ou en \u00ab T \u00bb, et est surmont\u00e9 d&rsquo;un toit \u00e0 croupes avec des avant-toits d\u00e9bordants. Ce mod\u00e8le poss\u00e8de au moins deux lucarnes. L&rsquo;une des deux, rectangulaire ou \u00e0 pans coup\u00e9s, surmonte la baie du t\u00e9l\u00e9graphiste. Ces gares pr\u00e9sentent g\u00e9n\u00e9ralement des consoles de grandes dimensions supportant l&rsquo;avant-toit. Le mod\u00e8le du National Transcontinental est repris pour les gares d&rsquo;Authier et de Macamic, en Abitibi, et celle de Saint-Adelphe, en Mauricie. La gare de Rivi\u00e8re-Bleue est caract\u00e9ristique de ce type de gares, entre autres, par son plan en \u00ab L \u00bb et son toit \u00e0 croupes perc\u00e9 de lucarnes, dont une qui surmonte la fen\u00eatre du t\u00e9l\u00e9graphiste. Ce mod\u00e8le d&rsquo;infrastructure d&rsquo;accueil s&rsquo;est r\u00e9pandu dans plusieurs r\u00e9gions du Qu\u00e9bec travers\u00e9es par le National Transcontinental.<br><br>La valeur patrimoniale de la gare de Rivi\u00e8re-Bleue repose \u00e9galement sur son int\u00e9r\u00eat historique. L&rsquo;\u00e9difice t\u00e9moigne d&rsquo;une p\u00e9riode de croissance \u00e9conomique et d\u00e9mographique importante de la municipalit\u00e9. Les d\u00e9buts du peuplement de la r\u00e9gion remontent aux ann\u00e9es 1860. Cependant, le d\u00e9veloppement se fait tr\u00e8s lentement \u00e0 cause de l&rsquo;isolement du secteur. Vers 1908 s&rsquo;amorcent les travaux de construction du chemin de fer National Transcontinental. Celui-ci doit relier les provinces maritimes et l&rsquo;Ouest canadien. La gare de Rivi\u00e8re-Bleue est construite en 1913. Une locomotive inaugure la voie ferr\u00e9e \u00e0 l&rsquo;\u00e9t\u00e9 de la m\u00eame ann\u00e9e. La construction du chemin de fer entra\u00eene une croissance d\u00e9mographique rapide. Elle suscite une deuxi\u00e8me vague d&rsquo;immigration en provenance de la Nouvelle-Angleterre, du Nouveau-Brunswick et des r\u00e9gions de Kamouraska et du T\u00e9miscouata. Le chemin de fer National Transcontinental amorce aussi une \u00e9poque de prosp\u00e9rit\u00e9 \u00e9conomique \u00e0 Rivi\u00e8re-Bleue. Diverses industries s&rsquo;installent dans la r\u00e9gion. Entre autres, la Blue River Lumber Company emploie de nombreux ouvriers jusque vers 1930. La gare de Rivi\u00e8re-Bleue et les maisons construites autour constituent le noyau villageois. L&rsquo;ensemble illustre l&rsquo;importance du transport ferroviaire dans le d\u00e9veloppement de la communaut\u00e9. Le b\u00e2timent est \u00e9galement l&rsquo;un des plus anciens qui subsistent dans la municipalit\u00e9.<br><\/p>\n\n\n\n<p><strong>Source : Municipalit\u00e9 de Rivi\u00e8re-Bleue, 2007.<br><\/strong><\/p>\n\n\n\n<p><strong>Histoire<\/strong><br><\/p>\n\n\n\n<p>Les d\u00e9buts du peuplement dans la r\u00e9gion de Rivi\u00e8re-Bleue remontent aux ann\u00e9es 1860. Des colons d&rsquo;origine \u00e9cossaise venus alors des \u00c9tats-Unis et des francophones originaires de Saint-Fran\u00e7ois-de-Madawaska d\u00e9frichent les premi\u00e8res terres agricoles. Le d\u00e9veloppement se fait tr\u00e8s lentement \u00e0 cause de l&rsquo;isolement du secteur et de l&rsquo;absence de route carrossable. Vers 1908 s&rsquo;amorcent les travaux de construction du chemin de fer National Transcontinental devant relier les provinces maritimes et l&rsquo;Ouest canadien. La gare de Rivi\u00e8re-Bleue est construite en 1913, \u00e0 Tarte (environ un kilom\u00e8tre plus au sud que son emplacement actuel). Le territoire est ainsi d\u00e9nomm\u00e9 en l&rsquo;honneur de Joseph-Isra\u00ebl Tarte (1848-1907). Celui-ci occupe la fonction de ministre des Travaux publics sous le gouvernement lib\u00e9ral de Wilfrid Laurier (1841-1919). Une locomotive inaugure la voie ferr\u00e9e \u00e0 l&rsquo;\u00e9t\u00e9 de la m\u00eame ann\u00e9e. Le premier train de passagers s&rsquo;arr\u00eate \u00e0 Tarte le 4 janvier 1914.<br><br><\/p>\n\n\n\n<p>En 1914, la gare est transport\u00e9e sur son emplacement actuel. Elle est alors agrandie pour y loger le premier chef de gare, Arthur Aubut, et sa famille.<br><\/p>\n\n\n\n<p>Durant la seconde moiti\u00e9 du XXe si\u00e8cle, la popularit\u00e9 du transport ferroviaire d\u00e9cro\u00eet. Au cours de l&rsquo;ann\u00e9e 1975, la gare de Rivi\u00e8re-Bleue ferme. En juin 1981, l&rsquo;\u00e9difice est acquis \u00e0 des fins touristiques et mus\u00e9ologiques par la municipalit\u00e9. La m\u00eame ann\u00e9e, le club d&rsquo;artisanat local \u00ab Riverain \u00bb y installe son atelier et sa boutique, qui sont toujours en activit\u00e9.<br><\/p>\n\n\n\n<p>La gare de Rivi\u00e8re-Bleue est cit\u00e9e monument historique en 2007.<br><\/p>\n\n\n\n<p class=\"has-vivid-cyan-blue-color has-text-color\"><strong>Source :&nbsp;<\/strong><a href=\"http:\/\/www.patrimoine-culturel.gouv.qc.ca\/rpcq\/detail.do?methode=consulter&amp;id=110670&amp;type=bien#.VNKUN0LBOxo\">R\u00e9pertoire du patrimoine culturel du Qu\u00e9bec<\/a><\/p>\n\n\n\n<p>Photos : Monique Bellemare<\/p>\n\n\n\n<figure class=\"wp-block-gallery columns-3 is-cropped wp-block-gallery-1 is-layout-flex wp-block-gallery-is-layout-flex\"><ul class=\"blocks-gallery-grid\"><li class=\"blocks-gallery-item\"><figure><a href=\"https:\/\/patrimoineduquebec.com\/GaresduQuebec\/wp-content\/uploads\/2019\/09\/IMG_4535-1024x683.jpeg\"><img loading=\"lazy\" decoding=\"async\" width=\"1024\" height=\"683\" src=\"https:\/\/patrimoineduquebec.com\/GaresduQuebec\/wp-content\/uploads\/2019\/09\/IMG_4535-1024x683.jpeg\" alt=\"\" data-id=\"213\" data-link=\"https:\/\/patrimoineduquebec.com\/GaresduQuebec\/riviere-bleue\/img_4535\/\" class=\"wp-image-213\" srcset=\"https:\/\/patrimoineduquebec.com\/GaresduQuebec\/wp-content\/uploads\/2019\/09\/IMG_4535-1024x683.jpeg 1024w, https:\/\/patrimoineduquebec.com\/GaresduQuebec\/wp-content\/uploads\/2019\/09\/IMG_4535-300x200.jpeg 300w, https:\/\/patrimoineduquebec.com\/GaresduQuebec\/wp-content\/uploads\/2019\/09\/IMG_4535-768x512.jpeg 768w\" sizes=\"auto, (max-width: 1024px) 100vw, 1024px\" \/><\/a><\/figure><\/li><li class=\"blocks-gallery-item\"><figure><a href=\"https:\/\/patrimoineduquebec.com\/GaresduQuebec\/wp-content\/uploads\/2019\/09\/IMG_4474-1024x683.jpeg\"><img loading=\"lazy\" decoding=\"async\" width=\"1024\" height=\"683\" src=\"https:\/\/patrimoineduquebec.com\/GaresduQuebec\/wp-content\/uploads\/2019\/09\/IMG_4474-1024x683.jpeg\" alt=\"\" data-id=\"214\" data-link=\"https:\/\/patrimoineduquebec.com\/GaresduQuebec\/riviere-bleue\/img_4474\/\" class=\"wp-image-214\" srcset=\"https:\/\/patrimoineduquebec.com\/GaresduQuebec\/wp-content\/uploads\/2019\/09\/IMG_4474-1024x683.jpeg 1024w, https:\/\/patrimoineduquebec.com\/GaresduQuebec\/wp-content\/uploads\/2019\/09\/IMG_4474-300x200.jpeg 300w, https:\/\/patrimoineduquebec.com\/GaresduQuebec\/wp-content\/uploads\/2019\/09\/IMG_4474-768x512.jpeg 768w\" sizes=\"auto, (max-width: 1024px) 100vw, 1024px\" \/><\/a><\/figure><\/li><li class=\"blocks-gallery-item\"><figure><a href=\"https:\/\/patrimoineduquebec.com\/GaresduQuebec\/wp-content\/uploads\/2019\/09\/IMG_4473-1024x683.jpeg\"><img loading=\"lazy\" decoding=\"async\" width=\"1024\" height=\"683\" src=\"https:\/\/patrimoineduquebec.com\/GaresduQuebec\/wp-content\/uploads\/2019\/09\/IMG_4473-1024x683.jpeg\" alt=\"\" data-id=\"215\" data-link=\"https:\/\/patrimoineduquebec.com\/GaresduQuebec\/riviere-bleue\/img_4473\/\" class=\"wp-image-215\" srcset=\"https:\/\/patrimoineduquebec.com\/GaresduQuebec\/wp-content\/uploads\/2019\/09\/IMG_4473-1024x683.jpeg 1024w, https:\/\/patrimoineduquebec.com\/GaresduQuebec\/wp-content\/uploads\/2019\/09\/IMG_4473-300x200.jpeg 300w, https:\/\/patrimoineduquebec.com\/GaresduQuebec\/wp-content\/uploads\/2019\/09\/IMG_4473-768x512.jpeg 768w\" sizes=\"auto, (max-width: 1024px) 100vw, 1024px\" \/><\/a><\/figure><\/li><li class=\"blocks-gallery-item\"><figure><a href=\"https:\/\/patrimoineduquebec.com\/GaresduQuebec\/wp-content\/uploads\/2019\/09\/IMG_4475-1024x683.jpeg\"><img loading=\"lazy\" decoding=\"async\" width=\"1024\" height=\"683\" src=\"https:\/\/patrimoineduquebec.com\/GaresduQuebec\/wp-content\/uploads\/2019\/09\/IMG_4475-1024x683.jpeg\" alt=\"\" data-id=\"216\" data-link=\"https:\/\/patrimoineduquebec.com\/GaresduQuebec\/riviere-bleue\/img_4475\/\" class=\"wp-image-216\" srcset=\"https:\/\/patrimoineduquebec.com\/GaresduQuebec\/wp-content\/uploads\/2019\/09\/IMG_4475-1024x683.jpeg 1024w, https:\/\/patrimoineduquebec.com\/GaresduQuebec\/wp-content\/uploads\/2019\/09\/IMG_4475-300x200.jpeg 300w, https:\/\/patrimoineduquebec.com\/GaresduQuebec\/wp-content\/uploads\/2019\/09\/IMG_4475-768x512.jpeg 768w\" sizes=\"auto, (max-width: 1024px) 100vw, 1024px\" \/><\/a><\/figure><\/li><li class=\"blocks-gallery-item\"><figure><a href=\"https:\/\/patrimoineduquebec.com\/GaresduQuebec\/wp-content\/uploads\/2019\/09\/IMG_4469-1024x683.jpeg\"><img loading=\"lazy\" decoding=\"async\" width=\"1024\" height=\"683\" src=\"https:\/\/patrimoineduquebec.com\/GaresduQuebec\/wp-content\/uploads\/2019\/09\/IMG_4469-1024x683.jpeg\" alt=\"\" data-id=\"218\" data-link=\"https:\/\/patrimoineduquebec.com\/GaresduQuebec\/riviere-bleue\/img_4469\/\" class=\"wp-image-218\" srcset=\"https:\/\/patrimoineduquebec.com\/GaresduQuebec\/wp-content\/uploads\/2019\/09\/IMG_4469-1024x683.jpeg 1024w, https:\/\/patrimoineduquebec.com\/GaresduQuebec\/wp-content\/uploads\/2019\/09\/IMG_4469-300x200.jpeg 300w, https:\/\/patrimoineduquebec.com\/GaresduQuebec\/wp-content\/uploads\/2019\/09\/IMG_4469-768x512.jpeg 768w\" sizes=\"auto, (max-width: 1024px) 100vw, 1024px\" \/><\/a><\/figure><\/li><li class=\"blocks-gallery-item\"><figure><a href=\"https:\/\/patrimoineduquebec.com\/GaresduQuebec\/wp-content\/uploads\/2019\/10\/gare-de-rivi\u00e8re-bleue.jpg\"><img loading=\"lazy\" decoding=\"async\" width=\"551\" height=\"410\" src=\"https:\/\/patrimoineduquebec.com\/GaresduQuebec\/wp-content\/uploads\/2019\/10\/gare-de-rivi\u00e8re-bleue.jpg\" alt=\"\" data-id=\"1604\" data-link=\"https:\/\/patrimoineduquebec.com\/GaresduQuebec\/riviere-bleue\/gare-de-riviere-bleue\/\" class=\"wp-image-1604\" srcset=\"https:\/\/patrimoineduquebec.com\/GaresduQuebec\/wp-content\/uploads\/2019\/10\/gare-de-rivi\u00e8re-bleue.jpg 551w, https:\/\/patrimoineduquebec.com\/GaresduQuebec\/wp-content\/uploads\/2019\/10\/gare-de-rivi\u00e8re-bleue-300x223.jpg 300w\" sizes=\"auto, (max-width: 551px) 100vw, 551px\" \/><\/a><\/figure><\/li><li class=\"blocks-gallery-item\"><figure><a href=\"https:\/\/patrimoineduquebec.com\/GaresduQuebec\/wp-content\/uploads\/2022\/08\/IMG_5770-1024x768.jpeg\"><img loading=\"lazy\" decoding=\"async\" width=\"1024\" height=\"768\" src=\"https:\/\/patrimoineduquebec.com\/GaresduQuebec\/wp-content\/uploads\/2022\/08\/IMG_5770-1024x768.jpeg\" alt=\"\" data-id=\"2048\" data-link=\"https:\/\/patrimoineduquebec.com\/GaresduQuebec\/riviere-bleue\/img_5770\/\" class=\"wp-image-2048\" srcset=\"https:\/\/patrimoineduquebec.com\/GaresduQuebec\/wp-content\/uploads\/2022\/08\/IMG_5770-1024x768.jpeg 1024w, https:\/\/patrimoineduquebec.com\/GaresduQuebec\/wp-content\/uploads\/2022\/08\/IMG_5770-300x225.jpeg 300w, https:\/\/patrimoineduquebec.com\/GaresduQuebec\/wp-content\/uploads\/2022\/08\/IMG_5770-768x576.jpeg 768w, https:\/\/patrimoineduquebec.com\/GaresduQuebec\/wp-content\/uploads\/2022\/08\/IMG_5770-1536x1152.jpeg 1536w, https:\/\/patrimoineduquebec.com\/GaresduQuebec\/wp-content\/uploads\/2022\/08\/IMG_5770-2048x1536.jpeg 2048w\" sizes=\"auto, (max-width: 1024px) 100vw, 1024px\" \/><\/a><figcaption class=\"blocks-gallery-item__caption\">Pascal Conner (2022)<\/figcaption><\/figure><\/li><li class=\"blocks-gallery-item\"><figure><a href=\"https:\/\/patrimoineduquebec.com\/GaresduQuebec\/wp-content\/uploads\/2022\/08\/IMG_4778-scaled.jpeg\"><img loading=\"lazy\" decoding=\"async\" width=\"1024\" height=\"768\" src=\"https:\/\/patrimoineduquebec.com\/GaresduQuebec\/wp-content\/uploads\/2022\/08\/IMG_4778-1024x768.jpeg\" alt=\"\" data-id=\"2049\" data-full-url=\"https:\/\/patrimoineduquebec.com\/GaresduQuebec\/wp-content\/uploads\/2022\/08\/IMG_4778-scaled.jpeg\" data-link=\"https:\/\/patrimoineduquebec.com\/GaresduQuebec\/riviere-bleue\/img_4778\/\" class=\"wp-image-2049\" srcset=\"https:\/\/patrimoineduquebec.com\/GaresduQuebec\/wp-content\/uploads\/2022\/08\/IMG_4778-1024x768.jpeg 1024w, https:\/\/patrimoineduquebec.com\/GaresduQuebec\/wp-content\/uploads\/2022\/08\/IMG_4778-300x225.jpeg 300w, https:\/\/patrimoineduquebec.com\/GaresduQuebec\/wp-content\/uploads\/2022\/08\/IMG_4778-768x576.jpeg 768w, https:\/\/patrimoineduquebec.com\/GaresduQuebec\/wp-content\/uploads\/2022\/08\/IMG_4778-1536x1152.jpeg 1536w, https:\/\/patrimoineduquebec.com\/GaresduQuebec\/wp-content\/uploads\/2022\/08\/IMG_4778-2048x1536.jpeg 2048w\" sizes=\"auto, (max-width: 1024px) 100vw, 1024px\" \/><\/a><figcaption class=\"blocks-gallery-item__caption\">Pascal Conner (2022)<\/figcaption><\/figure><\/li><\/ul><\/figure>\n","protected":false},"excerpt":{"rendered":"<p>Architecture La gare de Rivi\u00e8re-Bleue, cit\u00e9e monument historique, est une infrastructure d&rsquo;accueil \u00e9rig\u00e9e en 1913 et agrandie l&rsquo;ann\u00e9e suivante. L&rsquo;\u00e9difice en bois de plan en \u00ab L \u00bb, \u00e0 un \u00e9tage et demi, est coiff\u00e9 d&rsquo;un toit \u00e0 croupes et \u00e0 pignon perc\u00e9 de grandes lucarnes. Les murs sont prot\u00e9g\u00e9s par de larges avant-toits support\u00e9s [&hellip;]<\/p>\n","protected":false},"author":1,"featured_media":0,"parent":0,"menu_order":0,"comment_status":"closed","ping_status":"closed","template":"","meta":{"footnotes":""},"class_list":["post-209","page","type-page","status-publish","hentry"],"_links":{"self":[{"href":"https:\/\/patrimoineduquebec.com\/GaresduQuebec\/wp-json\/wp\/v2\/pages\/209","targetHints":{"allow":["GET"]}}],"collection":[{"href":"https:\/\/patrimoineduquebec.com\/GaresduQuebec\/wp-json\/wp\/v2\/pages"}],"about":[{"href":"https:\/\/patrimoineduquebec.com\/GaresduQuebec\/wp-json\/wp\/v2\/types\/page"}],"author":[{"embeddable":true,"href":"https:\/\/patrimoineduquebec.com\/GaresduQuebec\/wp-json\/wp\/v2\/users\/1"}],"replies":[{"embeddable":true,"href":"https:\/\/patrimoineduquebec.com\/GaresduQuebec\/wp-json\/wp\/v2\/comments?post=209"}],"version-history":[{"count":8,"href":"https:\/\/patrimoineduquebec.com\/GaresduQuebec\/wp-json\/wp\/v2\/pages\/209\/revisions"}],"predecessor-version":[{"id":2111,"href":"https:\/\/patrimoineduquebec.com\/GaresduQuebec\/wp-json\/wp\/v2\/pages\/209\/revisions\/2111"}],"wp:attachment":[{"href":"https:\/\/patrimoineduquebec.com\/GaresduQuebec\/wp-json\/wp\/v2\/media?parent=209"}],"curies":[{"name":"wp","href":"https:\/\/api.w.org\/{rel}","templated":true}]}}