{"id":2071,"date":"2022-12-08T14:09:10","date_gmt":"2022-12-08T14:09:10","guid":{"rendered":"https:\/\/patrimoineduquebec.com\/GaresduQuebec\/?page_id=2071"},"modified":"2022-12-08T14:34:10","modified_gmt":"2022-12-08T14:34:10","slug":"saint-narcisse","status":"publish","type":"page","link":"https:\/\/patrimoineduquebec.com\/GaresduQuebec\/saint-narcisse\/","title":{"rendered":"Saint-Narcisse"},"content":{"rendered":"\n<figure class=\"wp-block-image size-large\"><img loading=\"lazy\" decoding=\"async\" width=\"1024\" height=\"768\" src=\"https:\/\/patrimoineduquebec.com\/GaresduQuebec\/wp-content\/uploads\/2022\/12\/DSCN5786-1024x768.jpeg\" alt=\"\" class=\"wp-image-2072\" srcset=\"https:\/\/patrimoineduquebec.com\/GaresduQuebec\/wp-content\/uploads\/2022\/12\/DSCN5786-1024x768.jpeg 1024w, https:\/\/patrimoineduquebec.com\/GaresduQuebec\/wp-content\/uploads\/2022\/12\/DSCN5786-300x225.jpeg 300w, https:\/\/patrimoineduquebec.com\/GaresduQuebec\/wp-content\/uploads\/2022\/12\/DSCN5786-768x576.jpeg 768w, https:\/\/patrimoineduquebec.com\/GaresduQuebec\/wp-content\/uploads\/2022\/12\/DSCN5786-1536x1152.jpeg 1536w, https:\/\/patrimoineduquebec.com\/GaresduQuebec\/wp-content\/uploads\/2022\/12\/DSCN5786-2048x1536.jpeg 2048w\" sizes=\"auto, (max-width: 1024px) 100vw, 1024px\" \/><\/figure>\n\n\n\n<p><strong>Historique de la gare de Saint-Narcisse<\/strong><\/p>\n\n\n\n<p>Cette ancienne gare a \u00e9t\u00e9 d\u00e9m\u00e9nag\u00e9e de son emplacement original d&rsquo;environ 1-1.5 km, agrandie et am\u00e9nag\u00e9e en r\u00e9sidence personnelle, puisque c&rsquo;est maintenant sa nouvelle vocation. Elle se situe au 90 Rang Saint-F\u00e9lix, Saint-Narcisse.&nbsp;<\/p>\n\n\n\n<p>Les photos sont de Jean-No\u00ebl Lamothe.<\/p>\n\n\n\n<figure class=\"wp-block-gallery columns-3 is-cropped wp-block-gallery-1 is-layout-flex wp-block-gallery-is-layout-flex\"><ul class=\"blocks-gallery-grid\"><li class=\"blocks-gallery-item\"><figure><a href=\"https:\/\/patrimoineduquebec.com\/GaresduQuebec\/wp-content\/uploads\/2022\/12\/DSCN5783-1024x768.jpeg\"><img loading=\"lazy\" decoding=\"async\" width=\"1024\" height=\"768\" src=\"https:\/\/patrimoineduquebec.com\/GaresduQuebec\/wp-content\/uploads\/2022\/12\/DSCN5783-1024x768.jpeg\" alt=\"\" data-id=\"2073\" data-link=\"https:\/\/patrimoineduquebec.com\/GaresduQuebec\/?attachment_id=2073\" class=\"wp-image-2073\" srcset=\"https:\/\/patrimoineduquebec.com\/GaresduQuebec\/wp-content\/uploads\/2022\/12\/DSCN5783-1024x768.jpeg 1024w, https:\/\/patrimoineduquebec.com\/GaresduQuebec\/wp-content\/uploads\/2022\/12\/DSCN5783-300x225.jpeg 300w, https:\/\/patrimoineduquebec.com\/GaresduQuebec\/wp-content\/uploads\/2022\/12\/DSCN5783-768x576.jpeg 768w, https:\/\/patrimoineduquebec.com\/GaresduQuebec\/wp-content\/uploads\/2022\/12\/DSCN5783-1536x1152.jpeg 1536w, https:\/\/patrimoineduquebec.com\/GaresduQuebec\/wp-content\/uploads\/2022\/12\/DSCN5783-2048x1536.jpeg 2048w\" sizes=\"auto, (max-width: 1024px) 100vw, 1024px\" \/><\/a><\/figure><\/li><li class=\"blocks-gallery-item\"><figure><a href=\"https:\/\/patrimoineduquebec.com\/GaresduQuebec\/wp-content\/uploads\/2022\/12\/DSCN5790-1024x768.jpeg\"><img loading=\"lazy\" decoding=\"async\" width=\"1024\" height=\"768\" src=\"https:\/\/patrimoineduquebec.com\/GaresduQuebec\/wp-content\/uploads\/2022\/12\/DSCN5790-1024x768.jpeg\" alt=\"\" data-id=\"2075\" data-link=\"https:\/\/patrimoineduquebec.com\/GaresduQuebec\/?attachment_id=2075\" class=\"wp-image-2075\" srcset=\"https:\/\/patrimoineduquebec.com\/GaresduQuebec\/wp-content\/uploads\/2022\/12\/DSCN5790-1024x768.jpeg 1024w, https:\/\/patrimoineduquebec.com\/GaresduQuebec\/wp-content\/uploads\/2022\/12\/DSCN5790-300x225.jpeg 300w, https:\/\/patrimoineduquebec.com\/GaresduQuebec\/wp-content\/uploads\/2022\/12\/DSCN5790-768x576.jpeg 768w, https:\/\/patrimoineduquebec.com\/GaresduQuebec\/wp-content\/uploads\/2022\/12\/DSCN5790-1536x1152.jpeg 1536w, https:\/\/patrimoineduquebec.com\/GaresduQuebec\/wp-content\/uploads\/2022\/12\/DSCN5790-2048x1536.jpeg 2048w\" sizes=\"auto, (max-width: 1024px) 100vw, 1024px\" \/><\/a><\/figure><\/li><li class=\"blocks-gallery-item\"><figure><a href=\"https:\/\/patrimoineduquebec.com\/GaresduQuebec\/wp-content\/uploads\/2022\/12\/DSCN5787-1-1024x768.jpeg\"><img loading=\"lazy\" decoding=\"async\" width=\"1024\" height=\"768\" src=\"https:\/\/patrimoineduquebec.com\/GaresduQuebec\/wp-content\/uploads\/2022\/12\/DSCN5787-1-1024x768.jpeg\" alt=\"\" data-id=\"2076\" data-link=\"https:\/\/patrimoineduquebec.com\/GaresduQuebec\/?attachment_id=2076\" class=\"wp-image-2076\" srcset=\"https:\/\/patrimoineduquebec.com\/GaresduQuebec\/wp-content\/uploads\/2022\/12\/DSCN5787-1-1024x768.jpeg 1024w, https:\/\/patrimoineduquebec.com\/GaresduQuebec\/wp-content\/uploads\/2022\/12\/DSCN5787-1-300x225.jpeg 300w, https:\/\/patrimoineduquebec.com\/GaresduQuebec\/wp-content\/uploads\/2022\/12\/DSCN5787-1-768x576.jpeg 768w, https:\/\/patrimoineduquebec.com\/GaresduQuebec\/wp-content\/uploads\/2022\/12\/DSCN5787-1-1536x1152.jpeg 1536w, https:\/\/patrimoineduquebec.com\/GaresduQuebec\/wp-content\/uploads\/2022\/12\/DSCN5787-1-2048x1536.jpeg 2048w\" sizes=\"auto, (max-width: 1024px) 100vw, 1024px\" \/><\/a><\/figure><\/li><li class=\"blocks-gallery-item\"><figure><a href=\"https:\/\/patrimoineduquebec.com\/GaresduQuebec\/wp-content\/uploads\/2022\/12\/Gare-de-St-Narcisse-4.jpeg\"><img loading=\"lazy\" decoding=\"async\" width=\"1024\" height=\"666\" src=\"https:\/\/patrimoineduquebec.com\/GaresduQuebec\/wp-content\/uploads\/2022\/12\/Gare-de-St-Narcisse-4-1024x666.jpeg\" alt=\"\" data-id=\"2077\" data-full-url=\"https:\/\/patrimoineduquebec.com\/GaresduQuebec\/wp-content\/uploads\/2022\/12\/Gare-de-St-Narcisse-4.jpeg\" data-link=\"https:\/\/patrimoineduquebec.com\/GaresduQuebec\/?attachment_id=2077\" class=\"wp-image-2077\" srcset=\"https:\/\/patrimoineduquebec.com\/GaresduQuebec\/wp-content\/uploads\/2022\/12\/Gare-de-St-Narcisse-4-1024x666.jpeg 1024w, https:\/\/patrimoineduquebec.com\/GaresduQuebec\/wp-content\/uploads\/2022\/12\/Gare-de-St-Narcisse-4-300x195.jpeg 300w, https:\/\/patrimoineduquebec.com\/GaresduQuebec\/wp-content\/uploads\/2022\/12\/Gare-de-St-Narcisse-4-768x500.jpeg 768w, https:\/\/patrimoineduquebec.com\/GaresduQuebec\/wp-content\/uploads\/2022\/12\/Gare-de-St-Narcisse-4.jpeg 1174w\" sizes=\"auto, (max-width: 1024px) 100vw, 1024px\" \/><\/a><\/figure><\/li><\/ul><\/figure>\n\n\n\n<p>Cette photo provient du groupe <a href=\"https:\/\/www.facebook.com\/groups\/205679180038024\/media\" data-type=\"URL\" data-id=\"https:\/\/www.facebook.com\/groups\/205679180038024\/media\" target=\"_blank\" rel=\"noreferrer noopener\">Facebook<\/a> : Saint-Narcisse (vieilles photos, histoire et patrimoine).<\/p>\n","protected":false},"excerpt":{"rendered":"<p>Historique de la gare de Saint-Narcisse Cette ancienne gare a \u00e9t\u00e9 d\u00e9m\u00e9nag\u00e9e de son emplacement original d&rsquo;environ 1-1.5 km, agrandie et am\u00e9nag\u00e9e en r\u00e9sidence personnelle, puisque c&rsquo;est maintenant sa nouvelle vocation. Elle se situe au 90 Rang Saint-F\u00e9lix, Saint-Narcisse.&nbsp; Les photos sont de Jean-No\u00ebl Lamothe. Cette photo provient du groupe Facebook : Saint-Narcisse (vieilles photos, [&hellip;]<\/p>\n","protected":false},"author":1,"featured_media":0,"parent":0,"menu_order":0,"comment_status":"closed","ping_status":"closed","template":"","meta":{"footnotes":""},"class_list":["post-2071","page","type-page","status-publish","hentry"],"_links":{"self":[{"href":"https:\/\/patrimoineduquebec.com\/GaresduQuebec\/wp-json\/wp\/v2\/pages\/2071","targetHints":{"allow":["GET"]}}],"collection":[{"href":"https:\/\/patrimoineduquebec.com\/GaresduQuebec\/wp-json\/wp\/v2\/pages"}],"about":[{"href":"https:\/\/patrimoineduquebec.com\/GaresduQuebec\/wp-json\/wp\/v2\/types\/page"}],"author":[{"embeddable":true,"href":"https:\/\/patrimoineduquebec.com\/GaresduQuebec\/wp-json\/wp\/v2\/users\/1"}],"replies":[{"embeddable":true,"href":"https:\/\/patrimoineduquebec.com\/GaresduQuebec\/wp-json\/wp\/v2\/comments?post=2071"}],"version-history":[{"count":3,"href":"https:\/\/patrimoineduquebec.com\/GaresduQuebec\/wp-json\/wp\/v2\/pages\/2071\/revisions"}],"predecessor-version":[{"id":2085,"href":"https:\/\/patrimoineduquebec.com\/GaresduQuebec\/wp-json\/wp\/v2\/pages\/2071\/revisions\/2085"}],"wp:attachment":[{"href":"https:\/\/patrimoineduquebec.com\/GaresduQuebec\/wp-json\/wp\/v2\/media?parent=2071"}],"curies":[{"name":"wp","href":"https:\/\/api.w.org\/{rel}","templated":true}]}}