{"id":2052,"date":"2022-08-14T15:07:17","date_gmt":"2022-08-14T15:07:17","guid":{"rendered":"https:\/\/patrimoineduquebec.com\/GaresduQuebec\/?page_id=2052"},"modified":"2023-08-08T18:17:51","modified_gmt":"2023-08-08T18:17:51","slug":"sainte-lucie-de-beauregard","status":"publish","type":"page","link":"https:\/\/patrimoineduquebec.com\/GaresduQuebec\/sainte-lucie-de-beauregard\/","title":{"rendered":"Lac-Fronti\u00e8re"},"content":{"rendered":"\n<p><strong>D\u00e9m\u00e9nag\u00e9e \u00e0 Sainte-Lucie-de-Beauregard<\/strong><\/p>\n\n\n\n<figure class=\"wp-block-image size-large\"><img loading=\"lazy\" decoding=\"async\" width=\"1024\" height=\"761\" src=\"https:\/\/patrimoineduquebec.com\/GaresduQuebec\/wp-content\/uploads\/2022\/08\/q-1024x761.jpeg\" alt=\"\" class=\"wp-image-2053\" srcset=\"https:\/\/patrimoineduquebec.com\/GaresduQuebec\/wp-content\/uploads\/2022\/08\/q-1024x761.jpeg 1024w, https:\/\/patrimoineduquebec.com\/GaresduQuebec\/wp-content\/uploads\/2022\/08\/q-300x223.jpeg 300w, https:\/\/patrimoineduquebec.com\/GaresduQuebec\/wp-content\/uploads\/2022\/08\/q-768x570.jpeg 768w, https:\/\/patrimoineduquebec.com\/GaresduQuebec\/wp-content\/uploads\/2022\/08\/q-1536x1141.jpeg 1536w, https:\/\/patrimoineduquebec.com\/GaresduQuebec\/wp-content\/uploads\/2022\/08\/q-2048x1521.jpeg 2048w\" sizes=\"auto, (max-width: 1024px) 100vw, 1024px\" \/><figcaption>G\u00e9rald Arbour (2022)<\/figcaption><\/figure>\n\n\n\n<p><strong>Historique de la gare de Lac-Fronti\u00e8re<\/strong><\/p>\n\n\n\n<p>La gare situ\u00e9e \u00e0 Sainte-Lucie-de-Beauregard est la gare de Lac-Fronti\u00e8re. Elle a \u00e9t\u00e9 construite vers 1916 par Qu\u00e9bec Central Railway et d\u00e9m\u00e9nag\u00e9e en 1981.<\/p>\n\n\n\n<figure class=\"wp-block-gallery columns-3 is-cropped wp-block-gallery-1 is-layout-flex wp-block-gallery-is-layout-flex\"><ul class=\"blocks-gallery-grid\"><li class=\"blocks-gallery-item\"><figure><a href=\"https:\/\/patrimoineduquebec.com\/GaresduQuebec\/wp-content\/uploads\/2023\/08\/1-1024x768.jpeg\"><img loading=\"lazy\" decoding=\"async\" width=\"1024\" height=\"768\" src=\"https:\/\/patrimoineduquebec.com\/GaresduQuebec\/wp-content\/uploads\/2023\/08\/1-1024x768.jpeg\" alt=\"\" data-id=\"2134\" data-link=\"https:\/\/patrimoineduquebec.com\/GaresduQuebec\/sainte-lucie-de-beauregard\/1-7\/\" class=\"wp-image-2134\" srcset=\"https:\/\/patrimoineduquebec.com\/GaresduQuebec\/wp-content\/uploads\/2023\/08\/1-1024x768.jpeg 1024w, https:\/\/patrimoineduquebec.com\/GaresduQuebec\/wp-content\/uploads\/2023\/08\/1-300x225.jpeg 300w, https:\/\/patrimoineduquebec.com\/GaresduQuebec\/wp-content\/uploads\/2023\/08\/1-768x576.jpeg 768w, https:\/\/patrimoineduquebec.com\/GaresduQuebec\/wp-content\/uploads\/2023\/08\/1-1536x1152.jpeg 1536w, https:\/\/patrimoineduquebec.com\/GaresduQuebec\/wp-content\/uploads\/2023\/08\/1-2048x1536.jpeg 2048w\" sizes=\"auto, (max-width: 1024px) 100vw, 1024px\" \/><\/a><\/figure><\/li><li class=\"blocks-gallery-item\"><figure><a href=\"https:\/\/patrimoineduquebec.com\/GaresduQuebec\/wp-content\/uploads\/2023\/08\/2-1024x768.jpeg\"><img loading=\"lazy\" decoding=\"async\" width=\"1024\" height=\"768\" src=\"https:\/\/patrimoineduquebec.com\/GaresduQuebec\/wp-content\/uploads\/2023\/08\/2-1024x768.jpeg\" alt=\"\" data-id=\"2135\" data-link=\"https:\/\/patrimoineduquebec.com\/GaresduQuebec\/sainte-lucie-de-beauregard\/2-3\/\" class=\"wp-image-2135\" srcset=\"https:\/\/patrimoineduquebec.com\/GaresduQuebec\/wp-content\/uploads\/2023\/08\/2-1024x768.jpeg 1024w, https:\/\/patrimoineduquebec.com\/GaresduQuebec\/wp-content\/uploads\/2023\/08\/2-300x225.jpeg 300w, https:\/\/patrimoineduquebec.com\/GaresduQuebec\/wp-content\/uploads\/2023\/08\/2-768x576.jpeg 768w, https:\/\/patrimoineduquebec.com\/GaresduQuebec\/wp-content\/uploads\/2023\/08\/2-1536x1152.jpeg 1536w, https:\/\/patrimoineduquebec.com\/GaresduQuebec\/wp-content\/uploads\/2023\/08\/2-2048x1536.jpeg 2048w\" sizes=\"auto, (max-width: 1024px) 100vw, 1024px\" \/><\/a><\/figure><\/li><li class=\"blocks-gallery-item\"><figure><a href=\"https:\/\/patrimoineduquebec.com\/GaresduQuebec\/wp-content\/uploads\/2023\/08\/3-scaled.jpeg\"><img loading=\"lazy\" decoding=\"async\" width=\"1024\" height=\"761\" src=\"https:\/\/patrimoineduquebec.com\/GaresduQuebec\/wp-content\/uploads\/2023\/08\/3-1024x761.jpeg\" alt=\"\" data-id=\"2137\" data-full-url=\"https:\/\/patrimoineduquebec.com\/GaresduQuebec\/wp-content\/uploads\/2023\/08\/3-scaled.jpeg\" data-link=\"https:\/\/patrimoineduquebec.com\/GaresduQuebec\/sainte-lucie-de-beauregard\/3-2\/\" class=\"wp-image-2137\" srcset=\"https:\/\/patrimoineduquebec.com\/GaresduQuebec\/wp-content\/uploads\/2023\/08\/3-1024x761.jpeg 1024w, https:\/\/patrimoineduquebec.com\/GaresduQuebec\/wp-content\/uploads\/2023\/08\/3-300x223.jpeg 300w, https:\/\/patrimoineduquebec.com\/GaresduQuebec\/wp-content\/uploads\/2023\/08\/3-768x570.jpeg 768w, https:\/\/patrimoineduquebec.com\/GaresduQuebec\/wp-content\/uploads\/2023\/08\/3-1536x1141.jpeg 1536w, https:\/\/patrimoineduquebec.com\/GaresduQuebec\/wp-content\/uploads\/2023\/08\/3-2048x1521.jpeg 2048w\" sizes=\"auto, (max-width: 1024px) 100vw, 1024px\" \/><\/a><\/figure><\/li><\/ul><\/figure>\n","protected":false},"excerpt":{"rendered":"<p>D\u00e9m\u00e9nag\u00e9e \u00e0 Sainte-Lucie-de-Beauregard Historique de la gare de Lac-Fronti\u00e8re La gare situ\u00e9e \u00e0 Sainte-Lucie-de-Beauregard est la gare de Lac-Fronti\u00e8re. Elle a \u00e9t\u00e9 construite vers 1916 par Qu\u00e9bec Central Railway et d\u00e9m\u00e9nag\u00e9e en 1981.<\/p>\n","protected":false},"author":1,"featured_media":0,"parent":0,"menu_order":0,"comment_status":"closed","ping_status":"closed","template":"","meta":{"footnotes":""},"class_list":["post-2052","page","type-page","status-publish","hentry"],"_links":{"self":[{"href":"https:\/\/patrimoineduquebec.com\/GaresduQuebec\/wp-json\/wp\/v2\/pages\/2052","targetHints":{"allow":["GET"]}}],"collection":[{"href":"https:\/\/patrimoineduquebec.com\/GaresduQuebec\/wp-json\/wp\/v2\/pages"}],"about":[{"href":"https:\/\/patrimoineduquebec.com\/GaresduQuebec\/wp-json\/wp\/v2\/types\/page"}],"author":[{"embeddable":true,"href":"https:\/\/patrimoineduquebec.com\/GaresduQuebec\/wp-json\/wp\/v2\/users\/1"}],"replies":[{"embeddable":true,"href":"https:\/\/patrimoineduquebec.com\/GaresduQuebec\/wp-json\/wp\/v2\/comments?post=2052"}],"version-history":[{"count":16,"href":"https:\/\/patrimoineduquebec.com\/GaresduQuebec\/wp-json\/wp\/v2\/pages\/2052\/revisions"}],"predecessor-version":[{"id":2138,"href":"https:\/\/patrimoineduquebec.com\/GaresduQuebec\/wp-json\/wp\/v2\/pages\/2052\/revisions\/2138"}],"wp:attachment":[{"href":"https:\/\/patrimoineduquebec.com\/GaresduQuebec\/wp-json\/wp\/v2\/media?parent=2052"}],"curies":[{"name":"wp","href":"https:\/\/api.w.org\/{rel}","templated":true}]}}