{"id":1935,"date":"2020-04-06T12:53:48","date_gmt":"2020-04-06T12:53:48","guid":{"rendered":"https:\/\/patrimoineduquebec.com\/GaresduQuebec\/?page_id=1935"},"modified":"2023-08-08T14:36:09","modified_gmt":"2023-08-08T14:36:09","slug":"montreal-4","status":"publish","type":"page","link":"https:\/\/patrimoineduquebec.com\/GaresduQuebec\/montreal-4\/","title":{"rendered":"Montr\u00e9al"},"content":{"rendered":"\n<p class=\"has-text-align-center has-medium-font-size\"><strong>Gare Dalhousie<\/strong><\/p>\n\n\n\n<figure class=\"wp-block-image size-large\"><img loading=\"lazy\" decoding=\"async\" width=\"1024\" height=\"768\" src=\"https:\/\/patrimoineduquebec.com\/GaresduQuebec\/wp-content\/uploads\/2020\/04\/gare-dalhousie-mtl-G\u00e9rald-Arbour-N11-1024x768.jpeg\" alt=\"\" class=\"wp-image-1937\" srcset=\"https:\/\/patrimoineduquebec.com\/GaresduQuebec\/wp-content\/uploads\/2020\/04\/gare-dalhousie-mtl-G\u00e9rald-Arbour-N11-1024x768.jpeg 1024w, https:\/\/patrimoineduquebec.com\/GaresduQuebec\/wp-content\/uploads\/2020\/04\/gare-dalhousie-mtl-G\u00e9rald-Arbour-N11-300x225.jpeg 300w, https:\/\/patrimoineduquebec.com\/GaresduQuebec\/wp-content\/uploads\/2020\/04\/gare-dalhousie-mtl-G\u00e9rald-Arbour-N11-768x576.jpeg 768w, https:\/\/patrimoineduquebec.com\/GaresduQuebec\/wp-content\/uploads\/2020\/04\/gare-dalhousie-mtl-G\u00e9rald-Arbour-N11-1536x1152.jpeg 1536w, https:\/\/patrimoineduquebec.com\/GaresduQuebec\/wp-content\/uploads\/2020\/04\/gare-dalhousie-mtl-G\u00e9rald-Arbour-N11-2048x1536.jpeg 2048w\" sizes=\"auto, (max-width: 1024px) 100vw, 1024px\" \/><\/figure>\n\n\n\n<h4 class=\"wp-block-heading\">Description<\/h4>\n\n\n\n<p>Les limites de ce qui reste du complexe ferroviaire de la Place Viger, dont les activit\u00e9s ferroviaires se sont d\u00e9roul\u00e9es entre 1883 et 1951, se situent \u00e0 la fronti\u00e8re est de l&rsquo;arrondissement historique du Vieux-Montr\u00e9al, entre les rues Saint-Hubert, Berri et Saint-Antoine, et de part et d&rsquo;autres du viaduc de la rue Notre-Dame. En raison des r\u00e9cents d\u00e9veloppements dans le secteur, il est difficile de mesurer de nos jours l&rsquo;ampleur que l&#8217;emprise ferroviaire a d\u00e9j\u00e0 eue. \u00c0 son apog\u00e9e, ses installations s&rsquo;\u00e9tendaient des rues Berri \u00e0 Beaudry entre la rue Saint-Antoine et le fleuve Saint-Laurent.&nbsp;<br><br>L&rsquo;ensemble, construit par le Canadien Pacifique entre 1883 et 1911, se compose de nos jours de trois anciens terminus distincts : la gare Dalhousie (1883-1884), la gare-h\u00f4tel Viger (1896-1898) et son annexe, la gare de la rue Berri (1910-1911).<br><br>Haute d&rsquo;un seul \u00e9tage, la gare Dalhousie est un modeste terminus en pierre grise de Montr\u00e9al et en brique construit selon un plan rectangulaire. Son rez-de-chauss\u00e9e, accessible au niveau de la rue Notre-Dame, repose sur un soubassement monumental d\u00e9gag\u00e9. La topographie a favoris\u00e9 l&#8217;emploi de deux courants architecturaux cr\u00e9ant l&rsquo;impression de deux b\u00e2timents superpos\u00e9s. L&rsquo;abondante fenestration rectangulaire de la fa\u00e7ade principale lui donne des airs de grands magasins, tandis que le soubassement exprime le n\u00e9o-roman \u00e0 son plus simple par ses murs massifs en pierre bossel\u00e9e ouverts par une arcade vitr\u00e9e. Celle-ci donne acc\u00e8s aux voies ferr\u00e9es, r\u00e9install\u00e9es en 2003 afin de comm\u00e9morer les activit\u00e9s pass\u00e9es. Le b\u00e2timent est surmont\u00e9 d&rsquo;un toit \u00e0 croupes couvert de t\u00f4le \u00e0 baguette.<br><br>L&rsquo;ensemble comprend aussi, le viaduc de la rue Notre-Dame, \u00e9rig\u00e9 en raison de la pr\u00e9sence du chemin de fer, mais refait \u00e0 neuf dans les ann\u00e9es 1990. Sa pr\u00e9sence nous rappelle que d&rsquo;importantes excavations ont \u00e9t\u00e9 faites pour implanter les installations ferroviaires et qui ont eu pour effet d&rsquo;uniformiser la topographie du site au niveau de la rue de la Commune. D&rsquo;ailleurs, l&rsquo;irr\u00e9gularit\u00e9 du mur en pierre de la gare Dalhousie, sous le viaduc Notre-Dame, t\u00e9moigne qu&rsquo;il s&rsquo;appuyait autrefois sur le coteau de la rue Notre-Dame, alors le sommet le plus \u00e9lev\u00e9 du site. Les portes qui percent ce mur rappellent que l&rsquo;espace sous le viaduc avait \u00e9t\u00e9 r\u00e9cup\u00e9r\u00e9 pour y b\u00e2tir une annexe. Il subsiste des vestiges de mur de ma\u00e7onnerie du viaduc initial sous celui actuel.<\/p>\n\n\n\n<h4 class=\"wp-block-heading\">Informations historiques<\/h4>\n\n\n\n<p>En 1881, le chemin de fer du Canadien Pacifique (CP) est fond\u00e9 dans le but rallier l&rsquo;ouest du pays par voie ferr\u00e9e. Montr\u00e9al, alors m\u00e9tropole canadienne, est choisie pour \u00eatre son terminus est. La gare Dalhousie, premier terminus montr\u00e9alais de prestige, est achev\u00e9e en 1884, selon les plans de l&rsquo;architecte Thomas C. Sorby. Le 28 juin 1886, le premier train transcontinental de l&rsquo;histoire du Canada quitte la gare.&nbsp;<br><br>Alors peu fortun\u00e9e, la compagnie priorise le transport de marchandises, plus lucratif et d\u00e9veloppe son site entre 1883 et 1887 dans ce but, avec la construction de hangars \u00e0 fret et des premiers silos du port (A et B). Ces derniers seront remplac\u00e9s au d\u00e9but du XXe si\u00e8cle par les silos no 1 et 2. Il s&rsquo;agit du seul complexe ferroviaire avec terminus \u00e0 avoir un lien direct avec le port.&nbsp;<br><br>Afin de faire revenir le trafic transcontinental de passagers, d\u00e9tourn\u00e9 \u00e0 la gare Windsor (CP), la Ville offre au CP, en 1893, un site pour une nouvelle gare. Cet agrandissement du complexe co\u00efncide avec la volont\u00e9 de la compagnie ferroviaire d&rsquo;am\u00e9liorer ses services aux voyageurs, de d\u00e9velopper une cha\u00eene h\u00f4teli\u00e8re et de doubler la capacit\u00e9 de ses installations li\u00e9es au trafic de marchandises. C&rsquo;est l&rsquo;architecte Bruce Price qui r\u00e9alise les plans de la gare-h\u00f4tel Viger. Le b\u00e2timent est fastueux et traduit l&rsquo;ascension \u00e9conomique du CP. La premi\u00e8re section viaduc de la rue Notre-Dame est \u00e9rig\u00e9e \u00e0 cette \u00e9poque afin de laisser passer les trains de passagers et de conserver cet important axe de circulation. La gare Viger accueille ses premiers trains le 16 ao\u00fbt 1898. Entre temps, la gare Dalhousie est recycl\u00e9e en \u00e9difice \u00e0 bureaux et en entrep\u00f4t \u00e0 peine 14 ans apr\u00e8s son inauguration.<br><br>La Crise des ann\u00e9es 1930 va marquer le d\u00e9clin du complexe ferroviaire. En 1935, la gare Dalhousie est \u00e0 nouveau occup\u00e9e apr\u00e8s cinq ans d&rsquo;abandon. La Weddel Can Cork Limited en devient locataire jusqu&rsquo;en 1964 et s&rsquo;en sert pour des fins d&rsquo;entreposage. Cette fonction perdre jusqu&rsquo;en 1980.&nbsp;<br><br>En 1984, la Ville ach\u00e8te la gare Dalhousie et y r\u00e9alise des travaux de restauration visant \u00e0 lui redonner son apparence d&rsquo;origine. De 1986 \u00e0 2003, l&rsquo;\u00e9difice loge l&rsquo;\u00c9cole nationale de cirque et, depuis 2004, le cirque \u00c9loize occupe les lieux. L&rsquo;avenir des gares Viger et Berri reste quant \u00e0 lui plus incertain. En 2006, la Ville les revend \u00e0 la soci\u00e9t\u00e9 Viger DMC International qui souhaite y d\u00e9velopper un projet mixte incluant des logements.<\/p>\n\n\n\n<p class=\"has-vivid-cyan-blue-color has-text-color\"><a rel=\"noreferrer noopener\" href=\"http:\/\/www.patrimoine-culturel.gouv.qc.ca\/rpcq\/detail.do?methode=consulter&amp;id=115012&amp;type=bien#.Xonl9y0lBQN\" target=\"_blank\">Source : R\u00e9pertoire du patrimoine culturel du Qu\u00e9bec<\/a><\/p>\n\n\n\n<p>Photos : G\u00e9rald Arbour<\/p>\n\n\n\n<figure class=\"wp-block-gallery columns-4 is-cropped wp-block-gallery-1 is-layout-flex wp-block-gallery-is-layout-flex\"><ul class=\"blocks-gallery-grid\"><li class=\"blocks-gallery-item\"><figure><a href=\"https:\/\/patrimoineduquebec.com\/GaresduQuebec\/wp-content\/uploads\/2020\/04\/gare-dalhousie-mtl-G\u00e9rald-Arbour-N12-768x1024.jpeg\"><img loading=\"lazy\" decoding=\"async\" width=\"768\" height=\"1024\" src=\"https:\/\/patrimoineduquebec.com\/GaresduQuebec\/wp-content\/uploads\/2020\/04\/gare-dalhousie-mtl-G\u00e9rald-Arbour-N12-768x1024.jpeg\" alt=\"\" data-id=\"1941\" data-link=\"https:\/\/patrimoineduquebec.com\/GaresduQuebec\/?attachment_id=1941\" class=\"wp-image-1941\" srcset=\"https:\/\/patrimoineduquebec.com\/GaresduQuebec\/wp-content\/uploads\/2020\/04\/gare-dalhousie-mtl-G\u00e9rald-Arbour-N12-768x1024.jpeg 768w, https:\/\/patrimoineduquebec.com\/GaresduQuebec\/wp-content\/uploads\/2020\/04\/gare-dalhousie-mtl-G\u00e9rald-Arbour-N12-225x300.jpeg 225w, https:\/\/patrimoineduquebec.com\/GaresduQuebec\/wp-content\/uploads\/2020\/04\/gare-dalhousie-mtl-G\u00e9rald-Arbour-N12-1152x1536.jpeg 1152w, https:\/\/patrimoineduquebec.com\/GaresduQuebec\/wp-content\/uploads\/2020\/04\/gare-dalhousie-mtl-G\u00e9rald-Arbour-N12-1536x2048.jpeg 1536w, https:\/\/patrimoineduquebec.com\/GaresduQuebec\/wp-content\/uploads\/2020\/04\/gare-dalhousie-mtl-G\u00e9rald-Arbour-N12-scaled.jpeg 1920w\" sizes=\"auto, (max-width: 768px) 100vw, 768px\" \/><\/a><\/figure><\/li><li class=\"blocks-gallery-item\"><figure><a href=\"https:\/\/patrimoineduquebec.com\/GaresduQuebec\/wp-content\/uploads\/2020\/04\/gare-dalhousie-mtl-G\u00e9rald-Arbour-N5-768x1024.jpeg\"><img loading=\"lazy\" decoding=\"async\" width=\"768\" height=\"1024\" src=\"https:\/\/patrimoineduquebec.com\/GaresduQuebec\/wp-content\/uploads\/2020\/04\/gare-dalhousie-mtl-G\u00e9rald-Arbour-N5-768x1024.jpeg\" alt=\"\" data-id=\"1942\" data-link=\"https:\/\/patrimoineduquebec.com\/GaresduQuebec\/?attachment_id=1942\" class=\"wp-image-1942\" srcset=\"https:\/\/patrimoineduquebec.com\/GaresduQuebec\/wp-content\/uploads\/2020\/04\/gare-dalhousie-mtl-G\u00e9rald-Arbour-N5-768x1024.jpeg 768w, https:\/\/patrimoineduquebec.com\/GaresduQuebec\/wp-content\/uploads\/2020\/04\/gare-dalhousie-mtl-G\u00e9rald-Arbour-N5-225x300.jpeg 225w, https:\/\/patrimoineduquebec.com\/GaresduQuebec\/wp-content\/uploads\/2020\/04\/gare-dalhousie-mtl-G\u00e9rald-Arbour-N5-1151x1536.jpeg 1151w, https:\/\/patrimoineduquebec.com\/GaresduQuebec\/wp-content\/uploads\/2020\/04\/gare-dalhousie-mtl-G\u00e9rald-Arbour-N5-1535x2048.jpeg 1535w, https:\/\/patrimoineduquebec.com\/GaresduQuebec\/wp-content\/uploads\/2020\/04\/gare-dalhousie-mtl-G\u00e9rald-Arbour-N5.jpeg 1662w\" sizes=\"auto, (max-width: 768px) 100vw, 768px\" \/><\/a><\/figure><\/li><li class=\"blocks-gallery-item\"><figure><a href=\"https:\/\/patrimoineduquebec.com\/GaresduQuebec\/wp-content\/uploads\/2020\/04\/gare-dalhousie-mtl-G\u00e9rald-Arbour-N8-1024x768.jpeg\"><img loading=\"lazy\" decoding=\"async\" width=\"1024\" height=\"768\" src=\"https:\/\/patrimoineduquebec.com\/GaresduQuebec\/wp-content\/uploads\/2020\/04\/gare-dalhousie-mtl-G\u00e9rald-Arbour-N8-1024x768.jpeg\" alt=\"\" data-id=\"1943\" data-link=\"https:\/\/patrimoineduquebec.com\/GaresduQuebec\/?attachment_id=1943\" class=\"wp-image-1943\" srcset=\"https:\/\/patrimoineduquebec.com\/GaresduQuebec\/wp-content\/uploads\/2020\/04\/gare-dalhousie-mtl-G\u00e9rald-Arbour-N8-1024x768.jpeg 1024w, https:\/\/patrimoineduquebec.com\/GaresduQuebec\/wp-content\/uploads\/2020\/04\/gare-dalhousie-mtl-G\u00e9rald-Arbour-N8-300x225.jpeg 300w, https:\/\/patrimoineduquebec.com\/GaresduQuebec\/wp-content\/uploads\/2020\/04\/gare-dalhousie-mtl-G\u00e9rald-Arbour-N8-768x576.jpeg 768w, https:\/\/patrimoineduquebec.com\/GaresduQuebec\/wp-content\/uploads\/2020\/04\/gare-dalhousie-mtl-G\u00e9rald-Arbour-N8-1536x1152.jpeg 1536w, https:\/\/patrimoineduquebec.com\/GaresduQuebec\/wp-content\/uploads\/2020\/04\/gare-dalhousie-mtl-G\u00e9rald-Arbour-N8-2048x1536.jpeg 2048w\" sizes=\"auto, (max-width: 1024px) 100vw, 1024px\" \/><\/a><\/figure><\/li><li class=\"blocks-gallery-item\"><figure><a href=\"https:\/\/patrimoineduquebec.com\/GaresduQuebec\/wp-content\/uploads\/2020\/04\/gare-dalhousie-mtl-G\u00e9rald-Arbour-N13-768x1024.jpeg\"><img loading=\"lazy\" decoding=\"async\" width=\"768\" height=\"1024\" src=\"https:\/\/patrimoineduquebec.com\/GaresduQuebec\/wp-content\/uploads\/2020\/04\/gare-dalhousie-mtl-G\u00e9rald-Arbour-N13-768x1024.jpeg\" alt=\"\" data-id=\"1971\" data-link=\"https:\/\/patrimoineduquebec.com\/GaresduQuebec\/montreal-4\/gare-dalhousie-mtl-gerald-arbour-n13\/\" class=\"wp-image-1971\" srcset=\"https:\/\/patrimoineduquebec.com\/GaresduQuebec\/wp-content\/uploads\/2020\/04\/gare-dalhousie-mtl-G\u00e9rald-Arbour-N13-768x1024.jpeg 768w, https:\/\/patrimoineduquebec.com\/GaresduQuebec\/wp-content\/uploads\/2020\/04\/gare-dalhousie-mtl-G\u00e9rald-Arbour-N13-225x300.jpeg 225w, https:\/\/patrimoineduquebec.com\/GaresduQuebec\/wp-content\/uploads\/2020\/04\/gare-dalhousie-mtl-G\u00e9rald-Arbour-N13-1152x1536.jpeg 1152w, https:\/\/patrimoineduquebec.com\/GaresduQuebec\/wp-content\/uploads\/2020\/04\/gare-dalhousie-mtl-G\u00e9rald-Arbour-N13-1536x2048.jpeg 1536w, https:\/\/patrimoineduquebec.com\/GaresduQuebec\/wp-content\/uploads\/2020\/04\/gare-dalhousie-mtl-G\u00e9rald-Arbour-N13-scaled.jpeg 1920w\" sizes=\"auto, (max-width: 768px) 100vw, 768px\" \/><\/a><\/figure><\/li><li class=\"blocks-gallery-item\"><figure><a href=\"https:\/\/patrimoineduquebec.com\/GaresduQuebec\/wp-content\/uploads\/2020\/04\/gare-dalhousie-mtl-G\u00e9rald-Arbour-N14-scaled.jpeg\"><img loading=\"lazy\" decoding=\"async\" width=\"1024\" height=\"768\" src=\"https:\/\/patrimoineduquebec.com\/GaresduQuebec\/wp-content\/uploads\/2020\/04\/gare-dalhousie-mtl-G\u00e9rald-Arbour-N14-1024x768.jpeg\" alt=\"\" data-id=\"1972\" data-full-url=\"https:\/\/patrimoineduquebec.com\/GaresduQuebec\/wp-content\/uploads\/2020\/04\/gare-dalhousie-mtl-G\u00e9rald-Arbour-N14-scaled.jpeg\" data-link=\"https:\/\/patrimoineduquebec.com\/GaresduQuebec\/montreal-4\/gare-dalhousie-mtl-gerald-arbour-n14\/\" class=\"wp-image-1972\" srcset=\"https:\/\/patrimoineduquebec.com\/GaresduQuebec\/wp-content\/uploads\/2020\/04\/gare-dalhousie-mtl-G\u00e9rald-Arbour-N14-1024x768.jpeg 1024w, https:\/\/patrimoineduquebec.com\/GaresduQuebec\/wp-content\/uploads\/2020\/04\/gare-dalhousie-mtl-G\u00e9rald-Arbour-N14-300x225.jpeg 300w, https:\/\/patrimoineduquebec.com\/GaresduQuebec\/wp-content\/uploads\/2020\/04\/gare-dalhousie-mtl-G\u00e9rald-Arbour-N14-768x576.jpeg 768w, https:\/\/patrimoineduquebec.com\/GaresduQuebec\/wp-content\/uploads\/2020\/04\/gare-dalhousie-mtl-G\u00e9rald-Arbour-N14-1536x1152.jpeg 1536w, https:\/\/patrimoineduquebec.com\/GaresduQuebec\/wp-content\/uploads\/2020\/04\/gare-dalhousie-mtl-G\u00e9rald-Arbour-N14-2048x1536.jpeg 2048w\" sizes=\"auto, (max-width: 1024px) 100vw, 1024px\" \/><\/a><\/figure><\/li><\/ul><\/figure>\n","protected":false},"excerpt":{"rendered":"<p>Gare Dalhousie Description Les limites de ce qui reste du complexe ferroviaire de la Place Viger, dont les activit\u00e9s ferroviaires se sont d\u00e9roul\u00e9es entre 1883 et 1951, se situent \u00e0 la fronti\u00e8re est de l&rsquo;arrondissement historique du Vieux-Montr\u00e9al, entre les rues Saint-Hubert, Berri et Saint-Antoine, et de part et d&rsquo;autres du viaduc de la rue [&hellip;]<\/p>\n","protected":false},"author":1,"featured_media":0,"parent":0,"menu_order":0,"comment_status":"closed","ping_status":"closed","template":"","meta":{"footnotes":""},"class_list":["post-1935","page","type-page","status-publish","hentry"],"_links":{"self":[{"href":"https:\/\/patrimoineduquebec.com\/GaresduQuebec\/wp-json\/wp\/v2\/pages\/1935","targetHints":{"allow":["GET"]}}],"collection":[{"href":"https:\/\/patrimoineduquebec.com\/GaresduQuebec\/wp-json\/wp\/v2\/pages"}],"about":[{"href":"https:\/\/patrimoineduquebec.com\/GaresduQuebec\/wp-json\/wp\/v2\/types\/page"}],"author":[{"embeddable":true,"href":"https:\/\/patrimoineduquebec.com\/GaresduQuebec\/wp-json\/wp\/v2\/users\/1"}],"replies":[{"embeddable":true,"href":"https:\/\/patrimoineduquebec.com\/GaresduQuebec\/wp-json\/wp\/v2\/comments?post=1935"}],"version-history":[{"count":10,"href":"https:\/\/patrimoineduquebec.com\/GaresduQuebec\/wp-json\/wp\/v2\/pages\/1935\/revisions"}],"predecessor-version":[{"id":2120,"href":"https:\/\/patrimoineduquebec.com\/GaresduQuebec\/wp-json\/wp\/v2\/pages\/1935\/revisions\/2120"}],"wp:attachment":[{"href":"https:\/\/patrimoineduquebec.com\/GaresduQuebec\/wp-json\/wp\/v2\/media?parent=1935"}],"curies":[{"name":"wp","href":"https:\/\/api.w.org\/{rel}","templated":true}]}}