{"id":1507,"date":"2019-10-07T16:48:53","date_gmt":"2019-10-07T16:48:53","guid":{"rendered":"https:\/\/patrimoineduquebec.com\/GaresduQuebec\/?page_id=1507"},"modified":"2019-10-07T23:09:07","modified_gmt":"2019-10-07T23:09:07","slug":"vaudreuil-dorion","status":"publish","type":"page","link":"https:\/\/patrimoineduquebec.com\/GaresduQuebec\/vaudreuil-dorion\/","title":{"rendered":"Vaudreuil-Dorion"},"content":{"rendered":"\n<p style=\"text-align:center\" class=\"has-medium-font-size\"><strong>Gare Dorion<\/strong><\/p>\n\n\n\n<div class=\"wp-block-image\"><figure class=\"aligncenter\"><a href=\"https:\/\/patrimoineduquebec.com\/GaresduQuebec\/wp-content\/uploads\/2019\/10\/gare-de-dorion-G\u00e9rald-Arbour-N1.jpeg\"><img loading=\"lazy\" decoding=\"async\" width=\"1024\" height=\"768\" src=\"https:\/\/patrimoineduquebec.com\/GaresduQuebec\/wp-content\/uploads\/2019\/10\/gare-de-dorion-G\u00e9rald-Arbour-N1-1024x768.jpeg\" alt=\"\" class=\"wp-image-1508\" srcset=\"https:\/\/patrimoineduquebec.com\/GaresduQuebec\/wp-content\/uploads\/2019\/10\/gare-de-dorion-G\u00e9rald-Arbour-N1-1024x768.jpeg 1024w, https:\/\/patrimoineduquebec.com\/GaresduQuebec\/wp-content\/uploads\/2019\/10\/gare-de-dorion-G\u00e9rald-Arbour-N1-300x225.jpeg 300w, https:\/\/patrimoineduquebec.com\/GaresduQuebec\/wp-content\/uploads\/2019\/10\/gare-de-dorion-G\u00e9rald-Arbour-N1-768x576.jpeg 768w\" sizes=\"auto, (max-width: 1024px) 100vw, 1024px\" \/><\/a><\/figure><\/div>\n\n\n\n<h4 class=\"wp-block-heading\"><strong>LA GARE DU CANADIEN PACIFIQUE \u00c0 VAUDREUIL-STATION (1887)<\/strong><\/h4>\n\n\n\n<p>Ex\u00e9cut\u00e9e en 1887&nbsp;\u00e0 Vaudreuil&nbsp;pour le Canadien Pacifique, la construction de la gare est attribu\u00e9e aux architectes John William Hopkins (1825-1905) et Edward Colis Hopkins (1857-1941). Elle est situ\u00e9e dans le secteur de la ville anciennement appel\u00e9 Vaudreuil-Station. Cette gare fait partie d\u2019une s\u00e9rie de gares construites lors de la r\u00e9alisation de la nouvelle ligne reliant Montr\u00e9al et Toronto. Ce tron\u00e7on ferroviaire est \u00e9tabli par l\u2019Ontario and Quebec Railway en 1886-1887. Inaugur\u00e9e officiellement le 15 ao\u00fbt 1887, cette voie est int\u00e9gr\u00e9e, d\u00e8s sa conception, au r\u00e9seau du Canadien Pacifique en vertu d\u2019ententes sign\u00e9es, en 1884, entre les deux compagnies \u2013 baux \u00e0 perp\u00e9tuit\u00e9. Deux ans plus tard (1889), la gare de Vaudreuil-Station sert de terminus pour un service local de train de banlieue du Canadien Pacifique entre Montr\u00e9al et Vaudreuil. En novembre 1892, cette compagnie prolonge son r\u00e9seau de banlieue vers Rigaud suite \u00e0 la signature d\u2019un bail \u00e0 perp\u00e9tuit\u00e9 avec l\u2019entreprise Montreal and Ottawa Railway. En 1982, le Canadien Pacifique, d\u00e9sirant se concentrer exclusivement sur le transport de marchandises, transf\u00e8re la ligne de banlieue Montr\u00e9al-Vaudreuil-Rigaud \u00e0 la Soci\u00e9t\u00e9 de transport de la communaut\u00e9 urbaine de Montr\u00e9al (STCUM). Celle-ci est remplac\u00e9e par l\u2019Agence m\u00e9tropolitaine de transport (AMT) \u2013 depuis 2017, R\u00e9seau de transport m\u00e9tropolitain (RTM \/ Exo) \u2013, organisme public qui ach\u00e8te l\u2019ancienne gare de Vaudreuil-Station en 1998. D\u00e9sormais identifi\u00e9 comme gare Dorion, le b\u00e2timent est lou\u00e9 d\u00e8s l\u2019ann\u00e9e suivante par l\u2019organisme communautaire d\u2019entraide et de soutien en sant\u00e9 mentale Arc-en-Ciel Vaudreuil-Soulanges. Bijou du patrimoine architectural ferroviaire, elle est la gare la plus ancienne encore existante dans la r\u00e9gion de Vaudreuil-Soulanges.<\/p>\n\n\n\n<p class=\"has-text-color has-vivid-cyan-blue-color\">Sou<a rel=\"noreferrer noopener\" aria-label=\"rce : CircuitVD (s\u2019ouvre dans un nouvel onglet)\" href=\"https:\/\/circuitvd.ca\/circuit\/batiments-et-lieux\/ancienne-gare-du-canadien-pacifique-gare-dorion\" target=\"_blank\">rce : CircuitVD<\/a><\/p>\n\n\n\n<p>Photos : G\u00e9rald Arbour<\/p>\n\n\n\n<ul class=\"wp-block-gallery columns-3 is-cropped wp-block-gallery-1 is-layout-flex wp-block-gallery-is-layout-flex\"><li class=\"blocks-gallery-item\"><figure><a href=\"https:\/\/patrimoineduquebec.com\/GaresduQuebec\/wp-content\/uploads\/2019\/10\/gare-de-dorion-G\u00e9rald-Arbour-N2-1024x768.jpg\"><img loading=\"lazy\" decoding=\"async\" width=\"1024\" height=\"768\" src=\"https:\/\/patrimoineduquebec.com\/GaresduQuebec\/wp-content\/uploads\/2019\/10\/gare-de-dorion-G\u00e9rald-Arbour-N2-1024x768.jpg\" alt=\"\" data-id=\"1509\" data-link=\"https:\/\/patrimoineduquebec.com\/GaresduQuebec\/vaudreuil-dorion\/gare-de-dorion-gerald-arbour-n2\/\" class=\"wp-image-1509\" srcset=\"https:\/\/patrimoineduquebec.com\/GaresduQuebec\/wp-content\/uploads\/2019\/10\/gare-de-dorion-G\u00e9rald-Arbour-N2-1024x768.jpg 1024w, https:\/\/patrimoineduquebec.com\/GaresduQuebec\/wp-content\/uploads\/2019\/10\/gare-de-dorion-G\u00e9rald-Arbour-N2-300x225.jpg 300w, https:\/\/patrimoineduquebec.com\/GaresduQuebec\/wp-content\/uploads\/2019\/10\/gare-de-dorion-G\u00e9rald-Arbour-N2-768x576.jpg 768w\" sizes=\"auto, (max-width: 1024px) 100vw, 1024px\" \/><\/a><\/figure><\/li><li class=\"blocks-gallery-item\"><figure><a href=\"https:\/\/patrimoineduquebec.com\/GaresduQuebec\/wp-content\/uploads\/2019\/10\/gare-de-dorion-G\u00e9rald-Arbour-N3-1024x768.jpg\"><img loading=\"lazy\" decoding=\"async\" width=\"1024\" height=\"768\" src=\"https:\/\/patrimoineduquebec.com\/GaresduQuebec\/wp-content\/uploads\/2019\/10\/gare-de-dorion-G\u00e9rald-Arbour-N3-1024x768.jpg\" alt=\"\" data-id=\"1510\" data-link=\"https:\/\/patrimoineduquebec.com\/GaresduQuebec\/vaudreuil-dorion\/gare-de-dorion-gerald-arbour-n3\/\" class=\"wp-image-1510\" srcset=\"https:\/\/patrimoineduquebec.com\/GaresduQuebec\/wp-content\/uploads\/2019\/10\/gare-de-dorion-G\u00e9rald-Arbour-N3-1024x768.jpg 1024w, https:\/\/patrimoineduquebec.com\/GaresduQuebec\/wp-content\/uploads\/2019\/10\/gare-de-dorion-G\u00e9rald-Arbour-N3-300x225.jpg 300w, https:\/\/patrimoineduquebec.com\/GaresduQuebec\/wp-content\/uploads\/2019\/10\/gare-de-dorion-G\u00e9rald-Arbour-N3-768x576.jpg 768w\" sizes=\"auto, (max-width: 1024px) 100vw, 1024px\" \/><\/a><\/figure><\/li><li class=\"blocks-gallery-item\"><figure><a href=\"https:\/\/patrimoineduquebec.com\/GaresduQuebec\/wp-content\/uploads\/2019\/10\/Capture-d\u2019\u00e9cran-le-2019-10-07-\u00e0-12.43.44.png\"><img loading=\"lazy\" decoding=\"async\" width=\"551\" height=\"418\" src=\"https:\/\/patrimoineduquebec.com\/GaresduQuebec\/wp-content\/uploads\/2019\/10\/Capture-d\u2019\u00e9cran-le-2019-10-07-\u00e0-12.43.44.png\" alt=\"\" data-id=\"1517\" data-link=\"https:\/\/patrimoineduquebec.com\/GaresduQuebec\/vaudreuil-dorion\/capture-decran-le-2019-10-07-a-12-43-44\/\" class=\"wp-image-1517\" srcset=\"https:\/\/patrimoineduquebec.com\/GaresduQuebec\/wp-content\/uploads\/2019\/10\/Capture-d\u2019\u00e9cran-le-2019-10-07-\u00e0-12.43.44.png 551w, https:\/\/patrimoineduquebec.com\/GaresduQuebec\/wp-content\/uploads\/2019\/10\/Capture-d\u2019\u00e9cran-le-2019-10-07-\u00e0-12.43.44-300x228.png 300w\" sizes=\"auto, (max-width: 551px) 100vw, 551px\" \/><\/a><\/figure><\/li><li class=\"blocks-gallery-item\"><figure><a href=\"https:\/\/patrimoineduquebec.com\/GaresduQuebec\/wp-content\/uploads\/2019\/10\/Capture-d\u2019\u00e9cran-le-2019-10-07-\u00e0-12.44.12.jpeg\"><img loading=\"lazy\" decoding=\"async\" width=\"549\" height=\"368\" src=\"https:\/\/patrimoineduquebec.com\/GaresduQuebec\/wp-content\/uploads\/2019\/10\/Capture-d\u2019\u00e9cran-le-2019-10-07-\u00e0-12.44.12.jpeg\" alt=\"\" data-id=\"1518\" data-link=\"https:\/\/patrimoineduquebec.com\/GaresduQuebec\/vaudreuil-dorion\/capture-decran-le-2019-10-07-a-12-44-12\/\" class=\"wp-image-1518\" srcset=\"https:\/\/patrimoineduquebec.com\/GaresduQuebec\/wp-content\/uploads\/2019\/10\/Capture-d\u2019\u00e9cran-le-2019-10-07-\u00e0-12.44.12.jpeg 549w, https:\/\/patrimoineduquebec.com\/GaresduQuebec\/wp-content\/uploads\/2019\/10\/Capture-d\u2019\u00e9cran-le-2019-10-07-\u00e0-12.44.12-300x201.jpeg 300w\" sizes=\"auto, (max-width: 549px) 100vw, 549px\" \/><\/a><figcaption>Fonds Canadian Pacific Railways P170-A1384-<\/figcaption><\/figure><\/li><\/ul>\n","protected":false},"excerpt":{"rendered":"<p>Gare Dorion LA GARE DU CANADIEN PACIFIQUE \u00c0 VAUDREUIL-STATION (1887) Ex\u00e9cut\u00e9e en 1887&nbsp;\u00e0 Vaudreuil&nbsp;pour le Canadien Pacifique, la construction de la gare est attribu\u00e9e aux architectes John William Hopkins (1825-1905) et Edward Colis Hopkins (1857-1941). Elle est situ\u00e9e dans le secteur de la ville anciennement appel\u00e9 Vaudreuil-Station. Cette gare fait partie d\u2019une s\u00e9rie de gares [&hellip;]<\/p>\n","protected":false},"author":1,"featured_media":0,"parent":0,"menu_order":0,"comment_status":"closed","ping_status":"closed","template":"","meta":{"footnotes":""},"class_list":["post-1507","page","type-page","status-publish","hentry"],"_links":{"self":[{"href":"https:\/\/patrimoineduquebec.com\/GaresduQuebec\/wp-json\/wp\/v2\/pages\/1507","targetHints":{"allow":["GET"]}}],"collection":[{"href":"https:\/\/patrimoineduquebec.com\/GaresduQuebec\/wp-json\/wp\/v2\/pages"}],"about":[{"href":"https:\/\/patrimoineduquebec.com\/GaresduQuebec\/wp-json\/wp\/v2\/types\/page"}],"author":[{"embeddable":true,"href":"https:\/\/patrimoineduquebec.com\/GaresduQuebec\/wp-json\/wp\/v2\/users\/1"}],"replies":[{"embeddable":true,"href":"https:\/\/patrimoineduquebec.com\/GaresduQuebec\/wp-json\/wp\/v2\/comments?post=1507"}],"version-history":[{"count":4,"href":"https:\/\/patrimoineduquebec.com\/GaresduQuebec\/wp-json\/wp\/v2\/pages\/1507\/revisions"}],"predecessor-version":[{"id":1520,"href":"https:\/\/patrimoineduquebec.com\/GaresduQuebec\/wp-json\/wp\/v2\/pages\/1507\/revisions\/1520"}],"wp:attachment":[{"href":"https:\/\/patrimoineduquebec.com\/GaresduQuebec\/wp-json\/wp\/v2\/media?parent=1507"}],"curies":[{"name":"wp","href":"https:\/\/api.w.org\/{rel}","templated":true}]}}