{"id":1443,"date":"2019-10-06T16:52:07","date_gmt":"2019-10-06T16:52:07","guid":{"rendered":"https:\/\/patrimoineduquebec.com\/GaresduQuebec\/?page_id=1443"},"modified":"2019-10-17T14:57:06","modified_gmt":"2019-10-17T14:57:06","slug":"wakefield","status":"publish","type":"page","link":"https:\/\/patrimoineduquebec.com\/GaresduQuebec\/wakefield\/","title":{"rendered":"Wakefield"},"content":{"rendered":"\n<div class=\"wp-block-image\"><figure class=\"aligncenter\"><a href=\"https:\/\/patrimoineduquebec.com\/GaresduQuebec\/wp-content\/uploads\/2019\/10\/gare-wakefield-G\u00e9rald-Arbour-N9.jpg\"><img loading=\"lazy\" decoding=\"async\" width=\"1024\" height=\"768\" src=\"https:\/\/patrimoineduquebec.com\/GaresduQuebec\/wp-content\/uploads\/2019\/10\/gare-wakefield-G\u00e9rald-Arbour-N9-1024x768.jpg\" alt=\"\" class=\"wp-image-1444\" srcset=\"https:\/\/patrimoineduquebec.com\/GaresduQuebec\/wp-content\/uploads\/2019\/10\/gare-wakefield-G\u00e9rald-Arbour-N9-1024x768.jpg 1024w, https:\/\/patrimoineduquebec.com\/GaresduQuebec\/wp-content\/uploads\/2019\/10\/gare-wakefield-G\u00e9rald-Arbour-N9-300x225.jpg 300w, https:\/\/patrimoineduquebec.com\/GaresduQuebec\/wp-content\/uploads\/2019\/10\/gare-wakefield-G\u00e9rald-Arbour-N9-768x576.jpg 768w\" sizes=\"auto, (max-width: 1024px) 100vw, 1024px\" \/><\/a><\/figure><\/div>\n\n\n\n<p><strong>Informations :<\/strong><\/p>\n\n\n\n<p>La premi\u00e8re gare ferroviaire de Wakefield a \u00e9t\u00e9 construite en 1892 lorsque la ligne de chemin de fer a enfin atteint le village. L\u2019<em>Ottawa and Gatineau Valley Railroad Company<\/em>&nbsp;avait \u00e9t\u00e9 cr\u00e9\u00e9e en 1871 avec le projet d\u2019\u00e9tablir une ligne de chemin de fer entre Hull et Maniwaki. Cependant, la construction de la ligne ne d\u00e9marrera que 19 ans plus tard, en 1890. Un service passager r\u00e9gulier entre Hull et Wakefield sera \u00e9tabli en 1892 et le prolongement de la ligne se poursuivra jusqu\u2019\u00e0 l\u2019atteinte de la ville de Maniwaki en 1904. En 1929, la gare de Wakefield sera reconstruite sur son emplacement actuel pour laisser la place \u00e0 un espace de triage et de stockage de billes de bois sorties de la rivi\u00e8re pour \u00eatre transport\u00e9es vers les usines de transformation de Hull. Le transport ferroviaire des passagers prendra fin en janvier 1963, mais les trains de marchandises circuleront sur la ligne jusqu\u2019en 1968. De 1992 \u00e0 2011, un petit train \u00e0 vapeur touristique a repris la desserte ferroviaire des villages de Chelsea et Wakefield \u00e0 partir du centre-ville de Hull en saison estivale. La ligne n\u2019est plus en service depuis 2011 \u00e0 la suite d\u2019un \u00e9boulement de terrain et les divers projets visant \u00e0 reprendre l\u2019activit\u00e9 n\u2019avaient pas abouti en 2017. Tr\u00e8s bien pr\u00e9serv\u00e9e et faisant face \u00e0 la rivi\u00e8re, l\u2019ancienne gare est aujourd\u2019hui un caf\u00e9-restaurant. La b\u00e2tisse est inventori\u00e9e.<\/p>\n\n\n\n<p class=\"has-text-color has-vivid-cyan-blue-color\">Source <a href=\"https:\/\/www.reseaupatrimoine.ca\/sur-les-traces-du-patrimoine\/fiches\/ancienne-gare-de-wakefield\/\" target=\"_blank\" rel=\"noreferrer noopener\" aria-label=\": R\u00e9seau Patrimoine (s\u2019ouvre dans un nouvel onglet)\">: R\u00e9seau Patrimoine<\/a><\/p>\n\n\n\n<h3 class=\"wp-block-heading\"><strong>Description<\/strong><\/h3>\n\n\n\n<h4 class=\"wp-block-heading\"><strong>Plan au sol&nbsp;:<\/strong> <\/h4>\n\n\n\n<p>Rectangulaire<\/p>\n\n\n\n<h4 class=\"wp-block-heading\"><strong>Nombre d&rsquo;\u00e9tages&nbsp;:<\/strong> <\/h4>\n\n\n\n<p>1 \u00bd<\/p>\n\n\n\n<h4 class=\"wp-block-heading\"><strong>Groupement&nbsp;:<\/strong> <\/h4>\n\n\n\n<p>D\u00e9tach\u00e9<\/p>\n\n\n\n<h4 class=\"wp-block-heading\"><strong>Structure&nbsp;:<\/strong> <\/h4>\n\n\n\n<p>Bois<\/p>\n\n\n\n<h4 class=\"wp-block-heading\"><strong>Saillies&nbsp;:<\/strong><\/h4>\n\n\n\n<ul class=\"wp-block-list\"><li>Auvent<\/li><li>Baie en saillie<\/li><li>Galerie<\/li><li>Perron<\/li><\/ul>\n\n\n\n<h4 class=\"wp-block-heading\"><strong>Fondations&nbsp;:<\/strong> <\/h4>\n\n\n\n<p>B\u00e9ton<\/p>\n\n\n\n<h4 class=\"wp-block-heading\"><strong>\u00c9l\u00e9vations&nbsp;:<\/strong> Toutes les fa\u00e7ades : Bois (Planche \u00e0 feuillure, Bardeau)<\/h4>\n\n\n\n<h4 class=\"wp-block-heading\"><strong>Toit&nbsp;:<\/strong><\/h4>\n\n\n\n<ul class=\"wp-block-list\"><li>Forme : En pavillon<br>Mat\u00e9riau : T\u00f4le profil\u00e9e<\/li><\/ul>\n\n\n\n<h4 class=\"wp-block-heading\"><strong>Porte principale&nbsp;:<\/strong> <\/h4>\n\n\n\n<p>Bois massif et vitrage, \u00e0 imposte<\/p>\n\n\n\n<h4 class=\"wp-block-heading\"><strong>Autre(s) porte(s)&nbsp;:<\/strong> <\/h4>\n\n\n\n<ul class=\"wp-block-list\"><li>bois massif et vitrage<\/li><li>bois, \u00e0 panneaux et vitrage, \u00e0 battants<\/li><\/ul>\n\n\n\n<h4 class=\"wp-block-heading\"><strong>Fen\u00eatre(s)&nbsp;:<\/strong><\/h4>\n\n\n\n<ul class=\"wp-block-list\"><li>Rectangulaire, \u00c0 guillotine<\/li><li>Rectangulaire, Basculante<\/li><\/ul>\n\n\n\n<h4 class=\"wp-block-heading\"><strong>Lucarne(s)&nbsp;:<\/strong> <\/h4>\n\n\n\n<p>Rampante<\/p>\n\n\n\n<h4 class=\"wp-block-heading\"><strong>\u00c9l\u00e9ments architecturaux&nbsp;:<\/strong><\/h4>\n\n\n\n<ul class=\"wp-block-list\"><li>Chambranle<\/li><li>Console<\/li><li>Planche corni\u00e8re<\/li><\/ul>\n\n\n\n<p class=\"has-text-color has-vivid-cyan-blue-color\">Source <a rel=\"noreferrer noopener\" aria-label=\": R\u00e9pertoire du patrimoine culturel du Qu\u00e9bec (s\u2019ouvre dans un nouvel onglet)\" href=\"http:\/\/www.patrimoine-culturel.gouv.qc.ca\/rpcq\/detail.do?methode=consulter&amp;id=171121&amp;type=bien#.XZod2i17RQN\" target=\"_blank\">: R\u00e9pertoire du patrimoine culturel du Qu\u00e9bec<\/a><\/p>\n\n\n\n<p>Photos : G\u00e9rald Arbour<\/p>\n\n\n\n<ul class=\"wp-block-gallery columns-3 is-cropped wp-block-gallery-1 is-layout-flex wp-block-gallery-is-layout-flex\"><li class=\"blocks-gallery-item\"><figure><a href=\"https:\/\/patrimoineduquebec.com\/GaresduQuebec\/wp-content\/uploads\/2019\/10\/gare-wakefield-G\u00e9rald-Arbour-N8-1024x768.jpeg\"><img loading=\"lazy\" decoding=\"async\" width=\"1024\" height=\"768\" src=\"https:\/\/patrimoineduquebec.com\/GaresduQuebec\/wp-content\/uploads\/2019\/10\/gare-wakefield-G\u00e9rald-Arbour-N8-1024x768.jpeg\" alt=\"\" data-id=\"1449\" data-link=\"https:\/\/patrimoineduquebec.com\/GaresduQuebec\/wakefield\/gare-wakefield-gerald-arbour-n8\/\" class=\"wp-image-1449\" srcset=\"https:\/\/patrimoineduquebec.com\/GaresduQuebec\/wp-content\/uploads\/2019\/10\/gare-wakefield-G\u00e9rald-Arbour-N8-1024x768.jpeg 1024w, https:\/\/patrimoineduquebec.com\/GaresduQuebec\/wp-content\/uploads\/2019\/10\/gare-wakefield-G\u00e9rald-Arbour-N8-300x225.jpeg 300w, https:\/\/patrimoineduquebec.com\/GaresduQuebec\/wp-content\/uploads\/2019\/10\/gare-wakefield-G\u00e9rald-Arbour-N8-768x576.jpeg 768w, https:\/\/patrimoineduquebec.com\/GaresduQuebec\/wp-content\/uploads\/2019\/10\/gare-wakefield-G\u00e9rald-Arbour-N8.jpeg 2031w\" sizes=\"auto, (max-width: 1024px) 100vw, 1024px\" \/><\/a><\/figure><\/li><li class=\"blocks-gallery-item\"><figure><a href=\"https:\/\/patrimoineduquebec.com\/GaresduQuebec\/wp-content\/uploads\/2019\/10\/gare-wakefield-G\u00e9rald-Arbour-N2-1024x768.jpg\"><img loading=\"lazy\" decoding=\"async\" width=\"1024\" height=\"768\" src=\"https:\/\/patrimoineduquebec.com\/GaresduQuebec\/wp-content\/uploads\/2019\/10\/gare-wakefield-G\u00e9rald-Arbour-N2-1024x768.jpg\" alt=\"\" data-id=\"1822\" data-link=\"https:\/\/patrimoineduquebec.com\/GaresduQuebec\/wakefield\/gare-wakefield-gerald-arbour-n2\/\" class=\"wp-image-1822\" srcset=\"https:\/\/patrimoineduquebec.com\/GaresduQuebec\/wp-content\/uploads\/2019\/10\/gare-wakefield-G\u00e9rald-Arbour-N2-1024x768.jpg 1024w, https:\/\/patrimoineduquebec.com\/GaresduQuebec\/wp-content\/uploads\/2019\/10\/gare-wakefield-G\u00e9rald-Arbour-N2-300x225.jpg 300w, https:\/\/patrimoineduquebec.com\/GaresduQuebec\/wp-content\/uploads\/2019\/10\/gare-wakefield-G\u00e9rald-Arbour-N2-768x576.jpg 768w, https:\/\/patrimoineduquebec.com\/GaresduQuebec\/wp-content\/uploads\/2019\/10\/gare-wakefield-G\u00e9rald-Arbour-N2.jpg 2028w\" sizes=\"auto, (max-width: 1024px) 100vw, 1024px\" \/><\/a><\/figure><\/li><li class=\"blocks-gallery-item\"><figure><a href=\"https:\/\/patrimoineduquebec.com\/GaresduQuebec\/wp-content\/uploads\/2019\/10\/gare-wakefield-G\u00e9rald-Arbour-N15-1024x768.jpg\"><img loading=\"lazy\" decoding=\"async\" width=\"1024\" height=\"768\" src=\"https:\/\/patrimoineduquebec.com\/GaresduQuebec\/wp-content\/uploads\/2019\/10\/gare-wakefield-G\u00e9rald-Arbour-N15-1024x768.jpg\" alt=\"\" data-id=\"1448\" data-link=\"https:\/\/patrimoineduquebec.com\/GaresduQuebec\/wakefield\/gare-wakefield-gerald-arbour-n15\/\" class=\"wp-image-1448\" srcset=\"https:\/\/patrimoineduquebec.com\/GaresduQuebec\/wp-content\/uploads\/2019\/10\/gare-wakefield-G\u00e9rald-Arbour-N15-1024x768.jpg 1024w, https:\/\/patrimoineduquebec.com\/GaresduQuebec\/wp-content\/uploads\/2019\/10\/gare-wakefield-G\u00e9rald-Arbour-N15-300x225.jpg 300w, https:\/\/patrimoineduquebec.com\/GaresduQuebec\/wp-content\/uploads\/2019\/10\/gare-wakefield-G\u00e9rald-Arbour-N15-768x576.jpg 768w\" sizes=\"auto, (max-width: 1024px) 100vw, 1024px\" \/><\/a><\/figure><\/li><li class=\"blocks-gallery-item\"><figure><a href=\"https:\/\/patrimoineduquebec.com\/GaresduQuebec\/wp-content\/uploads\/2019\/10\/gare-wakefield-G\u00e9rald-Arbour-N13-768x1024.jpeg\"><img loading=\"lazy\" decoding=\"async\" width=\"768\" height=\"1024\" src=\"https:\/\/patrimoineduquebec.com\/GaresduQuebec\/wp-content\/uploads\/2019\/10\/gare-wakefield-G\u00e9rald-Arbour-N13-768x1024.jpeg\" alt=\"\" data-id=\"1824\" data-link=\"https:\/\/patrimoineduquebec.com\/GaresduQuebec\/wakefield\/gare-wakefield-gerald-arbour-n13\/\" class=\"wp-image-1824\" srcset=\"https:\/\/patrimoineduquebec.com\/GaresduQuebec\/wp-content\/uploads\/2019\/10\/gare-wakefield-G\u00e9rald-Arbour-N13-768x1024.jpeg 768w, https:\/\/patrimoineduquebec.com\/GaresduQuebec\/wp-content\/uploads\/2019\/10\/gare-wakefield-G\u00e9rald-Arbour-N13-225x300.jpeg 225w, https:\/\/patrimoineduquebec.com\/GaresduQuebec\/wp-content\/uploads\/2019\/10\/gare-wakefield-G\u00e9rald-Arbour-N13.jpeg 1772w\" sizes=\"auto, (max-width: 768px) 100vw, 768px\" \/><\/a><\/figure><\/li><li class=\"blocks-gallery-item\"><figure><a href=\"https:\/\/patrimoineduquebec.com\/GaresduQuebec\/wp-content\/uploads\/2019\/10\/07H_P5S4D032.jpeg\"><img loading=\"lazy\" decoding=\"async\" width=\"487\" height=\"630\" src=\"https:\/\/patrimoineduquebec.com\/GaresduQuebec\/wp-content\/uploads\/2019\/10\/07H_P5S4D032.jpeg\" alt=\"\" data-id=\"1450\" data-link=\"https:\/\/patrimoineduquebec.com\/GaresduQuebec\/wakefield\/07h_p5s4d032\/\" class=\"wp-image-1450\" srcset=\"https:\/\/patrimoineduquebec.com\/GaresduQuebec\/wp-content\/uploads\/2019\/10\/07H_P5S4D032.jpeg 487w, https:\/\/patrimoineduquebec.com\/GaresduQuebec\/wp-content\/uploads\/2019\/10\/07H_P5S4D032-232x300.jpeg 232w\" sizes=\"auto, (max-width: 487px) 100vw, 487px\" \/><\/a><figcaption>BAnQ (P5,S4,D32)<\/figcaption><\/figure><\/li><li class=\"blocks-gallery-item\"><figure><a href=\"https:\/\/patrimoineduquebec.com\/GaresduQuebec\/wp-content\/uploads\/2019\/10\/C-gare-de-wakefield-sh-de-la-vall\u00e9e-de-la-gatineau-1960.jpeg\"><img loading=\"lazy\" decoding=\"async\" width=\"435\" height=\"348\" src=\"https:\/\/patrimoineduquebec.com\/GaresduQuebec\/wp-content\/uploads\/2019\/10\/C-gare-de-wakefield-sh-de-la-vall\u00e9e-de-la-gatineau-1960.jpeg\" alt=\"\" data-id=\"1819\" data-link=\"https:\/\/patrimoineduquebec.com\/GaresduQuebec\/wakefield\/c-gare-de-wakefield-sh-de-la-vallee-de-la-gatineau-1960\/\" class=\"wp-image-1819\" srcset=\"https:\/\/patrimoineduquebec.com\/GaresduQuebec\/wp-content\/uploads\/2019\/10\/C-gare-de-wakefield-sh-de-la-vall\u00e9e-de-la-gatineau-1960.jpeg 435w, https:\/\/patrimoineduquebec.com\/GaresduQuebec\/wp-content\/uploads\/2019\/10\/C-gare-de-wakefield-sh-de-la-vall\u00e9e-de-la-gatineau-1960-300x240.jpeg 300w\" sizes=\"auto, (max-width: 435px) 100vw, 435px\" \/><\/a><figcaption>Soci\u00e9t\u00e9 d&rsquo;histoire de la vall\u00e9e de la Gatineau<\/figcaption><\/figure><\/li><\/ul>\n","protected":false},"excerpt":{"rendered":"<p>Informations : La premi\u00e8re gare ferroviaire de Wakefield a \u00e9t\u00e9 construite en 1892 lorsque la ligne de chemin de fer a enfin atteint le village. L\u2019Ottawa and Gatineau Valley Railroad Company&nbsp;avait \u00e9t\u00e9 cr\u00e9\u00e9e en 1871 avec le projet d\u2019\u00e9tablir une ligne de chemin de fer entre Hull et Maniwaki. Cependant, la construction de la ligne [&hellip;]<\/p>\n","protected":false},"author":1,"featured_media":0,"parent":0,"menu_order":0,"comment_status":"closed","ping_status":"closed","template":"","meta":{"footnotes":""},"class_list":["post-1443","page","type-page","status-publish","hentry"],"_links":{"self":[{"href":"https:\/\/patrimoineduquebec.com\/GaresduQuebec\/wp-json\/wp\/v2\/pages\/1443","targetHints":{"allow":["GET"]}}],"collection":[{"href":"https:\/\/patrimoineduquebec.com\/GaresduQuebec\/wp-json\/wp\/v2\/pages"}],"about":[{"href":"https:\/\/patrimoineduquebec.com\/GaresduQuebec\/wp-json\/wp\/v2\/types\/page"}],"author":[{"embeddable":true,"href":"https:\/\/patrimoineduquebec.com\/GaresduQuebec\/wp-json\/wp\/v2\/users\/1"}],"replies":[{"embeddable":true,"href":"https:\/\/patrimoineduquebec.com\/GaresduQuebec\/wp-json\/wp\/v2\/comments?post=1443"}],"version-history":[{"count":11,"href":"https:\/\/patrimoineduquebec.com\/GaresduQuebec\/wp-json\/wp\/v2\/pages\/1443\/revisions"}],"predecessor-version":[{"id":1825,"href":"https:\/\/patrimoineduquebec.com\/GaresduQuebec\/wp-json\/wp\/v2\/pages\/1443\/revisions\/1825"}],"wp:attachment":[{"href":"https:\/\/patrimoineduquebec.com\/GaresduQuebec\/wp-json\/wp\/v2\/media?parent=1443"}],"curies":[{"name":"wp","href":"https:\/\/api.w.org\/{rel}","templated":true}]}}