{"id":14,"date":"2019-09-23T17:30:33","date_gmt":"2019-09-23T17:30:33","guid":{"rendered":"https:\/\/patrimoineduquebec.com\/GaresduQuebec\/?page_id=14"},"modified":"2022-12-10T15:21:40","modified_gmt":"2022-12-10T15:21:40","slug":"repertoire-des-gares","status":"publish","type":"page","link":"https:\/\/patrimoineduquebec.com\/GaresduQuebec\/repertoire-des-gares\/","title":{"rendered":"R\u00e9pertoire des gares"},"content":{"rendered":"\n<p class=\"has-vivid-red-color has-text-color has-medium-font-size\"><strong>Abitibi-T\u00e9miscamingue<\/strong><\/p>\n\n\n\n<p class=\"has-vivid-cyan-blue-color has-text-color\"><a href=\"https:\/\/patrimoineduquebec.com\/GaresduQuebec\/dupuy\/\">Gare de Dupuy<\/a><\/p>\n\n\n\n<p class=\"has-vivid-cyan-blue-color has-text-color\"><a href=\"https:\/\/patrimoineduquebec.com\/GaresduQuebec\/macamic\/\">Gare de Macamic<\/a><\/p>\n\n\n\n<p class=\"has-vivid-cyan-blue-color has-text-color\"><a href=\"https:\/\/patrimoineduquebec.com\/GaresduQuebec\/noranda\/\">Gare de Noranda<\/a><\/p>\n\n\n\n<p class=\"has-vivid-cyan-blue-color has-text-color\"><a href=\"https:\/\/patrimoineduquebec.com\/GaresduQuebec\/senneterre\/\">Gare de Senneterre<\/a><\/p>\n\n\n\n<p class=\"has-vivid-cyan-blue-color has-text-color\"><a href=\"https:\/\/patrimoineduquebec.com\/GaresduQuebec\/temiscaming\/\">Gare de T\u00e9miscaming<\/a><\/p>\n\n\n\n<p class=\"has-vivid-cyan-blue-color has-text-color\"><a href=\"https:\/\/patrimoineduquebec.com\/GaresduQuebec\/val-dor\/\">Gare de Val-d\u2019Or<\/a><\/p>\n\n\n\n<p class=\"has-vivid-red-color has-text-color has-medium-font-size\"><strong>Bas-Saint-Laurent<\/strong><\/p>\n\n\n\n<p class=\"has-vivid-cyan-blue-color has-text-color\"><a href=\"https:\/\/patrimoineduquebec.com\/GaresduQuebec\/amqui\/\">Gare de Amqui<\/a><\/p>\n\n\n\n<p class=\"has-vivid-cyan-blue-color has-text-color\"><a href=\"https:\/\/patrimoineduquebec.com\/GaresduQuebec\/causapscal\/\">Gare de Causapsca<\/a>l<\/p>\n\n\n\n<p class=\"has-vivid-cyan-blue-color has-text-color\"><a href=\"https:\/\/patrimoineduquebec.com\/GaresduQuebec\/la-pocatiere\/\">Gare de La Pocati\u00e8re<\/a><\/p>\n\n\n\n<p class=\"has-vivid-cyan-blue-color has-text-color\"><a href=\"https:\/\/patrimoineduquebec.com\/GaresduQuebec\/mont-joli\/\">Gare de Mont-Joli<\/a><\/p>\n\n\n\n<p class=\"has-vivid-cyan-blue-color has-text-color\"><a href=\"https:\/\/patrimoineduquebec.com\/GaresduQuebec\/rimouski\/\">Gare de Rimouski<\/a><\/p>\n\n\n\n<p class=\"has-vivid-cyan-blue-color has-text-color\"><a href=\"https:\/\/patrimoineduquebec.com\/GaresduQuebec\/riviere-blanche\/\">Gare de Rivi\u00e8re-Blanche<\/a> (Mont-Joli)<\/p>\n\n\n\n<p class=\"has-vivid-cyan-blue-color has-text-color\"><a href=\"https:\/\/patrimoineduquebec.com\/GaresduQuebec\/riviere-bleue\/\">Gare de Rivi\u00e8re-Bleue<\/a><\/p>\n\n\n\n<p class=\"has-vivid-cyan-blue-color has-text-color\"><a href=\"https:\/\/patrimoineduquebec.com\/GaresduQuebec\/routhierville\/\">Gare de Routhierville<\/a><\/p>\n\n\n\n<p class=\"has-vivid-cyan-blue-color has-text-color\"><a href=\"https:\/\/patrimoineduquebec.com\/GaresduQuebec\/sayabec\/\">Gare de Sayabec<\/a><\/p>\n\n\n\n<p class=\"has-vivid-cyan-blue-color has-text-color\"><a href=\"https:\/\/patrimoineduquebec.com\/GaresduQuebec\/saint-anaclet\/\">Gare de Saint-Anaclet-de-Lessard<\/a> (Pointe-au-P\u00e8re)<\/p>\n\n\n\n<p class=\"has-vivid-cyan-blue-color has-text-color\"><a href=\"https:\/\/patrimoineduquebec.com\/GaresduQuebec\/saint-pascal\/\">Gare de Saint-Pascal<\/a><\/p>\n\n\n\n<p class=\"has-vivid-cyan-blue-color has-text-color\"><a href=\"https:\/\/patrimoineduquebec.com\/GaresduQuebec\/trois-pistoles\/\">Gare de Trois-Pistoles<\/a><\/p>\n\n\n\n<p class=\"has-vivid-red-color has-text-color has-medium-font-size\"><strong>Capitale-Nationale<\/strong><\/p>\n\n\n\n<p class=\"has-vivid-cyan-blue-color has-text-color\"><a href=\"https:\/\/patrimoineduquebec.com\/GaresduQuebec\/quebec\/\">Gare de Qu\u00e9bec<\/a><\/p>\n\n\n\n<p class=\"has-vivid-cyan-blue-color has-text-color\"><a href=\"https:\/\/patrimoineduquebec.com\/GaresduQuebec\/riviere-a-pierre\/\">Gare de Rivi\u00e8re-\u00e0-Pierre<\/a><\/p>\n\n\n\n<p class=\"has-vivid-red-color has-text-color has-medium-font-size\"><strong>Centre-du-Qu\u00e9bec<\/strong><\/p>\n\n\n\n<p class=\"has-vivid-cyan-blue-color has-text-color\"><a href=\"https:\/\/patrimoineduquebec.com\/GaresduQuebec\/drummondville\/\">Gare de Drummondville<\/a><\/p>\n\n\n\n<p class=\"has-vivid-cyan-blue-color has-text-color\"><a href=\"https:\/\/patrimoineduquebec.com\/GaresduQuebec\/lyster\/\">Gare de Lyster<\/a><\/p>\n\n\n\n<p class=\"has-vivid-cyan-blue-color has-text-color\"><a href=\"https:\/\/patrimoineduquebec.com\/GaresduQuebec\/warwick\/\">Gare de Warwick<\/a><\/p>\n\n\n\n<p class=\"has-vivid-red-color has-text-color has-medium-font-size\"><strong>Chaudi\u00e8re-Appalaches<\/strong><\/p>\n\n\n\n<p class=\"has-vivid-cyan-blue-color has-text-color\"><a href=\"https:\/\/patrimoineduquebec.com\/GaresduQuebec\/charny\/\">Gare de Charny<\/a><\/p>\n\n\n\n<p class=\"has-vivid-cyan-blue-color has-text-color\"><a href=\"https:\/\/patrimoineduquebec.com\/GaresduQuebec\/sainte-lucie-de-beauregard\/\" data-type=\"page\" data-id=\"2052\">Gare de Lac-Fronti\u00e8re<\/a> (Sainte-Lucie-de-Beauregard)<\/p>\n\n\n\n<p class=\"has-vivid-cyan-blue-color has-text-color\"><a href=\"https:\/\/patrimoineduquebec.com\/GaresduQuebec\/armagh\/\">Gare Langlois (Armagh)<\/a><\/p>\n\n\n\n<p class=\"has-vivid-cyan-blue-color has-text-color\"><a href=\"https:\/\/patrimoineduquebec.com\/GaresduQuebec\/laurier-station\/\">Gare de Laurier-Station<\/a><\/p>\n\n\n\n<p class=\"has-vivid-cyan-blue-color has-text-color\"><a href=\"https:\/\/patrimoineduquebec.com\/GaresduQuebec\/levis\/\" target=\"_blank\" rel=\"noreferrer noopener\">Gare de L\u00e9vis<\/a><\/p>\n\n\n\n<p class=\"has-vivid-cyan-blue-color has-text-color\"><a href=\"https:\/\/patrimoineduquebec.com\/GaresduQuebec\/montmagny\/\">Gare de Montmagny<\/a><\/p>\n\n\n\n<p class=\"has-vivid-cyan-blue-color has-text-color\"><a href=\"https:\/\/patrimoineduquebec.com\/GaresduQuebec\/saint-agapit\/\">Gare de Saint-Agapit<\/a><\/p>\n\n\n\n<p class=\"has-vivid-cyan-blue-color has-text-color\"><a href=\"https:\/\/patrimoineduquebec.com\/GaresduQuebec\/sainte-lucie-de-beauregard\/\" data-type=\"page\" data-id=\"2052\">Gare de Sainte-Lucie-de-Beauregard<\/a> (Lac Fronti\u00e8re)<\/p>\n\n\n\n<p class=\"has-vivid-cyan-blue-color has-text-color\"><a href=\"https:\/\/patrimoineduquebec.com\/GaresduQuebec\/thetford-mines\/\" target=\"_blank\" rel=\"noreferrer noopener\">Gare de Thetford Mines<\/a><\/p>\n\n\n\n<p class=\"has-vivid-cyan-blue-color has-text-color\"><a href=\"https:\/\/patrimoineduquebec.com\/GaresduQuebec\/tring-jonction\/\">Gare de Tring-Jonction<\/a><\/p>\n\n\n\n<p class=\"has-vivid-cyan-blue-color has-text-color\"><a href=\"https:\/\/patrimoineduquebec.com\/GaresduQuebec\/vallee-jonction\/\">Gare de Vall\u00e9e-Jonction<\/a><\/p>\n\n\n\n<p class=\"has-vivid-red-color has-text-color has-medium-font-size\"><strong>Estrie<\/strong><\/p>\n\n\n\n<p class=\"has-vivid-cyan-blue-color has-text-color\"><a href=\"https:\/\/patrimoineduquebec.com\/GaresduQuebec\/stanstead-2\/\">Gare de Beebe (Stanstead)<\/a><\/p>\n\n\n\n<p class=\"has-vivid-cyan-blue-color has-text-color\"><a href=\"https:\/\/patrimoineduquebec.com\/GaresduQuebec\/coaticook\/\">Gare de Coaticook<\/a><\/p>\n\n\n\n<p class=\"has-vivid-cyan-blue-color has-text-color\"><a href=\"https:\/\/patrimoineduquebec.com\/GaresduQuebec\/stanstead\/\">Gare de Compton (Stanstead)<\/a><\/p>\n\n\n\n<p class=\"has-vivid-cyan-blue-color has-text-color\"><a href=\"https:\/\/patrimoineduquebec.com\/GaresduQuebec\/durham-sud\/\">Gare de Durham-Sud (Melbourne)<\/a><\/p>\n\n\n\n<p class=\"has-vivid-cyan-blue-color has-text-color\"><a href=\"https:\/\/patrimoineduquebec.com\/GaresduQuebec\/east-angus\/\">Gare de East Angus<\/a><\/p>\n\n\n\n<p class=\"has-vivid-cyan-blue-color has-text-color\"><a href=\"https:\/\/patrimoineduquebec.com\/GaresduQuebec\/foster\/\">Gare de Foster<\/a> (Lac-Brome)<\/p>\n\n\n\n<p class=\"has-vivid-cyan-blue-color has-text-color\"><a href=\"https:\/\/patrimoineduquebec.com\/GaresduQuebec\/mansonville\/\">Gare de Highwater (Mansonville)<\/a><\/p>\n\n\n\n<p class=\"has-vivid-cyan-blue-color has-text-color\"><a href=\"https:\/\/patrimoineduquebec.com\/GaresduQuebec\/lac-megantic\/\">Gare de Lac-M\u00e9gantic<\/a><\/p>\n\n\n\n<p class=\"has-vivid-cyan-blue-color has-text-color\"><a href=\"https:\/\/patrimoineduquebec.com\/GaresduQuebec\/richmond\/\">Gare de Richmond<\/a><\/p>\n\n\n\n<p class=\"has-vivid-cyan-blue-color has-text-color\"><a href=\"https:\/\/patrimoineduquebec.com\/GaresduQuebec\/sherbrooke\/\">Gare de Sherbrooke (CP)<\/a><\/p>\n\n\n\n<p class=\"has-vivid-cyan-blue-color has-text-color\"><a href=\"https:\/\/patrimoineduquebec.com\/GaresduQuebec\/sherbrooke-2\/\">Gare de Sherbrooke (CN)<\/a><\/p>\n\n\n\n<p class=\"has-vivid-red-color has-text-color has-medium-font-size\"><strong>Gasp\u00e9sie<\/strong><\/p>\n\n\n\n<p class=\"has-vivid-cyan-blue-color has-text-color\"><a href=\"https:\/\/patrimoineduquebec.com\/GaresduQuebec\/barachois\/\">Gare de Barachois<\/a><\/p>\n\n\n\n<p class=\"has-vivid-cyan-blue-color has-text-color\"><a href=\"https:\/\/patrimoineduquebec.com\/GaresduQuebec\/bonaventure\/\">Gare de Bonaventure<\/a><\/p>\n\n\n\n<p class=\"has-vivid-cyan-blue-color has-text-color\"><a href=\"https:\/\/patrimoineduquebec.com\/GaresduQuebec\/carleton\/\">Gare de Carleton<\/a><\/p>\n\n\n\n<p class=\"has-vivid-cyan-blue-color has-text-color\"><a href=\"https:\/\/patrimoineduquebec.com\/GaresduQuebec\/chandler\/\">Gare de Chandler<\/a><\/p>\n\n\n\n<p class=\"has-vivid-cyan-blue-color has-text-color\"><a href=\"https:\/\/patrimoineduquebec.com\/GaresduQuebec\/grande-riviere\/\">Gare de Grande-Rivi\u00e8re<\/a><\/p>\n\n\n\n<p class=\"has-vivid-cyan-blue-color has-text-color\"><a href=\"https:\/\/patrimoineduquebec.com\/GaresduQuebec\/matapedia\/\">Gare de Matap\u00e9dia<\/a><\/p>\n\n\n\n<p class=\"has-vivid-cyan-blue-color has-text-color\"><a href=\"https:\/\/patrimoineduquebec.com\/GaresduQuebec\/new-carlisle\/\">Gare de New Carlisle<\/a><\/p>\n\n\n\n<p class=\"has-vivid-cyan-blue-color has-text-color\"><a href=\"https:\/\/patrimoineduquebec.com\/GaresduQuebec\/new-richmond\/\">Gare de New Richmond<\/a><\/p>\n\n\n\n<p class=\"has-vivid-cyan-blue-color has-text-color\"><a href=\"https:\/\/patrimoineduquebec.com\/GaresduQuebec\/perce\/\">Gare de Perc\u00e9<\/a><\/p>\n\n\n\n<p class=\"has-vivid-cyan-blue-color has-text-color\"><a href=\"https:\/\/patrimoineduquebec.com\/GaresduQuebec\/port-daniel\/\">Gare de Port-Daniel<\/a>-Gascons<\/p>\n\n\n\n<p class=\"has-vivid-red-color has-text-color has-medium-font-size\"><strong>Lanaudi\u00e8re<\/strong><\/p>\n\n\n\n<p class=\"has-vivid-cyan-blue-color has-text-color\"><a href=\"https:\/\/patrimoineduquebec.com\/GaresduQuebec\/lepiphanie\/\">Gare de L\u2019\u00c9piphanie<\/a><\/p>\n\n\n\n<p class=\"has-vivid-cyan-blue-color has-text-color\"><a href=\"https:\/\/patrimoineduquebec.com\/GaresduQuebec\/joliette\/\">Gare de Joliette<\/a><\/p>\n\n\n\n<p class=\"has-vivid-red-color has-text-color has-medium-font-size\"><strong>Laurentides<\/strong><\/p>\n\n\n\n<p class=\"has-vivid-cyan-blue-color has-text-color\"><a href=\"https:\/\/patrimoineduquebec.com\/GaresduQuebec\/amherst\/\">Gare de Amherst<\/a><\/p>\n\n\n\n<p class=\"has-vivid-cyan-blue-color has-text-color\"><a href=\"https:\/\/patrimoineduquebec.com\/GaresduQuebec\/arundel\/\">Gare de Arundel<\/a><\/p>\n\n\n\n<p class=\"has-vivid-cyan-blue-color has-text-color\"><a href=\"https:\/\/patrimoineduquebec.com\/GaresduQuebec\/grenville-sur-la-rouge\/\">Gare de Calumet<\/a><\/p>\n\n\n\n<p class=\"has-vivid-cyan-blue-color has-text-color\"><a href=\"https:\/\/patrimoineduquebec.com\/GaresduQuebec\/labelle\/\">Gare de Labelle<\/a><\/p>\n\n\n\n<p class=\"has-vivid-cyan-blue-color has-text-color\"><a href=\"https:\/\/patrimoineduquebec.com\/GaresduQuebec\/lannonciation\/\">Gare de l\u2019Annonciation<\/a><\/p>\n\n\n\n<p class=\"has-vivid-cyan-blue-color has-text-color\"><a href=\"https:\/\/patrimoineduquebec.com\/GaresduQuebec\/lachute\/\">Gare de Lachute<\/a><\/p>\n\n\n\n<p class=\"has-vivid-cyan-blue-color has-text-color\"><a href=\"https:\/\/patrimoineduquebec.com\/GaresduQuebec\/mont-laurier\/\">Gare de Mont-Laurier<\/a><\/p>\n\n\n\n<p class=\"has-vivid-cyan-blue-color has-text-color\"><a href=\"https:\/\/patrimoineduquebec.com\/GaresduQuebec\/mont-rolland\/\">Gare de Mont-Rolland<\/a><\/p>\n\n\n\n<p class=\"has-vivid-cyan-blue-color has-text-color\"><a href=\"https:\/\/patrimoineduquebec.com\/GaresduQuebec\/morin-heights\/\">Gare de Morin-Heights<\/a><\/p>\n\n\n\n<p class=\"has-vivid-cyan-blue-color has-text-color\"><a href=\"https:\/\/patrimoineduquebec.com\/GaresduQuebec\/nominingue\/\">Gare de Nominingue<\/a><\/p>\n\n\n\n<p class=\"has-vivid-cyan-blue-color has-text-color\"><a href=\"https:\/\/patrimoineduquebec.com\/GaresduQuebec\/piedmont\/\">Gare de Piedmont<\/a><\/p>\n\n\n\n<p class=\"has-vivid-cyan-blue-color has-text-color\"><a href=\"https:\/\/patrimoineduquebec.com\/GaresduQuebec\/prevost\/\">Gare de Pr\u00e9vost<\/a><\/p>\n\n\n\n<p class=\"has-vivid-cyan-blue-color has-text-color\"><a href=\"https:\/\/patrimoineduquebec.com\/GaresduQuebec\/rosemere\/\">Gare de Rosem\u00e8re<\/a><\/p>\n\n\n\n<p class=\"has-vivid-cyan-blue-color has-text-color\"><a href=\"https:\/\/patrimoineduquebec.com\/GaresduQuebec\/saint-faustin-lac-carre\/\">Gare de Saint-Faustin<\/a><\/p>\n\n\n\n<p class=\"has-vivid-cyan-blue-color has-text-color\"><a href=\"https:\/\/patrimoineduquebec.com\/GaresduQuebec\/saint-jerome\/\">Gare de Saint-J\u00e9r\u00f4me<\/a><\/p>\n\n\n\n<p class=\"has-vivid-cyan-blue-color has-text-color\"><a href=\"https:\/\/patrimoineduquebec.com\/GaresduQuebec\/saint-jovite\/\">Gare de Saint-Jovite<\/a><\/p>\n\n\n\n<p class=\"has-vivid-cyan-blue-color has-text-color\"><a href=\"https:\/\/patrimoineduquebec.com\/GaresduQuebec\/sainte-agathe\/\">Gare de Sainte-Agathe<\/a><\/p>\n\n\n\n<p class=\"has-vivid-cyan-blue-color has-text-color\"><a href=\"https:\/\/patrimoineduquebec.com\/GaresduQuebec\/sainte-therese\/\">Gare de Sainte-Th\u00e9r\u00e8se<\/a><\/p>\n\n\n\n<p class=\"has-vivid-cyan-blue-color has-text-color\"><a href=\"https:\/\/patrimoineduquebec.com\/GaresduQuebec\/val-morin\/\">Gare de Val-Morin<\/a><\/p>\n\n\n\n<p class=\"has-vivid-red-color has-text-color has-medium-font-size\"><strong>Mauricie<\/strong><\/p>\n\n\n\n<p class=\"has-vivid-cyan-blue-color has-text-color\"><a href=\"https:\/\/patrimoineduquebec.com\/GaresduQuebec\/clova\/\">Gare de Clova<\/a><\/p>\n\n\n\n<p class=\"has-vivid-cyan-blue-color has-text-color\"><a href=\"https:\/\/patrimoineduquebec.com\/GaresduQuebec\/lac-aux-sables\/\">Gare de Hervey-Jonction (Lac-aux-Sables<\/a>)<\/p>\n\n\n\n<p class=\"has-vivid-cyan-blue-color has-text-color\"><a href=\"https:\/\/patrimoineduquebec.com\/GaresduQuebec\/la-tuque\/\">Gare de La Tuque<\/a><\/p>\n\n\n\n<p class=\"has-vivid-cyan-blue-color has-text-color\"><a href=\"https:\/\/patrimoineduquebec.com\/GaresduQuebec\/la-tuque-2\/\">Gare de Lac-\u00c9douard (La Tuque)<\/a><\/p>\n\n\n\n<p class=\"has-vivid-cyan-blue-color has-text-color\"><a href=\"https:\/\/patrimoineduquebec.com\/GaresduQuebec\/la-tuque-3\/\">Gare de Parent (La Tuque)<\/a><\/p>\n\n\n\n<p class=\"has-vivid-cyan-blue-color has-text-color\"><a href=\"https:\/\/patrimoineduquebec.com\/GaresduQuebec\/shawinigan\/\">Gare de Shawinigan (CP)<\/a><\/p>\n\n\n\n<p class=\"has-vivid-cyan-blue-color has-text-color\"><a href=\"https:\/\/patrimoineduquebec.com\/GaresduQuebec\/shawinigan-2\/\">Gare de Shawinigan (CN)<\/a><\/p>\n\n\n\n<p class=\"has-vivid-cyan-blue-color has-text-color\"><a href=\"https:\/\/patrimoineduquebec.com\/GaresduQuebec\/shawinigan-secteur-saint-georges\/\" data-type=\"page\" data-id=\"2086\">Gare de Garneau (Shawinigan, secteur Saint-Georges)<\/a><\/p>\n\n\n\n<p class=\"has-vivid-cyan-blue-color has-text-color\"><a href=\"https:\/\/patrimoineduquebec.com\/GaresduQuebec\/saint-narcisse\/\" data-type=\"page\" data-id=\"2071\">Gare de Saint-Narcisse<\/a><\/p>\n\n\n\n<p class=\"has-vivid-cyan-blue-color has-text-color\"><a href=\"https:\/\/patrimoineduquebec.com\/GaresduQuebec\/sainte-angele-de-premont\/\">Gare de Sainte-Ang\u00e8le-de-Pr\u00e9mont<\/a><\/p>\n\n\n\n<p class=\"has-vivid-cyan-blue-color has-text-color\"><a href=\"https:\/\/patrimoineduquebec.com\/GaresduQuebec\/sainte-anne-de-la-perade\/\">Gare de Sainte-Anne-de-la-P\u00e9rade<\/a><\/p>\n\n\n\n<p class=\"has-vivid-cyan-blue-color has-text-color\"><a href=\"https:\/\/patrimoineduquebec.com\/GaresduQuebec\/trois-rivieres\/\">Gare de Trois-Rivi\u00e8res<\/a><\/p>\n\n\n\n<p class=\"has-vivid-red-color has-text-color has-medium-font-size\"><strong>Mont\u00e9r\u00e9gie<\/strong><\/p>\n\n\n\n<p class=\"has-vivid-cyan-blue-color has-text-color\"><a href=\"https:\/\/patrimoineduquebec.com\/GaresduQuebec\/acton-vale\/\">Gare de Acton Vale<\/a><\/p>\n\n\n\n<p class=\"has-vivid-cyan-blue-color has-text-color\"><a href=\"https:\/\/patrimoineduquebec.com\/GaresduQuebec\/vaudreuil-dorion\/\">Gare de Dorion (Vaudreuil-Dorion)<\/a><\/p>\n\n\n\n<p class=\"has-vivid-cyan-blue-color has-text-color\"><a href=\"https:\/\/patrimoineduquebec.com\/GaresduQuebec\/farnham\/\">Gare de Farnham<\/a><\/p>\n\n\n\n<p class=\"has-vivid-cyan-blue-color has-text-color\"><a href=\"https:\/\/patrimoineduquebec.com\/GaresduQuebec\/hudson\/\">Gare de Hudson<\/a><\/p>\n\n\n\n<p class=\"has-vivid-cyan-blue-color has-text-color\"><a href=\"https:\/\/patrimoineduquebec.com\/GaresduQuebec\/lacadie\/\">Gare de l\u2019Acadie<\/a><\/p>\n\n\n\n<p class=\"has-vivid-cyan-blue-color has-text-color\"><a href=\"https:\/\/patrimoineduquebec.com\/GaresduQuebec\/lacolle\/\">Gare de Lacolle<\/a><\/p>\n\n\n\n<p class=\"has-vivid-cyan-blue-color has-text-color\"><a href=\"https:\/\/patrimoineduquebec.com\/GaresduQuebec\/rigaud\/\">Gare de Rigaud<\/a><\/p>\n\n\n\n<p class=\"has-vivid-cyan-blue-color has-text-color\"><a href=\"https:\/\/patrimoineduquebec.com\/GaresduQuebec\/saint-armand\/\">Gare de Saint-Armand<\/a><\/p>\n\n\n\n<p class=\"has-vivid-cyan-blue-color has-text-color\"><a href=\"https:\/\/patrimoineduquebec.com\/GaresduQuebec\/saint-bruno-de-montarville\/\">Gare de Saint-Bruno-de-Montarville<\/a><\/p>\n\n\n\n<p class=\"has-vivid-cyan-blue-color has-text-color\"><a href=\"https:\/\/fr.wikipedia.org\/wiki\/Gare_de_Saint-Hyacinthe\">Gar<\/a><a href=\"https:\/\/patrimoineduquebec.com\/GaresduQuebec\/saint-hyacinthe\/\">e de Saint-Hyacinthe<\/a><\/p>\n\n\n\n<p class=\"has-vivid-cyan-blue-color has-text-color\"><a href=\"https:\/\/patrimoineduquebec.com\/GaresduQuebec\/saint-jean-sur-richelieu\/\">Gare de Saint-Jean-sur-Richelieu (CP)<\/a><\/p>\n\n\n\n<p class=\"has-vivid-cyan-blue-color has-text-color\"><a href=\"https:\/\/patrimoineduquebec.com\/GaresduQuebec\/saint-jean-sur-richelieu-2\/\">Gare de Saint-Jean-sur-Richelieu (CN)<\/a><\/p>\n\n\n\n<p class=\"has-vivid-cyan-blue-color has-text-color\"><a href=\"https:\/\/patrimoineduquebec.com\/GaresduQuebec\/sorel\/\">Gare de Sorel<\/a><\/p>\n\n\n\n<p class=\"has-vivid-red-color has-text-color has-medium-font-size\"><strong>Montr\u00e9al<\/strong><\/p>\n\n\n\n<p class=\"has-vivid-cyan-blue-color has-text-color\">Gar<a href=\"https:\/\/patrimoineduquebec.com\/GaresduQuebec\/beaconsfield\/\">e de Beaconsfield<\/a><\/p>\n\n\n\n<p class=\"has-vivid-cyan-blue-color has-text-color\"><a href=\"https:\/\/patrimoineduquebec.com\/GaresduQuebec\/montreal-5\/\" target=\"_blank\" rel=\"noreferrer noopener\">Gare Berri (Montr\u00e9al)<\/a><\/p>\n\n\n\n<p class=\"has-vivid-cyan-blue-color has-text-color\"><a href=\"https:\/\/patrimoineduquebec.com\/GaresduQuebec\/montreal-4\/\" target=\"_blank\" rel=\"noreferrer noopener\">Gare Dalhousie (Montr\u00e9al)<\/a><\/p>\n\n\n\n<p class=\"has-vivid-cyan-blue-color has-text-color\"><a href=\"https:\/\/patrimoineduquebec.com\/GaresduQuebec\/montreal\/\">Gare Jean-Talon<\/a> (Montr\u00e9al)<\/p>\n\n\n\n<p class=\"has-vivid-cyan-blue-color has-text-color\"><a href=\"https:\/\/patrimoineduquebec.com\/GaresduQuebec\/montreal-2\/\">Gare de LaSalle (Montr\u00e9al)<\/a><\/p>\n\n\n\n<p class=\"has-vivid-cyan-blue-color has-text-color\"><a href=\"https:\/\/patrimoineduquebec.com\/GaresduQuebec\/montreal-3\/\">Gare Viger (Montr\u00e9al)<\/a><\/p>\n\n\n\n<p class=\"has-vivid-cyan-blue-color has-text-color\"><a rel=\"noreferrer noopener\" href=\"https:\/\/patrimoineduquebec.com\/GaresduQuebec\/montreal-6\/\" target=\"_blank\">Gare Windsor<\/a> (Montr\u00e9al)<\/p>\n\n\n\n<p class=\"has-vivid-cyan-blue-color has-text-color\"><a href=\"https:\/\/patrimoineduquebec.com\/GaresduQuebec\/montreal-ouest\/\">Gare de Montr\u00e9al-Ouest<\/a><\/p>\n\n\n\n<p class=\"has-vivid-cyan-blue-color has-text-color\"><a href=\"https:\/\/patrimoineduquebec.com\/GaresduQuebec\/pointe-claire\/\">Gare Valois (Pointe-Claire<\/a>)<\/p>\n\n\n\n<p class=\"has-vivid-cyan-blue-color has-text-color\"><a href=\"https:\/\/patrimoineduquebec.com\/GaresduQuebec\/ville-de-mont-royal\/\">Gare de ville de Mont-Royal<\/a><\/p>\n\n\n\n<p class=\"has-vivid-cyan-blue-color has-text-color\"><a href=\"https:\/\/patrimoineduquebec.com\/GaresduQuebec\/westmount\/\">Gare de Westmount<\/a><\/p>\n\n\n\n<p class=\"has-vivid-red-color has-text-color has-medium-font-size\"><strong>Outaouais<\/strong><\/p>\n\n\n\n<p class=\"has-vivid-cyan-blue-color has-text-color\"><a href=\"https:\/\/patrimoineduquebec.com\/GaresduQuebec\/masson\/\">Gare de Masson<\/a><\/p>\n\n\n\n<p class=\"has-vivid-cyan-blue-color has-text-color\"><a href=\"https:\/\/patrimoineduquebec.com\/GaresduQuebec\/montebello\/\">Gare de Montebello<\/a><\/p>\n\n\n\n<p class=\"has-vivid-cyan-blue-color has-text-color\"><a href=\"https:\/\/patrimoineduquebec.com\/GaresduQuebec\/pontiac\/\">Gare Parker (Pontiac)<\/a><\/p>\n\n\n\n<p class=\"has-vivid-cyan-blue-color has-text-color\"><a href=\"https:\/\/patrimoineduquebec.com\/GaresduQuebec\/shawville\/\">Gare de Shawville<\/a><\/p>\n\n\n\n<p class=\"has-vivid-cyan-blue-color has-text-color\"><a href=\"https:\/\/patrimoineduquebec.com\/GaresduQuebec\/low\/\">Gare de Venosta (Low)<\/a><\/p>\n\n\n\n<p class=\"has-vivid-cyan-blue-color has-text-color\"><a href=\"https:\/\/patrimoineduquebec.com\/GaresduQuebec\/wakefield\/\">Gare de Wakefield<\/a><\/p>\n\n\n\n<p class=\"has-vivid-red-color has-text-color has-medium-font-size\"><strong>Saguenay-Lac-Saint-Jean<\/strong><\/p>\n\n\n\n<p class=\"has-vivid-cyan-blue-color has-text-color\"><a href=\"https:\/\/patrimoineduquebec.com\/GaresduQuebec\/saguenay\/\">Gare de Arvida (Saguenay)<\/a><\/p>\n\n\n\n<p class=\"has-vivid-cyan-blue-color has-text-color\"><a href=\"https:\/\/patrimoineduquebec.com\/GaresduQuebec\/chambord\/\">Gare de Chambord<\/a><\/p>\n\n\n\n<p class=\"has-vivid-cyan-blue-color has-text-color\"><a href=\"https:\/\/patrimoineduquebec.com\/GaresduQuebec\/hebertville-station\/\">Gare de H\u00e9bertville-Station<\/a><\/p>\n\n\n\n<p class=\"has-vivid-cyan-blue-color has-text-color\"><a href=\"https:\/\/patrimoineduquebec.com\/GaresduQuebec\/saint-felicien\/\">Gare de Saint-F\u00e9licien<\/a><\/p>\n","protected":false},"excerpt":{"rendered":"<p>Abitibi-T\u00e9miscamingue Gare de Dupuy Gare de Macamic Gare de Noranda Gare de Senneterre Gare de T\u00e9miscaming Gare de Val-d\u2019Or Bas-Saint-Laurent Gare de Amqui Gare de Causapscal Gare de La Pocati\u00e8re Gare de Mont-Joli Gare de Rimouski Gare de Rivi\u00e8re-Blanche (Mont-Joli) Gare de Rivi\u00e8re-Bleue Gare de Routhierville Gare de Sayabec Gare de Saint-Anaclet-de-Lessard (Pointe-au-P\u00e8re) Gare de [&hellip;]<\/p>\n","protected":false},"author":1,"featured_media":0,"parent":0,"menu_order":0,"comment_status":"closed","ping_status":"closed","template":"","meta":{"footnotes":""},"class_list":["post-14","page","type-page","status-publish","hentry"],"_links":{"self":[{"href":"https:\/\/patrimoineduquebec.com\/GaresduQuebec\/wp-json\/wp\/v2\/pages\/14","targetHints":{"allow":["GET"]}}],"collection":[{"href":"https:\/\/patrimoineduquebec.com\/GaresduQuebec\/wp-json\/wp\/v2\/pages"}],"about":[{"href":"https:\/\/patrimoineduquebec.com\/GaresduQuebec\/wp-json\/wp\/v2\/types\/page"}],"author":[{"embeddable":true,"href":"https:\/\/patrimoineduquebec.com\/GaresduQuebec\/wp-json\/wp\/v2\/users\/1"}],"replies":[{"embeddable":true,"href":"https:\/\/patrimoineduquebec.com\/GaresduQuebec\/wp-json\/wp\/v2\/comments?post=14"}],"version-history":[{"count":185,"href":"https:\/\/patrimoineduquebec.com\/GaresduQuebec\/wp-json\/wp\/v2\/pages\/14\/revisions"}],"predecessor-version":[{"id":2096,"href":"https:\/\/patrimoineduquebec.com\/GaresduQuebec\/wp-json\/wp\/v2\/pages\/14\/revisions\/2096"}],"wp:attachment":[{"href":"https:\/\/patrimoineduquebec.com\/GaresduQuebec\/wp-json\/wp\/v2\/media?parent=14"}],"curies":[{"name":"wp","href":"https:\/\/api.w.org\/{rel}","templated":true}]}}