{"id":1369,"date":"2019-10-05T15:18:20","date_gmt":"2019-10-05T15:18:20","guid":{"rendered":"https:\/\/patrimoineduquebec.com\/GaresduQuebec\/?page_id=1369"},"modified":"2019-10-13T20:26:43","modified_gmt":"2019-10-13T20:26:43","slug":"stanstead","status":"publish","type":"page","link":"https:\/\/patrimoineduquebec.com\/GaresduQuebec\/stanstead\/","title":{"rendered":"Stanstead"},"content":{"rendered":"\n<p style=\"text-align:center\" class=\"has-medium-font-size\"><strong>Gare de Compton<\/strong><\/p>\n\n\n\n<div class=\"wp-block-image\"><figure class=\"aligncenter\"><a href=\"https:\/\/patrimoineduquebec.com\/GaresduQuebec\/wp-content\/uploads\/2019\/10\/gare-de-compton-stantstead-3120-chemin-smith-G\u00e9rald-Arbour-N12.jpg\"><img loading=\"lazy\" decoding=\"async\" width=\"1024\" height=\"768\" src=\"https:\/\/patrimoineduquebec.com\/GaresduQuebec\/wp-content\/uploads\/2019\/10\/gare-de-compton-stantstead-3120-chemin-smith-G\u00e9rald-Arbour-N12-1024x768.jpg\" alt=\"\" class=\"wp-image-1370\" srcset=\"https:\/\/patrimoineduquebec.com\/GaresduQuebec\/wp-content\/uploads\/2019\/10\/gare-de-compton-stantstead-3120-chemin-smith-G\u00e9rald-Arbour-N12-1024x768.jpg 1024w, https:\/\/patrimoineduquebec.com\/GaresduQuebec\/wp-content\/uploads\/2019\/10\/gare-de-compton-stantstead-3120-chemin-smith-G\u00e9rald-Arbour-N12-300x225.jpg 300w, https:\/\/patrimoineduquebec.com\/GaresduQuebec\/wp-content\/uploads\/2019\/10\/gare-de-compton-stantstead-3120-chemin-smith-G\u00e9rald-Arbour-N12-768x576.jpg 768w\" sizes=\"auto, (max-width: 1024px) 100vw, 1024px\" \/><\/a><\/figure><\/div>\n\n\n\n<p><strong>HISTOIRE : <\/strong><\/p>\n\n\n\n<p>Construite \u00e0 Compton vers 1900 par le&nbsp;<em>Grand Tronc&nbsp;<\/em>au tournant du si\u00e8cle dernier, cette gare fut d\u00e9m\u00e9nag\u00e9e sur le site actuel, \u00e0 Stanstead-Est, il y a quelques ann\u00e9es, apr\u00e8s que le service aux voyageurs a \u00e9t\u00e9 interrompu dans les ann\u00e9es 1970. Elle est maintenant devenue une r\u00e9sidence priv\u00e9e.<\/p>\n\n\n\n<p>DESCRIPTION :<\/p>\n\n\n\n<p> Gare \u00e0 un \u00e9tage faite en d\u00e9clin.  \u00c0 l&rsquo;instar de la gare d&rsquo;Acton Vale,  cette gare fut construite dans le style n\u00e9o-Queen Ann. Elle pr\u00e9sente une tour d&rsquo;angle et plusieurs \u00e9l\u00e9ments d\u00e9coratifs int\u00e9ressants.<\/p>\n\n\n\n<p class=\"has-text-color has-vivid-cyan-blue-color\">Source <a href=\"http:\/\/townshipsheritage.com\/files\/townshipsheritagewebmagazine\/attraction-images\/circuit-gares.pdf\">: Matthew Farfan<\/a><\/p>\n\n\n\n<p>Photos : G\u00e9rald Arbour<\/p>\n\n\n\n<ul class=\"wp-block-gallery columns-3 is-cropped wp-block-gallery-1 is-layout-flex wp-block-gallery-is-layout-flex\"><li class=\"blocks-gallery-item\"><figure><a href=\"https:\/\/patrimoineduquebec.com\/GaresduQuebec\/wp-content\/uploads\/2019\/10\/gare-de-compton-stantstead-3120-chemin-smith-G\u00e9rald-Arbour-N1-1024x768.jpg\"><img loading=\"lazy\" decoding=\"async\" width=\"1024\" height=\"768\" src=\"https:\/\/patrimoineduquebec.com\/GaresduQuebec\/wp-content\/uploads\/2019\/10\/gare-de-compton-stantstead-3120-chemin-smith-G\u00e9rald-Arbour-N1-1024x768.jpg\" alt=\"\" data-id=\"1371\" data-link=\"https:\/\/patrimoineduquebec.com\/GaresduQuebec\/stanstead\/gare-de-compton-stantstead-3120-chemin-smith-gerald-arbour-n1\/\" class=\"wp-image-1371\" srcset=\"https:\/\/patrimoineduquebec.com\/GaresduQuebec\/wp-content\/uploads\/2019\/10\/gare-de-compton-stantstead-3120-chemin-smith-G\u00e9rald-Arbour-N1-1024x768.jpg 1024w, https:\/\/patrimoineduquebec.com\/GaresduQuebec\/wp-content\/uploads\/2019\/10\/gare-de-compton-stantstead-3120-chemin-smith-G\u00e9rald-Arbour-N1-300x225.jpg 300w, https:\/\/patrimoineduquebec.com\/GaresduQuebec\/wp-content\/uploads\/2019\/10\/gare-de-compton-stantstead-3120-chemin-smith-G\u00e9rald-Arbour-N1-768x576.jpg 768w\" sizes=\"auto, (max-width: 1024px) 100vw, 1024px\" \/><\/a><\/figure><\/li><li class=\"blocks-gallery-item\"><figure><a href=\"https:\/\/patrimoineduquebec.com\/GaresduQuebec\/wp-content\/uploads\/2019\/10\/gare-de-compton-stantstead-3120-chemin-smith-G\u00e9rald-Arbour-N7-1024x768.jpg\"><img loading=\"lazy\" decoding=\"async\" width=\"1024\" height=\"768\" src=\"https:\/\/patrimoineduquebec.com\/GaresduQuebec\/wp-content\/uploads\/2019\/10\/gare-de-compton-stantstead-3120-chemin-smith-G\u00e9rald-Arbour-N7-1024x768.jpg\" alt=\"\" data-id=\"1372\" data-link=\"https:\/\/patrimoineduquebec.com\/GaresduQuebec\/stanstead\/gare-de-compton-stantstead-3120-chemin-smith-gerald-arbour-n7\/\" class=\"wp-image-1372\" srcset=\"https:\/\/patrimoineduquebec.com\/GaresduQuebec\/wp-content\/uploads\/2019\/10\/gare-de-compton-stantstead-3120-chemin-smith-G\u00e9rald-Arbour-N7-1024x768.jpg 1024w, https:\/\/patrimoineduquebec.com\/GaresduQuebec\/wp-content\/uploads\/2019\/10\/gare-de-compton-stantstead-3120-chemin-smith-G\u00e9rald-Arbour-N7-300x225.jpg 300w, https:\/\/patrimoineduquebec.com\/GaresduQuebec\/wp-content\/uploads\/2019\/10\/gare-de-compton-stantstead-3120-chemin-smith-G\u00e9rald-Arbour-N7-768x576.jpg 768w\" sizes=\"auto, (max-width: 1024px) 100vw, 1024px\" \/><\/a><\/figure><\/li><li class=\"blocks-gallery-item\"><figure><a href=\"https:\/\/patrimoineduquebec.com\/GaresduQuebec\/wp-content\/uploads\/2019\/10\/gare-de-compton-stantstead-3120-chemin-smith-G\u00e9rald-Arbour-N6-1024x768.jpg\"><img loading=\"lazy\" decoding=\"async\" width=\"1024\" height=\"768\" src=\"https:\/\/patrimoineduquebec.com\/GaresduQuebec\/wp-content\/uploads\/2019\/10\/gare-de-compton-stantstead-3120-chemin-smith-G\u00e9rald-Arbour-N6-1024x768.jpg\" alt=\"\" data-id=\"1373\" data-link=\"https:\/\/patrimoineduquebec.com\/GaresduQuebec\/stanstead\/gare-de-compton-stantstead-3120-chemin-smith-gerald-arbour-n6\/\" class=\"wp-image-1373\" srcset=\"https:\/\/patrimoineduquebec.com\/GaresduQuebec\/wp-content\/uploads\/2019\/10\/gare-de-compton-stantstead-3120-chemin-smith-G\u00e9rald-Arbour-N6-1024x768.jpg 1024w, https:\/\/patrimoineduquebec.com\/GaresduQuebec\/wp-content\/uploads\/2019\/10\/gare-de-compton-stantstead-3120-chemin-smith-G\u00e9rald-Arbour-N6-300x225.jpg 300w, https:\/\/patrimoineduquebec.com\/GaresduQuebec\/wp-content\/uploads\/2019\/10\/gare-de-compton-stantstead-3120-chemin-smith-G\u00e9rald-Arbour-N6-768x576.jpg 768w\" sizes=\"auto, (max-width: 1024px) 100vw, 1024px\" \/><\/a><\/figure><\/li><li class=\"blocks-gallery-item\"><figure><a href=\"https:\/\/patrimoineduquebec.com\/GaresduQuebec\/wp-content\/uploads\/2019\/10\/gare-de-compton-stantstead-3120-chemin-smith-G\u00e9rald-Arbour-N8-768x1024.jpg\"><img loading=\"lazy\" decoding=\"async\" width=\"768\" height=\"1024\" src=\"https:\/\/patrimoineduquebec.com\/GaresduQuebec\/wp-content\/uploads\/2019\/10\/gare-de-compton-stantstead-3120-chemin-smith-G\u00e9rald-Arbour-N8-768x1024.jpg\" alt=\"\" data-id=\"1374\" data-link=\"https:\/\/patrimoineduquebec.com\/GaresduQuebec\/stanstead\/gare-de-compton-stantstead-3120-chemin-smith-gerald-arbour-n8\/\" class=\"wp-image-1374\" srcset=\"https:\/\/patrimoineduquebec.com\/GaresduQuebec\/wp-content\/uploads\/2019\/10\/gare-de-compton-stantstead-3120-chemin-smith-G\u00e9rald-Arbour-N8-768x1024.jpg 768w, https:\/\/patrimoineduquebec.com\/GaresduQuebec\/wp-content\/uploads\/2019\/10\/gare-de-compton-stantstead-3120-chemin-smith-G\u00e9rald-Arbour-N8-225x300.jpg 225w\" sizes=\"auto, (max-width: 768px) 100vw, 768px\" \/><\/a><\/figure><\/li><li class=\"blocks-gallery-item\"><figure><a href=\"https:\/\/patrimoineduquebec.com\/GaresduQuebec\/wp-content\/uploads\/2019\/10\/gare-de-compton-stantstead-3120-chemin-smith-G\u00e9rald-Arbour-N3-768x1024.jpg\"><img loading=\"lazy\" decoding=\"async\" width=\"768\" height=\"1024\" src=\"https:\/\/patrimoineduquebec.com\/GaresduQuebec\/wp-content\/uploads\/2019\/10\/gare-de-compton-stantstead-3120-chemin-smith-G\u00e9rald-Arbour-N3-768x1024.jpg\" alt=\"\" data-id=\"1375\" data-link=\"https:\/\/patrimoineduquebec.com\/GaresduQuebec\/stanstead\/gare-de-compton-stantstead-3120-chemin-smith-gerald-arbour-n3\/\" class=\"wp-image-1375\" srcset=\"https:\/\/patrimoineduquebec.com\/GaresduQuebec\/wp-content\/uploads\/2019\/10\/gare-de-compton-stantstead-3120-chemin-smith-G\u00e9rald-Arbour-N3-768x1024.jpg 768w, https:\/\/patrimoineduquebec.com\/GaresduQuebec\/wp-content\/uploads\/2019\/10\/gare-de-compton-stantstead-3120-chemin-smith-G\u00e9rald-Arbour-N3-225x300.jpg 225w\" sizes=\"auto, (max-width: 768px) 100vw, 768px\" \/><\/a><\/figure><\/li><li class=\"blocks-gallery-item\"><figure><a href=\"https:\/\/patrimoineduquebec.com\/GaresduQuebec\/wp-content\/uploads\/2019\/10\/gare-de-compton-stantstead-3120-chemin-smith-G\u00e9rald-Arbour-N2-768x1024.jpg\"><img loading=\"lazy\" decoding=\"async\" width=\"768\" height=\"1024\" src=\"https:\/\/patrimoineduquebec.com\/GaresduQuebec\/wp-content\/uploads\/2019\/10\/gare-de-compton-stantstead-3120-chemin-smith-G\u00e9rald-Arbour-N2-768x1024.jpg\" alt=\"\" data-id=\"1376\" data-link=\"https:\/\/patrimoineduquebec.com\/GaresduQuebec\/stanstead\/gare-de-compton-stantstead-3120-chemin-smith-gerald-arbour-n2\/\" class=\"wp-image-1376\" srcset=\"https:\/\/patrimoineduquebec.com\/GaresduQuebec\/wp-content\/uploads\/2019\/10\/gare-de-compton-stantstead-3120-chemin-smith-G\u00e9rald-Arbour-N2-768x1024.jpg 768w, https:\/\/patrimoineduquebec.com\/GaresduQuebec\/wp-content\/uploads\/2019\/10\/gare-de-compton-stantstead-3120-chemin-smith-G\u00e9rald-Arbour-N2-225x300.jpg 225w\" sizes=\"auto, (max-width: 768px) 100vw, 768px\" \/><\/a><\/figure><\/li><li class=\"blocks-gallery-item\"><figure><a href=\"https:\/\/patrimoineduquebec.com\/GaresduQuebec\/wp-content\/uploads\/2019\/10\/D-gare-de-compton-parkscanadahistory.com-2.png\"><img loading=\"lazy\" decoding=\"async\" width=\"541\" height=\"330\" src=\"https:\/\/patrimoineduquebec.com\/GaresduQuebec\/wp-content\/uploads\/2019\/10\/D-gare-de-compton-parkscanadahistory.com-2.png\" alt=\"\" data-id=\"1703\" data-link=\"https:\/\/patrimoineduquebec.com\/GaresduQuebec\/stanstead\/d-gare-de-compton-parkscanadahistory-com-2\/\" class=\"wp-image-1703\" srcset=\"https:\/\/patrimoineduquebec.com\/GaresduQuebec\/wp-content\/uploads\/2019\/10\/D-gare-de-compton-parkscanadahistory.com-2.png 541w, https:\/\/patrimoineduquebec.com\/GaresduQuebec\/wp-content\/uploads\/2019\/10\/D-gare-de-compton-parkscanadahistory.com-2-300x183.png 300w\" sizes=\"auto, (max-width: 541px) 100vw, 541px\" \/><\/a><figcaption>Parks Canada<\/figcaption><\/figure><\/li><\/ul>\n","protected":false},"excerpt":{"rendered":"<p>Gare de Compton HISTOIRE : Construite \u00e0 Compton vers 1900 par le&nbsp;Grand Tronc&nbsp;au tournant du si\u00e8cle dernier, cette gare fut d\u00e9m\u00e9nag\u00e9e sur le site actuel, \u00e0 Stanstead-Est, il y a quelques ann\u00e9es, apr\u00e8s que le service aux voyageurs a \u00e9t\u00e9 interrompu dans les ann\u00e9es 1970. Elle est maintenant devenue une r\u00e9sidence priv\u00e9e. DESCRIPTION : Gare [&hellip;]<\/p>\n","protected":false},"author":1,"featured_media":0,"parent":0,"menu_order":0,"comment_status":"closed","ping_status":"closed","template":"","meta":{"footnotes":""},"class_list":["post-1369","page","type-page","status-publish","hentry"],"_links":{"self":[{"href":"https:\/\/patrimoineduquebec.com\/GaresduQuebec\/wp-json\/wp\/v2\/pages\/1369","targetHints":{"allow":["GET"]}}],"collection":[{"href":"https:\/\/patrimoineduquebec.com\/GaresduQuebec\/wp-json\/wp\/v2\/pages"}],"about":[{"href":"https:\/\/patrimoineduquebec.com\/GaresduQuebec\/wp-json\/wp\/v2\/types\/page"}],"author":[{"embeddable":true,"href":"https:\/\/patrimoineduquebec.com\/GaresduQuebec\/wp-json\/wp\/v2\/users\/1"}],"replies":[{"embeddable":true,"href":"https:\/\/patrimoineduquebec.com\/GaresduQuebec\/wp-json\/wp\/v2\/comments?post=1369"}],"version-history":[{"count":4,"href":"https:\/\/patrimoineduquebec.com\/GaresduQuebec\/wp-json\/wp\/v2\/pages\/1369\/revisions"}],"predecessor-version":[{"id":1706,"href":"https:\/\/patrimoineduquebec.com\/GaresduQuebec\/wp-json\/wp\/v2\/pages\/1369\/revisions\/1706"}],"wp:attachment":[{"href":"https:\/\/patrimoineduquebec.com\/GaresduQuebec\/wp-json\/wp\/v2\/media?parent=1369"}],"curies":[{"name":"wp","href":"https:\/\/api.w.org\/{rel}","templated":true}]}}