{"id":1307,"date":"2019-10-05T13:11:52","date_gmt":"2019-10-05T13:11:52","guid":{"rendered":"https:\/\/patrimoineduquebec.com\/GaresduQuebec\/?page_id=1307"},"modified":"2019-10-12T14:48:22","modified_gmt":"2019-10-12T14:48:22","slug":"saguenay","status":"publish","type":"page","link":"https:\/\/patrimoineduquebec.com\/GaresduQuebec\/saguenay\/","title":{"rendered":"Saguenay"},"content":{"rendered":"\n<p style=\"text-align:center\" class=\"has-medium-font-size\"><strong>Gare de Arvida<\/strong><\/p>\n\n\n\n<div class=\"wp-block-image\"><figure class=\"aligncenter\"><a href=\"https:\/\/patrimoineduquebec.com\/GaresduQuebec\/wp-content\/uploads\/2019\/10\/gare-saguenay-arvida-e-neuville-G\u00e9rald-Arbour-N1.jpeg\"><img loading=\"lazy\" decoding=\"async\" width=\"1024\" height=\"768\" src=\"https:\/\/patrimoineduquebec.com\/GaresduQuebec\/wp-content\/uploads\/2019\/10\/gare-saguenay-arvida-e-neuville-G\u00e9rald-Arbour-N1-1024x768.jpeg\" alt=\"\" class=\"wp-image-1308\" srcset=\"https:\/\/patrimoineduquebec.com\/GaresduQuebec\/wp-content\/uploads\/2019\/10\/gare-saguenay-arvida-e-neuville-G\u00e9rald-Arbour-N1-1024x768.jpeg 1024w, https:\/\/patrimoineduquebec.com\/GaresduQuebec\/wp-content\/uploads\/2019\/10\/gare-saguenay-arvida-e-neuville-G\u00e9rald-Arbour-N1-300x225.jpeg 300w, https:\/\/patrimoineduquebec.com\/GaresduQuebec\/wp-content\/uploads\/2019\/10\/gare-saguenay-arvida-e-neuville-G\u00e9rald-Arbour-N1-768x576.jpeg 768w\" sizes=\"auto, (max-width: 1024px) 100vw, 1024px\" \/><\/a><\/figure><\/div>\n\n\n\n<p><strong>Informations :<\/strong><\/p>\n\n\n\n<p>Pr\u00e9vue dans le plan du centre-ville r\u00e9alis\u00e9 par l\u2019architecte Harry Beardslee Brainerd, la gare d\u2019Arvida, plac\u00e9e \u00e0 l\u2019une de ses extr\u00e9mit\u00e9s, se veut imposante et monumentale. Bien que construite \u00e0 l\u2019endroit d\u00e9sign\u00e9 selon le plan, la gare d\u2019Arvida s&rsquo;av\u00e8re beaucoup moins imposante que pr\u00e9vu. En 1927, le Progr\u00e8s du Saguenay annonce la construction de la gare d\u2019Arvida. Cette derni\u00e8re est \u00e9galement fich\u00e9e dans les documents d\u2019Alcoa. La gare pr\u00e9sente une architecture typique des gares ferroviaires construites par le Canadien National au d\u00e9but du XXe si\u00e8cle.<\/p>\n\n\n\n<p>Inaugur\u00e9 le 7 juillet 1927, le b\u00e2timent est de forme rectangulaire, construit en briques rouges et recouvert d\u2019un toit \u00e0 croupes dont les larmiers d\u00e9bordent au-del\u00e0 des murs afin de prot\u00e9ger les voyageurs des intemp\u00e9ries. La partie la plus fen\u00eatr\u00e9e accueille les passagers, tandis que les bagages et les marchandises transitent par la partie gauche. L\u2019ann\u00e9e 1974 marque la fermeture d\u00e9finitive de la gare d\u2019Arvida. Elle est aujourd\u2019hui occup\u00e9e par la R\u00e9sidence fun\u00e9raire du Saguenay.<\/p>\n\n\n\n<p class=\"has-text-color has-vivid-cyan-blue-color\">Source : <a href=\"https:\/\/baladodecouverte.com\/circuits\/764\/poi\/8754\/l-ancienne-gare-du-cn\" target=\"_blank\" rel=\"noreferrer noopener\" aria-label=\"baladod\u00e9couverte (s\u2019ouvre dans un nouvel onglet)\">baladod\u00e9couverte<\/a><\/p>\n\n\n\n<p>Photos : G\u00e9rald Arbour<\/p>\n\n\n\n<ul class=\"wp-block-gallery columns-3 is-cropped wp-block-gallery-1 is-layout-flex wp-block-gallery-is-layout-flex\"><li class=\"blocks-gallery-item\"><figure><a href=\"https:\/\/patrimoineduquebec.com\/GaresduQuebec\/wp-content\/uploads\/2019\/10\/gare-saguenay-arvida-e-neuville-G\u00e9rald-Arbour-N5-1024x768.jpeg\"><img loading=\"lazy\" decoding=\"async\" width=\"1024\" height=\"768\" src=\"https:\/\/patrimoineduquebec.com\/GaresduQuebec\/wp-content\/uploads\/2019\/10\/gare-saguenay-arvida-e-neuville-G\u00e9rald-Arbour-N5-1024x768.jpeg\" alt=\"\" data-id=\"1310\" data-link=\"https:\/\/patrimoineduquebec.com\/GaresduQuebec\/saguenay\/gare-saguenay-arvida-e-neuville-gerald-arbour-n5\/\" class=\"wp-image-1310\" srcset=\"https:\/\/patrimoineduquebec.com\/GaresduQuebec\/wp-content\/uploads\/2019\/10\/gare-saguenay-arvida-e-neuville-G\u00e9rald-Arbour-N5-1024x768.jpeg 1024w, https:\/\/patrimoineduquebec.com\/GaresduQuebec\/wp-content\/uploads\/2019\/10\/gare-saguenay-arvida-e-neuville-G\u00e9rald-Arbour-N5-300x225.jpeg 300w, https:\/\/patrimoineduquebec.com\/GaresduQuebec\/wp-content\/uploads\/2019\/10\/gare-saguenay-arvida-e-neuville-G\u00e9rald-Arbour-N5-768x576.jpeg 768w\" sizes=\"auto, (max-width: 1024px) 100vw, 1024px\" \/><\/a><\/figure><\/li><li class=\"blocks-gallery-item\"><figure><a href=\"https:\/\/patrimoineduquebec.com\/GaresduQuebec\/wp-content\/uploads\/2019\/10\/gare-saguenay-arvida-e-neuville-G\u00e9rald-Arbour-N3-1024x768.jpeg\"><img loading=\"lazy\" decoding=\"async\" width=\"1024\" height=\"768\" src=\"https:\/\/patrimoineduquebec.com\/GaresduQuebec\/wp-content\/uploads\/2019\/10\/gare-saguenay-arvida-e-neuville-G\u00e9rald-Arbour-N3-1024x768.jpeg\" alt=\"\" data-id=\"1311\" data-link=\"https:\/\/patrimoineduquebec.com\/GaresduQuebec\/saguenay\/gare-saguenay-arvida-e-neuville-gerald-arbour-n3\/\" class=\"wp-image-1311\" srcset=\"https:\/\/patrimoineduquebec.com\/GaresduQuebec\/wp-content\/uploads\/2019\/10\/gare-saguenay-arvida-e-neuville-G\u00e9rald-Arbour-N3-1024x768.jpeg 1024w, https:\/\/patrimoineduquebec.com\/GaresduQuebec\/wp-content\/uploads\/2019\/10\/gare-saguenay-arvida-e-neuville-G\u00e9rald-Arbour-N3-300x225.jpeg 300w, https:\/\/patrimoineduquebec.com\/GaresduQuebec\/wp-content\/uploads\/2019\/10\/gare-saguenay-arvida-e-neuville-G\u00e9rald-Arbour-N3-768x576.jpeg 768w\" sizes=\"auto, (max-width: 1024px) 100vw, 1024px\" \/><\/a><\/figure><\/li><li class=\"blocks-gallery-item\"><figure><a href=\"https:\/\/patrimoineduquebec.com\/GaresduQuebec\/wp-content\/uploads\/2019\/10\/gare-saguenay-arvida-e-neuville-G\u00e9rald-Arbour-N7-1024x768.jpeg\"><img loading=\"lazy\" decoding=\"async\" width=\"1024\" height=\"768\" src=\"https:\/\/patrimoineduquebec.com\/GaresduQuebec\/wp-content\/uploads\/2019\/10\/gare-saguenay-arvida-e-neuville-G\u00e9rald-Arbour-N7-1024x768.jpeg\" alt=\"\" data-id=\"1314\" data-link=\"https:\/\/patrimoineduquebec.com\/GaresduQuebec\/saguenay\/gare-saguenay-arvida-e-neuville-gerald-arbour-n7\/\" class=\"wp-image-1314\" srcset=\"https:\/\/patrimoineduquebec.com\/GaresduQuebec\/wp-content\/uploads\/2019\/10\/gare-saguenay-arvida-e-neuville-G\u00e9rald-Arbour-N7-1024x768.jpeg 1024w, https:\/\/patrimoineduquebec.com\/GaresduQuebec\/wp-content\/uploads\/2019\/10\/gare-saguenay-arvida-e-neuville-G\u00e9rald-Arbour-N7-300x225.jpeg 300w, https:\/\/patrimoineduquebec.com\/GaresduQuebec\/wp-content\/uploads\/2019\/10\/gare-saguenay-arvida-e-neuville-G\u00e9rald-Arbour-N7-768x576.jpeg 768w\" sizes=\"auto, (max-width: 1024px) 100vw, 1024px\" \/><\/a><\/figure><\/li><li class=\"blocks-gallery-item\"><figure><a href=\"https:\/\/patrimoineduquebec.com\/GaresduQuebec\/wp-content\/uploads\/2019\/10\/Capture-d\u2019\u00e9cran-le-2019-10-08-\u00e0-15.38.58.png\"><img loading=\"lazy\" decoding=\"async\" width=\"845\" height=\"544\" src=\"https:\/\/patrimoineduquebec.com\/GaresduQuebec\/wp-content\/uploads\/2019\/10\/Capture-d\u2019\u00e9cran-le-2019-10-08-\u00e0-15.38.58.png\" alt=\"\" data-id=\"1552\" data-link=\"https:\/\/patrimoineduquebec.com\/GaresduQuebec\/saguenay\/capture-decran-le-2019-10-08-a-15-38-58\/\" class=\"wp-image-1552\" srcset=\"https:\/\/patrimoineduquebec.com\/GaresduQuebec\/wp-content\/uploads\/2019\/10\/Capture-d\u2019\u00e9cran-le-2019-10-08-\u00e0-15.38.58.png 845w, https:\/\/patrimoineduquebec.com\/GaresduQuebec\/wp-content\/uploads\/2019\/10\/Capture-d\u2019\u00e9cran-le-2019-10-08-\u00e0-15.38.58-300x193.png 300w, https:\/\/patrimoineduquebec.com\/GaresduQuebec\/wp-content\/uploads\/2019\/10\/Capture-d\u2019\u00e9cran-le-2019-10-08-\u00e0-15.38.58-768x494.png 768w\" sizes=\"auto, (max-width: 845px) 100vw, 845px\" \/><\/a><figcaption>Centre d&rsquo;histoire Sir-William-Price. C0-047<\/figcaption><\/figure><\/li><li class=\"blocks-gallery-item\"><figure><a href=\"https:\/\/patrimoineduquebec.com\/GaresduQuebec\/wp-content\/uploads\/2019\/10\/2636027-2.jpeg\"><img loading=\"lazy\" decoding=\"async\" width=\"1006\" height=\"649\" src=\"https:\/\/patrimoineduquebec.com\/GaresduQuebec\/wp-content\/uploads\/2019\/10\/2636027-2.jpeg\" alt=\"\" data-id=\"1674\" data-link=\"https:\/\/patrimoineduquebec.com\/GaresduQuebec\/saguenay\/2636027-2\/\" class=\"wp-image-1674\" srcset=\"https:\/\/patrimoineduquebec.com\/GaresduQuebec\/wp-content\/uploads\/2019\/10\/2636027-2.jpeg 1006w, https:\/\/patrimoineduquebec.com\/GaresduQuebec\/wp-content\/uploads\/2019\/10\/2636027-2-300x194.jpeg 300w, https:\/\/patrimoineduquebec.com\/GaresduQuebec\/wp-content\/uploads\/2019\/10\/2636027-2-768x495.jpeg 768w\" sizes=\"auto, (max-width: 1006px) 100vw, 1006px\" \/><\/a><figcaption>BAnQ (CP75CON)<\/figcaption><\/figure><\/li><\/ul>\n","protected":false},"excerpt":{"rendered":"<p>Gare de Arvida Informations : Pr\u00e9vue dans le plan du centre-ville r\u00e9alis\u00e9 par l\u2019architecte Harry Beardslee Brainerd, la gare d\u2019Arvida, plac\u00e9e \u00e0 l\u2019une de ses extr\u00e9mit\u00e9s, se veut imposante et monumentale. Bien que construite \u00e0 l\u2019endroit d\u00e9sign\u00e9 selon le plan, la gare d\u2019Arvida s&rsquo;av\u00e8re beaucoup moins imposante que pr\u00e9vu. En 1927, le Progr\u00e8s du Saguenay [&hellip;]<\/p>\n","protected":false},"author":1,"featured_media":0,"parent":0,"menu_order":0,"comment_status":"closed","ping_status":"closed","template":"","meta":{"footnotes":""},"class_list":["post-1307","page","type-page","status-publish","hentry"],"_links":{"self":[{"href":"https:\/\/patrimoineduquebec.com\/GaresduQuebec\/wp-json\/wp\/v2\/pages\/1307","targetHints":{"allow":["GET"]}}],"collection":[{"href":"https:\/\/patrimoineduquebec.com\/GaresduQuebec\/wp-json\/wp\/v2\/pages"}],"about":[{"href":"https:\/\/patrimoineduquebec.com\/GaresduQuebec\/wp-json\/wp\/v2\/types\/page"}],"author":[{"embeddable":true,"href":"https:\/\/patrimoineduquebec.com\/GaresduQuebec\/wp-json\/wp\/v2\/users\/1"}],"replies":[{"embeddable":true,"href":"https:\/\/patrimoineduquebec.com\/GaresduQuebec\/wp-json\/wp\/v2\/comments?post=1307"}],"version-history":[{"count":6,"href":"https:\/\/patrimoineduquebec.com\/GaresduQuebec\/wp-json\/wp\/v2\/pages\/1307\/revisions"}],"predecessor-version":[{"id":1675,"href":"https:\/\/patrimoineduquebec.com\/GaresduQuebec\/wp-json\/wp\/v2\/pages\/1307\/revisions\/1675"}],"wp:attachment":[{"href":"https:\/\/patrimoineduquebec.com\/GaresduQuebec\/wp-json\/wp\/v2\/media?parent=1307"}],"curies":[{"name":"wp","href":"https:\/\/api.w.org\/{rel}","templated":true}]}}