{"id":1266,"date":"2019-10-04T22:02:21","date_gmt":"2019-10-04T22:02:21","guid":{"rendered":"https:\/\/patrimoineduquebec.com\/GaresduQuebec\/?page_id=1266"},"modified":"2019-10-08T19:24:01","modified_gmt":"2019-10-08T19:24:01","slug":"la-tuque-3","status":"publish","type":"page","link":"https:\/\/patrimoineduquebec.com\/GaresduQuebec\/la-tuque-3\/","title":{"rendered":"La Tuque"},"content":{"rendered":"\n<p style=\"text-align:center\" class=\"has-medium-font-size\"><strong>Gare de Parent<\/strong><\/p>\n\n\n\n<div class=\"wp-block-image\"><figure class=\"aligncenter\"><a href=\"https:\/\/patrimoineduquebec.com\/GaresduQuebec\/wp-content\/uploads\/2019\/10\/Gare-de-Parent.jpeg\"><img loading=\"lazy\" decoding=\"async\" width=\"1024\" height=\"768\" src=\"https:\/\/patrimoineduquebec.com\/GaresduQuebec\/wp-content\/uploads\/2019\/10\/Gare-de-Parent-1024x768.jpeg\" alt=\"\" class=\"wp-image-1267\" srcset=\"https:\/\/patrimoineduquebec.com\/GaresduQuebec\/wp-content\/uploads\/2019\/10\/Gare-de-Parent-1024x768.jpeg 1024w, https:\/\/patrimoineduquebec.com\/GaresduQuebec\/wp-content\/uploads\/2019\/10\/Gare-de-Parent-300x225.jpeg 300w, https:\/\/patrimoineduquebec.com\/GaresduQuebec\/wp-content\/uploads\/2019\/10\/Gare-de-Parent-768x576.jpeg 768w\" sizes=\"auto, (max-width: 1024px) 100vw, 1024px\" \/><\/a><\/figure><\/div>\n\n\n\n<p><strong>Un peu d&rsquo;histoire:<\/strong><\/p>\n\n\n\n<p>Bien que ce soit vers les ann\u00e9es 1900 que l\u2019on voit arriver les premiers pionniers, Parent doit sa naissance \u00e0 la construction du chemin de fer national transcontinental, d\u00e9but\u00e9e en 1908 ; c\u2019est en 1913 qu\u2019on salua l\u2019arriv\u00e9e du premier train. Parent devint, pour un temps, le terminal principal du lien ferroviaire entre Qu\u00e9bec et Cochrane, en&nbsp;<a href=\"http:\/\/grandquebec.com\/quebec-et-monde\/ontario\/\">Ontario<\/a>. Selon la l\u00e9gende, plus d\u2019un travailleur a ruin\u00e9 sa sant\u00e9 ou m\u00eame laiss\u00e9 sa vie \u00e0 la construction de la voie ferr\u00e9e. Le travail se r\u00e9v\u00e9lait si p\u00e9nible que l\u2019on soutenait que le cadavre d\u2019un ouvrier servait ici et l\u00e0 de ballast aux rails!<\/p>\n\n\n\n<p>Le nom m\u00eame de Parent, attribu\u00e9 \u00e0 la municipalit\u00e9 \u00e9rig\u00e9e en 1947, est en \u00e9troite relation avec le monde ferroviaire puisqu\u2019il avait d\u2019abord \u00e9t\u00e9 retenu pour la station de chemin de fer. Il rappelle le souvenir de Simon-Napol\u00e9on Parent qui, \u00e0 cette \u00e9poque, \u00e9tait \u00e0 la fois maire de Qu\u00e9bec, pr\u00e9sident de la<em>\u00a0Commission du chemin de fer Transcontinental\u00a0<\/em>et premier ministre du Qu\u00e9bec.<\/p>\n\n\n\n<p class=\"has-text-color has-vivid-cyan-blue-color\">Sourc<a href=\"http:\/\/grandquebec.com\/mauricie\/secteur-parent\/\" target=\"_blank\" rel=\"noreferrer noopener\" aria-label=\"e : GrandQu\u00e9bec (s\u2019ouvre dans un nouvel onglet)\">e : GrandQu\u00e9bec<\/a><\/p>\n\n\n\n<p>Photos : G\u00e9rald Arbour<\/p>\n\n\n\n<ul class=\"wp-block-gallery columns-3 is-cropped wp-block-gallery-1 is-layout-flex wp-block-gallery-is-layout-flex\"><li class=\"blocks-gallery-item\"><figure><a href=\"https:\/\/patrimoineduquebec.com\/GaresduQuebec\/wp-content\/uploads\/2019\/10\/Parent-18-1024x768.jpeg\"><img loading=\"lazy\" decoding=\"async\" width=\"1024\" height=\"768\" src=\"https:\/\/patrimoineduquebec.com\/GaresduQuebec\/wp-content\/uploads\/2019\/10\/Parent-18-1024x768.jpeg\" alt=\"\" data-id=\"1268\" data-link=\"https:\/\/patrimoineduquebec.com\/GaresduQuebec\/la-tuque-3\/parent-18\/\" class=\"wp-image-1268\" srcset=\"https:\/\/patrimoineduquebec.com\/GaresduQuebec\/wp-content\/uploads\/2019\/10\/Parent-18-1024x768.jpeg 1024w, https:\/\/patrimoineduquebec.com\/GaresduQuebec\/wp-content\/uploads\/2019\/10\/Parent-18-300x225.jpeg 300w, https:\/\/patrimoineduquebec.com\/GaresduQuebec\/wp-content\/uploads\/2019\/10\/Parent-18-768x576.jpeg 768w\" sizes=\"auto, (max-width: 1024px) 100vw, 1024px\" \/><\/a><\/figure><\/li><li class=\"blocks-gallery-item\"><figure><a href=\"https:\/\/patrimoineduquebec.com\/GaresduQuebec\/wp-content\/uploads\/2019\/10\/Parent-20-1024x768.jpg\"><img loading=\"lazy\" decoding=\"async\" width=\"1024\" height=\"768\" src=\"https:\/\/patrimoineduquebec.com\/GaresduQuebec\/wp-content\/uploads\/2019\/10\/Parent-20-1024x768.jpg\" alt=\"\" data-id=\"1269\" data-link=\"https:\/\/patrimoineduquebec.com\/GaresduQuebec\/la-tuque-3\/parent-20\/\" class=\"wp-image-1269\" srcset=\"https:\/\/patrimoineduquebec.com\/GaresduQuebec\/wp-content\/uploads\/2019\/10\/Parent-20-1024x768.jpg 1024w, https:\/\/patrimoineduquebec.com\/GaresduQuebec\/wp-content\/uploads\/2019\/10\/Parent-20-300x225.jpg 300w, https:\/\/patrimoineduquebec.com\/GaresduQuebec\/wp-content\/uploads\/2019\/10\/Parent-20-768x576.jpg 768w\" sizes=\"auto, (max-width: 1024px) 100vw, 1024px\" \/><\/a><\/figure><\/li><li class=\"blocks-gallery-item\"><figure><a href=\"https:\/\/patrimoineduquebec.com\/GaresduQuebec\/wp-content\/uploads\/2019\/10\/Parent-19-1024x768.jpeg\"><img loading=\"lazy\" decoding=\"async\" width=\"1024\" height=\"768\" src=\"https:\/\/patrimoineduquebec.com\/GaresduQuebec\/wp-content\/uploads\/2019\/10\/Parent-19-1024x768.jpeg\" alt=\"\" data-id=\"1270\" data-link=\"https:\/\/patrimoineduquebec.com\/GaresduQuebec\/la-tuque-3\/parent-19\/\" class=\"wp-image-1270\" srcset=\"https:\/\/patrimoineduquebec.com\/GaresduQuebec\/wp-content\/uploads\/2019\/10\/Parent-19-1024x768.jpeg 1024w, https:\/\/patrimoineduquebec.com\/GaresduQuebec\/wp-content\/uploads\/2019\/10\/Parent-19-300x225.jpeg 300w, https:\/\/patrimoineduquebec.com\/GaresduQuebec\/wp-content\/uploads\/2019\/10\/Parent-19-768x576.jpeg 768w\" sizes=\"auto, (max-width: 1024px) 100vw, 1024px\" \/><\/a><\/figure><\/li><li class=\"blocks-gallery-item\"><figure><a href=\"https:\/\/patrimoineduquebec.com\/GaresduQuebec\/wp-content\/uploads\/2019\/10\/2636038-1024x647.jpeg\"><img loading=\"lazy\" decoding=\"async\" width=\"1024\" height=\"647\" src=\"https:\/\/patrimoineduquebec.com\/GaresduQuebec\/wp-content\/uploads\/2019\/10\/2636038-1024x647.jpeg\" alt=\"\" data-id=\"1402\" data-link=\"https:\/\/patrimoineduquebec.com\/GaresduQuebec\/la-tuque-3\/attachment\/2636038\/\" class=\"wp-image-1402\" srcset=\"https:\/\/patrimoineduquebec.com\/GaresduQuebec\/wp-content\/uploads\/2019\/10\/2636038.jpeg 1024w, https:\/\/patrimoineduquebec.com\/GaresduQuebec\/wp-content\/uploads\/2019\/10\/2636038-300x190.jpeg 300w, https:\/\/patrimoineduquebec.com\/GaresduQuebec\/wp-content\/uploads\/2019\/10\/2636038-768x485.jpeg 768w\" sizes=\"auto, (max-width: 1024px) 100vw, 1024px\" \/><\/a><figcaption>BAnQ (CP6998CON)<\/figcaption><\/figure><\/li><li class=\"blocks-gallery-item\"><figure><a href=\"https:\/\/patrimoineduquebec.com\/GaresduQuebec\/wp-content\/uploads\/2019\/10\/2635030-1024x654.jpeg\"><img loading=\"lazy\" decoding=\"async\" width=\"1024\" height=\"654\" src=\"https:\/\/patrimoineduquebec.com\/GaresduQuebec\/wp-content\/uploads\/2019\/10\/2635030-1024x654.jpeg\" alt=\"\" data-id=\"1403\" data-link=\"https:\/\/patrimoineduquebec.com\/GaresduQuebec\/la-tuque-3\/attachment\/2635030\/\" class=\"wp-image-1403\" srcset=\"https:\/\/patrimoineduquebec.com\/GaresduQuebec\/wp-content\/uploads\/2019\/10\/2635030.jpeg 1024w, https:\/\/patrimoineduquebec.com\/GaresduQuebec\/wp-content\/uploads\/2019\/10\/2635030-300x192.jpeg 300w, https:\/\/patrimoineduquebec.com\/GaresduQuebec\/wp-content\/uploads\/2019\/10\/2635030-768x491.jpeg 768w\" sizes=\"auto, (max-width: 1024px) 100vw, 1024px\" \/><\/a><figcaption>BAnQ (CP7000CON)<\/figcaption><\/figure><\/li><li class=\"blocks-gallery-item\"><figure><a href=\"https:\/\/patrimoineduquebec.com\/GaresduQuebec\/wp-content\/uploads\/2019\/10\/banq-gare-de-parent-1927.jpeg\"><img loading=\"lazy\" decoding=\"async\" width=\"948\" height=\"764\" src=\"https:\/\/patrimoineduquebec.com\/GaresduQuebec\/wp-content\/uploads\/2019\/10\/banq-gare-de-parent-1927.jpeg\" alt=\"\" data-id=\"1437\" data-link=\"https:\/\/patrimoineduquebec.com\/GaresduQuebec\/la-tuque-3\/banq-gare-de-parent-1927\/\" class=\"wp-image-1437\" srcset=\"https:\/\/patrimoineduquebec.com\/GaresduQuebec\/wp-content\/uploads\/2019\/10\/banq-gare-de-parent-1927.jpeg 948w, https:\/\/patrimoineduquebec.com\/GaresduQuebec\/wp-content\/uploads\/2019\/10\/banq-gare-de-parent-1927-300x242.jpeg 300w, https:\/\/patrimoineduquebec.com\/GaresduQuebec\/wp-content\/uploads\/2019\/10\/banq-gare-de-parent-1927-768x619.jpeg 768w\" sizes=\"auto, (max-width: 948px) 100vw, 948px\" \/><\/a><figcaption>BAnQ (03Q,P600,S4,SS3,P641-396)<\/figcaption><\/figure><\/li><\/ul>\n","protected":false},"excerpt":{"rendered":"<p>Gare de Parent Un peu d&rsquo;histoire: Bien que ce soit vers les ann\u00e9es 1900 que l\u2019on voit arriver les premiers pionniers, Parent doit sa naissance \u00e0 la construction du chemin de fer national transcontinental, d\u00e9but\u00e9e en 1908 ; c\u2019est en 1913 qu\u2019on salua l\u2019arriv\u00e9e du premier train. Parent devint, pour un temps, le terminal principal [&hellip;]<\/p>\n","protected":false},"author":1,"featured_media":0,"parent":0,"menu_order":0,"comment_status":"closed","ping_status":"closed","template":"","meta":{"footnotes":""},"class_list":["post-1266","page","type-page","status-publish","hentry"],"_links":{"self":[{"href":"https:\/\/patrimoineduquebec.com\/GaresduQuebec\/wp-json\/wp\/v2\/pages\/1266","targetHints":{"allow":["GET"]}}],"collection":[{"href":"https:\/\/patrimoineduquebec.com\/GaresduQuebec\/wp-json\/wp\/v2\/pages"}],"about":[{"href":"https:\/\/patrimoineduquebec.com\/GaresduQuebec\/wp-json\/wp\/v2\/types\/page"}],"author":[{"embeddable":true,"href":"https:\/\/patrimoineduquebec.com\/GaresduQuebec\/wp-json\/wp\/v2\/users\/1"}],"replies":[{"embeddable":true,"href":"https:\/\/patrimoineduquebec.com\/GaresduQuebec\/wp-json\/wp\/v2\/comments?post=1266"}],"version-history":[{"count":5,"href":"https:\/\/patrimoineduquebec.com\/GaresduQuebec\/wp-json\/wp\/v2\/pages\/1266\/revisions"}],"predecessor-version":[{"id":1551,"href":"https:\/\/patrimoineduquebec.com\/GaresduQuebec\/wp-json\/wp\/v2\/pages\/1266\/revisions\/1551"}],"wp:attachment":[{"href":"https:\/\/patrimoineduquebec.com\/GaresduQuebec\/wp-json\/wp\/v2\/media?parent=1266"}],"curies":[{"name":"wp","href":"https:\/\/api.w.org\/{rel}","templated":true}]}}